{"id":178443,"date":"2024-12-06T14:54:00","date_gmt":"2024-12-06T14:54:00","guid":{"rendered":"https:\/\/stgcsunitec.wpenginepowered.com\/product\/jp901-sierra-alternativa-neumatica\/"},"modified":"2024-12-06T14:54:00","modified_gmt":"2024-12-06T19:54:00","slug":"jp901-sierra-alternativa-neumatica","status":"publish","type":"product","link":"https:\/\/csunitec.com\/es\/producto\/jp901-sierra-alternativa-neumatica\/","title":{"rendered":"JP901 Sierra alternativa neum\u00e1tica"},"content":{"rendered":"<ul>\n<li>El JP901 tiene certificaci\u00f3n ATEX para entornos peligrosos, lo que lo hace seguro para su uso en zonas con riesgo de explosi\u00f3n, como refiner\u00edas, plantas qu\u00edmicas, plataformas marinas e instalaciones de gas.<\/li>\n<li>Corta fibra de vidrio, metal de calibre ligero y tablero de fibras. Ideal para entornos de reparaci\u00f3n y construcci\u00f3n. <\/li>\n<li>Adecuado para cortar tubos, soportes, fijaciones y componentes estructurales en espacios reducidos o inc\u00f3modos.<\/li>\n<li>Utilizado por constructores de barcos y en la construcci\u00f3n y reparaci\u00f3n de carrocer\u00edas de coches, autobuses y camiones<\/li>\n<li>Ideal para cortar tuber\u00edas de acero, revestimientos y estructuras met\u00e1licas durante la instalaci\u00f3n, reparaci\u00f3n y respuesta a emergencias.<\/li>\n<li>Utilizado por las cuadrillas de agua, gas y servicios mec\u00e1nicos para cortar tuber\u00edas, pernos, soportes y componentes estructurales.<\/li>\n<\/ul>\n","protected":false},"excerpt":{"rendered":"<ul class=\"alexcss\">\n<li>Golpes por minuto: 10.000<\/li>\n<li>Longitud de la carrera: 3\/8&#8243;<\/li>\n<li>Conexi\u00f3n: 1\/2&#8243; NPT (ID)<\/li>\n<li>Potencia del motor: 1 CV<\/li>\n<li>Consumo de aire: 4 CFM @ 90 PSI<\/li>\n<\/ul>\n","protected":false},"featured_media":166825,"template":"","meta":[],"product_brand":[],"product_cat":[1043],"product_tag":[973,1146],"accessory_type":[],"application":[1042],"hand_tool_type":[],"industry":[933],"material":[],"power_tool_type":[1145],"power_type":[972],"subcategory":[1147],"tool_type":[946],"class_list":{"0":"post-178443","1":"product","2":"type-product","3":"status-publish","4":"has-post-thumbnail","6":"product_cat-sierras","7":"product_tag-atex","8":"product_tag-sierras-alternativas-neumaticas","9":"application-corte-y-conformado","10":"industry-metalurgia-2","11":"power_tool_type-sierra-alternativa","12":"power_type-aire","13":"subcategory-sierras-de-sable","14":"tool_type-herramienta-electrica","16":"first","17":"instock","18":"shipping-taxable","19":"purchasable","20":"product-type-simple"},"yoast_head":"<!-- This site is optimized with the Yoast SEO plugin v27.5 - https:\/\/yoast.com\/product\/yoast-seo-wordpress\/ -->\n<title>JP901 Sierra alternativa neum\u00e1tica - CS Unitec<\/title>\n<meta name=\"description\" content=\"La JP901 es una sierra alternativa neum\u00e1tica con certificaci\u00f3n ATEX para el corte r\u00e1pido de fibra de vidrio, metal ligero y tablero de fibras. Dise\u00f1o ligero y de bajas vibraciones.\" \/>\n<meta name=\"robots\" content=\"index, follow, max-snippet:-1, max-image-preview:large, max-video-preview:-1\" \/>\n<link rel=\"canonical\" href=\"https:\/\/csunitec.com\/es\/producto\/jp901-sierra-alternativa-neumatica\/\" \/>\n<meta property=\"og:locale\" content=\"es_ES\" \/>\n<meta property=\"og:type\" content=\"article\" \/>\n<meta property=\"og:title\" content=\"JP901 Sierra alternativa neum\u00e1tica - CS Unitec\" \/>\n<meta property=\"og:description\" content=\"La JP901 es una sierra alternativa neum\u00e1tica con certificaci\u00f3n ATEX para el corte r\u00e1pido de fibra de vidrio, metal ligero y tablero de fibras. Dise\u00f1o ligero y de bajas vibraciones.\" \/>\n<meta property=\"og:url\" content=\"https:\/\/csunitec.com\/es\/producto\/jp901-sierra-alternativa-neumatica\/\" \/>\n<meta property=\"og:site_name\" content=\"CS Unitec\" \/>\n<meta property=\"article:modified_time\" content=\"2024-12-06T19:54:00+00:00\" \/>\n<meta property=\"og:image\" content=\"https:\/\/csunitec.com\/wp-content\/uploads\/2025\/04\/JP901-Main-Image-1000-x-1000-2-2-1.png\" \/>\n\t<meta property=\"og:image:width\" content=\"1000\" \/>\n\t<meta property=\"og:image:height\" content=\"1000\" \/>\n\t<meta property=\"og:image:type\" content=\"image\/png\" \/>\n<meta name=\"twitter:card\" content=\"summary_large_image\" \/>\n<meta name=\"twitter:label1\" content=\"Tiempo de lectura\" \/>\n\t<meta name=\"twitter:data1\" content=\"1 minuto\" \/>\n<script type=\"application\/ld+json\" class=\"yoast-schema-graph\">{\"@context\":\"https:\\\/\\\/schema.org\",\"@graph\":[{\"@type\":\"WebPage\",\"@id\":\"https:\\\/\\\/csunitec.com\\\/es\\\/producto\\\/jp901-sierra-alternativa-neumatica\\\/\",\"url\":\"https:\\\/\\\/csunitec.com\\\/es\\\/producto\\\/jp901-sierra-alternativa-neumatica\\\/\",\"name\":\"JP901 Sierra alternativa neum\u00e1tica - CS Unitec\",\"isPartOf\":{\"@id\":\"https:\\\/\\\/csunitec.com\\\/es\\\/#website\"},\"primaryImageOfPage\":{\"@id\":\"https:\\\/\\\/csunitec.com\\\/es\\\/producto\\\/jp901-sierra-alternativa-neumatica\\\/#primaryimage\"},\"image\":{\"@id\":\"https:\\\/\\\/csunitec.com\\\/es\\\/producto\\\/jp901-sierra-alternativa-neumatica\\\/#primaryimage\"},\"thumbnailUrl\":\"https:\\\/\\\/csunitec.com\\\/wp-content\\\/uploads\\\/2025\\\/04\\\/JP901-Main-Image-1000-x-1000-2-2-1.png\",\"datePublished\":\"2024-12-06T14:54:00+00:00\",\"dateModified\":\"2024-12-06T19:54:00+00:00\",\"description\":\"La JP901 es una sierra alternativa neum\u00e1tica con certificaci\u00f3n ATEX para el corte r\u00e1pido de fibra de vidrio, metal ligero y tablero de fibras. Dise\u00f1o ligero y de bajas vibraciones.\",\"breadcrumb\":{\"@id\":\"https:\\\/\\\/csunitec.com\\\/es\\\/producto\\\/jp901-sierra-alternativa-neumatica\\\/#breadcrumb\"},\"inLanguage\":\"es\",\"potentialAction\":[{\"@type\":\"ReadAction\",\"target\":[\"https:\\\/\\\/csunitec.com\\\/es\\\/producto\\\/jp901-sierra-alternativa-neumatica\\\/\"]}]},{\"@type\":\"ImageObject\",\"inLanguage\":\"es\",\"@id\":\"https:\\\/\\\/csunitec.com\\\/es\\\/producto\\\/jp901-sierra-alternativa-neumatica\\\/#primaryimage\",\"url\":\"https:\\\/\\\/csunitec.com\\\/wp-content\\\/uploads\\\/2025\\\/04\\\/JP901-Main-Image-1000-x-1000-2-2-1.png\",\"contentUrl\":\"https:\\\/\\\/csunitec.com\\\/wp-content\\\/uploads\\\/2025\\\/04\\\/JP901-Main-Image-1000-x-1000-2-2-1.png\",\"width\":1000,\"height\":1000},{\"@type\":\"BreadcrumbList\",\"@id\":\"https:\\\/\\\/csunitec.com\\\/es\\\/producto\\\/jp901-sierra-alternativa-neumatica\\\/#breadcrumb\",\"itemListElement\":[{\"@type\":\"ListItem\",\"position\":1,\"name\":\"Inicio\",\"item\":\"https:\\\/\\\/csunitec.com\\\/es\\\/\"},{\"@type\":\"ListItem\",\"position\":2,\"name\":\"Tienda\",\"item\":\"https:\\\/\\\/csunitec.com\\\/es\\\/tienda\\\/\"},{\"@type\":\"ListItem\",\"position\":3,\"name\":\"JP901 Sierra alternativa neum\u00e1tica\"}]},{\"@type\":\"WebSite\",\"@id\":\"https:\\\/\\\/csunitec.com\\\/es\\\/#website\",\"url\":\"https:\\\/\\\/csunitec.com\\\/es\\\/\",\"name\":\"CS Unitec\",\"description\":\"\",\"potentialAction\":[{\"@type\":\"SearchAction\",\"target\":{\"@type\":\"EntryPoint\",\"urlTemplate\":\"https:\\\/\\\/csunitec.com\\\/es\\\/?s={search_term_string}\"},\"query-input\":{\"@type\":\"PropertyValueSpecification\",\"valueRequired\":true,\"valueName\":\"search_term_string\"}}],\"inLanguage\":\"es\"}]}<\/script>\n<!-- \/ Yoast SEO plugin. -->","yoast_head_json":{"title":"JP901 Sierra alternativa neum\u00e1tica - CS Unitec","description":"La JP901 es una sierra alternativa neum\u00e1tica con certificaci\u00f3n ATEX para el corte r\u00e1pido de fibra de vidrio, metal ligero y tablero de fibras. Dise\u00f1o ligero y de bajas vibraciones.","robots":{"index":"index","follow":"follow","max-snippet":"max-snippet:-1","max-image-preview":"max-image-preview:large","max-video-preview":"max-video-preview:-1"},"canonical":"https:\/\/csunitec.com\/es\/producto\/jp901-sierra-alternativa-neumatica\/","og_locale":"es_ES","og_type":"article","og_title":"JP901 Sierra alternativa neum\u00e1tica - CS Unitec","og_description":"La JP901 es una sierra alternativa neum\u00e1tica con certificaci\u00f3n ATEX para el corte r\u00e1pido de fibra de vidrio, metal ligero y tablero de fibras. Dise\u00f1o ligero y de bajas vibraciones.","og_url":"https:\/\/csunitec.com\/es\/producto\/jp901-sierra-alternativa-neumatica\/","og_site_name":"CS Unitec","article_modified_time":"2024-12-06T19:54:00+00:00","og_image":[{"width":1000,"height":1000,"url":"https:\/\/csunitec.com\/wp-content\/uploads\/2025\/04\/JP901-Main-Image-1000-x-1000-2-2-1.png","type":"image\/png"}],"twitter_card":"summary_large_image","twitter_misc":{"Tiempo de lectura":"1 minuto"},"schema":{"@context":"https:\/\/schema.org","@graph":[{"@type":"WebPage","@id":"https:\/\/csunitec.com\/es\/producto\/jp901-sierra-alternativa-neumatica\/","url":"https:\/\/csunitec.com\/es\/producto\/jp901-sierra-alternativa-neumatica\/","name":"JP901 Sierra alternativa neum\u00e1tica - CS Unitec","isPartOf":{"@id":"https:\/\/csunitec.com\/es\/#website"},"primaryImageOfPage":{"@id":"https:\/\/csunitec.com\/es\/producto\/jp901-sierra-alternativa-neumatica\/#primaryimage"},"image":{"@id":"https:\/\/csunitec.com\/es\/producto\/jp901-sierra-alternativa-neumatica\/#primaryimage"},"thumbnailUrl":"https:\/\/csunitec.com\/wp-content\/uploads\/2025\/04\/JP901-Main-Image-1000-x-1000-2-2-1.png","datePublished":"2024-12-06T14:54:00+00:00","dateModified":"2024-12-06T19:54:00+00:00","description":"La JP901 es una sierra alternativa neum\u00e1tica con certificaci\u00f3n ATEX para el corte r\u00e1pido de fibra de vidrio, metal ligero y tablero de fibras. Dise\u00f1o ligero y de bajas vibraciones.","breadcrumb":{"@id":"https:\/\/csunitec.com\/es\/producto\/jp901-sierra-alternativa-neumatica\/#breadcrumb"},"inLanguage":"es","potentialAction":[{"@type":"ReadAction","target":["https:\/\/csunitec.com\/es\/producto\/jp901-sierra-alternativa-neumatica\/"]}]},{"@type":"ImageObject","inLanguage":"es","@id":"https:\/\/csunitec.com\/es\/producto\/jp901-sierra-alternativa-neumatica\/#primaryimage","url":"https:\/\/csunitec.com\/wp-content\/uploads\/2025\/04\/JP901-Main-Image-1000-x-1000-2-2-1.png","contentUrl":"https:\/\/csunitec.com\/wp-content\/uploads\/2025\/04\/JP901-Main-Image-1000-x-1000-2-2-1.png","width":1000,"height":1000},{"@type":"BreadcrumbList","@id":"https:\/\/csunitec.com\/es\/producto\/jp901-sierra-alternativa-neumatica\/#breadcrumb","itemListElement":[{"@type":"ListItem","position":1,"name":"Inicio","item":"https:\/\/csunitec.com\/es\/"},{"@type":"ListItem","position":2,"name":"Tienda","item":"https:\/\/csunitec.com\/es\/tienda\/"},{"@type":"ListItem","position":3,"name":"JP901 Sierra alternativa neum\u00e1tica"}]},{"@type":"WebSite","@id":"https:\/\/csunitec.com\/es\/#website","url":"https:\/\/csunitec.com\/es\/","name":"CS Unitec","description":"","potentialAction":[{"@type":"SearchAction","target":{"@type":"EntryPoint","urlTemplate":"https:\/\/csunitec.com\/es\/?s={search_term_string}"},"query-input":{"@type":"PropertyValueSpecification","valueRequired":true,"valueName":"search_term_string"}}],"inLanguage":"es"}]}},"_links":{"self":[{"href":"https:\/\/csunitec.com\/es\/wp-json\/wp\/v2\/product\/178443","targetHints":{"allow":["GET"]}}],"collection":[{"href":"https:\/\/csunitec.com\/es\/wp-json\/wp\/v2\/product"}],"about":[{"href":"https:\/\/csunitec.com\/es\/wp-json\/wp\/v2\/types\/product"}],"wp:featuredmedia":[{"embeddable":true,"href":"https:\/\/csunitec.com\/es\/wp-json\/wp\/v2\/media\/166825"}],"wp:attachment":[{"href":"https:\/\/csunitec.com\/es\/wp-json\/wp\/v2\/media?parent=178443"}],"wp:term":[{"taxonomy":"product_brand","embeddable":true,"href":"https:\/\/csunitec.com\/es\/wp-json\/wp\/v2\/product_brand?post=178443"},{"taxonomy":"product_cat","embeddable":true,"href":"https:\/\/csunitec.com\/es\/wp-json\/wp\/v2\/product_cat?post=178443"},{"taxonomy":"product_tag","embeddable":true,"href":"https:\/\/csunitec.com\/es\/wp-json\/wp\/v2\/product_tag?post=178443"},{"taxonomy":"accessory_type","embeddable":true,"href":"https:\/\/csunitec.com\/es\/wp-json\/wp\/v2\/accessory_type?post=178443"},{"taxonomy":"application","embeddable":true,"href":"https:\/\/csunitec.com\/es\/wp-json\/wp\/v2\/application?post=178443"},{"taxonomy":"hand_tool_type","embeddable":true,"href":"https:\/\/csunitec.com\/es\/wp-json\/wp\/v2\/hand_tool_type?post=178443"},{"taxonomy":"industry","embeddable":true,"href":"https:\/\/csunitec.com\/es\/wp-json\/wp\/v2\/industry?post=178443"},{"taxonomy":"material","embeddable":true,"href":"https:\/\/csunitec.com\/es\/wp-json\/wp\/v2\/material?post=178443"},{"taxonomy":"power_tool_type","embeddable":true,"href":"https:\/\/csunitec.com\/es\/wp-json\/wp\/v2\/power_tool_type?post=178443"},{"taxonomy":"power_type","embeddable":true,"href":"https:\/\/csunitec.com\/es\/wp-json\/wp\/v2\/power_type?post=178443"},{"taxonomy":"subcategory","embeddable":true,"href":"https:\/\/csunitec.com\/es\/wp-json\/wp\/v2\/subcategory?post=178443"},{"taxonomy":"tool_type","embeddable":true,"href":"https:\/\/csunitec.com\/es\/wp-json\/wp\/v2\/tool_type?post=178443"}],"curies":[{"name":"wp","href":"https:\/\/api.w.org\/{rel}","templated":true}]}}