{"id":178464,"date":"2024-12-07T03:10:00","date_gmt":"2024-12-07T03:10:00","guid":{"rendered":"https:\/\/stgcsunitec.wpenginepowered.com\/product\/amoladora-vertical-hidraulica-subacuatica\/"},"modified":"2026-04-30T01:59:04","modified_gmt":"2026-04-30T05:59:04","slug":"amoladora-vertical-hidraulica-subacuatica","status":"publish","type":"product","link":"https:\/\/csunitec.com\/es\/producto\/amoladora-vertical-hidraulica-subacuatica\/","title":{"rendered":"Amoladora vertical hidr\u00e1ulica subacu\u00e1tica"},"content":{"rendered":"<ul>\n<li>Amoladora vertical hidr\u00e1ulica subacu\u00e1tica ideal para trabajos pesados de amolado y corte bajo el agua. Proporciona a los buceadores la potencia necesaria para la eliminaci\u00f3n agresiva de material en acero, hormig\u00f3n y estructuras marinas. <\/li>\n<li>Muy utilizado para el mantenimiento del casco de los barcos, donde los buceadores deben eliminar revestimientos, corrosi\u00f3n, escoria de soldadura o crecimiento marino de grandes superficies verticales.<\/li>\n<li>Los equipos de petr\u00f3leo y gas en alta mar lo utilizan para el mantenimiento de plataformas y estructuras submarinas. Incluye el amolado de soportes, la limpieza de soldaduras y la preparaci\u00f3n de superficies para reparaci\u00f3n o inspecci\u00f3n. <\/li>\n<li>Amoladora Vertical Hidr\u00e1ulica Subacu\u00e1tica para construcci\u00f3n submarina. Util\u00edzala en trabajos como muelles, diques y malecones, donde los buceadores necesitan una amoladora de gran potencia capaz de manejar grandes discos de 9 pulgadas. <\/li>\n<li>La configuraci\u00f3n vertical la hace especialmente eficaz para el desbaste en superficies planas o elevadas, proporcionando a los buceadores un mejor apalancamiento y control durante las tareas m\u00e1s exigentes.<\/li>\n<\/ul>\n","protected":false},"excerpt":{"rendered":"<ul>\n<li>Potencia del motor: 4,75 CV<\/li>\n<li>Velocidad: 3600 RPM a 12 GPM<\/li>\n<li>M\u00e1x. Muela abrasiva: 9 <\/li>\n<li>Caudal de aceite: 5,3 a 11,9 GPM @ 2000 PSI<\/li>\n<li>Acelerador: Palanca<\/li>\n<li>Mangueras flexibles y acoplamientos FF incluidos<\/li>\n<\/ul>\n","protected":false},"featured_media":178469,"template":"","meta":[],"product_brand":[],"product_cat":[1033],"product_tag":[1194],"accessory_type":[],"application":[1042],"hand_tool_type":[],"industry":[933,971],"material":[],"power_tool_type":[1095],"power_type":[976],"subcategory":[1034],"tool_type":[946],"class_list":{"0":"post-178464","1":"product","2":"type-product","3":"status-publish","4":"has-post-thumbnail","6":"product_cat-preparacion-de-superficies","7":"product_tag-submarino","8":"application-corte-y-conformado","9":"industry-metalurgia-2","10":"industry-submarino","11":"power_tool_type-amoladora","12":"power_type-hidraulico","13":"subcategory-amoladoras","14":"tool_type-herramienta-electrica","16":"first","17":"instock","18":"shipping-taxable","19":"purchasable","20":"product-type-simple"},"yoast_head":"<!-- This site is optimized with the Yoast SEO plugin v27.5 - https:\/\/yoast.com\/product\/yoast-seo-wordpress\/ -->\n<title>Amoladora vertical hidr\u00e1ulica subacu\u00e1tica - CS Unitec<\/title>\n<meta name=\"description\" content=\"Amoladora vertical hidr\u00e1ulica subacu\u00e1tica ideal para trabajos pesados de amolado y corte bajo el agua. Para eliminar material en acero, hormig\u00f3n y estructuras marinas.\" \/>\n<meta name=\"robots\" content=\"index, follow, max-snippet:-1, max-image-preview:large, max-video-preview:-1\" \/>\n<link rel=\"canonical\" href=\"https:\/\/csunitec.com\/es\/producto\/amoladora-vertical-hidraulica-subacuatica\/\" \/>\n<meta property=\"og:locale\" content=\"es_ES\" \/>\n<meta property=\"og:type\" content=\"article\" \/>\n<meta property=\"og:title\" content=\"Amoladora vertical hidr\u00e1ulica subacu\u00e1tica - CS Unitec\" \/>\n<meta property=\"og:description\" content=\"Amoladora vertical hidr\u00e1ulica subacu\u00e1tica ideal para trabajos pesados de amolado y corte bajo el agua. Para eliminar material en acero, hormig\u00f3n y estructuras marinas.\" \/>\n<meta property=\"og:url\" content=\"https:\/\/csunitec.com\/es\/producto\/amoladora-vertical-hidraulica-subacuatica\/\" \/>\n<meta property=\"og:site_name\" content=\"CS Unitec\" \/>\n<meta property=\"article:modified_time\" content=\"2026-04-30T05:59:04+00:00\" \/>\n<meta property=\"og:image\" content=\"https:\/\/csunitec.com\/wp-content\/uploads\/2025\/04\/Hydraulic-Vertical-Grinder-1-2-1.png\" \/>\n\t<meta property=\"og:image:width\" content=\"1000\" \/>\n\t<meta property=\"og:image:height\" content=\"1000\" \/>\n\t<meta property=\"og:image:type\" content=\"image\/png\" \/>\n<meta name=\"twitter:card\" content=\"summary_large_image\" \/>\n<meta name=\"twitter:label1\" content=\"Tiempo de lectura\" \/>\n\t<meta name=\"twitter:data1\" content=\"1 minuto\" \/>\n<script type=\"application\/ld+json\" class=\"yoast-schema-graph\">{\"@context\":\"https:\\\/\\\/schema.org\",\"@graph\":[{\"@type\":\"WebPage\",\"@id\":\"https:\\\/\\\/csunitec.com\\\/es\\\/producto\\\/amoladora-vertical-hidraulica-subacuatica\\\/\",\"url\":\"https:\\\/\\\/csunitec.com\\\/es\\\/producto\\\/amoladora-vertical-hidraulica-subacuatica\\\/\",\"name\":\"Amoladora vertical hidr\u00e1ulica subacu\u00e1tica - CS Unitec\",\"isPartOf\":{\"@id\":\"https:\\\/\\\/csunitec.com\\\/es\\\/#website\"},\"primaryImageOfPage\":{\"@id\":\"https:\\\/\\\/csunitec.com\\\/es\\\/producto\\\/amoladora-vertical-hidraulica-subacuatica\\\/#primaryimage\"},\"image\":{\"@id\":\"https:\\\/\\\/csunitec.com\\\/es\\\/producto\\\/amoladora-vertical-hidraulica-subacuatica\\\/#primaryimage\"},\"thumbnailUrl\":\"https:\\\/\\\/csunitec.com\\\/wp-content\\\/uploads\\\/2025\\\/04\\\/Hydraulic-Vertical-Grinder-1-2-1.png\",\"datePublished\":\"2024-12-07T03:10:00+00:00\",\"dateModified\":\"2026-04-30T05:59:04+00:00\",\"description\":\"Amoladora vertical hidr\u00e1ulica subacu\u00e1tica ideal para trabajos pesados de amolado y corte bajo el agua. Para eliminar material en acero, hormig\u00f3n y estructuras marinas.\",\"breadcrumb\":{\"@id\":\"https:\\\/\\\/csunitec.com\\\/es\\\/producto\\\/amoladora-vertical-hidraulica-subacuatica\\\/#breadcrumb\"},\"inLanguage\":\"es\",\"potentialAction\":[{\"@type\":\"ReadAction\",\"target\":[\"https:\\\/\\\/csunitec.com\\\/es\\\/producto\\\/amoladora-vertical-hidraulica-subacuatica\\\/\"]}]},{\"@type\":\"ImageObject\",\"inLanguage\":\"es\",\"@id\":\"https:\\\/\\\/csunitec.com\\\/es\\\/producto\\\/amoladora-vertical-hidraulica-subacuatica\\\/#primaryimage\",\"url\":\"https:\\\/\\\/csunitec.com\\\/wp-content\\\/uploads\\\/2025\\\/04\\\/Hydraulic-Vertical-Grinder-1-2-1.png\",\"contentUrl\":\"https:\\\/\\\/csunitec.com\\\/wp-content\\\/uploads\\\/2025\\\/04\\\/Hydraulic-Vertical-Grinder-1-2-1.png\",\"width\":1000,\"height\":1000},{\"@type\":\"BreadcrumbList\",\"@id\":\"https:\\\/\\\/csunitec.com\\\/es\\\/producto\\\/amoladora-vertical-hidraulica-subacuatica\\\/#breadcrumb\",\"itemListElement\":[{\"@type\":\"ListItem\",\"position\":1,\"name\":\"Inicio\",\"item\":\"https:\\\/\\\/csunitec.com\\\/es\\\/\"},{\"@type\":\"ListItem\",\"position\":2,\"name\":\"Tienda\",\"item\":\"https:\\\/\\\/csunitec.com\\\/es\\\/tienda\\\/\"},{\"@type\":\"ListItem\",\"position\":3,\"name\":\"Amoladora vertical hidr\u00e1ulica subacu\u00e1tica\"}]},{\"@type\":\"WebSite\",\"@id\":\"https:\\\/\\\/csunitec.com\\\/es\\\/#website\",\"url\":\"https:\\\/\\\/csunitec.com\\\/es\\\/\",\"name\":\"CS Unitec\",\"description\":\"\",\"potentialAction\":[{\"@type\":\"SearchAction\",\"target\":{\"@type\":\"EntryPoint\",\"urlTemplate\":\"https:\\\/\\\/csunitec.com\\\/es\\\/?s={search_term_string}\"},\"query-input\":{\"@type\":\"PropertyValueSpecification\",\"valueRequired\":true,\"valueName\":\"search_term_string\"}}],\"inLanguage\":\"es\"}]}<\/script>\n<!-- \/ Yoast SEO plugin. -->","yoast_head_json":{"title":"Amoladora vertical hidr\u00e1ulica subacu\u00e1tica - CS Unitec","description":"Amoladora vertical hidr\u00e1ulica subacu\u00e1tica ideal para trabajos pesados de amolado y corte bajo el agua. Para eliminar material en acero, hormig\u00f3n y estructuras marinas.","robots":{"index":"index","follow":"follow","max-snippet":"max-snippet:-1","max-image-preview":"max-image-preview:large","max-video-preview":"max-video-preview:-1"},"canonical":"https:\/\/csunitec.com\/es\/producto\/amoladora-vertical-hidraulica-subacuatica\/","og_locale":"es_ES","og_type":"article","og_title":"Amoladora vertical hidr\u00e1ulica subacu\u00e1tica - CS Unitec","og_description":"Amoladora vertical hidr\u00e1ulica subacu\u00e1tica ideal para trabajos pesados de amolado y corte bajo el agua. Para eliminar material en acero, hormig\u00f3n y estructuras marinas.","og_url":"https:\/\/csunitec.com\/es\/producto\/amoladora-vertical-hidraulica-subacuatica\/","og_site_name":"CS Unitec","article_modified_time":"2026-04-30T05:59:04+00:00","og_image":[{"width":1000,"height":1000,"url":"https:\/\/csunitec.com\/wp-content\/uploads\/2025\/04\/Hydraulic-Vertical-Grinder-1-2-1.png","type":"image\/png"}],"twitter_card":"summary_large_image","twitter_misc":{"Tiempo de lectura":"1 minuto"},"schema":{"@context":"https:\/\/schema.org","@graph":[{"@type":"WebPage","@id":"https:\/\/csunitec.com\/es\/producto\/amoladora-vertical-hidraulica-subacuatica\/","url":"https:\/\/csunitec.com\/es\/producto\/amoladora-vertical-hidraulica-subacuatica\/","name":"Amoladora vertical hidr\u00e1ulica subacu\u00e1tica - CS Unitec","isPartOf":{"@id":"https:\/\/csunitec.com\/es\/#website"},"primaryImageOfPage":{"@id":"https:\/\/csunitec.com\/es\/producto\/amoladora-vertical-hidraulica-subacuatica\/#primaryimage"},"image":{"@id":"https:\/\/csunitec.com\/es\/producto\/amoladora-vertical-hidraulica-subacuatica\/#primaryimage"},"thumbnailUrl":"https:\/\/csunitec.com\/wp-content\/uploads\/2025\/04\/Hydraulic-Vertical-Grinder-1-2-1.png","datePublished":"2024-12-07T03:10:00+00:00","dateModified":"2026-04-30T05:59:04+00:00","description":"Amoladora vertical hidr\u00e1ulica subacu\u00e1tica ideal para trabajos pesados de amolado y corte bajo el agua. Para eliminar material en acero, hormig\u00f3n y estructuras marinas.","breadcrumb":{"@id":"https:\/\/csunitec.com\/es\/producto\/amoladora-vertical-hidraulica-subacuatica\/#breadcrumb"},"inLanguage":"es","potentialAction":[{"@type":"ReadAction","target":["https:\/\/csunitec.com\/es\/producto\/amoladora-vertical-hidraulica-subacuatica\/"]}]},{"@type":"ImageObject","inLanguage":"es","@id":"https:\/\/csunitec.com\/es\/producto\/amoladora-vertical-hidraulica-subacuatica\/#primaryimage","url":"https:\/\/csunitec.com\/wp-content\/uploads\/2025\/04\/Hydraulic-Vertical-Grinder-1-2-1.png","contentUrl":"https:\/\/csunitec.com\/wp-content\/uploads\/2025\/04\/Hydraulic-Vertical-Grinder-1-2-1.png","width":1000,"height":1000},{"@type":"BreadcrumbList","@id":"https:\/\/csunitec.com\/es\/producto\/amoladora-vertical-hidraulica-subacuatica\/#breadcrumb","itemListElement":[{"@type":"ListItem","position":1,"name":"Inicio","item":"https:\/\/csunitec.com\/es\/"},{"@type":"ListItem","position":2,"name":"Tienda","item":"https:\/\/csunitec.com\/es\/tienda\/"},{"@type":"ListItem","position":3,"name":"Amoladora vertical hidr\u00e1ulica subacu\u00e1tica"}]},{"@type":"WebSite","@id":"https:\/\/csunitec.com\/es\/#website","url":"https:\/\/csunitec.com\/es\/","name":"CS Unitec","description":"","potentialAction":[{"@type":"SearchAction","target":{"@type":"EntryPoint","urlTemplate":"https:\/\/csunitec.com\/es\/?s={search_term_string}"},"query-input":{"@type":"PropertyValueSpecification","valueRequired":true,"valueName":"search_term_string"}}],"inLanguage":"es"}]}},"_links":{"self":[{"href":"https:\/\/csunitec.com\/es\/wp-json\/wp\/v2\/product\/178464","targetHints":{"allow":["GET"]}}],"collection":[{"href":"https:\/\/csunitec.com\/es\/wp-json\/wp\/v2\/product"}],"about":[{"href":"https:\/\/csunitec.com\/es\/wp-json\/wp\/v2\/types\/product"}],"wp:featuredmedia":[{"embeddable":true,"href":"https:\/\/csunitec.com\/es\/wp-json\/wp\/v2\/media\/178469"}],"wp:attachment":[{"href":"https:\/\/csunitec.com\/es\/wp-json\/wp\/v2\/media?parent=178464"}],"wp:term":[{"taxonomy":"product_brand","embeddable":true,"href":"https:\/\/csunitec.com\/es\/wp-json\/wp\/v2\/product_brand?post=178464"},{"taxonomy":"product_cat","embeddable":true,"href":"https:\/\/csunitec.com\/es\/wp-json\/wp\/v2\/product_cat?post=178464"},{"taxonomy":"product_tag","embeddable":true,"href":"https:\/\/csunitec.com\/es\/wp-json\/wp\/v2\/product_tag?post=178464"},{"taxonomy":"accessory_type","embeddable":true,"href":"https:\/\/csunitec.com\/es\/wp-json\/wp\/v2\/accessory_type?post=178464"},{"taxonomy":"application","embeddable":true,"href":"https:\/\/csunitec.com\/es\/wp-json\/wp\/v2\/application?post=178464"},{"taxonomy":"hand_tool_type","embeddable":true,"href":"https:\/\/csunitec.com\/es\/wp-json\/wp\/v2\/hand_tool_type?post=178464"},{"taxonomy":"industry","embeddable":true,"href":"https:\/\/csunitec.com\/es\/wp-json\/wp\/v2\/industry?post=178464"},{"taxonomy":"material","embeddable":true,"href":"https:\/\/csunitec.com\/es\/wp-json\/wp\/v2\/material?post=178464"},{"taxonomy":"power_tool_type","embeddable":true,"href":"https:\/\/csunitec.com\/es\/wp-json\/wp\/v2\/power_tool_type?post=178464"},{"taxonomy":"power_type","embeddable":true,"href":"https:\/\/csunitec.com\/es\/wp-json\/wp\/v2\/power_type?post=178464"},{"taxonomy":"subcategory","embeddable":true,"href":"https:\/\/csunitec.com\/es\/wp-json\/wp\/v2\/subcategory?post=178464"},{"taxonomy":"tool_type","embeddable":true,"href":"https:\/\/csunitec.com\/es\/wp-json\/wp\/v2\/tool_type?post=178464"}],"curies":[{"name":"wp","href":"https:\/\/api.w.org\/{rel}","templated":true}]}}