{"id":178483,"date":"2024-12-07T02:45:00","date_gmt":"2024-12-07T02:45:00","guid":{"rendered":"https:\/\/stgcsunitec.wpenginepowered.com\/product\/amoladora-angular-hidraulica-subacuatica\/"},"modified":"2026-04-30T01:58:50","modified_gmt":"2026-04-30T05:58:50","slug":"amoladora-angular-hidraulica-subacuatica","status":"publish","type":"product","link":"https:\/\/csunitec.com\/es\/producto\/amoladora-angular-hidraulica-subacuatica\/","title":{"rendered":"Amoladora angular hidr\u00e1ulica subacu\u00e1tica"},"content":{"rendered":"<ul>\n<li>La amoladora angular hidr\u00e1ulica subacu\u00e1tica se utiliza mucho en operaciones de buceo comercial, donde los buceadores necesitan una herramienta fiable para amolar, cortar y preparar superficies por debajo de la l\u00ednea de flotaci\u00f3n.<\/li>\n<li>Se utiliza con frecuencia para el mantenimiento del casco de los barcos, lo que incluye eliminar la corrosi\u00f3n, alisar las soldaduras y preparar las superficies para su revestimiento o reparaci\u00f3n.<\/li>\n<li>Las tripulaciones de alta mar conf\u00edan en ella para el trabajo en plataformas petrol\u00edferas y de gas. Ayuda a cortar pernos, limpiar acero estructural y preparar zonas para la soldadura submarina. <\/li>\n<li>Los equipos de construcci\u00f3n naval lo utilizan durante las reparaciones de muelles, diques y malecones, donde se requiere una retirada precisa del material en entornos sumergidos o con salpicaduras.<\/li>\n<li>La amoladora angular hidr\u00e1ulica subacu\u00e1tica tambi\u00e9n es adecuada para el mantenimiento de presas e instalaciones hidroel\u00e9ctricas. Permite a los trabajadores esmerilar o cortar componentes sin vaciar el agua ni interrumpir las operaciones. <\/li>\n<li>Los buceadores de salvamento y recuperaci\u00f3n utilizan la amoladora para tareas de demolici\u00f3n submarina, como cortar componentes da\u00f1ados o despejar obstrucciones.<\/li>\n<\/ul>\n","protected":false},"excerpt":{"rendered":"<ul>\n<li>Potencia del motor: 1,3 CV<\/li>\n<li>Velocidad: 5500 RPM<\/li>\n<li>M\u00e1x. Muela abrasiva: 7 <\/li>\n<li>Caudal de aceite: 5,28 GPM @ 2000 PSI<\/li>\n<li>Acelerador: Palanca<\/li>\n<li>Mangueras flexibles y acoplamientos FF incluidos<\/li>\n<\/ul>\n","protected":false},"featured_media":178485,"template":"","meta":[],"product_brand":[],"product_cat":[1033],"product_tag":[1194],"accessory_type":[],"application":[1042],"hand_tool_type":[],"industry":[933,971],"material":[],"power_tool_type":[1095],"power_type":[976],"subcategory":[1034],"tool_type":[946],"class_list":{"0":"post-178483","1":"product","2":"type-product","3":"status-publish","4":"has-post-thumbnail","6":"product_cat-preparacion-de-superficies","7":"product_tag-submarino","8":"application-corte-y-conformado","9":"industry-metalurgia-2","10":"industry-submarino","11":"power_tool_type-amoladora","12":"power_type-hidraulico","13":"subcategory-amoladoras","14":"tool_type-herramienta-electrica","16":"first","17":"instock","18":"shipping-taxable","19":"purchasable","20":"product-type-simple"},"yoast_head":"<!-- This site is optimized with the Yoast SEO plugin v27.5 - https:\/\/yoast.com\/product\/yoast-seo-wordpress\/ -->\n<title>Amoladora angular hidr\u00e1ulica subacu\u00e1tica - CS Unitec<\/title>\n<meta name=\"description\" content=\"Amoladora angular hidr\u00e1ulica subacu\u00e1tica muy utilizada en operaciones de buceo comercial, para amolar, cortar y preparar superficies bajo la l\u00ednea de flotaci\u00f3n.\" \/>\n<meta name=\"robots\" content=\"index, follow, max-snippet:-1, max-image-preview:large, max-video-preview:-1\" \/>\n<link rel=\"canonical\" href=\"https:\/\/csunitec.com\/es\/producto\/amoladora-angular-hidraulica-subacuatica\/\" \/>\n<meta property=\"og:locale\" content=\"es_ES\" \/>\n<meta property=\"og:type\" content=\"article\" \/>\n<meta property=\"og:title\" content=\"Amoladora angular hidr\u00e1ulica subacu\u00e1tica - CS Unitec\" \/>\n<meta property=\"og:description\" content=\"Amoladora angular hidr\u00e1ulica subacu\u00e1tica muy utilizada en operaciones de buceo comercial, para amolar, cortar y preparar superficies bajo la l\u00ednea de flotaci\u00f3n.\" \/>\n<meta property=\"og:url\" content=\"https:\/\/csunitec.com\/es\/producto\/amoladora-angular-hidraulica-subacuatica\/\" \/>\n<meta property=\"og:site_name\" content=\"CS Unitec\" \/>\n<meta property=\"article:modified_time\" content=\"2026-04-30T05:58:50+00:00\" \/>\n<meta property=\"og:image\" content=\"https:\/\/csunitec.com\/wp-content\/uploads\/2025\/04\/Hydraulic-Angle-Grinder-1-2-1.png\" \/>\n\t<meta property=\"og:image:width\" content=\"1000\" \/>\n\t<meta property=\"og:image:height\" content=\"1000\" \/>\n\t<meta property=\"og:image:type\" content=\"image\/png\" \/>\n<meta name=\"twitter:card\" content=\"summary_large_image\" \/>\n<meta name=\"twitter:label1\" content=\"Tiempo de lectura\" \/>\n\t<meta name=\"twitter:data1\" content=\"1 minuto\" \/>\n<script type=\"application\/ld+json\" class=\"yoast-schema-graph\">{\"@context\":\"https:\\\/\\\/schema.org\",\"@graph\":[{\"@type\":\"WebPage\",\"@id\":\"https:\\\/\\\/csunitec.com\\\/es\\\/producto\\\/amoladora-angular-hidraulica-subacuatica\\\/\",\"url\":\"https:\\\/\\\/csunitec.com\\\/es\\\/producto\\\/amoladora-angular-hidraulica-subacuatica\\\/\",\"name\":\"Amoladora angular hidr\u00e1ulica subacu\u00e1tica - CS Unitec\",\"isPartOf\":{\"@id\":\"https:\\\/\\\/csunitec.com\\\/es\\\/#website\"},\"primaryImageOfPage\":{\"@id\":\"https:\\\/\\\/csunitec.com\\\/es\\\/producto\\\/amoladora-angular-hidraulica-subacuatica\\\/#primaryimage\"},\"image\":{\"@id\":\"https:\\\/\\\/csunitec.com\\\/es\\\/producto\\\/amoladora-angular-hidraulica-subacuatica\\\/#primaryimage\"},\"thumbnailUrl\":\"https:\\\/\\\/csunitec.com\\\/wp-content\\\/uploads\\\/2025\\\/04\\\/Hydraulic-Angle-Grinder-1-2-1.png\",\"datePublished\":\"2024-12-07T02:45:00+00:00\",\"dateModified\":\"2026-04-30T05:58:50+00:00\",\"description\":\"Amoladora angular hidr\u00e1ulica subacu\u00e1tica muy utilizada en operaciones de buceo comercial, para amolar, cortar y preparar superficies bajo la l\u00ednea de flotaci\u00f3n.\",\"breadcrumb\":{\"@id\":\"https:\\\/\\\/csunitec.com\\\/es\\\/producto\\\/amoladora-angular-hidraulica-subacuatica\\\/#breadcrumb\"},\"inLanguage\":\"es\",\"potentialAction\":[{\"@type\":\"ReadAction\",\"target\":[\"https:\\\/\\\/csunitec.com\\\/es\\\/producto\\\/amoladora-angular-hidraulica-subacuatica\\\/\"]}]},{\"@type\":\"ImageObject\",\"inLanguage\":\"es\",\"@id\":\"https:\\\/\\\/csunitec.com\\\/es\\\/producto\\\/amoladora-angular-hidraulica-subacuatica\\\/#primaryimage\",\"url\":\"https:\\\/\\\/csunitec.com\\\/wp-content\\\/uploads\\\/2025\\\/04\\\/Hydraulic-Angle-Grinder-1-2-1.png\",\"contentUrl\":\"https:\\\/\\\/csunitec.com\\\/wp-content\\\/uploads\\\/2025\\\/04\\\/Hydraulic-Angle-Grinder-1-2-1.png\",\"width\":1000,\"height\":1000},{\"@type\":\"BreadcrumbList\",\"@id\":\"https:\\\/\\\/csunitec.com\\\/es\\\/producto\\\/amoladora-angular-hidraulica-subacuatica\\\/#breadcrumb\",\"itemListElement\":[{\"@type\":\"ListItem\",\"position\":1,\"name\":\"Inicio\",\"item\":\"https:\\\/\\\/csunitec.com\\\/es\\\/\"},{\"@type\":\"ListItem\",\"position\":2,\"name\":\"Tienda\",\"item\":\"https:\\\/\\\/csunitec.com\\\/es\\\/tienda\\\/\"},{\"@type\":\"ListItem\",\"position\":3,\"name\":\"Amoladora angular hidr\u00e1ulica subacu\u00e1tica\"}]},{\"@type\":\"WebSite\",\"@id\":\"https:\\\/\\\/csunitec.com\\\/es\\\/#website\",\"url\":\"https:\\\/\\\/csunitec.com\\\/es\\\/\",\"name\":\"CS Unitec\",\"description\":\"\",\"potentialAction\":[{\"@type\":\"SearchAction\",\"target\":{\"@type\":\"EntryPoint\",\"urlTemplate\":\"https:\\\/\\\/csunitec.com\\\/es\\\/?s={search_term_string}\"},\"query-input\":{\"@type\":\"PropertyValueSpecification\",\"valueRequired\":true,\"valueName\":\"search_term_string\"}}],\"inLanguage\":\"es\"}]}<\/script>\n<!-- \/ Yoast SEO plugin. -->","yoast_head_json":{"title":"Amoladora angular hidr\u00e1ulica subacu\u00e1tica - CS Unitec","description":"Amoladora angular hidr\u00e1ulica subacu\u00e1tica muy utilizada en operaciones de buceo comercial, para amolar, cortar y preparar superficies bajo la l\u00ednea de flotaci\u00f3n.","robots":{"index":"index","follow":"follow","max-snippet":"max-snippet:-1","max-image-preview":"max-image-preview:large","max-video-preview":"max-video-preview:-1"},"canonical":"https:\/\/csunitec.com\/es\/producto\/amoladora-angular-hidraulica-subacuatica\/","og_locale":"es_ES","og_type":"article","og_title":"Amoladora angular hidr\u00e1ulica subacu\u00e1tica - CS Unitec","og_description":"Amoladora angular hidr\u00e1ulica subacu\u00e1tica muy utilizada en operaciones de buceo comercial, para amolar, cortar y preparar superficies bajo la l\u00ednea de flotaci\u00f3n.","og_url":"https:\/\/csunitec.com\/es\/producto\/amoladora-angular-hidraulica-subacuatica\/","og_site_name":"CS Unitec","article_modified_time":"2026-04-30T05:58:50+00:00","og_image":[{"width":1000,"height":1000,"url":"https:\/\/csunitec.com\/wp-content\/uploads\/2025\/04\/Hydraulic-Angle-Grinder-1-2-1.png","type":"image\/png"}],"twitter_card":"summary_large_image","twitter_misc":{"Tiempo de lectura":"1 minuto"},"schema":{"@context":"https:\/\/schema.org","@graph":[{"@type":"WebPage","@id":"https:\/\/csunitec.com\/es\/producto\/amoladora-angular-hidraulica-subacuatica\/","url":"https:\/\/csunitec.com\/es\/producto\/amoladora-angular-hidraulica-subacuatica\/","name":"Amoladora angular hidr\u00e1ulica subacu\u00e1tica - CS Unitec","isPartOf":{"@id":"https:\/\/csunitec.com\/es\/#website"},"primaryImageOfPage":{"@id":"https:\/\/csunitec.com\/es\/producto\/amoladora-angular-hidraulica-subacuatica\/#primaryimage"},"image":{"@id":"https:\/\/csunitec.com\/es\/producto\/amoladora-angular-hidraulica-subacuatica\/#primaryimage"},"thumbnailUrl":"https:\/\/csunitec.com\/wp-content\/uploads\/2025\/04\/Hydraulic-Angle-Grinder-1-2-1.png","datePublished":"2024-12-07T02:45:00+00:00","dateModified":"2026-04-30T05:58:50+00:00","description":"Amoladora angular hidr\u00e1ulica subacu\u00e1tica muy utilizada en operaciones de buceo comercial, para amolar, cortar y preparar superficies bajo la l\u00ednea de flotaci\u00f3n.","breadcrumb":{"@id":"https:\/\/csunitec.com\/es\/producto\/amoladora-angular-hidraulica-subacuatica\/#breadcrumb"},"inLanguage":"es","potentialAction":[{"@type":"ReadAction","target":["https:\/\/csunitec.com\/es\/producto\/amoladora-angular-hidraulica-subacuatica\/"]}]},{"@type":"ImageObject","inLanguage":"es","@id":"https:\/\/csunitec.com\/es\/producto\/amoladora-angular-hidraulica-subacuatica\/#primaryimage","url":"https:\/\/csunitec.com\/wp-content\/uploads\/2025\/04\/Hydraulic-Angle-Grinder-1-2-1.png","contentUrl":"https:\/\/csunitec.com\/wp-content\/uploads\/2025\/04\/Hydraulic-Angle-Grinder-1-2-1.png","width":1000,"height":1000},{"@type":"BreadcrumbList","@id":"https:\/\/csunitec.com\/es\/producto\/amoladora-angular-hidraulica-subacuatica\/#breadcrumb","itemListElement":[{"@type":"ListItem","position":1,"name":"Inicio","item":"https:\/\/csunitec.com\/es\/"},{"@type":"ListItem","position":2,"name":"Tienda","item":"https:\/\/csunitec.com\/es\/tienda\/"},{"@type":"ListItem","position":3,"name":"Amoladora angular hidr\u00e1ulica subacu\u00e1tica"}]},{"@type":"WebSite","@id":"https:\/\/csunitec.com\/es\/#website","url":"https:\/\/csunitec.com\/es\/","name":"CS Unitec","description":"","potentialAction":[{"@type":"SearchAction","target":{"@type":"EntryPoint","urlTemplate":"https:\/\/csunitec.com\/es\/?s={search_term_string}"},"query-input":{"@type":"PropertyValueSpecification","valueRequired":true,"valueName":"search_term_string"}}],"inLanguage":"es"}]}},"_links":{"self":[{"href":"https:\/\/csunitec.com\/es\/wp-json\/wp\/v2\/product\/178483","targetHints":{"allow":["GET"]}}],"collection":[{"href":"https:\/\/csunitec.com\/es\/wp-json\/wp\/v2\/product"}],"about":[{"href":"https:\/\/csunitec.com\/es\/wp-json\/wp\/v2\/types\/product"}],"wp:featuredmedia":[{"embeddable":true,"href":"https:\/\/csunitec.com\/es\/wp-json\/wp\/v2\/media\/178485"}],"wp:attachment":[{"href":"https:\/\/csunitec.com\/es\/wp-json\/wp\/v2\/media?parent=178483"}],"wp:term":[{"taxonomy":"product_brand","embeddable":true,"href":"https:\/\/csunitec.com\/es\/wp-json\/wp\/v2\/product_brand?post=178483"},{"taxonomy":"product_cat","embeddable":true,"href":"https:\/\/csunitec.com\/es\/wp-json\/wp\/v2\/product_cat?post=178483"},{"taxonomy":"product_tag","embeddable":true,"href":"https:\/\/csunitec.com\/es\/wp-json\/wp\/v2\/product_tag?post=178483"},{"taxonomy":"accessory_type","embeddable":true,"href":"https:\/\/csunitec.com\/es\/wp-json\/wp\/v2\/accessory_type?post=178483"},{"taxonomy":"application","embeddable":true,"href":"https:\/\/csunitec.com\/es\/wp-json\/wp\/v2\/application?post=178483"},{"taxonomy":"hand_tool_type","embeddable":true,"href":"https:\/\/csunitec.com\/es\/wp-json\/wp\/v2\/hand_tool_type?post=178483"},{"taxonomy":"industry","embeddable":true,"href":"https:\/\/csunitec.com\/es\/wp-json\/wp\/v2\/industry?post=178483"},{"taxonomy":"material","embeddable":true,"href":"https:\/\/csunitec.com\/es\/wp-json\/wp\/v2\/material?post=178483"},{"taxonomy":"power_tool_type","embeddable":true,"href":"https:\/\/csunitec.com\/es\/wp-json\/wp\/v2\/power_tool_type?post=178483"},{"taxonomy":"power_type","embeddable":true,"href":"https:\/\/csunitec.com\/es\/wp-json\/wp\/v2\/power_type?post=178483"},{"taxonomy":"subcategory","embeddable":true,"href":"https:\/\/csunitec.com\/es\/wp-json\/wp\/v2\/subcategory?post=178483"},{"taxonomy":"tool_type","embeddable":true,"href":"https:\/\/csunitec.com\/es\/wp-json\/wp\/v2\/tool_type?post=178483"}],"curies":[{"name":"wp","href":"https:\/\/api.w.org\/{rel}","templated":true}]}}