{"id":178503,"date":"2024-12-07T02:54:00","date_gmt":"2024-12-07T02:54:00","guid":{"rendered":"https:\/\/stgcsunitec.wpenginepowered.com\/product\/amoladora-horizontal-hidraulica-subacuatica\/"},"modified":"2026-04-30T01:58:52","modified_gmt":"2026-04-30T05:58:52","slug":"amoladora-horizontal-hidraulica-subacuatica","status":"publish","type":"product","link":"https:\/\/csunitec.com\/es\/producto\/amoladora-horizontal-hidraulica-subacuatica\/","title":{"rendered":"Amoladora Horizontal Hidr\u00e1ulica Subacu\u00e1tica"},"content":{"rendered":"<ul>\n<li>Amoladora Horizontal Hidr\u00e1ulica Subacu\u00e1tica ideal para operaciones de buceo comercial en las que los buceadores necesitan una herramienta potente para la eliminaci\u00f3n agresiva de material en espacios subacu\u00e1ticos estrechos o inc\u00f3modos.<\/li>\n<li>Se utiliza con frecuencia para la preparaci\u00f3n de soldaduras bajo el agua, permitiendo a los buceadores limpiar, biselar o alisar superficies met\u00e1licas antes de realizar trabajos de soldadura o reparaci\u00f3n.<\/li>\n<li>Para personal de mantenimiento marino. Util\u00edzalo para la restauraci\u00f3n del casco de los barcos, incluida la eliminaci\u00f3n de corrosi\u00f3n, incrustaciones, revestimientos y crecimiento marino de superficies planas o contorneadas. <\/li>\n<li>La Amoladora Horizontal Hidr\u00e1ulica Submarina es muy adecuada para el mantenimiento de plataformas petrol\u00edferas y de gas en alta mar. Los buzos deben esmerilar acero estructural, limpiar soportes o retirar componentes da\u00f1ados en profundidad. <\/li>\n<li>Las extensiones opcionales (hasta 19&#8243;) la hacen especialmente \u00fatil para llegar a zonas empotradas u obstruidas.<\/li>\n<li>Los equipos de mantenimiento de hidroel\u00e9ctricas y presas utilizan la amoladora para la preparaci\u00f3n de superficies sumergidas de hormig\u00f3n y metal, reduciendo la necesidad de costosas operaciones de desag\u00fce.<\/li>\n<\/ul>\n<div><\/div>\n","protected":false},"excerpt":{"rendered":"<ul>\n<li>Potencia del motor: 1,3 CV<\/li>\n<li>Velocidad: 7000 RPM<\/li>\n<li>M\u00e1x. Muela abrasiva: 7-3\/4 <\/li>\n<li>Caudal de aceite: 4,8 GPM @ 2000 PSI<\/li>\n<li>Acelerador: Palanca<\/li>\n<li>Mangueras flexibles y acoplamientos FF incluidos<\/li>\n<\/ul>\n","protected":false},"featured_media":178509,"template":"","meta":[],"product_brand":[],"product_cat":[1033],"product_tag":[1194],"accessory_type":[],"application":[1042],"hand_tool_type":[],"industry":[933,971],"material":[],"power_tool_type":[1095],"power_type":[976],"subcategory":[1034],"tool_type":[946],"class_list":{"0":"post-178503","1":"product","2":"type-product","3":"status-publish","4":"has-post-thumbnail","6":"product_cat-preparacion-de-superficies","7":"product_tag-submarino","8":"application-corte-y-conformado","9":"industry-metalurgia-2","10":"industry-submarino","11":"power_tool_type-amoladora","12":"power_type-hidraulico","13":"subcategory-amoladoras","14":"tool_type-herramienta-electrica","16":"first","17":"instock","18":"shipping-taxable","19":"purchasable","20":"product-type-simple"},"yoast_head":"<!-- This site is optimized with the Yoast SEO plugin v27.5 - https:\/\/yoast.com\/product\/yoast-seo-wordpress\/ -->\n<title>Amoladora Horizontal Hidr\u00e1ulica Subacu\u00e1tica - CS Unitec<\/title>\n<meta name=\"description\" content=\"Amoladora Horizontal Hidr\u00e1ulica Subacu\u00e1tica ideal para operaciones de buceo comercial. Para la eliminaci\u00f3n agresiva de material en espacios subacu\u00e1ticos.\" \/>\n<meta name=\"robots\" content=\"index, follow, max-snippet:-1, max-image-preview:large, max-video-preview:-1\" \/>\n<link rel=\"canonical\" href=\"https:\/\/csunitec.com\/es\/producto\/amoladora-horizontal-hidraulica-subacuatica\/\" \/>\n<meta property=\"og:locale\" content=\"es_ES\" \/>\n<meta property=\"og:type\" content=\"article\" \/>\n<meta property=\"og:title\" content=\"Amoladora Horizontal Hidr\u00e1ulica Subacu\u00e1tica - CS Unitec\" \/>\n<meta property=\"og:description\" content=\"Amoladora Horizontal Hidr\u00e1ulica Subacu\u00e1tica ideal para operaciones de buceo comercial. Para la eliminaci\u00f3n agresiva de material en espacios subacu\u00e1ticos.\" \/>\n<meta property=\"og:url\" content=\"https:\/\/csunitec.com\/es\/producto\/amoladora-horizontal-hidraulica-subacuatica\/\" \/>\n<meta property=\"og:site_name\" content=\"CS Unitec\" \/>\n<meta property=\"article:modified_time\" content=\"2026-04-30T05:58:52+00:00\" \/>\n<meta property=\"og:image\" content=\"https:\/\/csunitec.com\/wp-content\/uploads\/2025\/04\/Hydraulic-Horizontal-Grinder-1-2-1.png\" \/>\n\t<meta property=\"og:image:width\" content=\"1000\" \/>\n\t<meta property=\"og:image:height\" content=\"1000\" \/>\n\t<meta property=\"og:image:type\" content=\"image\/png\" \/>\n<meta name=\"twitter:card\" content=\"summary_large_image\" \/>\n<meta name=\"twitter:label1\" content=\"Tiempo de lectura\" \/>\n\t<meta name=\"twitter:data1\" content=\"1 minuto\" \/>\n<script type=\"application\/ld+json\" class=\"yoast-schema-graph\">{\"@context\":\"https:\\\/\\\/schema.org\",\"@graph\":[{\"@type\":\"WebPage\",\"@id\":\"https:\\\/\\\/csunitec.com\\\/es\\\/producto\\\/amoladora-horizontal-hidraulica-subacuatica\\\/\",\"url\":\"https:\\\/\\\/csunitec.com\\\/es\\\/producto\\\/amoladora-horizontal-hidraulica-subacuatica\\\/\",\"name\":\"Amoladora Horizontal Hidr\u00e1ulica Subacu\u00e1tica - CS Unitec\",\"isPartOf\":{\"@id\":\"https:\\\/\\\/csunitec.com\\\/es\\\/#website\"},\"primaryImageOfPage\":{\"@id\":\"https:\\\/\\\/csunitec.com\\\/es\\\/producto\\\/amoladora-horizontal-hidraulica-subacuatica\\\/#primaryimage\"},\"image\":{\"@id\":\"https:\\\/\\\/csunitec.com\\\/es\\\/producto\\\/amoladora-horizontal-hidraulica-subacuatica\\\/#primaryimage\"},\"thumbnailUrl\":\"https:\\\/\\\/csunitec.com\\\/wp-content\\\/uploads\\\/2025\\\/04\\\/Hydraulic-Horizontal-Grinder-1-2-1.png\",\"datePublished\":\"2024-12-07T02:54:00+00:00\",\"dateModified\":\"2026-04-30T05:58:52+00:00\",\"description\":\"Amoladora Horizontal Hidr\u00e1ulica Subacu\u00e1tica ideal para operaciones de buceo comercial. Para la eliminaci\u00f3n agresiva de material en espacios subacu\u00e1ticos.\",\"breadcrumb\":{\"@id\":\"https:\\\/\\\/csunitec.com\\\/es\\\/producto\\\/amoladora-horizontal-hidraulica-subacuatica\\\/#breadcrumb\"},\"inLanguage\":\"es\",\"potentialAction\":[{\"@type\":\"ReadAction\",\"target\":[\"https:\\\/\\\/csunitec.com\\\/es\\\/producto\\\/amoladora-horizontal-hidraulica-subacuatica\\\/\"]}]},{\"@type\":\"ImageObject\",\"inLanguage\":\"es\",\"@id\":\"https:\\\/\\\/csunitec.com\\\/es\\\/producto\\\/amoladora-horizontal-hidraulica-subacuatica\\\/#primaryimage\",\"url\":\"https:\\\/\\\/csunitec.com\\\/wp-content\\\/uploads\\\/2025\\\/04\\\/Hydraulic-Horizontal-Grinder-1-2-1.png\",\"contentUrl\":\"https:\\\/\\\/csunitec.com\\\/wp-content\\\/uploads\\\/2025\\\/04\\\/Hydraulic-Horizontal-Grinder-1-2-1.png\",\"width\":1000,\"height\":1000},{\"@type\":\"BreadcrumbList\",\"@id\":\"https:\\\/\\\/csunitec.com\\\/es\\\/producto\\\/amoladora-horizontal-hidraulica-subacuatica\\\/#breadcrumb\",\"itemListElement\":[{\"@type\":\"ListItem\",\"position\":1,\"name\":\"Inicio\",\"item\":\"https:\\\/\\\/csunitec.com\\\/es\\\/\"},{\"@type\":\"ListItem\",\"position\":2,\"name\":\"Tienda\",\"item\":\"https:\\\/\\\/csunitec.com\\\/es\\\/tienda\\\/\"},{\"@type\":\"ListItem\",\"position\":3,\"name\":\"Amoladora Horizontal Hidr\u00e1ulica Subacu\u00e1tica\"}]},{\"@type\":\"WebSite\",\"@id\":\"https:\\\/\\\/csunitec.com\\\/es\\\/#website\",\"url\":\"https:\\\/\\\/csunitec.com\\\/es\\\/\",\"name\":\"CS Unitec\",\"description\":\"\",\"potentialAction\":[{\"@type\":\"SearchAction\",\"target\":{\"@type\":\"EntryPoint\",\"urlTemplate\":\"https:\\\/\\\/csunitec.com\\\/es\\\/?s={search_term_string}\"},\"query-input\":{\"@type\":\"PropertyValueSpecification\",\"valueRequired\":true,\"valueName\":\"search_term_string\"}}],\"inLanguage\":\"es\"}]}<\/script>\n<!-- \/ Yoast SEO plugin. -->","yoast_head_json":{"title":"Amoladora Horizontal Hidr\u00e1ulica Subacu\u00e1tica - CS Unitec","description":"Amoladora Horizontal Hidr\u00e1ulica Subacu\u00e1tica ideal para operaciones de buceo comercial. Para la eliminaci\u00f3n agresiva de material en espacios subacu\u00e1ticos.","robots":{"index":"index","follow":"follow","max-snippet":"max-snippet:-1","max-image-preview":"max-image-preview:large","max-video-preview":"max-video-preview:-1"},"canonical":"https:\/\/csunitec.com\/es\/producto\/amoladora-horizontal-hidraulica-subacuatica\/","og_locale":"es_ES","og_type":"article","og_title":"Amoladora Horizontal Hidr\u00e1ulica Subacu\u00e1tica - CS Unitec","og_description":"Amoladora Horizontal Hidr\u00e1ulica Subacu\u00e1tica ideal para operaciones de buceo comercial. Para la eliminaci\u00f3n agresiva de material en espacios subacu\u00e1ticos.","og_url":"https:\/\/csunitec.com\/es\/producto\/amoladora-horizontal-hidraulica-subacuatica\/","og_site_name":"CS Unitec","article_modified_time":"2026-04-30T05:58:52+00:00","og_image":[{"width":1000,"height":1000,"url":"https:\/\/csunitec.com\/wp-content\/uploads\/2025\/04\/Hydraulic-Horizontal-Grinder-1-2-1.png","type":"image\/png"}],"twitter_card":"summary_large_image","twitter_misc":{"Tiempo de lectura":"1 minuto"},"schema":{"@context":"https:\/\/schema.org","@graph":[{"@type":"WebPage","@id":"https:\/\/csunitec.com\/es\/producto\/amoladora-horizontal-hidraulica-subacuatica\/","url":"https:\/\/csunitec.com\/es\/producto\/amoladora-horizontal-hidraulica-subacuatica\/","name":"Amoladora Horizontal Hidr\u00e1ulica Subacu\u00e1tica - CS Unitec","isPartOf":{"@id":"https:\/\/csunitec.com\/es\/#website"},"primaryImageOfPage":{"@id":"https:\/\/csunitec.com\/es\/producto\/amoladora-horizontal-hidraulica-subacuatica\/#primaryimage"},"image":{"@id":"https:\/\/csunitec.com\/es\/producto\/amoladora-horizontal-hidraulica-subacuatica\/#primaryimage"},"thumbnailUrl":"https:\/\/csunitec.com\/wp-content\/uploads\/2025\/04\/Hydraulic-Horizontal-Grinder-1-2-1.png","datePublished":"2024-12-07T02:54:00+00:00","dateModified":"2026-04-30T05:58:52+00:00","description":"Amoladora Horizontal Hidr\u00e1ulica Subacu\u00e1tica ideal para operaciones de buceo comercial. Para la eliminaci\u00f3n agresiva de material en espacios subacu\u00e1ticos.","breadcrumb":{"@id":"https:\/\/csunitec.com\/es\/producto\/amoladora-horizontal-hidraulica-subacuatica\/#breadcrumb"},"inLanguage":"es","potentialAction":[{"@type":"ReadAction","target":["https:\/\/csunitec.com\/es\/producto\/amoladora-horizontal-hidraulica-subacuatica\/"]}]},{"@type":"ImageObject","inLanguage":"es","@id":"https:\/\/csunitec.com\/es\/producto\/amoladora-horizontal-hidraulica-subacuatica\/#primaryimage","url":"https:\/\/csunitec.com\/wp-content\/uploads\/2025\/04\/Hydraulic-Horizontal-Grinder-1-2-1.png","contentUrl":"https:\/\/csunitec.com\/wp-content\/uploads\/2025\/04\/Hydraulic-Horizontal-Grinder-1-2-1.png","width":1000,"height":1000},{"@type":"BreadcrumbList","@id":"https:\/\/csunitec.com\/es\/producto\/amoladora-horizontal-hidraulica-subacuatica\/#breadcrumb","itemListElement":[{"@type":"ListItem","position":1,"name":"Inicio","item":"https:\/\/csunitec.com\/es\/"},{"@type":"ListItem","position":2,"name":"Tienda","item":"https:\/\/csunitec.com\/es\/tienda\/"},{"@type":"ListItem","position":3,"name":"Amoladora Horizontal Hidr\u00e1ulica Subacu\u00e1tica"}]},{"@type":"WebSite","@id":"https:\/\/csunitec.com\/es\/#website","url":"https:\/\/csunitec.com\/es\/","name":"CS Unitec","description":"","potentialAction":[{"@type":"SearchAction","target":{"@type":"EntryPoint","urlTemplate":"https:\/\/csunitec.com\/es\/?s={search_term_string}"},"query-input":{"@type":"PropertyValueSpecification","valueRequired":true,"valueName":"search_term_string"}}],"inLanguage":"es"}]}},"_links":{"self":[{"href":"https:\/\/csunitec.com\/es\/wp-json\/wp\/v2\/product\/178503","targetHints":{"allow":["GET"]}}],"collection":[{"href":"https:\/\/csunitec.com\/es\/wp-json\/wp\/v2\/product"}],"about":[{"href":"https:\/\/csunitec.com\/es\/wp-json\/wp\/v2\/types\/product"}],"wp:featuredmedia":[{"embeddable":true,"href":"https:\/\/csunitec.com\/es\/wp-json\/wp\/v2\/media\/178509"}],"wp:attachment":[{"href":"https:\/\/csunitec.com\/es\/wp-json\/wp\/v2\/media?parent=178503"}],"wp:term":[{"taxonomy":"product_brand","embeddable":true,"href":"https:\/\/csunitec.com\/es\/wp-json\/wp\/v2\/product_brand?post=178503"},{"taxonomy":"product_cat","embeddable":true,"href":"https:\/\/csunitec.com\/es\/wp-json\/wp\/v2\/product_cat?post=178503"},{"taxonomy":"product_tag","embeddable":true,"href":"https:\/\/csunitec.com\/es\/wp-json\/wp\/v2\/product_tag?post=178503"},{"taxonomy":"accessory_type","embeddable":true,"href":"https:\/\/csunitec.com\/es\/wp-json\/wp\/v2\/accessory_type?post=178503"},{"taxonomy":"application","embeddable":true,"href":"https:\/\/csunitec.com\/es\/wp-json\/wp\/v2\/application?post=178503"},{"taxonomy":"hand_tool_type","embeddable":true,"href":"https:\/\/csunitec.com\/es\/wp-json\/wp\/v2\/hand_tool_type?post=178503"},{"taxonomy":"industry","embeddable":true,"href":"https:\/\/csunitec.com\/es\/wp-json\/wp\/v2\/industry?post=178503"},{"taxonomy":"material","embeddable":true,"href":"https:\/\/csunitec.com\/es\/wp-json\/wp\/v2\/material?post=178503"},{"taxonomy":"power_tool_type","embeddable":true,"href":"https:\/\/csunitec.com\/es\/wp-json\/wp\/v2\/power_tool_type?post=178503"},{"taxonomy":"power_type","embeddable":true,"href":"https:\/\/csunitec.com\/es\/wp-json\/wp\/v2\/power_type?post=178503"},{"taxonomy":"subcategory","embeddable":true,"href":"https:\/\/csunitec.com\/es\/wp-json\/wp\/v2\/subcategory?post=178503"},{"taxonomy":"tool_type","embeddable":true,"href":"https:\/\/csunitec.com\/es\/wp-json\/wp\/v2\/tool_type?post=178503"}],"curies":[{"name":"wp","href":"https:\/\/api.w.org\/{rel}","templated":true}]}}