{"id":178508,"date":"2024-12-07T03:48:00","date_gmt":"2024-12-07T03:48:00","guid":{"rendered":"https:\/\/stgcsunitec.wpenginepowered.com\/product\/maquina-fregadora-de-hormigon\/"},"modified":"2024-12-07T03:48:00","modified_gmt":"2024-12-07T08:48:00","slug":"maquina-fregadora-de-hormigon","status":"publish","type":"product","link":"https:\/\/csunitec.com\/es\/producto\/maquina-fregadora-de-hormigon\/","title":{"rendered":"M\u00e1quina fregadora de hormig\u00f3n"},"content":{"rendered":"<ul>\n<li>La m\u00e1quina de fregado de hormig\u00f3n es ideal para la renovaci\u00f3n profesional y la preparaci\u00f3n de superficies. Permite a los contratistas desbastar, desincrustar, abrasionar y limpiar superficies de hormig\u00f3n de forma r\u00e1pida y eficaz. <\/li>\n<li>Muy utilizada para eliminar yeso, pintura vieja, adhesivos, cola de azulejos, pl\u00e1sticos y revestimientos de resina. Una herramienta vers\u00e1til para proyectos de restauraci\u00f3n y remodelaci\u00f3n. <\/li>\n<li>Eficaz para texturizar el hormig\u00f3n, ayudando a preparar las superficies para nuevos revestimientos, recubrimientos o materiales adhesivos.<\/li>\n<li>El control de profundidad ajustable lo hace adecuado para nivelar hormig\u00f3n o solado irregulares, permitiendo una retirada precisa del material sin da\u00f1ar el sustrato.<\/li>\n<li>Se utiliza para limpiar y revestir hormig\u00f3n en entornos industriales, donde el funcionamiento sin polvo es esencial para la seguridad y el cumplimiento de la normativa.<\/li>\n<\/ul>\n","protected":false},"excerpt":{"rendered":"<ul>\n<li>Potencia del motor: 13,6 Amperios<\/li>\n<li>Velocidad: 4000 RPM<\/li>\n<li>Di\u00e1metro del cabezal de fresado: 5<\/li>\n<li>Ajuste de profundidad: 0.02&#8243;- 0.16&#8243;<\/li>\n<\/ul>\n","protected":false},"featured_media":178512,"template":"","meta":[],"product_brand":[],"product_cat":[1033],"product_tag":[1037,1197],"accessory_type":[],"application":[1042],"hand_tool_type":[],"industry":[931],"material":[],"power_tool_type":[1117],"power_type":[936],"subcategory":[1123],"tool_type":[946],"class_list":{"0":"post-178508","1":"product","2":"type-product","3":"status-publish","4":"has-post-thumbnail","6":"product_cat-preparacion-de-superficies","7":"product_tag-preparacion-de-la-superficie-del-hormigon","8":"product_tag-estropajos","9":"application-corte-y-conformado","10":"industry-hormigon-y-mamposteria","11":"power_tool_type-escarificador","12":"power_type-electrico","13":"subcategory-escarificadoras","14":"tool_type-herramienta-electrica","16":"first","17":"instock","18":"shipping-taxable","19":"purchasable","20":"product-type-simple"},"yoast_head":"<!-- This site is optimized with the Yoast SEO plugin v27.5 - https:\/\/yoast.com\/product\/yoast-seo-wordpress\/ -->\n<title>M\u00e1quina fregadora de hormig\u00f3n - CS Unitec<\/title>\n<meta name=\"description\" content=\"La m\u00e1quina para desencofrar hormig\u00f3n permite al usuario desprender yeso, desbastar hormig\u00f3n, nivelar solado o eliminar pintura vieja. Equipada con aspiraci\u00f3n de polvo.\" \/>\n<meta name=\"robots\" content=\"index, follow, max-snippet:-1, max-image-preview:large, max-video-preview:-1\" \/>\n<link rel=\"canonical\" href=\"https:\/\/csunitec.com\/es\/producto\/maquina-fregadora-de-hormigon\/\" \/>\n<meta property=\"og:locale\" content=\"es_ES\" \/>\n<meta property=\"og:type\" content=\"article\" \/>\n<meta property=\"og:title\" content=\"M\u00e1quina fregadora de hormig\u00f3n - CS Unitec\" \/>\n<meta property=\"og:description\" content=\"La m\u00e1quina para desencofrar hormig\u00f3n permite al usuario desprender yeso, desbastar hormig\u00f3n, nivelar solado o eliminar pintura vieja. Equipada con aspiraci\u00f3n de polvo.\" \/>\n<meta property=\"og:url\" content=\"https:\/\/csunitec.com\/es\/producto\/maquina-fregadora-de-hormigon\/\" \/>\n<meta property=\"og:site_name\" content=\"CS Unitec\" \/>\n<meta property=\"article:modified_time\" content=\"2024-12-07T08:48:00+00:00\" \/>\n<meta property=\"og:image\" content=\"https:\/\/csunitec.com\/wp-content\/uploads\/2025\/04\/Concrete-Scouring-Machine-1-2-1.png\" \/>\n\t<meta property=\"og:image:width\" content=\"1000\" \/>\n\t<meta property=\"og:image:height\" content=\"1000\" \/>\n\t<meta property=\"og:image:type\" content=\"image\/png\" \/>\n<meta name=\"twitter:card\" content=\"summary_large_image\" \/>\n<meta name=\"twitter:label1\" content=\"Tiempo de lectura\" \/>\n\t<meta name=\"twitter:data1\" content=\"1 minuto\" \/>\n<script type=\"application\/ld+json\" class=\"yoast-schema-graph\">{\"@context\":\"https:\\\/\\\/schema.org\",\"@graph\":[{\"@type\":\"WebPage\",\"@id\":\"https:\\\/\\\/csunitec.com\\\/es\\\/producto\\\/maquina-fregadora-de-hormigon\\\/\",\"url\":\"https:\\\/\\\/csunitec.com\\\/es\\\/producto\\\/maquina-fregadora-de-hormigon\\\/\",\"name\":\"M\u00e1quina fregadora de hormig\u00f3n - CS Unitec\",\"isPartOf\":{\"@id\":\"https:\\\/\\\/csunitec.com\\\/es\\\/#website\"},\"primaryImageOfPage\":{\"@id\":\"https:\\\/\\\/csunitec.com\\\/es\\\/producto\\\/maquina-fregadora-de-hormigon\\\/#primaryimage\"},\"image\":{\"@id\":\"https:\\\/\\\/csunitec.com\\\/es\\\/producto\\\/maquina-fregadora-de-hormigon\\\/#primaryimage\"},\"thumbnailUrl\":\"https:\\\/\\\/csunitec.com\\\/wp-content\\\/uploads\\\/2025\\\/04\\\/Concrete-Scouring-Machine-1-2-1.png\",\"datePublished\":\"2024-12-07T03:48:00+00:00\",\"dateModified\":\"2024-12-07T08:48:00+00:00\",\"description\":\"La m\u00e1quina para desencofrar hormig\u00f3n permite al usuario desprender yeso, desbastar hormig\u00f3n, nivelar solado o eliminar pintura vieja. Equipada con aspiraci\u00f3n de polvo.\",\"breadcrumb\":{\"@id\":\"https:\\\/\\\/csunitec.com\\\/es\\\/producto\\\/maquina-fregadora-de-hormigon\\\/#breadcrumb\"},\"inLanguage\":\"es\",\"potentialAction\":[{\"@type\":\"ReadAction\",\"target\":[\"https:\\\/\\\/csunitec.com\\\/es\\\/producto\\\/maquina-fregadora-de-hormigon\\\/\"]}]},{\"@type\":\"ImageObject\",\"inLanguage\":\"es\",\"@id\":\"https:\\\/\\\/csunitec.com\\\/es\\\/producto\\\/maquina-fregadora-de-hormigon\\\/#primaryimage\",\"url\":\"https:\\\/\\\/csunitec.com\\\/wp-content\\\/uploads\\\/2025\\\/04\\\/Concrete-Scouring-Machine-1-2-1.png\",\"contentUrl\":\"https:\\\/\\\/csunitec.com\\\/wp-content\\\/uploads\\\/2025\\\/04\\\/Concrete-Scouring-Machine-1-2-1.png\",\"width\":1000,\"height\":1000},{\"@type\":\"BreadcrumbList\",\"@id\":\"https:\\\/\\\/csunitec.com\\\/es\\\/producto\\\/maquina-fregadora-de-hormigon\\\/#breadcrumb\",\"itemListElement\":[{\"@type\":\"ListItem\",\"position\":1,\"name\":\"Inicio\",\"item\":\"https:\\\/\\\/csunitec.com\\\/es\\\/\"},{\"@type\":\"ListItem\",\"position\":2,\"name\":\"Tienda\",\"item\":\"https:\\\/\\\/csunitec.com\\\/es\\\/tienda\\\/\"},{\"@type\":\"ListItem\",\"position\":3,\"name\":\"M\u00e1quina fregadora de hormig\u00f3n\"}]},{\"@type\":\"WebSite\",\"@id\":\"https:\\\/\\\/csunitec.com\\\/es\\\/#website\",\"url\":\"https:\\\/\\\/csunitec.com\\\/es\\\/\",\"name\":\"CS Unitec\",\"description\":\"\",\"potentialAction\":[{\"@type\":\"SearchAction\",\"target\":{\"@type\":\"EntryPoint\",\"urlTemplate\":\"https:\\\/\\\/csunitec.com\\\/es\\\/?s={search_term_string}\"},\"query-input\":{\"@type\":\"PropertyValueSpecification\",\"valueRequired\":true,\"valueName\":\"search_term_string\"}}],\"inLanguage\":\"es\"}]}<\/script>\n<!-- \/ Yoast SEO plugin. -->","yoast_head_json":{"title":"M\u00e1quina fregadora de hormig\u00f3n - CS Unitec","description":"La m\u00e1quina para desencofrar hormig\u00f3n permite al usuario desprender yeso, desbastar hormig\u00f3n, nivelar solado o eliminar pintura vieja. Equipada con aspiraci\u00f3n de polvo.","robots":{"index":"index","follow":"follow","max-snippet":"max-snippet:-1","max-image-preview":"max-image-preview:large","max-video-preview":"max-video-preview:-1"},"canonical":"https:\/\/csunitec.com\/es\/producto\/maquina-fregadora-de-hormigon\/","og_locale":"es_ES","og_type":"article","og_title":"M\u00e1quina fregadora de hormig\u00f3n - CS Unitec","og_description":"La m\u00e1quina para desencofrar hormig\u00f3n permite al usuario desprender yeso, desbastar hormig\u00f3n, nivelar solado o eliminar pintura vieja. Equipada con aspiraci\u00f3n de polvo.","og_url":"https:\/\/csunitec.com\/es\/producto\/maquina-fregadora-de-hormigon\/","og_site_name":"CS Unitec","article_modified_time":"2024-12-07T08:48:00+00:00","og_image":[{"width":1000,"height":1000,"url":"https:\/\/csunitec.com\/wp-content\/uploads\/2025\/04\/Concrete-Scouring-Machine-1-2-1.png","type":"image\/png"}],"twitter_card":"summary_large_image","twitter_misc":{"Tiempo de lectura":"1 minuto"},"schema":{"@context":"https:\/\/schema.org","@graph":[{"@type":"WebPage","@id":"https:\/\/csunitec.com\/es\/producto\/maquina-fregadora-de-hormigon\/","url":"https:\/\/csunitec.com\/es\/producto\/maquina-fregadora-de-hormigon\/","name":"M\u00e1quina fregadora de hormig\u00f3n - CS Unitec","isPartOf":{"@id":"https:\/\/csunitec.com\/es\/#website"},"primaryImageOfPage":{"@id":"https:\/\/csunitec.com\/es\/producto\/maquina-fregadora-de-hormigon\/#primaryimage"},"image":{"@id":"https:\/\/csunitec.com\/es\/producto\/maquina-fregadora-de-hormigon\/#primaryimage"},"thumbnailUrl":"https:\/\/csunitec.com\/wp-content\/uploads\/2025\/04\/Concrete-Scouring-Machine-1-2-1.png","datePublished":"2024-12-07T03:48:00+00:00","dateModified":"2024-12-07T08:48:00+00:00","description":"La m\u00e1quina para desencofrar hormig\u00f3n permite al usuario desprender yeso, desbastar hormig\u00f3n, nivelar solado o eliminar pintura vieja. Equipada con aspiraci\u00f3n de polvo.","breadcrumb":{"@id":"https:\/\/csunitec.com\/es\/producto\/maquina-fregadora-de-hormigon\/#breadcrumb"},"inLanguage":"es","potentialAction":[{"@type":"ReadAction","target":["https:\/\/csunitec.com\/es\/producto\/maquina-fregadora-de-hormigon\/"]}]},{"@type":"ImageObject","inLanguage":"es","@id":"https:\/\/csunitec.com\/es\/producto\/maquina-fregadora-de-hormigon\/#primaryimage","url":"https:\/\/csunitec.com\/wp-content\/uploads\/2025\/04\/Concrete-Scouring-Machine-1-2-1.png","contentUrl":"https:\/\/csunitec.com\/wp-content\/uploads\/2025\/04\/Concrete-Scouring-Machine-1-2-1.png","width":1000,"height":1000},{"@type":"BreadcrumbList","@id":"https:\/\/csunitec.com\/es\/producto\/maquina-fregadora-de-hormigon\/#breadcrumb","itemListElement":[{"@type":"ListItem","position":1,"name":"Inicio","item":"https:\/\/csunitec.com\/es\/"},{"@type":"ListItem","position":2,"name":"Tienda","item":"https:\/\/csunitec.com\/es\/tienda\/"},{"@type":"ListItem","position":3,"name":"M\u00e1quina fregadora de hormig\u00f3n"}]},{"@type":"WebSite","@id":"https:\/\/csunitec.com\/es\/#website","url":"https:\/\/csunitec.com\/es\/","name":"CS Unitec","description":"","potentialAction":[{"@type":"SearchAction","target":{"@type":"EntryPoint","urlTemplate":"https:\/\/csunitec.com\/es\/?s={search_term_string}"},"query-input":{"@type":"PropertyValueSpecification","valueRequired":true,"valueName":"search_term_string"}}],"inLanguage":"es"}]}},"_links":{"self":[{"href":"https:\/\/csunitec.com\/es\/wp-json\/wp\/v2\/product\/178508","targetHints":{"allow":["GET"]}}],"collection":[{"href":"https:\/\/csunitec.com\/es\/wp-json\/wp\/v2\/product"}],"about":[{"href":"https:\/\/csunitec.com\/es\/wp-json\/wp\/v2\/types\/product"}],"wp:featuredmedia":[{"embeddable":true,"href":"https:\/\/csunitec.com\/es\/wp-json\/wp\/v2\/media\/178512"}],"wp:attachment":[{"href":"https:\/\/csunitec.com\/es\/wp-json\/wp\/v2\/media?parent=178508"}],"wp:term":[{"taxonomy":"product_brand","embeddable":true,"href":"https:\/\/csunitec.com\/es\/wp-json\/wp\/v2\/product_brand?post=178508"},{"taxonomy":"product_cat","embeddable":true,"href":"https:\/\/csunitec.com\/es\/wp-json\/wp\/v2\/product_cat?post=178508"},{"taxonomy":"product_tag","embeddable":true,"href":"https:\/\/csunitec.com\/es\/wp-json\/wp\/v2\/product_tag?post=178508"},{"taxonomy":"accessory_type","embeddable":true,"href":"https:\/\/csunitec.com\/es\/wp-json\/wp\/v2\/accessory_type?post=178508"},{"taxonomy":"application","embeddable":true,"href":"https:\/\/csunitec.com\/es\/wp-json\/wp\/v2\/application?post=178508"},{"taxonomy":"hand_tool_type","embeddable":true,"href":"https:\/\/csunitec.com\/es\/wp-json\/wp\/v2\/hand_tool_type?post=178508"},{"taxonomy":"industry","embeddable":true,"href":"https:\/\/csunitec.com\/es\/wp-json\/wp\/v2\/industry?post=178508"},{"taxonomy":"material","embeddable":true,"href":"https:\/\/csunitec.com\/es\/wp-json\/wp\/v2\/material?post=178508"},{"taxonomy":"power_tool_type","embeddable":true,"href":"https:\/\/csunitec.com\/es\/wp-json\/wp\/v2\/power_tool_type?post=178508"},{"taxonomy":"power_type","embeddable":true,"href":"https:\/\/csunitec.com\/es\/wp-json\/wp\/v2\/power_type?post=178508"},{"taxonomy":"subcategory","embeddable":true,"href":"https:\/\/csunitec.com\/es\/wp-json\/wp\/v2\/subcategory?post=178508"},{"taxonomy":"tool_type","embeddable":true,"href":"https:\/\/csunitec.com\/es\/wp-json\/wp\/v2\/tool_type?post=178508"}],"curies":[{"name":"wp","href":"https:\/\/api.w.org\/{rel}","templated":true}]}}