{"id":178514,"date":"2024-12-07T04:03:00","date_gmt":"2024-12-07T04:03:00","guid":{"rendered":"https:\/\/stgcsunitec.wpenginepowered.com\/product\/escarificador-electrico-de-hormigon-de-8-con-operador-a-pie\/"},"modified":"2024-12-07T04:03:00","modified_gmt":"2024-12-07T09:03:00","slug":"escarificador-electrico-de-hormigon-de-8-con-operador-a-pie","status":"publish","type":"product","link":"https:\/\/csunitec.com\/es\/producto\/escarificador-electrico-de-hormigon-de-8-con-operador-a-pie\/","title":{"rendered":"Escarificador El\u00e9ctrico de Hormig\u00f3n de 8&#8243; con operador a pie"},"content":{"rendered":"<ul>\n<li>Escarificador El\u00e9ctrico de Hormig\u00f3n de 8&#8243; ideal para eliminar revestimientos, epoxis, pinturas, l\u00edneas de tr\u00e1fico, termopl\u00e1sticos y adhesivos para moquetas en hormig\u00f3n y asfalto.<\/li>\n<li>La TFP 200 proporciona una eliminaci\u00f3n agresiva de material para trabajos peque\u00f1os y medianos de preparaci\u00f3n de superficies en entornos comerciales, industriales y municipales, como aparcamientos, almacenes e instalaciones de mantenimiento.<\/li>\n<li>Perfecto para nivelar superficies de hormig\u00f3n, asfalto y piedra, elimina los puntos altos, los levantamientos de las aceras y las losas irregulares para eliminar los peligros de tropiezo y crear una superficie lisa y uniforme para reparar o repavimentar.<\/li>\n<li>El Escarificador El\u00e9ctrico de Hormig\u00f3n de 8&#8243; produce un perfil consistente para revestimientos, recubrimientos, sistemas de impermeabilizaci\u00f3n y aplicaciones de repavimentaci\u00f3n, ideal para contratistas, instaladores de suelos y equipos de restauraci\u00f3n.<\/li>\n<li>Con el tambor de corte adecuado, el TFP 200 elimina el \u00f3xido, las incrustaciones, la pintura y la corrosi\u00f3n de cubiertas de barcos, plataformas industriales y suelos met\u00e1licos.<\/li>\n<li>Los tambores de cambio r\u00e1pido y las m\u00faltiples opciones de fresa permiten que una sola m\u00e1quina realice una amplia gama de tareas de preparaci\u00f3n de superficies, reduciendo el tiempo de inactividad y aumentando la productividad en la obra.<\/li>\n<\/ul>\n","protected":false},"excerpt":{"rendered":"<ul class=\"alexcss\">\n<li>Anchura de corte: 8<\/li>\n<li>Opciones de voltaje:<\/li>\n<li>120 V \/ 1 fase<\/li>\n<li>230 V \/ 1 fase<\/li>\n<li>400 V \/ trif\u00e1sico<\/li>\n<li>Tasa de producci\u00f3n\/hora: Hasta 500 pies cuadrados, hasta 1000 pies lineales. <\/li>\n<li>Potencia del motor: Hasta 3 CV<\/li>\n<\/ul>\n","protected":false},"featured_media":178519,"template":"","meta":[],"product_brand":[],"product_cat":[1033],"product_tag":[952,1037,1118,1120,1121],"accessory_type":[],"application":[1067],"hand_tool_type":[],"industry":[931],"material":[],"power_tool_type":[1117],"power_type":[936],"subcategory":[1123],"tool_type":[946],"class_list":{"0":"post-178514","1":"product","2":"type-product","3":"status-publish","4":"has-post-thumbnail","6":"product_cat-preparacion-de-superficies","7":"product_tag-destacado","8":"product_tag-preparacion-de-la-superficie-del-hormigon","9":"product_tag-escarificadoras","10":"product_tag-escarificadores-electricos","11":"product_tag-escarificadores-manuales","12":"application-corte-y-demolicion","13":"industry-hormigon-y-mamposteria","14":"power_tool_type-escarificador","15":"power_type-electrico","16":"subcategory-escarificadoras","17":"tool_type-herramienta-electrica","19":"first","20":"instock","21":"shipping-taxable","22":"purchasable","23":"product-type-variable"},"yoast_head":"<!-- This site is optimized with the Yoast SEO plugin v27.5 - https:\/\/yoast.com\/product\/yoast-seo-wordpress\/ -->\n<title>Escarificador El\u00e9ctrico de Hormig\u00f3n de 8&quot; con operador a pie - CS Unitec<\/title>\n<meta name=\"description\" content=\"El Escarificador El\u00e9ctrico de Hormig\u00f3n de 8&quot; proporciona una eliminaci\u00f3n agresiva de material para trabajos de preparaci\u00f3n de superficies de tama\u00f1o peque\u00f1o a mediano. Nivela hormig\u00f3n, elimina revestimientos\" \/>\n<meta name=\"robots\" content=\"index, follow, max-snippet:-1, max-image-preview:large, max-video-preview:-1\" \/>\n<link rel=\"canonical\" href=\"https:\/\/csunitec.com\/es\/producto\/escarificador-electrico-de-hormigon-de-8-con-operador-a-pie\/\" \/>\n<meta property=\"og:locale\" content=\"es_ES\" \/>\n<meta property=\"og:type\" content=\"article\" \/>\n<meta property=\"og:title\" content=\"Escarificador El\u00e9ctrico de Hormig\u00f3n de 8&quot; con operador a pie - CS Unitec\" \/>\n<meta property=\"og:description\" content=\"El Escarificador El\u00e9ctrico de Hormig\u00f3n de 8&quot; proporciona una eliminaci\u00f3n agresiva de material para trabajos de preparaci\u00f3n de superficies de tama\u00f1o peque\u00f1o a mediano. Nivela hormig\u00f3n, elimina revestimientos\" \/>\n<meta property=\"og:url\" content=\"https:\/\/csunitec.com\/es\/producto\/escarificador-electrico-de-hormigon-de-8-con-operador-a-pie\/\" \/>\n<meta property=\"og:site_name\" content=\"CS Unitec\" \/>\n<meta property=\"article:modified_time\" content=\"2024-12-07T09:03:00+00:00\" \/>\n<meta property=\"og:image\" content=\"https:\/\/csunitec.com\/wp-content\/uploads\/2025\/04\/Walk-Behind-Electric-Scarifier-8-in-1-2-2-1.png\" \/>\n\t<meta property=\"og:image:width\" content=\"1000\" \/>\n\t<meta property=\"og:image:height\" content=\"1000\" \/>\n\t<meta property=\"og:image:type\" content=\"image\/png\" \/>\n<meta name=\"twitter:card\" content=\"summary_large_image\" \/>\n<meta name=\"twitter:label1\" content=\"Tiempo de lectura\" \/>\n\t<meta name=\"twitter:data1\" content=\"1 minuto\" \/>\n<script type=\"application\/ld+json\" class=\"yoast-schema-graph\">{\"@context\":\"https:\\\/\\\/schema.org\",\"@graph\":[{\"@type\":\"WebPage\",\"@id\":\"https:\\\/\\\/csunitec.com\\\/es\\\/producto\\\/escarificador-electrico-de-hormigon-de-8-con-operador-a-pie\\\/\",\"url\":\"https:\\\/\\\/csunitec.com\\\/es\\\/producto\\\/escarificador-electrico-de-hormigon-de-8-con-operador-a-pie\\\/\",\"name\":\"Escarificador El\u00e9ctrico de Hormig\u00f3n de 8\\\" con operador a pie - CS Unitec\",\"isPartOf\":{\"@id\":\"https:\\\/\\\/csunitec.com\\\/es\\\/#website\"},\"primaryImageOfPage\":{\"@id\":\"https:\\\/\\\/csunitec.com\\\/es\\\/producto\\\/escarificador-electrico-de-hormigon-de-8-con-operador-a-pie\\\/#primaryimage\"},\"image\":{\"@id\":\"https:\\\/\\\/csunitec.com\\\/es\\\/producto\\\/escarificador-electrico-de-hormigon-de-8-con-operador-a-pie\\\/#primaryimage\"},\"thumbnailUrl\":\"https:\\\/\\\/csunitec.com\\\/wp-content\\\/uploads\\\/2025\\\/04\\\/Walk-Behind-Electric-Scarifier-8-in-1-2-2-1.png\",\"datePublished\":\"2024-12-07T04:03:00+00:00\",\"dateModified\":\"2024-12-07T09:03:00+00:00\",\"description\":\"El Escarificador El\u00e9ctrico de Hormig\u00f3n de 8\\\" proporciona una eliminaci\u00f3n agresiva de material para trabajos de preparaci\u00f3n de superficies de tama\u00f1o peque\u00f1o a mediano. Nivela hormig\u00f3n, elimina revestimientos\",\"breadcrumb\":{\"@id\":\"https:\\\/\\\/csunitec.com\\\/es\\\/producto\\\/escarificador-electrico-de-hormigon-de-8-con-operador-a-pie\\\/#breadcrumb\"},\"inLanguage\":\"es\",\"potentialAction\":[{\"@type\":\"ReadAction\",\"target\":[\"https:\\\/\\\/csunitec.com\\\/es\\\/producto\\\/escarificador-electrico-de-hormigon-de-8-con-operador-a-pie\\\/\"]}]},{\"@type\":\"ImageObject\",\"inLanguage\":\"es\",\"@id\":\"https:\\\/\\\/csunitec.com\\\/es\\\/producto\\\/escarificador-electrico-de-hormigon-de-8-con-operador-a-pie\\\/#primaryimage\",\"url\":\"https:\\\/\\\/csunitec.com\\\/wp-content\\\/uploads\\\/2025\\\/04\\\/Walk-Behind-Electric-Scarifier-8-in-1-2-2-1.png\",\"contentUrl\":\"https:\\\/\\\/csunitec.com\\\/wp-content\\\/uploads\\\/2025\\\/04\\\/Walk-Behind-Electric-Scarifier-8-in-1-2-2-1.png\",\"width\":1000,\"height\":1000},{\"@type\":\"BreadcrumbList\",\"@id\":\"https:\\\/\\\/csunitec.com\\\/es\\\/producto\\\/escarificador-electrico-de-hormigon-de-8-con-operador-a-pie\\\/#breadcrumb\",\"itemListElement\":[{\"@type\":\"ListItem\",\"position\":1,\"name\":\"Inicio\",\"item\":\"https:\\\/\\\/csunitec.com\\\/es\\\/\"},{\"@type\":\"ListItem\",\"position\":2,\"name\":\"Tienda\",\"item\":\"https:\\\/\\\/csunitec.com\\\/es\\\/tienda\\\/\"},{\"@type\":\"ListItem\",\"position\":3,\"name\":\"Escarificador El\u00e9ctrico de Hormig\u00f3n de 8&#8243; con operador a pie\"}]},{\"@type\":\"WebSite\",\"@id\":\"https:\\\/\\\/csunitec.com\\\/es\\\/#website\",\"url\":\"https:\\\/\\\/csunitec.com\\\/es\\\/\",\"name\":\"CS Unitec\",\"description\":\"\",\"potentialAction\":[{\"@type\":\"SearchAction\",\"target\":{\"@type\":\"EntryPoint\",\"urlTemplate\":\"https:\\\/\\\/csunitec.com\\\/es\\\/?s={search_term_string}\"},\"query-input\":{\"@type\":\"PropertyValueSpecification\",\"valueRequired\":true,\"valueName\":\"search_term_string\"}}],\"inLanguage\":\"es\"}]}<\/script>\n<!-- \/ Yoast SEO plugin. -->","yoast_head_json":{"title":"Escarificador El\u00e9ctrico de Hormig\u00f3n de 8\" con operador a pie - CS Unitec","description":"El Escarificador El\u00e9ctrico de Hormig\u00f3n de 8\" proporciona una eliminaci\u00f3n agresiva de material para trabajos de preparaci\u00f3n de superficies de tama\u00f1o peque\u00f1o a mediano. Nivela hormig\u00f3n, elimina revestimientos","robots":{"index":"index","follow":"follow","max-snippet":"max-snippet:-1","max-image-preview":"max-image-preview:large","max-video-preview":"max-video-preview:-1"},"canonical":"https:\/\/csunitec.com\/es\/producto\/escarificador-electrico-de-hormigon-de-8-con-operador-a-pie\/","og_locale":"es_ES","og_type":"article","og_title":"Escarificador El\u00e9ctrico de Hormig\u00f3n de 8\" con operador a pie - CS Unitec","og_description":"El Escarificador El\u00e9ctrico de Hormig\u00f3n de 8\" proporciona una eliminaci\u00f3n agresiva de material para trabajos de preparaci\u00f3n de superficies de tama\u00f1o peque\u00f1o a mediano. Nivela hormig\u00f3n, elimina revestimientos","og_url":"https:\/\/csunitec.com\/es\/producto\/escarificador-electrico-de-hormigon-de-8-con-operador-a-pie\/","og_site_name":"CS Unitec","article_modified_time":"2024-12-07T09:03:00+00:00","og_image":[{"width":1000,"height":1000,"url":"https:\/\/csunitec.com\/wp-content\/uploads\/2025\/04\/Walk-Behind-Electric-Scarifier-8-in-1-2-2-1.png","type":"image\/png"}],"twitter_card":"summary_large_image","twitter_misc":{"Tiempo de lectura":"1 minuto"},"schema":{"@context":"https:\/\/schema.org","@graph":[{"@type":"WebPage","@id":"https:\/\/csunitec.com\/es\/producto\/escarificador-electrico-de-hormigon-de-8-con-operador-a-pie\/","url":"https:\/\/csunitec.com\/es\/producto\/escarificador-electrico-de-hormigon-de-8-con-operador-a-pie\/","name":"Escarificador El\u00e9ctrico de Hormig\u00f3n de 8\" con operador a pie - CS Unitec","isPartOf":{"@id":"https:\/\/csunitec.com\/es\/#website"},"primaryImageOfPage":{"@id":"https:\/\/csunitec.com\/es\/producto\/escarificador-electrico-de-hormigon-de-8-con-operador-a-pie\/#primaryimage"},"image":{"@id":"https:\/\/csunitec.com\/es\/producto\/escarificador-electrico-de-hormigon-de-8-con-operador-a-pie\/#primaryimage"},"thumbnailUrl":"https:\/\/csunitec.com\/wp-content\/uploads\/2025\/04\/Walk-Behind-Electric-Scarifier-8-in-1-2-2-1.png","datePublished":"2024-12-07T04:03:00+00:00","dateModified":"2024-12-07T09:03:00+00:00","description":"El Escarificador El\u00e9ctrico de Hormig\u00f3n de 8\" proporciona una eliminaci\u00f3n agresiva de material para trabajos de preparaci\u00f3n de superficies de tama\u00f1o peque\u00f1o a mediano. Nivela hormig\u00f3n, elimina revestimientos","breadcrumb":{"@id":"https:\/\/csunitec.com\/es\/producto\/escarificador-electrico-de-hormigon-de-8-con-operador-a-pie\/#breadcrumb"},"inLanguage":"es","potentialAction":[{"@type":"ReadAction","target":["https:\/\/csunitec.com\/es\/producto\/escarificador-electrico-de-hormigon-de-8-con-operador-a-pie\/"]}]},{"@type":"ImageObject","inLanguage":"es","@id":"https:\/\/csunitec.com\/es\/producto\/escarificador-electrico-de-hormigon-de-8-con-operador-a-pie\/#primaryimage","url":"https:\/\/csunitec.com\/wp-content\/uploads\/2025\/04\/Walk-Behind-Electric-Scarifier-8-in-1-2-2-1.png","contentUrl":"https:\/\/csunitec.com\/wp-content\/uploads\/2025\/04\/Walk-Behind-Electric-Scarifier-8-in-1-2-2-1.png","width":1000,"height":1000},{"@type":"BreadcrumbList","@id":"https:\/\/csunitec.com\/es\/producto\/escarificador-electrico-de-hormigon-de-8-con-operador-a-pie\/#breadcrumb","itemListElement":[{"@type":"ListItem","position":1,"name":"Inicio","item":"https:\/\/csunitec.com\/es\/"},{"@type":"ListItem","position":2,"name":"Tienda","item":"https:\/\/csunitec.com\/es\/tienda\/"},{"@type":"ListItem","position":3,"name":"Escarificador El\u00e9ctrico de Hormig\u00f3n de 8&#8243; con operador a pie"}]},{"@type":"WebSite","@id":"https:\/\/csunitec.com\/es\/#website","url":"https:\/\/csunitec.com\/es\/","name":"CS Unitec","description":"","potentialAction":[{"@type":"SearchAction","target":{"@type":"EntryPoint","urlTemplate":"https:\/\/csunitec.com\/es\/?s={search_term_string}"},"query-input":{"@type":"PropertyValueSpecification","valueRequired":true,"valueName":"search_term_string"}}],"inLanguage":"es"}]}},"_links":{"self":[{"href":"https:\/\/csunitec.com\/es\/wp-json\/wp\/v2\/product\/178514","targetHints":{"allow":["GET"]}}],"collection":[{"href":"https:\/\/csunitec.com\/es\/wp-json\/wp\/v2\/product"}],"about":[{"href":"https:\/\/csunitec.com\/es\/wp-json\/wp\/v2\/types\/product"}],"wp:featuredmedia":[{"embeddable":true,"href":"https:\/\/csunitec.com\/es\/wp-json\/wp\/v2\/media\/178519"}],"wp:attachment":[{"href":"https:\/\/csunitec.com\/es\/wp-json\/wp\/v2\/media?parent=178514"}],"wp:term":[{"taxonomy":"product_brand","embeddable":true,"href":"https:\/\/csunitec.com\/es\/wp-json\/wp\/v2\/product_brand?post=178514"},{"taxonomy":"product_cat","embeddable":true,"href":"https:\/\/csunitec.com\/es\/wp-json\/wp\/v2\/product_cat?post=178514"},{"taxonomy":"product_tag","embeddable":true,"href":"https:\/\/csunitec.com\/es\/wp-json\/wp\/v2\/product_tag?post=178514"},{"taxonomy":"accessory_type","embeddable":true,"href":"https:\/\/csunitec.com\/es\/wp-json\/wp\/v2\/accessory_type?post=178514"},{"taxonomy":"application","embeddable":true,"href":"https:\/\/csunitec.com\/es\/wp-json\/wp\/v2\/application?post=178514"},{"taxonomy":"hand_tool_type","embeddable":true,"href":"https:\/\/csunitec.com\/es\/wp-json\/wp\/v2\/hand_tool_type?post=178514"},{"taxonomy":"industry","embeddable":true,"href":"https:\/\/csunitec.com\/es\/wp-json\/wp\/v2\/industry?post=178514"},{"taxonomy":"material","embeddable":true,"href":"https:\/\/csunitec.com\/es\/wp-json\/wp\/v2\/material?post=178514"},{"taxonomy":"power_tool_type","embeddable":true,"href":"https:\/\/csunitec.com\/es\/wp-json\/wp\/v2\/power_tool_type?post=178514"},{"taxonomy":"power_type","embeddable":true,"href":"https:\/\/csunitec.com\/es\/wp-json\/wp\/v2\/power_type?post=178514"},{"taxonomy":"subcategory","embeddable":true,"href":"https:\/\/csunitec.com\/es\/wp-json\/wp\/v2\/subcategory?post=178514"},{"taxonomy":"tool_type","embeddable":true,"href":"https:\/\/csunitec.com\/es\/wp-json\/wp\/v2\/tool_type?post=178514"}],"curies":[{"name":"wp","href":"https:\/\/api.w.org\/{rel}","templated":true}]}}