{"id":178532,"date":"2024-12-07T20:43:00","date_gmt":"2024-12-08T01:43:00","guid":{"rendered":"https:\/\/stgcsunitec.wpenginepowered.com\/product\/escarificador-de-hormigon-a-gas-de-10-con-operador-a-pie\/"},"modified":"2024-12-07T20:43:00","modified_gmt":"2024-12-08T01:43:00","slug":"escarificador-de-hormigon-a-gas-de-10-con-operador-a-pie","status":"publish","type":"product","link":"https:\/\/csunitec.com\/es\/producto\/escarificador-de-hormigon-a-gas-de-10-con-operador-a-pie\/","title":{"rendered":"Escarificador de Hormig\u00f3n a Gas de 10&#8243; con operador a pie"},"content":{"rendered":"<ul>\n<li>El Escarificador de Suelos de Hormig\u00f3n a Gas de 10&#8243; con operador a pie proporciona una eliminaci\u00f3n agresiva y de alta producci\u00f3n para trabajos de preparaci\u00f3n de superficies de tama\u00f1o medio a grande en plantas industriales, aparcamientos, almacenes e instalaciones municipales, donde es esencial la eficacia en trayectorias anchas.<\/li>\n<li>Ideal para eliminar revestimientos, epoxis, pinturas, l\u00edneas de tr\u00e1fico, termopl\u00e1sticos y adhesivos para moquetas en hormig\u00f3n y asfalto.<\/li>\n<li>Perfecto para nivelar superficies de hormig\u00f3n, asfalto y piedra, elimina los puntos altos, los levantamientos de las aceras y las losas irregulares para eliminar los peligros de tropiezo y crear una superficie lisa y uniforme, lista para recubrimientos, reparaciones o repavimentaciones.<\/li>\n<li>Dise\u00f1ado para desbastar y cepillar hormig\u00f3n, asfalto y piedra. Produce perfiles de superficie consistentes para revestimientos, sistemas de impermeabilizaci\u00f3n y aplicaciones de repavimentaci\u00f3n. <\/li>\n<li>Escarificador de Hormig\u00f3n a Gas de 10&#8243; con operador a pie utilizado para ranuras de tracci\u00f3n, patrones antideslizantes y texturas especiales, incluido el ranurado de hormig\u00f3n en entornos agr\u00edcolas como establos e instalaciones ganaderas.<\/li>\n<li>Con el tambor de corte adecuado, el TFP 260 elimina el \u00f3xido, las incrustaciones, la pintura y la corrosi\u00f3n de cubiertas de barcos, plataformas industriales y suelos met\u00e1licos.<\/li>\n<\/ul>\n","protected":false},"excerpt":{"rendered":"<ul>\n<li>M\u00e1x. Profundidad de corte por pasada: 1\/4 <\/li>\n<li>Anchura de corte: 10<\/li>\n<li>Niveles de vibraci\u00f3n: 8,8 m\/s2<\/li>\n<li>Potencia del motor: 8 CV<\/li>\n<\/ul>\n","protected":false},"featured_media":167702,"template":"","meta":[],"product_brand":[],"product_cat":[1033],"product_tag":[1118,1199,1121,1037],"accessory_type":[],"application":[1067],"hand_tool_type":[],"industry":[931],"material":[],"power_tool_type":[1117],"power_type":[1198],"subcategory":[1123],"tool_type":[946],"class_list":{"0":"post-178532","1":"product","2":"type-product","3":"status-publish","4":"has-post-thumbnail","6":"product_cat-preparacion-de-superficies","7":"product_tag-escarificadoras","8":"product_tag-escarificadores-de-gas","9":"product_tag-escarificadores-manuales","10":"product_tag-preparacion-de-la-superficie-del-hormigon","11":"application-corte-y-demolicion","12":"industry-hormigon-y-mamposteria","13":"power_tool_type-escarificador","14":"power_type-gas","15":"subcategory-escarificadoras","16":"tool_type-herramienta-electrica","18":"first","19":"instock","20":"shipping-taxable","21":"purchasable","22":"product-type-simple"},"yoast_head":"<!-- This site is optimized with the Yoast SEO plugin v27.5 - https:\/\/yoast.com\/product\/yoast-seo-wordpress\/ -->\n<title>Escarificador de Hormig\u00f3n a Gas de 10&quot; con operador a pie - CS Unitec<\/title>\n<meta name=\"description\" content=\"Escarificador de Hormig\u00f3n a Gas de 10&quot; con operador a pie, dise\u00f1ado para realizar los trabajos m\u00e1s exigentes de arranque de material y preparaci\u00f3n de superficies. Cepillado de hormig\u00f3n y asfalto.\" \/>\n<meta name=\"robots\" content=\"index, follow, max-snippet:-1, max-image-preview:large, max-video-preview:-1\" \/>\n<link rel=\"canonical\" href=\"https:\/\/csunitec.com\/es\/producto\/escarificador-de-hormigon-a-gas-de-10-con-operador-a-pie\/\" \/>\n<meta property=\"og:locale\" content=\"es_ES\" \/>\n<meta property=\"og:type\" content=\"article\" \/>\n<meta property=\"og:title\" content=\"Escarificador de Hormig\u00f3n a Gas de 10&quot; con operador a pie - CS Unitec\" \/>\n<meta property=\"og:description\" content=\"Escarificador de Hormig\u00f3n a Gas de 10&quot; con operador a pie, dise\u00f1ado para realizar los trabajos m\u00e1s exigentes de arranque de material y preparaci\u00f3n de superficies. Cepillado de hormig\u00f3n y asfalto.\" \/>\n<meta property=\"og:url\" content=\"https:\/\/csunitec.com\/es\/producto\/escarificador-de-hormigon-a-gas-de-10-con-operador-a-pie\/\" \/>\n<meta property=\"og:site_name\" content=\"CS Unitec\" \/>\n<meta property=\"og:image\" content=\"https:\/\/csunitec.com\/wp-content\/uploads\/2025\/04\/10-in-Walk-Behind-Scarifier-Gas-1-2-1.png\" \/>\n\t<meta property=\"og:image:width\" content=\"1000\" \/>\n\t<meta property=\"og:image:height\" content=\"1000\" \/>\n\t<meta property=\"og:image:type\" content=\"image\/png\" \/>\n<meta name=\"twitter:card\" content=\"summary_large_image\" \/>\n<meta name=\"twitter:label1\" content=\"Tiempo de lectura\" \/>\n\t<meta name=\"twitter:data1\" content=\"1 minuto\" \/>\n<script type=\"application\/ld+json\" class=\"yoast-schema-graph\">{\"@context\":\"https:\\\/\\\/schema.org\",\"@graph\":[{\"@type\":\"WebPage\",\"@id\":\"https:\\\/\\\/csunitec.com\\\/es\\\/producto\\\/escarificador-de-hormigon-a-gas-de-10-con-operador-a-pie\\\/\",\"url\":\"https:\\\/\\\/csunitec.com\\\/es\\\/producto\\\/escarificador-de-hormigon-a-gas-de-10-con-operador-a-pie\\\/\",\"name\":\"Escarificador de Hormig\u00f3n a Gas de 10\\\" con operador a pie - CS Unitec\",\"isPartOf\":{\"@id\":\"https:\\\/\\\/csunitec.com\\\/es\\\/#website\"},\"primaryImageOfPage\":{\"@id\":\"https:\\\/\\\/csunitec.com\\\/es\\\/producto\\\/escarificador-de-hormigon-a-gas-de-10-con-operador-a-pie\\\/#primaryimage\"},\"image\":{\"@id\":\"https:\\\/\\\/csunitec.com\\\/es\\\/producto\\\/escarificador-de-hormigon-a-gas-de-10-con-operador-a-pie\\\/#primaryimage\"},\"thumbnailUrl\":\"https:\\\/\\\/csunitec.com\\\/wp-content\\\/uploads\\\/2025\\\/04\\\/10-in-Walk-Behind-Scarifier-Gas-1-2-1.png\",\"datePublished\":\"2024-12-08T01:43:00+00:00\",\"description\":\"Escarificador de Hormig\u00f3n a Gas de 10\\\" con operador a pie, dise\u00f1ado para realizar los trabajos m\u00e1s exigentes de arranque de material y preparaci\u00f3n de superficies. Cepillado de hormig\u00f3n y asfalto.\",\"breadcrumb\":{\"@id\":\"https:\\\/\\\/csunitec.com\\\/es\\\/producto\\\/escarificador-de-hormigon-a-gas-de-10-con-operador-a-pie\\\/#breadcrumb\"},\"inLanguage\":\"es\",\"potentialAction\":[{\"@type\":\"ReadAction\",\"target\":[\"https:\\\/\\\/csunitec.com\\\/es\\\/producto\\\/escarificador-de-hormigon-a-gas-de-10-con-operador-a-pie\\\/\"]}]},{\"@type\":\"ImageObject\",\"inLanguage\":\"es\",\"@id\":\"https:\\\/\\\/csunitec.com\\\/es\\\/producto\\\/escarificador-de-hormigon-a-gas-de-10-con-operador-a-pie\\\/#primaryimage\",\"url\":\"https:\\\/\\\/csunitec.com\\\/wp-content\\\/uploads\\\/2025\\\/04\\\/10-in-Walk-Behind-Scarifier-Gas-1-2-1.png\",\"contentUrl\":\"https:\\\/\\\/csunitec.com\\\/wp-content\\\/uploads\\\/2025\\\/04\\\/10-in-Walk-Behind-Scarifier-Gas-1-2-1.png\",\"width\":1000,\"height\":1000},{\"@type\":\"BreadcrumbList\",\"@id\":\"https:\\\/\\\/csunitec.com\\\/es\\\/producto\\\/escarificador-de-hormigon-a-gas-de-10-con-operador-a-pie\\\/#breadcrumb\",\"itemListElement\":[{\"@type\":\"ListItem\",\"position\":1,\"name\":\"Inicio\",\"item\":\"https:\\\/\\\/csunitec.com\\\/es\\\/\"},{\"@type\":\"ListItem\",\"position\":2,\"name\":\"Tienda\",\"item\":\"https:\\\/\\\/csunitec.com\\\/es\\\/tienda\\\/\"},{\"@type\":\"ListItem\",\"position\":3,\"name\":\"Escarificador de Hormig\u00f3n a Gas de 10&#8243; con operador a pie\"}]},{\"@type\":\"WebSite\",\"@id\":\"https:\\\/\\\/csunitec.com\\\/es\\\/#website\",\"url\":\"https:\\\/\\\/csunitec.com\\\/es\\\/\",\"name\":\"CS Unitec\",\"description\":\"\",\"potentialAction\":[{\"@type\":\"SearchAction\",\"target\":{\"@type\":\"EntryPoint\",\"urlTemplate\":\"https:\\\/\\\/csunitec.com\\\/es\\\/?s={search_term_string}\"},\"query-input\":{\"@type\":\"PropertyValueSpecification\",\"valueRequired\":true,\"valueName\":\"search_term_string\"}}],\"inLanguage\":\"es\"}]}<\/script>\n<!-- \/ Yoast SEO plugin. -->","yoast_head_json":{"title":"Escarificador de Hormig\u00f3n a Gas de 10\" con operador a pie - CS Unitec","description":"Escarificador de Hormig\u00f3n a Gas de 10\" con operador a pie, dise\u00f1ado para realizar los trabajos m\u00e1s exigentes de arranque de material y preparaci\u00f3n de superficies. Cepillado de hormig\u00f3n y asfalto.","robots":{"index":"index","follow":"follow","max-snippet":"max-snippet:-1","max-image-preview":"max-image-preview:large","max-video-preview":"max-video-preview:-1"},"canonical":"https:\/\/csunitec.com\/es\/producto\/escarificador-de-hormigon-a-gas-de-10-con-operador-a-pie\/","og_locale":"es_ES","og_type":"article","og_title":"Escarificador de Hormig\u00f3n a Gas de 10\" con operador a pie - CS Unitec","og_description":"Escarificador de Hormig\u00f3n a Gas de 10\" con operador a pie, dise\u00f1ado para realizar los trabajos m\u00e1s exigentes de arranque de material y preparaci\u00f3n de superficies. Cepillado de hormig\u00f3n y asfalto.","og_url":"https:\/\/csunitec.com\/es\/producto\/escarificador-de-hormigon-a-gas-de-10-con-operador-a-pie\/","og_site_name":"CS Unitec","og_image":[{"width":1000,"height":1000,"url":"https:\/\/csunitec.com\/wp-content\/uploads\/2025\/04\/10-in-Walk-Behind-Scarifier-Gas-1-2-1.png","type":"image\/png"}],"twitter_card":"summary_large_image","twitter_misc":{"Tiempo de lectura":"1 minuto"},"schema":{"@context":"https:\/\/schema.org","@graph":[{"@type":"WebPage","@id":"https:\/\/csunitec.com\/es\/producto\/escarificador-de-hormigon-a-gas-de-10-con-operador-a-pie\/","url":"https:\/\/csunitec.com\/es\/producto\/escarificador-de-hormigon-a-gas-de-10-con-operador-a-pie\/","name":"Escarificador de Hormig\u00f3n a Gas de 10\" con operador a pie - CS Unitec","isPartOf":{"@id":"https:\/\/csunitec.com\/es\/#website"},"primaryImageOfPage":{"@id":"https:\/\/csunitec.com\/es\/producto\/escarificador-de-hormigon-a-gas-de-10-con-operador-a-pie\/#primaryimage"},"image":{"@id":"https:\/\/csunitec.com\/es\/producto\/escarificador-de-hormigon-a-gas-de-10-con-operador-a-pie\/#primaryimage"},"thumbnailUrl":"https:\/\/csunitec.com\/wp-content\/uploads\/2025\/04\/10-in-Walk-Behind-Scarifier-Gas-1-2-1.png","datePublished":"2024-12-08T01:43:00+00:00","description":"Escarificador de Hormig\u00f3n a Gas de 10\" con operador a pie, dise\u00f1ado para realizar los trabajos m\u00e1s exigentes de arranque de material y preparaci\u00f3n de superficies. Cepillado de hormig\u00f3n y asfalto.","breadcrumb":{"@id":"https:\/\/csunitec.com\/es\/producto\/escarificador-de-hormigon-a-gas-de-10-con-operador-a-pie\/#breadcrumb"},"inLanguage":"es","potentialAction":[{"@type":"ReadAction","target":["https:\/\/csunitec.com\/es\/producto\/escarificador-de-hormigon-a-gas-de-10-con-operador-a-pie\/"]}]},{"@type":"ImageObject","inLanguage":"es","@id":"https:\/\/csunitec.com\/es\/producto\/escarificador-de-hormigon-a-gas-de-10-con-operador-a-pie\/#primaryimage","url":"https:\/\/csunitec.com\/wp-content\/uploads\/2025\/04\/10-in-Walk-Behind-Scarifier-Gas-1-2-1.png","contentUrl":"https:\/\/csunitec.com\/wp-content\/uploads\/2025\/04\/10-in-Walk-Behind-Scarifier-Gas-1-2-1.png","width":1000,"height":1000},{"@type":"BreadcrumbList","@id":"https:\/\/csunitec.com\/es\/producto\/escarificador-de-hormigon-a-gas-de-10-con-operador-a-pie\/#breadcrumb","itemListElement":[{"@type":"ListItem","position":1,"name":"Inicio","item":"https:\/\/csunitec.com\/es\/"},{"@type":"ListItem","position":2,"name":"Tienda","item":"https:\/\/csunitec.com\/es\/tienda\/"},{"@type":"ListItem","position":3,"name":"Escarificador de Hormig\u00f3n a Gas de 10&#8243; con operador a pie"}]},{"@type":"WebSite","@id":"https:\/\/csunitec.com\/es\/#website","url":"https:\/\/csunitec.com\/es\/","name":"CS Unitec","description":"","potentialAction":[{"@type":"SearchAction","target":{"@type":"EntryPoint","urlTemplate":"https:\/\/csunitec.com\/es\/?s={search_term_string}"},"query-input":{"@type":"PropertyValueSpecification","valueRequired":true,"valueName":"search_term_string"}}],"inLanguage":"es"}]}},"_links":{"self":[{"href":"https:\/\/csunitec.com\/es\/wp-json\/wp\/v2\/product\/178532","targetHints":{"allow":["GET"]}}],"collection":[{"href":"https:\/\/csunitec.com\/es\/wp-json\/wp\/v2\/product"}],"about":[{"href":"https:\/\/csunitec.com\/es\/wp-json\/wp\/v2\/types\/product"}],"wp:featuredmedia":[{"embeddable":true,"href":"https:\/\/csunitec.com\/es\/wp-json\/wp\/v2\/media\/167702"}],"wp:attachment":[{"href":"https:\/\/csunitec.com\/es\/wp-json\/wp\/v2\/media?parent=178532"}],"wp:term":[{"taxonomy":"product_brand","embeddable":true,"href":"https:\/\/csunitec.com\/es\/wp-json\/wp\/v2\/product_brand?post=178532"},{"taxonomy":"product_cat","embeddable":true,"href":"https:\/\/csunitec.com\/es\/wp-json\/wp\/v2\/product_cat?post=178532"},{"taxonomy":"product_tag","embeddable":true,"href":"https:\/\/csunitec.com\/es\/wp-json\/wp\/v2\/product_tag?post=178532"},{"taxonomy":"accessory_type","embeddable":true,"href":"https:\/\/csunitec.com\/es\/wp-json\/wp\/v2\/accessory_type?post=178532"},{"taxonomy":"application","embeddable":true,"href":"https:\/\/csunitec.com\/es\/wp-json\/wp\/v2\/application?post=178532"},{"taxonomy":"hand_tool_type","embeddable":true,"href":"https:\/\/csunitec.com\/es\/wp-json\/wp\/v2\/hand_tool_type?post=178532"},{"taxonomy":"industry","embeddable":true,"href":"https:\/\/csunitec.com\/es\/wp-json\/wp\/v2\/industry?post=178532"},{"taxonomy":"material","embeddable":true,"href":"https:\/\/csunitec.com\/es\/wp-json\/wp\/v2\/material?post=178532"},{"taxonomy":"power_tool_type","embeddable":true,"href":"https:\/\/csunitec.com\/es\/wp-json\/wp\/v2\/power_tool_type?post=178532"},{"taxonomy":"power_type","embeddable":true,"href":"https:\/\/csunitec.com\/es\/wp-json\/wp\/v2\/power_type?post=178532"},{"taxonomy":"subcategory","embeddable":true,"href":"https:\/\/csunitec.com\/es\/wp-json\/wp\/v2\/subcategory?post=178532"},{"taxonomy":"tool_type","embeddable":true,"href":"https:\/\/csunitec.com\/es\/wp-json\/wp\/v2\/tool_type?post=178532"}],"curies":[{"name":"wp","href":"https:\/\/api.w.org\/{rel}","templated":true}]}}