{"id":178580,"date":"2024-11-22T14:19:00","date_gmt":"2024-11-22T14:19:00","guid":{"rendered":"https:\/\/stgcsunitec.wpenginepowered.com\/product\/cinta-protectora-de-teflon\/"},"modified":"2024-11-22T14:19:00","modified_gmt":"2024-11-22T19:19:00","slug":"cinta-protectora-de-teflon","status":"publish","type":"product","link":"https:\/\/csunitec.com\/es\/producto\/cinta-protectora-de-teflon\/","title":{"rendered":"Cinta protectora de tefl\u00f3n"},"content":{"rendered":"<ul>\n<li>Cinta protectora de tefl\u00f3n para el carril de prolongaci\u00f3n<\/li>\n<li>Para ROLEI BE 5, ROLEI EF 115, ROLEI EF 165, ROLEI PEF 500<\/li>\n<\/ul>\n","protected":false},"excerpt":{"rendered":"<ul>\n<li>Para proteger el ra\u00edl de extensi\u00f3n de ara\u00f1azos<\/li>\n<li>Autoadhesivo (se necesitan 2)<\/li>\n<\/ul>\n","protected":false},"featured_media":164911,"template":"","meta":[],"product_brand":[],"product_cat":[1124],"product_tag":[1210,1212],"accessory_type":[927],"application":[1126],"hand_tool_type":[],"industry":[933],"material":[],"power_tool_type":[],"power_type":[],"subcategory":[1213],"tool_type":[943],"class_list":{"0":"post-178580","1":"product","2":"type-product","3":"status-publish","4":"has-post-thumbnail","6":"product_cat-acabado-de-superficies-metalicas","7":"product_tag-accesorios-para-desbarbadoras","8":"product_tag-cinta-de-teflon","9":"accessory_type-accesorio","10":"application-acabado","11":"industry-metalurgia-2","12":"subcategory-maquinas-desbarbadoras","13":"tool_type-accesorio","15":"first","16":"instock","17":"shipping-taxable","18":"purchasable","19":"product-type-variable"},"yoast_head":"<!-- This site is optimized with the Yoast SEO plugin v27.5 - https:\/\/yoast.com\/product\/yoast-seo-wordpress\/ -->\n<title>Cinta protectora de tefl\u00f3n - CS Unitec<\/title>\n<meta name=\"description\" content=\"Cinta protectora de tefl\u00f3n para riel de extensi\u00f3n. Utilizar con las desbarbadoras de chapa ROLEI BE 5, ROLEI EF 115, ROLEI EF 165, ROLEI PEF 500\" \/>\n<meta name=\"robots\" content=\"index, follow, max-snippet:-1, max-image-preview:large, max-video-preview:-1\" \/>\n<link rel=\"canonical\" href=\"https:\/\/csunitec.com\/es\/producto\/cinta-protectora-de-teflon\/\" \/>\n<meta property=\"og:locale\" content=\"es_ES\" \/>\n<meta property=\"og:type\" content=\"article\" \/>\n<meta property=\"og:title\" content=\"Cinta protectora de tefl\u00f3n - CS Unitec\" \/>\n<meta property=\"og:description\" content=\"Cinta protectora de tefl\u00f3n para riel de extensi\u00f3n. Utilizar con las desbarbadoras de chapa ROLEI BE 5, ROLEI EF 115, ROLEI EF 165, ROLEI PEF 500\" \/>\n<meta property=\"og:url\" content=\"https:\/\/csunitec.com\/es\/producto\/cinta-protectora-de-teflon\/\" \/>\n<meta property=\"og:site_name\" content=\"CS Unitec\" \/>\n<meta property=\"article:modified_time\" content=\"2024-11-22T19:19:00+00:00\" \/>\n<meta property=\"og:image\" content=\"https:\/\/csunitec.com\/wp-content\/uploads\/2025\/04\/Teflon-Protective-Tape-1-2-1.png\" \/>\n\t<meta property=\"og:image:width\" content=\"1000\" \/>\n\t<meta property=\"og:image:height\" content=\"1000\" \/>\n\t<meta property=\"og:image:type\" content=\"image\/png\" \/>\n<meta name=\"twitter:card\" content=\"summary_large_image\" \/>\n<script type=\"application\/ld+json\" class=\"yoast-schema-graph\">{\"@context\":\"https:\\\/\\\/schema.org\",\"@graph\":[{\"@type\":\"WebPage\",\"@id\":\"https:\\\/\\\/csunitec.com\\\/es\\\/producto\\\/cinta-protectora-de-teflon\\\/\",\"url\":\"https:\\\/\\\/csunitec.com\\\/es\\\/producto\\\/cinta-protectora-de-teflon\\\/\",\"name\":\"Cinta protectora de tefl\u00f3n - CS Unitec\",\"isPartOf\":{\"@id\":\"https:\\\/\\\/csunitec.com\\\/es\\\/#website\"},\"primaryImageOfPage\":{\"@id\":\"https:\\\/\\\/csunitec.com\\\/es\\\/producto\\\/cinta-protectora-de-teflon\\\/#primaryimage\"},\"image\":{\"@id\":\"https:\\\/\\\/csunitec.com\\\/es\\\/producto\\\/cinta-protectora-de-teflon\\\/#primaryimage\"},\"thumbnailUrl\":\"https:\\\/\\\/csunitec.com\\\/wp-content\\\/uploads\\\/2025\\\/04\\\/Teflon-Protective-Tape-1-2-1.png\",\"datePublished\":\"2024-11-22T14:19:00+00:00\",\"dateModified\":\"2024-11-22T19:19:00+00:00\",\"description\":\"Cinta protectora de tefl\u00f3n para riel de extensi\u00f3n. Utilizar con las desbarbadoras de chapa ROLEI BE 5, ROLEI EF 115, ROLEI EF 165, ROLEI PEF 500\",\"breadcrumb\":{\"@id\":\"https:\\\/\\\/csunitec.com\\\/es\\\/producto\\\/cinta-protectora-de-teflon\\\/#breadcrumb\"},\"inLanguage\":\"es\",\"potentialAction\":[{\"@type\":\"ReadAction\",\"target\":[\"https:\\\/\\\/csunitec.com\\\/es\\\/producto\\\/cinta-protectora-de-teflon\\\/\"]}]},{\"@type\":\"ImageObject\",\"inLanguage\":\"es\",\"@id\":\"https:\\\/\\\/csunitec.com\\\/es\\\/producto\\\/cinta-protectora-de-teflon\\\/#primaryimage\",\"url\":\"https:\\\/\\\/csunitec.com\\\/wp-content\\\/uploads\\\/2025\\\/04\\\/Teflon-Protective-Tape-1-2-1.png\",\"contentUrl\":\"https:\\\/\\\/csunitec.com\\\/wp-content\\\/uploads\\\/2025\\\/04\\\/Teflon-Protective-Tape-1-2-1.png\",\"width\":1000,\"height\":1000},{\"@type\":\"BreadcrumbList\",\"@id\":\"https:\\\/\\\/csunitec.com\\\/es\\\/producto\\\/cinta-protectora-de-teflon\\\/#breadcrumb\",\"itemListElement\":[{\"@type\":\"ListItem\",\"position\":1,\"name\":\"Inicio\",\"item\":\"https:\\\/\\\/csunitec.com\\\/es\\\/\"},{\"@type\":\"ListItem\",\"position\":2,\"name\":\"Tienda\",\"item\":\"https:\\\/\\\/csunitec.com\\\/es\\\/tienda\\\/\"},{\"@type\":\"ListItem\",\"position\":3,\"name\":\"Cinta protectora de tefl\u00f3n\"}]},{\"@type\":\"WebSite\",\"@id\":\"https:\\\/\\\/csunitec.com\\\/es\\\/#website\",\"url\":\"https:\\\/\\\/csunitec.com\\\/es\\\/\",\"name\":\"CS Unitec\",\"description\":\"\",\"potentialAction\":[{\"@type\":\"SearchAction\",\"target\":{\"@type\":\"EntryPoint\",\"urlTemplate\":\"https:\\\/\\\/csunitec.com\\\/es\\\/?s={search_term_string}\"},\"query-input\":{\"@type\":\"PropertyValueSpecification\",\"valueRequired\":true,\"valueName\":\"search_term_string\"}}],\"inLanguage\":\"es\"}]}<\/script>\n<!-- \/ Yoast SEO plugin. -->","yoast_head_json":{"title":"Cinta protectora de tefl\u00f3n - CS Unitec","description":"Cinta protectora de tefl\u00f3n para riel de extensi\u00f3n. Utilizar con las desbarbadoras de chapa ROLEI BE 5, ROLEI EF 115, ROLEI EF 165, ROLEI PEF 500","robots":{"index":"index","follow":"follow","max-snippet":"max-snippet:-1","max-image-preview":"max-image-preview:large","max-video-preview":"max-video-preview:-1"},"canonical":"https:\/\/csunitec.com\/es\/producto\/cinta-protectora-de-teflon\/","og_locale":"es_ES","og_type":"article","og_title":"Cinta protectora de tefl\u00f3n - CS Unitec","og_description":"Cinta protectora de tefl\u00f3n para riel de extensi\u00f3n. Utilizar con las desbarbadoras de chapa ROLEI BE 5, ROLEI EF 115, ROLEI EF 165, ROLEI PEF 500","og_url":"https:\/\/csunitec.com\/es\/producto\/cinta-protectora-de-teflon\/","og_site_name":"CS Unitec","article_modified_time":"2024-11-22T19:19:00+00:00","og_image":[{"width":1000,"height":1000,"url":"https:\/\/csunitec.com\/wp-content\/uploads\/2025\/04\/Teflon-Protective-Tape-1-2-1.png","type":"image\/png"}],"twitter_card":"summary_large_image","schema":{"@context":"https:\/\/schema.org","@graph":[{"@type":"WebPage","@id":"https:\/\/csunitec.com\/es\/producto\/cinta-protectora-de-teflon\/","url":"https:\/\/csunitec.com\/es\/producto\/cinta-protectora-de-teflon\/","name":"Cinta protectora de tefl\u00f3n - CS Unitec","isPartOf":{"@id":"https:\/\/csunitec.com\/es\/#website"},"primaryImageOfPage":{"@id":"https:\/\/csunitec.com\/es\/producto\/cinta-protectora-de-teflon\/#primaryimage"},"image":{"@id":"https:\/\/csunitec.com\/es\/producto\/cinta-protectora-de-teflon\/#primaryimage"},"thumbnailUrl":"https:\/\/csunitec.com\/wp-content\/uploads\/2025\/04\/Teflon-Protective-Tape-1-2-1.png","datePublished":"2024-11-22T14:19:00+00:00","dateModified":"2024-11-22T19:19:00+00:00","description":"Cinta protectora de tefl\u00f3n para riel de extensi\u00f3n. Utilizar con las desbarbadoras de chapa ROLEI BE 5, ROLEI EF 115, ROLEI EF 165, ROLEI PEF 500","breadcrumb":{"@id":"https:\/\/csunitec.com\/es\/producto\/cinta-protectora-de-teflon\/#breadcrumb"},"inLanguage":"es","potentialAction":[{"@type":"ReadAction","target":["https:\/\/csunitec.com\/es\/producto\/cinta-protectora-de-teflon\/"]}]},{"@type":"ImageObject","inLanguage":"es","@id":"https:\/\/csunitec.com\/es\/producto\/cinta-protectora-de-teflon\/#primaryimage","url":"https:\/\/csunitec.com\/wp-content\/uploads\/2025\/04\/Teflon-Protective-Tape-1-2-1.png","contentUrl":"https:\/\/csunitec.com\/wp-content\/uploads\/2025\/04\/Teflon-Protective-Tape-1-2-1.png","width":1000,"height":1000},{"@type":"BreadcrumbList","@id":"https:\/\/csunitec.com\/es\/producto\/cinta-protectora-de-teflon\/#breadcrumb","itemListElement":[{"@type":"ListItem","position":1,"name":"Inicio","item":"https:\/\/csunitec.com\/es\/"},{"@type":"ListItem","position":2,"name":"Tienda","item":"https:\/\/csunitec.com\/es\/tienda\/"},{"@type":"ListItem","position":3,"name":"Cinta protectora de tefl\u00f3n"}]},{"@type":"WebSite","@id":"https:\/\/csunitec.com\/es\/#website","url":"https:\/\/csunitec.com\/es\/","name":"CS Unitec","description":"","potentialAction":[{"@type":"SearchAction","target":{"@type":"EntryPoint","urlTemplate":"https:\/\/csunitec.com\/es\/?s={search_term_string}"},"query-input":{"@type":"PropertyValueSpecification","valueRequired":true,"valueName":"search_term_string"}}],"inLanguage":"es"}]}},"_links":{"self":[{"href":"https:\/\/csunitec.com\/es\/wp-json\/wp\/v2\/product\/178580","targetHints":{"allow":["GET"]}}],"collection":[{"href":"https:\/\/csunitec.com\/es\/wp-json\/wp\/v2\/product"}],"about":[{"href":"https:\/\/csunitec.com\/es\/wp-json\/wp\/v2\/types\/product"}],"wp:featuredmedia":[{"embeddable":true,"href":"https:\/\/csunitec.com\/es\/wp-json\/wp\/v2\/media\/164911"}],"wp:attachment":[{"href":"https:\/\/csunitec.com\/es\/wp-json\/wp\/v2\/media?parent=178580"}],"wp:term":[{"taxonomy":"product_brand","embeddable":true,"href":"https:\/\/csunitec.com\/es\/wp-json\/wp\/v2\/product_brand?post=178580"},{"taxonomy":"product_cat","embeddable":true,"href":"https:\/\/csunitec.com\/es\/wp-json\/wp\/v2\/product_cat?post=178580"},{"taxonomy":"product_tag","embeddable":true,"href":"https:\/\/csunitec.com\/es\/wp-json\/wp\/v2\/product_tag?post=178580"},{"taxonomy":"accessory_type","embeddable":true,"href":"https:\/\/csunitec.com\/es\/wp-json\/wp\/v2\/accessory_type?post=178580"},{"taxonomy":"application","embeddable":true,"href":"https:\/\/csunitec.com\/es\/wp-json\/wp\/v2\/application?post=178580"},{"taxonomy":"hand_tool_type","embeddable":true,"href":"https:\/\/csunitec.com\/es\/wp-json\/wp\/v2\/hand_tool_type?post=178580"},{"taxonomy":"industry","embeddable":true,"href":"https:\/\/csunitec.com\/es\/wp-json\/wp\/v2\/industry?post=178580"},{"taxonomy":"material","embeddable":true,"href":"https:\/\/csunitec.com\/es\/wp-json\/wp\/v2\/material?post=178580"},{"taxonomy":"power_tool_type","embeddable":true,"href":"https:\/\/csunitec.com\/es\/wp-json\/wp\/v2\/power_tool_type?post=178580"},{"taxonomy":"power_type","embeddable":true,"href":"https:\/\/csunitec.com\/es\/wp-json\/wp\/v2\/power_type?post=178580"},{"taxonomy":"subcategory","embeddable":true,"href":"https:\/\/csunitec.com\/es\/wp-json\/wp\/v2\/subcategory?post=178580"},{"taxonomy":"tool_type","embeddable":true,"href":"https:\/\/csunitec.com\/es\/wp-json\/wp\/v2\/tool_type?post=178580"}],"curies":[{"name":"wp","href":"https:\/\/api.w.org\/{rel}","templated":true}]}}