{"id":178652,"date":"2024-11-22T17:03:00","date_gmt":"2024-11-22T17:03:00","guid":{"rendered":"https:\/\/stgcsunitec.wpenginepowered.com\/product\/motosierras-hidraulicas-para-hormigon\/"},"modified":"2026-04-30T01:58:09","modified_gmt":"2026-04-30T05:58:09","slug":"motosierras-hidraulicas-para-hormigon","status":"publish","type":"product","link":"https:\/\/csunitec.com\/es\/producto\/motosierras-hidraulicas-para-hormigon\/","title":{"rendered":"Motosierras hidr\u00e1ulicas para hormig\u00f3n"},"content":{"rendered":"<ul>\n<li>Motosierras hidr\u00e1ulicas de hormig\u00f3n para cortar hormig\u00f3n armado, bloques y piedra para aberturas, penetraciones y demolici\u00f3n controlada.<\/li>\n<li>Ideal para aberturas de puertas y ventanas, modificaciones de paredes y ajustes estructurales.<\/li>\n<li>Cortar suelos, paredes y componentes estructurales de hormig\u00f3n durante las paradas, el mantenimiento y la instalaci\u00f3n de equipos.<\/li>\n<li>Funciona con fiabilidad en entornos h\u00famedos, corrosivos o sumergidos.<\/li>\n<li>Adecuado para cortar estructuras de hormig\u00f3n, pilotes e infraestructuras marinas.<\/li>\n<li>Se puede convertir en sierra para cortar tubos de fundici\u00f3n d\u00factil.<\/li>\n<\/ul>\n","protected":false},"excerpt":{"rendered":"<ul class=\"alexcss\">\n<li>Capacidad de corte: 20<\/li>\n<li>Velocidad en vac\u00edo: 5700 RPM<\/li>\n<li>Potencia del motor: 11 CV<\/li>\n<li>Mangueras flexibles y acoplamientos FF incluidos<\/li>\n<\/ul>\n","protected":false},"featured_media":178655,"template":"","meta":[],"product_brand":[],"product_cat":[1043],"product_tag":[1216,1218,1219],"accessory_type":[],"application":[1042],"hand_tool_type":[],"industry":[931],"material":[],"power_tool_type":[1131],"power_type":[976],"subcategory":[1114],"tool_type":[946],"class_list":{"0":"post-178652","1":"product","2":"type-product","3":"status-publish","4":"has-post-thumbnail","6":"product_cat-sierras","7":"product_tag-motosierras","8":"product_tag-motosierras-hidraulicas","9":"product_tag-sierras-de-cadena-para-hormigon","10":"application-corte-y-conformado","11":"industry-hormigon-y-mamposteria","12":"power_tool_type-sierra-para-hormigon","13":"power_type-hidraulico","14":"subcategory-motosierras","15":"tool_type-herramienta-electrica","17":"first","18":"instock","19":"shipping-taxable","20":"purchasable","21":"product-type-variable"},"yoast_head":"<!-- This site is optimized with the Yoast SEO plugin v27.5 - https:\/\/yoast.com\/product\/yoast-seo-wordpress\/ -->\n<title>Motosierras hidr\u00e1ulicas para hormig\u00f3n - CS Unitec<\/title>\n<meta name=\"description\" content=\"Sierras de cadena hidr\u00e1ulicas para hormig\u00f3n, para cortar en fr\u00edo hormig\u00f3n armado, ladrillos, bloques, piedra y tubos de hormig\u00f3n. Rendimiento fiable en zonas peligrosas.\" \/>\n<meta name=\"robots\" content=\"index, follow, max-snippet:-1, max-image-preview:large, max-video-preview:-1\" \/>\n<link rel=\"canonical\" href=\"https:\/\/csunitec.com\/es\/producto\/motosierras-hidraulicas-para-hormigon\/\" \/>\n<meta property=\"og:locale\" content=\"es_ES\" \/>\n<meta property=\"og:type\" content=\"article\" \/>\n<meta property=\"og:title\" content=\"Motosierras hidr\u00e1ulicas para hormig\u00f3n - CS Unitec\" \/>\n<meta property=\"og:description\" content=\"Sierras de cadena hidr\u00e1ulicas para hormig\u00f3n, para cortar en fr\u00edo hormig\u00f3n armado, ladrillos, bloques, piedra y tubos de hormig\u00f3n. Rendimiento fiable en zonas peligrosas.\" \/>\n<meta property=\"og:url\" content=\"https:\/\/csunitec.com\/es\/producto\/motosierras-hidraulicas-para-hormigon\/\" \/>\n<meta property=\"og:site_name\" content=\"CS Unitec\" \/>\n<meta property=\"article:modified_time\" content=\"2026-04-30T05:58:09+00:00\" \/>\n<meta property=\"og:image\" content=\"https:\/\/csunitec.com\/wp-content\/uploads\/2024\/11\/hydraulic_powergrit_chainsaw_for_ductile_iron_pipe_5-5-1.jpg\" \/>\n\t<meta property=\"og:image:width\" content=\"380\" \/>\n\t<meta property=\"og:image:height\" content=\"380\" \/>\n\t<meta property=\"og:image:type\" content=\"image\/jpeg\" \/>\n<meta name=\"twitter:card\" content=\"summary_large_image\" \/>\n<script type=\"application\/ld+json\" class=\"yoast-schema-graph\">{\"@context\":\"https:\\\/\\\/schema.org\",\"@graph\":[{\"@type\":\"WebPage\",\"@id\":\"https:\\\/\\\/csunitec.com\\\/es\\\/producto\\\/motosierras-hidraulicas-para-hormigon\\\/\",\"url\":\"https:\\\/\\\/csunitec.com\\\/es\\\/producto\\\/motosierras-hidraulicas-para-hormigon\\\/\",\"name\":\"Motosierras hidr\u00e1ulicas para hormig\u00f3n - CS Unitec\",\"isPartOf\":{\"@id\":\"https:\\\/\\\/csunitec.com\\\/es\\\/#website\"},\"primaryImageOfPage\":{\"@id\":\"https:\\\/\\\/csunitec.com\\\/es\\\/producto\\\/motosierras-hidraulicas-para-hormigon\\\/#primaryimage\"},\"image\":{\"@id\":\"https:\\\/\\\/csunitec.com\\\/es\\\/producto\\\/motosierras-hidraulicas-para-hormigon\\\/#primaryimage\"},\"thumbnailUrl\":\"https:\\\/\\\/csunitec.com\\\/wp-content\\\/uploads\\\/2024\\\/11\\\/hydraulic_powergrit_chainsaw_for_ductile_iron_pipe_5-5-1.jpg\",\"datePublished\":\"2024-11-22T17:03:00+00:00\",\"dateModified\":\"2026-04-30T05:58:09+00:00\",\"description\":\"Sierras de cadena hidr\u00e1ulicas para hormig\u00f3n, para cortar en fr\u00edo hormig\u00f3n armado, ladrillos, bloques, piedra y tubos de hormig\u00f3n. Rendimiento fiable en zonas peligrosas.\",\"breadcrumb\":{\"@id\":\"https:\\\/\\\/csunitec.com\\\/es\\\/producto\\\/motosierras-hidraulicas-para-hormigon\\\/#breadcrumb\"},\"inLanguage\":\"es\",\"potentialAction\":[{\"@type\":\"ReadAction\",\"target\":[\"https:\\\/\\\/csunitec.com\\\/es\\\/producto\\\/motosierras-hidraulicas-para-hormigon\\\/\"]}]},{\"@type\":\"ImageObject\",\"inLanguage\":\"es\",\"@id\":\"https:\\\/\\\/csunitec.com\\\/es\\\/producto\\\/motosierras-hidraulicas-para-hormigon\\\/#primaryimage\",\"url\":\"https:\\\/\\\/csunitec.com\\\/wp-content\\\/uploads\\\/2024\\\/11\\\/hydraulic_powergrit_chainsaw_for_ductile_iron_pipe_5-5-1.jpg\",\"contentUrl\":\"https:\\\/\\\/csunitec.com\\\/wp-content\\\/uploads\\\/2024\\\/11\\\/hydraulic_powergrit_chainsaw_for_ductile_iron_pipe_5-5-1.jpg\",\"width\":380,\"height\":380},{\"@type\":\"BreadcrumbList\",\"@id\":\"https:\\\/\\\/csunitec.com\\\/es\\\/producto\\\/motosierras-hidraulicas-para-hormigon\\\/#breadcrumb\",\"itemListElement\":[{\"@type\":\"ListItem\",\"position\":1,\"name\":\"Inicio\",\"item\":\"https:\\\/\\\/csunitec.com\\\/es\\\/\"},{\"@type\":\"ListItem\",\"position\":2,\"name\":\"Tienda\",\"item\":\"https:\\\/\\\/csunitec.com\\\/es\\\/tienda\\\/\"},{\"@type\":\"ListItem\",\"position\":3,\"name\":\"Motosierras hidr\u00e1ulicas para hormig\u00f3n\"}]},{\"@type\":\"WebSite\",\"@id\":\"https:\\\/\\\/csunitec.com\\\/es\\\/#website\",\"url\":\"https:\\\/\\\/csunitec.com\\\/es\\\/\",\"name\":\"CS Unitec\",\"description\":\"\",\"potentialAction\":[{\"@type\":\"SearchAction\",\"target\":{\"@type\":\"EntryPoint\",\"urlTemplate\":\"https:\\\/\\\/csunitec.com\\\/es\\\/?s={search_term_string}\"},\"query-input\":{\"@type\":\"PropertyValueSpecification\",\"valueRequired\":true,\"valueName\":\"search_term_string\"}}],\"inLanguage\":\"es\"}]}<\/script>\n<!-- \/ Yoast SEO plugin. -->","yoast_head_json":{"title":"Motosierras hidr\u00e1ulicas para hormig\u00f3n - CS Unitec","description":"Sierras de cadena hidr\u00e1ulicas para hormig\u00f3n, para cortar en fr\u00edo hormig\u00f3n armado, ladrillos, bloques, piedra y tubos de hormig\u00f3n. Rendimiento fiable en zonas peligrosas.","robots":{"index":"index","follow":"follow","max-snippet":"max-snippet:-1","max-image-preview":"max-image-preview:large","max-video-preview":"max-video-preview:-1"},"canonical":"https:\/\/csunitec.com\/es\/producto\/motosierras-hidraulicas-para-hormigon\/","og_locale":"es_ES","og_type":"article","og_title":"Motosierras hidr\u00e1ulicas para hormig\u00f3n - CS Unitec","og_description":"Sierras de cadena hidr\u00e1ulicas para hormig\u00f3n, para cortar en fr\u00edo hormig\u00f3n armado, ladrillos, bloques, piedra y tubos de hormig\u00f3n. Rendimiento fiable en zonas peligrosas.","og_url":"https:\/\/csunitec.com\/es\/producto\/motosierras-hidraulicas-para-hormigon\/","og_site_name":"CS Unitec","article_modified_time":"2026-04-30T05:58:09+00:00","og_image":[{"width":380,"height":380,"url":"https:\/\/csunitec.com\/wp-content\/uploads\/2024\/11\/hydraulic_powergrit_chainsaw_for_ductile_iron_pipe_5-5-1.jpg","type":"image\/jpeg"}],"twitter_card":"summary_large_image","schema":{"@context":"https:\/\/schema.org","@graph":[{"@type":"WebPage","@id":"https:\/\/csunitec.com\/es\/producto\/motosierras-hidraulicas-para-hormigon\/","url":"https:\/\/csunitec.com\/es\/producto\/motosierras-hidraulicas-para-hormigon\/","name":"Motosierras hidr\u00e1ulicas para hormig\u00f3n - CS Unitec","isPartOf":{"@id":"https:\/\/csunitec.com\/es\/#website"},"primaryImageOfPage":{"@id":"https:\/\/csunitec.com\/es\/producto\/motosierras-hidraulicas-para-hormigon\/#primaryimage"},"image":{"@id":"https:\/\/csunitec.com\/es\/producto\/motosierras-hidraulicas-para-hormigon\/#primaryimage"},"thumbnailUrl":"https:\/\/csunitec.com\/wp-content\/uploads\/2024\/11\/hydraulic_powergrit_chainsaw_for_ductile_iron_pipe_5-5-1.jpg","datePublished":"2024-11-22T17:03:00+00:00","dateModified":"2026-04-30T05:58:09+00:00","description":"Sierras de cadena hidr\u00e1ulicas para hormig\u00f3n, para cortar en fr\u00edo hormig\u00f3n armado, ladrillos, bloques, piedra y tubos de hormig\u00f3n. Rendimiento fiable en zonas peligrosas.","breadcrumb":{"@id":"https:\/\/csunitec.com\/es\/producto\/motosierras-hidraulicas-para-hormigon\/#breadcrumb"},"inLanguage":"es","potentialAction":[{"@type":"ReadAction","target":["https:\/\/csunitec.com\/es\/producto\/motosierras-hidraulicas-para-hormigon\/"]}]},{"@type":"ImageObject","inLanguage":"es","@id":"https:\/\/csunitec.com\/es\/producto\/motosierras-hidraulicas-para-hormigon\/#primaryimage","url":"https:\/\/csunitec.com\/wp-content\/uploads\/2024\/11\/hydraulic_powergrit_chainsaw_for_ductile_iron_pipe_5-5-1.jpg","contentUrl":"https:\/\/csunitec.com\/wp-content\/uploads\/2024\/11\/hydraulic_powergrit_chainsaw_for_ductile_iron_pipe_5-5-1.jpg","width":380,"height":380},{"@type":"BreadcrumbList","@id":"https:\/\/csunitec.com\/es\/producto\/motosierras-hidraulicas-para-hormigon\/#breadcrumb","itemListElement":[{"@type":"ListItem","position":1,"name":"Inicio","item":"https:\/\/csunitec.com\/es\/"},{"@type":"ListItem","position":2,"name":"Tienda","item":"https:\/\/csunitec.com\/es\/tienda\/"},{"@type":"ListItem","position":3,"name":"Motosierras hidr\u00e1ulicas para hormig\u00f3n"}]},{"@type":"WebSite","@id":"https:\/\/csunitec.com\/es\/#website","url":"https:\/\/csunitec.com\/es\/","name":"CS Unitec","description":"","potentialAction":[{"@type":"SearchAction","target":{"@type":"EntryPoint","urlTemplate":"https:\/\/csunitec.com\/es\/?s={search_term_string}"},"query-input":{"@type":"PropertyValueSpecification","valueRequired":true,"valueName":"search_term_string"}}],"inLanguage":"es"}]}},"_links":{"self":[{"href":"https:\/\/csunitec.com\/es\/wp-json\/wp\/v2\/product\/178652","targetHints":{"allow":["GET"]}}],"collection":[{"href":"https:\/\/csunitec.com\/es\/wp-json\/wp\/v2\/product"}],"about":[{"href":"https:\/\/csunitec.com\/es\/wp-json\/wp\/v2\/types\/product"}],"wp:featuredmedia":[{"embeddable":true,"href":"https:\/\/csunitec.com\/es\/wp-json\/wp\/v2\/media\/178655"}],"wp:attachment":[{"href":"https:\/\/csunitec.com\/es\/wp-json\/wp\/v2\/media?parent=178652"}],"wp:term":[{"taxonomy":"product_brand","embeddable":true,"href":"https:\/\/csunitec.com\/es\/wp-json\/wp\/v2\/product_brand?post=178652"},{"taxonomy":"product_cat","embeddable":true,"href":"https:\/\/csunitec.com\/es\/wp-json\/wp\/v2\/product_cat?post=178652"},{"taxonomy":"product_tag","embeddable":true,"href":"https:\/\/csunitec.com\/es\/wp-json\/wp\/v2\/product_tag?post=178652"},{"taxonomy":"accessory_type","embeddable":true,"href":"https:\/\/csunitec.com\/es\/wp-json\/wp\/v2\/accessory_type?post=178652"},{"taxonomy":"application","embeddable":true,"href":"https:\/\/csunitec.com\/es\/wp-json\/wp\/v2\/application?post=178652"},{"taxonomy":"hand_tool_type","embeddable":true,"href":"https:\/\/csunitec.com\/es\/wp-json\/wp\/v2\/hand_tool_type?post=178652"},{"taxonomy":"industry","embeddable":true,"href":"https:\/\/csunitec.com\/es\/wp-json\/wp\/v2\/industry?post=178652"},{"taxonomy":"material","embeddable":true,"href":"https:\/\/csunitec.com\/es\/wp-json\/wp\/v2\/material?post=178652"},{"taxonomy":"power_tool_type","embeddable":true,"href":"https:\/\/csunitec.com\/es\/wp-json\/wp\/v2\/power_tool_type?post=178652"},{"taxonomy":"power_type","embeddable":true,"href":"https:\/\/csunitec.com\/es\/wp-json\/wp\/v2\/power_type?post=178652"},{"taxonomy":"subcategory","embeddable":true,"href":"https:\/\/csunitec.com\/es\/wp-json\/wp\/v2\/subcategory?post=178652"},{"taxonomy":"tool_type","embeddable":true,"href":"https:\/\/csunitec.com\/es\/wp-json\/wp\/v2\/tool_type?post=178652"}],"curies":[{"name":"wp","href":"https:\/\/api.w.org\/{rel}","templated":true}]}}