{"id":178670,"date":"2024-11-22T17:29:00","date_gmt":"2024-11-22T17:29:00","guid":{"rendered":"https:\/\/stgcsunitec.wpenginepowered.com\/product\/motosierras-hidraulicas-para-fundicion-ductil\/"},"modified":"2026-04-30T01:58:15","modified_gmt":"2026-04-30T05:58:15","slug":"motosierras-hidraulicas-para-fundicion-ductil","status":"publish","type":"product","link":"https:\/\/csunitec.com\/es\/producto\/motosierras-hidraulicas-para-fundicion-ductil\/","title":{"rendered":"Motosierras hidr\u00e1ulicas para fundici\u00f3n d\u00factil"},"content":{"rendered":"<ul>\n<li>Motosierras hidr\u00e1ulicas para hierro d\u00factil, corte de tuber\u00edas de PVC y HDPE durante la instalaci\u00f3n, reparaci\u00f3n y respuesta a emergencias.<\/li>\n<li>Trabajos en zanjas, sustituci\u00f3n de tuber\u00edas, instalaci\u00f3n de v\u00e1lvulas y mantenimiento de infraestructuras.<\/li>\n<li>Reduce la huella de excavaci\u00f3n, mejorando la seguridad y reduciendo los costes de restauraci\u00f3n.<\/li>\n<li>Cortar tuber\u00edas en zanjas estrechas, espacios reducidos y suelos inestables.<\/li>\n<li>Permite a los operarios completar los cortes desde una sola posici\u00f3n, minimizando el tiempo en zonas peligrosas.<\/li>\n<li>La tecnolog\u00eda de cadena PowerGrit\u00ae mejora la velocidad, el control y la seguridad en comparaci\u00f3n con los m\u00e9todos de corte abrasivos.<\/li>\n<\/ul>\n","protected":false},"excerpt":{"rendered":"<ul class=\"alexcss\">\n<li>Capacidad de corte: Hasta 25&#8243;<\/li>\n<li>Velocidad en vac\u00edo: 6100 RPM<\/li>\n<li>Potencia del motor: 6 CV<\/li>\n<li>Mangueras flexibles y acoplamientos FF incluidos<\/li>\n<\/ul>\n","protected":false},"featured_media":178655,"template":"","meta":[],"product_brand":[],"product_cat":[1043],"product_tag":[1013,1216,1218],"accessory_type":[],"application":[1042],"hand_tool_type":[],"industry":[933],"material":[],"power_tool_type":[1215],"power_type":[976],"subcategory":[1114],"tool_type":[946],"class_list":{"0":"post-178670","1":"product","2":"type-product","3":"status-publish","4":"has-post-thumbnail","6":"product_cat-sierras","7":"product_tag-hidraulico","8":"product_tag-motosierras","9":"product_tag-motosierras-hidraulicas","10":"application-corte-y-conformado","11":"industry-metalurgia-2","12":"power_tool_type-sierra-de-cadena","13":"power_type-hidraulico","14":"subcategory-motosierras","15":"tool_type-herramienta-electrica","17":"first","18":"instock","19":"shipping-taxable","20":"purchasable","21":"product-type-variable"},"yoast_head":"<!-- This site is optimized with the Yoast SEO plugin v27.5 - https:\/\/yoast.com\/product\/yoast-seo-wordpress\/ -->\n<title>Motosierras hidr\u00e1ulicas para fundici\u00f3n d\u00factil - CS Unitec<\/title>\n<meta name=\"description\" content=\"Motosierras hidr\u00e1ulicas para hierro d\u00factil, fundici\u00f3n, PVC, HDPE y otros materiales de tuber\u00edas enterradas. Sistema PowerGrit para cortar en posici\u00f3n singular.\" \/>\n<meta name=\"robots\" content=\"index, follow, max-snippet:-1, max-image-preview:large, max-video-preview:-1\" \/>\n<link rel=\"canonical\" href=\"https:\/\/csunitec.com\/es\/producto\/motosierras-hidraulicas-para-fundicion-ductil\/\" \/>\n<meta property=\"og:locale\" content=\"es_ES\" \/>\n<meta property=\"og:type\" content=\"article\" \/>\n<meta property=\"og:title\" content=\"Motosierras hidr\u00e1ulicas para fundici\u00f3n d\u00factil - CS Unitec\" \/>\n<meta property=\"og:description\" content=\"Motosierras hidr\u00e1ulicas para hierro d\u00factil, fundici\u00f3n, PVC, HDPE y otros materiales de tuber\u00edas enterradas. Sistema PowerGrit para cortar en posici\u00f3n singular.\" \/>\n<meta property=\"og:url\" content=\"https:\/\/csunitec.com\/es\/producto\/motosierras-hidraulicas-para-fundicion-ductil\/\" \/>\n<meta property=\"og:site_name\" content=\"CS Unitec\" \/>\n<meta property=\"article:modified_time\" content=\"2026-04-30T05:58:15+00:00\" \/>\n<meta property=\"og:image\" content=\"https:\/\/csunitec.com\/wp-content\/uploads\/2024\/11\/hydraulic_powergrit_chainsaw_for_ductile_iron_pipe_5-5-1.jpg\" \/>\n\t<meta property=\"og:image:width\" content=\"380\" \/>\n\t<meta property=\"og:image:height\" content=\"380\" \/>\n\t<meta property=\"og:image:type\" content=\"image\/jpeg\" \/>\n<meta name=\"twitter:card\" content=\"summary_large_image\" \/>\n<meta name=\"twitter:label1\" content=\"Tiempo de lectura\" \/>\n\t<meta name=\"twitter:data1\" content=\"1 minuto\" \/>\n<script type=\"application\/ld+json\" class=\"yoast-schema-graph\">{\"@context\":\"https:\\\/\\\/schema.org\",\"@graph\":[{\"@type\":\"WebPage\",\"@id\":\"https:\\\/\\\/csunitec.com\\\/es\\\/producto\\\/motosierras-hidraulicas-para-fundicion-ductil\\\/\",\"url\":\"https:\\\/\\\/csunitec.com\\\/es\\\/producto\\\/motosierras-hidraulicas-para-fundicion-ductil\\\/\",\"name\":\"Motosierras hidr\u00e1ulicas para fundici\u00f3n d\u00factil - CS Unitec\",\"isPartOf\":{\"@id\":\"https:\\\/\\\/csunitec.com\\\/es\\\/#website\"},\"primaryImageOfPage\":{\"@id\":\"https:\\\/\\\/csunitec.com\\\/es\\\/producto\\\/motosierras-hidraulicas-para-fundicion-ductil\\\/#primaryimage\"},\"image\":{\"@id\":\"https:\\\/\\\/csunitec.com\\\/es\\\/producto\\\/motosierras-hidraulicas-para-fundicion-ductil\\\/#primaryimage\"},\"thumbnailUrl\":\"https:\\\/\\\/csunitec.com\\\/wp-content\\\/uploads\\\/2024\\\/11\\\/hydraulic_powergrit_chainsaw_for_ductile_iron_pipe_5-5-1.jpg\",\"datePublished\":\"2024-11-22T17:29:00+00:00\",\"dateModified\":\"2026-04-30T05:58:15+00:00\",\"description\":\"Motosierras hidr\u00e1ulicas para hierro d\u00factil, fundici\u00f3n, PVC, HDPE y otros materiales de tuber\u00edas enterradas. Sistema PowerGrit para cortar en posici\u00f3n singular.\",\"breadcrumb\":{\"@id\":\"https:\\\/\\\/csunitec.com\\\/es\\\/producto\\\/motosierras-hidraulicas-para-fundicion-ductil\\\/#breadcrumb\"},\"inLanguage\":\"es\",\"potentialAction\":[{\"@type\":\"ReadAction\",\"target\":[\"https:\\\/\\\/csunitec.com\\\/es\\\/producto\\\/motosierras-hidraulicas-para-fundicion-ductil\\\/\"]}]},{\"@type\":\"ImageObject\",\"inLanguage\":\"es\",\"@id\":\"https:\\\/\\\/csunitec.com\\\/es\\\/producto\\\/motosierras-hidraulicas-para-fundicion-ductil\\\/#primaryimage\",\"url\":\"https:\\\/\\\/csunitec.com\\\/wp-content\\\/uploads\\\/2024\\\/11\\\/hydraulic_powergrit_chainsaw_for_ductile_iron_pipe_5-5-1.jpg\",\"contentUrl\":\"https:\\\/\\\/csunitec.com\\\/wp-content\\\/uploads\\\/2024\\\/11\\\/hydraulic_powergrit_chainsaw_for_ductile_iron_pipe_5-5-1.jpg\",\"width\":380,\"height\":380},{\"@type\":\"BreadcrumbList\",\"@id\":\"https:\\\/\\\/csunitec.com\\\/es\\\/producto\\\/motosierras-hidraulicas-para-fundicion-ductil\\\/#breadcrumb\",\"itemListElement\":[{\"@type\":\"ListItem\",\"position\":1,\"name\":\"Inicio\",\"item\":\"https:\\\/\\\/csunitec.com\\\/es\\\/\"},{\"@type\":\"ListItem\",\"position\":2,\"name\":\"Tienda\",\"item\":\"https:\\\/\\\/csunitec.com\\\/es\\\/tienda\\\/\"},{\"@type\":\"ListItem\",\"position\":3,\"name\":\"Motosierras hidr\u00e1ulicas para fundici\u00f3n d\u00factil\"}]},{\"@type\":\"WebSite\",\"@id\":\"https:\\\/\\\/csunitec.com\\\/es\\\/#website\",\"url\":\"https:\\\/\\\/csunitec.com\\\/es\\\/\",\"name\":\"CS Unitec\",\"description\":\"\",\"potentialAction\":[{\"@type\":\"SearchAction\",\"target\":{\"@type\":\"EntryPoint\",\"urlTemplate\":\"https:\\\/\\\/csunitec.com\\\/es\\\/?s={search_term_string}\"},\"query-input\":{\"@type\":\"PropertyValueSpecification\",\"valueRequired\":true,\"valueName\":\"search_term_string\"}}],\"inLanguage\":\"es\"}]}<\/script>\n<!-- \/ Yoast SEO plugin. -->","yoast_head_json":{"title":"Motosierras hidr\u00e1ulicas para fundici\u00f3n d\u00factil - CS Unitec","description":"Motosierras hidr\u00e1ulicas para hierro d\u00factil, fundici\u00f3n, PVC, HDPE y otros materiales de tuber\u00edas enterradas. Sistema PowerGrit para cortar en posici\u00f3n singular.","robots":{"index":"index","follow":"follow","max-snippet":"max-snippet:-1","max-image-preview":"max-image-preview:large","max-video-preview":"max-video-preview:-1"},"canonical":"https:\/\/csunitec.com\/es\/producto\/motosierras-hidraulicas-para-fundicion-ductil\/","og_locale":"es_ES","og_type":"article","og_title":"Motosierras hidr\u00e1ulicas para fundici\u00f3n d\u00factil - CS Unitec","og_description":"Motosierras hidr\u00e1ulicas para hierro d\u00factil, fundici\u00f3n, PVC, HDPE y otros materiales de tuber\u00edas enterradas. Sistema PowerGrit para cortar en posici\u00f3n singular.","og_url":"https:\/\/csunitec.com\/es\/producto\/motosierras-hidraulicas-para-fundicion-ductil\/","og_site_name":"CS Unitec","article_modified_time":"2026-04-30T05:58:15+00:00","og_image":[{"width":380,"height":380,"url":"https:\/\/csunitec.com\/wp-content\/uploads\/2024\/11\/hydraulic_powergrit_chainsaw_for_ductile_iron_pipe_5-5-1.jpg","type":"image\/jpeg"}],"twitter_card":"summary_large_image","twitter_misc":{"Tiempo de lectura":"1 minuto"},"schema":{"@context":"https:\/\/schema.org","@graph":[{"@type":"WebPage","@id":"https:\/\/csunitec.com\/es\/producto\/motosierras-hidraulicas-para-fundicion-ductil\/","url":"https:\/\/csunitec.com\/es\/producto\/motosierras-hidraulicas-para-fundicion-ductil\/","name":"Motosierras hidr\u00e1ulicas para fundici\u00f3n d\u00factil - CS Unitec","isPartOf":{"@id":"https:\/\/csunitec.com\/es\/#website"},"primaryImageOfPage":{"@id":"https:\/\/csunitec.com\/es\/producto\/motosierras-hidraulicas-para-fundicion-ductil\/#primaryimage"},"image":{"@id":"https:\/\/csunitec.com\/es\/producto\/motosierras-hidraulicas-para-fundicion-ductil\/#primaryimage"},"thumbnailUrl":"https:\/\/csunitec.com\/wp-content\/uploads\/2024\/11\/hydraulic_powergrit_chainsaw_for_ductile_iron_pipe_5-5-1.jpg","datePublished":"2024-11-22T17:29:00+00:00","dateModified":"2026-04-30T05:58:15+00:00","description":"Motosierras hidr\u00e1ulicas para hierro d\u00factil, fundici\u00f3n, PVC, HDPE y otros materiales de tuber\u00edas enterradas. Sistema PowerGrit para cortar en posici\u00f3n singular.","breadcrumb":{"@id":"https:\/\/csunitec.com\/es\/producto\/motosierras-hidraulicas-para-fundicion-ductil\/#breadcrumb"},"inLanguage":"es","potentialAction":[{"@type":"ReadAction","target":["https:\/\/csunitec.com\/es\/producto\/motosierras-hidraulicas-para-fundicion-ductil\/"]}]},{"@type":"ImageObject","inLanguage":"es","@id":"https:\/\/csunitec.com\/es\/producto\/motosierras-hidraulicas-para-fundicion-ductil\/#primaryimage","url":"https:\/\/csunitec.com\/wp-content\/uploads\/2024\/11\/hydraulic_powergrit_chainsaw_for_ductile_iron_pipe_5-5-1.jpg","contentUrl":"https:\/\/csunitec.com\/wp-content\/uploads\/2024\/11\/hydraulic_powergrit_chainsaw_for_ductile_iron_pipe_5-5-1.jpg","width":380,"height":380},{"@type":"BreadcrumbList","@id":"https:\/\/csunitec.com\/es\/producto\/motosierras-hidraulicas-para-fundicion-ductil\/#breadcrumb","itemListElement":[{"@type":"ListItem","position":1,"name":"Inicio","item":"https:\/\/csunitec.com\/es\/"},{"@type":"ListItem","position":2,"name":"Tienda","item":"https:\/\/csunitec.com\/es\/tienda\/"},{"@type":"ListItem","position":3,"name":"Motosierras hidr\u00e1ulicas para fundici\u00f3n d\u00factil"}]},{"@type":"WebSite","@id":"https:\/\/csunitec.com\/es\/#website","url":"https:\/\/csunitec.com\/es\/","name":"CS Unitec","description":"","potentialAction":[{"@type":"SearchAction","target":{"@type":"EntryPoint","urlTemplate":"https:\/\/csunitec.com\/es\/?s={search_term_string}"},"query-input":{"@type":"PropertyValueSpecification","valueRequired":true,"valueName":"search_term_string"}}],"inLanguage":"es"}]}},"_links":{"self":[{"href":"https:\/\/csunitec.com\/es\/wp-json\/wp\/v2\/product\/178670","targetHints":{"allow":["GET"]}}],"collection":[{"href":"https:\/\/csunitec.com\/es\/wp-json\/wp\/v2\/product"}],"about":[{"href":"https:\/\/csunitec.com\/es\/wp-json\/wp\/v2\/types\/product"}],"wp:featuredmedia":[{"embeddable":true,"href":"https:\/\/csunitec.com\/es\/wp-json\/wp\/v2\/media\/178655"}],"wp:attachment":[{"href":"https:\/\/csunitec.com\/es\/wp-json\/wp\/v2\/media?parent=178670"}],"wp:term":[{"taxonomy":"product_brand","embeddable":true,"href":"https:\/\/csunitec.com\/es\/wp-json\/wp\/v2\/product_brand?post=178670"},{"taxonomy":"product_cat","embeddable":true,"href":"https:\/\/csunitec.com\/es\/wp-json\/wp\/v2\/product_cat?post=178670"},{"taxonomy":"product_tag","embeddable":true,"href":"https:\/\/csunitec.com\/es\/wp-json\/wp\/v2\/product_tag?post=178670"},{"taxonomy":"accessory_type","embeddable":true,"href":"https:\/\/csunitec.com\/es\/wp-json\/wp\/v2\/accessory_type?post=178670"},{"taxonomy":"application","embeddable":true,"href":"https:\/\/csunitec.com\/es\/wp-json\/wp\/v2\/application?post=178670"},{"taxonomy":"hand_tool_type","embeddable":true,"href":"https:\/\/csunitec.com\/es\/wp-json\/wp\/v2\/hand_tool_type?post=178670"},{"taxonomy":"industry","embeddable":true,"href":"https:\/\/csunitec.com\/es\/wp-json\/wp\/v2\/industry?post=178670"},{"taxonomy":"material","embeddable":true,"href":"https:\/\/csunitec.com\/es\/wp-json\/wp\/v2\/material?post=178670"},{"taxonomy":"power_tool_type","embeddable":true,"href":"https:\/\/csunitec.com\/es\/wp-json\/wp\/v2\/power_tool_type?post=178670"},{"taxonomy":"power_type","embeddable":true,"href":"https:\/\/csunitec.com\/es\/wp-json\/wp\/v2\/power_type?post=178670"},{"taxonomy":"subcategory","embeddable":true,"href":"https:\/\/csunitec.com\/es\/wp-json\/wp\/v2\/subcategory?post=178670"},{"taxonomy":"tool_type","embeddable":true,"href":"https:\/\/csunitec.com\/es\/wp-json\/wp\/v2\/tool_type?post=178670"}],"curies":[{"name":"wp","href":"https:\/\/api.w.org\/{rel}","templated":true}]}}