{"id":178740,"date":"2024-11-22T21:10:00","date_gmt":"2024-11-22T21:10:00","guid":{"rendered":"https:\/\/stgcsunitec.wpenginepowered.com\/product\/adaptadores-de-cambio-rapido-para-batidoras-de-mano\/"},"modified":"2024-11-22T21:10:00","modified_gmt":"2024-11-23T02:10:00","slug":"adaptadores-de-cambio-rapido-para-batidoras-de-mano","status":"publish","type":"product","link":"https:\/\/csunitec.com\/es\/producto\/adaptadores-de-cambio-rapido-para-batidoras-de-mano\/","title":{"rendered":"Adaptadores de cambio r\u00e1pido para batidoras de mano"},"content":{"rendered":"<ul>\n<li>Los Adaptadores de Cambio R\u00e1pido son perfectos para los contratistas que cambian con frecuencia entre l\u00edquidos finos, pinturas, revestimientos, morteros, epoxis, yesos y materiales a base de cemento.<\/li>\n<li>Ideal para entornos de producci\u00f3n en los que los operarios deben cambiar las palas r\u00e1pidamente para mantener la eficacia del flujo de trabajo.<\/li>\n<li>Reduce el tiempo de inactividad durante los cambios de material.<\/li>\n<li>Enrosca el embrague del adaptador de cambio r\u00e1pido en las palas mezcladoras y enchufa la varilla agitadora. Para extraerlo, basta con tirar hacia atr\u00e1s de la c\u00e1psula del embrague. <\/li>\n<\/ul>\n","protected":false},"excerpt":{"rendered":"<ul>\n<li>Las palas mezcladoras se pueden cambiar con el adaptador de cambio r\u00e1pido enchufable, sin necesidad de herramientas<\/li>\n<li>Cambia r\u00e1pidamente la paleta mezcladora para diferentes materiales<\/li>\n<li>Quita f\u00e1cilmente las palas para limpiarlas<\/li>\n<\/ul>\n","protected":false},"featured_media":171818,"template":"","meta":[],"product_brand":[],"product_cat":[1059],"product_tag":[1207],"accessory_type":[927],"application":[1201],"hand_tool_type":[],"industry":[931],"material":[],"power_tool_type":[],"power_type":[],"subcategory":[1061],"tool_type":[943],"class_list":{"0":"post-178740","1":"product","2":"type-product","3":"status-publish","4":"has-post-thumbnail","6":"product_cat-taladros-y-estaciones-de-mezclado","7":"product_tag-accesorios-para-perforadoras-mezcladoras","8":"accessory_type-accesorio","9":"application-hormigonado","10":"industry-hormigon-y-mamposteria","11":"subcategory-taladros-mezcladores","12":"tool_type-accesorio","14":"first","15":"instock","16":"shipping-taxable","17":"purchasable","18":"product-type-simple"},"yoast_head":"<!-- This site is optimized with the Yoast SEO plugin v27.5 - https:\/\/yoast.com\/product\/yoast-seo-wordpress\/ -->\n<title>Adaptadores de cambio r\u00e1pido para batidoras de mano - CS Unitec<\/title>\n<meta name=\"description\" content=\"Las palas mezcladoras se pueden cambiar con los adaptadores enchufables de cambio r\u00e1pido, sin necesidad de herramientas. Cambia r\u00e1pidamente la paleta mezcladora para distintos materiales\" \/>\n<meta name=\"robots\" content=\"index, follow, max-snippet:-1, max-image-preview:large, max-video-preview:-1\" \/>\n<link rel=\"canonical\" href=\"https:\/\/csunitec.com\/es\/producto\/adaptadores-de-cambio-rapido-para-batidoras-de-mano\/\" \/>\n<meta property=\"og:locale\" content=\"es_ES\" \/>\n<meta property=\"og:type\" content=\"article\" \/>\n<meta property=\"og:title\" content=\"Adaptadores de cambio r\u00e1pido para batidoras de mano - CS Unitec\" \/>\n<meta property=\"og:description\" content=\"Las palas mezcladoras se pueden cambiar con los adaptadores enchufables de cambio r\u00e1pido, sin necesidad de herramientas. Cambia r\u00e1pidamente la paleta mezcladora para distintos materiales\" \/>\n<meta property=\"og:url\" content=\"https:\/\/csunitec.com\/es\/producto\/adaptadores-de-cambio-rapido-para-batidoras-de-mano\/\" \/>\n<meta property=\"og:site_name\" content=\"CS Unitec\" \/>\n<meta property=\"article:modified_time\" content=\"2024-11-23T02:10:00+00:00\" \/>\n<meta property=\"og:image\" content=\"https:\/\/csunitec.com\/wp-content\/uploads\/2024\/11\/Quick-Change-Adapter-Handheld-Mixers-1-2-1.png\" \/>\n\t<meta property=\"og:image:width\" content=\"1000\" \/>\n\t<meta property=\"og:image:height\" content=\"1000\" \/>\n\t<meta property=\"og:image:type\" content=\"image\/png\" \/>\n<meta name=\"twitter:card\" content=\"summary_large_image\" \/>\n<script type=\"application\/ld+json\" class=\"yoast-schema-graph\">{\"@context\":\"https:\\\/\\\/schema.org\",\"@graph\":[{\"@type\":\"WebPage\",\"@id\":\"https:\\\/\\\/csunitec.com\\\/es\\\/producto\\\/adaptadores-de-cambio-rapido-para-batidoras-de-mano\\\/\",\"url\":\"https:\\\/\\\/csunitec.com\\\/es\\\/producto\\\/adaptadores-de-cambio-rapido-para-batidoras-de-mano\\\/\",\"name\":\"Adaptadores de cambio r\u00e1pido para batidoras de mano - CS Unitec\",\"isPartOf\":{\"@id\":\"https:\\\/\\\/csunitec.com\\\/es\\\/#website\"},\"primaryImageOfPage\":{\"@id\":\"https:\\\/\\\/csunitec.com\\\/es\\\/producto\\\/adaptadores-de-cambio-rapido-para-batidoras-de-mano\\\/#primaryimage\"},\"image\":{\"@id\":\"https:\\\/\\\/csunitec.com\\\/es\\\/producto\\\/adaptadores-de-cambio-rapido-para-batidoras-de-mano\\\/#primaryimage\"},\"thumbnailUrl\":\"https:\\\/\\\/csunitec.com\\\/wp-content\\\/uploads\\\/2024\\\/11\\\/Quick-Change-Adapter-Handheld-Mixers-1-2-1.png\",\"datePublished\":\"2024-11-22T21:10:00+00:00\",\"dateModified\":\"2024-11-23T02:10:00+00:00\",\"description\":\"Las palas mezcladoras se pueden cambiar con los adaptadores enchufables de cambio r\u00e1pido, sin necesidad de herramientas. Cambia r\u00e1pidamente la paleta mezcladora para distintos materiales\",\"breadcrumb\":{\"@id\":\"https:\\\/\\\/csunitec.com\\\/es\\\/producto\\\/adaptadores-de-cambio-rapido-para-batidoras-de-mano\\\/#breadcrumb\"},\"inLanguage\":\"es\",\"potentialAction\":[{\"@type\":\"ReadAction\",\"target\":[\"https:\\\/\\\/csunitec.com\\\/es\\\/producto\\\/adaptadores-de-cambio-rapido-para-batidoras-de-mano\\\/\"]}]},{\"@type\":\"ImageObject\",\"inLanguage\":\"es\",\"@id\":\"https:\\\/\\\/csunitec.com\\\/es\\\/producto\\\/adaptadores-de-cambio-rapido-para-batidoras-de-mano\\\/#primaryimage\",\"url\":\"https:\\\/\\\/csunitec.com\\\/wp-content\\\/uploads\\\/2024\\\/11\\\/Quick-Change-Adapter-Handheld-Mixers-1-2-1.png\",\"contentUrl\":\"https:\\\/\\\/csunitec.com\\\/wp-content\\\/uploads\\\/2024\\\/11\\\/Quick-Change-Adapter-Handheld-Mixers-1-2-1.png\",\"width\":1000,\"height\":1000},{\"@type\":\"BreadcrumbList\",\"@id\":\"https:\\\/\\\/csunitec.com\\\/es\\\/producto\\\/adaptadores-de-cambio-rapido-para-batidoras-de-mano\\\/#breadcrumb\",\"itemListElement\":[{\"@type\":\"ListItem\",\"position\":1,\"name\":\"Inicio\",\"item\":\"https:\\\/\\\/csunitec.com\\\/es\\\/\"},{\"@type\":\"ListItem\",\"position\":2,\"name\":\"Tienda\",\"item\":\"https:\\\/\\\/csunitec.com\\\/es\\\/tienda\\\/\"},{\"@type\":\"ListItem\",\"position\":3,\"name\":\"Adaptadores de cambio r\u00e1pido para batidoras de mano\"}]},{\"@type\":\"WebSite\",\"@id\":\"https:\\\/\\\/csunitec.com\\\/es\\\/#website\",\"url\":\"https:\\\/\\\/csunitec.com\\\/es\\\/\",\"name\":\"CS Unitec\",\"description\":\"\",\"potentialAction\":[{\"@type\":\"SearchAction\",\"target\":{\"@type\":\"EntryPoint\",\"urlTemplate\":\"https:\\\/\\\/csunitec.com\\\/es\\\/?s={search_term_string}\"},\"query-input\":{\"@type\":\"PropertyValueSpecification\",\"valueRequired\":true,\"valueName\":\"search_term_string\"}}],\"inLanguage\":\"es\"}]}<\/script>\n<!-- \/ Yoast SEO plugin. -->","yoast_head_json":{"title":"Adaptadores de cambio r\u00e1pido para batidoras de mano - CS Unitec","description":"Las palas mezcladoras se pueden cambiar con los adaptadores enchufables de cambio r\u00e1pido, sin necesidad de herramientas. Cambia r\u00e1pidamente la paleta mezcladora para distintos materiales","robots":{"index":"index","follow":"follow","max-snippet":"max-snippet:-1","max-image-preview":"max-image-preview:large","max-video-preview":"max-video-preview:-1"},"canonical":"https:\/\/csunitec.com\/es\/producto\/adaptadores-de-cambio-rapido-para-batidoras-de-mano\/","og_locale":"es_ES","og_type":"article","og_title":"Adaptadores de cambio r\u00e1pido para batidoras de mano - CS Unitec","og_description":"Las palas mezcladoras se pueden cambiar con los adaptadores enchufables de cambio r\u00e1pido, sin necesidad de herramientas. Cambia r\u00e1pidamente la paleta mezcladora para distintos materiales","og_url":"https:\/\/csunitec.com\/es\/producto\/adaptadores-de-cambio-rapido-para-batidoras-de-mano\/","og_site_name":"CS Unitec","article_modified_time":"2024-11-23T02:10:00+00:00","og_image":[{"width":1000,"height":1000,"url":"https:\/\/csunitec.com\/wp-content\/uploads\/2024\/11\/Quick-Change-Adapter-Handheld-Mixers-1-2-1.png","type":"image\/png"}],"twitter_card":"summary_large_image","schema":{"@context":"https:\/\/schema.org","@graph":[{"@type":"WebPage","@id":"https:\/\/csunitec.com\/es\/producto\/adaptadores-de-cambio-rapido-para-batidoras-de-mano\/","url":"https:\/\/csunitec.com\/es\/producto\/adaptadores-de-cambio-rapido-para-batidoras-de-mano\/","name":"Adaptadores de cambio r\u00e1pido para batidoras de mano - CS Unitec","isPartOf":{"@id":"https:\/\/csunitec.com\/es\/#website"},"primaryImageOfPage":{"@id":"https:\/\/csunitec.com\/es\/producto\/adaptadores-de-cambio-rapido-para-batidoras-de-mano\/#primaryimage"},"image":{"@id":"https:\/\/csunitec.com\/es\/producto\/adaptadores-de-cambio-rapido-para-batidoras-de-mano\/#primaryimage"},"thumbnailUrl":"https:\/\/csunitec.com\/wp-content\/uploads\/2024\/11\/Quick-Change-Adapter-Handheld-Mixers-1-2-1.png","datePublished":"2024-11-22T21:10:00+00:00","dateModified":"2024-11-23T02:10:00+00:00","description":"Las palas mezcladoras se pueden cambiar con los adaptadores enchufables de cambio r\u00e1pido, sin necesidad de herramientas. Cambia r\u00e1pidamente la paleta mezcladora para distintos materiales","breadcrumb":{"@id":"https:\/\/csunitec.com\/es\/producto\/adaptadores-de-cambio-rapido-para-batidoras-de-mano\/#breadcrumb"},"inLanguage":"es","potentialAction":[{"@type":"ReadAction","target":["https:\/\/csunitec.com\/es\/producto\/adaptadores-de-cambio-rapido-para-batidoras-de-mano\/"]}]},{"@type":"ImageObject","inLanguage":"es","@id":"https:\/\/csunitec.com\/es\/producto\/adaptadores-de-cambio-rapido-para-batidoras-de-mano\/#primaryimage","url":"https:\/\/csunitec.com\/wp-content\/uploads\/2024\/11\/Quick-Change-Adapter-Handheld-Mixers-1-2-1.png","contentUrl":"https:\/\/csunitec.com\/wp-content\/uploads\/2024\/11\/Quick-Change-Adapter-Handheld-Mixers-1-2-1.png","width":1000,"height":1000},{"@type":"BreadcrumbList","@id":"https:\/\/csunitec.com\/es\/producto\/adaptadores-de-cambio-rapido-para-batidoras-de-mano\/#breadcrumb","itemListElement":[{"@type":"ListItem","position":1,"name":"Inicio","item":"https:\/\/csunitec.com\/es\/"},{"@type":"ListItem","position":2,"name":"Tienda","item":"https:\/\/csunitec.com\/es\/tienda\/"},{"@type":"ListItem","position":3,"name":"Adaptadores de cambio r\u00e1pido para batidoras de mano"}]},{"@type":"WebSite","@id":"https:\/\/csunitec.com\/es\/#website","url":"https:\/\/csunitec.com\/es\/","name":"CS Unitec","description":"","potentialAction":[{"@type":"SearchAction","target":{"@type":"EntryPoint","urlTemplate":"https:\/\/csunitec.com\/es\/?s={search_term_string}"},"query-input":{"@type":"PropertyValueSpecification","valueRequired":true,"valueName":"search_term_string"}}],"inLanguage":"es"}]}},"_links":{"self":[{"href":"https:\/\/csunitec.com\/es\/wp-json\/wp\/v2\/product\/178740","targetHints":{"allow":["GET"]}}],"collection":[{"href":"https:\/\/csunitec.com\/es\/wp-json\/wp\/v2\/product"}],"about":[{"href":"https:\/\/csunitec.com\/es\/wp-json\/wp\/v2\/types\/product"}],"wp:featuredmedia":[{"embeddable":true,"href":"https:\/\/csunitec.com\/es\/wp-json\/wp\/v2\/media\/171818"}],"wp:attachment":[{"href":"https:\/\/csunitec.com\/es\/wp-json\/wp\/v2\/media?parent=178740"}],"wp:term":[{"taxonomy":"product_brand","embeddable":true,"href":"https:\/\/csunitec.com\/es\/wp-json\/wp\/v2\/product_brand?post=178740"},{"taxonomy":"product_cat","embeddable":true,"href":"https:\/\/csunitec.com\/es\/wp-json\/wp\/v2\/product_cat?post=178740"},{"taxonomy":"product_tag","embeddable":true,"href":"https:\/\/csunitec.com\/es\/wp-json\/wp\/v2\/product_tag?post=178740"},{"taxonomy":"accessory_type","embeddable":true,"href":"https:\/\/csunitec.com\/es\/wp-json\/wp\/v2\/accessory_type?post=178740"},{"taxonomy":"application","embeddable":true,"href":"https:\/\/csunitec.com\/es\/wp-json\/wp\/v2\/application?post=178740"},{"taxonomy":"hand_tool_type","embeddable":true,"href":"https:\/\/csunitec.com\/es\/wp-json\/wp\/v2\/hand_tool_type?post=178740"},{"taxonomy":"industry","embeddable":true,"href":"https:\/\/csunitec.com\/es\/wp-json\/wp\/v2\/industry?post=178740"},{"taxonomy":"material","embeddable":true,"href":"https:\/\/csunitec.com\/es\/wp-json\/wp\/v2\/material?post=178740"},{"taxonomy":"power_tool_type","embeddable":true,"href":"https:\/\/csunitec.com\/es\/wp-json\/wp\/v2\/power_tool_type?post=178740"},{"taxonomy":"power_type","embeddable":true,"href":"https:\/\/csunitec.com\/es\/wp-json\/wp\/v2\/power_type?post=178740"},{"taxonomy":"subcategory","embeddable":true,"href":"https:\/\/csunitec.com\/es\/wp-json\/wp\/v2\/subcategory?post=178740"},{"taxonomy":"tool_type","embeddable":true,"href":"https:\/\/csunitec.com\/es\/wp-json\/wp\/v2\/tool_type?post=178740"}],"curies":[{"name":"wp","href":"https:\/\/api.w.org\/{rel}","templated":true}]}}