{"id":178777,"date":"2024-11-25T20:15:00","date_gmt":"2024-11-26T01:15:00","guid":{"rendered":"https:\/\/stgcsunitec.wpenginepowered.com\/product\/estaciones-de-mezcla-portamix-mega-hippo\/"},"modified":"2026-04-30T01:58:20","modified_gmt":"2026-04-30T05:58:20","slug":"estaciones-de-mezcla-portamix-mega-hippo","status":"publish","type":"product","link":"https:\/\/csunitec.com\/es\/producto\/estaciones-de-mezcla-portamix-mega-hippo\/","title":{"rendered":"Estaciones de mezcla PORTAMIX\u00ae MEGA HIPPO"},"content":{"rendered":"<ul>\n<li>Estaciones de mezcla PORTAMIX\u00ae MEGA HIPPO Sistema de mezcla est\u00e1ndar de la industria para autoniveladoras.<\/li>\n<li>Con alto par y altas velocidades, mezcla compuestos m\u00e1s gruesos y \u00e1ridos m\u00e1s pesados.<\/li>\n<li>Ideal para mezclar compuestos como hormig\u00f3n, cemento, solado, sellador, adhesivo, resina, epoxi, revestimientos texturizados, etc.<\/li>\n<li>Para una mezcla ininterrumpida, utiliza tu Estaci\u00f3n de mezcla port\u00e1til MEGA HIPPO como mezcladora estacionaria y vierte el material mezclado en el <a href=\"https:\/\/www.csunitec.com\/mixing-drills-mixing-stations\/hand-held-mixer-accessories\/pelican-cart-canister\"><strong>Carro Pel\u00edcano<\/strong><\/a> para transportarlo a la zona de aplicaci\u00f3n.<\/li>\n<\/ul>\n","protected":false},"excerpt":{"rendered":"<ul>\n<li>Velocidad: 175 \/ 300 \/ 430 RPM, 3 velocidades<\/li>\n<li>Capacidad: 23 Gal. \/ 6 bolsas (50 lbs.) <\/li>\n<li>Potencia: 20 Amp<\/li>\n<li>Dimensiones: 23-3\/4&#8243; (ancho) x 48&#8243; (alto)<\/li>\n<\/ul>\n","protected":false},"featured_media":178796,"template":"","meta":[],"product_brand":[],"product_cat":[1059],"product_tag":[1224,1225,1206],"accessory_type":[],"application":[1201],"hand_tool_type":[],"industry":[931],"material":[],"power_tool_type":[1223],"power_type":[936],"subcategory":[1205],"tool_type":[946],"class_list":{"0":"post-178777","1":"product","2":"type-product","3":"status-publish","4":"has-post-thumbnail","6":"product_cat-taladros-y-estaciones-de-mezclado","7":"product_tag-estacion-de-mezcla-hippo","8":"product_tag-estaciones-de-mezcla","9":"product_tag-portamix","10":"application-hormigonado","11":"industry-hormigon-y-mamposteria","12":"power_tool_type-estacion-de-mezcla","13":"power_type-electrico","14":"subcategory-estaciones-de-mezcla","15":"tool_type-herramienta-electrica","17":"first","18":"instock","19":"shipping-taxable","20":"purchasable","21":"product-type-variable"},"yoast_head":"<!-- This site is optimized with the Yoast SEO plugin v27.5 - https:\/\/yoast.com\/product\/yoast-seo-wordpress\/ -->\n<title>Estaciones de mezcla PORTAMIX\u00ae MEGA HIPPO - CS Unitec<\/title>\n<meta name=\"description\" content=\"Las Estaciones de Mezclado PORTAMIX\u00ae MEGA HIPPO son una soluci\u00f3n flexible para trabajos autonivelantes de todos los tama\u00f1os. Mezcla hormig\u00f3n, cemento, soleras y mucho m\u00e1s.\" \/>\n<meta name=\"robots\" content=\"index, follow, max-snippet:-1, max-image-preview:large, max-video-preview:-1\" \/>\n<link rel=\"canonical\" href=\"https:\/\/csunitec.com\/es\/producto\/estaciones-de-mezcla-portamix-mega-hippo\/\" \/>\n<meta property=\"og:locale\" content=\"es_ES\" \/>\n<meta property=\"og:type\" content=\"article\" \/>\n<meta property=\"og:title\" content=\"Estaciones de mezcla PORTAMIX\u00ae MEGA HIPPO - CS Unitec\" \/>\n<meta property=\"og:description\" content=\"Las Estaciones de Mezclado PORTAMIX\u00ae MEGA HIPPO son una soluci\u00f3n flexible para trabajos autonivelantes de todos los tama\u00f1os. Mezcla hormig\u00f3n, cemento, soleras y mucho m\u00e1s.\" \/>\n<meta property=\"og:url\" content=\"https:\/\/csunitec.com\/es\/producto\/estaciones-de-mezcla-portamix-mega-hippo\/\" \/>\n<meta property=\"og:site_name\" content=\"CS Unitec\" \/>\n<meta property=\"article:modified_time\" content=\"2026-04-30T05:58:20+00:00\" \/>\n<meta property=\"og:image\" content=\"https:\/\/csunitec.com\/wp-content\/uploads\/2024\/11\/PMH80F-DC3-1-HIPPO-angle.jpg\" \/>\n\t<meta property=\"og:image:width\" content=\"1000\" \/>\n\t<meta property=\"og:image:height\" content=\"1000\" \/>\n\t<meta property=\"og:image:type\" content=\"image\/jpeg\" \/>\n<meta name=\"twitter:card\" content=\"summary_large_image\" \/>\n<script type=\"application\/ld+json\" class=\"yoast-schema-graph\">{\"@context\":\"https:\\\/\\\/schema.org\",\"@graph\":[{\"@type\":\"WebPage\",\"@id\":\"https:\\\/\\\/csunitec.com\\\/es\\\/producto\\\/estaciones-de-mezcla-portamix-mega-hippo\\\/\",\"url\":\"https:\\\/\\\/csunitec.com\\\/es\\\/producto\\\/estaciones-de-mezcla-portamix-mega-hippo\\\/\",\"name\":\"Estaciones de mezcla PORTAMIX\u00ae MEGA HIPPO - CS Unitec\",\"isPartOf\":{\"@id\":\"https:\\\/\\\/csunitec.com\\\/es\\\/#website\"},\"primaryImageOfPage\":{\"@id\":\"https:\\\/\\\/csunitec.com\\\/es\\\/producto\\\/estaciones-de-mezcla-portamix-mega-hippo\\\/#primaryimage\"},\"image\":{\"@id\":\"https:\\\/\\\/csunitec.com\\\/es\\\/producto\\\/estaciones-de-mezcla-portamix-mega-hippo\\\/#primaryimage\"},\"thumbnailUrl\":\"https:\\\/\\\/csunitec.com\\\/wp-content\\\/uploads\\\/2024\\\/11\\\/PMH80F-DC3-1-HIPPO-angle.jpg\",\"datePublished\":\"2024-11-26T01:15:00+00:00\",\"dateModified\":\"2026-04-30T05:58:20+00:00\",\"description\":\"Las Estaciones de Mezclado PORTAMIX\u00ae MEGA HIPPO son una soluci\u00f3n flexible para trabajos autonivelantes de todos los tama\u00f1os. Mezcla hormig\u00f3n, cemento, soleras y mucho m\u00e1s.\",\"breadcrumb\":{\"@id\":\"https:\\\/\\\/csunitec.com\\\/es\\\/producto\\\/estaciones-de-mezcla-portamix-mega-hippo\\\/#breadcrumb\"},\"inLanguage\":\"es\",\"potentialAction\":[{\"@type\":\"ReadAction\",\"target\":[\"https:\\\/\\\/csunitec.com\\\/es\\\/producto\\\/estaciones-de-mezcla-portamix-mega-hippo\\\/\"]}]},{\"@type\":\"ImageObject\",\"inLanguage\":\"es\",\"@id\":\"https:\\\/\\\/csunitec.com\\\/es\\\/producto\\\/estaciones-de-mezcla-portamix-mega-hippo\\\/#primaryimage\",\"url\":\"https:\\\/\\\/csunitec.com\\\/wp-content\\\/uploads\\\/2024\\\/11\\\/PMH80F-DC3-1-HIPPO-angle.jpg\",\"contentUrl\":\"https:\\\/\\\/csunitec.com\\\/wp-content\\\/uploads\\\/2024\\\/11\\\/PMH80F-DC3-1-HIPPO-angle.jpg\",\"width\":1000,\"height\":1000},{\"@type\":\"BreadcrumbList\",\"@id\":\"https:\\\/\\\/csunitec.com\\\/es\\\/producto\\\/estaciones-de-mezcla-portamix-mega-hippo\\\/#breadcrumb\",\"itemListElement\":[{\"@type\":\"ListItem\",\"position\":1,\"name\":\"Inicio\",\"item\":\"https:\\\/\\\/csunitec.com\\\/es\\\/\"},{\"@type\":\"ListItem\",\"position\":2,\"name\":\"Tienda\",\"item\":\"https:\\\/\\\/csunitec.com\\\/es\\\/tienda\\\/\"},{\"@type\":\"ListItem\",\"position\":3,\"name\":\"Estaciones de mezcla PORTAMIX\u00ae MEGA HIPPO\"}]},{\"@type\":\"WebSite\",\"@id\":\"https:\\\/\\\/csunitec.com\\\/es\\\/#website\",\"url\":\"https:\\\/\\\/csunitec.com\\\/es\\\/\",\"name\":\"CS Unitec\",\"description\":\"\",\"potentialAction\":[{\"@type\":\"SearchAction\",\"target\":{\"@type\":\"EntryPoint\",\"urlTemplate\":\"https:\\\/\\\/csunitec.com\\\/es\\\/?s={search_term_string}\"},\"query-input\":{\"@type\":\"PropertyValueSpecification\",\"valueRequired\":true,\"valueName\":\"search_term_string\"}}],\"inLanguage\":\"es\"}]}<\/script>\n<!-- \/ Yoast SEO plugin. -->","yoast_head_json":{"title":"Estaciones de mezcla PORTAMIX\u00ae MEGA HIPPO - CS Unitec","description":"Las Estaciones de Mezclado PORTAMIX\u00ae MEGA HIPPO son una soluci\u00f3n flexible para trabajos autonivelantes de todos los tama\u00f1os. Mezcla hormig\u00f3n, cemento, soleras y mucho m\u00e1s.","robots":{"index":"index","follow":"follow","max-snippet":"max-snippet:-1","max-image-preview":"max-image-preview:large","max-video-preview":"max-video-preview:-1"},"canonical":"https:\/\/csunitec.com\/es\/producto\/estaciones-de-mezcla-portamix-mega-hippo\/","og_locale":"es_ES","og_type":"article","og_title":"Estaciones de mezcla PORTAMIX\u00ae MEGA HIPPO - CS Unitec","og_description":"Las Estaciones de Mezclado PORTAMIX\u00ae MEGA HIPPO son una soluci\u00f3n flexible para trabajos autonivelantes de todos los tama\u00f1os. Mezcla hormig\u00f3n, cemento, soleras y mucho m\u00e1s.","og_url":"https:\/\/csunitec.com\/es\/producto\/estaciones-de-mezcla-portamix-mega-hippo\/","og_site_name":"CS Unitec","article_modified_time":"2026-04-30T05:58:20+00:00","og_image":[{"width":1000,"height":1000,"url":"https:\/\/csunitec.com\/wp-content\/uploads\/2024\/11\/PMH80F-DC3-1-HIPPO-angle.jpg","type":"image\/jpeg"}],"twitter_card":"summary_large_image","schema":{"@context":"https:\/\/schema.org","@graph":[{"@type":"WebPage","@id":"https:\/\/csunitec.com\/es\/producto\/estaciones-de-mezcla-portamix-mega-hippo\/","url":"https:\/\/csunitec.com\/es\/producto\/estaciones-de-mezcla-portamix-mega-hippo\/","name":"Estaciones de mezcla PORTAMIX\u00ae MEGA HIPPO - CS Unitec","isPartOf":{"@id":"https:\/\/csunitec.com\/es\/#website"},"primaryImageOfPage":{"@id":"https:\/\/csunitec.com\/es\/producto\/estaciones-de-mezcla-portamix-mega-hippo\/#primaryimage"},"image":{"@id":"https:\/\/csunitec.com\/es\/producto\/estaciones-de-mezcla-portamix-mega-hippo\/#primaryimage"},"thumbnailUrl":"https:\/\/csunitec.com\/wp-content\/uploads\/2024\/11\/PMH80F-DC3-1-HIPPO-angle.jpg","datePublished":"2024-11-26T01:15:00+00:00","dateModified":"2026-04-30T05:58:20+00:00","description":"Las Estaciones de Mezclado PORTAMIX\u00ae MEGA HIPPO son una soluci\u00f3n flexible para trabajos autonivelantes de todos los tama\u00f1os. Mezcla hormig\u00f3n, cemento, soleras y mucho m\u00e1s.","breadcrumb":{"@id":"https:\/\/csunitec.com\/es\/producto\/estaciones-de-mezcla-portamix-mega-hippo\/#breadcrumb"},"inLanguage":"es","potentialAction":[{"@type":"ReadAction","target":["https:\/\/csunitec.com\/es\/producto\/estaciones-de-mezcla-portamix-mega-hippo\/"]}]},{"@type":"ImageObject","inLanguage":"es","@id":"https:\/\/csunitec.com\/es\/producto\/estaciones-de-mezcla-portamix-mega-hippo\/#primaryimage","url":"https:\/\/csunitec.com\/wp-content\/uploads\/2024\/11\/PMH80F-DC3-1-HIPPO-angle.jpg","contentUrl":"https:\/\/csunitec.com\/wp-content\/uploads\/2024\/11\/PMH80F-DC3-1-HIPPO-angle.jpg","width":1000,"height":1000},{"@type":"BreadcrumbList","@id":"https:\/\/csunitec.com\/es\/producto\/estaciones-de-mezcla-portamix-mega-hippo\/#breadcrumb","itemListElement":[{"@type":"ListItem","position":1,"name":"Inicio","item":"https:\/\/csunitec.com\/es\/"},{"@type":"ListItem","position":2,"name":"Tienda","item":"https:\/\/csunitec.com\/es\/tienda\/"},{"@type":"ListItem","position":3,"name":"Estaciones de mezcla PORTAMIX\u00ae MEGA HIPPO"}]},{"@type":"WebSite","@id":"https:\/\/csunitec.com\/es\/#website","url":"https:\/\/csunitec.com\/es\/","name":"CS Unitec","description":"","potentialAction":[{"@type":"SearchAction","target":{"@type":"EntryPoint","urlTemplate":"https:\/\/csunitec.com\/es\/?s={search_term_string}"},"query-input":{"@type":"PropertyValueSpecification","valueRequired":true,"valueName":"search_term_string"}}],"inLanguage":"es"}]}},"_links":{"self":[{"href":"https:\/\/csunitec.com\/es\/wp-json\/wp\/v2\/product\/178777","targetHints":{"allow":["GET"]}}],"collection":[{"href":"https:\/\/csunitec.com\/es\/wp-json\/wp\/v2\/product"}],"about":[{"href":"https:\/\/csunitec.com\/es\/wp-json\/wp\/v2\/types\/product"}],"wp:featuredmedia":[{"embeddable":true,"href":"https:\/\/csunitec.com\/es\/wp-json\/wp\/v2\/media\/178796"}],"wp:attachment":[{"href":"https:\/\/csunitec.com\/es\/wp-json\/wp\/v2\/media?parent=178777"}],"wp:term":[{"taxonomy":"product_brand","embeddable":true,"href":"https:\/\/csunitec.com\/es\/wp-json\/wp\/v2\/product_brand?post=178777"},{"taxonomy":"product_cat","embeddable":true,"href":"https:\/\/csunitec.com\/es\/wp-json\/wp\/v2\/product_cat?post=178777"},{"taxonomy":"product_tag","embeddable":true,"href":"https:\/\/csunitec.com\/es\/wp-json\/wp\/v2\/product_tag?post=178777"},{"taxonomy":"accessory_type","embeddable":true,"href":"https:\/\/csunitec.com\/es\/wp-json\/wp\/v2\/accessory_type?post=178777"},{"taxonomy":"application","embeddable":true,"href":"https:\/\/csunitec.com\/es\/wp-json\/wp\/v2\/application?post=178777"},{"taxonomy":"hand_tool_type","embeddable":true,"href":"https:\/\/csunitec.com\/es\/wp-json\/wp\/v2\/hand_tool_type?post=178777"},{"taxonomy":"industry","embeddable":true,"href":"https:\/\/csunitec.com\/es\/wp-json\/wp\/v2\/industry?post=178777"},{"taxonomy":"material","embeddable":true,"href":"https:\/\/csunitec.com\/es\/wp-json\/wp\/v2\/material?post=178777"},{"taxonomy":"power_tool_type","embeddable":true,"href":"https:\/\/csunitec.com\/es\/wp-json\/wp\/v2\/power_tool_type?post=178777"},{"taxonomy":"power_type","embeddable":true,"href":"https:\/\/csunitec.com\/es\/wp-json\/wp\/v2\/power_type?post=178777"},{"taxonomy":"subcategory","embeddable":true,"href":"https:\/\/csunitec.com\/es\/wp-json\/wp\/v2\/subcategory?post=178777"},{"taxonomy":"tool_type","embeddable":true,"href":"https:\/\/csunitec.com\/es\/wp-json\/wp\/v2\/tool_type?post=178777"}],"curies":[{"name":"wp","href":"https:\/\/api.w.org\/{rel}","templated":true}]}}