{"id":178839,"date":"2024-11-25T20:44:00","date_gmt":"2024-11-25T20:44:00","guid":{"rendered":"https:\/\/stgcsunitec.wpenginepowered.com\/product\/estacion-de-mezcla-automatica-portatil-twinmix-1800\/"},"modified":"2024-11-25T20:44:00","modified_gmt":"2024-11-26T01:44:00","slug":"estacion-de-mezcla-automatica-portatil-twinmix-1800","status":"publish","type":"product","link":"https:\/\/csunitec.com\/es\/producto\/estacion-de-mezcla-automatica-portatil-twinmix-1800\/","title":{"rendered":"Estaci\u00f3n de mezcla autom\u00e1tica port\u00e1til TwinMix 1800"},"content":{"rendered":"<ul>\n<li>TwinMix 1800 es ideal para mezclar uretanos pesados y de llana, morteros pesados y de ladrillo, compuestos de relleno y nivelaci\u00f3n, yeso, morteros de capa fina y otros materiales de alta viscosidad.<\/li>\n<li>Hasta <u>2000 lbs.<\/u> de producci\u00f3n por hora.<\/li>\n<li>Dos palas que giran en sentido contrario combinan a fondo los compuestos en una mezcla homog\u00e9nea y sin grumos.<\/li>\n<li>El temporizador opcional y el segundo carro reducen la mano de obra y el tiempo de producci\u00f3n a la mitad: \u00a1un usuario puede mezclar un nuevo lote mientras vierte el anterior!<\/li>\n<\/ul>\n","protected":false},"excerpt":{"rendered":"<ul>\n<li>Ideal para mezclar materiales de alta viscosidad: Uretanos, Mortero, Compuestos Nivelantes, Yeso y otros Materiales Pesados.<\/li>\n<li>Velocidad: 250 \/ 450 RPM (Varilla Helicoidal), 20 \/ 36 RPM (Pala Rascadora)<\/li>\n<li>Capacidad: 17 gal.<\/li>\n<li>Potencia: 15 Amp<\/li>\n<li>Temporizador incluido<\/li>\n<\/ul>\n","protected":false},"featured_media":178841,"template":"","meta":[],"product_brand":[],"product_cat":[1059],"product_tag":[1225,1229],"accessory_type":[],"application":[1201],"hand_tool_type":[],"industry":[931],"material":[],"power_tool_type":[1223],"power_type":[936],"subcategory":[1205],"tool_type":[946],"class_list":{"0":"post-178839","1":"product","2":"type-product","3":"status-publish","4":"has-post-thumbnail","6":"product_cat-taladros-y-estaciones-de-mezclado","7":"product_tag-estaciones-de-mezcla","8":"product_tag-mezcla-doble-1800","9":"application-hormigonado","10":"industry-hormigon-y-mamposteria","11":"power_tool_type-estacion-de-mezcla","12":"power_type-electrico","13":"subcategory-estaciones-de-mezcla","14":"tool_type-herramienta-electrica","16":"first","17":"instock","18":"shipping-taxable","19":"purchasable","20":"product-type-simple"},"yoast_head":"<!-- This site is optimized with the Yoast SEO plugin v27.5 - https:\/\/yoast.com\/product\/yoast-seo-wordpress\/ -->\n<title>Estaci\u00f3n de mezcla autom\u00e1tica port\u00e1til TwinMix 1800 - CS Unitec<\/title>\n<meta name=\"description\" content=\"TwinMix 1800 agiliza la mezcla de materiales de grosor medio a alto, al tiempo que protege contra el polvo y otros contaminantes.\" \/>\n<meta name=\"robots\" content=\"index, follow, max-snippet:-1, max-image-preview:large, max-video-preview:-1\" \/>\n<link rel=\"canonical\" href=\"https:\/\/csunitec.com\/es\/producto\/estacion-de-mezcla-automatica-portatil-twinmix-1800\/\" \/>\n<meta property=\"og:locale\" content=\"es_ES\" \/>\n<meta property=\"og:type\" content=\"article\" \/>\n<meta property=\"og:title\" content=\"Estaci\u00f3n de mezcla autom\u00e1tica port\u00e1til TwinMix 1800 - CS Unitec\" \/>\n<meta property=\"og:description\" content=\"TwinMix 1800 agiliza la mezcla de materiales de grosor medio a alto, al tiempo que protege contra el polvo y otros contaminantes.\" \/>\n<meta property=\"og:url\" content=\"https:\/\/csunitec.com\/es\/producto\/estacion-de-mezcla-automatica-portatil-twinmix-1800\/\" \/>\n<meta property=\"og:site_name\" content=\"CS Unitec\" \/>\n<meta property=\"article:modified_time\" content=\"2024-11-26T01:44:00+00:00\" \/>\n<meta property=\"og:image\" content=\"https:\/\/csunitec.com\/wp-content\/uploads\/2025\/04\/TwinMix-Mixing-Station-1-2-1.png\" \/>\n\t<meta property=\"og:image:width\" content=\"1000\" \/>\n\t<meta property=\"og:image:height\" content=\"1000\" \/>\n\t<meta property=\"og:image:type\" content=\"image\/png\" \/>\n<meta name=\"twitter:card\" content=\"summary_large_image\" \/>\n<script type=\"application\/ld+json\" class=\"yoast-schema-graph\">{\"@context\":\"https:\\\/\\\/schema.org\",\"@graph\":[{\"@type\":\"WebPage\",\"@id\":\"https:\\\/\\\/csunitec.com\\\/es\\\/producto\\\/estacion-de-mezcla-automatica-portatil-twinmix-1800\\\/\",\"url\":\"https:\\\/\\\/csunitec.com\\\/es\\\/producto\\\/estacion-de-mezcla-automatica-portatil-twinmix-1800\\\/\",\"name\":\"Estaci\u00f3n de mezcla autom\u00e1tica port\u00e1til TwinMix 1800 - CS Unitec\",\"isPartOf\":{\"@id\":\"https:\\\/\\\/csunitec.com\\\/es\\\/#website\"},\"primaryImageOfPage\":{\"@id\":\"https:\\\/\\\/csunitec.com\\\/es\\\/producto\\\/estacion-de-mezcla-automatica-portatil-twinmix-1800\\\/#primaryimage\"},\"image\":{\"@id\":\"https:\\\/\\\/csunitec.com\\\/es\\\/producto\\\/estacion-de-mezcla-automatica-portatil-twinmix-1800\\\/#primaryimage\"},\"thumbnailUrl\":\"https:\\\/\\\/csunitec.com\\\/wp-content\\\/uploads\\\/2025\\\/04\\\/TwinMix-Mixing-Station-1-2-1.png\",\"datePublished\":\"2024-11-25T20:44:00+00:00\",\"dateModified\":\"2024-11-26T01:44:00+00:00\",\"description\":\"TwinMix 1800 agiliza la mezcla de materiales de grosor medio a alto, al tiempo que protege contra el polvo y otros contaminantes.\",\"breadcrumb\":{\"@id\":\"https:\\\/\\\/csunitec.com\\\/es\\\/producto\\\/estacion-de-mezcla-automatica-portatil-twinmix-1800\\\/#breadcrumb\"},\"inLanguage\":\"es\",\"potentialAction\":[{\"@type\":\"ReadAction\",\"target\":[\"https:\\\/\\\/csunitec.com\\\/es\\\/producto\\\/estacion-de-mezcla-automatica-portatil-twinmix-1800\\\/\"]}]},{\"@type\":\"ImageObject\",\"inLanguage\":\"es\",\"@id\":\"https:\\\/\\\/csunitec.com\\\/es\\\/producto\\\/estacion-de-mezcla-automatica-portatil-twinmix-1800\\\/#primaryimage\",\"url\":\"https:\\\/\\\/csunitec.com\\\/wp-content\\\/uploads\\\/2025\\\/04\\\/TwinMix-Mixing-Station-1-2-1.png\",\"contentUrl\":\"https:\\\/\\\/csunitec.com\\\/wp-content\\\/uploads\\\/2025\\\/04\\\/TwinMix-Mixing-Station-1-2-1.png\",\"width\":1000,\"height\":1000},{\"@type\":\"BreadcrumbList\",\"@id\":\"https:\\\/\\\/csunitec.com\\\/es\\\/producto\\\/estacion-de-mezcla-automatica-portatil-twinmix-1800\\\/#breadcrumb\",\"itemListElement\":[{\"@type\":\"ListItem\",\"position\":1,\"name\":\"Inicio\",\"item\":\"https:\\\/\\\/csunitec.com\\\/es\\\/\"},{\"@type\":\"ListItem\",\"position\":2,\"name\":\"Tienda\",\"item\":\"https:\\\/\\\/csunitec.com\\\/es\\\/tienda\\\/\"},{\"@type\":\"ListItem\",\"position\":3,\"name\":\"Estaci\u00f3n de mezcla autom\u00e1tica port\u00e1til TwinMix 1800\"}]},{\"@type\":\"WebSite\",\"@id\":\"https:\\\/\\\/csunitec.com\\\/es\\\/#website\",\"url\":\"https:\\\/\\\/csunitec.com\\\/es\\\/\",\"name\":\"CS Unitec\",\"description\":\"\",\"potentialAction\":[{\"@type\":\"SearchAction\",\"target\":{\"@type\":\"EntryPoint\",\"urlTemplate\":\"https:\\\/\\\/csunitec.com\\\/es\\\/?s={search_term_string}\"},\"query-input\":{\"@type\":\"PropertyValueSpecification\",\"valueRequired\":true,\"valueName\":\"search_term_string\"}}],\"inLanguage\":\"es\"}]}<\/script>\n<!-- \/ Yoast SEO plugin. -->","yoast_head_json":{"title":"Estaci\u00f3n de mezcla autom\u00e1tica port\u00e1til TwinMix 1800 - CS Unitec","description":"TwinMix 1800 agiliza la mezcla de materiales de grosor medio a alto, al tiempo que protege contra el polvo y otros contaminantes.","robots":{"index":"index","follow":"follow","max-snippet":"max-snippet:-1","max-image-preview":"max-image-preview:large","max-video-preview":"max-video-preview:-1"},"canonical":"https:\/\/csunitec.com\/es\/producto\/estacion-de-mezcla-automatica-portatil-twinmix-1800\/","og_locale":"es_ES","og_type":"article","og_title":"Estaci\u00f3n de mezcla autom\u00e1tica port\u00e1til TwinMix 1800 - CS Unitec","og_description":"TwinMix 1800 agiliza la mezcla de materiales de grosor medio a alto, al tiempo que protege contra el polvo y otros contaminantes.","og_url":"https:\/\/csunitec.com\/es\/producto\/estacion-de-mezcla-automatica-portatil-twinmix-1800\/","og_site_name":"CS Unitec","article_modified_time":"2024-11-26T01:44:00+00:00","og_image":[{"width":1000,"height":1000,"url":"https:\/\/csunitec.com\/wp-content\/uploads\/2025\/04\/TwinMix-Mixing-Station-1-2-1.png","type":"image\/png"}],"twitter_card":"summary_large_image","schema":{"@context":"https:\/\/schema.org","@graph":[{"@type":"WebPage","@id":"https:\/\/csunitec.com\/es\/producto\/estacion-de-mezcla-automatica-portatil-twinmix-1800\/","url":"https:\/\/csunitec.com\/es\/producto\/estacion-de-mezcla-automatica-portatil-twinmix-1800\/","name":"Estaci\u00f3n de mezcla autom\u00e1tica port\u00e1til TwinMix 1800 - CS Unitec","isPartOf":{"@id":"https:\/\/csunitec.com\/es\/#website"},"primaryImageOfPage":{"@id":"https:\/\/csunitec.com\/es\/producto\/estacion-de-mezcla-automatica-portatil-twinmix-1800\/#primaryimage"},"image":{"@id":"https:\/\/csunitec.com\/es\/producto\/estacion-de-mezcla-automatica-portatil-twinmix-1800\/#primaryimage"},"thumbnailUrl":"https:\/\/csunitec.com\/wp-content\/uploads\/2025\/04\/TwinMix-Mixing-Station-1-2-1.png","datePublished":"2024-11-25T20:44:00+00:00","dateModified":"2024-11-26T01:44:00+00:00","description":"TwinMix 1800 agiliza la mezcla de materiales de grosor medio a alto, al tiempo que protege contra el polvo y otros contaminantes.","breadcrumb":{"@id":"https:\/\/csunitec.com\/es\/producto\/estacion-de-mezcla-automatica-portatil-twinmix-1800\/#breadcrumb"},"inLanguage":"es","potentialAction":[{"@type":"ReadAction","target":["https:\/\/csunitec.com\/es\/producto\/estacion-de-mezcla-automatica-portatil-twinmix-1800\/"]}]},{"@type":"ImageObject","inLanguage":"es","@id":"https:\/\/csunitec.com\/es\/producto\/estacion-de-mezcla-automatica-portatil-twinmix-1800\/#primaryimage","url":"https:\/\/csunitec.com\/wp-content\/uploads\/2025\/04\/TwinMix-Mixing-Station-1-2-1.png","contentUrl":"https:\/\/csunitec.com\/wp-content\/uploads\/2025\/04\/TwinMix-Mixing-Station-1-2-1.png","width":1000,"height":1000},{"@type":"BreadcrumbList","@id":"https:\/\/csunitec.com\/es\/producto\/estacion-de-mezcla-automatica-portatil-twinmix-1800\/#breadcrumb","itemListElement":[{"@type":"ListItem","position":1,"name":"Inicio","item":"https:\/\/csunitec.com\/es\/"},{"@type":"ListItem","position":2,"name":"Tienda","item":"https:\/\/csunitec.com\/es\/tienda\/"},{"@type":"ListItem","position":3,"name":"Estaci\u00f3n de mezcla autom\u00e1tica port\u00e1til TwinMix 1800"}]},{"@type":"WebSite","@id":"https:\/\/csunitec.com\/es\/#website","url":"https:\/\/csunitec.com\/es\/","name":"CS Unitec","description":"","potentialAction":[{"@type":"SearchAction","target":{"@type":"EntryPoint","urlTemplate":"https:\/\/csunitec.com\/es\/?s={search_term_string}"},"query-input":{"@type":"PropertyValueSpecification","valueRequired":true,"valueName":"search_term_string"}}],"inLanguage":"es"}]}},"_links":{"self":[{"href":"https:\/\/csunitec.com\/es\/wp-json\/wp\/v2\/product\/178839","targetHints":{"allow":["GET"]}}],"collection":[{"href":"https:\/\/csunitec.com\/es\/wp-json\/wp\/v2\/product"}],"about":[{"href":"https:\/\/csunitec.com\/es\/wp-json\/wp\/v2\/types\/product"}],"wp:featuredmedia":[{"embeddable":true,"href":"https:\/\/csunitec.com\/es\/wp-json\/wp\/v2\/media\/178841"}],"wp:attachment":[{"href":"https:\/\/csunitec.com\/es\/wp-json\/wp\/v2\/media?parent=178839"}],"wp:term":[{"taxonomy":"product_brand","embeddable":true,"href":"https:\/\/csunitec.com\/es\/wp-json\/wp\/v2\/product_brand?post=178839"},{"taxonomy":"product_cat","embeddable":true,"href":"https:\/\/csunitec.com\/es\/wp-json\/wp\/v2\/product_cat?post=178839"},{"taxonomy":"product_tag","embeddable":true,"href":"https:\/\/csunitec.com\/es\/wp-json\/wp\/v2\/product_tag?post=178839"},{"taxonomy":"accessory_type","embeddable":true,"href":"https:\/\/csunitec.com\/es\/wp-json\/wp\/v2\/accessory_type?post=178839"},{"taxonomy":"application","embeddable":true,"href":"https:\/\/csunitec.com\/es\/wp-json\/wp\/v2\/application?post=178839"},{"taxonomy":"hand_tool_type","embeddable":true,"href":"https:\/\/csunitec.com\/es\/wp-json\/wp\/v2\/hand_tool_type?post=178839"},{"taxonomy":"industry","embeddable":true,"href":"https:\/\/csunitec.com\/es\/wp-json\/wp\/v2\/industry?post=178839"},{"taxonomy":"material","embeddable":true,"href":"https:\/\/csunitec.com\/es\/wp-json\/wp\/v2\/material?post=178839"},{"taxonomy":"power_tool_type","embeddable":true,"href":"https:\/\/csunitec.com\/es\/wp-json\/wp\/v2\/power_tool_type?post=178839"},{"taxonomy":"power_type","embeddable":true,"href":"https:\/\/csunitec.com\/es\/wp-json\/wp\/v2\/power_type?post=178839"},{"taxonomy":"subcategory","embeddable":true,"href":"https:\/\/csunitec.com\/es\/wp-json\/wp\/v2\/subcategory?post=178839"},{"taxonomy":"tool_type","embeddable":true,"href":"https:\/\/csunitec.com\/es\/wp-json\/wp\/v2\/tool_type?post=178839"}],"curies":[{"name":"wp","href":"https:\/\/api.w.org\/{rel}","templated":true}]}}