{"id":178843,"date":"2024-11-25T21:15:00","date_gmt":"2024-11-25T21:15:00","guid":{"rendered":"https:\/\/stgcsunitec.wpenginepowered.com\/product\/revestimientos-sustituibles-para-estaciones-de-mezcla\/"},"modified":"2024-11-25T21:15:00","modified_gmt":"2024-11-26T02:15:00","slug":"revestimientos-sustituibles-para-estaciones-de-mezcla","status":"publish","type":"product","link":"https:\/\/csunitec.com\/es\/producto\/revestimientos-sustituibles-para-estaciones-de-mezcla\/","title":{"rendered":"Revestimientos sustituibles para estaciones de mezcla"},"content":{"rendered":"<ul>\n<li>Con los Revestimientos Sustituibles, mezcla varios lotes de materiales diferentes sin tiempos de inactividad<\/li>\n<li>Para estaciones de mezcla Pelican e HIPPO<\/li>\n<li>Despu\u00e9s de mezclar el primer lote, la camisa puede retirarse y limpiarse. Para acelerar la producci\u00f3n, se puede utilizar una segunda camisa mientras se limpia la primera. <\/li>\n<li>El uso de un revestimiento tambi\u00e9n ayuda a evitar la contaminaci\u00f3n cruzada y minimiza el desgaste del cazo HIPPO, alargando su vida \u00fatil.<\/li>\n<\/ul>\n","protected":false},"excerpt":{"rendered":"<ul>\n<li>Mezcla varios lotes de materiales diferentes sin tiempo de inactividad<\/li>\n<li>Revestimiento extra\u00edble y sistema de cubo sin borde\n<div class=\"asset-wrapper asset aid-3915 asset-image full\"><\/div>\n<\/li>\n<\/ul>\n","protected":false},"featured_media":165353,"template":"","meta":[],"product_brand":[],"product_cat":[1059],"product_tag":[1204,1206,1230],"accessory_type":[927],"application":[1201],"hand_tool_type":[],"industry":[931],"material":[],"power_tool_type":[],"power_type":[],"subcategory":[1205],"tool_type":[943],"class_list":{"0":"post-178843","1":"product","2":"type-product","3":"status-publish","4":"has-post-thumbnail","6":"product_cat-taladros-y-estaciones-de-mezclado","7":"product_tag-accesorios-de-la-estacion-de-mezcla","8":"product_tag-portamix","9":"product_tag-liner-de-recambio","10":"accessory_type-accesorio","11":"application-hormigonado","12":"industry-hormigon-y-mamposteria","13":"subcategory-estaciones-de-mezcla","14":"tool_type-accesorio","16":"first","17":"instock","18":"shipping-taxable","19":"purchasable","20":"product-type-simple"},"yoast_head":"<!-- This site is optimized with the Yoast SEO plugin v27.5 - https:\/\/yoast.com\/product\/yoast-seo-wordpress\/ -->\n<title>Revestimientos sustituibles para estaciones de mezcla - CS Unitec<\/title>\n<meta name=\"description\" content=\"Los Revestimientos Sustituibles mejoran la productividad, reducen la limpieza y eliminan la contaminaci\u00f3n cruzada. Ahorra tiempo y alarga la vida \u00fatil del cubo con una bolsa extra\u00edble.\" \/>\n<meta name=\"robots\" content=\"index, follow, max-snippet:-1, max-image-preview:large, max-video-preview:-1\" \/>\n<link rel=\"canonical\" href=\"https:\/\/csunitec.com\/es\/producto\/revestimientos-sustituibles-para-estaciones-de-mezcla\/\" \/>\n<meta property=\"og:locale\" content=\"es_ES\" \/>\n<meta property=\"og:type\" content=\"article\" \/>\n<meta property=\"og:title\" content=\"Revestimientos sustituibles para estaciones de mezcla - CS Unitec\" \/>\n<meta property=\"og:description\" content=\"Los Revestimientos Sustituibles mejoran la productividad, reducen la limpieza y eliminan la contaminaci\u00f3n cruzada. Ahorra tiempo y alarga la vida \u00fatil del cubo con una bolsa extra\u00edble.\" \/>\n<meta property=\"og:url\" content=\"https:\/\/csunitec.com\/es\/producto\/revestimientos-sustituibles-para-estaciones-de-mezcla\/\" \/>\n<meta property=\"og:site_name\" content=\"CS Unitec\" \/>\n<meta property=\"article:modified_time\" content=\"2024-11-26T02:15:00+00:00\" \/>\n<meta property=\"og:image\" content=\"https:\/\/csunitec.com\/wp-content\/uploads\/2025\/04\/Replacement-Liner-1-2-1.png\" \/>\n\t<meta property=\"og:image:width\" content=\"1000\" \/>\n\t<meta property=\"og:image:height\" content=\"1000\" \/>\n\t<meta property=\"og:image:type\" content=\"image\/png\" \/>\n<meta name=\"twitter:card\" content=\"summary_large_image\" \/>\n<script type=\"application\/ld+json\" class=\"yoast-schema-graph\">{\"@context\":\"https:\\\/\\\/schema.org\",\"@graph\":[{\"@type\":\"WebPage\",\"@id\":\"https:\\\/\\\/csunitec.com\\\/es\\\/producto\\\/revestimientos-sustituibles-para-estaciones-de-mezcla\\\/\",\"url\":\"https:\\\/\\\/csunitec.com\\\/es\\\/producto\\\/revestimientos-sustituibles-para-estaciones-de-mezcla\\\/\",\"name\":\"Revestimientos sustituibles para estaciones de mezcla - CS Unitec\",\"isPartOf\":{\"@id\":\"https:\\\/\\\/csunitec.com\\\/es\\\/#website\"},\"primaryImageOfPage\":{\"@id\":\"https:\\\/\\\/csunitec.com\\\/es\\\/producto\\\/revestimientos-sustituibles-para-estaciones-de-mezcla\\\/#primaryimage\"},\"image\":{\"@id\":\"https:\\\/\\\/csunitec.com\\\/es\\\/producto\\\/revestimientos-sustituibles-para-estaciones-de-mezcla\\\/#primaryimage\"},\"thumbnailUrl\":\"https:\\\/\\\/csunitec.com\\\/wp-content\\\/uploads\\\/2025\\\/04\\\/Replacement-Liner-1-2-1.png\",\"datePublished\":\"2024-11-25T21:15:00+00:00\",\"dateModified\":\"2024-11-26T02:15:00+00:00\",\"description\":\"Los Revestimientos Sustituibles mejoran la productividad, reducen la limpieza y eliminan la contaminaci\u00f3n cruzada. Ahorra tiempo y alarga la vida \u00fatil del cubo con una bolsa extra\u00edble.\",\"breadcrumb\":{\"@id\":\"https:\\\/\\\/csunitec.com\\\/es\\\/producto\\\/revestimientos-sustituibles-para-estaciones-de-mezcla\\\/#breadcrumb\"},\"inLanguage\":\"es\",\"potentialAction\":[{\"@type\":\"ReadAction\",\"target\":[\"https:\\\/\\\/csunitec.com\\\/es\\\/producto\\\/revestimientos-sustituibles-para-estaciones-de-mezcla\\\/\"]}]},{\"@type\":\"ImageObject\",\"inLanguage\":\"es\",\"@id\":\"https:\\\/\\\/csunitec.com\\\/es\\\/producto\\\/revestimientos-sustituibles-para-estaciones-de-mezcla\\\/#primaryimage\",\"url\":\"https:\\\/\\\/csunitec.com\\\/wp-content\\\/uploads\\\/2025\\\/04\\\/Replacement-Liner-1-2-1.png\",\"contentUrl\":\"https:\\\/\\\/csunitec.com\\\/wp-content\\\/uploads\\\/2025\\\/04\\\/Replacement-Liner-1-2-1.png\",\"width\":1000,\"height\":1000},{\"@type\":\"BreadcrumbList\",\"@id\":\"https:\\\/\\\/csunitec.com\\\/es\\\/producto\\\/revestimientos-sustituibles-para-estaciones-de-mezcla\\\/#breadcrumb\",\"itemListElement\":[{\"@type\":\"ListItem\",\"position\":1,\"name\":\"Inicio\",\"item\":\"https:\\\/\\\/csunitec.com\\\/es\\\/\"},{\"@type\":\"ListItem\",\"position\":2,\"name\":\"Tienda\",\"item\":\"https:\\\/\\\/csunitec.com\\\/es\\\/tienda\\\/\"},{\"@type\":\"ListItem\",\"position\":3,\"name\":\"Revestimientos sustituibles para estaciones de mezcla\"}]},{\"@type\":\"WebSite\",\"@id\":\"https:\\\/\\\/csunitec.com\\\/es\\\/#website\",\"url\":\"https:\\\/\\\/csunitec.com\\\/es\\\/\",\"name\":\"CS Unitec\",\"description\":\"\",\"potentialAction\":[{\"@type\":\"SearchAction\",\"target\":{\"@type\":\"EntryPoint\",\"urlTemplate\":\"https:\\\/\\\/csunitec.com\\\/es\\\/?s={search_term_string}\"},\"query-input\":{\"@type\":\"PropertyValueSpecification\",\"valueRequired\":true,\"valueName\":\"search_term_string\"}}],\"inLanguage\":\"es\"}]}<\/script>\n<!-- \/ Yoast SEO plugin. -->","yoast_head_json":{"title":"Revestimientos sustituibles para estaciones de mezcla - CS Unitec","description":"Los Revestimientos Sustituibles mejoran la productividad, reducen la limpieza y eliminan la contaminaci\u00f3n cruzada. Ahorra tiempo y alarga la vida \u00fatil del cubo con una bolsa extra\u00edble.","robots":{"index":"index","follow":"follow","max-snippet":"max-snippet:-1","max-image-preview":"max-image-preview:large","max-video-preview":"max-video-preview:-1"},"canonical":"https:\/\/csunitec.com\/es\/producto\/revestimientos-sustituibles-para-estaciones-de-mezcla\/","og_locale":"es_ES","og_type":"article","og_title":"Revestimientos sustituibles para estaciones de mezcla - CS Unitec","og_description":"Los Revestimientos Sustituibles mejoran la productividad, reducen la limpieza y eliminan la contaminaci\u00f3n cruzada. Ahorra tiempo y alarga la vida \u00fatil del cubo con una bolsa extra\u00edble.","og_url":"https:\/\/csunitec.com\/es\/producto\/revestimientos-sustituibles-para-estaciones-de-mezcla\/","og_site_name":"CS Unitec","article_modified_time":"2024-11-26T02:15:00+00:00","og_image":[{"width":1000,"height":1000,"url":"https:\/\/csunitec.com\/wp-content\/uploads\/2025\/04\/Replacement-Liner-1-2-1.png","type":"image\/png"}],"twitter_card":"summary_large_image","schema":{"@context":"https:\/\/schema.org","@graph":[{"@type":"WebPage","@id":"https:\/\/csunitec.com\/es\/producto\/revestimientos-sustituibles-para-estaciones-de-mezcla\/","url":"https:\/\/csunitec.com\/es\/producto\/revestimientos-sustituibles-para-estaciones-de-mezcla\/","name":"Revestimientos sustituibles para estaciones de mezcla - CS Unitec","isPartOf":{"@id":"https:\/\/csunitec.com\/es\/#website"},"primaryImageOfPage":{"@id":"https:\/\/csunitec.com\/es\/producto\/revestimientos-sustituibles-para-estaciones-de-mezcla\/#primaryimage"},"image":{"@id":"https:\/\/csunitec.com\/es\/producto\/revestimientos-sustituibles-para-estaciones-de-mezcla\/#primaryimage"},"thumbnailUrl":"https:\/\/csunitec.com\/wp-content\/uploads\/2025\/04\/Replacement-Liner-1-2-1.png","datePublished":"2024-11-25T21:15:00+00:00","dateModified":"2024-11-26T02:15:00+00:00","description":"Los Revestimientos Sustituibles mejoran la productividad, reducen la limpieza y eliminan la contaminaci\u00f3n cruzada. Ahorra tiempo y alarga la vida \u00fatil del cubo con una bolsa extra\u00edble.","breadcrumb":{"@id":"https:\/\/csunitec.com\/es\/producto\/revestimientos-sustituibles-para-estaciones-de-mezcla\/#breadcrumb"},"inLanguage":"es","potentialAction":[{"@type":"ReadAction","target":["https:\/\/csunitec.com\/es\/producto\/revestimientos-sustituibles-para-estaciones-de-mezcla\/"]}]},{"@type":"ImageObject","inLanguage":"es","@id":"https:\/\/csunitec.com\/es\/producto\/revestimientos-sustituibles-para-estaciones-de-mezcla\/#primaryimage","url":"https:\/\/csunitec.com\/wp-content\/uploads\/2025\/04\/Replacement-Liner-1-2-1.png","contentUrl":"https:\/\/csunitec.com\/wp-content\/uploads\/2025\/04\/Replacement-Liner-1-2-1.png","width":1000,"height":1000},{"@type":"BreadcrumbList","@id":"https:\/\/csunitec.com\/es\/producto\/revestimientos-sustituibles-para-estaciones-de-mezcla\/#breadcrumb","itemListElement":[{"@type":"ListItem","position":1,"name":"Inicio","item":"https:\/\/csunitec.com\/es\/"},{"@type":"ListItem","position":2,"name":"Tienda","item":"https:\/\/csunitec.com\/es\/tienda\/"},{"@type":"ListItem","position":3,"name":"Revestimientos sustituibles para estaciones de mezcla"}]},{"@type":"WebSite","@id":"https:\/\/csunitec.com\/es\/#website","url":"https:\/\/csunitec.com\/es\/","name":"CS Unitec","description":"","potentialAction":[{"@type":"SearchAction","target":{"@type":"EntryPoint","urlTemplate":"https:\/\/csunitec.com\/es\/?s={search_term_string}"},"query-input":{"@type":"PropertyValueSpecification","valueRequired":true,"valueName":"search_term_string"}}],"inLanguage":"es"}]}},"_links":{"self":[{"href":"https:\/\/csunitec.com\/es\/wp-json\/wp\/v2\/product\/178843","targetHints":{"allow":["GET"]}}],"collection":[{"href":"https:\/\/csunitec.com\/es\/wp-json\/wp\/v2\/product"}],"about":[{"href":"https:\/\/csunitec.com\/es\/wp-json\/wp\/v2\/types\/product"}],"wp:featuredmedia":[{"embeddable":true,"href":"https:\/\/csunitec.com\/es\/wp-json\/wp\/v2\/media\/165353"}],"wp:attachment":[{"href":"https:\/\/csunitec.com\/es\/wp-json\/wp\/v2\/media?parent=178843"}],"wp:term":[{"taxonomy":"product_brand","embeddable":true,"href":"https:\/\/csunitec.com\/es\/wp-json\/wp\/v2\/product_brand?post=178843"},{"taxonomy":"product_cat","embeddable":true,"href":"https:\/\/csunitec.com\/es\/wp-json\/wp\/v2\/product_cat?post=178843"},{"taxonomy":"product_tag","embeddable":true,"href":"https:\/\/csunitec.com\/es\/wp-json\/wp\/v2\/product_tag?post=178843"},{"taxonomy":"accessory_type","embeddable":true,"href":"https:\/\/csunitec.com\/es\/wp-json\/wp\/v2\/accessory_type?post=178843"},{"taxonomy":"application","embeddable":true,"href":"https:\/\/csunitec.com\/es\/wp-json\/wp\/v2\/application?post=178843"},{"taxonomy":"hand_tool_type","embeddable":true,"href":"https:\/\/csunitec.com\/es\/wp-json\/wp\/v2\/hand_tool_type?post=178843"},{"taxonomy":"industry","embeddable":true,"href":"https:\/\/csunitec.com\/es\/wp-json\/wp\/v2\/industry?post=178843"},{"taxonomy":"material","embeddable":true,"href":"https:\/\/csunitec.com\/es\/wp-json\/wp\/v2\/material?post=178843"},{"taxonomy":"power_tool_type","embeddable":true,"href":"https:\/\/csunitec.com\/es\/wp-json\/wp\/v2\/power_tool_type?post=178843"},{"taxonomy":"power_type","embeddable":true,"href":"https:\/\/csunitec.com\/es\/wp-json\/wp\/v2\/power_type?post=178843"},{"taxonomy":"subcategory","embeddable":true,"href":"https:\/\/csunitec.com\/es\/wp-json\/wp\/v2\/subcategory?post=178843"},{"taxonomy":"tool_type","embeddable":true,"href":"https:\/\/csunitec.com\/es\/wp-json\/wp\/v2\/tool_type?post=178843"}],"curies":[{"name":"wp","href":"https:\/\/api.w.org\/{rel}","templated":true}]}}