{"id":178850,"date":"2024-08-12T18:17:00","date_gmt":"2024-08-12T18:17:00","guid":{"rendered":"https:\/\/stgcsunitec.wpenginepowered.com\/product\/sierras-alternativas-hidraulicas\/"},"modified":"2026-04-30T02:00:02","modified_gmt":"2026-04-30T06:00:02","slug":"sierras-alternativas-hidraulicas","status":"publish","type":"product","link":"https:\/\/csunitec.com\/es\/producto\/sierras-alternativas-hidraulicas\/","title":{"rendered":"Sierras alternativas hidr\u00e1ulicas"},"content":{"rendered":"<ul>\n<li>Sierras alternativas hidr\u00e1ulicas para cortar tubos de acero de hasta 15 cm de di\u00e1metro, madera de hasta 15 cm y chapa met\u00e1lica de hasta 3\/4&#8243; de grosor en campo o taller.<\/li>\n<li>Ideal para operaciones submarinas, incluido el mantenimiento en alta mar, la construcci\u00f3n submarina y el salvamento mar\u00edtimo.<\/li>\n<li>Se utiliza habitualmente en operaciones mineras para cortar componentes estructurales, tuber\u00edas y materiales pesados.<\/li>\n<li>Adecuado para trabajos en servicios p\u00fablicos e infraestructuras, incluido el mantenimiento de l\u00edneas de agua, gas y electricidad.<\/li>\n<li>Eficaz para demolici\u00f3n, desmantelamiento y corte controlado en espacios peligrosos o confinados.<\/li>\n<li>Puede llevarse a mano o montarse con pinzas para cortes estables y repetibles en entornos industriales.<\/li>\n<\/ul>\n","protected":false},"excerpt":{"rendered":"<ul class=\"alexcss\">\n<li>Capacidad de corte: 6&#8243; Di\u00e1metro en acero, 8&#8243; en madera<\/li>\n<li>Golpes por minuto: 1700<\/li>\n<li>Longitud de la carrera: 1-1\/8<\/li>\n<li>Conexi\u00f3n: Mangueras flexibles y acoplamientos FF incluidos<\/li>\n<li>Potencia del motor: 2 CV<\/li>\n<li>Caudal de aceite: 6 GPM de caudal (hasta 13 GPM) a 2000 PSI<\/li>\n<\/ul>\n","protected":false},"featured_media":178857,"template":"","meta":[],"product_brand":[],"product_cat":[1043,1048],"product_tag":[973,1231,1233],"accessory_type":[],"application":[1042],"hand_tool_type":[],"industry":[933,971,1047,1175],"material":[],"power_tool_type":[1145],"power_type":[976],"subcategory":[1112,1147],"tool_type":[946],"class_list":{"0":"post-178850","1":"product","2":"type-product","3":"status-publish","4":"has-post-thumbnail","6":"product_cat-sierras","7":"product_cat-herramientas-de-seguridad","8":"product_tag-atex","9":"product_tag-sierras-de-sable","10":"product_tag-sierras-alternativas-hidraulicas","11":"application-corte-y-conformado","12":"industry-metalurgia-2","13":"industry-submarino","14":"industry-petroquimica","15":"industry-mineria","16":"power_tool_type-sierra-alternativa","17":"power_type-hidraulico","18":"subcategory-herramientas-de-seguridad","19":"subcategory-sierras-de-sable","20":"tool_type-herramienta-electrica","22":"first","23":"instock","24":"shipping-taxable","25":"purchasable","26":"product-type-simple"},"yoast_head":"<!-- This site is optimized with the Yoast SEO plugin v27.5 - https:\/\/yoast.com\/product\/yoast-seo-wordpress\/ -->\n<title>Sierras alternativas hidr\u00e1ulicas - CS Unitec<\/title>\n<meta name=\"description\" content=\"Sierras alternativas hidr\u00e1ulicas ideales para trabajos submarinos, de miner\u00eda, servicios p\u00fablicos y construcci\u00f3n, con modelos con certificaci\u00f3n ATEX para entornos peligrosos.\" \/>\n<meta name=\"robots\" content=\"index, follow, max-snippet:-1, max-image-preview:large, max-video-preview:-1\" \/>\n<link rel=\"canonical\" href=\"https:\/\/csunitec.com\/es\/producto\/sierras-alternativas-hidraulicas\/\" \/>\n<meta property=\"og:locale\" content=\"es_ES\" \/>\n<meta property=\"og:type\" content=\"article\" \/>\n<meta property=\"og:title\" content=\"Sierras alternativas hidr\u00e1ulicas - CS Unitec\" \/>\n<meta property=\"og:description\" content=\"Sierras alternativas hidr\u00e1ulicas ideales para trabajos submarinos, de miner\u00eda, servicios p\u00fablicos y construcci\u00f3n, con modelos con certificaci\u00f3n ATEX para entornos peligrosos.\" \/>\n<meta property=\"og:url\" content=\"https:\/\/csunitec.com\/es\/producto\/sierras-alternativas-hidraulicas\/\" \/>\n<meta property=\"og:site_name\" content=\"CS Unitec\" \/>\n<meta property=\"article:modified_time\" content=\"2026-04-30T06:00:02+00:00\" \/>\n<meta property=\"og:image\" content=\"https:\/\/csunitec.com\/wp-content\/uploads\/2025\/04\/5-1219-0010-Hydraulic-Saw-Main-Image-1000-x-1000-1-2-1.png\" \/>\n\t<meta property=\"og:image:width\" content=\"1000\" \/>\n\t<meta property=\"og:image:height\" content=\"1000\" \/>\n\t<meta property=\"og:image:type\" content=\"image\/png\" \/>\n<meta name=\"twitter:card\" content=\"summary_large_image\" \/>\n<meta name=\"twitter:label1\" content=\"Tiempo de lectura\" \/>\n\t<meta name=\"twitter:data1\" content=\"1 minuto\" \/>\n<script type=\"application\/ld+json\" class=\"yoast-schema-graph\">{\"@context\":\"https:\\\/\\\/schema.org\",\"@graph\":[{\"@type\":\"WebPage\",\"@id\":\"https:\\\/\\\/csunitec.com\\\/es\\\/producto\\\/sierras-alternativas-hidraulicas\\\/\",\"url\":\"https:\\\/\\\/csunitec.com\\\/es\\\/producto\\\/sierras-alternativas-hidraulicas\\\/\",\"name\":\"Sierras alternativas hidr\u00e1ulicas - CS Unitec\",\"isPartOf\":{\"@id\":\"https:\\\/\\\/csunitec.com\\\/es\\\/#website\"},\"primaryImageOfPage\":{\"@id\":\"https:\\\/\\\/csunitec.com\\\/es\\\/producto\\\/sierras-alternativas-hidraulicas\\\/#primaryimage\"},\"image\":{\"@id\":\"https:\\\/\\\/csunitec.com\\\/es\\\/producto\\\/sierras-alternativas-hidraulicas\\\/#primaryimage\"},\"thumbnailUrl\":\"https:\\\/\\\/csunitec.com\\\/wp-content\\\/uploads\\\/2025\\\/04\\\/5-1219-0010-Hydraulic-Saw-Main-Image-1000-x-1000-1-2-1.png\",\"datePublished\":\"2024-08-12T18:17:00+00:00\",\"dateModified\":\"2026-04-30T06:00:02+00:00\",\"description\":\"Sierras alternativas hidr\u00e1ulicas ideales para trabajos submarinos, de miner\u00eda, servicios p\u00fablicos y construcci\u00f3n, con modelos con certificaci\u00f3n ATEX para entornos peligrosos.\",\"breadcrumb\":{\"@id\":\"https:\\\/\\\/csunitec.com\\\/es\\\/producto\\\/sierras-alternativas-hidraulicas\\\/#breadcrumb\"},\"inLanguage\":\"es\",\"potentialAction\":[{\"@type\":\"ReadAction\",\"target\":[\"https:\\\/\\\/csunitec.com\\\/es\\\/producto\\\/sierras-alternativas-hidraulicas\\\/\"]}]},{\"@type\":\"ImageObject\",\"inLanguage\":\"es\",\"@id\":\"https:\\\/\\\/csunitec.com\\\/es\\\/producto\\\/sierras-alternativas-hidraulicas\\\/#primaryimage\",\"url\":\"https:\\\/\\\/csunitec.com\\\/wp-content\\\/uploads\\\/2025\\\/04\\\/5-1219-0010-Hydraulic-Saw-Main-Image-1000-x-1000-1-2-1.png\",\"contentUrl\":\"https:\\\/\\\/csunitec.com\\\/wp-content\\\/uploads\\\/2025\\\/04\\\/5-1219-0010-Hydraulic-Saw-Main-Image-1000-x-1000-1-2-1.png\",\"width\":1000,\"height\":1000},{\"@type\":\"BreadcrumbList\",\"@id\":\"https:\\\/\\\/csunitec.com\\\/es\\\/producto\\\/sierras-alternativas-hidraulicas\\\/#breadcrumb\",\"itemListElement\":[{\"@type\":\"ListItem\",\"position\":1,\"name\":\"Inicio\",\"item\":\"https:\\\/\\\/csunitec.com\\\/es\\\/\"},{\"@type\":\"ListItem\",\"position\":2,\"name\":\"Tienda\",\"item\":\"https:\\\/\\\/csunitec.com\\\/es\\\/tienda\\\/\"},{\"@type\":\"ListItem\",\"position\":3,\"name\":\"Sierras alternativas hidr\u00e1ulicas\"}]},{\"@type\":\"WebSite\",\"@id\":\"https:\\\/\\\/csunitec.com\\\/es\\\/#website\",\"url\":\"https:\\\/\\\/csunitec.com\\\/es\\\/\",\"name\":\"CS Unitec\",\"description\":\"\",\"potentialAction\":[{\"@type\":\"SearchAction\",\"target\":{\"@type\":\"EntryPoint\",\"urlTemplate\":\"https:\\\/\\\/csunitec.com\\\/es\\\/?s={search_term_string}\"},\"query-input\":{\"@type\":\"PropertyValueSpecification\",\"valueRequired\":true,\"valueName\":\"search_term_string\"}}],\"inLanguage\":\"es\"}]}<\/script>\n<!-- \/ Yoast SEO plugin. -->","yoast_head_json":{"title":"Sierras alternativas hidr\u00e1ulicas - CS Unitec","description":"Sierras alternativas hidr\u00e1ulicas ideales para trabajos submarinos, de miner\u00eda, servicios p\u00fablicos y construcci\u00f3n, con modelos con certificaci\u00f3n ATEX para entornos peligrosos.","robots":{"index":"index","follow":"follow","max-snippet":"max-snippet:-1","max-image-preview":"max-image-preview:large","max-video-preview":"max-video-preview:-1"},"canonical":"https:\/\/csunitec.com\/es\/producto\/sierras-alternativas-hidraulicas\/","og_locale":"es_ES","og_type":"article","og_title":"Sierras alternativas hidr\u00e1ulicas - CS Unitec","og_description":"Sierras alternativas hidr\u00e1ulicas ideales para trabajos submarinos, de miner\u00eda, servicios p\u00fablicos y construcci\u00f3n, con modelos con certificaci\u00f3n ATEX para entornos peligrosos.","og_url":"https:\/\/csunitec.com\/es\/producto\/sierras-alternativas-hidraulicas\/","og_site_name":"CS Unitec","article_modified_time":"2026-04-30T06:00:02+00:00","og_image":[{"width":1000,"height":1000,"url":"https:\/\/csunitec.com\/wp-content\/uploads\/2025\/04\/5-1219-0010-Hydraulic-Saw-Main-Image-1000-x-1000-1-2-1.png","type":"image\/png"}],"twitter_card":"summary_large_image","twitter_misc":{"Tiempo de lectura":"1 minuto"},"schema":{"@context":"https:\/\/schema.org","@graph":[{"@type":"WebPage","@id":"https:\/\/csunitec.com\/es\/producto\/sierras-alternativas-hidraulicas\/","url":"https:\/\/csunitec.com\/es\/producto\/sierras-alternativas-hidraulicas\/","name":"Sierras alternativas hidr\u00e1ulicas - CS Unitec","isPartOf":{"@id":"https:\/\/csunitec.com\/es\/#website"},"primaryImageOfPage":{"@id":"https:\/\/csunitec.com\/es\/producto\/sierras-alternativas-hidraulicas\/#primaryimage"},"image":{"@id":"https:\/\/csunitec.com\/es\/producto\/sierras-alternativas-hidraulicas\/#primaryimage"},"thumbnailUrl":"https:\/\/csunitec.com\/wp-content\/uploads\/2025\/04\/5-1219-0010-Hydraulic-Saw-Main-Image-1000-x-1000-1-2-1.png","datePublished":"2024-08-12T18:17:00+00:00","dateModified":"2026-04-30T06:00:02+00:00","description":"Sierras alternativas hidr\u00e1ulicas ideales para trabajos submarinos, de miner\u00eda, servicios p\u00fablicos y construcci\u00f3n, con modelos con certificaci\u00f3n ATEX para entornos peligrosos.","breadcrumb":{"@id":"https:\/\/csunitec.com\/es\/producto\/sierras-alternativas-hidraulicas\/#breadcrumb"},"inLanguage":"es","potentialAction":[{"@type":"ReadAction","target":["https:\/\/csunitec.com\/es\/producto\/sierras-alternativas-hidraulicas\/"]}]},{"@type":"ImageObject","inLanguage":"es","@id":"https:\/\/csunitec.com\/es\/producto\/sierras-alternativas-hidraulicas\/#primaryimage","url":"https:\/\/csunitec.com\/wp-content\/uploads\/2025\/04\/5-1219-0010-Hydraulic-Saw-Main-Image-1000-x-1000-1-2-1.png","contentUrl":"https:\/\/csunitec.com\/wp-content\/uploads\/2025\/04\/5-1219-0010-Hydraulic-Saw-Main-Image-1000-x-1000-1-2-1.png","width":1000,"height":1000},{"@type":"BreadcrumbList","@id":"https:\/\/csunitec.com\/es\/producto\/sierras-alternativas-hidraulicas\/#breadcrumb","itemListElement":[{"@type":"ListItem","position":1,"name":"Inicio","item":"https:\/\/csunitec.com\/es\/"},{"@type":"ListItem","position":2,"name":"Tienda","item":"https:\/\/csunitec.com\/es\/tienda\/"},{"@type":"ListItem","position":3,"name":"Sierras alternativas hidr\u00e1ulicas"}]},{"@type":"WebSite","@id":"https:\/\/csunitec.com\/es\/#website","url":"https:\/\/csunitec.com\/es\/","name":"CS Unitec","description":"","potentialAction":[{"@type":"SearchAction","target":{"@type":"EntryPoint","urlTemplate":"https:\/\/csunitec.com\/es\/?s={search_term_string}"},"query-input":{"@type":"PropertyValueSpecification","valueRequired":true,"valueName":"search_term_string"}}],"inLanguage":"es"}]}},"_links":{"self":[{"href":"https:\/\/csunitec.com\/es\/wp-json\/wp\/v2\/product\/178850","targetHints":{"allow":["GET"]}}],"collection":[{"href":"https:\/\/csunitec.com\/es\/wp-json\/wp\/v2\/product"}],"about":[{"href":"https:\/\/csunitec.com\/es\/wp-json\/wp\/v2\/types\/product"}],"wp:featuredmedia":[{"embeddable":true,"href":"https:\/\/csunitec.com\/es\/wp-json\/wp\/v2\/media\/178857"}],"wp:attachment":[{"href":"https:\/\/csunitec.com\/es\/wp-json\/wp\/v2\/media?parent=178850"}],"wp:term":[{"taxonomy":"product_brand","embeddable":true,"href":"https:\/\/csunitec.com\/es\/wp-json\/wp\/v2\/product_brand?post=178850"},{"taxonomy":"product_cat","embeddable":true,"href":"https:\/\/csunitec.com\/es\/wp-json\/wp\/v2\/product_cat?post=178850"},{"taxonomy":"product_tag","embeddable":true,"href":"https:\/\/csunitec.com\/es\/wp-json\/wp\/v2\/product_tag?post=178850"},{"taxonomy":"accessory_type","embeddable":true,"href":"https:\/\/csunitec.com\/es\/wp-json\/wp\/v2\/accessory_type?post=178850"},{"taxonomy":"application","embeddable":true,"href":"https:\/\/csunitec.com\/es\/wp-json\/wp\/v2\/application?post=178850"},{"taxonomy":"hand_tool_type","embeddable":true,"href":"https:\/\/csunitec.com\/es\/wp-json\/wp\/v2\/hand_tool_type?post=178850"},{"taxonomy":"industry","embeddable":true,"href":"https:\/\/csunitec.com\/es\/wp-json\/wp\/v2\/industry?post=178850"},{"taxonomy":"material","embeddable":true,"href":"https:\/\/csunitec.com\/es\/wp-json\/wp\/v2\/material?post=178850"},{"taxonomy":"power_tool_type","embeddable":true,"href":"https:\/\/csunitec.com\/es\/wp-json\/wp\/v2\/power_tool_type?post=178850"},{"taxonomy":"power_type","embeddable":true,"href":"https:\/\/csunitec.com\/es\/wp-json\/wp\/v2\/power_type?post=178850"},{"taxonomy":"subcategory","embeddable":true,"href":"https:\/\/csunitec.com\/es\/wp-json\/wp\/v2\/subcategory?post=178850"},{"taxonomy":"tool_type","embeddable":true,"href":"https:\/\/csunitec.com\/es\/wp-json\/wp\/v2\/tool_type?post=178850"}],"curies":[{"name":"wp","href":"https:\/\/api.w.org\/{rel}","templated":true}]}}