{"id":178872,"date":"2024-09-03T18:26:00","date_gmt":"2024-09-03T18:26:00","guid":{"rendered":"https:\/\/stgcsunitec.wpenginepowered.com\/product\/sierras-de-cinta-hidraulicas\/"},"modified":"2026-04-30T01:57:08","modified_gmt":"2026-04-30T05:57:08","slug":"sierras-de-cinta-hidraulicas","status":"publish","type":"product","link":"https:\/\/csunitec.com\/es\/producto\/sierras-de-cinta-hidraulicas\/","title":{"rendered":"Sierras de cinta hidr\u00e1ulicas"},"content":{"rendered":"<ul>\n<li>Las sierras de cinta hidr\u00e1ulicas cortan acero, acero inoxidable, inconel, aleaciones de cromo, hastelloy, aluminio, cobre, hierro fundido, fibra de vidrio y tubos de pl\u00e1stico.<\/li>\n<li>Adecuado para cortar tubos, componentes estructurales y materiales pesados en lugares subterr\u00e1neos o peligrosos.<\/li>\n<li>Dise\u00f1ado para entornos corrosivos y de alta humedad, como plataformas marinas, astilleros de reparaci\u00f3n naval e instalaciones de mantenimiento marino.<\/li>\n<li>Permite cortar con precisi\u00f3n acero estructural, perfiles y materiales de paredes gruesas en talleres de fabricaci\u00f3n y en obras.<\/li>\n<\/ul>\n","protected":false},"excerpt":{"rendered":"<ul class=\"alexcss\">\n<li>Capacidad de corte: Hasta 8&#8243; (Redonda), 9 \u00abx8-1\/5\u00bb (Rectangular)<\/li>\n<li>Velocidad de la cuchilla: 4,2 pies\/seg.<\/li>\n<li>Conexi\u00f3n: ACOPLAMIENTOS DE 1\/2&#8243; FF (HTMA)<\/li>\n<li>Potencia del motor: 1,6 CV<\/li>\n<li>Caudal de aceite: 4 GPM @ 2000 PSI<\/li>\n<li>Mangueras flexibles y acoplamientos FF incluidos<\/li>\n<li>Certificado ATEX para Zonas EX<\/li>\n<\/ul>\n","protected":false},"featured_media":178887,"template":"","meta":[],"product_brand":[],"product_cat":[1043],"product_tag":[1237,1238],"accessory_type":[],"application":[1042],"hand_tool_type":[],"industry":[933,971,1047,1175],"material":[],"power_tool_type":[1235],"power_type":[976],"subcategory":[1239],"tool_type":[946],"class_list":{"0":"post-178872","1":"product","2":"type-product","3":"status-publish","4":"has-post-thumbnail","6":"product_cat-sierras","7":"product_tag-sierras-de-cinta","8":"product_tag-sierras-de-cinta-hidraulicas","9":"application-corte-y-conformado","10":"industry-metalurgia-2","11":"industry-submarino","12":"industry-petroquimica","13":"industry-mineria","14":"power_tool_type-sierra-de-cinta","15":"power_type-hidraulico","16":"subcategory-sierras-de-cinta","17":"tool_type-herramienta-electrica","19":"first","20":"instock","21":"shipping-taxable","22":"purchasable","23":"product-type-variable"},"yoast_head":"<!-- This site is optimized with the Yoast SEO plugin v27.5 - https:\/\/yoast.com\/product\/yoast-seo-wordpress\/ -->\n<title>Sierras de cinta hidr\u00e1ulicas - CS Unitec<\/title>\n<meta name=\"description\" content=\"Sierras de cinta hidr\u00e1ulicas para cortar metal, tubos y acero estructural en entornos industriales exigentes. Potencia hidr\u00e1ulica para cortar en tierra o bajo el agua.\" \/>\n<meta name=\"robots\" content=\"index, follow, max-snippet:-1, max-image-preview:large, max-video-preview:-1\" \/>\n<link rel=\"canonical\" href=\"https:\/\/csunitec.com\/es\/producto\/sierras-de-cinta-hidraulicas\/\" \/>\n<meta property=\"og:locale\" content=\"es_ES\" \/>\n<meta property=\"og:type\" content=\"article\" \/>\n<meta property=\"og:title\" content=\"Sierras de cinta hidr\u00e1ulicas - CS Unitec\" \/>\n<meta property=\"og:description\" content=\"Sierras de cinta hidr\u00e1ulicas para cortar metal, tubos y acero estructural en entornos industriales exigentes. Potencia hidr\u00e1ulica para cortar en tierra o bajo el agua.\" \/>\n<meta property=\"og:url\" content=\"https:\/\/csunitec.com\/es\/producto\/sierras-de-cinta-hidraulicas\/\" \/>\n<meta property=\"og:site_name\" content=\"CS Unitec\" \/>\n<meta property=\"article:modified_time\" content=\"2026-04-30T05:57:08+00:00\" \/>\n<meta property=\"og:image\" content=\"https:\/\/csunitec.com\/wp-content\/uploads\/2025\/04\/5-6043-0010-Band-Saw-1000-x-1000-1-2-1.png\" \/>\n\t<meta property=\"og:image:width\" content=\"1000\" \/>\n\t<meta property=\"og:image:height\" content=\"1000\" \/>\n\t<meta property=\"og:image:type\" content=\"image\/png\" \/>\n<meta name=\"twitter:card\" content=\"summary_large_image\" \/>\n<script type=\"application\/ld+json\" class=\"yoast-schema-graph\">{\"@context\":\"https:\\\/\\\/schema.org\",\"@graph\":[{\"@type\":\"WebPage\",\"@id\":\"https:\\\/\\\/csunitec.com\\\/es\\\/producto\\\/sierras-de-cinta-hidraulicas\\\/\",\"url\":\"https:\\\/\\\/csunitec.com\\\/es\\\/producto\\\/sierras-de-cinta-hidraulicas\\\/\",\"name\":\"Sierras de cinta hidr\u00e1ulicas - CS Unitec\",\"isPartOf\":{\"@id\":\"https:\\\/\\\/csunitec.com\\\/es\\\/#website\"},\"primaryImageOfPage\":{\"@id\":\"https:\\\/\\\/csunitec.com\\\/es\\\/producto\\\/sierras-de-cinta-hidraulicas\\\/#primaryimage\"},\"image\":{\"@id\":\"https:\\\/\\\/csunitec.com\\\/es\\\/producto\\\/sierras-de-cinta-hidraulicas\\\/#primaryimage\"},\"thumbnailUrl\":\"https:\\\/\\\/csunitec.com\\\/wp-content\\\/uploads\\\/2025\\\/04\\\/5-6043-0010-Band-Saw-1000-x-1000-1-2-1.png\",\"datePublished\":\"2024-09-03T18:26:00+00:00\",\"dateModified\":\"2026-04-30T05:57:08+00:00\",\"description\":\"Sierras de cinta hidr\u00e1ulicas para cortar metal, tubos y acero estructural en entornos industriales exigentes. Potencia hidr\u00e1ulica para cortar en tierra o bajo el agua.\",\"breadcrumb\":{\"@id\":\"https:\\\/\\\/csunitec.com\\\/es\\\/producto\\\/sierras-de-cinta-hidraulicas\\\/#breadcrumb\"},\"inLanguage\":\"es\",\"potentialAction\":[{\"@type\":\"ReadAction\",\"target\":[\"https:\\\/\\\/csunitec.com\\\/es\\\/producto\\\/sierras-de-cinta-hidraulicas\\\/\"]}]},{\"@type\":\"ImageObject\",\"inLanguage\":\"es\",\"@id\":\"https:\\\/\\\/csunitec.com\\\/es\\\/producto\\\/sierras-de-cinta-hidraulicas\\\/#primaryimage\",\"url\":\"https:\\\/\\\/csunitec.com\\\/wp-content\\\/uploads\\\/2025\\\/04\\\/5-6043-0010-Band-Saw-1000-x-1000-1-2-1.png\",\"contentUrl\":\"https:\\\/\\\/csunitec.com\\\/wp-content\\\/uploads\\\/2025\\\/04\\\/5-6043-0010-Band-Saw-1000-x-1000-1-2-1.png\",\"width\":1000,\"height\":1000},{\"@type\":\"BreadcrumbList\",\"@id\":\"https:\\\/\\\/csunitec.com\\\/es\\\/producto\\\/sierras-de-cinta-hidraulicas\\\/#breadcrumb\",\"itemListElement\":[{\"@type\":\"ListItem\",\"position\":1,\"name\":\"Inicio\",\"item\":\"https:\\\/\\\/csunitec.com\\\/es\\\/\"},{\"@type\":\"ListItem\",\"position\":2,\"name\":\"Tienda\",\"item\":\"https:\\\/\\\/csunitec.com\\\/es\\\/tienda\\\/\"},{\"@type\":\"ListItem\",\"position\":3,\"name\":\"Sierras de cinta hidr\u00e1ulicas\"}]},{\"@type\":\"WebSite\",\"@id\":\"https:\\\/\\\/csunitec.com\\\/es\\\/#website\",\"url\":\"https:\\\/\\\/csunitec.com\\\/es\\\/\",\"name\":\"CS Unitec\",\"description\":\"\",\"potentialAction\":[{\"@type\":\"SearchAction\",\"target\":{\"@type\":\"EntryPoint\",\"urlTemplate\":\"https:\\\/\\\/csunitec.com\\\/es\\\/?s={search_term_string}\"},\"query-input\":{\"@type\":\"PropertyValueSpecification\",\"valueRequired\":true,\"valueName\":\"search_term_string\"}}],\"inLanguage\":\"es\"}]}<\/script>\n<!-- \/ Yoast SEO plugin. -->","yoast_head_json":{"title":"Sierras de cinta hidr\u00e1ulicas - CS Unitec","description":"Sierras de cinta hidr\u00e1ulicas para cortar metal, tubos y acero estructural en entornos industriales exigentes. Potencia hidr\u00e1ulica para cortar en tierra o bajo el agua.","robots":{"index":"index","follow":"follow","max-snippet":"max-snippet:-1","max-image-preview":"max-image-preview:large","max-video-preview":"max-video-preview:-1"},"canonical":"https:\/\/csunitec.com\/es\/producto\/sierras-de-cinta-hidraulicas\/","og_locale":"es_ES","og_type":"article","og_title":"Sierras de cinta hidr\u00e1ulicas - CS Unitec","og_description":"Sierras de cinta hidr\u00e1ulicas para cortar metal, tubos y acero estructural en entornos industriales exigentes. Potencia hidr\u00e1ulica para cortar en tierra o bajo el agua.","og_url":"https:\/\/csunitec.com\/es\/producto\/sierras-de-cinta-hidraulicas\/","og_site_name":"CS Unitec","article_modified_time":"2026-04-30T05:57:08+00:00","og_image":[{"width":1000,"height":1000,"url":"https:\/\/csunitec.com\/wp-content\/uploads\/2025\/04\/5-6043-0010-Band-Saw-1000-x-1000-1-2-1.png","type":"image\/png"}],"twitter_card":"summary_large_image","schema":{"@context":"https:\/\/schema.org","@graph":[{"@type":"WebPage","@id":"https:\/\/csunitec.com\/es\/producto\/sierras-de-cinta-hidraulicas\/","url":"https:\/\/csunitec.com\/es\/producto\/sierras-de-cinta-hidraulicas\/","name":"Sierras de cinta hidr\u00e1ulicas - CS Unitec","isPartOf":{"@id":"https:\/\/csunitec.com\/es\/#website"},"primaryImageOfPage":{"@id":"https:\/\/csunitec.com\/es\/producto\/sierras-de-cinta-hidraulicas\/#primaryimage"},"image":{"@id":"https:\/\/csunitec.com\/es\/producto\/sierras-de-cinta-hidraulicas\/#primaryimage"},"thumbnailUrl":"https:\/\/csunitec.com\/wp-content\/uploads\/2025\/04\/5-6043-0010-Band-Saw-1000-x-1000-1-2-1.png","datePublished":"2024-09-03T18:26:00+00:00","dateModified":"2026-04-30T05:57:08+00:00","description":"Sierras de cinta hidr\u00e1ulicas para cortar metal, tubos y acero estructural en entornos industriales exigentes. Potencia hidr\u00e1ulica para cortar en tierra o bajo el agua.","breadcrumb":{"@id":"https:\/\/csunitec.com\/es\/producto\/sierras-de-cinta-hidraulicas\/#breadcrumb"},"inLanguage":"es","potentialAction":[{"@type":"ReadAction","target":["https:\/\/csunitec.com\/es\/producto\/sierras-de-cinta-hidraulicas\/"]}]},{"@type":"ImageObject","inLanguage":"es","@id":"https:\/\/csunitec.com\/es\/producto\/sierras-de-cinta-hidraulicas\/#primaryimage","url":"https:\/\/csunitec.com\/wp-content\/uploads\/2025\/04\/5-6043-0010-Band-Saw-1000-x-1000-1-2-1.png","contentUrl":"https:\/\/csunitec.com\/wp-content\/uploads\/2025\/04\/5-6043-0010-Band-Saw-1000-x-1000-1-2-1.png","width":1000,"height":1000},{"@type":"BreadcrumbList","@id":"https:\/\/csunitec.com\/es\/producto\/sierras-de-cinta-hidraulicas\/#breadcrumb","itemListElement":[{"@type":"ListItem","position":1,"name":"Inicio","item":"https:\/\/csunitec.com\/es\/"},{"@type":"ListItem","position":2,"name":"Tienda","item":"https:\/\/csunitec.com\/es\/tienda\/"},{"@type":"ListItem","position":3,"name":"Sierras de cinta hidr\u00e1ulicas"}]},{"@type":"WebSite","@id":"https:\/\/csunitec.com\/es\/#website","url":"https:\/\/csunitec.com\/es\/","name":"CS Unitec","description":"","potentialAction":[{"@type":"SearchAction","target":{"@type":"EntryPoint","urlTemplate":"https:\/\/csunitec.com\/es\/?s={search_term_string}"},"query-input":{"@type":"PropertyValueSpecification","valueRequired":true,"valueName":"search_term_string"}}],"inLanguage":"es"}]}},"_links":{"self":[{"href":"https:\/\/csunitec.com\/es\/wp-json\/wp\/v2\/product\/178872","targetHints":{"allow":["GET"]}}],"collection":[{"href":"https:\/\/csunitec.com\/es\/wp-json\/wp\/v2\/product"}],"about":[{"href":"https:\/\/csunitec.com\/es\/wp-json\/wp\/v2\/types\/product"}],"wp:featuredmedia":[{"embeddable":true,"href":"https:\/\/csunitec.com\/es\/wp-json\/wp\/v2\/media\/178887"}],"wp:attachment":[{"href":"https:\/\/csunitec.com\/es\/wp-json\/wp\/v2\/media?parent=178872"}],"wp:term":[{"taxonomy":"product_brand","embeddable":true,"href":"https:\/\/csunitec.com\/es\/wp-json\/wp\/v2\/product_brand?post=178872"},{"taxonomy":"product_cat","embeddable":true,"href":"https:\/\/csunitec.com\/es\/wp-json\/wp\/v2\/product_cat?post=178872"},{"taxonomy":"product_tag","embeddable":true,"href":"https:\/\/csunitec.com\/es\/wp-json\/wp\/v2\/product_tag?post=178872"},{"taxonomy":"accessory_type","embeddable":true,"href":"https:\/\/csunitec.com\/es\/wp-json\/wp\/v2\/accessory_type?post=178872"},{"taxonomy":"application","embeddable":true,"href":"https:\/\/csunitec.com\/es\/wp-json\/wp\/v2\/application?post=178872"},{"taxonomy":"hand_tool_type","embeddable":true,"href":"https:\/\/csunitec.com\/es\/wp-json\/wp\/v2\/hand_tool_type?post=178872"},{"taxonomy":"industry","embeddable":true,"href":"https:\/\/csunitec.com\/es\/wp-json\/wp\/v2\/industry?post=178872"},{"taxonomy":"material","embeddable":true,"href":"https:\/\/csunitec.com\/es\/wp-json\/wp\/v2\/material?post=178872"},{"taxonomy":"power_tool_type","embeddable":true,"href":"https:\/\/csunitec.com\/es\/wp-json\/wp\/v2\/power_tool_type?post=178872"},{"taxonomy":"power_type","embeddable":true,"href":"https:\/\/csunitec.com\/es\/wp-json\/wp\/v2\/power_type?post=178872"},{"taxonomy":"subcategory","embeddable":true,"href":"https:\/\/csunitec.com\/es\/wp-json\/wp\/v2\/subcategory?post=178872"},{"taxonomy":"tool_type","embeddable":true,"href":"https:\/\/csunitec.com\/es\/wp-json\/wp\/v2\/tool_type?post=178872"}],"curies":[{"name":"wp","href":"https:\/\/api.w.org\/{rel}","templated":true}]}}