{"id":178908,"date":"2024-08-28T14:10:00","date_gmt":"2024-08-28T14:10:00","guid":{"rendered":"https:\/\/stgcsunitec.wpenginepowered.com\/product\/sierras-hidraulicas\/"},"modified":"2026-04-30T01:57:05","modified_gmt":"2026-04-30T05:57:05","slug":"sierras-hidraulicas","status":"publish","type":"product","link":"https:\/\/csunitec.com\/es\/producto\/sierras-hidraulicas\/","title":{"rendered":"Sierras hidr\u00e1ulicas"},"content":{"rendered":"<ul>\n<li>Las sierras para metales hidr\u00e1ulicas con pistones y caja de engranajes totalmente sellados hacen que estas sierras sean adecuadas para centrales nucleares, instalaciones de procesamiento qu\u00edmico y aplicaciones submarinas.<\/li>\n<li>Dise\u00f1ado para cortar tubos met\u00e1licos, acero, acero inoxidable y hierro fundido de hasta 30&#8243; de di\u00e1metro exterior en una sola pasada.<\/li>\n<li>Corta chapas, dep\u00f3sitos, vigas, perfiles y otros componentes estructurales pesados en talleres de fabricaci\u00f3n y en obras.<\/li>\n<li>Las sierras de arco hidr\u00e1ulicas son adecuadas para tareas de corte bajo el agua, utilizadas en plataformas marinas, astilleros y mantenimiento naval, donde la resistencia a la corrosi\u00f3n y la fiabilidad son esenciales.<\/li>\n<li>Utilizado por contratistas de agua, gas y mec\u00e1nica para cortar tuber\u00edas y componentes met\u00e1licos durante la instalaci\u00f3n, reparaci\u00f3n o respuesta a emergencias.<\/li>\n<\/ul>\n","protected":false},"excerpt":{"rendered":"<ul class=\"alexcss\">\n<li>Corta tubos de hasta 30&#8243; de di\u00e1metro exterior<\/li>\n<li>Eje redondo para estanqueidad bajo el agua<\/li>\n<li>Golpes por minuto: 100-500<\/li>\n<li>Longitud de la carrera: 2-3\/8&#8243;<\/li>\n<li>Caudal de aceite: 2,6-13,2 GPM @ 2000 PSI<\/li>\n<li>Potencia del motor: 3,8 CV<\/li>\n<li>Mangueras flexibles y acoplamientos FF incluidos<\/li>\n<li>Abrazaderas accesorias para tubo y perfil<\/li>\n<\/ul>\n","protected":false},"featured_media":178941,"template":"","meta":[],"product_brand":[],"product_cat":[1043,1048],"product_tag":[952,973,1241],"accessory_type":[],"application":[1042],"hand_tool_type":[],"industry":[933,971,1047,1175],"material":[],"power_tool_type":[1240],"power_type":[976],"subcategory":[1112,1234],"tool_type":[946],"class_list":{"0":"post-178908","1":"product","2":"type-product","3":"status-publish","4":"has-post-thumbnail","6":"product_cat-sierras","7":"product_cat-herramientas-de-seguridad","8":"product_tag-destacado","9":"product_tag-atex","10":"product_tag-sierras-hidraulicas","11":"application-corte-y-conformado","12":"industry-metalurgia-2","13":"industry-submarino","14":"industry-petroquimica","15":"industry-mineria","16":"power_tool_type-sierra","17":"power_type-hidraulico","18":"subcategory-herramientas-de-seguridad","19":"subcategory-sierras-para-metales","20":"tool_type-herramienta-electrica","22":"first","23":"instock","24":"shipping-taxable","25":"purchasable","26":"product-type-variable"},"yoast_head":"<!-- This site is optimized with the Yoast SEO plugin v27.5 - https:\/\/yoast.com\/product\/yoast-seo-wordpress\/ -->\n<title>Sierras hidr\u00e1ulicas - CS Unitec<\/title>\n<meta name=\"description\" content=\"Sierras de arco hidr\u00e1ulicas para cortar tubos met\u00e1licos, acero estructural, dep\u00f3sitos y materiales duros. Rendimiento de corte en fr\u00edo seguro en tierra o bajo el agua,\" \/>\n<meta name=\"robots\" content=\"index, follow, max-snippet:-1, max-image-preview:large, max-video-preview:-1\" \/>\n<link rel=\"canonical\" href=\"https:\/\/csunitec.com\/es\/producto\/sierras-hidraulicas\/\" \/>\n<meta property=\"og:locale\" content=\"es_ES\" \/>\n<meta property=\"og:type\" content=\"article\" \/>\n<meta property=\"og:title\" content=\"Sierras hidr\u00e1ulicas - CS Unitec\" \/>\n<meta property=\"og:description\" content=\"Sierras de arco hidr\u00e1ulicas para cortar tubos met\u00e1licos, acero estructural, dep\u00f3sitos y materiales duros. Rendimiento de corte en fr\u00edo seguro en tierra o bajo el agua,\" \/>\n<meta property=\"og:url\" content=\"https:\/\/csunitec.com\/es\/producto\/sierras-hidraulicas\/\" \/>\n<meta property=\"og:site_name\" content=\"CS Unitec\" \/>\n<meta property=\"article:modified_time\" content=\"2026-04-30T05:57:05+00:00\" \/>\n<meta property=\"og:image\" content=\"https:\/\/csunitec.com\/wp-content\/uploads\/2024\/08\/512200050_Stichsage_Druckluft_01-853x1024-1.jpg\" \/>\n\t<meta property=\"og:image:width\" content=\"1024\" \/>\n\t<meta property=\"og:image:height\" content=\"1024\" \/>\n\t<meta property=\"og:image:type\" content=\"image\/jpeg\" \/>\n<meta name=\"twitter:card\" content=\"summary_large_image\" \/>\n<meta name=\"twitter:label1\" content=\"Tiempo de lectura\" \/>\n\t<meta name=\"twitter:data1\" content=\"1 minuto\" \/>\n<script type=\"application\/ld+json\" class=\"yoast-schema-graph\">{\"@context\":\"https:\\\/\\\/schema.org\",\"@graph\":[{\"@type\":\"WebPage\",\"@id\":\"https:\\\/\\\/csunitec.com\\\/es\\\/producto\\\/sierras-hidraulicas\\\/\",\"url\":\"https:\\\/\\\/csunitec.com\\\/es\\\/producto\\\/sierras-hidraulicas\\\/\",\"name\":\"Sierras hidr\u00e1ulicas - CS Unitec\",\"isPartOf\":{\"@id\":\"https:\\\/\\\/csunitec.com\\\/es\\\/#website\"},\"primaryImageOfPage\":{\"@id\":\"https:\\\/\\\/csunitec.com\\\/es\\\/producto\\\/sierras-hidraulicas\\\/#primaryimage\"},\"image\":{\"@id\":\"https:\\\/\\\/csunitec.com\\\/es\\\/producto\\\/sierras-hidraulicas\\\/#primaryimage\"},\"thumbnailUrl\":\"https:\\\/\\\/csunitec.com\\\/wp-content\\\/uploads\\\/2024\\\/08\\\/512200050_Stichsage_Druckluft_01-853x1024-1.jpg\",\"datePublished\":\"2024-08-28T14:10:00+00:00\",\"dateModified\":\"2026-04-30T05:57:05+00:00\",\"description\":\"Sierras de arco hidr\u00e1ulicas para cortar tubos met\u00e1licos, acero estructural, dep\u00f3sitos y materiales duros. Rendimiento de corte en fr\u00edo seguro en tierra o bajo el agua,\",\"breadcrumb\":{\"@id\":\"https:\\\/\\\/csunitec.com\\\/es\\\/producto\\\/sierras-hidraulicas\\\/#breadcrumb\"},\"inLanguage\":\"es\",\"potentialAction\":[{\"@type\":\"ReadAction\",\"target\":[\"https:\\\/\\\/csunitec.com\\\/es\\\/producto\\\/sierras-hidraulicas\\\/\"]}]},{\"@type\":\"ImageObject\",\"inLanguage\":\"es\",\"@id\":\"https:\\\/\\\/csunitec.com\\\/es\\\/producto\\\/sierras-hidraulicas\\\/#primaryimage\",\"url\":\"https:\\\/\\\/csunitec.com\\\/wp-content\\\/uploads\\\/2024\\\/08\\\/512200050_Stichsage_Druckluft_01-853x1024-1.jpg\",\"contentUrl\":\"https:\\\/\\\/csunitec.com\\\/wp-content\\\/uploads\\\/2024\\\/08\\\/512200050_Stichsage_Druckluft_01-853x1024-1.jpg\",\"width\":1024,\"height\":1024},{\"@type\":\"BreadcrumbList\",\"@id\":\"https:\\\/\\\/csunitec.com\\\/es\\\/producto\\\/sierras-hidraulicas\\\/#breadcrumb\",\"itemListElement\":[{\"@type\":\"ListItem\",\"position\":1,\"name\":\"Inicio\",\"item\":\"https:\\\/\\\/csunitec.com\\\/es\\\/\"},{\"@type\":\"ListItem\",\"position\":2,\"name\":\"Tienda\",\"item\":\"https:\\\/\\\/csunitec.com\\\/es\\\/tienda\\\/\"},{\"@type\":\"ListItem\",\"position\":3,\"name\":\"Sierras hidr\u00e1ulicas\"}]},{\"@type\":\"WebSite\",\"@id\":\"https:\\\/\\\/csunitec.com\\\/es\\\/#website\",\"url\":\"https:\\\/\\\/csunitec.com\\\/es\\\/\",\"name\":\"CS Unitec\",\"description\":\"\",\"potentialAction\":[{\"@type\":\"SearchAction\",\"target\":{\"@type\":\"EntryPoint\",\"urlTemplate\":\"https:\\\/\\\/csunitec.com\\\/es\\\/?s={search_term_string}\"},\"query-input\":{\"@type\":\"PropertyValueSpecification\",\"valueRequired\":true,\"valueName\":\"search_term_string\"}}],\"inLanguage\":\"es\"}]}<\/script>\n<!-- \/ Yoast SEO plugin. -->","yoast_head_json":{"title":"Sierras hidr\u00e1ulicas - CS Unitec","description":"Sierras de arco hidr\u00e1ulicas para cortar tubos met\u00e1licos, acero estructural, dep\u00f3sitos y materiales duros. Rendimiento de corte en fr\u00edo seguro en tierra o bajo el agua,","robots":{"index":"index","follow":"follow","max-snippet":"max-snippet:-1","max-image-preview":"max-image-preview:large","max-video-preview":"max-video-preview:-1"},"canonical":"https:\/\/csunitec.com\/es\/producto\/sierras-hidraulicas\/","og_locale":"es_ES","og_type":"article","og_title":"Sierras hidr\u00e1ulicas - CS Unitec","og_description":"Sierras de arco hidr\u00e1ulicas para cortar tubos met\u00e1licos, acero estructural, dep\u00f3sitos y materiales duros. Rendimiento de corte en fr\u00edo seguro en tierra o bajo el agua,","og_url":"https:\/\/csunitec.com\/es\/producto\/sierras-hidraulicas\/","og_site_name":"CS Unitec","article_modified_time":"2026-04-30T05:57:05+00:00","og_image":[{"width":1024,"height":1024,"url":"https:\/\/csunitec.com\/wp-content\/uploads\/2024\/08\/512200050_Stichsage_Druckluft_01-853x1024-1.jpg","type":"image\/jpeg"}],"twitter_card":"summary_large_image","twitter_misc":{"Tiempo de lectura":"1 minuto"},"schema":{"@context":"https:\/\/schema.org","@graph":[{"@type":"WebPage","@id":"https:\/\/csunitec.com\/es\/producto\/sierras-hidraulicas\/","url":"https:\/\/csunitec.com\/es\/producto\/sierras-hidraulicas\/","name":"Sierras hidr\u00e1ulicas - CS Unitec","isPartOf":{"@id":"https:\/\/csunitec.com\/es\/#website"},"primaryImageOfPage":{"@id":"https:\/\/csunitec.com\/es\/producto\/sierras-hidraulicas\/#primaryimage"},"image":{"@id":"https:\/\/csunitec.com\/es\/producto\/sierras-hidraulicas\/#primaryimage"},"thumbnailUrl":"https:\/\/csunitec.com\/wp-content\/uploads\/2024\/08\/512200050_Stichsage_Druckluft_01-853x1024-1.jpg","datePublished":"2024-08-28T14:10:00+00:00","dateModified":"2026-04-30T05:57:05+00:00","description":"Sierras de arco hidr\u00e1ulicas para cortar tubos met\u00e1licos, acero estructural, dep\u00f3sitos y materiales duros. Rendimiento de corte en fr\u00edo seguro en tierra o bajo el agua,","breadcrumb":{"@id":"https:\/\/csunitec.com\/es\/producto\/sierras-hidraulicas\/#breadcrumb"},"inLanguage":"es","potentialAction":[{"@type":"ReadAction","target":["https:\/\/csunitec.com\/es\/producto\/sierras-hidraulicas\/"]}]},{"@type":"ImageObject","inLanguage":"es","@id":"https:\/\/csunitec.com\/es\/producto\/sierras-hidraulicas\/#primaryimage","url":"https:\/\/csunitec.com\/wp-content\/uploads\/2024\/08\/512200050_Stichsage_Druckluft_01-853x1024-1.jpg","contentUrl":"https:\/\/csunitec.com\/wp-content\/uploads\/2024\/08\/512200050_Stichsage_Druckluft_01-853x1024-1.jpg","width":1024,"height":1024},{"@type":"BreadcrumbList","@id":"https:\/\/csunitec.com\/es\/producto\/sierras-hidraulicas\/#breadcrumb","itemListElement":[{"@type":"ListItem","position":1,"name":"Inicio","item":"https:\/\/csunitec.com\/es\/"},{"@type":"ListItem","position":2,"name":"Tienda","item":"https:\/\/csunitec.com\/es\/tienda\/"},{"@type":"ListItem","position":3,"name":"Sierras hidr\u00e1ulicas"}]},{"@type":"WebSite","@id":"https:\/\/csunitec.com\/es\/#website","url":"https:\/\/csunitec.com\/es\/","name":"CS Unitec","description":"","potentialAction":[{"@type":"SearchAction","target":{"@type":"EntryPoint","urlTemplate":"https:\/\/csunitec.com\/es\/?s={search_term_string}"},"query-input":{"@type":"PropertyValueSpecification","valueRequired":true,"valueName":"search_term_string"}}],"inLanguage":"es"}]}},"_links":{"self":[{"href":"https:\/\/csunitec.com\/es\/wp-json\/wp\/v2\/product\/178908","targetHints":{"allow":["GET"]}}],"collection":[{"href":"https:\/\/csunitec.com\/es\/wp-json\/wp\/v2\/product"}],"about":[{"href":"https:\/\/csunitec.com\/es\/wp-json\/wp\/v2\/types\/product"}],"wp:featuredmedia":[{"embeddable":true,"href":"https:\/\/csunitec.com\/es\/wp-json\/wp\/v2\/media\/178941"}],"wp:attachment":[{"href":"https:\/\/csunitec.com\/es\/wp-json\/wp\/v2\/media?parent=178908"}],"wp:term":[{"taxonomy":"product_brand","embeddable":true,"href":"https:\/\/csunitec.com\/es\/wp-json\/wp\/v2\/product_brand?post=178908"},{"taxonomy":"product_cat","embeddable":true,"href":"https:\/\/csunitec.com\/es\/wp-json\/wp\/v2\/product_cat?post=178908"},{"taxonomy":"product_tag","embeddable":true,"href":"https:\/\/csunitec.com\/es\/wp-json\/wp\/v2\/product_tag?post=178908"},{"taxonomy":"accessory_type","embeddable":true,"href":"https:\/\/csunitec.com\/es\/wp-json\/wp\/v2\/accessory_type?post=178908"},{"taxonomy":"application","embeddable":true,"href":"https:\/\/csunitec.com\/es\/wp-json\/wp\/v2\/application?post=178908"},{"taxonomy":"hand_tool_type","embeddable":true,"href":"https:\/\/csunitec.com\/es\/wp-json\/wp\/v2\/hand_tool_type?post=178908"},{"taxonomy":"industry","embeddable":true,"href":"https:\/\/csunitec.com\/es\/wp-json\/wp\/v2\/industry?post=178908"},{"taxonomy":"material","embeddable":true,"href":"https:\/\/csunitec.com\/es\/wp-json\/wp\/v2\/material?post=178908"},{"taxonomy":"power_tool_type","embeddable":true,"href":"https:\/\/csunitec.com\/es\/wp-json\/wp\/v2\/power_tool_type?post=178908"},{"taxonomy":"power_type","embeddable":true,"href":"https:\/\/csunitec.com\/es\/wp-json\/wp\/v2\/power_type?post=178908"},{"taxonomy":"subcategory","embeddable":true,"href":"https:\/\/csunitec.com\/es\/wp-json\/wp\/v2\/subcategory?post=178908"},{"taxonomy":"tool_type","embeddable":true,"href":"https:\/\/csunitec.com\/es\/wp-json\/wp\/v2\/tool_type?post=178908"}],"curies":[{"name":"wp","href":"https:\/\/api.w.org\/{rel}","templated":true}]}}