{"id":178971,"date":"2024-08-28T14:29:00","date_gmt":"2024-08-28T14:29:00","guid":{"rendered":"https:\/\/stgcsunitec.wpenginepowered.com\/product\/sierras-electricas-para-cortar-tubos\/"},"modified":"2024-08-28T14:29:00","modified_gmt":"2024-08-28T18:29:00","slug":"sierras-electricas-para-cortar-tubos","status":"publish","type":"product","link":"https:\/\/csunitec.com\/es\/producto\/sierras-electricas-para-cortar-tubos\/","title":{"rendered":"Sierras el\u00e9ctricas para cortar tubos"},"content":{"rendered":"<ul>\n<li>Sierras de arco el\u00e9ctricas dise\u00f1adas para cortar tubos met\u00e1licos, incluidos el acero, el acero inoxidable y el hierro fundido.<\/li>\n<li>Ideal para cortar en el campo durante paradas, paradas y mantenimiento de la planta.<\/li>\n<li>Corta vigas, canales, \u00e1ngulos de hierro y componentes estructurales pesados en talleres de fabricaci\u00f3n y en obras.<\/li>\n<li>Eficaz para la demolici\u00f3n controlada de componentes met\u00e1licos, dep\u00f3sitos y conjuntos estructurales.<\/li>\n<li>Utilizado por contratistas de agua, gas y mec\u00e1nica para cortar tuber\u00edas y componentes met\u00e1licos durante la instalaci\u00f3n o reparaci\u00f3n.<\/li>\n<\/ul>\n","protected":false},"excerpt":{"rendered":"<ul class=\"alexcss\">\n<li>Corta tubos de hasta 30&#8243; de di\u00e1metro interior<\/li>\n<li>Golpes por minuto: 200-400<\/li>\n<li>Longitud de la carrera: 2-3\/8&#8243;<\/li>\n<li>Potencia del motor: 1,5 CV, 11 Amp, 110 V<\/li>\n<li>Abrazaderas accesorias para tubos y perfiles<\/li>\n<\/ul>\n","protected":false},"featured_media":173943,"template":"","meta":[],"product_brand":[],"product_cat":[1043],"product_tag":[1245,1247],"accessory_type":[],"application":[1042],"hand_tool_type":[],"industry":[933,1047,1175],"material":[],"power_tool_type":[1240],"power_type":[936],"subcategory":[1234],"tool_type":[946],"class_list":{"0":"post-178971","1":"product","2":"type-product","3":"status-publish","4":"has-post-thumbnail","6":"product_cat-sierras","7":"product_tag-sierras-electricas","8":"product_tag-sierras-de-arco","9":"application-corte-y-conformado","10":"industry-metalurgia-2","11":"industry-petroquimica","12":"industry-mineria","13":"power_tool_type-sierra","14":"power_type-electrico","15":"subcategory-sierras-para-metales","16":"tool_type-herramienta-electrica","18":"first","19":"instock","20":"shipping-taxable","21":"purchasable","22":"product-type-variable"},"yoast_head":"<!-- This site is optimized with the Yoast SEO plugin v27.5 - https:\/\/yoast.com\/product\/yoast-seo-wordpress\/ -->\n<title>Sierras el\u00e9ctricas para cortar tubos - CS Unitec<\/title>\n<meta name=\"description\" content=\"Sierras de arco el\u00e9ctricas con motor de velocidad variable para cortar tubos met\u00e1licos de hasta 30&quot; de di\u00e1metro exterior, acero, chapas y materiales duros. Dise\u00f1o compacto de corte en fr\u00edo.\" \/>\n<meta name=\"robots\" content=\"index, follow, max-snippet:-1, max-image-preview:large, max-video-preview:-1\" \/>\n<link rel=\"canonical\" href=\"https:\/\/csunitec.com\/es\/producto\/sierras-electricas-para-cortar-tubos\/\" \/>\n<meta property=\"og:locale\" content=\"es_ES\" \/>\n<meta property=\"og:type\" content=\"article\" \/>\n<meta property=\"og:title\" content=\"Sierras el\u00e9ctricas para cortar tubos - CS Unitec\" \/>\n<meta property=\"og:description\" content=\"Sierras de arco el\u00e9ctricas con motor de velocidad variable para cortar tubos met\u00e1licos de hasta 30&quot; de di\u00e1metro exterior, acero, chapas y materiales duros. Dise\u00f1o compacto de corte en fr\u00edo.\" \/>\n<meta property=\"og:url\" content=\"https:\/\/csunitec.com\/es\/producto\/sierras-electricas-para-cortar-tubos\/\" \/>\n<meta property=\"og:site_name\" content=\"CS Unitec\" \/>\n<meta property=\"article:modified_time\" content=\"2024-08-28T18:29:00+00:00\" \/>\n<meta property=\"og:image\" content=\"https:\/\/csunitec.com\/wp-content\/uploads\/2024\/08\/512150050_Stichsage_Elektro_02-853x1024-2.jpg\" \/>\n\t<meta property=\"og:image:width\" content=\"1024\" \/>\n\t<meta property=\"og:image:height\" content=\"1024\" \/>\n\t<meta property=\"og:image:type\" content=\"image\/jpeg\" \/>\n<meta name=\"twitter:card\" content=\"summary_large_image\" \/>\n<script type=\"application\/ld+json\" class=\"yoast-schema-graph\">{\"@context\":\"https:\\\/\\\/schema.org\",\"@graph\":[{\"@type\":\"WebPage\",\"@id\":\"https:\\\/\\\/csunitec.com\\\/es\\\/producto\\\/sierras-electricas-para-cortar-tubos\\\/\",\"url\":\"https:\\\/\\\/csunitec.com\\\/es\\\/producto\\\/sierras-electricas-para-cortar-tubos\\\/\",\"name\":\"Sierras el\u00e9ctricas para cortar tubos - CS Unitec\",\"isPartOf\":{\"@id\":\"https:\\\/\\\/csunitec.com\\\/es\\\/#website\"},\"primaryImageOfPage\":{\"@id\":\"https:\\\/\\\/csunitec.com\\\/es\\\/producto\\\/sierras-electricas-para-cortar-tubos\\\/#primaryimage\"},\"image\":{\"@id\":\"https:\\\/\\\/csunitec.com\\\/es\\\/producto\\\/sierras-electricas-para-cortar-tubos\\\/#primaryimage\"},\"thumbnailUrl\":\"https:\\\/\\\/csunitec.com\\\/wp-content\\\/uploads\\\/2024\\\/08\\\/512150050_Stichsage_Elektro_02-853x1024-2.jpg\",\"datePublished\":\"2024-08-28T14:29:00+00:00\",\"dateModified\":\"2024-08-28T18:29:00+00:00\",\"description\":\"Sierras de arco el\u00e9ctricas con motor de velocidad variable para cortar tubos met\u00e1licos de hasta 30\\\" de di\u00e1metro exterior, acero, chapas y materiales duros. Dise\u00f1o compacto de corte en fr\u00edo.\",\"breadcrumb\":{\"@id\":\"https:\\\/\\\/csunitec.com\\\/es\\\/producto\\\/sierras-electricas-para-cortar-tubos\\\/#breadcrumb\"},\"inLanguage\":\"es\",\"potentialAction\":[{\"@type\":\"ReadAction\",\"target\":[\"https:\\\/\\\/csunitec.com\\\/es\\\/producto\\\/sierras-electricas-para-cortar-tubos\\\/\"]}]},{\"@type\":\"ImageObject\",\"inLanguage\":\"es\",\"@id\":\"https:\\\/\\\/csunitec.com\\\/es\\\/producto\\\/sierras-electricas-para-cortar-tubos\\\/#primaryimage\",\"url\":\"https:\\\/\\\/csunitec.com\\\/wp-content\\\/uploads\\\/2024\\\/08\\\/512150050_Stichsage_Elektro_02-853x1024-2.jpg\",\"contentUrl\":\"https:\\\/\\\/csunitec.com\\\/wp-content\\\/uploads\\\/2024\\\/08\\\/512150050_Stichsage_Elektro_02-853x1024-2.jpg\",\"width\":1024,\"height\":1024},{\"@type\":\"BreadcrumbList\",\"@id\":\"https:\\\/\\\/csunitec.com\\\/es\\\/producto\\\/sierras-electricas-para-cortar-tubos\\\/#breadcrumb\",\"itemListElement\":[{\"@type\":\"ListItem\",\"position\":1,\"name\":\"Inicio\",\"item\":\"https:\\\/\\\/csunitec.com\\\/es\\\/\"},{\"@type\":\"ListItem\",\"position\":2,\"name\":\"Tienda\",\"item\":\"https:\\\/\\\/csunitec.com\\\/es\\\/tienda\\\/\"},{\"@type\":\"ListItem\",\"position\":3,\"name\":\"Sierras el\u00e9ctricas para cortar tubos\"}]},{\"@type\":\"WebSite\",\"@id\":\"https:\\\/\\\/csunitec.com\\\/es\\\/#website\",\"url\":\"https:\\\/\\\/csunitec.com\\\/es\\\/\",\"name\":\"CS Unitec\",\"description\":\"\",\"potentialAction\":[{\"@type\":\"SearchAction\",\"target\":{\"@type\":\"EntryPoint\",\"urlTemplate\":\"https:\\\/\\\/csunitec.com\\\/es\\\/?s={search_term_string}\"},\"query-input\":{\"@type\":\"PropertyValueSpecification\",\"valueRequired\":true,\"valueName\":\"search_term_string\"}}],\"inLanguage\":\"es\"}]}<\/script>\n<!-- \/ Yoast SEO plugin. -->","yoast_head_json":{"title":"Sierras el\u00e9ctricas para cortar tubos - CS Unitec","description":"Sierras de arco el\u00e9ctricas con motor de velocidad variable para cortar tubos met\u00e1licos de hasta 30\" de di\u00e1metro exterior, acero, chapas y materiales duros. Dise\u00f1o compacto de corte en fr\u00edo.","robots":{"index":"index","follow":"follow","max-snippet":"max-snippet:-1","max-image-preview":"max-image-preview:large","max-video-preview":"max-video-preview:-1"},"canonical":"https:\/\/csunitec.com\/es\/producto\/sierras-electricas-para-cortar-tubos\/","og_locale":"es_ES","og_type":"article","og_title":"Sierras el\u00e9ctricas para cortar tubos - CS Unitec","og_description":"Sierras de arco el\u00e9ctricas con motor de velocidad variable para cortar tubos met\u00e1licos de hasta 30\" de di\u00e1metro exterior, acero, chapas y materiales duros. Dise\u00f1o compacto de corte en fr\u00edo.","og_url":"https:\/\/csunitec.com\/es\/producto\/sierras-electricas-para-cortar-tubos\/","og_site_name":"CS Unitec","article_modified_time":"2024-08-28T18:29:00+00:00","og_image":[{"width":1024,"height":1024,"url":"https:\/\/csunitec.com\/wp-content\/uploads\/2024\/08\/512150050_Stichsage_Elektro_02-853x1024-2.jpg","type":"image\/jpeg"}],"twitter_card":"summary_large_image","schema":{"@context":"https:\/\/schema.org","@graph":[{"@type":"WebPage","@id":"https:\/\/csunitec.com\/es\/producto\/sierras-electricas-para-cortar-tubos\/","url":"https:\/\/csunitec.com\/es\/producto\/sierras-electricas-para-cortar-tubos\/","name":"Sierras el\u00e9ctricas para cortar tubos - CS Unitec","isPartOf":{"@id":"https:\/\/csunitec.com\/es\/#website"},"primaryImageOfPage":{"@id":"https:\/\/csunitec.com\/es\/producto\/sierras-electricas-para-cortar-tubos\/#primaryimage"},"image":{"@id":"https:\/\/csunitec.com\/es\/producto\/sierras-electricas-para-cortar-tubos\/#primaryimage"},"thumbnailUrl":"https:\/\/csunitec.com\/wp-content\/uploads\/2024\/08\/512150050_Stichsage_Elektro_02-853x1024-2.jpg","datePublished":"2024-08-28T14:29:00+00:00","dateModified":"2024-08-28T18:29:00+00:00","description":"Sierras de arco el\u00e9ctricas con motor de velocidad variable para cortar tubos met\u00e1licos de hasta 30\" de di\u00e1metro exterior, acero, chapas y materiales duros. Dise\u00f1o compacto de corte en fr\u00edo.","breadcrumb":{"@id":"https:\/\/csunitec.com\/es\/producto\/sierras-electricas-para-cortar-tubos\/#breadcrumb"},"inLanguage":"es","potentialAction":[{"@type":"ReadAction","target":["https:\/\/csunitec.com\/es\/producto\/sierras-electricas-para-cortar-tubos\/"]}]},{"@type":"ImageObject","inLanguage":"es","@id":"https:\/\/csunitec.com\/es\/producto\/sierras-electricas-para-cortar-tubos\/#primaryimage","url":"https:\/\/csunitec.com\/wp-content\/uploads\/2024\/08\/512150050_Stichsage_Elektro_02-853x1024-2.jpg","contentUrl":"https:\/\/csunitec.com\/wp-content\/uploads\/2024\/08\/512150050_Stichsage_Elektro_02-853x1024-2.jpg","width":1024,"height":1024},{"@type":"BreadcrumbList","@id":"https:\/\/csunitec.com\/es\/producto\/sierras-electricas-para-cortar-tubos\/#breadcrumb","itemListElement":[{"@type":"ListItem","position":1,"name":"Inicio","item":"https:\/\/csunitec.com\/es\/"},{"@type":"ListItem","position":2,"name":"Tienda","item":"https:\/\/csunitec.com\/es\/tienda\/"},{"@type":"ListItem","position":3,"name":"Sierras el\u00e9ctricas para cortar tubos"}]},{"@type":"WebSite","@id":"https:\/\/csunitec.com\/es\/#website","url":"https:\/\/csunitec.com\/es\/","name":"CS Unitec","description":"","potentialAction":[{"@type":"SearchAction","target":{"@type":"EntryPoint","urlTemplate":"https:\/\/csunitec.com\/es\/?s={search_term_string}"},"query-input":{"@type":"PropertyValueSpecification","valueRequired":true,"valueName":"search_term_string"}}],"inLanguage":"es"}]}},"_links":{"self":[{"href":"https:\/\/csunitec.com\/es\/wp-json\/wp\/v2\/product\/178971","targetHints":{"allow":["GET"]}}],"collection":[{"href":"https:\/\/csunitec.com\/es\/wp-json\/wp\/v2\/product"}],"about":[{"href":"https:\/\/csunitec.com\/es\/wp-json\/wp\/v2\/types\/product"}],"wp:featuredmedia":[{"embeddable":true,"href":"https:\/\/csunitec.com\/es\/wp-json\/wp\/v2\/media\/173943"}],"wp:attachment":[{"href":"https:\/\/csunitec.com\/es\/wp-json\/wp\/v2\/media?parent=178971"}],"wp:term":[{"taxonomy":"product_brand","embeddable":true,"href":"https:\/\/csunitec.com\/es\/wp-json\/wp\/v2\/product_brand?post=178971"},{"taxonomy":"product_cat","embeddable":true,"href":"https:\/\/csunitec.com\/es\/wp-json\/wp\/v2\/product_cat?post=178971"},{"taxonomy":"product_tag","embeddable":true,"href":"https:\/\/csunitec.com\/es\/wp-json\/wp\/v2\/product_tag?post=178971"},{"taxonomy":"accessory_type","embeddable":true,"href":"https:\/\/csunitec.com\/es\/wp-json\/wp\/v2\/accessory_type?post=178971"},{"taxonomy":"application","embeddable":true,"href":"https:\/\/csunitec.com\/es\/wp-json\/wp\/v2\/application?post=178971"},{"taxonomy":"hand_tool_type","embeddable":true,"href":"https:\/\/csunitec.com\/es\/wp-json\/wp\/v2\/hand_tool_type?post=178971"},{"taxonomy":"industry","embeddable":true,"href":"https:\/\/csunitec.com\/es\/wp-json\/wp\/v2\/industry?post=178971"},{"taxonomy":"material","embeddable":true,"href":"https:\/\/csunitec.com\/es\/wp-json\/wp\/v2\/material?post=178971"},{"taxonomy":"power_tool_type","embeddable":true,"href":"https:\/\/csunitec.com\/es\/wp-json\/wp\/v2\/power_tool_type?post=178971"},{"taxonomy":"power_type","embeddable":true,"href":"https:\/\/csunitec.com\/es\/wp-json\/wp\/v2\/power_type?post=178971"},{"taxonomy":"subcategory","embeddable":true,"href":"https:\/\/csunitec.com\/es\/wp-json\/wp\/v2\/subcategory?post=178971"},{"taxonomy":"tool_type","embeddable":true,"href":"https:\/\/csunitec.com\/es\/wp-json\/wp\/v2\/tool_type?post=178971"}],"curies":[{"name":"wp","href":"https:\/\/api.w.org\/{rel}","templated":true}]}}