{"id":178972,"date":"2024-09-04T17:49:00","date_gmt":"2024-09-04T17:49:00","guid":{"rendered":"https:\/\/stgcsunitec.wpenginepowered.com\/product\/cortadora-neumatica-de-tubos-sierra-de-vientre\/"},"modified":"2026-04-30T01:57:11","modified_gmt":"2026-04-30T05:57:11","slug":"cortadora-neumatica-de-tubos-sierra-de-vientre","status":"publish","type":"product","link":"https:\/\/csunitec.com\/es\/producto\/cortadora-neumatica-de-tubos-sierra-de-vientre\/","title":{"rendered":"Cortadora neum\u00e1tica de tubos (sierra de vientre)"},"content":{"rendered":"<ul>\n<li>Cortatubos neum\u00e1ticos para cortar con seguridad en entornos peligrosos y con riesgo de explosi\u00f3n, donde est\u00e1n prohibidas las herramientas el\u00e9ctricas.<\/li>\n<li>Corta r\u00e1pidamente tubos de 6&#8243; a 63&#8243; de di\u00e1metro con espesores de pared de 1\/4&#8243; a 2&#8243;. <\/li>\n<li>Corte de tuber\u00edas de acero, hierro d\u00factil, HDPE y tuber\u00edas compuestas durante su instalaci\u00f3n o modificaci\u00f3n.<\/li>\n<li>Se utiliza para cortar tubos de gran di\u00e1metro y componentes estructurales de barcos y plataformas marinas.<\/li>\n<li>Adecuado para trabajos en tuber\u00edas a\u00e9reas y subterr\u00e1neas.<\/li>\n<li>Certificado ATEX para uso en Zonas Ex (ATEX II 2G Ex h IIB T6 Gb)<\/li>\n<\/ul>\n","protected":false},"excerpt":{"rendered":"<ul class=\"alexcss\">\n<li>Capacidad de corte: tubo de 6&#8243; a 96&#8243; de di\u00e1metro<\/li>\n<li>Velocidad: 350 \/ 1800 RPM<\/li>\n<li>Potencia del motor: 2,4 CV \/ 4 CV<\/li>\n<\/ul>\n","protected":false},"featured_media":178994,"template":"","meta":[],"product_brand":[],"product_cat":[1043,1048],"product_tag":[973,1248,1249],"accessory_type":[],"application":[1042],"hand_tool_type":[],"industry":[933,971,1047,1175],"material":[],"power_tool_type":[1246],"power_type":[972],"subcategory":[1112,1227],"tool_type":[946],"class_list":{"0":"post-178972","1":"product","2":"type-product","3":"status-publish","4":"has-post-thumbnail","6":"product_cat-sierras","7":"product_cat-herramientas-de-seguridad","8":"product_tag-atex","9":"product_tag-cortadoras-neumaticas-de-tubos","10":"product_tag-maquinas-de-corte-de-tubos","11":"application-corte-y-conformado","12":"industry-metalurgia-2","13":"industry-submarino","14":"industry-petroquimica","15":"industry-mineria","16":"power_tool_type-maquina-cortatubos","17":"power_type-aire","18":"subcategory-herramientas-de-seguridad","19":"subcategory-cortatubos-sierras-de-vaiven","20":"tool_type-herramienta-electrica","22":"first","23":"instock","24":"shipping-taxable","25":"purchasable","26":"product-type-variable"},"yoast_head":"<!-- This site is optimized with the Yoast SEO plugin v27.5 - https:\/\/yoast.com\/product\/yoast-seo-wordpress\/ -->\n<title>Cortadora neum\u00e1tica de tubos (sierra de vientre) - CS Unitec<\/title>\n<meta name=\"description\" content=\"Cortadoras neum\u00e1ticas de tubos para el corte r\u00e1pido y en fr\u00edo de acero, acero inoxidable, fundici\u00f3n y tubos de gran di\u00e1metro. Corte seguro en entornos peligrosos.\" \/>\n<meta name=\"robots\" content=\"index, follow, max-snippet:-1, max-image-preview:large, max-video-preview:-1\" \/>\n<link rel=\"canonical\" href=\"https:\/\/csunitec.com\/es\/producto\/cortadora-neumatica-de-tubos-sierra-de-vientre\/\" \/>\n<meta property=\"og:locale\" content=\"es_ES\" \/>\n<meta property=\"og:type\" content=\"article\" \/>\n<meta property=\"og:title\" content=\"Cortadora neum\u00e1tica de tubos (sierra de vientre) - CS Unitec\" \/>\n<meta property=\"og:description\" content=\"Cortadoras neum\u00e1ticas de tubos para el corte r\u00e1pido y en fr\u00edo de acero, acero inoxidable, fundici\u00f3n y tubos de gran di\u00e1metro. Corte seguro en entornos peligrosos.\" \/>\n<meta property=\"og:url\" content=\"https:\/\/csunitec.com\/es\/producto\/cortadora-neumatica-de-tubos-sierra-de-vientre\/\" \/>\n<meta property=\"og:site_name\" content=\"CS Unitec\" \/>\n<meta property=\"article:modified_time\" content=\"2026-04-30T05:57:11+00:00\" \/>\n<meta property=\"og:image\" content=\"https:\/\/csunitec.com\/wp-content\/uploads\/2025\/04\/Hydraulic-Pipe-Cutting-Machine-1000-x-1000-9-2.png\" \/>\n\t<meta property=\"og:image:width\" content=\"1000\" \/>\n\t<meta property=\"og:image:height\" content=\"1000\" \/>\n\t<meta property=\"og:image:type\" content=\"image\/png\" \/>\n<meta name=\"twitter:card\" content=\"summary_large_image\" \/>\n<meta name=\"twitter:label1\" content=\"Tiempo de lectura\" \/>\n\t<meta name=\"twitter:data1\" content=\"1 minuto\" \/>\n<script type=\"application\/ld+json\" class=\"yoast-schema-graph\">{\"@context\":\"https:\\\/\\\/schema.org\",\"@graph\":[{\"@type\":\"WebPage\",\"@id\":\"https:\\\/\\\/csunitec.com\\\/es\\\/producto\\\/cortadora-neumatica-de-tubos-sierra-de-vientre\\\/\",\"url\":\"https:\\\/\\\/csunitec.com\\\/es\\\/producto\\\/cortadora-neumatica-de-tubos-sierra-de-vientre\\\/\",\"name\":\"Cortadora neum\u00e1tica de tubos (sierra de vientre) - CS Unitec\",\"isPartOf\":{\"@id\":\"https:\\\/\\\/csunitec.com\\\/es\\\/#website\"},\"primaryImageOfPage\":{\"@id\":\"https:\\\/\\\/csunitec.com\\\/es\\\/producto\\\/cortadora-neumatica-de-tubos-sierra-de-vientre\\\/#primaryimage\"},\"image\":{\"@id\":\"https:\\\/\\\/csunitec.com\\\/es\\\/producto\\\/cortadora-neumatica-de-tubos-sierra-de-vientre\\\/#primaryimage\"},\"thumbnailUrl\":\"https:\\\/\\\/csunitec.com\\\/wp-content\\\/uploads\\\/2025\\\/04\\\/Hydraulic-Pipe-Cutting-Machine-1000-x-1000-9-2.png\",\"datePublished\":\"2024-09-04T17:49:00+00:00\",\"dateModified\":\"2026-04-30T05:57:11+00:00\",\"description\":\"Cortadoras neum\u00e1ticas de tubos para el corte r\u00e1pido y en fr\u00edo de acero, acero inoxidable, fundici\u00f3n y tubos de gran di\u00e1metro. Corte seguro en entornos peligrosos.\",\"breadcrumb\":{\"@id\":\"https:\\\/\\\/csunitec.com\\\/es\\\/producto\\\/cortadora-neumatica-de-tubos-sierra-de-vientre\\\/#breadcrumb\"},\"inLanguage\":\"es\",\"potentialAction\":[{\"@type\":\"ReadAction\",\"target\":[\"https:\\\/\\\/csunitec.com\\\/es\\\/producto\\\/cortadora-neumatica-de-tubos-sierra-de-vientre\\\/\"]}]},{\"@type\":\"ImageObject\",\"inLanguage\":\"es\",\"@id\":\"https:\\\/\\\/csunitec.com\\\/es\\\/producto\\\/cortadora-neumatica-de-tubos-sierra-de-vientre\\\/#primaryimage\",\"url\":\"https:\\\/\\\/csunitec.com\\\/wp-content\\\/uploads\\\/2025\\\/04\\\/Hydraulic-Pipe-Cutting-Machine-1000-x-1000-9-2.png\",\"contentUrl\":\"https:\\\/\\\/csunitec.com\\\/wp-content\\\/uploads\\\/2025\\\/04\\\/Hydraulic-Pipe-Cutting-Machine-1000-x-1000-9-2.png\",\"width\":1000,\"height\":1000},{\"@type\":\"BreadcrumbList\",\"@id\":\"https:\\\/\\\/csunitec.com\\\/es\\\/producto\\\/cortadora-neumatica-de-tubos-sierra-de-vientre\\\/#breadcrumb\",\"itemListElement\":[{\"@type\":\"ListItem\",\"position\":1,\"name\":\"Inicio\",\"item\":\"https:\\\/\\\/csunitec.com\\\/es\\\/\"},{\"@type\":\"ListItem\",\"position\":2,\"name\":\"Tienda\",\"item\":\"https:\\\/\\\/csunitec.com\\\/es\\\/tienda\\\/\"},{\"@type\":\"ListItem\",\"position\":3,\"name\":\"Cortadora neum\u00e1tica de tubos (sierra de vientre)\"}]},{\"@type\":\"WebSite\",\"@id\":\"https:\\\/\\\/csunitec.com\\\/es\\\/#website\",\"url\":\"https:\\\/\\\/csunitec.com\\\/es\\\/\",\"name\":\"CS Unitec\",\"description\":\"\",\"potentialAction\":[{\"@type\":\"SearchAction\",\"target\":{\"@type\":\"EntryPoint\",\"urlTemplate\":\"https:\\\/\\\/csunitec.com\\\/es\\\/?s={search_term_string}\"},\"query-input\":{\"@type\":\"PropertyValueSpecification\",\"valueRequired\":true,\"valueName\":\"search_term_string\"}}],\"inLanguage\":\"es\"}]}<\/script>\n<!-- \/ Yoast SEO plugin. -->","yoast_head_json":{"title":"Cortadora neum\u00e1tica de tubos (sierra de vientre) - CS Unitec","description":"Cortadoras neum\u00e1ticas de tubos para el corte r\u00e1pido y en fr\u00edo de acero, acero inoxidable, fundici\u00f3n y tubos de gran di\u00e1metro. Corte seguro en entornos peligrosos.","robots":{"index":"index","follow":"follow","max-snippet":"max-snippet:-1","max-image-preview":"max-image-preview:large","max-video-preview":"max-video-preview:-1"},"canonical":"https:\/\/csunitec.com\/es\/producto\/cortadora-neumatica-de-tubos-sierra-de-vientre\/","og_locale":"es_ES","og_type":"article","og_title":"Cortadora neum\u00e1tica de tubos (sierra de vientre) - CS Unitec","og_description":"Cortadoras neum\u00e1ticas de tubos para el corte r\u00e1pido y en fr\u00edo de acero, acero inoxidable, fundici\u00f3n y tubos de gran di\u00e1metro. Corte seguro en entornos peligrosos.","og_url":"https:\/\/csunitec.com\/es\/producto\/cortadora-neumatica-de-tubos-sierra-de-vientre\/","og_site_name":"CS Unitec","article_modified_time":"2026-04-30T05:57:11+00:00","og_image":[{"width":1000,"height":1000,"url":"https:\/\/csunitec.com\/wp-content\/uploads\/2025\/04\/Hydraulic-Pipe-Cutting-Machine-1000-x-1000-9-2.png","type":"image\/png"}],"twitter_card":"summary_large_image","twitter_misc":{"Tiempo de lectura":"1 minuto"},"schema":{"@context":"https:\/\/schema.org","@graph":[{"@type":"WebPage","@id":"https:\/\/csunitec.com\/es\/producto\/cortadora-neumatica-de-tubos-sierra-de-vientre\/","url":"https:\/\/csunitec.com\/es\/producto\/cortadora-neumatica-de-tubos-sierra-de-vientre\/","name":"Cortadora neum\u00e1tica de tubos (sierra de vientre) - CS Unitec","isPartOf":{"@id":"https:\/\/csunitec.com\/es\/#website"},"primaryImageOfPage":{"@id":"https:\/\/csunitec.com\/es\/producto\/cortadora-neumatica-de-tubos-sierra-de-vientre\/#primaryimage"},"image":{"@id":"https:\/\/csunitec.com\/es\/producto\/cortadora-neumatica-de-tubos-sierra-de-vientre\/#primaryimage"},"thumbnailUrl":"https:\/\/csunitec.com\/wp-content\/uploads\/2025\/04\/Hydraulic-Pipe-Cutting-Machine-1000-x-1000-9-2.png","datePublished":"2024-09-04T17:49:00+00:00","dateModified":"2026-04-30T05:57:11+00:00","description":"Cortadoras neum\u00e1ticas de tubos para el corte r\u00e1pido y en fr\u00edo de acero, acero inoxidable, fundici\u00f3n y tubos de gran di\u00e1metro. Corte seguro en entornos peligrosos.","breadcrumb":{"@id":"https:\/\/csunitec.com\/es\/producto\/cortadora-neumatica-de-tubos-sierra-de-vientre\/#breadcrumb"},"inLanguage":"es","potentialAction":[{"@type":"ReadAction","target":["https:\/\/csunitec.com\/es\/producto\/cortadora-neumatica-de-tubos-sierra-de-vientre\/"]}]},{"@type":"ImageObject","inLanguage":"es","@id":"https:\/\/csunitec.com\/es\/producto\/cortadora-neumatica-de-tubos-sierra-de-vientre\/#primaryimage","url":"https:\/\/csunitec.com\/wp-content\/uploads\/2025\/04\/Hydraulic-Pipe-Cutting-Machine-1000-x-1000-9-2.png","contentUrl":"https:\/\/csunitec.com\/wp-content\/uploads\/2025\/04\/Hydraulic-Pipe-Cutting-Machine-1000-x-1000-9-2.png","width":1000,"height":1000},{"@type":"BreadcrumbList","@id":"https:\/\/csunitec.com\/es\/producto\/cortadora-neumatica-de-tubos-sierra-de-vientre\/#breadcrumb","itemListElement":[{"@type":"ListItem","position":1,"name":"Inicio","item":"https:\/\/csunitec.com\/es\/"},{"@type":"ListItem","position":2,"name":"Tienda","item":"https:\/\/csunitec.com\/es\/tienda\/"},{"@type":"ListItem","position":3,"name":"Cortadora neum\u00e1tica de tubos (sierra de vientre)"}]},{"@type":"WebSite","@id":"https:\/\/csunitec.com\/es\/#website","url":"https:\/\/csunitec.com\/es\/","name":"CS Unitec","description":"","potentialAction":[{"@type":"SearchAction","target":{"@type":"EntryPoint","urlTemplate":"https:\/\/csunitec.com\/es\/?s={search_term_string}"},"query-input":{"@type":"PropertyValueSpecification","valueRequired":true,"valueName":"search_term_string"}}],"inLanguage":"es"}]}},"_links":{"self":[{"href":"https:\/\/csunitec.com\/es\/wp-json\/wp\/v2\/product\/178972","targetHints":{"allow":["GET"]}}],"collection":[{"href":"https:\/\/csunitec.com\/es\/wp-json\/wp\/v2\/product"}],"about":[{"href":"https:\/\/csunitec.com\/es\/wp-json\/wp\/v2\/types\/product"}],"wp:featuredmedia":[{"embeddable":true,"href":"https:\/\/csunitec.com\/es\/wp-json\/wp\/v2\/media\/178994"}],"wp:attachment":[{"href":"https:\/\/csunitec.com\/es\/wp-json\/wp\/v2\/media?parent=178972"}],"wp:term":[{"taxonomy":"product_brand","embeddable":true,"href":"https:\/\/csunitec.com\/es\/wp-json\/wp\/v2\/product_brand?post=178972"},{"taxonomy":"product_cat","embeddable":true,"href":"https:\/\/csunitec.com\/es\/wp-json\/wp\/v2\/product_cat?post=178972"},{"taxonomy":"product_tag","embeddable":true,"href":"https:\/\/csunitec.com\/es\/wp-json\/wp\/v2\/product_tag?post=178972"},{"taxonomy":"accessory_type","embeddable":true,"href":"https:\/\/csunitec.com\/es\/wp-json\/wp\/v2\/accessory_type?post=178972"},{"taxonomy":"application","embeddable":true,"href":"https:\/\/csunitec.com\/es\/wp-json\/wp\/v2\/application?post=178972"},{"taxonomy":"hand_tool_type","embeddable":true,"href":"https:\/\/csunitec.com\/es\/wp-json\/wp\/v2\/hand_tool_type?post=178972"},{"taxonomy":"industry","embeddable":true,"href":"https:\/\/csunitec.com\/es\/wp-json\/wp\/v2\/industry?post=178972"},{"taxonomy":"material","embeddable":true,"href":"https:\/\/csunitec.com\/es\/wp-json\/wp\/v2\/material?post=178972"},{"taxonomy":"power_tool_type","embeddable":true,"href":"https:\/\/csunitec.com\/es\/wp-json\/wp\/v2\/power_tool_type?post=178972"},{"taxonomy":"power_type","embeddable":true,"href":"https:\/\/csunitec.com\/es\/wp-json\/wp\/v2\/power_type?post=178972"},{"taxonomy":"subcategory","embeddable":true,"href":"https:\/\/csunitec.com\/es\/wp-json\/wp\/v2\/subcategory?post=178972"},{"taxonomy":"tool_type","embeddable":true,"href":"https:\/\/csunitec.com\/es\/wp-json\/wp\/v2\/tool_type?post=178972"}],"curies":[{"name":"wp","href":"https:\/\/api.w.org\/{rel}","templated":true}]}}