{"id":179019,"date":"2024-09-06T17:47:00","date_gmt":"2024-09-06T17:47:00","guid":{"rendered":"https:\/\/stgcsunitec.wpenginepowered.com\/product\/cadenas-de-sierra-de-metal-duro\/"},"modified":"2024-09-06T17:47:00","modified_gmt":"2024-09-06T21:47:00","slug":"cadenas-de-sierra-de-metal-duro","status":"publish","type":"product","link":"https:\/\/csunitec.com\/es\/producto\/cadenas-de-sierra-de-metal-duro\/","title":{"rendered":"Cadenas de sierra de metal duro"},"content":{"rendered":"<ul>\n<li>Cadenas de motosierra para cortar polietileno, pl\u00e1sticos y mucho m\u00e1s.\n<li>Cadenas de motosierra para cortar madera, hormig\u00f3n, mamposter\u00eda y materiales estructurales durante la renovaci\u00f3n, la demolici\u00f3n controlada y la nueva construcci\u00f3n.<\/li>\n<li>Corte de tuber\u00edas de hierro d\u00factil, PVC y HDPE para la instalaci\u00f3n o reparaci\u00f3n de tuber\u00edas de agua, alcantarillado y gas.<\/li>\n<li>Corta madera sumergida, materiales compuestos, pilotes y estructuras de hormig\u00f3n.<\/li>\n<li>Corte r\u00e1pido de madera, pl\u00e1sticos y otros materiales para tuber\u00edas de acceso, extracci\u00f3n y desescombro.<\/li>\n<\/ul>\n","protected":false},"excerpt":{"rendered":"<ul>\n<li>Varios tama\u00f1os disponibles<\/li>\n<li>Dura 10 veces m\u00e1s que las cadenas de motosierra normales<\/li>\n<li>Ideal para cortar pl\u00e1sticos, polietileno y madera<\/li>\n<li>Disponibles cadenas de diamante, cadenas de desgarro, cadenas con punta de carburo, cadenas para hormig\u00f3n y cadenas est\u00e1ndar<\/li>\n<\/ul>\n","protected":false},"featured_media":179038,"template":"","meta":[],"product_brand":[],"product_cat":[1043],"product_tag":[1113],"accessory_type":[927],"application":[1042],"hand_tool_type":[],"industry":[933],"material":[],"power_tool_type":[],"power_type":[],"subcategory":[1114],"tool_type":[943],"class_list":{"0":"post-179019","1":"product","2":"type-product","3":"status-publish","4":"has-post-thumbnail","6":"product_cat-sierras","7":"product_tag-accesorios-para-motosierras","8":"accessory_type-accesorio","9":"application-corte-y-conformado","10":"industry-metalurgia-2","11":"subcategory-motosierras","12":"tool_type-accesorio","14":"first","15":"instock","16":"shipping-taxable","17":"purchasable","18":"product-type-variable"},"yoast_head":"<!-- This site is optimized with the Yoast SEO plugin v27.5 - https:\/\/yoast.com\/product\/yoast-seo-wordpress\/ -->\n<title>Cadenas de sierra de metal duro - CS Unitec<\/title>\n<meta name=\"description\" content=\"Cadenas de motosierra industriales de repuesto para motosierras neum\u00e1ticas, hidr\u00e1ulicas y el\u00e9ctricas. Disponibles cadenas de corte de alto rendimiento y cadenas PowerGrit\u00ae.\" \/>\n<meta name=\"robots\" content=\"index, follow, max-snippet:-1, max-image-preview:large, max-video-preview:-1\" \/>\n<link rel=\"canonical\" href=\"https:\/\/csunitec.com\/es\/producto\/cadenas-de-sierra-de-metal-duro\/\" \/>\n<meta property=\"og:locale\" content=\"es_ES\" \/>\n<meta property=\"og:type\" content=\"article\" \/>\n<meta property=\"og:title\" content=\"Cadenas de sierra de metal duro - CS Unitec\" \/>\n<meta property=\"og:description\" content=\"Cadenas de motosierra industriales de repuesto para motosierras neum\u00e1ticas, hidr\u00e1ulicas y el\u00e9ctricas. Disponibles cadenas de corte de alto rendimiento y cadenas PowerGrit\u00ae.\" \/>\n<meta property=\"og:url\" content=\"https:\/\/csunitec.com\/es\/producto\/cadenas-de-sierra-de-metal-duro\/\" \/>\n<meta property=\"og:site_name\" content=\"CS Unitec\" \/>\n<meta property=\"article:modified_time\" content=\"2024-09-06T21:47:00+00:00\" \/>\n<meta property=\"og:image\" content=\"https:\/\/csunitec.com\/wp-content\/uploads\/2024\/09\/19-Carbide-Chain-closeup-copy.jpg\" \/>\n\t<meta property=\"og:image:width\" content=\"1261\" \/>\n\t<meta property=\"og:image:height\" content=\"1261\" \/>\n\t<meta property=\"og:image:type\" content=\"image\/jpeg\" \/>\n<meta name=\"twitter:card\" content=\"summary_large_image\" \/>\n<script type=\"application\/ld+json\" class=\"yoast-schema-graph\">{\"@context\":\"https:\\\/\\\/schema.org\",\"@graph\":[{\"@type\":\"WebPage\",\"@id\":\"https:\\\/\\\/csunitec.com\\\/es\\\/producto\\\/cadenas-de-sierra-de-metal-duro\\\/\",\"url\":\"https:\\\/\\\/csunitec.com\\\/es\\\/producto\\\/cadenas-de-sierra-de-metal-duro\\\/\",\"name\":\"Cadenas de sierra de metal duro - CS Unitec\",\"isPartOf\":{\"@id\":\"https:\\\/\\\/csunitec.com\\\/es\\\/#website\"},\"primaryImageOfPage\":{\"@id\":\"https:\\\/\\\/csunitec.com\\\/es\\\/producto\\\/cadenas-de-sierra-de-metal-duro\\\/#primaryimage\"},\"image\":{\"@id\":\"https:\\\/\\\/csunitec.com\\\/es\\\/producto\\\/cadenas-de-sierra-de-metal-duro\\\/#primaryimage\"},\"thumbnailUrl\":\"https:\\\/\\\/csunitec.com\\\/wp-content\\\/uploads\\\/2024\\\/09\\\/19-Carbide-Chain-closeup-copy.jpg\",\"datePublished\":\"2024-09-06T17:47:00+00:00\",\"dateModified\":\"2024-09-06T21:47:00+00:00\",\"description\":\"Cadenas de motosierra industriales de repuesto para motosierras neum\u00e1ticas, hidr\u00e1ulicas y el\u00e9ctricas. Disponibles cadenas de corte de alto rendimiento y cadenas PowerGrit\u00ae.\",\"breadcrumb\":{\"@id\":\"https:\\\/\\\/csunitec.com\\\/es\\\/producto\\\/cadenas-de-sierra-de-metal-duro\\\/#breadcrumb\"},\"inLanguage\":\"es\",\"potentialAction\":[{\"@type\":\"ReadAction\",\"target\":[\"https:\\\/\\\/csunitec.com\\\/es\\\/producto\\\/cadenas-de-sierra-de-metal-duro\\\/\"]}]},{\"@type\":\"ImageObject\",\"inLanguage\":\"es\",\"@id\":\"https:\\\/\\\/csunitec.com\\\/es\\\/producto\\\/cadenas-de-sierra-de-metal-duro\\\/#primaryimage\",\"url\":\"https:\\\/\\\/csunitec.com\\\/wp-content\\\/uploads\\\/2024\\\/09\\\/19-Carbide-Chain-closeup-copy.jpg\",\"contentUrl\":\"https:\\\/\\\/csunitec.com\\\/wp-content\\\/uploads\\\/2024\\\/09\\\/19-Carbide-Chain-closeup-copy.jpg\",\"width\":1261,\"height\":1261},{\"@type\":\"BreadcrumbList\",\"@id\":\"https:\\\/\\\/csunitec.com\\\/es\\\/producto\\\/cadenas-de-sierra-de-metal-duro\\\/#breadcrumb\",\"itemListElement\":[{\"@type\":\"ListItem\",\"position\":1,\"name\":\"Inicio\",\"item\":\"https:\\\/\\\/csunitec.com\\\/es\\\/\"},{\"@type\":\"ListItem\",\"position\":2,\"name\":\"Tienda\",\"item\":\"https:\\\/\\\/csunitec.com\\\/es\\\/tienda\\\/\"},{\"@type\":\"ListItem\",\"position\":3,\"name\":\"Cadenas de sierra de metal duro\"}]},{\"@type\":\"WebSite\",\"@id\":\"https:\\\/\\\/csunitec.com\\\/es\\\/#website\",\"url\":\"https:\\\/\\\/csunitec.com\\\/es\\\/\",\"name\":\"CS Unitec\",\"description\":\"\",\"potentialAction\":[{\"@type\":\"SearchAction\",\"target\":{\"@type\":\"EntryPoint\",\"urlTemplate\":\"https:\\\/\\\/csunitec.com\\\/es\\\/?s={search_term_string}\"},\"query-input\":{\"@type\":\"PropertyValueSpecification\",\"valueRequired\":true,\"valueName\":\"search_term_string\"}}],\"inLanguage\":\"es\"}]}<\/script>\n<!-- \/ Yoast SEO plugin. -->","yoast_head_json":{"title":"Cadenas de sierra de metal duro - CS Unitec","description":"Cadenas de motosierra industriales de repuesto para motosierras neum\u00e1ticas, hidr\u00e1ulicas y el\u00e9ctricas. Disponibles cadenas de corte de alto rendimiento y cadenas PowerGrit\u00ae.","robots":{"index":"index","follow":"follow","max-snippet":"max-snippet:-1","max-image-preview":"max-image-preview:large","max-video-preview":"max-video-preview:-1"},"canonical":"https:\/\/csunitec.com\/es\/producto\/cadenas-de-sierra-de-metal-duro\/","og_locale":"es_ES","og_type":"article","og_title":"Cadenas de sierra de metal duro - CS Unitec","og_description":"Cadenas de motosierra industriales de repuesto para motosierras neum\u00e1ticas, hidr\u00e1ulicas y el\u00e9ctricas. Disponibles cadenas de corte de alto rendimiento y cadenas PowerGrit\u00ae.","og_url":"https:\/\/csunitec.com\/es\/producto\/cadenas-de-sierra-de-metal-duro\/","og_site_name":"CS Unitec","article_modified_time":"2024-09-06T21:47:00+00:00","og_image":[{"width":1261,"height":1261,"url":"https:\/\/csunitec.com\/wp-content\/uploads\/2024\/09\/19-Carbide-Chain-closeup-copy.jpg","type":"image\/jpeg"}],"twitter_card":"summary_large_image","schema":{"@context":"https:\/\/schema.org","@graph":[{"@type":"WebPage","@id":"https:\/\/csunitec.com\/es\/producto\/cadenas-de-sierra-de-metal-duro\/","url":"https:\/\/csunitec.com\/es\/producto\/cadenas-de-sierra-de-metal-duro\/","name":"Cadenas de sierra de metal duro - CS Unitec","isPartOf":{"@id":"https:\/\/csunitec.com\/es\/#website"},"primaryImageOfPage":{"@id":"https:\/\/csunitec.com\/es\/producto\/cadenas-de-sierra-de-metal-duro\/#primaryimage"},"image":{"@id":"https:\/\/csunitec.com\/es\/producto\/cadenas-de-sierra-de-metal-duro\/#primaryimage"},"thumbnailUrl":"https:\/\/csunitec.com\/wp-content\/uploads\/2024\/09\/19-Carbide-Chain-closeup-copy.jpg","datePublished":"2024-09-06T17:47:00+00:00","dateModified":"2024-09-06T21:47:00+00:00","description":"Cadenas de motosierra industriales de repuesto para motosierras neum\u00e1ticas, hidr\u00e1ulicas y el\u00e9ctricas. Disponibles cadenas de corte de alto rendimiento y cadenas PowerGrit\u00ae.","breadcrumb":{"@id":"https:\/\/csunitec.com\/es\/producto\/cadenas-de-sierra-de-metal-duro\/#breadcrumb"},"inLanguage":"es","potentialAction":[{"@type":"ReadAction","target":["https:\/\/csunitec.com\/es\/producto\/cadenas-de-sierra-de-metal-duro\/"]}]},{"@type":"ImageObject","inLanguage":"es","@id":"https:\/\/csunitec.com\/es\/producto\/cadenas-de-sierra-de-metal-duro\/#primaryimage","url":"https:\/\/csunitec.com\/wp-content\/uploads\/2024\/09\/19-Carbide-Chain-closeup-copy.jpg","contentUrl":"https:\/\/csunitec.com\/wp-content\/uploads\/2024\/09\/19-Carbide-Chain-closeup-copy.jpg","width":1261,"height":1261},{"@type":"BreadcrumbList","@id":"https:\/\/csunitec.com\/es\/producto\/cadenas-de-sierra-de-metal-duro\/#breadcrumb","itemListElement":[{"@type":"ListItem","position":1,"name":"Inicio","item":"https:\/\/csunitec.com\/es\/"},{"@type":"ListItem","position":2,"name":"Tienda","item":"https:\/\/csunitec.com\/es\/tienda\/"},{"@type":"ListItem","position":3,"name":"Cadenas de sierra de metal duro"}]},{"@type":"WebSite","@id":"https:\/\/csunitec.com\/es\/#website","url":"https:\/\/csunitec.com\/es\/","name":"CS Unitec","description":"","potentialAction":[{"@type":"SearchAction","target":{"@type":"EntryPoint","urlTemplate":"https:\/\/csunitec.com\/es\/?s={search_term_string}"},"query-input":{"@type":"PropertyValueSpecification","valueRequired":true,"valueName":"search_term_string"}}],"inLanguage":"es"}]}},"_links":{"self":[{"href":"https:\/\/csunitec.com\/es\/wp-json\/wp\/v2\/product\/179019","targetHints":{"allow":["GET"]}}],"collection":[{"href":"https:\/\/csunitec.com\/es\/wp-json\/wp\/v2\/product"}],"about":[{"href":"https:\/\/csunitec.com\/es\/wp-json\/wp\/v2\/types\/product"}],"wp:featuredmedia":[{"embeddable":true,"href":"https:\/\/csunitec.com\/es\/wp-json\/wp\/v2\/media\/179038"}],"wp:attachment":[{"href":"https:\/\/csunitec.com\/es\/wp-json\/wp\/v2\/media?parent=179019"}],"wp:term":[{"taxonomy":"product_brand","embeddable":true,"href":"https:\/\/csunitec.com\/es\/wp-json\/wp\/v2\/product_brand?post=179019"},{"taxonomy":"product_cat","embeddable":true,"href":"https:\/\/csunitec.com\/es\/wp-json\/wp\/v2\/product_cat?post=179019"},{"taxonomy":"product_tag","embeddable":true,"href":"https:\/\/csunitec.com\/es\/wp-json\/wp\/v2\/product_tag?post=179019"},{"taxonomy":"accessory_type","embeddable":true,"href":"https:\/\/csunitec.com\/es\/wp-json\/wp\/v2\/accessory_type?post=179019"},{"taxonomy":"application","embeddable":true,"href":"https:\/\/csunitec.com\/es\/wp-json\/wp\/v2\/application?post=179019"},{"taxonomy":"hand_tool_type","embeddable":true,"href":"https:\/\/csunitec.com\/es\/wp-json\/wp\/v2\/hand_tool_type?post=179019"},{"taxonomy":"industry","embeddable":true,"href":"https:\/\/csunitec.com\/es\/wp-json\/wp\/v2\/industry?post=179019"},{"taxonomy":"material","embeddable":true,"href":"https:\/\/csunitec.com\/es\/wp-json\/wp\/v2\/material?post=179019"},{"taxonomy":"power_tool_type","embeddable":true,"href":"https:\/\/csunitec.com\/es\/wp-json\/wp\/v2\/power_tool_type?post=179019"},{"taxonomy":"power_type","embeddable":true,"href":"https:\/\/csunitec.com\/es\/wp-json\/wp\/v2\/power_type?post=179019"},{"taxonomy":"subcategory","embeddable":true,"href":"https:\/\/csunitec.com\/es\/wp-json\/wp\/v2\/subcategory?post=179019"},{"taxonomy":"tool_type","embeddable":true,"href":"https:\/\/csunitec.com\/es\/wp-json\/wp\/v2\/tool_type?post=179019"}],"curies":[{"name":"wp","href":"https:\/\/api.w.org\/{rel}","templated":true}]}}