{"id":179098,"date":"2024-09-06T18:54:00","date_gmt":"2024-09-06T18:54:00","guid":{"rendered":"https:\/\/stgcsunitec.wpenginepowered.com\/product\/mordazas-para-motosierra\/"},"modified":"2024-09-06T18:54:00","modified_gmt":"2024-09-06T22:54:00","slug":"mordazas-para-motosierra","status":"publish","type":"product","link":"https:\/\/csunitec.com\/es\/producto\/mordazas-para-motosierra\/","title":{"rendered":"Mordazas para motosierra"},"content":{"rendered":"<ul>\n<li>Abrazaderas de sierra de cadena para fijar sierras para cortar acero, fundici\u00f3n d\u00factil, PVC y tuber\u00edas de HDPE.<\/li>\n<li>Admite cortes precisos en condiciones de suelo confinado o inestable.<\/li>\n<li>Sujetar firmemente las sierras para cortar tubos estructurales, perfiles y armazones met\u00e1licos.<\/li>\n<li>Asegurar las piezas de trabajo para el corte repetitivo o a nivel de producci\u00f3n de tubos, perfiles y tuber\u00edas.<\/li>\n<li>Garantiza cortes consistentes y repetibles para una fabricaci\u00f3n precisa.<\/li>\n<\/ul>\n","protected":false},"excerpt":{"rendered":"<ul>\n<li>Variedad de abrazaderas de tubo para diferentes motosierras disponibles<\/li>\n<li>Estabiliza la sierra para un corte m\u00e1s seguro y controlado<\/li>\n<li>Garantiza cortes rectos y precisos a 90\u00b0 en tubos y perfiles<\/li>\n<li>Compatible con motosierras neum\u00e1ticas e hidr\u00e1ulicas<\/li>\n<\/ul>\n","protected":false},"featured_media":176892,"template":"","meta":[],"product_brand":[],"product_cat":[1043],"product_tag":[1113],"accessory_type":[927],"application":[1042],"hand_tool_type":[],"industry":[933],"material":[],"power_tool_type":[],"power_type":[],"subcategory":[1114],"tool_type":[943],"class_list":{"0":"post-179098","1":"product","2":"type-product","3":"status-publish","4":"has-post-thumbnail","6":"product_cat-sierras","7":"product_tag-accesorios-para-motosierras","8":"accessory_type-accesorio","9":"application-corte-y-conformado","10":"industry-metalurgia-2","11":"subcategory-motosierras","12":"tool_type-accesorio","14":"first","15":"instock","16":"shipping-taxable","17":"purchasable","18":"product-type-variable"},"yoast_head":"<!-- This site is optimized with the Yoast SEO plugin v27.5 - https:\/\/yoast.com\/product\/yoast-seo-wordpress\/ -->\n<title>Mordazas para motosierra - CS Unitec<\/title>\n<meta name=\"description\" content=\"Mordazas para sierras de cadena dise\u00f1adas para estabilizar de forma segura las sierras de cadena neum\u00e1ticas e hidr\u00e1ulicas para realizar cortes, mantenimiento y afilado de forma segura y precisa.\" \/>\n<meta name=\"robots\" content=\"index, follow, max-snippet:-1, max-image-preview:large, max-video-preview:-1\" \/>\n<link rel=\"canonical\" href=\"https:\/\/csunitec.com\/es\/producto\/mordazas-para-motosierra\/\" \/>\n<meta property=\"og:locale\" content=\"es_ES\" \/>\n<meta property=\"og:type\" content=\"article\" \/>\n<meta property=\"og:title\" content=\"Mordazas para motosierra - CS Unitec\" \/>\n<meta property=\"og:description\" content=\"Mordazas para sierras de cadena dise\u00f1adas para estabilizar de forma segura las sierras de cadena neum\u00e1ticas e hidr\u00e1ulicas para realizar cortes, mantenimiento y afilado de forma segura y precisa.\" \/>\n<meta property=\"og:url\" content=\"https:\/\/csunitec.com\/es\/producto\/mordazas-para-motosierra\/\" \/>\n<meta property=\"og:site_name\" content=\"CS Unitec\" \/>\n<meta property=\"article:modified_time\" content=\"2024-09-06T22:54:00+00:00\" \/>\n<meta property=\"og:image\" content=\"https:\/\/csunitec.com\/wp-content\/uploads\/2024\/09\/5_1027_9100_clamp_up.jpg\" \/>\n\t<meta property=\"og:image:width\" content=\"466\" \/>\n\t<meta property=\"og:image:height\" content=\"466\" \/>\n\t<meta property=\"og:image:type\" content=\"image\/jpeg\" \/>\n<meta name=\"twitter:card\" content=\"summary_large_image\" \/>\n<script type=\"application\/ld+json\" class=\"yoast-schema-graph\">{\"@context\":\"https:\\\/\\\/schema.org\",\"@graph\":[{\"@type\":\"WebPage\",\"@id\":\"https:\\\/\\\/csunitec.com\\\/es\\\/producto\\\/mordazas-para-motosierra\\\/\",\"url\":\"https:\\\/\\\/csunitec.com\\\/es\\\/producto\\\/mordazas-para-motosierra\\\/\",\"name\":\"Mordazas para motosierra - CS Unitec\",\"isPartOf\":{\"@id\":\"https:\\\/\\\/csunitec.com\\\/es\\\/#website\"},\"primaryImageOfPage\":{\"@id\":\"https:\\\/\\\/csunitec.com\\\/es\\\/producto\\\/mordazas-para-motosierra\\\/#primaryimage\"},\"image\":{\"@id\":\"https:\\\/\\\/csunitec.com\\\/es\\\/producto\\\/mordazas-para-motosierra\\\/#primaryimage\"},\"thumbnailUrl\":\"https:\\\/\\\/csunitec.com\\\/wp-content\\\/uploads\\\/2024\\\/09\\\/5_1027_9100_clamp_up.jpg\",\"datePublished\":\"2024-09-06T18:54:00+00:00\",\"dateModified\":\"2024-09-06T22:54:00+00:00\",\"description\":\"Mordazas para sierras de cadena dise\u00f1adas para estabilizar de forma segura las sierras de cadena neum\u00e1ticas e hidr\u00e1ulicas para realizar cortes, mantenimiento y afilado de forma segura y precisa.\",\"breadcrumb\":{\"@id\":\"https:\\\/\\\/csunitec.com\\\/es\\\/producto\\\/mordazas-para-motosierra\\\/#breadcrumb\"},\"inLanguage\":\"es\",\"potentialAction\":[{\"@type\":\"ReadAction\",\"target\":[\"https:\\\/\\\/csunitec.com\\\/es\\\/producto\\\/mordazas-para-motosierra\\\/\"]}]},{\"@type\":\"ImageObject\",\"inLanguage\":\"es\",\"@id\":\"https:\\\/\\\/csunitec.com\\\/es\\\/producto\\\/mordazas-para-motosierra\\\/#primaryimage\",\"url\":\"https:\\\/\\\/csunitec.com\\\/wp-content\\\/uploads\\\/2024\\\/09\\\/5_1027_9100_clamp_up.jpg\",\"contentUrl\":\"https:\\\/\\\/csunitec.com\\\/wp-content\\\/uploads\\\/2024\\\/09\\\/5_1027_9100_clamp_up.jpg\",\"width\":466,\"height\":466},{\"@type\":\"BreadcrumbList\",\"@id\":\"https:\\\/\\\/csunitec.com\\\/es\\\/producto\\\/mordazas-para-motosierra\\\/#breadcrumb\",\"itemListElement\":[{\"@type\":\"ListItem\",\"position\":1,\"name\":\"Inicio\",\"item\":\"https:\\\/\\\/csunitec.com\\\/es\\\/\"},{\"@type\":\"ListItem\",\"position\":2,\"name\":\"Tienda\",\"item\":\"https:\\\/\\\/csunitec.com\\\/es\\\/tienda\\\/\"},{\"@type\":\"ListItem\",\"position\":3,\"name\":\"Mordazas para motosierra\"}]},{\"@type\":\"WebSite\",\"@id\":\"https:\\\/\\\/csunitec.com\\\/es\\\/#website\",\"url\":\"https:\\\/\\\/csunitec.com\\\/es\\\/\",\"name\":\"CS Unitec\",\"description\":\"\",\"potentialAction\":[{\"@type\":\"SearchAction\",\"target\":{\"@type\":\"EntryPoint\",\"urlTemplate\":\"https:\\\/\\\/csunitec.com\\\/es\\\/?s={search_term_string}\"},\"query-input\":{\"@type\":\"PropertyValueSpecification\",\"valueRequired\":true,\"valueName\":\"search_term_string\"}}],\"inLanguage\":\"es\"}]}<\/script>\n<!-- \/ Yoast SEO plugin. -->","yoast_head_json":{"title":"Mordazas para motosierra - CS Unitec","description":"Mordazas para sierras de cadena dise\u00f1adas para estabilizar de forma segura las sierras de cadena neum\u00e1ticas e hidr\u00e1ulicas para realizar cortes, mantenimiento y afilado de forma segura y precisa.","robots":{"index":"index","follow":"follow","max-snippet":"max-snippet:-1","max-image-preview":"max-image-preview:large","max-video-preview":"max-video-preview:-1"},"canonical":"https:\/\/csunitec.com\/es\/producto\/mordazas-para-motosierra\/","og_locale":"es_ES","og_type":"article","og_title":"Mordazas para motosierra - CS Unitec","og_description":"Mordazas para sierras de cadena dise\u00f1adas para estabilizar de forma segura las sierras de cadena neum\u00e1ticas e hidr\u00e1ulicas para realizar cortes, mantenimiento y afilado de forma segura y precisa.","og_url":"https:\/\/csunitec.com\/es\/producto\/mordazas-para-motosierra\/","og_site_name":"CS Unitec","article_modified_time":"2024-09-06T22:54:00+00:00","og_image":[{"width":466,"height":466,"url":"https:\/\/csunitec.com\/wp-content\/uploads\/2024\/09\/5_1027_9100_clamp_up.jpg","type":"image\/jpeg"}],"twitter_card":"summary_large_image","schema":{"@context":"https:\/\/schema.org","@graph":[{"@type":"WebPage","@id":"https:\/\/csunitec.com\/es\/producto\/mordazas-para-motosierra\/","url":"https:\/\/csunitec.com\/es\/producto\/mordazas-para-motosierra\/","name":"Mordazas para motosierra - CS Unitec","isPartOf":{"@id":"https:\/\/csunitec.com\/es\/#website"},"primaryImageOfPage":{"@id":"https:\/\/csunitec.com\/es\/producto\/mordazas-para-motosierra\/#primaryimage"},"image":{"@id":"https:\/\/csunitec.com\/es\/producto\/mordazas-para-motosierra\/#primaryimage"},"thumbnailUrl":"https:\/\/csunitec.com\/wp-content\/uploads\/2024\/09\/5_1027_9100_clamp_up.jpg","datePublished":"2024-09-06T18:54:00+00:00","dateModified":"2024-09-06T22:54:00+00:00","description":"Mordazas para sierras de cadena dise\u00f1adas para estabilizar de forma segura las sierras de cadena neum\u00e1ticas e hidr\u00e1ulicas para realizar cortes, mantenimiento y afilado de forma segura y precisa.","breadcrumb":{"@id":"https:\/\/csunitec.com\/es\/producto\/mordazas-para-motosierra\/#breadcrumb"},"inLanguage":"es","potentialAction":[{"@type":"ReadAction","target":["https:\/\/csunitec.com\/es\/producto\/mordazas-para-motosierra\/"]}]},{"@type":"ImageObject","inLanguage":"es","@id":"https:\/\/csunitec.com\/es\/producto\/mordazas-para-motosierra\/#primaryimage","url":"https:\/\/csunitec.com\/wp-content\/uploads\/2024\/09\/5_1027_9100_clamp_up.jpg","contentUrl":"https:\/\/csunitec.com\/wp-content\/uploads\/2024\/09\/5_1027_9100_clamp_up.jpg","width":466,"height":466},{"@type":"BreadcrumbList","@id":"https:\/\/csunitec.com\/es\/producto\/mordazas-para-motosierra\/#breadcrumb","itemListElement":[{"@type":"ListItem","position":1,"name":"Inicio","item":"https:\/\/csunitec.com\/es\/"},{"@type":"ListItem","position":2,"name":"Tienda","item":"https:\/\/csunitec.com\/es\/tienda\/"},{"@type":"ListItem","position":3,"name":"Mordazas para motosierra"}]},{"@type":"WebSite","@id":"https:\/\/csunitec.com\/es\/#website","url":"https:\/\/csunitec.com\/es\/","name":"CS Unitec","description":"","potentialAction":[{"@type":"SearchAction","target":{"@type":"EntryPoint","urlTemplate":"https:\/\/csunitec.com\/es\/?s={search_term_string}"},"query-input":{"@type":"PropertyValueSpecification","valueRequired":true,"valueName":"search_term_string"}}],"inLanguage":"es"}]}},"_links":{"self":[{"href":"https:\/\/csunitec.com\/es\/wp-json\/wp\/v2\/product\/179098","targetHints":{"allow":["GET"]}}],"collection":[{"href":"https:\/\/csunitec.com\/es\/wp-json\/wp\/v2\/product"}],"about":[{"href":"https:\/\/csunitec.com\/es\/wp-json\/wp\/v2\/types\/product"}],"wp:featuredmedia":[{"embeddable":true,"href":"https:\/\/csunitec.com\/es\/wp-json\/wp\/v2\/media\/176892"}],"wp:attachment":[{"href":"https:\/\/csunitec.com\/es\/wp-json\/wp\/v2\/media?parent=179098"}],"wp:term":[{"taxonomy":"product_brand","embeddable":true,"href":"https:\/\/csunitec.com\/es\/wp-json\/wp\/v2\/product_brand?post=179098"},{"taxonomy":"product_cat","embeddable":true,"href":"https:\/\/csunitec.com\/es\/wp-json\/wp\/v2\/product_cat?post=179098"},{"taxonomy":"product_tag","embeddable":true,"href":"https:\/\/csunitec.com\/es\/wp-json\/wp\/v2\/product_tag?post=179098"},{"taxonomy":"accessory_type","embeddable":true,"href":"https:\/\/csunitec.com\/es\/wp-json\/wp\/v2\/accessory_type?post=179098"},{"taxonomy":"application","embeddable":true,"href":"https:\/\/csunitec.com\/es\/wp-json\/wp\/v2\/application?post=179098"},{"taxonomy":"hand_tool_type","embeddable":true,"href":"https:\/\/csunitec.com\/es\/wp-json\/wp\/v2\/hand_tool_type?post=179098"},{"taxonomy":"industry","embeddable":true,"href":"https:\/\/csunitec.com\/es\/wp-json\/wp\/v2\/industry?post=179098"},{"taxonomy":"material","embeddable":true,"href":"https:\/\/csunitec.com\/es\/wp-json\/wp\/v2\/material?post=179098"},{"taxonomy":"power_tool_type","embeddable":true,"href":"https:\/\/csunitec.com\/es\/wp-json\/wp\/v2\/power_tool_type?post=179098"},{"taxonomy":"power_type","embeddable":true,"href":"https:\/\/csunitec.com\/es\/wp-json\/wp\/v2\/power_type?post=179098"},{"taxonomy":"subcategory","embeddable":true,"href":"https:\/\/csunitec.com\/es\/wp-json\/wp\/v2\/subcategory?post=179098"},{"taxonomy":"tool_type","embeddable":true,"href":"https:\/\/csunitec.com\/es\/wp-json\/wp\/v2\/tool_type?post=179098"}],"curies":[{"name":"wp","href":"https:\/\/api.w.org\/{rel}","templated":true}]}}