{"id":179109,"date":"2024-09-11T15:49:00","date_gmt":"2024-09-11T15:49:00","guid":{"rendered":"https:\/\/stgcsunitec.wpenginepowered.com\/product\/sierra-hidraulica-para-postes\/"},"modified":"2024-09-11T15:49:00","modified_gmt":"2024-09-11T19:49:00","slug":"sierra-hidraulica-para-postes","status":"publish","type":"product","link":"https:\/\/csunitec.com\/es\/producto\/sierra-hidraulica-para-postes\/","title":{"rendered":"Sierra hidr\u00e1ulica para postes"},"content":{"rendered":"<ul>\n<li>Sierra de p\u00e9rtiga hidr\u00e1ulica para podar y eliminar ramas alrededor de l\u00edneas el\u00e9ctricas, l\u00edneas de comunicaci\u00f3n e infraestructuras de servicios p\u00fablicos.<\/li>\n<li>Mantenimiento de \u00e1rboles en parques, calzadas, aceras y espacios p\u00fablicos.<\/li>\n<li>Seguro para su uso en zonas con riesgo de ignici\u00f3n o h\u00famedas.<\/li>\n<li>Poda, aclareo y eliminaci\u00f3n de ramas a\u00e9reas en bosques, huertos y paisajes gestionados.<\/li>\n<li>Eficaz tanto para el mantenimiento rutinario como para la mitigaci\u00f3n de \u00e1rboles peligrosos.<\/li>\n<li>Retirar ramas da\u00f1adas o ca\u00eddas tras tormentas, vientos fuertes o cat\u00e1strofes naturales.<\/li>\n<li>El alcance ampliado mejora la seguridad cuando se trabaja alrededor de \u00e1rboles inestables.<\/li>\n<\/ul>\n","protected":false},"excerpt":{"rendered":"<ul class=\"alexcss\">\n<li>Longitudes de barra: 12&#8243;, 14&#8243;, 16&#8243;<\/li>\n<li>Potencia del motor: Hasta 6 CV<\/li>\n<\/ul>\n","protected":false},"featured_media":157423,"template":"","meta":[],"product_brand":[],"product_cat":[1043],"product_tag":[1216,1218],"accessory_type":[],"application":[1042],"hand_tool_type":[],"industry":[933],"material":[],"power_tool_type":[1215],"power_type":[976],"subcategory":[1114],"tool_type":[946],"class_list":{"0":"post-179109","1":"product","2":"type-product","3":"status-publish","4":"has-post-thumbnail","6":"product_cat-sierras","7":"product_tag-motosierras","8":"product_tag-motosierras-hidraulicas","9":"application-corte-y-conformado","10":"industry-metalurgia-2","11":"power_tool_type-sierra-de-cadena","12":"power_type-hidraulico","13":"subcategory-motosierras","14":"tool_type-herramienta-electrica","16":"first","17":"instock","18":"shipping-taxable","19":"purchasable","20":"product-type-variable"},"yoast_head":"<!-- This site is optimized with the Yoast SEO plugin v27.5 - https:\/\/yoast.com\/product\/yoast-seo-wordpress\/ -->\n<title>Sierra hidr\u00e1ulica para postes - CS Unitec<\/title>\n<meta name=\"description\" content=\"Sierra de p\u00e9rtiga hidr\u00e1ulica con dise\u00f1o de p\u00e9rtiga duradera y no conductora. Ideal para cortar madera y ramas en zonas de dif\u00edcil acceso, fiable para servicios p\u00fablicos y mucho m\u00e1s.\" \/>\n<meta name=\"robots\" content=\"index, follow, max-snippet:-1, max-image-preview:large, max-video-preview:-1\" \/>\n<link rel=\"canonical\" href=\"https:\/\/csunitec.com\/es\/producto\/sierra-hidraulica-para-postes\/\" \/>\n<meta property=\"og:locale\" content=\"es_ES\" \/>\n<meta property=\"og:type\" content=\"article\" \/>\n<meta property=\"og:title\" content=\"Sierra hidr\u00e1ulica para postes - CS Unitec\" \/>\n<meta property=\"og:description\" content=\"Sierra de p\u00e9rtiga hidr\u00e1ulica con dise\u00f1o de p\u00e9rtiga duradera y no conductora. Ideal para cortar madera y ramas en zonas de dif\u00edcil acceso, fiable para servicios p\u00fablicos y mucho m\u00e1s.\" \/>\n<meta property=\"og:url\" content=\"https:\/\/csunitec.com\/es\/producto\/sierra-hidraulica-para-postes\/\" \/>\n<meta property=\"og:site_name\" content=\"CS Unitec\" \/>\n<meta property=\"article:modified_time\" content=\"2024-09-11T19:49:00+00:00\" \/>\n<meta property=\"og:image\" content=\"https:\/\/csunitec.com\/wp-content\/uploads\/2025\/04\/Hydraulic-Pole-Saw-3-1.png\" \/>\n\t<meta property=\"og:image:width\" content=\"1000\" \/>\n\t<meta property=\"og:image:height\" content=\"1000\" \/>\n\t<meta property=\"og:image:type\" content=\"image\/png\" \/>\n<meta name=\"twitter:card\" content=\"summary_large_image\" \/>\n<meta name=\"twitter:label1\" content=\"Tiempo de lectura\" \/>\n\t<meta name=\"twitter:data1\" content=\"1 minuto\" \/>\n<script type=\"application\/ld+json\" class=\"yoast-schema-graph\">{\"@context\":\"https:\\\/\\\/schema.org\",\"@graph\":[{\"@type\":\"WebPage\",\"@id\":\"https:\\\/\\\/csunitec.com\\\/es\\\/producto\\\/sierra-hidraulica-para-postes\\\/\",\"url\":\"https:\\\/\\\/csunitec.com\\\/es\\\/producto\\\/sierra-hidraulica-para-postes\\\/\",\"name\":\"Sierra hidr\u00e1ulica para postes - CS Unitec\",\"isPartOf\":{\"@id\":\"https:\\\/\\\/csunitec.com\\\/es\\\/#website\"},\"primaryImageOfPage\":{\"@id\":\"https:\\\/\\\/csunitec.com\\\/es\\\/producto\\\/sierra-hidraulica-para-postes\\\/#primaryimage\"},\"image\":{\"@id\":\"https:\\\/\\\/csunitec.com\\\/es\\\/producto\\\/sierra-hidraulica-para-postes\\\/#primaryimage\"},\"thumbnailUrl\":\"https:\\\/\\\/csunitec.com\\\/wp-content\\\/uploads\\\/2025\\\/04\\\/Hydraulic-Pole-Saw-3-1.png\",\"datePublished\":\"2024-09-11T15:49:00+00:00\",\"dateModified\":\"2024-09-11T19:49:00+00:00\",\"description\":\"Sierra de p\u00e9rtiga hidr\u00e1ulica con dise\u00f1o de p\u00e9rtiga duradera y no conductora. Ideal para cortar madera y ramas en zonas de dif\u00edcil acceso, fiable para servicios p\u00fablicos y mucho m\u00e1s.\",\"breadcrumb\":{\"@id\":\"https:\\\/\\\/csunitec.com\\\/es\\\/producto\\\/sierra-hidraulica-para-postes\\\/#breadcrumb\"},\"inLanguage\":\"es\",\"potentialAction\":[{\"@type\":\"ReadAction\",\"target\":[\"https:\\\/\\\/csunitec.com\\\/es\\\/producto\\\/sierra-hidraulica-para-postes\\\/\"]}]},{\"@type\":\"ImageObject\",\"inLanguage\":\"es\",\"@id\":\"https:\\\/\\\/csunitec.com\\\/es\\\/producto\\\/sierra-hidraulica-para-postes\\\/#primaryimage\",\"url\":\"https:\\\/\\\/csunitec.com\\\/wp-content\\\/uploads\\\/2025\\\/04\\\/Hydraulic-Pole-Saw-3-1.png\",\"contentUrl\":\"https:\\\/\\\/csunitec.com\\\/wp-content\\\/uploads\\\/2025\\\/04\\\/Hydraulic-Pole-Saw-3-1.png\",\"width\":1000,\"height\":1000},{\"@type\":\"BreadcrumbList\",\"@id\":\"https:\\\/\\\/csunitec.com\\\/es\\\/producto\\\/sierra-hidraulica-para-postes\\\/#breadcrumb\",\"itemListElement\":[{\"@type\":\"ListItem\",\"position\":1,\"name\":\"Inicio\",\"item\":\"https:\\\/\\\/csunitec.com\\\/es\\\/\"},{\"@type\":\"ListItem\",\"position\":2,\"name\":\"Tienda\",\"item\":\"https:\\\/\\\/csunitec.com\\\/es\\\/tienda\\\/\"},{\"@type\":\"ListItem\",\"position\":3,\"name\":\"Sierra hidr\u00e1ulica para postes\"}]},{\"@type\":\"WebSite\",\"@id\":\"https:\\\/\\\/csunitec.com\\\/es\\\/#website\",\"url\":\"https:\\\/\\\/csunitec.com\\\/es\\\/\",\"name\":\"CS Unitec\",\"description\":\"\",\"potentialAction\":[{\"@type\":\"SearchAction\",\"target\":{\"@type\":\"EntryPoint\",\"urlTemplate\":\"https:\\\/\\\/csunitec.com\\\/es\\\/?s={search_term_string}\"},\"query-input\":{\"@type\":\"PropertyValueSpecification\",\"valueRequired\":true,\"valueName\":\"search_term_string\"}}],\"inLanguage\":\"es\"}]}<\/script>\n<!-- \/ Yoast SEO plugin. -->","yoast_head_json":{"title":"Sierra hidr\u00e1ulica para postes - CS Unitec","description":"Sierra de p\u00e9rtiga hidr\u00e1ulica con dise\u00f1o de p\u00e9rtiga duradera y no conductora. Ideal para cortar madera y ramas en zonas de dif\u00edcil acceso, fiable para servicios p\u00fablicos y mucho m\u00e1s.","robots":{"index":"index","follow":"follow","max-snippet":"max-snippet:-1","max-image-preview":"max-image-preview:large","max-video-preview":"max-video-preview:-1"},"canonical":"https:\/\/csunitec.com\/es\/producto\/sierra-hidraulica-para-postes\/","og_locale":"es_ES","og_type":"article","og_title":"Sierra hidr\u00e1ulica para postes - CS Unitec","og_description":"Sierra de p\u00e9rtiga hidr\u00e1ulica con dise\u00f1o de p\u00e9rtiga duradera y no conductora. Ideal para cortar madera y ramas en zonas de dif\u00edcil acceso, fiable para servicios p\u00fablicos y mucho m\u00e1s.","og_url":"https:\/\/csunitec.com\/es\/producto\/sierra-hidraulica-para-postes\/","og_site_name":"CS Unitec","article_modified_time":"2024-09-11T19:49:00+00:00","og_image":[{"width":1000,"height":1000,"url":"https:\/\/csunitec.com\/wp-content\/uploads\/2025\/04\/Hydraulic-Pole-Saw-3-1.png","type":"image\/png"}],"twitter_card":"summary_large_image","twitter_misc":{"Tiempo de lectura":"1 minuto"},"schema":{"@context":"https:\/\/schema.org","@graph":[{"@type":"WebPage","@id":"https:\/\/csunitec.com\/es\/producto\/sierra-hidraulica-para-postes\/","url":"https:\/\/csunitec.com\/es\/producto\/sierra-hidraulica-para-postes\/","name":"Sierra hidr\u00e1ulica para postes - CS Unitec","isPartOf":{"@id":"https:\/\/csunitec.com\/es\/#website"},"primaryImageOfPage":{"@id":"https:\/\/csunitec.com\/es\/producto\/sierra-hidraulica-para-postes\/#primaryimage"},"image":{"@id":"https:\/\/csunitec.com\/es\/producto\/sierra-hidraulica-para-postes\/#primaryimage"},"thumbnailUrl":"https:\/\/csunitec.com\/wp-content\/uploads\/2025\/04\/Hydraulic-Pole-Saw-3-1.png","datePublished":"2024-09-11T15:49:00+00:00","dateModified":"2024-09-11T19:49:00+00:00","description":"Sierra de p\u00e9rtiga hidr\u00e1ulica con dise\u00f1o de p\u00e9rtiga duradera y no conductora. Ideal para cortar madera y ramas en zonas de dif\u00edcil acceso, fiable para servicios p\u00fablicos y mucho m\u00e1s.","breadcrumb":{"@id":"https:\/\/csunitec.com\/es\/producto\/sierra-hidraulica-para-postes\/#breadcrumb"},"inLanguage":"es","potentialAction":[{"@type":"ReadAction","target":["https:\/\/csunitec.com\/es\/producto\/sierra-hidraulica-para-postes\/"]}]},{"@type":"ImageObject","inLanguage":"es","@id":"https:\/\/csunitec.com\/es\/producto\/sierra-hidraulica-para-postes\/#primaryimage","url":"https:\/\/csunitec.com\/wp-content\/uploads\/2025\/04\/Hydraulic-Pole-Saw-3-1.png","contentUrl":"https:\/\/csunitec.com\/wp-content\/uploads\/2025\/04\/Hydraulic-Pole-Saw-3-1.png","width":1000,"height":1000},{"@type":"BreadcrumbList","@id":"https:\/\/csunitec.com\/es\/producto\/sierra-hidraulica-para-postes\/#breadcrumb","itemListElement":[{"@type":"ListItem","position":1,"name":"Inicio","item":"https:\/\/csunitec.com\/es\/"},{"@type":"ListItem","position":2,"name":"Tienda","item":"https:\/\/csunitec.com\/es\/tienda\/"},{"@type":"ListItem","position":3,"name":"Sierra hidr\u00e1ulica para postes"}]},{"@type":"WebSite","@id":"https:\/\/csunitec.com\/es\/#website","url":"https:\/\/csunitec.com\/es\/","name":"CS Unitec","description":"","potentialAction":[{"@type":"SearchAction","target":{"@type":"EntryPoint","urlTemplate":"https:\/\/csunitec.com\/es\/?s={search_term_string}"},"query-input":{"@type":"PropertyValueSpecification","valueRequired":true,"valueName":"search_term_string"}}],"inLanguage":"es"}]}},"_links":{"self":[{"href":"https:\/\/csunitec.com\/es\/wp-json\/wp\/v2\/product\/179109","targetHints":{"allow":["GET"]}}],"collection":[{"href":"https:\/\/csunitec.com\/es\/wp-json\/wp\/v2\/product"}],"about":[{"href":"https:\/\/csunitec.com\/es\/wp-json\/wp\/v2\/types\/product"}],"wp:featuredmedia":[{"embeddable":true,"href":"https:\/\/csunitec.com\/es\/wp-json\/wp\/v2\/media\/157423"}],"wp:attachment":[{"href":"https:\/\/csunitec.com\/es\/wp-json\/wp\/v2\/media?parent=179109"}],"wp:term":[{"taxonomy":"product_brand","embeddable":true,"href":"https:\/\/csunitec.com\/es\/wp-json\/wp\/v2\/product_brand?post=179109"},{"taxonomy":"product_cat","embeddable":true,"href":"https:\/\/csunitec.com\/es\/wp-json\/wp\/v2\/product_cat?post=179109"},{"taxonomy":"product_tag","embeddable":true,"href":"https:\/\/csunitec.com\/es\/wp-json\/wp\/v2\/product_tag?post=179109"},{"taxonomy":"accessory_type","embeddable":true,"href":"https:\/\/csunitec.com\/es\/wp-json\/wp\/v2\/accessory_type?post=179109"},{"taxonomy":"application","embeddable":true,"href":"https:\/\/csunitec.com\/es\/wp-json\/wp\/v2\/application?post=179109"},{"taxonomy":"hand_tool_type","embeddable":true,"href":"https:\/\/csunitec.com\/es\/wp-json\/wp\/v2\/hand_tool_type?post=179109"},{"taxonomy":"industry","embeddable":true,"href":"https:\/\/csunitec.com\/es\/wp-json\/wp\/v2\/industry?post=179109"},{"taxonomy":"material","embeddable":true,"href":"https:\/\/csunitec.com\/es\/wp-json\/wp\/v2\/material?post=179109"},{"taxonomy":"power_tool_type","embeddable":true,"href":"https:\/\/csunitec.com\/es\/wp-json\/wp\/v2\/power_tool_type?post=179109"},{"taxonomy":"power_type","embeddable":true,"href":"https:\/\/csunitec.com\/es\/wp-json\/wp\/v2\/power_type?post=179109"},{"taxonomy":"subcategory","embeddable":true,"href":"https:\/\/csunitec.com\/es\/wp-json\/wp\/v2\/subcategory?post=179109"},{"taxonomy":"tool_type","embeddable":true,"href":"https:\/\/csunitec.com\/es\/wp-json\/wp\/v2\/tool_type?post=179109"}],"curies":[{"name":"wp","href":"https:\/\/api.w.org\/{rel}","templated":true}]}}