{"id":179117,"date":"2024-09-13T15:27:00","date_gmt":"2024-09-13T15:27:00","guid":{"rendered":"https:\/\/stgcsunitec.wpenginepowered.com\/product\/cortaparedes-ranurador-de-paredes\/"},"modified":"2024-09-13T15:27:00","modified_gmt":"2024-09-13T19:27:00","slug":"cortaparedes-ranurador-de-paredes","status":"publish","type":"product","link":"https:\/\/csunitec.com\/es\/producto\/cortaparedes-ranurador-de-paredes\/","title":{"rendered":"Cortaparedes \/ Ranurador de Paredes"},"content":{"rendered":"<ul>\n<li>El Cortaparedes corta ranuras paralelas de hasta 2-2\/5&#8243; de ancho por 2-2\/5&#8243; (60 mm) de profundidad.<\/li>\n<li>Ideal para fresar canales para el tendido de cables, conductos o tuber\u00edas.<\/li>\n<li>Funciona tan cerca como a 5\/8&#8243; de un borde o una esquina.<\/li>\n<li>Cortar canales para conductos el\u00e9ctricos, cableado y conexiones de cajas de empalmes.<\/li>\n<li>Ideal para nuevas construcciones, adaptaciones e instalaciones comerciales.<\/li>\n<li>Crear ranuras para conductos de agua, tuber\u00edas de calefacci\u00f3n y tuber\u00edas de refrigerante.<\/li>\n<li>\u00datil para empotrar l\u00edneas en muros de hormig\u00f3n o mamposter\u00eda.<\/li>\n<li>Cortar l\u00edneas de persecuci\u00f3n en ladrillo, bloque y hormig\u00f3n para modificaciones estructurales o de servicios p\u00fablicos.<\/li>\n<li>Reduce la demolici\u00f3n y acelera la preparaci\u00f3n de la pared.<\/li>\n<\/ul>\n","protected":false},"excerpt":{"rendered":"<ul class=\"alexcss\">\n<li>M\u00e1x. Anchura de ranura y profundidad de fresado: 2-2\/5&#8243;. <\/li>\n<li>Ideal para ranurar hormig\u00f3n y mamposter\u00eda<\/li>\n<li>Velocidad de carga: 2200 RPM<\/li>\n<li>Potencia del motor: 20 Amperios<\/li>\n<li>Ideal para mamposter\u00eda y hormig\u00f3n<\/li>\n<\/ul>\n","protected":false},"featured_media":179131,"template":"","meta":[],"product_brand":[],"product_cat":[1043],"product_tag":[1252],"accessory_type":[],"application":[1042],"hand_tool_type":[],"industry":[931],"material":[],"power_tool_type":[1131],"power_type":[936],"subcategory":[1091],"tool_type":[946],"class_list":{"0":"post-179117","1":"product","2":"type-product","3":"status-publish","4":"has-post-thumbnail","6":"product_cat-sierras","7":"product_tag-perseguidor-de-paredes","8":"application-corte-y-conformado","9":"industry-hormigon-y-mamposteria","10":"power_tool_type-sierra-para-hormigon","11":"power_type-electrico","12":"subcategory-sierras-circulares","13":"tool_type-herramienta-electrica","15":"first","16":"instock","17":"shipping-taxable","18":"purchasable","19":"product-type-variable"},"yoast_head":"<!-- This site is optimized with the Yoast SEO plugin v27.5 - https:\/\/yoast.com\/product\/yoast-seo-wordpress\/ -->\n<title>Cortaparedes \/ Ranurador de Paredes - CS Unitec<\/title>\n<meta name=\"description\" content=\"Cortadora de muros dise\u00f1ada para el corte r\u00e1pido y preciso de canales en hormig\u00f3n, mamposter\u00eda, ladrillo y piedra. Profundidad de corte ajustable y capacidad de control del polvo\" \/>\n<meta name=\"robots\" content=\"index, follow, max-snippet:-1, max-image-preview:large, max-video-preview:-1\" \/>\n<link rel=\"canonical\" href=\"https:\/\/csunitec.com\/es\/producto\/cortaparedes-ranurador-de-paredes\/\" \/>\n<meta property=\"og:locale\" content=\"es_ES\" \/>\n<meta property=\"og:type\" content=\"article\" \/>\n<meta property=\"og:title\" content=\"Cortaparedes \/ Ranurador de Paredes - CS Unitec\" \/>\n<meta property=\"og:description\" content=\"Cortadora de muros dise\u00f1ada para el corte r\u00e1pido y preciso de canales en hormig\u00f3n, mamposter\u00eda, ladrillo y piedra. Profundidad de corte ajustable y capacidad de control del polvo\" \/>\n<meta property=\"og:url\" content=\"https:\/\/csunitec.com\/es\/producto\/cortaparedes-ranurador-de-paredes\/\" \/>\n<meta property=\"og:site_name\" content=\"CS Unitec\" \/>\n<meta property=\"article:modified_time\" content=\"2024-09-13T19:27:00+00:00\" \/>\n<meta property=\"og:image\" content=\"https:\/\/csunitec.com\/wp-content\/uploads\/2025\/04\/EMF-180.2-5-1.png\" \/>\n\t<meta property=\"og:image:width\" content=\"1000\" \/>\n\t<meta property=\"og:image:height\" content=\"1000\" \/>\n\t<meta property=\"og:image:type\" content=\"image\/png\" \/>\n<meta name=\"twitter:card\" content=\"summary_large_image\" \/>\n<meta name=\"twitter:label1\" content=\"Tiempo de lectura\" \/>\n\t<meta name=\"twitter:data1\" content=\"1 minuto\" \/>\n<script type=\"application\/ld+json\" class=\"yoast-schema-graph\">{\"@context\":\"https:\\\/\\\/schema.org\",\"@graph\":[{\"@type\":\"WebPage\",\"@id\":\"https:\\\/\\\/csunitec.com\\\/es\\\/producto\\\/cortaparedes-ranurador-de-paredes\\\/\",\"url\":\"https:\\\/\\\/csunitec.com\\\/es\\\/producto\\\/cortaparedes-ranurador-de-paredes\\\/\",\"name\":\"Cortaparedes \\\/ Ranurador de Paredes - CS Unitec\",\"isPartOf\":{\"@id\":\"https:\\\/\\\/csunitec.com\\\/es\\\/#website\"},\"primaryImageOfPage\":{\"@id\":\"https:\\\/\\\/csunitec.com\\\/es\\\/producto\\\/cortaparedes-ranurador-de-paredes\\\/#primaryimage\"},\"image\":{\"@id\":\"https:\\\/\\\/csunitec.com\\\/es\\\/producto\\\/cortaparedes-ranurador-de-paredes\\\/#primaryimage\"},\"thumbnailUrl\":\"https:\\\/\\\/csunitec.com\\\/wp-content\\\/uploads\\\/2025\\\/04\\\/EMF-180.2-5-1.png\",\"datePublished\":\"2024-09-13T15:27:00+00:00\",\"dateModified\":\"2024-09-13T19:27:00+00:00\",\"description\":\"Cortadora de muros dise\u00f1ada para el corte r\u00e1pido y preciso de canales en hormig\u00f3n, mamposter\u00eda, ladrillo y piedra. Profundidad de corte ajustable y capacidad de control del polvo\",\"breadcrumb\":{\"@id\":\"https:\\\/\\\/csunitec.com\\\/es\\\/producto\\\/cortaparedes-ranurador-de-paredes\\\/#breadcrumb\"},\"inLanguage\":\"es\",\"potentialAction\":[{\"@type\":\"ReadAction\",\"target\":[\"https:\\\/\\\/csunitec.com\\\/es\\\/producto\\\/cortaparedes-ranurador-de-paredes\\\/\"]}]},{\"@type\":\"ImageObject\",\"inLanguage\":\"es\",\"@id\":\"https:\\\/\\\/csunitec.com\\\/es\\\/producto\\\/cortaparedes-ranurador-de-paredes\\\/#primaryimage\",\"url\":\"https:\\\/\\\/csunitec.com\\\/wp-content\\\/uploads\\\/2025\\\/04\\\/EMF-180.2-5-1.png\",\"contentUrl\":\"https:\\\/\\\/csunitec.com\\\/wp-content\\\/uploads\\\/2025\\\/04\\\/EMF-180.2-5-1.png\",\"width\":1000,\"height\":1000},{\"@type\":\"BreadcrumbList\",\"@id\":\"https:\\\/\\\/csunitec.com\\\/es\\\/producto\\\/cortaparedes-ranurador-de-paredes\\\/#breadcrumb\",\"itemListElement\":[{\"@type\":\"ListItem\",\"position\":1,\"name\":\"Inicio\",\"item\":\"https:\\\/\\\/csunitec.com\\\/es\\\/\"},{\"@type\":\"ListItem\",\"position\":2,\"name\":\"Tienda\",\"item\":\"https:\\\/\\\/csunitec.com\\\/es\\\/tienda\\\/\"},{\"@type\":\"ListItem\",\"position\":3,\"name\":\"Cortaparedes \\\/ Ranurador de Paredes\"}]},{\"@type\":\"WebSite\",\"@id\":\"https:\\\/\\\/csunitec.com\\\/es\\\/#website\",\"url\":\"https:\\\/\\\/csunitec.com\\\/es\\\/\",\"name\":\"CS Unitec\",\"description\":\"\",\"potentialAction\":[{\"@type\":\"SearchAction\",\"target\":{\"@type\":\"EntryPoint\",\"urlTemplate\":\"https:\\\/\\\/csunitec.com\\\/es\\\/?s={search_term_string}\"},\"query-input\":{\"@type\":\"PropertyValueSpecification\",\"valueRequired\":true,\"valueName\":\"search_term_string\"}}],\"inLanguage\":\"es\"}]}<\/script>\n<!-- \/ Yoast SEO plugin. -->","yoast_head_json":{"title":"Cortaparedes \/ Ranurador de Paredes - CS Unitec","description":"Cortadora de muros dise\u00f1ada para el corte r\u00e1pido y preciso de canales en hormig\u00f3n, mamposter\u00eda, ladrillo y piedra. Profundidad de corte ajustable y capacidad de control del polvo","robots":{"index":"index","follow":"follow","max-snippet":"max-snippet:-1","max-image-preview":"max-image-preview:large","max-video-preview":"max-video-preview:-1"},"canonical":"https:\/\/csunitec.com\/es\/producto\/cortaparedes-ranurador-de-paredes\/","og_locale":"es_ES","og_type":"article","og_title":"Cortaparedes \/ Ranurador de Paredes - CS Unitec","og_description":"Cortadora de muros dise\u00f1ada para el corte r\u00e1pido y preciso de canales en hormig\u00f3n, mamposter\u00eda, ladrillo y piedra. Profundidad de corte ajustable y capacidad de control del polvo","og_url":"https:\/\/csunitec.com\/es\/producto\/cortaparedes-ranurador-de-paredes\/","og_site_name":"CS Unitec","article_modified_time":"2024-09-13T19:27:00+00:00","og_image":[{"width":1000,"height":1000,"url":"https:\/\/csunitec.com\/wp-content\/uploads\/2025\/04\/EMF-180.2-5-1.png","type":"image\/png"}],"twitter_card":"summary_large_image","twitter_misc":{"Tiempo de lectura":"1 minuto"},"schema":{"@context":"https:\/\/schema.org","@graph":[{"@type":"WebPage","@id":"https:\/\/csunitec.com\/es\/producto\/cortaparedes-ranurador-de-paredes\/","url":"https:\/\/csunitec.com\/es\/producto\/cortaparedes-ranurador-de-paredes\/","name":"Cortaparedes \/ Ranurador de Paredes - CS Unitec","isPartOf":{"@id":"https:\/\/csunitec.com\/es\/#website"},"primaryImageOfPage":{"@id":"https:\/\/csunitec.com\/es\/producto\/cortaparedes-ranurador-de-paredes\/#primaryimage"},"image":{"@id":"https:\/\/csunitec.com\/es\/producto\/cortaparedes-ranurador-de-paredes\/#primaryimage"},"thumbnailUrl":"https:\/\/csunitec.com\/wp-content\/uploads\/2025\/04\/EMF-180.2-5-1.png","datePublished":"2024-09-13T15:27:00+00:00","dateModified":"2024-09-13T19:27:00+00:00","description":"Cortadora de muros dise\u00f1ada para el corte r\u00e1pido y preciso de canales en hormig\u00f3n, mamposter\u00eda, ladrillo y piedra. Profundidad de corte ajustable y capacidad de control del polvo","breadcrumb":{"@id":"https:\/\/csunitec.com\/es\/producto\/cortaparedes-ranurador-de-paredes\/#breadcrumb"},"inLanguage":"es","potentialAction":[{"@type":"ReadAction","target":["https:\/\/csunitec.com\/es\/producto\/cortaparedes-ranurador-de-paredes\/"]}]},{"@type":"ImageObject","inLanguage":"es","@id":"https:\/\/csunitec.com\/es\/producto\/cortaparedes-ranurador-de-paredes\/#primaryimage","url":"https:\/\/csunitec.com\/wp-content\/uploads\/2025\/04\/EMF-180.2-5-1.png","contentUrl":"https:\/\/csunitec.com\/wp-content\/uploads\/2025\/04\/EMF-180.2-5-1.png","width":1000,"height":1000},{"@type":"BreadcrumbList","@id":"https:\/\/csunitec.com\/es\/producto\/cortaparedes-ranurador-de-paredes\/#breadcrumb","itemListElement":[{"@type":"ListItem","position":1,"name":"Inicio","item":"https:\/\/csunitec.com\/es\/"},{"@type":"ListItem","position":2,"name":"Tienda","item":"https:\/\/csunitec.com\/es\/tienda\/"},{"@type":"ListItem","position":3,"name":"Cortaparedes \/ Ranurador de Paredes"}]},{"@type":"WebSite","@id":"https:\/\/csunitec.com\/es\/#website","url":"https:\/\/csunitec.com\/es\/","name":"CS Unitec","description":"","potentialAction":[{"@type":"SearchAction","target":{"@type":"EntryPoint","urlTemplate":"https:\/\/csunitec.com\/es\/?s={search_term_string}"},"query-input":{"@type":"PropertyValueSpecification","valueRequired":true,"valueName":"search_term_string"}}],"inLanguage":"es"}]}},"_links":{"self":[{"href":"https:\/\/csunitec.com\/es\/wp-json\/wp\/v2\/product\/179117","targetHints":{"allow":["GET"]}}],"collection":[{"href":"https:\/\/csunitec.com\/es\/wp-json\/wp\/v2\/product"}],"about":[{"href":"https:\/\/csunitec.com\/es\/wp-json\/wp\/v2\/types\/product"}],"wp:featuredmedia":[{"embeddable":true,"href":"https:\/\/csunitec.com\/es\/wp-json\/wp\/v2\/media\/179131"}],"wp:attachment":[{"href":"https:\/\/csunitec.com\/es\/wp-json\/wp\/v2\/media?parent=179117"}],"wp:term":[{"taxonomy":"product_brand","embeddable":true,"href":"https:\/\/csunitec.com\/es\/wp-json\/wp\/v2\/product_brand?post=179117"},{"taxonomy":"product_cat","embeddable":true,"href":"https:\/\/csunitec.com\/es\/wp-json\/wp\/v2\/product_cat?post=179117"},{"taxonomy":"product_tag","embeddable":true,"href":"https:\/\/csunitec.com\/es\/wp-json\/wp\/v2\/product_tag?post=179117"},{"taxonomy":"accessory_type","embeddable":true,"href":"https:\/\/csunitec.com\/es\/wp-json\/wp\/v2\/accessory_type?post=179117"},{"taxonomy":"application","embeddable":true,"href":"https:\/\/csunitec.com\/es\/wp-json\/wp\/v2\/application?post=179117"},{"taxonomy":"hand_tool_type","embeddable":true,"href":"https:\/\/csunitec.com\/es\/wp-json\/wp\/v2\/hand_tool_type?post=179117"},{"taxonomy":"industry","embeddable":true,"href":"https:\/\/csunitec.com\/es\/wp-json\/wp\/v2\/industry?post=179117"},{"taxonomy":"material","embeddable":true,"href":"https:\/\/csunitec.com\/es\/wp-json\/wp\/v2\/material?post=179117"},{"taxonomy":"power_tool_type","embeddable":true,"href":"https:\/\/csunitec.com\/es\/wp-json\/wp\/v2\/power_tool_type?post=179117"},{"taxonomy":"power_type","embeddable":true,"href":"https:\/\/csunitec.com\/es\/wp-json\/wp\/v2\/power_type?post=179117"},{"taxonomy":"subcategory","embeddable":true,"href":"https:\/\/csunitec.com\/es\/wp-json\/wp\/v2\/subcategory?post=179117"},{"taxonomy":"tool_type","embeddable":true,"href":"https:\/\/csunitec.com\/es\/wp-json\/wp\/v2\/tool_type?post=179117"}],"curies":[{"name":"wp","href":"https:\/\/api.w.org\/{rel}","templated":true}]}}