{"id":179149,"date":"2024-09-13T16:39:00","date_gmt":"2024-09-13T16:39:00","guid":{"rendered":"https:\/\/stgcsunitec.wpenginepowered.com\/product\/mordedores-electricos\/"},"modified":"2024-09-13T16:39:00","modified_gmt":"2024-09-13T20:39:00","slug":"mordedores-electricos","status":"publish","type":"product","link":"https:\/\/csunitec.com\/es\/producto\/mordedores-electricos\/","title":{"rendered":"Mordedores el\u00e9ctricos"},"content":{"rendered":"<ul>\n<li>Mordazas el\u00e9ctricas para cortar chapa, acero inoxidable, aluminio y materiales no f\u00e9rricos.<\/li>\n<li>Capacidad de corte de hasta 3\/8&#8243; en acero dulce<\/li>\n<li>Ideal para formar paneles, armarios, soportes y componentes a medida.<\/li>\n<li>Cortar conductos, paneles de tejado, tapajuntas y revestimientos met\u00e1licos.<\/li>\n<li>Perfecto para recortar chapas in situ sin deformarlas.<\/li>\n<li>Corte de paneles de carrocer\u00eda, paneles de parcheo y acero de calibre fino.<\/li>\n<li>\u00datil para restauraci\u00f3n, reparaci\u00f3n y fabricaci\u00f3n a medida.<\/li>\n<li>Cortar chapas met\u00e1licas para reparaciones, adaptaciones y modificaciones de equipos.<\/li>\n<li>Cortar paneles ondulados, chapas trapezoidales y materiales de junta alzada.<\/li>\n<li>Las fresas destacan en los cortes curvos y el seguimiento de perfiles.<\/li>\n<\/ul>\n","protected":false},"excerpt":{"rendered":"<ul class=\"alexcss\">\n<li>Capacidad de corte: Hasta 0,375&#8243; en acero dulce y 0,276&#8243; en acero inoxidable<\/li>\n<li>Carreras por minuto: Opciones de una y dos marchas disponibles<\/li>\n<li>Potencia: de 7 a 17 amperios<\/li>\n<\/ul>\n","protected":false},"featured_media":179152,"template":"","meta":[],"product_brand":[],"product_cat":[1043],"product_tag":[1255],"accessory_type":[],"application":[1042],"hand_tool_type":[],"industry":[933,1047],"material":[],"power_tool_type":[1254],"power_type":[936],"subcategory":[1044],"tool_type":[946],"class_list":{"0":"post-179149","1":"product","2":"type-product","3":"status-publish","4":"has-post-thumbnail","6":"product_cat-sierras","7":"product_tag-mordedores-electricos","8":"application-corte-y-conformado","9":"industry-metalurgia-2","10":"industry-petroquimica","11":"power_tool_type-mordisqueador","12":"power_type-electrico","13":"subcategory-roedoras","14":"tool_type-herramienta-electrica","16":"first","17":"instock","18":"shipping-taxable","19":"purchasable","20":"product-type-variable"},"yoast_head":"<!-- This site is optimized with the Yoast SEO plugin v27.5 - https:\/\/yoast.com\/product\/yoast-seo-wordpress\/ -->\n<title>Mordedores el\u00e9ctricos - CS Unitec<\/title>\n<meta name=\"description\" content=\"Las rozadoras el\u00e9ctricas son herramientas industriales de gran capacidad que realizan cortes precisos y sin rebabas para la fabricaci\u00f3n de metal, la construcci\u00f3n y otros sectores.\" \/>\n<meta name=\"robots\" content=\"index, follow, max-snippet:-1, max-image-preview:large, max-video-preview:-1\" \/>\n<link rel=\"canonical\" href=\"https:\/\/csunitec.com\/es\/producto\/mordedores-electricos\/\" \/>\n<meta property=\"og:locale\" content=\"es_ES\" \/>\n<meta property=\"og:type\" content=\"article\" \/>\n<meta property=\"og:title\" content=\"Mordedores el\u00e9ctricos - CS Unitec\" \/>\n<meta property=\"og:description\" content=\"Las rozadoras el\u00e9ctricas son herramientas industriales de gran capacidad que realizan cortes precisos y sin rebabas para la fabricaci\u00f3n de metal, la construcci\u00f3n y otros sectores.\" \/>\n<meta property=\"og:url\" content=\"https:\/\/csunitec.com\/es\/producto\/mordedores-electricos\/\" \/>\n<meta property=\"og:site_name\" content=\"CS Unitec\" \/>\n<meta property=\"article:modified_time\" content=\"2024-09-13T20:39:00+00:00\" \/>\n<meta property=\"og:image\" content=\"https:\/\/csunitec.com\/wp-content\/uploads\/2024\/09\/Nibblers.jpg\" \/>\n\t<meta property=\"og:image:width\" content=\"2000\" \/>\n\t<meta property=\"og:image:height\" content=\"2000\" \/>\n\t<meta property=\"og:image:type\" content=\"image\/jpeg\" \/>\n<meta name=\"twitter:card\" content=\"summary_large_image\" \/>\n<meta name=\"twitter:label1\" content=\"Tiempo de lectura\" \/>\n\t<meta name=\"twitter:data1\" content=\"1 minuto\" \/>\n<script type=\"application\/ld+json\" class=\"yoast-schema-graph\">{\"@context\":\"https:\\\/\\\/schema.org\",\"@graph\":[{\"@type\":\"WebPage\",\"@id\":\"https:\\\/\\\/csunitec.com\\\/es\\\/producto\\\/mordedores-electricos\\\/\",\"url\":\"https:\\\/\\\/csunitec.com\\\/es\\\/producto\\\/mordedores-electricos\\\/\",\"name\":\"Mordedores el\u00e9ctricos - CS Unitec\",\"isPartOf\":{\"@id\":\"https:\\\/\\\/csunitec.com\\\/es\\\/#website\"},\"primaryImageOfPage\":{\"@id\":\"https:\\\/\\\/csunitec.com\\\/es\\\/producto\\\/mordedores-electricos\\\/#primaryimage\"},\"image\":{\"@id\":\"https:\\\/\\\/csunitec.com\\\/es\\\/producto\\\/mordedores-electricos\\\/#primaryimage\"},\"thumbnailUrl\":\"https:\\\/\\\/csunitec.com\\\/wp-content\\\/uploads\\\/2024\\\/09\\\/Nibblers.jpg\",\"datePublished\":\"2024-09-13T16:39:00+00:00\",\"dateModified\":\"2024-09-13T20:39:00+00:00\",\"description\":\"Las rozadoras el\u00e9ctricas son herramientas industriales de gran capacidad que realizan cortes precisos y sin rebabas para la fabricaci\u00f3n de metal, la construcci\u00f3n y otros sectores.\",\"breadcrumb\":{\"@id\":\"https:\\\/\\\/csunitec.com\\\/es\\\/producto\\\/mordedores-electricos\\\/#breadcrumb\"},\"inLanguage\":\"es\",\"potentialAction\":[{\"@type\":\"ReadAction\",\"target\":[\"https:\\\/\\\/csunitec.com\\\/es\\\/producto\\\/mordedores-electricos\\\/\"]}]},{\"@type\":\"ImageObject\",\"inLanguage\":\"es\",\"@id\":\"https:\\\/\\\/csunitec.com\\\/es\\\/producto\\\/mordedores-electricos\\\/#primaryimage\",\"url\":\"https:\\\/\\\/csunitec.com\\\/wp-content\\\/uploads\\\/2024\\\/09\\\/Nibblers.jpg\",\"contentUrl\":\"https:\\\/\\\/csunitec.com\\\/wp-content\\\/uploads\\\/2024\\\/09\\\/Nibblers.jpg\",\"width\":2000,\"height\":2000},{\"@type\":\"BreadcrumbList\",\"@id\":\"https:\\\/\\\/csunitec.com\\\/es\\\/producto\\\/mordedores-electricos\\\/#breadcrumb\",\"itemListElement\":[{\"@type\":\"ListItem\",\"position\":1,\"name\":\"Inicio\",\"item\":\"https:\\\/\\\/csunitec.com\\\/es\\\/\"},{\"@type\":\"ListItem\",\"position\":2,\"name\":\"Tienda\",\"item\":\"https:\\\/\\\/csunitec.com\\\/es\\\/tienda\\\/\"},{\"@type\":\"ListItem\",\"position\":3,\"name\":\"Mordedores el\u00e9ctricos\"}]},{\"@type\":\"WebSite\",\"@id\":\"https:\\\/\\\/csunitec.com\\\/es\\\/#website\",\"url\":\"https:\\\/\\\/csunitec.com\\\/es\\\/\",\"name\":\"CS Unitec\",\"description\":\"\",\"potentialAction\":[{\"@type\":\"SearchAction\",\"target\":{\"@type\":\"EntryPoint\",\"urlTemplate\":\"https:\\\/\\\/csunitec.com\\\/es\\\/?s={search_term_string}\"},\"query-input\":{\"@type\":\"PropertyValueSpecification\",\"valueRequired\":true,\"valueName\":\"search_term_string\"}}],\"inLanguage\":\"es\"}]}<\/script>\n<!-- \/ Yoast SEO plugin. -->","yoast_head_json":{"title":"Mordedores el\u00e9ctricos - CS Unitec","description":"Las rozadoras el\u00e9ctricas son herramientas industriales de gran capacidad que realizan cortes precisos y sin rebabas para la fabricaci\u00f3n de metal, la construcci\u00f3n y otros sectores.","robots":{"index":"index","follow":"follow","max-snippet":"max-snippet:-1","max-image-preview":"max-image-preview:large","max-video-preview":"max-video-preview:-1"},"canonical":"https:\/\/csunitec.com\/es\/producto\/mordedores-electricos\/","og_locale":"es_ES","og_type":"article","og_title":"Mordedores el\u00e9ctricos - CS Unitec","og_description":"Las rozadoras el\u00e9ctricas son herramientas industriales de gran capacidad que realizan cortes precisos y sin rebabas para la fabricaci\u00f3n de metal, la construcci\u00f3n y otros sectores.","og_url":"https:\/\/csunitec.com\/es\/producto\/mordedores-electricos\/","og_site_name":"CS Unitec","article_modified_time":"2024-09-13T20:39:00+00:00","og_image":[{"width":2000,"height":2000,"url":"https:\/\/csunitec.com\/wp-content\/uploads\/2024\/09\/Nibblers.jpg","type":"image\/jpeg"}],"twitter_card":"summary_large_image","twitter_misc":{"Tiempo de lectura":"1 minuto"},"schema":{"@context":"https:\/\/schema.org","@graph":[{"@type":"WebPage","@id":"https:\/\/csunitec.com\/es\/producto\/mordedores-electricos\/","url":"https:\/\/csunitec.com\/es\/producto\/mordedores-electricos\/","name":"Mordedores el\u00e9ctricos - CS Unitec","isPartOf":{"@id":"https:\/\/csunitec.com\/es\/#website"},"primaryImageOfPage":{"@id":"https:\/\/csunitec.com\/es\/producto\/mordedores-electricos\/#primaryimage"},"image":{"@id":"https:\/\/csunitec.com\/es\/producto\/mordedores-electricos\/#primaryimage"},"thumbnailUrl":"https:\/\/csunitec.com\/wp-content\/uploads\/2024\/09\/Nibblers.jpg","datePublished":"2024-09-13T16:39:00+00:00","dateModified":"2024-09-13T20:39:00+00:00","description":"Las rozadoras el\u00e9ctricas son herramientas industriales de gran capacidad que realizan cortes precisos y sin rebabas para la fabricaci\u00f3n de metal, la construcci\u00f3n y otros sectores.","breadcrumb":{"@id":"https:\/\/csunitec.com\/es\/producto\/mordedores-electricos\/#breadcrumb"},"inLanguage":"es","potentialAction":[{"@type":"ReadAction","target":["https:\/\/csunitec.com\/es\/producto\/mordedores-electricos\/"]}]},{"@type":"ImageObject","inLanguage":"es","@id":"https:\/\/csunitec.com\/es\/producto\/mordedores-electricos\/#primaryimage","url":"https:\/\/csunitec.com\/wp-content\/uploads\/2024\/09\/Nibblers.jpg","contentUrl":"https:\/\/csunitec.com\/wp-content\/uploads\/2024\/09\/Nibblers.jpg","width":2000,"height":2000},{"@type":"BreadcrumbList","@id":"https:\/\/csunitec.com\/es\/producto\/mordedores-electricos\/#breadcrumb","itemListElement":[{"@type":"ListItem","position":1,"name":"Inicio","item":"https:\/\/csunitec.com\/es\/"},{"@type":"ListItem","position":2,"name":"Tienda","item":"https:\/\/csunitec.com\/es\/tienda\/"},{"@type":"ListItem","position":3,"name":"Mordedores el\u00e9ctricos"}]},{"@type":"WebSite","@id":"https:\/\/csunitec.com\/es\/#website","url":"https:\/\/csunitec.com\/es\/","name":"CS Unitec","description":"","potentialAction":[{"@type":"SearchAction","target":{"@type":"EntryPoint","urlTemplate":"https:\/\/csunitec.com\/es\/?s={search_term_string}"},"query-input":{"@type":"PropertyValueSpecification","valueRequired":true,"valueName":"search_term_string"}}],"inLanguage":"es"}]}},"_links":{"self":[{"href":"https:\/\/csunitec.com\/es\/wp-json\/wp\/v2\/product\/179149","targetHints":{"allow":["GET"]}}],"collection":[{"href":"https:\/\/csunitec.com\/es\/wp-json\/wp\/v2\/product"}],"about":[{"href":"https:\/\/csunitec.com\/es\/wp-json\/wp\/v2\/types\/product"}],"wp:featuredmedia":[{"embeddable":true,"href":"https:\/\/csunitec.com\/es\/wp-json\/wp\/v2\/media\/179152"}],"wp:attachment":[{"href":"https:\/\/csunitec.com\/es\/wp-json\/wp\/v2\/media?parent=179149"}],"wp:term":[{"taxonomy":"product_brand","embeddable":true,"href":"https:\/\/csunitec.com\/es\/wp-json\/wp\/v2\/product_brand?post=179149"},{"taxonomy":"product_cat","embeddable":true,"href":"https:\/\/csunitec.com\/es\/wp-json\/wp\/v2\/product_cat?post=179149"},{"taxonomy":"product_tag","embeddable":true,"href":"https:\/\/csunitec.com\/es\/wp-json\/wp\/v2\/product_tag?post=179149"},{"taxonomy":"accessory_type","embeddable":true,"href":"https:\/\/csunitec.com\/es\/wp-json\/wp\/v2\/accessory_type?post=179149"},{"taxonomy":"application","embeddable":true,"href":"https:\/\/csunitec.com\/es\/wp-json\/wp\/v2\/application?post=179149"},{"taxonomy":"hand_tool_type","embeddable":true,"href":"https:\/\/csunitec.com\/es\/wp-json\/wp\/v2\/hand_tool_type?post=179149"},{"taxonomy":"industry","embeddable":true,"href":"https:\/\/csunitec.com\/es\/wp-json\/wp\/v2\/industry?post=179149"},{"taxonomy":"material","embeddable":true,"href":"https:\/\/csunitec.com\/es\/wp-json\/wp\/v2\/material?post=179149"},{"taxonomy":"power_tool_type","embeddable":true,"href":"https:\/\/csunitec.com\/es\/wp-json\/wp\/v2\/power_tool_type?post=179149"},{"taxonomy":"power_type","embeddable":true,"href":"https:\/\/csunitec.com\/es\/wp-json\/wp\/v2\/power_type?post=179149"},{"taxonomy":"subcategory","embeddable":true,"href":"https:\/\/csunitec.com\/es\/wp-json\/wp\/v2\/subcategory?post=179149"},{"taxonomy":"tool_type","embeddable":true,"href":"https:\/\/csunitec.com\/es\/wp-json\/wp\/v2\/tool_type?post=179149"}],"curies":[{"name":"wp","href":"https:\/\/api.w.org\/{rel}","templated":true}]}}