{"id":179184,"date":"2024-09-17T16:41:00","date_gmt":"2024-09-17T16:41:00","guid":{"rendered":"https:\/\/stgcsunitec.wpenginepowered.com\/product\/cadena-tensora-para-maquina-cortatubos\/"},"modified":"2024-09-17T16:41:00","modified_gmt":"2024-09-17T20:41:00","slug":"cadena-tensora-para-maquina-cortatubos","status":"publish","type":"product","link":"https:\/\/csunitec.com\/es\/producto\/cadena-tensora-para-maquina-cortatubos\/","title":{"rendered":"Cadena tensora para m\u00e1quina cortatubos"},"content":{"rendered":"<ul>\n<li><strong>\u00a1La cadena tensora es una PIEZA DE REPUESTO\/INDIVIDUAL! Para ver el kit completo, ve a las p\u00e1ginas de la m\u00e1quina cortatubos. Llama para pedir m\u00e1s informaci\u00f3n.    <\/strong><\/li>\n<li>La cadena tensora de CS Unitec permite que la m\u00e1quina cortatubos ruede suavemente mientras mantiene la sierra firme contra la superficie del tubo.<\/li>\n<li>Las cadenas tensoras pueden utilizarse con carros gu\u00eda para llegar hasta tuber\u00edas de 96&#8243; de di\u00e1metro.<\/li>\n<li>Mantiene la tensi\u00f3n adecuada de la cadena al cortar tubos de hierro d\u00factil, acero, HDPE y hormig\u00f3n.<\/li>\n<li>Ideal para trabajos en zanjas, b\u00f3vedas y tuber\u00edas parcialmente excavadas donde la estabilidad es cr\u00edtica.<\/li>\n<li>Proporciona una tensi\u00f3n estable de la cadena para cortar acero, hormig\u00f3n y tubos compuestos durante la instalaci\u00f3n o modificaci\u00f3n.<\/li>\n<\/ul>\n","protected":false},"excerpt":{"rendered":"<ul>\n<li>La cadena tensora de CS Unitec permite que la m\u00e1quina cortatubos ruede suavemente mientras mantiene la sierra firme contra la superficie del tubo<\/li>\n<\/ul>\n","protected":false},"featured_media":818,"template":"","meta":[],"product_brand":[],"product_cat":[1043],"product_tag":[1226],"accessory_type":[927],"application":[1042],"hand_tool_type":[],"industry":[933,1047,1175],"material":[],"power_tool_type":[],"power_type":[],"subcategory":[1227],"tool_type":[943],"class_list":{"0":"post-179184","1":"product","2":"type-product","3":"status-publish","4":"has-post-thumbnail","6":"product_cat-sierras","7":"product_tag-accesorios-para-cortadoras-de-tubos","8":"accessory_type-accesorio","9":"application-corte-y-conformado","10":"industry-metalurgia-2","11":"industry-petroquimica","12":"industry-mineria","13":"subcategory-cortatubos-sierras-de-vaiven","14":"tool_type-accesorio","16":"first","17":"instock","18":"shipping-taxable","19":"purchasable","20":"product-type-variable"},"yoast_head":"<!-- This site is optimized with the Yoast SEO plugin v27.5 - https:\/\/yoast.com\/product\/yoast-seo-wordpress\/ -->\n<title>Cadena tensora para m\u00e1quina cortatubos - CS Unitec<\/title>\n<meta name=\"description\" content=\"Las cadenas tensoras para m\u00e1quinas de corte de tubos proporcionan una tensi\u00f3n segura y uniforme de la cadena alrededor de tubos de acero, acero inoxidable y hierro fundido para un corte en fr\u00edo preciso.\" \/>\n<meta name=\"robots\" content=\"index, follow, max-snippet:-1, max-image-preview:large, max-video-preview:-1\" \/>\n<link rel=\"canonical\" href=\"https:\/\/csunitec.com\/es\/producto\/cadena-tensora-para-maquina-cortatubos\/\" \/>\n<meta property=\"og:locale\" content=\"es_ES\" \/>\n<meta property=\"og:type\" content=\"article\" \/>\n<meta property=\"og:title\" content=\"Cadena tensora para m\u00e1quina cortatubos - CS Unitec\" \/>\n<meta property=\"og:description\" content=\"Las cadenas tensoras para m\u00e1quinas de corte de tubos proporcionan una tensi\u00f3n segura y uniforme de la cadena alrededor de tubos de acero, acero inoxidable y hierro fundido para un corte en fr\u00edo preciso.\" \/>\n<meta property=\"og:url\" content=\"https:\/\/csunitec.com\/es\/producto\/cadena-tensora-para-maquina-cortatubos\/\" \/>\n<meta property=\"og:site_name\" content=\"CS Unitec\" \/>\n<meta property=\"article:modified_time\" content=\"2024-09-17T20:41:00+00:00\" \/>\n<meta property=\"og:image\" content=\"https:\/\/csunitec.com\/wp-content\/uploads\/2025\/03\/5-8002-2400-1000-x-1000.png\" \/>\n\t<meta property=\"og:image:width\" content=\"1000\" \/>\n\t<meta property=\"og:image:height\" content=\"1000\" \/>\n\t<meta property=\"og:image:type\" content=\"image\/png\" \/>\n<meta name=\"twitter:card\" content=\"summary_large_image\" \/>\n<meta name=\"twitter:label1\" content=\"Tiempo de lectura\" \/>\n\t<meta name=\"twitter:data1\" content=\"1 minuto\" \/>\n<script type=\"application\/ld+json\" class=\"yoast-schema-graph\">{\"@context\":\"https:\\\/\\\/schema.org\",\"@graph\":[{\"@type\":\"WebPage\",\"@id\":\"https:\\\/\\\/csunitec.com\\\/es\\\/producto\\\/cadena-tensora-para-maquina-cortatubos\\\/\",\"url\":\"https:\\\/\\\/csunitec.com\\\/es\\\/producto\\\/cadena-tensora-para-maquina-cortatubos\\\/\",\"name\":\"Cadena tensora para m\u00e1quina cortatubos - CS Unitec\",\"isPartOf\":{\"@id\":\"https:\\\/\\\/csunitec.com\\\/es\\\/#website\"},\"primaryImageOfPage\":{\"@id\":\"https:\\\/\\\/csunitec.com\\\/es\\\/producto\\\/cadena-tensora-para-maquina-cortatubos\\\/#primaryimage\"},\"image\":{\"@id\":\"https:\\\/\\\/csunitec.com\\\/es\\\/producto\\\/cadena-tensora-para-maquina-cortatubos\\\/#primaryimage\"},\"thumbnailUrl\":\"https:\\\/\\\/csunitec.com\\\/wp-content\\\/uploads\\\/2025\\\/03\\\/5-8002-2400-1000-x-1000.png\",\"datePublished\":\"2024-09-17T16:41:00+00:00\",\"dateModified\":\"2024-09-17T20:41:00+00:00\",\"description\":\"Las cadenas tensoras para m\u00e1quinas de corte de tubos proporcionan una tensi\u00f3n segura y uniforme de la cadena alrededor de tubos de acero, acero inoxidable y hierro fundido para un corte en fr\u00edo preciso.\",\"breadcrumb\":{\"@id\":\"https:\\\/\\\/csunitec.com\\\/es\\\/producto\\\/cadena-tensora-para-maquina-cortatubos\\\/#breadcrumb\"},\"inLanguage\":\"es\",\"potentialAction\":[{\"@type\":\"ReadAction\",\"target\":[\"https:\\\/\\\/csunitec.com\\\/es\\\/producto\\\/cadena-tensora-para-maquina-cortatubos\\\/\"]}]},{\"@type\":\"ImageObject\",\"inLanguage\":\"es\",\"@id\":\"https:\\\/\\\/csunitec.com\\\/es\\\/producto\\\/cadena-tensora-para-maquina-cortatubos\\\/#primaryimage\",\"url\":\"https:\\\/\\\/csunitec.com\\\/wp-content\\\/uploads\\\/2025\\\/03\\\/5-8002-2400-1000-x-1000.png\",\"contentUrl\":\"https:\\\/\\\/csunitec.com\\\/wp-content\\\/uploads\\\/2025\\\/03\\\/5-8002-2400-1000-x-1000.png\",\"width\":1000,\"height\":1000,\"caption\":\"5 8002 2400\"},{\"@type\":\"BreadcrumbList\",\"@id\":\"https:\\\/\\\/csunitec.com\\\/es\\\/producto\\\/cadena-tensora-para-maquina-cortatubos\\\/#breadcrumb\",\"itemListElement\":[{\"@type\":\"ListItem\",\"position\":1,\"name\":\"Inicio\",\"item\":\"https:\\\/\\\/csunitec.com\\\/es\\\/\"},{\"@type\":\"ListItem\",\"position\":2,\"name\":\"Tienda\",\"item\":\"https:\\\/\\\/csunitec.com\\\/es\\\/tienda\\\/\"},{\"@type\":\"ListItem\",\"position\":3,\"name\":\"Cadena tensora para m\u00e1quina cortatubos\"}]},{\"@type\":\"WebSite\",\"@id\":\"https:\\\/\\\/csunitec.com\\\/es\\\/#website\",\"url\":\"https:\\\/\\\/csunitec.com\\\/es\\\/\",\"name\":\"CS Unitec\",\"description\":\"\",\"potentialAction\":[{\"@type\":\"SearchAction\",\"target\":{\"@type\":\"EntryPoint\",\"urlTemplate\":\"https:\\\/\\\/csunitec.com\\\/es\\\/?s={search_term_string}\"},\"query-input\":{\"@type\":\"PropertyValueSpecification\",\"valueRequired\":true,\"valueName\":\"search_term_string\"}}],\"inLanguage\":\"es\"}]}<\/script>\n<!-- \/ Yoast SEO plugin. -->","yoast_head_json":{"title":"Cadena tensora para m\u00e1quina cortatubos - CS Unitec","description":"Las cadenas tensoras para m\u00e1quinas de corte de tubos proporcionan una tensi\u00f3n segura y uniforme de la cadena alrededor de tubos de acero, acero inoxidable y hierro fundido para un corte en fr\u00edo preciso.","robots":{"index":"index","follow":"follow","max-snippet":"max-snippet:-1","max-image-preview":"max-image-preview:large","max-video-preview":"max-video-preview:-1"},"canonical":"https:\/\/csunitec.com\/es\/producto\/cadena-tensora-para-maquina-cortatubos\/","og_locale":"es_ES","og_type":"article","og_title":"Cadena tensora para m\u00e1quina cortatubos - CS Unitec","og_description":"Las cadenas tensoras para m\u00e1quinas de corte de tubos proporcionan una tensi\u00f3n segura y uniforme de la cadena alrededor de tubos de acero, acero inoxidable y hierro fundido para un corte en fr\u00edo preciso.","og_url":"https:\/\/csunitec.com\/es\/producto\/cadena-tensora-para-maquina-cortatubos\/","og_site_name":"CS Unitec","article_modified_time":"2024-09-17T20:41:00+00:00","og_image":[{"width":1000,"height":1000,"url":"https:\/\/csunitec.com\/wp-content\/uploads\/2025\/03\/5-8002-2400-1000-x-1000.png","type":"image\/png"}],"twitter_card":"summary_large_image","twitter_misc":{"Tiempo de lectura":"1 minuto"},"schema":{"@context":"https:\/\/schema.org","@graph":[{"@type":"WebPage","@id":"https:\/\/csunitec.com\/es\/producto\/cadena-tensora-para-maquina-cortatubos\/","url":"https:\/\/csunitec.com\/es\/producto\/cadena-tensora-para-maquina-cortatubos\/","name":"Cadena tensora para m\u00e1quina cortatubos - CS Unitec","isPartOf":{"@id":"https:\/\/csunitec.com\/es\/#website"},"primaryImageOfPage":{"@id":"https:\/\/csunitec.com\/es\/producto\/cadena-tensora-para-maquina-cortatubos\/#primaryimage"},"image":{"@id":"https:\/\/csunitec.com\/es\/producto\/cadena-tensora-para-maquina-cortatubos\/#primaryimage"},"thumbnailUrl":"https:\/\/csunitec.com\/wp-content\/uploads\/2025\/03\/5-8002-2400-1000-x-1000.png","datePublished":"2024-09-17T16:41:00+00:00","dateModified":"2024-09-17T20:41:00+00:00","description":"Las cadenas tensoras para m\u00e1quinas de corte de tubos proporcionan una tensi\u00f3n segura y uniforme de la cadena alrededor de tubos de acero, acero inoxidable y hierro fundido para un corte en fr\u00edo preciso.","breadcrumb":{"@id":"https:\/\/csunitec.com\/es\/producto\/cadena-tensora-para-maquina-cortatubos\/#breadcrumb"},"inLanguage":"es","potentialAction":[{"@type":"ReadAction","target":["https:\/\/csunitec.com\/es\/producto\/cadena-tensora-para-maquina-cortatubos\/"]}]},{"@type":"ImageObject","inLanguage":"es","@id":"https:\/\/csunitec.com\/es\/producto\/cadena-tensora-para-maquina-cortatubos\/#primaryimage","url":"https:\/\/csunitec.com\/wp-content\/uploads\/2025\/03\/5-8002-2400-1000-x-1000.png","contentUrl":"https:\/\/csunitec.com\/wp-content\/uploads\/2025\/03\/5-8002-2400-1000-x-1000.png","width":1000,"height":1000,"caption":"5 8002 2400"},{"@type":"BreadcrumbList","@id":"https:\/\/csunitec.com\/es\/producto\/cadena-tensora-para-maquina-cortatubos\/#breadcrumb","itemListElement":[{"@type":"ListItem","position":1,"name":"Inicio","item":"https:\/\/csunitec.com\/es\/"},{"@type":"ListItem","position":2,"name":"Tienda","item":"https:\/\/csunitec.com\/es\/tienda\/"},{"@type":"ListItem","position":3,"name":"Cadena tensora para m\u00e1quina cortatubos"}]},{"@type":"WebSite","@id":"https:\/\/csunitec.com\/es\/#website","url":"https:\/\/csunitec.com\/es\/","name":"CS Unitec","description":"","potentialAction":[{"@type":"SearchAction","target":{"@type":"EntryPoint","urlTemplate":"https:\/\/csunitec.com\/es\/?s={search_term_string}"},"query-input":{"@type":"PropertyValueSpecification","valueRequired":true,"valueName":"search_term_string"}}],"inLanguage":"es"}]}},"_links":{"self":[{"href":"https:\/\/csunitec.com\/es\/wp-json\/wp\/v2\/product\/179184","targetHints":{"allow":["GET"]}}],"collection":[{"href":"https:\/\/csunitec.com\/es\/wp-json\/wp\/v2\/product"}],"about":[{"href":"https:\/\/csunitec.com\/es\/wp-json\/wp\/v2\/types\/product"}],"wp:featuredmedia":[{"embeddable":true,"href":"https:\/\/csunitec.com\/es\/wp-json\/wp\/v2\/media\/818"}],"wp:attachment":[{"href":"https:\/\/csunitec.com\/es\/wp-json\/wp\/v2\/media?parent=179184"}],"wp:term":[{"taxonomy":"product_brand","embeddable":true,"href":"https:\/\/csunitec.com\/es\/wp-json\/wp\/v2\/product_brand?post=179184"},{"taxonomy":"product_cat","embeddable":true,"href":"https:\/\/csunitec.com\/es\/wp-json\/wp\/v2\/product_cat?post=179184"},{"taxonomy":"product_tag","embeddable":true,"href":"https:\/\/csunitec.com\/es\/wp-json\/wp\/v2\/product_tag?post=179184"},{"taxonomy":"accessory_type","embeddable":true,"href":"https:\/\/csunitec.com\/es\/wp-json\/wp\/v2\/accessory_type?post=179184"},{"taxonomy":"application","embeddable":true,"href":"https:\/\/csunitec.com\/es\/wp-json\/wp\/v2\/application?post=179184"},{"taxonomy":"hand_tool_type","embeddable":true,"href":"https:\/\/csunitec.com\/es\/wp-json\/wp\/v2\/hand_tool_type?post=179184"},{"taxonomy":"industry","embeddable":true,"href":"https:\/\/csunitec.com\/es\/wp-json\/wp\/v2\/industry?post=179184"},{"taxonomy":"material","embeddable":true,"href":"https:\/\/csunitec.com\/es\/wp-json\/wp\/v2\/material?post=179184"},{"taxonomy":"power_tool_type","embeddable":true,"href":"https:\/\/csunitec.com\/es\/wp-json\/wp\/v2\/power_tool_type?post=179184"},{"taxonomy":"power_type","embeddable":true,"href":"https:\/\/csunitec.com\/es\/wp-json\/wp\/v2\/power_type?post=179184"},{"taxonomy":"subcategory","embeddable":true,"href":"https:\/\/csunitec.com\/es\/wp-json\/wp\/v2\/subcategory?post=179184"},{"taxonomy":"tool_type","embeddable":true,"href":"https:\/\/csunitec.com\/es\/wp-json\/wp\/v2\/tool_type?post=179184"}],"curies":[{"name":"wp","href":"https:\/\/api.w.org\/{rel}","templated":true}]}}