{"id":179247,"date":"2024-09-13T20:28:00","date_gmt":"2024-09-13T20:28:00","guid":{"rendered":"https:\/\/stgcsunitec.wpenginepowered.com\/product\/mordazas-para-sierras-alternativas\/"},"modified":"2024-09-13T20:28:00","modified_gmt":"2024-09-14T00:28:00","slug":"mordazas-para-sierras-alternativas","status":"publish","type":"product","link":"https:\/\/csunitec.com\/es\/producto\/mordazas-para-sierras-alternativas\/","title":{"rendered":"Mordazas para sierras alternativas"},"content":{"rendered":"<ul>\n<li>Las abrazaderas para sierras alternativas fijan la sierra a tubos de acero, acero inoxidable, hierro fundido, aluminio y pl\u00e1stico para conseguir cortes rectos y repetibles.<\/li>\n<li>Proporciona un corte estable y puede utilizarse en zonas peligrosas cuando se utiliza con sierras neum\u00e1ticas o con clasificaci\u00f3n ATEX.<\/li>\n<li>Las pinzas para sierras alternativas ayudan a mantener la alineaci\u00f3n al cortar tubos, soportes y componentes estructurales en barcos y plataformas marinas.<\/li>\n<li>Mejora la precisi\u00f3n al cortar hierro d\u00factil, acero, HDPE y tubos compuestos.<\/li>\n<li>Proporciona un corte estable para la modificaci\u00f3n de equipos, la extracci\u00f3n de pernos y las reparaciones estructurales.<\/li>\n<\/ul>\n","protected":false},"excerpt":{"rendered":"<ul>\n<li>Aumenta el efecto palanca y la seguridad<\/li>\n<li>Capacidad de 1\/2&#8243; a 6&#8243; con sierras alternativas<\/li>\n<li>Se acoplan f\u00e1cilmente a las sierras alternativas para realizar cortes de 90\u02da en espacios reducidos<\/li>\n<\/ul>\n","protected":false},"featured_media":174161,"template":"","meta":[],"product_brand":[],"product_cat":[1043],"product_tag":[1260],"accessory_type":[927],"application":[1042],"hand_tool_type":[],"industry":[933,1047,1175],"material":[],"power_tool_type":[],"power_type":[],"subcategory":[1147],"tool_type":[943],"class_list":{"0":"post-179247","1":"product","2":"type-product","3":"status-publish","4":"has-post-thumbnail","6":"product_cat-sierras","7":"product_tag-accesorios-sierra-sable","8":"accessory_type-accesorio","9":"application-corte-y-conformado","10":"industry-metalurgia-2","11":"industry-petroquimica","12":"industry-mineria","13":"subcategory-sierras-de-sable","14":"tool_type-accesorio","16":"first","17":"instock","18":"shipping-taxable","19":"purchasable","20":"product-type-variable"},"yoast_head":"<!-- This site is optimized with the Yoast SEO plugin v27.5 - https:\/\/yoast.com\/product\/yoast-seo-wordpress\/ -->\n<title>Mordazas para sierras alternativas - CS Unitec<\/title>\n<meta name=\"description\" content=\"Las abrazaderas para sierras alternativas fijan la sierra a los tubos, para un corte m\u00e1s seguro y preciso de metal, acero, tuber\u00edas, acero inoxidable, pl\u00e1stico, etc.\" \/>\n<meta name=\"robots\" content=\"index, follow, max-snippet:-1, max-image-preview:large, max-video-preview:-1\" \/>\n<link rel=\"canonical\" href=\"https:\/\/csunitec.com\/es\/producto\/mordazas-para-sierras-alternativas\/\" \/>\n<meta property=\"og:locale\" content=\"es_ES\" \/>\n<meta property=\"og:type\" content=\"article\" \/>\n<meta property=\"og:title\" content=\"Mordazas para sierras alternativas - CS Unitec\" \/>\n<meta property=\"og:description\" content=\"Las abrazaderas para sierras alternativas fijan la sierra a los tubos, para un corte m\u00e1s seguro y preciso de metal, acero, tuber\u00edas, acero inoxidable, pl\u00e1stico, etc.\" \/>\n<meta property=\"og:url\" content=\"https:\/\/csunitec.com\/es\/producto\/mordazas-para-sierras-alternativas\/\" \/>\n<meta property=\"og:site_name\" content=\"CS Unitec\" \/>\n<meta property=\"article:modified_time\" content=\"2024-09-14T00:28:00+00:00\" \/>\n<meta property=\"og:image\" content=\"https:\/\/csunitec.com\/wp-content\/uploads\/2024\/09\/CP1-Clamp.jpg\" \/>\n\t<meta property=\"og:image:width\" content=\"1000\" \/>\n\t<meta property=\"og:image:height\" content=\"1000\" \/>\n\t<meta property=\"og:image:type\" content=\"image\/jpeg\" \/>\n<meta name=\"twitter:card\" content=\"summary_large_image\" \/>\n<meta name=\"twitter:label1\" content=\"Tiempo de lectura\" \/>\n\t<meta name=\"twitter:data1\" content=\"1 minuto\" \/>\n<script type=\"application\/ld+json\" class=\"yoast-schema-graph\">{\"@context\":\"https:\\\/\\\/schema.org\",\"@graph\":[{\"@type\":\"WebPage\",\"@id\":\"https:\\\/\\\/csunitec.com\\\/es\\\/producto\\\/mordazas-para-sierras-alternativas\\\/\",\"url\":\"https:\\\/\\\/csunitec.com\\\/es\\\/producto\\\/mordazas-para-sierras-alternativas\\\/\",\"name\":\"Mordazas para sierras alternativas - CS Unitec\",\"isPartOf\":{\"@id\":\"https:\\\/\\\/csunitec.com\\\/es\\\/#website\"},\"primaryImageOfPage\":{\"@id\":\"https:\\\/\\\/csunitec.com\\\/es\\\/producto\\\/mordazas-para-sierras-alternativas\\\/#primaryimage\"},\"image\":{\"@id\":\"https:\\\/\\\/csunitec.com\\\/es\\\/producto\\\/mordazas-para-sierras-alternativas\\\/#primaryimage\"},\"thumbnailUrl\":\"https:\\\/\\\/csunitec.com\\\/wp-content\\\/uploads\\\/2024\\\/09\\\/CP1-Clamp.jpg\",\"datePublished\":\"2024-09-13T20:28:00+00:00\",\"dateModified\":\"2024-09-14T00:28:00+00:00\",\"description\":\"Las abrazaderas para sierras alternativas fijan la sierra a los tubos, para un corte m\u00e1s seguro y preciso de metal, acero, tuber\u00edas, acero inoxidable, pl\u00e1stico, etc.\",\"breadcrumb\":{\"@id\":\"https:\\\/\\\/csunitec.com\\\/es\\\/producto\\\/mordazas-para-sierras-alternativas\\\/#breadcrumb\"},\"inLanguage\":\"es\",\"potentialAction\":[{\"@type\":\"ReadAction\",\"target\":[\"https:\\\/\\\/csunitec.com\\\/es\\\/producto\\\/mordazas-para-sierras-alternativas\\\/\"]}]},{\"@type\":\"ImageObject\",\"inLanguage\":\"es\",\"@id\":\"https:\\\/\\\/csunitec.com\\\/es\\\/producto\\\/mordazas-para-sierras-alternativas\\\/#primaryimage\",\"url\":\"https:\\\/\\\/csunitec.com\\\/wp-content\\\/uploads\\\/2024\\\/09\\\/CP1-Clamp.jpg\",\"contentUrl\":\"https:\\\/\\\/csunitec.com\\\/wp-content\\\/uploads\\\/2024\\\/09\\\/CP1-Clamp.jpg\",\"width\":1000,\"height\":1000},{\"@type\":\"BreadcrumbList\",\"@id\":\"https:\\\/\\\/csunitec.com\\\/es\\\/producto\\\/mordazas-para-sierras-alternativas\\\/#breadcrumb\",\"itemListElement\":[{\"@type\":\"ListItem\",\"position\":1,\"name\":\"Inicio\",\"item\":\"https:\\\/\\\/csunitec.com\\\/es\\\/\"},{\"@type\":\"ListItem\",\"position\":2,\"name\":\"Tienda\",\"item\":\"https:\\\/\\\/csunitec.com\\\/es\\\/tienda\\\/\"},{\"@type\":\"ListItem\",\"position\":3,\"name\":\"Mordazas para sierras alternativas\"}]},{\"@type\":\"WebSite\",\"@id\":\"https:\\\/\\\/csunitec.com\\\/es\\\/#website\",\"url\":\"https:\\\/\\\/csunitec.com\\\/es\\\/\",\"name\":\"CS Unitec\",\"description\":\"\",\"potentialAction\":[{\"@type\":\"SearchAction\",\"target\":{\"@type\":\"EntryPoint\",\"urlTemplate\":\"https:\\\/\\\/csunitec.com\\\/es\\\/?s={search_term_string}\"},\"query-input\":{\"@type\":\"PropertyValueSpecification\",\"valueRequired\":true,\"valueName\":\"search_term_string\"}}],\"inLanguage\":\"es\"}]}<\/script>\n<!-- \/ Yoast SEO plugin. -->","yoast_head_json":{"title":"Mordazas para sierras alternativas - CS Unitec","description":"Las abrazaderas para sierras alternativas fijan la sierra a los tubos, para un corte m\u00e1s seguro y preciso de metal, acero, tuber\u00edas, acero inoxidable, pl\u00e1stico, etc.","robots":{"index":"index","follow":"follow","max-snippet":"max-snippet:-1","max-image-preview":"max-image-preview:large","max-video-preview":"max-video-preview:-1"},"canonical":"https:\/\/csunitec.com\/es\/producto\/mordazas-para-sierras-alternativas\/","og_locale":"es_ES","og_type":"article","og_title":"Mordazas para sierras alternativas - CS Unitec","og_description":"Las abrazaderas para sierras alternativas fijan la sierra a los tubos, para un corte m\u00e1s seguro y preciso de metal, acero, tuber\u00edas, acero inoxidable, pl\u00e1stico, etc.","og_url":"https:\/\/csunitec.com\/es\/producto\/mordazas-para-sierras-alternativas\/","og_site_name":"CS Unitec","article_modified_time":"2024-09-14T00:28:00+00:00","og_image":[{"width":1000,"height":1000,"url":"https:\/\/csunitec.com\/wp-content\/uploads\/2024\/09\/CP1-Clamp.jpg","type":"image\/jpeg"}],"twitter_card":"summary_large_image","twitter_misc":{"Tiempo de lectura":"1 minuto"},"schema":{"@context":"https:\/\/schema.org","@graph":[{"@type":"WebPage","@id":"https:\/\/csunitec.com\/es\/producto\/mordazas-para-sierras-alternativas\/","url":"https:\/\/csunitec.com\/es\/producto\/mordazas-para-sierras-alternativas\/","name":"Mordazas para sierras alternativas - CS Unitec","isPartOf":{"@id":"https:\/\/csunitec.com\/es\/#website"},"primaryImageOfPage":{"@id":"https:\/\/csunitec.com\/es\/producto\/mordazas-para-sierras-alternativas\/#primaryimage"},"image":{"@id":"https:\/\/csunitec.com\/es\/producto\/mordazas-para-sierras-alternativas\/#primaryimage"},"thumbnailUrl":"https:\/\/csunitec.com\/wp-content\/uploads\/2024\/09\/CP1-Clamp.jpg","datePublished":"2024-09-13T20:28:00+00:00","dateModified":"2024-09-14T00:28:00+00:00","description":"Las abrazaderas para sierras alternativas fijan la sierra a los tubos, para un corte m\u00e1s seguro y preciso de metal, acero, tuber\u00edas, acero inoxidable, pl\u00e1stico, etc.","breadcrumb":{"@id":"https:\/\/csunitec.com\/es\/producto\/mordazas-para-sierras-alternativas\/#breadcrumb"},"inLanguage":"es","potentialAction":[{"@type":"ReadAction","target":["https:\/\/csunitec.com\/es\/producto\/mordazas-para-sierras-alternativas\/"]}]},{"@type":"ImageObject","inLanguage":"es","@id":"https:\/\/csunitec.com\/es\/producto\/mordazas-para-sierras-alternativas\/#primaryimage","url":"https:\/\/csunitec.com\/wp-content\/uploads\/2024\/09\/CP1-Clamp.jpg","contentUrl":"https:\/\/csunitec.com\/wp-content\/uploads\/2024\/09\/CP1-Clamp.jpg","width":1000,"height":1000},{"@type":"BreadcrumbList","@id":"https:\/\/csunitec.com\/es\/producto\/mordazas-para-sierras-alternativas\/#breadcrumb","itemListElement":[{"@type":"ListItem","position":1,"name":"Inicio","item":"https:\/\/csunitec.com\/es\/"},{"@type":"ListItem","position":2,"name":"Tienda","item":"https:\/\/csunitec.com\/es\/tienda\/"},{"@type":"ListItem","position":3,"name":"Mordazas para sierras alternativas"}]},{"@type":"WebSite","@id":"https:\/\/csunitec.com\/es\/#website","url":"https:\/\/csunitec.com\/es\/","name":"CS Unitec","description":"","potentialAction":[{"@type":"SearchAction","target":{"@type":"EntryPoint","urlTemplate":"https:\/\/csunitec.com\/es\/?s={search_term_string}"},"query-input":{"@type":"PropertyValueSpecification","valueRequired":true,"valueName":"search_term_string"}}],"inLanguage":"es"}]}},"_links":{"self":[{"href":"https:\/\/csunitec.com\/es\/wp-json\/wp\/v2\/product\/179247","targetHints":{"allow":["GET"]}}],"collection":[{"href":"https:\/\/csunitec.com\/es\/wp-json\/wp\/v2\/product"}],"about":[{"href":"https:\/\/csunitec.com\/es\/wp-json\/wp\/v2\/types\/product"}],"wp:featuredmedia":[{"embeddable":true,"href":"https:\/\/csunitec.com\/es\/wp-json\/wp\/v2\/media\/174161"}],"wp:attachment":[{"href":"https:\/\/csunitec.com\/es\/wp-json\/wp\/v2\/media?parent=179247"}],"wp:term":[{"taxonomy":"product_brand","embeddable":true,"href":"https:\/\/csunitec.com\/es\/wp-json\/wp\/v2\/product_brand?post=179247"},{"taxonomy":"product_cat","embeddable":true,"href":"https:\/\/csunitec.com\/es\/wp-json\/wp\/v2\/product_cat?post=179247"},{"taxonomy":"product_tag","embeddable":true,"href":"https:\/\/csunitec.com\/es\/wp-json\/wp\/v2\/product_tag?post=179247"},{"taxonomy":"accessory_type","embeddable":true,"href":"https:\/\/csunitec.com\/es\/wp-json\/wp\/v2\/accessory_type?post=179247"},{"taxonomy":"application","embeddable":true,"href":"https:\/\/csunitec.com\/es\/wp-json\/wp\/v2\/application?post=179247"},{"taxonomy":"hand_tool_type","embeddable":true,"href":"https:\/\/csunitec.com\/es\/wp-json\/wp\/v2\/hand_tool_type?post=179247"},{"taxonomy":"industry","embeddable":true,"href":"https:\/\/csunitec.com\/es\/wp-json\/wp\/v2\/industry?post=179247"},{"taxonomy":"material","embeddable":true,"href":"https:\/\/csunitec.com\/es\/wp-json\/wp\/v2\/material?post=179247"},{"taxonomy":"power_tool_type","embeddable":true,"href":"https:\/\/csunitec.com\/es\/wp-json\/wp\/v2\/power_tool_type?post=179247"},{"taxonomy":"power_type","embeddable":true,"href":"https:\/\/csunitec.com\/es\/wp-json\/wp\/v2\/power_type?post=179247"},{"taxonomy":"subcategory","embeddable":true,"href":"https:\/\/csunitec.com\/es\/wp-json\/wp\/v2\/subcategory?post=179247"},{"taxonomy":"tool_type","embeddable":true,"href":"https:\/\/csunitec.com\/es\/wp-json\/wp\/v2\/tool_type?post=179247"}],"curies":[{"name":"wp","href":"https:\/\/api.w.org\/{rel}","templated":true}]}}