{"id":179258,"date":"2024-09-13T20:52:00","date_gmt":"2024-09-13T20:52:00","guid":{"rendered":"https:\/\/stgcsunitec.wpenginepowered.com\/product\/carro-guia\/"},"modified":"2024-09-13T20:52:00","modified_gmt":"2024-09-14T00:52:00","slug":"carro-guia","status":"publish","type":"product","link":"https:\/\/csunitec.com\/es\/producto\/carro-guia\/","title":{"rendered":"Carro gu\u00eda"},"content":{"rendered":"<ul>\n<li><strong>\u00a1LLAMA ANTES DE HACER EL PEDIDO! El carro gu\u00eda depende del tama\u00f1o del tubo, no puede utilizarse sin el motor u otros elementos del kit. Para los kits completos de corte de tubos, consulta la p\u00e1gina M\u00e1quinas de cortar tubos. Pide s\u00f3lo piezas de recambio.     <\/strong><\/li>\n<li>El carro gu\u00eda se utiliza tanto para el montaje de la sierra como para el movimiento alrededor del tubo.<\/li>\n<li>Garantiza un corte suave y preciso de tuber\u00edas de hierro d\u00factil, acero, HDPE y hormig\u00f3n durante la instalaci\u00f3n o reparaci\u00f3n.<\/li>\n<li>\u00datil para cortar tubos en zanjas, b\u00f3vedas y zonas parcialmente excavadas donde la estabilidad es cr\u00edtica.<\/li>\n<li>Gu\u00eda la m\u00e1quina de corte alrededor de tubos de acero, hormig\u00f3n y materiales compuestos de gran di\u00e1metro durante su instalaci\u00f3n o modificaci\u00f3n.<\/li>\n<li>Ideal para trabajos en tuber\u00edas a\u00e9reas, subterr\u00e1neas y en espacios confinados.<\/li>\n<\/ul>\n","protected":false},"excerpt":{"rendered":"<ul>\n<li>Los carros gu\u00eda se utilizan tanto para el montaje de la sierra como para el movimiento alrededor del tubo<\/li>\n<li>Puntos de montaje para hacer palanca y reducir el esfuerzo del operario<\/li>\n<\/ul>\n","protected":false},"featured_media":158455,"template":"","meta":[],"product_brand":[],"product_cat":[1043],"product_tag":[1226],"accessory_type":[927],"application":[1042],"hand_tool_type":[],"industry":[933,1047,1175],"material":[],"power_tool_type":[],"power_type":[],"subcategory":[1227],"tool_type":[943],"class_list":{"0":"post-179258","1":"product","2":"type-product","3":"status-publish","4":"has-post-thumbnail","6":"product_cat-sierras","7":"product_tag-accesorios-para-cortadoras-de-tubos","8":"accessory_type-accesorio","9":"application-corte-y-conformado","10":"industry-metalurgia-2","11":"industry-petroquimica","12":"industry-mineria","13":"subcategory-cortatubos-sierras-de-vaiven","14":"tool_type-accesorio","16":"first","17":"instock","18":"shipping-taxable","19":"purchasable","20":"product-type-variable"},"yoast_head":"<!-- This site is optimized with the Yoast SEO plugin v27.5 - https:\/\/yoast.com\/product\/yoast-seo-wordpress\/ -->\n<title>Carro gu\u00eda - CS Unitec<\/title>\n<meta name=\"description\" content=\"El carro gu\u00eda proporciona un desplazamiento estable y controlado para cortes en fr\u00edo rectos y precisos en tubos de acero, acero inoxidable y fundici\u00f3n.\" \/>\n<meta name=\"robots\" content=\"index, follow, max-snippet:-1, max-image-preview:large, max-video-preview:-1\" \/>\n<link rel=\"canonical\" href=\"https:\/\/csunitec.com\/es\/producto\/carro-guia\/\" \/>\n<meta property=\"og:locale\" content=\"es_ES\" \/>\n<meta property=\"og:type\" content=\"article\" \/>\n<meta property=\"og:title\" content=\"Carro gu\u00eda - CS Unitec\" \/>\n<meta property=\"og:description\" content=\"El carro gu\u00eda proporciona un desplazamiento estable y controlado para cortes en fr\u00edo rectos y precisos en tubos de acero, acero inoxidable y fundici\u00f3n.\" \/>\n<meta property=\"og:url\" content=\"https:\/\/csunitec.com\/es\/producto\/carro-guia\/\" \/>\n<meta property=\"og:site_name\" content=\"CS Unitec\" \/>\n<meta property=\"article:modified_time\" content=\"2024-09-14T00:52:00+00:00\" \/>\n<meta property=\"og:image\" content=\"https:\/\/csunitec.com\/wp-content\/uploads\/2025\/04\/5-8010-8090-Guide-Carriage-1000-x-1000-1-2-1.png\" \/>\n\t<meta property=\"og:image:width\" content=\"1000\" \/>\n\t<meta property=\"og:image:height\" content=\"1000\" \/>\n\t<meta property=\"og:image:type\" content=\"image\/png\" \/>\n<meta name=\"twitter:card\" content=\"summary_large_image\" \/>\n<meta name=\"twitter:label1\" content=\"Tiempo de lectura\" \/>\n\t<meta name=\"twitter:data1\" content=\"1 minuto\" \/>\n<script type=\"application\/ld+json\" class=\"yoast-schema-graph\">{\"@context\":\"https:\\\/\\\/schema.org\",\"@graph\":[{\"@type\":\"WebPage\",\"@id\":\"https:\\\/\\\/csunitec.com\\\/es\\\/producto\\\/carro-guia\\\/\",\"url\":\"https:\\\/\\\/csunitec.com\\\/es\\\/producto\\\/carro-guia\\\/\",\"name\":\"Carro gu\u00eda - CS Unitec\",\"isPartOf\":{\"@id\":\"https:\\\/\\\/csunitec.com\\\/es\\\/#website\"},\"primaryImageOfPage\":{\"@id\":\"https:\\\/\\\/csunitec.com\\\/es\\\/producto\\\/carro-guia\\\/#primaryimage\"},\"image\":{\"@id\":\"https:\\\/\\\/csunitec.com\\\/es\\\/producto\\\/carro-guia\\\/#primaryimage\"},\"thumbnailUrl\":\"https:\\\/\\\/csunitec.com\\\/wp-content\\\/uploads\\\/2025\\\/04\\\/5-8010-8090-Guide-Carriage-1000-x-1000-1-2-1.png\",\"datePublished\":\"2024-09-13T20:52:00+00:00\",\"dateModified\":\"2024-09-14T00:52:00+00:00\",\"description\":\"El carro gu\u00eda proporciona un desplazamiento estable y controlado para cortes en fr\u00edo rectos y precisos en tubos de acero, acero inoxidable y fundici\u00f3n.\",\"breadcrumb\":{\"@id\":\"https:\\\/\\\/csunitec.com\\\/es\\\/producto\\\/carro-guia\\\/#breadcrumb\"},\"inLanguage\":\"es\",\"potentialAction\":[{\"@type\":\"ReadAction\",\"target\":[\"https:\\\/\\\/csunitec.com\\\/es\\\/producto\\\/carro-guia\\\/\"]}]},{\"@type\":\"ImageObject\",\"inLanguage\":\"es\",\"@id\":\"https:\\\/\\\/csunitec.com\\\/es\\\/producto\\\/carro-guia\\\/#primaryimage\",\"url\":\"https:\\\/\\\/csunitec.com\\\/wp-content\\\/uploads\\\/2025\\\/04\\\/5-8010-8090-Guide-Carriage-1000-x-1000-1-2-1.png\",\"contentUrl\":\"https:\\\/\\\/csunitec.com\\\/wp-content\\\/uploads\\\/2025\\\/04\\\/5-8010-8090-Guide-Carriage-1000-x-1000-1-2-1.png\",\"width\":1000,\"height\":1000},{\"@type\":\"BreadcrumbList\",\"@id\":\"https:\\\/\\\/csunitec.com\\\/es\\\/producto\\\/carro-guia\\\/#breadcrumb\",\"itemListElement\":[{\"@type\":\"ListItem\",\"position\":1,\"name\":\"Inicio\",\"item\":\"https:\\\/\\\/csunitec.com\\\/es\\\/\"},{\"@type\":\"ListItem\",\"position\":2,\"name\":\"Tienda\",\"item\":\"https:\\\/\\\/csunitec.com\\\/es\\\/tienda\\\/\"},{\"@type\":\"ListItem\",\"position\":3,\"name\":\"Carro gu\u00eda\"}]},{\"@type\":\"WebSite\",\"@id\":\"https:\\\/\\\/csunitec.com\\\/es\\\/#website\",\"url\":\"https:\\\/\\\/csunitec.com\\\/es\\\/\",\"name\":\"CS Unitec\",\"description\":\"\",\"potentialAction\":[{\"@type\":\"SearchAction\",\"target\":{\"@type\":\"EntryPoint\",\"urlTemplate\":\"https:\\\/\\\/csunitec.com\\\/es\\\/?s={search_term_string}\"},\"query-input\":{\"@type\":\"PropertyValueSpecification\",\"valueRequired\":true,\"valueName\":\"search_term_string\"}}],\"inLanguage\":\"es\"}]}<\/script>\n<!-- \/ Yoast SEO plugin. -->","yoast_head_json":{"title":"Carro gu\u00eda - CS Unitec","description":"El carro gu\u00eda proporciona un desplazamiento estable y controlado para cortes en fr\u00edo rectos y precisos en tubos de acero, acero inoxidable y fundici\u00f3n.","robots":{"index":"index","follow":"follow","max-snippet":"max-snippet:-1","max-image-preview":"max-image-preview:large","max-video-preview":"max-video-preview:-1"},"canonical":"https:\/\/csunitec.com\/es\/producto\/carro-guia\/","og_locale":"es_ES","og_type":"article","og_title":"Carro gu\u00eda - CS Unitec","og_description":"El carro gu\u00eda proporciona un desplazamiento estable y controlado para cortes en fr\u00edo rectos y precisos en tubos de acero, acero inoxidable y fundici\u00f3n.","og_url":"https:\/\/csunitec.com\/es\/producto\/carro-guia\/","og_site_name":"CS Unitec","article_modified_time":"2024-09-14T00:52:00+00:00","og_image":[{"width":1000,"height":1000,"url":"https:\/\/csunitec.com\/wp-content\/uploads\/2025\/04\/5-8010-8090-Guide-Carriage-1000-x-1000-1-2-1.png","type":"image\/png"}],"twitter_card":"summary_large_image","twitter_misc":{"Tiempo de lectura":"1 minuto"},"schema":{"@context":"https:\/\/schema.org","@graph":[{"@type":"WebPage","@id":"https:\/\/csunitec.com\/es\/producto\/carro-guia\/","url":"https:\/\/csunitec.com\/es\/producto\/carro-guia\/","name":"Carro gu\u00eda - CS Unitec","isPartOf":{"@id":"https:\/\/csunitec.com\/es\/#website"},"primaryImageOfPage":{"@id":"https:\/\/csunitec.com\/es\/producto\/carro-guia\/#primaryimage"},"image":{"@id":"https:\/\/csunitec.com\/es\/producto\/carro-guia\/#primaryimage"},"thumbnailUrl":"https:\/\/csunitec.com\/wp-content\/uploads\/2025\/04\/5-8010-8090-Guide-Carriage-1000-x-1000-1-2-1.png","datePublished":"2024-09-13T20:52:00+00:00","dateModified":"2024-09-14T00:52:00+00:00","description":"El carro gu\u00eda proporciona un desplazamiento estable y controlado para cortes en fr\u00edo rectos y precisos en tubos de acero, acero inoxidable y fundici\u00f3n.","breadcrumb":{"@id":"https:\/\/csunitec.com\/es\/producto\/carro-guia\/#breadcrumb"},"inLanguage":"es","potentialAction":[{"@type":"ReadAction","target":["https:\/\/csunitec.com\/es\/producto\/carro-guia\/"]}]},{"@type":"ImageObject","inLanguage":"es","@id":"https:\/\/csunitec.com\/es\/producto\/carro-guia\/#primaryimage","url":"https:\/\/csunitec.com\/wp-content\/uploads\/2025\/04\/5-8010-8090-Guide-Carriage-1000-x-1000-1-2-1.png","contentUrl":"https:\/\/csunitec.com\/wp-content\/uploads\/2025\/04\/5-8010-8090-Guide-Carriage-1000-x-1000-1-2-1.png","width":1000,"height":1000},{"@type":"BreadcrumbList","@id":"https:\/\/csunitec.com\/es\/producto\/carro-guia\/#breadcrumb","itemListElement":[{"@type":"ListItem","position":1,"name":"Inicio","item":"https:\/\/csunitec.com\/es\/"},{"@type":"ListItem","position":2,"name":"Tienda","item":"https:\/\/csunitec.com\/es\/tienda\/"},{"@type":"ListItem","position":3,"name":"Carro gu\u00eda"}]},{"@type":"WebSite","@id":"https:\/\/csunitec.com\/es\/#website","url":"https:\/\/csunitec.com\/es\/","name":"CS Unitec","description":"","potentialAction":[{"@type":"SearchAction","target":{"@type":"EntryPoint","urlTemplate":"https:\/\/csunitec.com\/es\/?s={search_term_string}"},"query-input":{"@type":"PropertyValueSpecification","valueRequired":true,"valueName":"search_term_string"}}],"inLanguage":"es"}]}},"_links":{"self":[{"href":"https:\/\/csunitec.com\/es\/wp-json\/wp\/v2\/product\/179258","targetHints":{"allow":["GET"]}}],"collection":[{"href":"https:\/\/csunitec.com\/es\/wp-json\/wp\/v2\/product"}],"about":[{"href":"https:\/\/csunitec.com\/es\/wp-json\/wp\/v2\/types\/product"}],"wp:featuredmedia":[{"embeddable":true,"href":"https:\/\/csunitec.com\/es\/wp-json\/wp\/v2\/media\/158455"}],"wp:attachment":[{"href":"https:\/\/csunitec.com\/es\/wp-json\/wp\/v2\/media?parent=179258"}],"wp:term":[{"taxonomy":"product_brand","embeddable":true,"href":"https:\/\/csunitec.com\/es\/wp-json\/wp\/v2\/product_brand?post=179258"},{"taxonomy":"product_cat","embeddable":true,"href":"https:\/\/csunitec.com\/es\/wp-json\/wp\/v2\/product_cat?post=179258"},{"taxonomy":"product_tag","embeddable":true,"href":"https:\/\/csunitec.com\/es\/wp-json\/wp\/v2\/product_tag?post=179258"},{"taxonomy":"accessory_type","embeddable":true,"href":"https:\/\/csunitec.com\/es\/wp-json\/wp\/v2\/accessory_type?post=179258"},{"taxonomy":"application","embeddable":true,"href":"https:\/\/csunitec.com\/es\/wp-json\/wp\/v2\/application?post=179258"},{"taxonomy":"hand_tool_type","embeddable":true,"href":"https:\/\/csunitec.com\/es\/wp-json\/wp\/v2\/hand_tool_type?post=179258"},{"taxonomy":"industry","embeddable":true,"href":"https:\/\/csunitec.com\/es\/wp-json\/wp\/v2\/industry?post=179258"},{"taxonomy":"material","embeddable":true,"href":"https:\/\/csunitec.com\/es\/wp-json\/wp\/v2\/material?post=179258"},{"taxonomy":"power_tool_type","embeddable":true,"href":"https:\/\/csunitec.com\/es\/wp-json\/wp\/v2\/power_tool_type?post=179258"},{"taxonomy":"power_type","embeddable":true,"href":"https:\/\/csunitec.com\/es\/wp-json\/wp\/v2\/power_type?post=179258"},{"taxonomy":"subcategory","embeddable":true,"href":"https:\/\/csunitec.com\/es\/wp-json\/wp\/v2\/subcategory?post=179258"},{"taxonomy":"tool_type","embeddable":true,"href":"https:\/\/csunitec.com\/es\/wp-json\/wp\/v2\/tool_type?post=179258"}],"curies":[{"name":"wp","href":"https:\/\/api.w.org\/{rel}","templated":true}]}}