{"id":179281,"date":"2024-09-17T19:24:00","date_gmt":"2024-09-17T19:24:00","guid":{"rendered":"https:\/\/stgcsunitec.wpenginepowered.com\/product\/guia-de-railes-para-eds-181\/"},"modified":"2024-09-17T19:24:00","modified_gmt":"2024-09-17T23:24:00","slug":"guia-de-railes-para-eds-181","status":"publish","type":"product","link":"https:\/\/csunitec.com\/es\/producto\/guia-de-railes-para-eds-181\/","title":{"rendered":"Gu\u00eda de ra\u00edles para EDS 181"},"content":{"rendered":"<ul>\n<li>Gu\u00eda de carril para cortes rectos en granito, m\u00e1rmol, porcelana, cer\u00e1mica y piedra artificial.<\/li>\n<li>Ideal para encimeras, salpicaderos, baldosas de gran formato y canter\u00eda arquitect\u00f3nica.<\/li>\n<li>Crear canales rectos o aberturas en hormig\u00f3n, ladrillo, bloque y adoquines.<\/li>\n<li>Cortar grandes paneles de piedra o azulejos para vest\u00edbulos, espacios comerciales y zonas de mucho tr\u00e1nsito.<\/li>\n<li>Admite acabados de primera calidad en los que son esenciales unos bordes rectos y limpios.<\/li>\n<li>Produce cortes repetibles y uniformes para tiradas de producci\u00f3n o fabricaci\u00f3n a medida.<\/li>\n<li>Mejora la precisi\u00f3n en ingletes, chaflanes y cortes longitudinales largos.<\/li>\n<\/ul>\n","protected":false},"excerpt":{"rendered":"<ul>\n<li>29&#8243; de longitud &#8211; P\/N 37461000<\/li>\n<li>50&#8243; de longitud &#8211; P\/N 37462000<\/li>\n<\/ul>\n","protected":false},"featured_media":158984,"template":"","meta":[],"product_brand":[],"product_cat":[1043],"product_tag":[1259],"accessory_type":[927],"application":[1042],"hand_tool_type":[],"industry":[933],"material":[],"power_tool_type":[],"power_type":[],"subcategory":[1134],"tool_type":[943],"class_list":{"0":"post-179281","1":"product","2":"type-product","3":"status-publish","4":"has-post-thumbnail","6":"product_cat-sierras","7":"product_tag-accesorios-para-baldosas-de-piedra-de-hormigon","8":"accessory_type-accesorio","9":"application-corte-y-conformado","10":"industry-metalurgia-2","11":"subcategory-sierras-para-hormigon-piedra-y-azulejos","12":"tool_type-accesorio","14":"first","15":"instock","16":"shipping-taxable","17":"purchasable","18":"product-type-variable"},"yoast_head":"<!-- This site is optimized with the Yoast SEO plugin v27.5 - https:\/\/yoast.com\/product\/yoast-seo-wordpress\/ -->\n<title>Gu\u00eda de ra\u00edles para EDS 181 - CS Unitec<\/title>\n<meta name=\"description\" content=\"La gu\u00eda de carril proporciona una gu\u00eda r\u00edgida y en l\u00ednea recta para la sierra EDS 181. El dise\u00f1o del ra\u00edl aumenta la precisi\u00f3n, la estabilidad y el control al cortar en acero y otros materiales.\" \/>\n<meta name=\"robots\" content=\"index, follow, max-snippet:-1, max-image-preview:large, max-video-preview:-1\" \/>\n<link rel=\"canonical\" href=\"https:\/\/csunitec.com\/es\/producto\/guia-de-railes-para-eds-181\/\" \/>\n<meta property=\"og:locale\" content=\"es_ES\" \/>\n<meta property=\"og:type\" content=\"article\" \/>\n<meta property=\"og:title\" content=\"Gu\u00eda de ra\u00edles para EDS 181 - CS Unitec\" \/>\n<meta property=\"og:description\" content=\"La gu\u00eda de carril proporciona una gu\u00eda r\u00edgida y en l\u00ednea recta para la sierra EDS 181. El dise\u00f1o del ra\u00edl aumenta la precisi\u00f3n, la estabilidad y el control al cortar en acero y otros materiales.\" \/>\n<meta property=\"og:url\" content=\"https:\/\/csunitec.com\/es\/producto\/guia-de-railes-para-eds-181\/\" \/>\n<meta property=\"og:site_name\" content=\"CS Unitec\" \/>\n<meta property=\"article:modified_time\" content=\"2024-09-17T23:24:00+00:00\" \/>\n<meta property=\"og:image\" content=\"https:\/\/csunitec.com\/wp-content\/uploads\/2025\/04\/Rail-Guide-EDS-181-3-1.png\" \/>\n\t<meta property=\"og:image:width\" content=\"1000\" \/>\n\t<meta property=\"og:image:height\" content=\"1000\" \/>\n\t<meta property=\"og:image:type\" content=\"image\/png\" \/>\n<meta name=\"twitter:card\" content=\"summary_large_image\" \/>\n<meta name=\"twitter:label1\" content=\"Tiempo de lectura\" \/>\n\t<meta name=\"twitter:data1\" content=\"1 minuto\" \/>\n<script type=\"application\/ld+json\" class=\"yoast-schema-graph\">{\"@context\":\"https:\\\/\\\/schema.org\",\"@graph\":[{\"@type\":\"WebPage\",\"@id\":\"https:\\\/\\\/csunitec.com\\\/es\\\/producto\\\/guia-de-railes-para-eds-181\\\/\",\"url\":\"https:\\\/\\\/csunitec.com\\\/es\\\/producto\\\/guia-de-railes-para-eds-181\\\/\",\"name\":\"Gu\u00eda de ra\u00edles para EDS 181 - CS Unitec\",\"isPartOf\":{\"@id\":\"https:\\\/\\\/csunitec.com\\\/es\\\/#website\"},\"primaryImageOfPage\":{\"@id\":\"https:\\\/\\\/csunitec.com\\\/es\\\/producto\\\/guia-de-railes-para-eds-181\\\/#primaryimage\"},\"image\":{\"@id\":\"https:\\\/\\\/csunitec.com\\\/es\\\/producto\\\/guia-de-railes-para-eds-181\\\/#primaryimage\"},\"thumbnailUrl\":\"https:\\\/\\\/csunitec.com\\\/wp-content\\\/uploads\\\/2025\\\/04\\\/Rail-Guide-EDS-181-3-1.png\",\"datePublished\":\"2024-09-17T19:24:00+00:00\",\"dateModified\":\"2024-09-17T23:24:00+00:00\",\"description\":\"La gu\u00eda de carril proporciona una gu\u00eda r\u00edgida y en l\u00ednea recta para la sierra EDS 181. El dise\u00f1o del ra\u00edl aumenta la precisi\u00f3n, la estabilidad y el control al cortar en acero y otros materiales.\",\"breadcrumb\":{\"@id\":\"https:\\\/\\\/csunitec.com\\\/es\\\/producto\\\/guia-de-railes-para-eds-181\\\/#breadcrumb\"},\"inLanguage\":\"es\",\"potentialAction\":[{\"@type\":\"ReadAction\",\"target\":[\"https:\\\/\\\/csunitec.com\\\/es\\\/producto\\\/guia-de-railes-para-eds-181\\\/\"]}]},{\"@type\":\"ImageObject\",\"inLanguage\":\"es\",\"@id\":\"https:\\\/\\\/csunitec.com\\\/es\\\/producto\\\/guia-de-railes-para-eds-181\\\/#primaryimage\",\"url\":\"https:\\\/\\\/csunitec.com\\\/wp-content\\\/uploads\\\/2025\\\/04\\\/Rail-Guide-EDS-181-3-1.png\",\"contentUrl\":\"https:\\\/\\\/csunitec.com\\\/wp-content\\\/uploads\\\/2025\\\/04\\\/Rail-Guide-EDS-181-3-1.png\",\"width\":1000,\"height\":1000},{\"@type\":\"BreadcrumbList\",\"@id\":\"https:\\\/\\\/csunitec.com\\\/es\\\/producto\\\/guia-de-railes-para-eds-181\\\/#breadcrumb\",\"itemListElement\":[{\"@type\":\"ListItem\",\"position\":1,\"name\":\"Inicio\",\"item\":\"https:\\\/\\\/csunitec.com\\\/es\\\/\"},{\"@type\":\"ListItem\",\"position\":2,\"name\":\"Tienda\",\"item\":\"https:\\\/\\\/csunitec.com\\\/es\\\/tienda\\\/\"},{\"@type\":\"ListItem\",\"position\":3,\"name\":\"Gu\u00eda de ra\u00edles para EDS 181\"}]},{\"@type\":\"WebSite\",\"@id\":\"https:\\\/\\\/csunitec.com\\\/es\\\/#website\",\"url\":\"https:\\\/\\\/csunitec.com\\\/es\\\/\",\"name\":\"CS Unitec\",\"description\":\"\",\"potentialAction\":[{\"@type\":\"SearchAction\",\"target\":{\"@type\":\"EntryPoint\",\"urlTemplate\":\"https:\\\/\\\/csunitec.com\\\/es\\\/?s={search_term_string}\"},\"query-input\":{\"@type\":\"PropertyValueSpecification\",\"valueRequired\":true,\"valueName\":\"search_term_string\"}}],\"inLanguage\":\"es\"}]}<\/script>\n<!-- \/ Yoast SEO plugin. -->","yoast_head_json":{"title":"Gu\u00eda de ra\u00edles para EDS 181 - CS Unitec","description":"La gu\u00eda de carril proporciona una gu\u00eda r\u00edgida y en l\u00ednea recta para la sierra EDS 181. El dise\u00f1o del ra\u00edl aumenta la precisi\u00f3n, la estabilidad y el control al cortar en acero y otros materiales.","robots":{"index":"index","follow":"follow","max-snippet":"max-snippet:-1","max-image-preview":"max-image-preview:large","max-video-preview":"max-video-preview:-1"},"canonical":"https:\/\/csunitec.com\/es\/producto\/guia-de-railes-para-eds-181\/","og_locale":"es_ES","og_type":"article","og_title":"Gu\u00eda de ra\u00edles para EDS 181 - CS Unitec","og_description":"La gu\u00eda de carril proporciona una gu\u00eda r\u00edgida y en l\u00ednea recta para la sierra EDS 181. El dise\u00f1o del ra\u00edl aumenta la precisi\u00f3n, la estabilidad y el control al cortar en acero y otros materiales.","og_url":"https:\/\/csunitec.com\/es\/producto\/guia-de-railes-para-eds-181\/","og_site_name":"CS Unitec","article_modified_time":"2024-09-17T23:24:00+00:00","og_image":[{"width":1000,"height":1000,"url":"https:\/\/csunitec.com\/wp-content\/uploads\/2025\/04\/Rail-Guide-EDS-181-3-1.png","type":"image\/png"}],"twitter_card":"summary_large_image","twitter_misc":{"Tiempo de lectura":"1 minuto"},"schema":{"@context":"https:\/\/schema.org","@graph":[{"@type":"WebPage","@id":"https:\/\/csunitec.com\/es\/producto\/guia-de-railes-para-eds-181\/","url":"https:\/\/csunitec.com\/es\/producto\/guia-de-railes-para-eds-181\/","name":"Gu\u00eda de ra\u00edles para EDS 181 - CS Unitec","isPartOf":{"@id":"https:\/\/csunitec.com\/es\/#website"},"primaryImageOfPage":{"@id":"https:\/\/csunitec.com\/es\/producto\/guia-de-railes-para-eds-181\/#primaryimage"},"image":{"@id":"https:\/\/csunitec.com\/es\/producto\/guia-de-railes-para-eds-181\/#primaryimage"},"thumbnailUrl":"https:\/\/csunitec.com\/wp-content\/uploads\/2025\/04\/Rail-Guide-EDS-181-3-1.png","datePublished":"2024-09-17T19:24:00+00:00","dateModified":"2024-09-17T23:24:00+00:00","description":"La gu\u00eda de carril proporciona una gu\u00eda r\u00edgida y en l\u00ednea recta para la sierra EDS 181. El dise\u00f1o del ra\u00edl aumenta la precisi\u00f3n, la estabilidad y el control al cortar en acero y otros materiales.","breadcrumb":{"@id":"https:\/\/csunitec.com\/es\/producto\/guia-de-railes-para-eds-181\/#breadcrumb"},"inLanguage":"es","potentialAction":[{"@type":"ReadAction","target":["https:\/\/csunitec.com\/es\/producto\/guia-de-railes-para-eds-181\/"]}]},{"@type":"ImageObject","inLanguage":"es","@id":"https:\/\/csunitec.com\/es\/producto\/guia-de-railes-para-eds-181\/#primaryimage","url":"https:\/\/csunitec.com\/wp-content\/uploads\/2025\/04\/Rail-Guide-EDS-181-3-1.png","contentUrl":"https:\/\/csunitec.com\/wp-content\/uploads\/2025\/04\/Rail-Guide-EDS-181-3-1.png","width":1000,"height":1000},{"@type":"BreadcrumbList","@id":"https:\/\/csunitec.com\/es\/producto\/guia-de-railes-para-eds-181\/#breadcrumb","itemListElement":[{"@type":"ListItem","position":1,"name":"Inicio","item":"https:\/\/csunitec.com\/es\/"},{"@type":"ListItem","position":2,"name":"Tienda","item":"https:\/\/csunitec.com\/es\/tienda\/"},{"@type":"ListItem","position":3,"name":"Gu\u00eda de ra\u00edles para EDS 181"}]},{"@type":"WebSite","@id":"https:\/\/csunitec.com\/es\/#website","url":"https:\/\/csunitec.com\/es\/","name":"CS Unitec","description":"","potentialAction":[{"@type":"SearchAction","target":{"@type":"EntryPoint","urlTemplate":"https:\/\/csunitec.com\/es\/?s={search_term_string}"},"query-input":{"@type":"PropertyValueSpecification","valueRequired":true,"valueName":"search_term_string"}}],"inLanguage":"es"}]}},"_links":{"self":[{"href":"https:\/\/csunitec.com\/es\/wp-json\/wp\/v2\/product\/179281","targetHints":{"allow":["GET"]}}],"collection":[{"href":"https:\/\/csunitec.com\/es\/wp-json\/wp\/v2\/product"}],"about":[{"href":"https:\/\/csunitec.com\/es\/wp-json\/wp\/v2\/types\/product"}],"wp:featuredmedia":[{"embeddable":true,"href":"https:\/\/csunitec.com\/es\/wp-json\/wp\/v2\/media\/158984"}],"wp:attachment":[{"href":"https:\/\/csunitec.com\/es\/wp-json\/wp\/v2\/media?parent=179281"}],"wp:term":[{"taxonomy":"product_brand","embeddable":true,"href":"https:\/\/csunitec.com\/es\/wp-json\/wp\/v2\/product_brand?post=179281"},{"taxonomy":"product_cat","embeddable":true,"href":"https:\/\/csunitec.com\/es\/wp-json\/wp\/v2\/product_cat?post=179281"},{"taxonomy":"product_tag","embeddable":true,"href":"https:\/\/csunitec.com\/es\/wp-json\/wp\/v2\/product_tag?post=179281"},{"taxonomy":"accessory_type","embeddable":true,"href":"https:\/\/csunitec.com\/es\/wp-json\/wp\/v2\/accessory_type?post=179281"},{"taxonomy":"application","embeddable":true,"href":"https:\/\/csunitec.com\/es\/wp-json\/wp\/v2\/application?post=179281"},{"taxonomy":"hand_tool_type","embeddable":true,"href":"https:\/\/csunitec.com\/es\/wp-json\/wp\/v2\/hand_tool_type?post=179281"},{"taxonomy":"industry","embeddable":true,"href":"https:\/\/csunitec.com\/es\/wp-json\/wp\/v2\/industry?post=179281"},{"taxonomy":"material","embeddable":true,"href":"https:\/\/csunitec.com\/es\/wp-json\/wp\/v2\/material?post=179281"},{"taxonomy":"power_tool_type","embeddable":true,"href":"https:\/\/csunitec.com\/es\/wp-json\/wp\/v2\/power_tool_type?post=179281"},{"taxonomy":"power_type","embeddable":true,"href":"https:\/\/csunitec.com\/es\/wp-json\/wp\/v2\/power_type?post=179281"},{"taxonomy":"subcategory","embeddable":true,"href":"https:\/\/csunitec.com\/es\/wp-json\/wp\/v2\/subcategory?post=179281"},{"taxonomy":"tool_type","embeddable":true,"href":"https:\/\/csunitec.com\/es\/wp-json\/wp\/v2\/tool_type?post=179281"}],"curies":[{"name":"wp","href":"https:\/\/api.w.org\/{rel}","templated":true}]}}