{"id":179342,"date":"2024-08-29T19:02:00","date_gmt":"2024-08-29T23:02:00","guid":{"rendered":"https:\/\/stgcsunitec.wpenginepowered.com\/product\/hojas-de-sierra-para-trabajos-pesados-fast-cut-y-estandar\/"},"modified":"2024-08-29T19:02:00","modified_gmt":"2024-08-29T23:02:00","slug":"hojas-de-sierra-para-trabajos-pesados-fast-cut-y-estandar","status":"publish","type":"product","link":"https:\/\/csunitec.com\/es\/producto\/hojas-de-sierra-para-trabajos-pesados-fast-cut-y-estandar\/","title":{"rendered":"Hojas de sierra para trabajos pesados FAST-CUT y est\u00e1ndar"},"content":{"rendered":"<ul>\n<li>Hojas de sierra dise\u00f1adas para cortar acero, acero inoxidable, hierro fundido y tubos no f\u00e9rreos en entornos industriales, mec\u00e1nicos y de servicios p\u00fablicos.<\/li>\n<li>Adecuado para corte en campo, fabricaci\u00f3n en taller, paradas y operaciones de mantenimiento.<\/li>\n<li>Admite el corte preciso de chapas, perfiles y componentes estructurales durante la fabricaci\u00f3n y modificaci\u00f3n de equipos.<\/li>\n<li>Utilizado por contratistas de agua, gas y mec\u00e1nica para cortar tuber\u00edas, conductos y componentes estructurales durante la instalaci\u00f3n o reparaci\u00f3n.<\/li>\n<li>Suficientemente duraderos para entornos corrosivos o de alta vibraci\u00f3n, como plataformas marinas, astilleros y explotaciones mineras.<\/li>\n<\/ul>\n","protected":false},"excerpt":{"rendered":"<ul>\n<li>Metales f\u00e9rricos y no f\u00e9rricos<\/li>\n<li>Aceros aleados especiales extremadamente duros<\/li>\n<li>Metales maleables y ligeros m\u00e1s blandos<\/li>\n<li>Corta acero, acero inoxidable, aluminio, hierro fundido, madera, pl\u00e1stico, mamposter\u00eda y m\u00e1s<\/li>\n<\/ul>\n","protected":false},"featured_media":156125,"template":"","meta":[],"product_brand":[],"product_cat":[1043],"product_tag":[1232,1262],"accessory_type":[927],"application":[1042],"hand_tool_type":[],"industry":[933,1175,1047],"material":[],"power_tool_type":[],"power_type":[],"subcategory":[1234],"tool_type":[943],"class_list":{"0":"post-179342","1":"product","2":"type-product","3":"status-publish","4":"has-post-thumbnail","6":"product_cat-sierras","7":"product_tag-accesorios-para-sierras-de-arco","8":"product_tag-hojas-de-sierra","9":"accessory_type-accesorio","10":"application-corte-y-conformado","11":"industry-metalurgia-2","12":"industry-mineria","13":"industry-petroquimica","14":"subcategory-sierras-para-metales","15":"tool_type-accesorio","17":"first","18":"instock","19":"shipping-taxable","20":"purchasable","21":"product-type-variable"},"yoast_head":"<!-- This site is optimized with the Yoast SEO plugin v27.5 - https:\/\/yoast.com\/product\/yoast-seo-wordpress\/ -->\n<title>Hojas de sierra para trabajos pesados FAST-CUT y est\u00e1ndar - CS Unitec<\/title>\n<meta name=\"description\" content=\"Hojas de sierra de alta resistencia para cortar metal, acero inoxidable, tubos, hierro fundido y mucho m\u00e1s. Disponibles hojas FAST-CUT de acero r\u00e1pido y extragruesas.\" \/>\n<meta name=\"robots\" content=\"index, follow, max-snippet:-1, max-image-preview:large, max-video-preview:-1\" \/>\n<link rel=\"canonical\" href=\"https:\/\/csunitec.com\/es\/producto\/hojas-de-sierra-para-trabajos-pesados-fast-cut-y-estandar\/\" \/>\n<meta property=\"og:locale\" content=\"es_ES\" \/>\n<meta property=\"og:type\" content=\"article\" \/>\n<meta property=\"og:title\" content=\"Hojas de sierra para trabajos pesados FAST-CUT y est\u00e1ndar - CS Unitec\" \/>\n<meta property=\"og:description\" content=\"Hojas de sierra de alta resistencia para cortar metal, acero inoxidable, tubos, hierro fundido y mucho m\u00e1s. Disponibles hojas FAST-CUT de acero r\u00e1pido y extragruesas.\" \/>\n<meta property=\"og:url\" content=\"https:\/\/csunitec.com\/es\/producto\/hojas-de-sierra-para-trabajos-pesados-fast-cut-y-estandar\/\" \/>\n<meta property=\"og:site_name\" content=\"CS Unitec\" \/>\n<meta property=\"og:image\" content=\"https:\/\/csunitec.com\/wp-content\/uploads\/2025\/04\/Hacksaw-Blades-3-1.png\" \/>\n\t<meta property=\"og:image:width\" content=\"1000\" \/>\n\t<meta property=\"og:image:height\" content=\"1000\" \/>\n\t<meta property=\"og:image:type\" content=\"image\/png\" \/>\n<meta name=\"twitter:card\" content=\"summary_large_image\" \/>\n<meta name=\"twitter:label1\" content=\"Tiempo de lectura\" \/>\n\t<meta name=\"twitter:data1\" content=\"1 minuto\" \/>\n<script type=\"application\/ld+json\" class=\"yoast-schema-graph\">{\"@context\":\"https:\\\/\\\/schema.org\",\"@graph\":[{\"@type\":\"WebPage\",\"@id\":\"https:\\\/\\\/csunitec.com\\\/es\\\/producto\\\/hojas-de-sierra-para-trabajos-pesados-fast-cut-y-estandar\\\/\",\"url\":\"https:\\\/\\\/csunitec.com\\\/es\\\/producto\\\/hojas-de-sierra-para-trabajos-pesados-fast-cut-y-estandar\\\/\",\"name\":\"Hojas de sierra para trabajos pesados FAST-CUT y est\u00e1ndar - CS Unitec\",\"isPartOf\":{\"@id\":\"https:\\\/\\\/csunitec.com\\\/es\\\/#website\"},\"primaryImageOfPage\":{\"@id\":\"https:\\\/\\\/csunitec.com\\\/es\\\/producto\\\/hojas-de-sierra-para-trabajos-pesados-fast-cut-y-estandar\\\/#primaryimage\"},\"image\":{\"@id\":\"https:\\\/\\\/csunitec.com\\\/es\\\/producto\\\/hojas-de-sierra-para-trabajos-pesados-fast-cut-y-estandar\\\/#primaryimage\"},\"thumbnailUrl\":\"https:\\\/\\\/csunitec.com\\\/wp-content\\\/uploads\\\/2025\\\/04\\\/Hacksaw-Blades-3-1.png\",\"datePublished\":\"2024-08-29T23:02:00+00:00\",\"description\":\"Hojas de sierra de alta resistencia para cortar metal, acero inoxidable, tubos, hierro fundido y mucho m\u00e1s. Disponibles hojas FAST-CUT de acero r\u00e1pido y extragruesas.\",\"breadcrumb\":{\"@id\":\"https:\\\/\\\/csunitec.com\\\/es\\\/producto\\\/hojas-de-sierra-para-trabajos-pesados-fast-cut-y-estandar\\\/#breadcrumb\"},\"inLanguage\":\"es\",\"potentialAction\":[{\"@type\":\"ReadAction\",\"target\":[\"https:\\\/\\\/csunitec.com\\\/es\\\/producto\\\/hojas-de-sierra-para-trabajos-pesados-fast-cut-y-estandar\\\/\"]}]},{\"@type\":\"ImageObject\",\"inLanguage\":\"es\",\"@id\":\"https:\\\/\\\/csunitec.com\\\/es\\\/producto\\\/hojas-de-sierra-para-trabajos-pesados-fast-cut-y-estandar\\\/#primaryimage\",\"url\":\"https:\\\/\\\/csunitec.com\\\/wp-content\\\/uploads\\\/2025\\\/04\\\/Hacksaw-Blades-3-1.png\",\"contentUrl\":\"https:\\\/\\\/csunitec.com\\\/wp-content\\\/uploads\\\/2025\\\/04\\\/Hacksaw-Blades-3-1.png\",\"width\":1000,\"height\":1000},{\"@type\":\"BreadcrumbList\",\"@id\":\"https:\\\/\\\/csunitec.com\\\/es\\\/producto\\\/hojas-de-sierra-para-trabajos-pesados-fast-cut-y-estandar\\\/#breadcrumb\",\"itemListElement\":[{\"@type\":\"ListItem\",\"position\":1,\"name\":\"Inicio\",\"item\":\"https:\\\/\\\/csunitec.com\\\/es\\\/\"},{\"@type\":\"ListItem\",\"position\":2,\"name\":\"Tienda\",\"item\":\"https:\\\/\\\/csunitec.com\\\/es\\\/tienda\\\/\"},{\"@type\":\"ListItem\",\"position\":3,\"name\":\"Hojas de sierra para trabajos pesados FAST-CUT y est\u00e1ndar\"}]},{\"@type\":\"WebSite\",\"@id\":\"https:\\\/\\\/csunitec.com\\\/es\\\/#website\",\"url\":\"https:\\\/\\\/csunitec.com\\\/es\\\/\",\"name\":\"CS Unitec\",\"description\":\"\",\"potentialAction\":[{\"@type\":\"SearchAction\",\"target\":{\"@type\":\"EntryPoint\",\"urlTemplate\":\"https:\\\/\\\/csunitec.com\\\/es\\\/?s={search_term_string}\"},\"query-input\":{\"@type\":\"PropertyValueSpecification\",\"valueRequired\":true,\"valueName\":\"search_term_string\"}}],\"inLanguage\":\"es\"}]}<\/script>\n<!-- \/ Yoast SEO plugin. -->","yoast_head_json":{"title":"Hojas de sierra para trabajos pesados FAST-CUT y est\u00e1ndar - CS Unitec","description":"Hojas de sierra de alta resistencia para cortar metal, acero inoxidable, tubos, hierro fundido y mucho m\u00e1s. Disponibles hojas FAST-CUT de acero r\u00e1pido y extragruesas.","robots":{"index":"index","follow":"follow","max-snippet":"max-snippet:-1","max-image-preview":"max-image-preview:large","max-video-preview":"max-video-preview:-1"},"canonical":"https:\/\/csunitec.com\/es\/producto\/hojas-de-sierra-para-trabajos-pesados-fast-cut-y-estandar\/","og_locale":"es_ES","og_type":"article","og_title":"Hojas de sierra para trabajos pesados FAST-CUT y est\u00e1ndar - CS Unitec","og_description":"Hojas de sierra de alta resistencia para cortar metal, acero inoxidable, tubos, hierro fundido y mucho m\u00e1s. Disponibles hojas FAST-CUT de acero r\u00e1pido y extragruesas.","og_url":"https:\/\/csunitec.com\/es\/producto\/hojas-de-sierra-para-trabajos-pesados-fast-cut-y-estandar\/","og_site_name":"CS Unitec","og_image":[{"width":1000,"height":1000,"url":"https:\/\/csunitec.com\/wp-content\/uploads\/2025\/04\/Hacksaw-Blades-3-1.png","type":"image\/png"}],"twitter_card":"summary_large_image","twitter_misc":{"Tiempo de lectura":"1 minuto"},"schema":{"@context":"https:\/\/schema.org","@graph":[{"@type":"WebPage","@id":"https:\/\/csunitec.com\/es\/producto\/hojas-de-sierra-para-trabajos-pesados-fast-cut-y-estandar\/","url":"https:\/\/csunitec.com\/es\/producto\/hojas-de-sierra-para-trabajos-pesados-fast-cut-y-estandar\/","name":"Hojas de sierra para trabajos pesados FAST-CUT y est\u00e1ndar - CS Unitec","isPartOf":{"@id":"https:\/\/csunitec.com\/es\/#website"},"primaryImageOfPage":{"@id":"https:\/\/csunitec.com\/es\/producto\/hojas-de-sierra-para-trabajos-pesados-fast-cut-y-estandar\/#primaryimage"},"image":{"@id":"https:\/\/csunitec.com\/es\/producto\/hojas-de-sierra-para-trabajos-pesados-fast-cut-y-estandar\/#primaryimage"},"thumbnailUrl":"https:\/\/csunitec.com\/wp-content\/uploads\/2025\/04\/Hacksaw-Blades-3-1.png","datePublished":"2024-08-29T23:02:00+00:00","description":"Hojas de sierra de alta resistencia para cortar metal, acero inoxidable, tubos, hierro fundido y mucho m\u00e1s. Disponibles hojas FAST-CUT de acero r\u00e1pido y extragruesas.","breadcrumb":{"@id":"https:\/\/csunitec.com\/es\/producto\/hojas-de-sierra-para-trabajos-pesados-fast-cut-y-estandar\/#breadcrumb"},"inLanguage":"es","potentialAction":[{"@type":"ReadAction","target":["https:\/\/csunitec.com\/es\/producto\/hojas-de-sierra-para-trabajos-pesados-fast-cut-y-estandar\/"]}]},{"@type":"ImageObject","inLanguage":"es","@id":"https:\/\/csunitec.com\/es\/producto\/hojas-de-sierra-para-trabajos-pesados-fast-cut-y-estandar\/#primaryimage","url":"https:\/\/csunitec.com\/wp-content\/uploads\/2025\/04\/Hacksaw-Blades-3-1.png","contentUrl":"https:\/\/csunitec.com\/wp-content\/uploads\/2025\/04\/Hacksaw-Blades-3-1.png","width":1000,"height":1000},{"@type":"BreadcrumbList","@id":"https:\/\/csunitec.com\/es\/producto\/hojas-de-sierra-para-trabajos-pesados-fast-cut-y-estandar\/#breadcrumb","itemListElement":[{"@type":"ListItem","position":1,"name":"Inicio","item":"https:\/\/csunitec.com\/es\/"},{"@type":"ListItem","position":2,"name":"Tienda","item":"https:\/\/csunitec.com\/es\/tienda\/"},{"@type":"ListItem","position":3,"name":"Hojas de sierra para trabajos pesados FAST-CUT y est\u00e1ndar"}]},{"@type":"WebSite","@id":"https:\/\/csunitec.com\/es\/#website","url":"https:\/\/csunitec.com\/es\/","name":"CS Unitec","description":"","potentialAction":[{"@type":"SearchAction","target":{"@type":"EntryPoint","urlTemplate":"https:\/\/csunitec.com\/es\/?s={search_term_string}"},"query-input":{"@type":"PropertyValueSpecification","valueRequired":true,"valueName":"search_term_string"}}],"inLanguage":"es"}]}},"_links":{"self":[{"href":"https:\/\/csunitec.com\/es\/wp-json\/wp\/v2\/product\/179342","targetHints":{"allow":["GET"]}}],"collection":[{"href":"https:\/\/csunitec.com\/es\/wp-json\/wp\/v2\/product"}],"about":[{"href":"https:\/\/csunitec.com\/es\/wp-json\/wp\/v2\/types\/product"}],"wp:featuredmedia":[{"embeddable":true,"href":"https:\/\/csunitec.com\/es\/wp-json\/wp\/v2\/media\/156125"}],"wp:attachment":[{"href":"https:\/\/csunitec.com\/es\/wp-json\/wp\/v2\/media?parent=179342"}],"wp:term":[{"taxonomy":"product_brand","embeddable":true,"href":"https:\/\/csunitec.com\/es\/wp-json\/wp\/v2\/product_brand?post=179342"},{"taxonomy":"product_cat","embeddable":true,"href":"https:\/\/csunitec.com\/es\/wp-json\/wp\/v2\/product_cat?post=179342"},{"taxonomy":"product_tag","embeddable":true,"href":"https:\/\/csunitec.com\/es\/wp-json\/wp\/v2\/product_tag?post=179342"},{"taxonomy":"accessory_type","embeddable":true,"href":"https:\/\/csunitec.com\/es\/wp-json\/wp\/v2\/accessory_type?post=179342"},{"taxonomy":"application","embeddable":true,"href":"https:\/\/csunitec.com\/es\/wp-json\/wp\/v2\/application?post=179342"},{"taxonomy":"hand_tool_type","embeddable":true,"href":"https:\/\/csunitec.com\/es\/wp-json\/wp\/v2\/hand_tool_type?post=179342"},{"taxonomy":"industry","embeddable":true,"href":"https:\/\/csunitec.com\/es\/wp-json\/wp\/v2\/industry?post=179342"},{"taxonomy":"material","embeddable":true,"href":"https:\/\/csunitec.com\/es\/wp-json\/wp\/v2\/material?post=179342"},{"taxonomy":"power_tool_type","embeddable":true,"href":"https:\/\/csunitec.com\/es\/wp-json\/wp\/v2\/power_tool_type?post=179342"},{"taxonomy":"power_type","embeddable":true,"href":"https:\/\/csunitec.com\/es\/wp-json\/wp\/v2\/power_type?post=179342"},{"taxonomy":"subcategory","embeddable":true,"href":"https:\/\/csunitec.com\/es\/wp-json\/wp\/v2\/subcategory?post=179342"},{"taxonomy":"tool_type","embeddable":true,"href":"https:\/\/csunitec.com\/es\/wp-json\/wp\/v2\/tool_type?post=179342"}],"curies":[{"name":"wp","href":"https:\/\/api.w.org\/{rel}","templated":true}]}}