{"id":179392,"date":"2024-08-06T17:45:00","date_gmt":"2024-08-06T17:45:00","guid":{"rendered":"https:\/\/stgcsunitec.wpenginepowered.com\/product\/cadenas-de-extension-para-pinzas-de-sierra\/"},"modified":"2024-08-06T17:45:00","modified_gmt":"2024-08-06T21:45:00","slug":"cadenas-de-extension-para-pinzas-de-sierra","status":"publish","type":"product","link":"https:\/\/csunitec.com\/es\/producto\/cadenas-de-extension-para-pinzas-de-sierra\/","title":{"rendered":"Cadenas de extensi\u00f3n para pinzas de sierra"},"content":{"rendered":"<ul>\n<li>Las cadenas de extensi\u00f3n ampl\u00edan la capacidad de las abrazaderas de tubo CS Unitec compatibles para manejar di\u00e1metros de tubo significativamente mayores (hasta 30&#8243; de di\u00e1metro exterior, seg\u00fan el modelo de abrazadera).<\/li>\n<li>\u00datil durante las paradas, paradas y operaciones de reparaci\u00f3n de la planta en las que los tama\u00f1os de las tuber\u00edas var\u00edan mucho.<\/li>\n<li>Permite que un \u00fanico sistema de abrazaderas se adapte a varios di\u00e1metros de tubo, reduciendo la necesidad de equipos adicionales.<\/li>\n<li>Permite cortar de forma segura y controlada grandes tramos de tuber\u00edas, dep\u00f3sitos y componentes estructurales durante trabajos de demolici\u00f3n, servicios p\u00fablicos o desmantelamiento.<\/li>\n<\/ul>\n","protected":false},"excerpt":{"rendered":"<ul>\n<li>Extiende la abrazadera de tubo hasta 30&#8243; de di\u00e1metro exterior<\/li>\n<li>Utilizar con las pinzas <em>5 1202 9950, 5 1202 9960, 5 1208 9980 y 5 1208 9990<\/em><\/li>\n<\/ul>\n","protected":false},"featured_media":155391,"template":"","meta":[],"product_brand":[],"product_cat":[1043],"product_tag":[1232],"accessory_type":[927],"application":[1042],"hand_tool_type":[],"industry":[933,1047,1175],"material":[],"power_tool_type":[],"power_type":[],"subcategory":[1234],"tool_type":[943],"class_list":{"0":"post-179392","1":"product","2":"type-product","3":"status-publish","4":"has-post-thumbnail","6":"product_cat-sierras","7":"product_tag-accesorios-para-sierras-de-arco","8":"accessory_type-accesorio","9":"application-corte-y-conformado","10":"industry-metalurgia-2","11":"industry-petroquimica","12":"industry-mineria","13":"subcategory-sierras-para-metales","14":"tool_type-accesorio","16":"first","17":"instock","18":"shipping-taxable","19":"purchasable","20":"product-type-variable"},"yoast_head":"<!-- This site is optimized with the Yoast SEO plugin v27.5 - https:\/\/yoast.com\/product\/yoast-seo-wordpress\/ -->\n<title>Cadenas de extensi\u00f3n para pinzas de sierra - CS Unitec<\/title>\n<meta name=\"description\" content=\"Las cadenas de extensi\u00f3n para abrazaderas de tubo de sierra CS Unitec aumentan la capacidad de corte hasta 30&quot; de di\u00e1metro exterior. Para usar con abrazaderas de tubo manuales y autom\u00e1ticas.\" \/>\n<meta name=\"robots\" content=\"index, follow, max-snippet:-1, max-image-preview:large, max-video-preview:-1\" \/>\n<link rel=\"canonical\" href=\"https:\/\/csunitec.com\/es\/producto\/cadenas-de-extension-para-pinzas-de-sierra\/\" \/>\n<meta property=\"og:locale\" content=\"es_ES\" \/>\n<meta property=\"og:type\" content=\"article\" \/>\n<meta property=\"og:title\" content=\"Cadenas de extensi\u00f3n para pinzas de sierra - CS Unitec\" \/>\n<meta property=\"og:description\" content=\"Las cadenas de extensi\u00f3n para abrazaderas de tubo de sierra CS Unitec aumentan la capacidad de corte hasta 30&quot; de di\u00e1metro exterior. Para usar con abrazaderas de tubo manuales y autom\u00e1ticas.\" \/>\n<meta property=\"og:url\" content=\"https:\/\/csunitec.com\/es\/producto\/cadenas-de-extension-para-pinzas-de-sierra\/\" \/>\n<meta property=\"og:site_name\" content=\"CS Unitec\" \/>\n<meta property=\"article:modified_time\" content=\"2024-08-06T21:45:00+00:00\" \/>\n<meta property=\"og:image\" content=\"https:\/\/csunitec.com\/wp-content\/uploads\/2025\/04\/Hacksaw-Extension-Chains-1000-x-1000-7-2.png\" \/>\n\t<meta property=\"og:image:width\" content=\"1000\" \/>\n\t<meta property=\"og:image:height\" content=\"1000\" \/>\n\t<meta property=\"og:image:type\" content=\"image\/png\" \/>\n<meta name=\"twitter:card\" content=\"summary_large_image\" \/>\n<meta name=\"twitter:label1\" content=\"Tiempo de lectura\" \/>\n\t<meta name=\"twitter:data1\" content=\"1 minuto\" \/>\n<script type=\"application\/ld+json\" class=\"yoast-schema-graph\">{\"@context\":\"https:\\\/\\\/schema.org\",\"@graph\":[{\"@type\":\"WebPage\",\"@id\":\"https:\\\/\\\/csunitec.com\\\/es\\\/producto\\\/cadenas-de-extension-para-pinzas-de-sierra\\\/\",\"url\":\"https:\\\/\\\/csunitec.com\\\/es\\\/producto\\\/cadenas-de-extension-para-pinzas-de-sierra\\\/\",\"name\":\"Cadenas de extensi\u00f3n para pinzas de sierra - CS Unitec\",\"isPartOf\":{\"@id\":\"https:\\\/\\\/csunitec.com\\\/es\\\/#website\"},\"primaryImageOfPage\":{\"@id\":\"https:\\\/\\\/csunitec.com\\\/es\\\/producto\\\/cadenas-de-extension-para-pinzas-de-sierra\\\/#primaryimage\"},\"image\":{\"@id\":\"https:\\\/\\\/csunitec.com\\\/es\\\/producto\\\/cadenas-de-extension-para-pinzas-de-sierra\\\/#primaryimage\"},\"thumbnailUrl\":\"https:\\\/\\\/csunitec.com\\\/wp-content\\\/uploads\\\/2025\\\/04\\\/Hacksaw-Extension-Chains-1000-x-1000-7-2.png\",\"datePublished\":\"2024-08-06T17:45:00+00:00\",\"dateModified\":\"2024-08-06T21:45:00+00:00\",\"description\":\"Las cadenas de extensi\u00f3n para abrazaderas de tubo de sierra CS Unitec aumentan la capacidad de corte hasta 30\\\" de di\u00e1metro exterior. Para usar con abrazaderas de tubo manuales y autom\u00e1ticas.\",\"breadcrumb\":{\"@id\":\"https:\\\/\\\/csunitec.com\\\/es\\\/producto\\\/cadenas-de-extension-para-pinzas-de-sierra\\\/#breadcrumb\"},\"inLanguage\":\"es\",\"potentialAction\":[{\"@type\":\"ReadAction\",\"target\":[\"https:\\\/\\\/csunitec.com\\\/es\\\/producto\\\/cadenas-de-extension-para-pinzas-de-sierra\\\/\"]}]},{\"@type\":\"ImageObject\",\"inLanguage\":\"es\",\"@id\":\"https:\\\/\\\/csunitec.com\\\/es\\\/producto\\\/cadenas-de-extension-para-pinzas-de-sierra\\\/#primaryimage\",\"url\":\"https:\\\/\\\/csunitec.com\\\/wp-content\\\/uploads\\\/2025\\\/04\\\/Hacksaw-Extension-Chains-1000-x-1000-7-2.png\",\"contentUrl\":\"https:\\\/\\\/csunitec.com\\\/wp-content\\\/uploads\\\/2025\\\/04\\\/Hacksaw-Extension-Chains-1000-x-1000-7-2.png\",\"width\":1000,\"height\":1000},{\"@type\":\"BreadcrumbList\",\"@id\":\"https:\\\/\\\/csunitec.com\\\/es\\\/producto\\\/cadenas-de-extension-para-pinzas-de-sierra\\\/#breadcrumb\",\"itemListElement\":[{\"@type\":\"ListItem\",\"position\":1,\"name\":\"Inicio\",\"item\":\"https:\\\/\\\/csunitec.com\\\/es\\\/\"},{\"@type\":\"ListItem\",\"position\":2,\"name\":\"Tienda\",\"item\":\"https:\\\/\\\/csunitec.com\\\/es\\\/tienda\\\/\"},{\"@type\":\"ListItem\",\"position\":3,\"name\":\"Cadenas de extensi\u00f3n para pinzas de sierra\"}]},{\"@type\":\"WebSite\",\"@id\":\"https:\\\/\\\/csunitec.com\\\/es\\\/#website\",\"url\":\"https:\\\/\\\/csunitec.com\\\/es\\\/\",\"name\":\"CS Unitec\",\"description\":\"\",\"potentialAction\":[{\"@type\":\"SearchAction\",\"target\":{\"@type\":\"EntryPoint\",\"urlTemplate\":\"https:\\\/\\\/csunitec.com\\\/es\\\/?s={search_term_string}\"},\"query-input\":{\"@type\":\"PropertyValueSpecification\",\"valueRequired\":true,\"valueName\":\"search_term_string\"}}],\"inLanguage\":\"es\"}]}<\/script>\n<!-- \/ Yoast SEO plugin. -->","yoast_head_json":{"title":"Cadenas de extensi\u00f3n para pinzas de sierra - CS Unitec","description":"Las cadenas de extensi\u00f3n para abrazaderas de tubo de sierra CS Unitec aumentan la capacidad de corte hasta 30\" de di\u00e1metro exterior. Para usar con abrazaderas de tubo manuales y autom\u00e1ticas.","robots":{"index":"index","follow":"follow","max-snippet":"max-snippet:-1","max-image-preview":"max-image-preview:large","max-video-preview":"max-video-preview:-1"},"canonical":"https:\/\/csunitec.com\/es\/producto\/cadenas-de-extension-para-pinzas-de-sierra\/","og_locale":"es_ES","og_type":"article","og_title":"Cadenas de extensi\u00f3n para pinzas de sierra - CS Unitec","og_description":"Las cadenas de extensi\u00f3n para abrazaderas de tubo de sierra CS Unitec aumentan la capacidad de corte hasta 30\" de di\u00e1metro exterior. Para usar con abrazaderas de tubo manuales y autom\u00e1ticas.","og_url":"https:\/\/csunitec.com\/es\/producto\/cadenas-de-extension-para-pinzas-de-sierra\/","og_site_name":"CS Unitec","article_modified_time":"2024-08-06T21:45:00+00:00","og_image":[{"width":1000,"height":1000,"url":"https:\/\/csunitec.com\/wp-content\/uploads\/2025\/04\/Hacksaw-Extension-Chains-1000-x-1000-7-2.png","type":"image\/png"}],"twitter_card":"summary_large_image","twitter_misc":{"Tiempo de lectura":"1 minuto"},"schema":{"@context":"https:\/\/schema.org","@graph":[{"@type":"WebPage","@id":"https:\/\/csunitec.com\/es\/producto\/cadenas-de-extension-para-pinzas-de-sierra\/","url":"https:\/\/csunitec.com\/es\/producto\/cadenas-de-extension-para-pinzas-de-sierra\/","name":"Cadenas de extensi\u00f3n para pinzas de sierra - CS Unitec","isPartOf":{"@id":"https:\/\/csunitec.com\/es\/#website"},"primaryImageOfPage":{"@id":"https:\/\/csunitec.com\/es\/producto\/cadenas-de-extension-para-pinzas-de-sierra\/#primaryimage"},"image":{"@id":"https:\/\/csunitec.com\/es\/producto\/cadenas-de-extension-para-pinzas-de-sierra\/#primaryimage"},"thumbnailUrl":"https:\/\/csunitec.com\/wp-content\/uploads\/2025\/04\/Hacksaw-Extension-Chains-1000-x-1000-7-2.png","datePublished":"2024-08-06T17:45:00+00:00","dateModified":"2024-08-06T21:45:00+00:00","description":"Las cadenas de extensi\u00f3n para abrazaderas de tubo de sierra CS Unitec aumentan la capacidad de corte hasta 30\" de di\u00e1metro exterior. Para usar con abrazaderas de tubo manuales y autom\u00e1ticas.","breadcrumb":{"@id":"https:\/\/csunitec.com\/es\/producto\/cadenas-de-extension-para-pinzas-de-sierra\/#breadcrumb"},"inLanguage":"es","potentialAction":[{"@type":"ReadAction","target":["https:\/\/csunitec.com\/es\/producto\/cadenas-de-extension-para-pinzas-de-sierra\/"]}]},{"@type":"ImageObject","inLanguage":"es","@id":"https:\/\/csunitec.com\/es\/producto\/cadenas-de-extension-para-pinzas-de-sierra\/#primaryimage","url":"https:\/\/csunitec.com\/wp-content\/uploads\/2025\/04\/Hacksaw-Extension-Chains-1000-x-1000-7-2.png","contentUrl":"https:\/\/csunitec.com\/wp-content\/uploads\/2025\/04\/Hacksaw-Extension-Chains-1000-x-1000-7-2.png","width":1000,"height":1000},{"@type":"BreadcrumbList","@id":"https:\/\/csunitec.com\/es\/producto\/cadenas-de-extension-para-pinzas-de-sierra\/#breadcrumb","itemListElement":[{"@type":"ListItem","position":1,"name":"Inicio","item":"https:\/\/csunitec.com\/es\/"},{"@type":"ListItem","position":2,"name":"Tienda","item":"https:\/\/csunitec.com\/es\/tienda\/"},{"@type":"ListItem","position":3,"name":"Cadenas de extensi\u00f3n para pinzas de sierra"}]},{"@type":"WebSite","@id":"https:\/\/csunitec.com\/es\/#website","url":"https:\/\/csunitec.com\/es\/","name":"CS Unitec","description":"","potentialAction":[{"@type":"SearchAction","target":{"@type":"EntryPoint","urlTemplate":"https:\/\/csunitec.com\/es\/?s={search_term_string}"},"query-input":{"@type":"PropertyValueSpecification","valueRequired":true,"valueName":"search_term_string"}}],"inLanguage":"es"}]}},"_links":{"self":[{"href":"https:\/\/csunitec.com\/es\/wp-json\/wp\/v2\/product\/179392","targetHints":{"allow":["GET"]}}],"collection":[{"href":"https:\/\/csunitec.com\/es\/wp-json\/wp\/v2\/product"}],"about":[{"href":"https:\/\/csunitec.com\/es\/wp-json\/wp\/v2\/types\/product"}],"wp:featuredmedia":[{"embeddable":true,"href":"https:\/\/csunitec.com\/es\/wp-json\/wp\/v2\/media\/155391"}],"wp:attachment":[{"href":"https:\/\/csunitec.com\/es\/wp-json\/wp\/v2\/media?parent=179392"}],"wp:term":[{"taxonomy":"product_brand","embeddable":true,"href":"https:\/\/csunitec.com\/es\/wp-json\/wp\/v2\/product_brand?post=179392"},{"taxonomy":"product_cat","embeddable":true,"href":"https:\/\/csunitec.com\/es\/wp-json\/wp\/v2\/product_cat?post=179392"},{"taxonomy":"product_tag","embeddable":true,"href":"https:\/\/csunitec.com\/es\/wp-json\/wp\/v2\/product_tag?post=179392"},{"taxonomy":"accessory_type","embeddable":true,"href":"https:\/\/csunitec.com\/es\/wp-json\/wp\/v2\/accessory_type?post=179392"},{"taxonomy":"application","embeddable":true,"href":"https:\/\/csunitec.com\/es\/wp-json\/wp\/v2\/application?post=179392"},{"taxonomy":"hand_tool_type","embeddable":true,"href":"https:\/\/csunitec.com\/es\/wp-json\/wp\/v2\/hand_tool_type?post=179392"},{"taxonomy":"industry","embeddable":true,"href":"https:\/\/csunitec.com\/es\/wp-json\/wp\/v2\/industry?post=179392"},{"taxonomy":"material","embeddable":true,"href":"https:\/\/csunitec.com\/es\/wp-json\/wp\/v2\/material?post=179392"},{"taxonomy":"power_tool_type","embeddable":true,"href":"https:\/\/csunitec.com\/es\/wp-json\/wp\/v2\/power_tool_type?post=179392"},{"taxonomy":"power_type","embeddable":true,"href":"https:\/\/csunitec.com\/es\/wp-json\/wp\/v2\/power_type?post=179392"},{"taxonomy":"subcategory","embeddable":true,"href":"https:\/\/csunitec.com\/es\/wp-json\/wp\/v2\/subcategory?post=179392"},{"taxonomy":"tool_type","embeddable":true,"href":"https:\/\/csunitec.com\/es\/wp-json\/wp\/v2\/tool_type?post=179392"}],"curies":[{"name":"wp","href":"https:\/\/api.w.org\/{rel}","templated":true}]}}