{"id":179416,"date":"2024-09-03T15:16:00","date_gmt":"2024-09-03T15:16:00","guid":{"rendered":"https:\/\/stgcsunitec.wpenginepowered.com\/product\/sierras-de-cinta-neumaticas\/"},"modified":"2026-04-30T02:00:05","modified_gmt":"2026-04-30T06:00:05","slug":"sierras-de-cinta-neumaticas","status":"publish","type":"product","link":"https:\/\/csunitec.com\/es\/producto\/sierras-de-cinta-neumaticas\/","title":{"rendered":"Sierras de cinta neum\u00e1ticas"},"content":{"rendered":"<ul>\n<li>Las sierras de cinta neum\u00e1ticas son m\u00e1s seguras para las zonas peligrosas donde no se permiten las herramientas el\u00e9ctricas.<\/li>\n<li>De uso com\u00fan en refiner\u00edas, plantas qu\u00edmicas, empresas de gas e instalaciones de almacenamiento de combustible.<\/li>\n<li>Adecuado para tubos de acero, inoxidables, aleados y no met\u00e1licos en entornos de campo o taller.<\/li>\n<li>Eficaz para la demolici\u00f3n controlada de estructuras met\u00e1licas, dep\u00f3sitos y componentes pesados.<\/li>\n<li>Ideal para entornos en los que deben minimizarse las chispas o el calor.<\/li>\n<\/ul>\n","protected":false},"excerpt":{"rendered":"<ul class=\"alexcss\">\n<li>Capacidad de corte: Hasta 8&#8243; (Redonda), 9 \u00abx8-1\/5\u00bb (Rectangular)<\/li>\n<li>Velocidad de la cuchilla: 2,2-5,75 pies\/s (disponibles las opciones de velocidad variable y velocidad \u00fanica)<\/li>\n<li>Conexi\u00f3n: R 1\/4&#8243; hembra y 1\/2&#8243; NPT (ID)<\/li>\n<li>Potencia del motor: 0,7-1,3 CV<\/li>\n<li>Consumo de aire: 19 CFM &#8211; 43 CFM<\/li>\n<li>Certificado ATEX para Zonas EX<\/li>\n<\/ul>\n","protected":false},"featured_media":179457,"template":"","meta":[],"product_brand":[],"product_cat":[1043,1048],"product_tag":[973,1237,1264],"accessory_type":[],"application":[1042],"hand_tool_type":[],"industry":[933,971,1047,1175],"material":[],"power_tool_type":[1235],"power_type":[972],"subcategory":[1112,1239],"tool_type":[946],"class_list":{"0":"post-179416","1":"product","2":"type-product","3":"status-publish","4":"has-post-thumbnail","6":"product_cat-sierras","7":"product_cat-herramientas-de-seguridad","8":"product_tag-atex","9":"product_tag-sierras-de-cinta","10":"product_tag-sierras-de-cinta-neumaticas","11":"application-corte-y-conformado","12":"industry-metalurgia-2","13":"industry-submarino","14":"industry-petroquimica","15":"industry-mineria","16":"power_tool_type-sierra-de-cinta","17":"power_type-aire","18":"subcategory-herramientas-de-seguridad","19":"subcategory-sierras-de-cinta","20":"tool_type-herramienta-electrica","22":"first","23":"instock","24":"shipping-taxable","25":"purchasable","26":"product-type-variable"},"yoast_head":"<!-- This site is optimized with the Yoast SEO plugin v27.5 - https:\/\/yoast.com\/product\/yoast-seo-wordpress\/ -->\n<title>Sierras de cinta neum\u00e1ticas - CS Unitec<\/title>\n<meta name=\"description\" content=\"Sierras de cinta neum\u00e1ticas para el corte r\u00e1pido y en fr\u00edo de metal, tubos y acero en entornos peligrosos o confinados. Las sierras de cinta neum\u00e1ticas ofrecen un rendimiento suave y controlado.\" \/>\n<meta name=\"robots\" content=\"index, follow, max-snippet:-1, max-image-preview:large, max-video-preview:-1\" \/>\n<link rel=\"canonical\" href=\"https:\/\/csunitec.com\/es\/producto\/sierras-de-cinta-neumaticas\/\" \/>\n<meta property=\"og:locale\" content=\"es_ES\" \/>\n<meta property=\"og:type\" content=\"article\" \/>\n<meta property=\"og:title\" content=\"Sierras de cinta neum\u00e1ticas - CS Unitec\" \/>\n<meta property=\"og:description\" content=\"Sierras de cinta neum\u00e1ticas para el corte r\u00e1pido y en fr\u00edo de metal, tubos y acero en entornos peligrosos o confinados. Las sierras de cinta neum\u00e1ticas ofrecen un rendimiento suave y controlado.\" \/>\n<meta property=\"og:url\" content=\"https:\/\/csunitec.com\/es\/producto\/sierras-de-cinta-neumaticas\/\" \/>\n<meta property=\"og:site_name\" content=\"CS Unitec\" \/>\n<meta property=\"article:modified_time\" content=\"2026-04-30T06:00:05+00:00\" \/>\n<meta property=\"og:image\" content=\"https:\/\/csunitec.com\/wp-content\/uploads\/2025\/04\/5-6003-0010-Band-Saw-1000-x-1000-5-1.png\" \/>\n\t<meta property=\"og:image:width\" content=\"1000\" \/>\n\t<meta property=\"og:image:height\" content=\"1000\" \/>\n\t<meta property=\"og:image:type\" content=\"image\/png\" \/>\n<meta name=\"twitter:card\" content=\"summary_large_image\" \/>\n<script type=\"application\/ld+json\" class=\"yoast-schema-graph\">{\"@context\":\"https:\\\/\\\/schema.org\",\"@graph\":[{\"@type\":\"WebPage\",\"@id\":\"https:\\\/\\\/csunitec.com\\\/es\\\/producto\\\/sierras-de-cinta-neumaticas\\\/\",\"url\":\"https:\\\/\\\/csunitec.com\\\/es\\\/producto\\\/sierras-de-cinta-neumaticas\\\/\",\"name\":\"Sierras de cinta neum\u00e1ticas - CS Unitec\",\"isPartOf\":{\"@id\":\"https:\\\/\\\/csunitec.com\\\/es\\\/#website\"},\"primaryImageOfPage\":{\"@id\":\"https:\\\/\\\/csunitec.com\\\/es\\\/producto\\\/sierras-de-cinta-neumaticas\\\/#primaryimage\"},\"image\":{\"@id\":\"https:\\\/\\\/csunitec.com\\\/es\\\/producto\\\/sierras-de-cinta-neumaticas\\\/#primaryimage\"},\"thumbnailUrl\":\"https:\\\/\\\/csunitec.com\\\/wp-content\\\/uploads\\\/2025\\\/04\\\/5-6003-0010-Band-Saw-1000-x-1000-5-1.png\",\"datePublished\":\"2024-09-03T15:16:00+00:00\",\"dateModified\":\"2026-04-30T06:00:05+00:00\",\"description\":\"Sierras de cinta neum\u00e1ticas para el corte r\u00e1pido y en fr\u00edo de metal, tubos y acero en entornos peligrosos o confinados. Las sierras de cinta neum\u00e1ticas ofrecen un rendimiento suave y controlado.\",\"breadcrumb\":{\"@id\":\"https:\\\/\\\/csunitec.com\\\/es\\\/producto\\\/sierras-de-cinta-neumaticas\\\/#breadcrumb\"},\"inLanguage\":\"es\",\"potentialAction\":[{\"@type\":\"ReadAction\",\"target\":[\"https:\\\/\\\/csunitec.com\\\/es\\\/producto\\\/sierras-de-cinta-neumaticas\\\/\"]}]},{\"@type\":\"ImageObject\",\"inLanguage\":\"es\",\"@id\":\"https:\\\/\\\/csunitec.com\\\/es\\\/producto\\\/sierras-de-cinta-neumaticas\\\/#primaryimage\",\"url\":\"https:\\\/\\\/csunitec.com\\\/wp-content\\\/uploads\\\/2025\\\/04\\\/5-6003-0010-Band-Saw-1000-x-1000-5-1.png\",\"contentUrl\":\"https:\\\/\\\/csunitec.com\\\/wp-content\\\/uploads\\\/2025\\\/04\\\/5-6003-0010-Band-Saw-1000-x-1000-5-1.png\",\"width\":1000,\"height\":1000},{\"@type\":\"BreadcrumbList\",\"@id\":\"https:\\\/\\\/csunitec.com\\\/es\\\/producto\\\/sierras-de-cinta-neumaticas\\\/#breadcrumb\",\"itemListElement\":[{\"@type\":\"ListItem\",\"position\":1,\"name\":\"Inicio\",\"item\":\"https:\\\/\\\/csunitec.com\\\/es\\\/\"},{\"@type\":\"ListItem\",\"position\":2,\"name\":\"Tienda\",\"item\":\"https:\\\/\\\/csunitec.com\\\/es\\\/tienda\\\/\"},{\"@type\":\"ListItem\",\"position\":3,\"name\":\"Sierras de cinta neum\u00e1ticas\"}]},{\"@type\":\"WebSite\",\"@id\":\"https:\\\/\\\/csunitec.com\\\/es\\\/#website\",\"url\":\"https:\\\/\\\/csunitec.com\\\/es\\\/\",\"name\":\"CS Unitec\",\"description\":\"\",\"potentialAction\":[{\"@type\":\"SearchAction\",\"target\":{\"@type\":\"EntryPoint\",\"urlTemplate\":\"https:\\\/\\\/csunitec.com\\\/es\\\/?s={search_term_string}\"},\"query-input\":{\"@type\":\"PropertyValueSpecification\",\"valueRequired\":true,\"valueName\":\"search_term_string\"}}],\"inLanguage\":\"es\"}]}<\/script>\n<!-- \/ Yoast SEO plugin. -->","yoast_head_json":{"title":"Sierras de cinta neum\u00e1ticas - CS Unitec","description":"Sierras de cinta neum\u00e1ticas para el corte r\u00e1pido y en fr\u00edo de metal, tubos y acero en entornos peligrosos o confinados. Las sierras de cinta neum\u00e1ticas ofrecen un rendimiento suave y controlado.","robots":{"index":"index","follow":"follow","max-snippet":"max-snippet:-1","max-image-preview":"max-image-preview:large","max-video-preview":"max-video-preview:-1"},"canonical":"https:\/\/csunitec.com\/es\/producto\/sierras-de-cinta-neumaticas\/","og_locale":"es_ES","og_type":"article","og_title":"Sierras de cinta neum\u00e1ticas - CS Unitec","og_description":"Sierras de cinta neum\u00e1ticas para el corte r\u00e1pido y en fr\u00edo de metal, tubos y acero en entornos peligrosos o confinados. Las sierras de cinta neum\u00e1ticas ofrecen un rendimiento suave y controlado.","og_url":"https:\/\/csunitec.com\/es\/producto\/sierras-de-cinta-neumaticas\/","og_site_name":"CS Unitec","article_modified_time":"2026-04-30T06:00:05+00:00","og_image":[{"width":1000,"height":1000,"url":"https:\/\/csunitec.com\/wp-content\/uploads\/2025\/04\/5-6003-0010-Band-Saw-1000-x-1000-5-1.png","type":"image\/png"}],"twitter_card":"summary_large_image","schema":{"@context":"https:\/\/schema.org","@graph":[{"@type":"WebPage","@id":"https:\/\/csunitec.com\/es\/producto\/sierras-de-cinta-neumaticas\/","url":"https:\/\/csunitec.com\/es\/producto\/sierras-de-cinta-neumaticas\/","name":"Sierras de cinta neum\u00e1ticas - CS Unitec","isPartOf":{"@id":"https:\/\/csunitec.com\/es\/#website"},"primaryImageOfPage":{"@id":"https:\/\/csunitec.com\/es\/producto\/sierras-de-cinta-neumaticas\/#primaryimage"},"image":{"@id":"https:\/\/csunitec.com\/es\/producto\/sierras-de-cinta-neumaticas\/#primaryimage"},"thumbnailUrl":"https:\/\/csunitec.com\/wp-content\/uploads\/2025\/04\/5-6003-0010-Band-Saw-1000-x-1000-5-1.png","datePublished":"2024-09-03T15:16:00+00:00","dateModified":"2026-04-30T06:00:05+00:00","description":"Sierras de cinta neum\u00e1ticas para el corte r\u00e1pido y en fr\u00edo de metal, tubos y acero en entornos peligrosos o confinados. Las sierras de cinta neum\u00e1ticas ofrecen un rendimiento suave y controlado.","breadcrumb":{"@id":"https:\/\/csunitec.com\/es\/producto\/sierras-de-cinta-neumaticas\/#breadcrumb"},"inLanguage":"es","potentialAction":[{"@type":"ReadAction","target":["https:\/\/csunitec.com\/es\/producto\/sierras-de-cinta-neumaticas\/"]}]},{"@type":"ImageObject","inLanguage":"es","@id":"https:\/\/csunitec.com\/es\/producto\/sierras-de-cinta-neumaticas\/#primaryimage","url":"https:\/\/csunitec.com\/wp-content\/uploads\/2025\/04\/5-6003-0010-Band-Saw-1000-x-1000-5-1.png","contentUrl":"https:\/\/csunitec.com\/wp-content\/uploads\/2025\/04\/5-6003-0010-Band-Saw-1000-x-1000-5-1.png","width":1000,"height":1000},{"@type":"BreadcrumbList","@id":"https:\/\/csunitec.com\/es\/producto\/sierras-de-cinta-neumaticas\/#breadcrumb","itemListElement":[{"@type":"ListItem","position":1,"name":"Inicio","item":"https:\/\/csunitec.com\/es\/"},{"@type":"ListItem","position":2,"name":"Tienda","item":"https:\/\/csunitec.com\/es\/tienda\/"},{"@type":"ListItem","position":3,"name":"Sierras de cinta neum\u00e1ticas"}]},{"@type":"WebSite","@id":"https:\/\/csunitec.com\/es\/#website","url":"https:\/\/csunitec.com\/es\/","name":"CS Unitec","description":"","potentialAction":[{"@type":"SearchAction","target":{"@type":"EntryPoint","urlTemplate":"https:\/\/csunitec.com\/es\/?s={search_term_string}"},"query-input":{"@type":"PropertyValueSpecification","valueRequired":true,"valueName":"search_term_string"}}],"inLanguage":"es"}]}},"_links":{"self":[{"href":"https:\/\/csunitec.com\/es\/wp-json\/wp\/v2\/product\/179416","targetHints":{"allow":["GET"]}}],"collection":[{"href":"https:\/\/csunitec.com\/es\/wp-json\/wp\/v2\/product"}],"about":[{"href":"https:\/\/csunitec.com\/es\/wp-json\/wp\/v2\/types\/product"}],"wp:featuredmedia":[{"embeddable":true,"href":"https:\/\/csunitec.com\/es\/wp-json\/wp\/v2\/media\/179457"}],"wp:attachment":[{"href":"https:\/\/csunitec.com\/es\/wp-json\/wp\/v2\/media?parent=179416"}],"wp:term":[{"taxonomy":"product_brand","embeddable":true,"href":"https:\/\/csunitec.com\/es\/wp-json\/wp\/v2\/product_brand?post=179416"},{"taxonomy":"product_cat","embeddable":true,"href":"https:\/\/csunitec.com\/es\/wp-json\/wp\/v2\/product_cat?post=179416"},{"taxonomy":"product_tag","embeddable":true,"href":"https:\/\/csunitec.com\/es\/wp-json\/wp\/v2\/product_tag?post=179416"},{"taxonomy":"accessory_type","embeddable":true,"href":"https:\/\/csunitec.com\/es\/wp-json\/wp\/v2\/accessory_type?post=179416"},{"taxonomy":"application","embeddable":true,"href":"https:\/\/csunitec.com\/es\/wp-json\/wp\/v2\/application?post=179416"},{"taxonomy":"hand_tool_type","embeddable":true,"href":"https:\/\/csunitec.com\/es\/wp-json\/wp\/v2\/hand_tool_type?post=179416"},{"taxonomy":"industry","embeddable":true,"href":"https:\/\/csunitec.com\/es\/wp-json\/wp\/v2\/industry?post=179416"},{"taxonomy":"material","embeddable":true,"href":"https:\/\/csunitec.com\/es\/wp-json\/wp\/v2\/material?post=179416"},{"taxonomy":"power_tool_type","embeddable":true,"href":"https:\/\/csunitec.com\/es\/wp-json\/wp\/v2\/power_tool_type?post=179416"},{"taxonomy":"power_type","embeddable":true,"href":"https:\/\/csunitec.com\/es\/wp-json\/wp\/v2\/power_type?post=179416"},{"taxonomy":"subcategory","embeddable":true,"href":"https:\/\/csunitec.com\/es\/wp-json\/wp\/v2\/subcategory?post=179416"},{"taxonomy":"tool_type","embeddable":true,"href":"https:\/\/csunitec.com\/es\/wp-json\/wp\/v2\/tool_type?post=179416"}],"curies":[{"name":"wp","href":"https:\/\/api.w.org\/{rel}","templated":true}]}}