{"id":179479,"date":"2024-09-04T18:34:00","date_gmt":"2024-09-04T18:34:00","guid":{"rendered":"https:\/\/stgcsunitec.wpenginepowered.com\/product\/cortadora-hidraulica-de-tubos-sierra-de-vientre\/"},"modified":"2026-04-30T01:57:00","modified_gmt":"2026-04-30T05:57:00","slug":"cortadora-hidraulica-de-tubos-sierra-de-vientre","status":"publish","type":"product","link":"https:\/\/csunitec.com\/es\/producto\/cortadora-hidraulica-de-tubos-sierra-de-vientre\/","title":{"rendered":"Cortadora hidr\u00e1ulica de tubos (sierra de vientre)"},"content":{"rendered":"<ul>\n<li>Cortatubos hidr\u00e1ulicos para cortar tuber\u00edas enterradas o expuestas durante la instalaci\u00f3n, reparaci\u00f3n o respuesta de emergencia.<\/li>\n<li>Ideal para tuber\u00edas de fundici\u00f3n d\u00factil, acero, HDPE y hormig\u00f3n utilizadas en infraestructuras municipales.<\/li>\n<li>Corta r\u00e1pidamente tubos de 6&#8243; a 63&#8243; de di\u00e1metro con espesores de pared de 1\/4&#8243; a 2&#8243;. <\/li>\n<li>Adecuado para entornos peligrosos en los que se requiere corte en fr\u00edo y las herramientas el\u00e9ctricas est\u00e1n restringidas.<\/li>\n<li>Las Cortadoras Hidr\u00e1ulicas de Tubos se utilizan durante las paradas, paradas y ciclos de mantenimiento de tuber\u00edas de proceso de gran di\u00e1metro.<\/li>\n<li>Funciona de forma fiable en entornos corrosivos, h\u00famedos y con mucha humedad.<\/li>\n<li>Se utiliza para cortar tuber\u00edas de gran di\u00e1metro, tubos ascendentes y componentes estructurales de barcos y plataformas marinas.<\/li>\n<li>La cadena gu\u00eda se ajusta a\u00f1adiendo y quitando eslabones.<\/li>\n<li>Certificado ATEX para uso en Zonas Ex (ATEX II 2G Ex h IIB T6 Gb)<\/li>\n<\/ul>\n","protected":false},"excerpt":{"rendered":"<ul class=\"alexcss\">\n<li>Capacidad de corte: tubo de 6&#8243; a 96&#8243; de di\u00e1metro<\/li>\n<li>Velocidad: 350 \/ 1800 RPM<\/li>\n<li>Conexi\u00f3n: 1\/2&#8243; FF (HTMA)<\/li>\n<li>Potencia del motor: 2,7 CV<\/li>\n<li>Velocidad del aceite: 6 GPM (hasta 13 GPM) @ 2000 PSI<\/li>\n<li>Mangueras flexibles y acoplamientos FF incluidos<\/li>\n<\/ul>\n","protected":false},"featured_media":179487,"template":"","meta":[],"product_brand":[],"product_cat":[1043,1048],"product_tag":[973,1249,1267],"accessory_type":[],"application":[1042],"hand_tool_type":[],"industry":[933,971,1047,1175],"material":[],"power_tool_type":[1246],"power_type":[976],"subcategory":[1112,1227],"tool_type":[946],"class_list":{"0":"post-179479","1":"product","2":"type-product","3":"status-publish","4":"has-post-thumbnail","6":"product_cat-sierras","7":"product_cat-herramientas-de-seguridad","8":"product_tag-atex","9":"product_tag-maquinas-de-corte-de-tubos","10":"product_tag-cortadoras-hidraulicas-de-tubos","11":"application-corte-y-conformado","12":"industry-metalurgia-2","13":"industry-submarino","14":"industry-petroquimica","15":"industry-mineria","16":"power_tool_type-maquina-cortatubos","17":"power_type-hidraulico","18":"subcategory-herramientas-de-seguridad","19":"subcategory-cortatubos-sierras-de-vaiven","20":"tool_type-herramienta-electrica","22":"first","23":"instock","24":"shipping-taxable","25":"purchasable","26":"product-type-variable"},"yoast_head":"<!-- This site is optimized with the Yoast SEO plugin v27.5 - https:\/\/yoast.com\/product\/yoast-seo-wordpress\/ -->\n<title>Cortadora hidr\u00e1ulica de tubos (sierra de vientre) - CS Unitec<\/title>\n<meta name=\"description\" content=\"Cortatubos hidr\u00e1ulicos para un corte en fr\u00edo potente y preciso de acero, acero inoxidable y tubos de gran di\u00e1metro. Corte suave en tierra o bajo el agua.\" \/>\n<meta name=\"robots\" content=\"index, follow, max-snippet:-1, max-image-preview:large, max-video-preview:-1\" \/>\n<link rel=\"canonical\" href=\"https:\/\/csunitec.com\/es\/producto\/cortadora-hidraulica-de-tubos-sierra-de-vientre\/\" \/>\n<meta property=\"og:locale\" content=\"es_ES\" \/>\n<meta property=\"og:type\" content=\"article\" \/>\n<meta property=\"og:title\" content=\"Cortadora hidr\u00e1ulica de tubos (sierra de vientre) - CS Unitec\" \/>\n<meta property=\"og:description\" content=\"Cortatubos hidr\u00e1ulicos para un corte en fr\u00edo potente y preciso de acero, acero inoxidable y tubos de gran di\u00e1metro. Corte suave en tierra o bajo el agua.\" \/>\n<meta property=\"og:url\" content=\"https:\/\/csunitec.com\/es\/producto\/cortadora-hidraulica-de-tubos-sierra-de-vientre\/\" \/>\n<meta property=\"og:site_name\" content=\"CS Unitec\" \/>\n<meta property=\"article:modified_time\" content=\"2026-04-30T05:57:00+00:00\" \/>\n<meta property=\"og:image\" content=\"https:\/\/csunitec.com\/wp-content\/uploads\/2024\/09\/580100050_Rohrtrennmaschine_40-1-853x1024-1.jpg\" \/>\n\t<meta property=\"og:image:width\" content=\"1024\" \/>\n\t<meta property=\"og:image:height\" content=\"1024\" \/>\n\t<meta property=\"og:image:type\" content=\"image\/jpeg\" \/>\n<meta name=\"twitter:card\" content=\"summary_large_image\" \/>\n<meta name=\"twitter:label1\" content=\"Tiempo de lectura\" \/>\n\t<meta name=\"twitter:data1\" content=\"1 minuto\" \/>\n<script type=\"application\/ld+json\" class=\"yoast-schema-graph\">{\"@context\":\"https:\\\/\\\/schema.org\",\"@graph\":[{\"@type\":\"WebPage\",\"@id\":\"https:\\\/\\\/csunitec.com\\\/es\\\/producto\\\/cortadora-hidraulica-de-tubos-sierra-de-vientre\\\/\",\"url\":\"https:\\\/\\\/csunitec.com\\\/es\\\/producto\\\/cortadora-hidraulica-de-tubos-sierra-de-vientre\\\/\",\"name\":\"Cortadora hidr\u00e1ulica de tubos (sierra de vientre) - CS Unitec\",\"isPartOf\":{\"@id\":\"https:\\\/\\\/csunitec.com\\\/es\\\/#website\"},\"primaryImageOfPage\":{\"@id\":\"https:\\\/\\\/csunitec.com\\\/es\\\/producto\\\/cortadora-hidraulica-de-tubos-sierra-de-vientre\\\/#primaryimage\"},\"image\":{\"@id\":\"https:\\\/\\\/csunitec.com\\\/es\\\/producto\\\/cortadora-hidraulica-de-tubos-sierra-de-vientre\\\/#primaryimage\"},\"thumbnailUrl\":\"https:\\\/\\\/csunitec.com\\\/wp-content\\\/uploads\\\/2024\\\/09\\\/580100050_Rohrtrennmaschine_40-1-853x1024-1.jpg\",\"datePublished\":\"2024-09-04T18:34:00+00:00\",\"dateModified\":\"2026-04-30T05:57:00+00:00\",\"description\":\"Cortatubos hidr\u00e1ulicos para un corte en fr\u00edo potente y preciso de acero, acero inoxidable y tubos de gran di\u00e1metro. Corte suave en tierra o bajo el agua.\",\"breadcrumb\":{\"@id\":\"https:\\\/\\\/csunitec.com\\\/es\\\/producto\\\/cortadora-hidraulica-de-tubos-sierra-de-vientre\\\/#breadcrumb\"},\"inLanguage\":\"es\",\"potentialAction\":[{\"@type\":\"ReadAction\",\"target\":[\"https:\\\/\\\/csunitec.com\\\/es\\\/producto\\\/cortadora-hidraulica-de-tubos-sierra-de-vientre\\\/\"]}]},{\"@type\":\"ImageObject\",\"inLanguage\":\"es\",\"@id\":\"https:\\\/\\\/csunitec.com\\\/es\\\/producto\\\/cortadora-hidraulica-de-tubos-sierra-de-vientre\\\/#primaryimage\",\"url\":\"https:\\\/\\\/csunitec.com\\\/wp-content\\\/uploads\\\/2024\\\/09\\\/580100050_Rohrtrennmaschine_40-1-853x1024-1.jpg\",\"contentUrl\":\"https:\\\/\\\/csunitec.com\\\/wp-content\\\/uploads\\\/2024\\\/09\\\/580100050_Rohrtrennmaschine_40-1-853x1024-1.jpg\",\"width\":1024,\"height\":1024},{\"@type\":\"BreadcrumbList\",\"@id\":\"https:\\\/\\\/csunitec.com\\\/es\\\/producto\\\/cortadora-hidraulica-de-tubos-sierra-de-vientre\\\/#breadcrumb\",\"itemListElement\":[{\"@type\":\"ListItem\",\"position\":1,\"name\":\"Inicio\",\"item\":\"https:\\\/\\\/csunitec.com\\\/es\\\/\"},{\"@type\":\"ListItem\",\"position\":2,\"name\":\"Tienda\",\"item\":\"https:\\\/\\\/csunitec.com\\\/es\\\/tienda\\\/\"},{\"@type\":\"ListItem\",\"position\":3,\"name\":\"Cortadora hidr\u00e1ulica de tubos (sierra de vientre)\"}]},{\"@type\":\"WebSite\",\"@id\":\"https:\\\/\\\/csunitec.com\\\/es\\\/#website\",\"url\":\"https:\\\/\\\/csunitec.com\\\/es\\\/\",\"name\":\"CS Unitec\",\"description\":\"\",\"potentialAction\":[{\"@type\":\"SearchAction\",\"target\":{\"@type\":\"EntryPoint\",\"urlTemplate\":\"https:\\\/\\\/csunitec.com\\\/es\\\/?s={search_term_string}\"},\"query-input\":{\"@type\":\"PropertyValueSpecification\",\"valueRequired\":true,\"valueName\":\"search_term_string\"}}],\"inLanguage\":\"es\"}]}<\/script>\n<!-- \/ Yoast SEO plugin. -->","yoast_head_json":{"title":"Cortadora hidr\u00e1ulica de tubos (sierra de vientre) - CS Unitec","description":"Cortatubos hidr\u00e1ulicos para un corte en fr\u00edo potente y preciso de acero, acero inoxidable y tubos de gran di\u00e1metro. Corte suave en tierra o bajo el agua.","robots":{"index":"index","follow":"follow","max-snippet":"max-snippet:-1","max-image-preview":"max-image-preview:large","max-video-preview":"max-video-preview:-1"},"canonical":"https:\/\/csunitec.com\/es\/producto\/cortadora-hidraulica-de-tubos-sierra-de-vientre\/","og_locale":"es_ES","og_type":"article","og_title":"Cortadora hidr\u00e1ulica de tubos (sierra de vientre) - CS Unitec","og_description":"Cortatubos hidr\u00e1ulicos para un corte en fr\u00edo potente y preciso de acero, acero inoxidable y tubos de gran di\u00e1metro. Corte suave en tierra o bajo el agua.","og_url":"https:\/\/csunitec.com\/es\/producto\/cortadora-hidraulica-de-tubos-sierra-de-vientre\/","og_site_name":"CS Unitec","article_modified_time":"2026-04-30T05:57:00+00:00","og_image":[{"width":1024,"height":1024,"url":"https:\/\/csunitec.com\/wp-content\/uploads\/2024\/09\/580100050_Rohrtrennmaschine_40-1-853x1024-1.jpg","type":"image\/jpeg"}],"twitter_card":"summary_large_image","twitter_misc":{"Tiempo de lectura":"1 minuto"},"schema":{"@context":"https:\/\/schema.org","@graph":[{"@type":"WebPage","@id":"https:\/\/csunitec.com\/es\/producto\/cortadora-hidraulica-de-tubos-sierra-de-vientre\/","url":"https:\/\/csunitec.com\/es\/producto\/cortadora-hidraulica-de-tubos-sierra-de-vientre\/","name":"Cortadora hidr\u00e1ulica de tubos (sierra de vientre) - CS Unitec","isPartOf":{"@id":"https:\/\/csunitec.com\/es\/#website"},"primaryImageOfPage":{"@id":"https:\/\/csunitec.com\/es\/producto\/cortadora-hidraulica-de-tubos-sierra-de-vientre\/#primaryimage"},"image":{"@id":"https:\/\/csunitec.com\/es\/producto\/cortadora-hidraulica-de-tubos-sierra-de-vientre\/#primaryimage"},"thumbnailUrl":"https:\/\/csunitec.com\/wp-content\/uploads\/2024\/09\/580100050_Rohrtrennmaschine_40-1-853x1024-1.jpg","datePublished":"2024-09-04T18:34:00+00:00","dateModified":"2026-04-30T05:57:00+00:00","description":"Cortatubos hidr\u00e1ulicos para un corte en fr\u00edo potente y preciso de acero, acero inoxidable y tubos de gran di\u00e1metro. Corte suave en tierra o bajo el agua.","breadcrumb":{"@id":"https:\/\/csunitec.com\/es\/producto\/cortadora-hidraulica-de-tubos-sierra-de-vientre\/#breadcrumb"},"inLanguage":"es","potentialAction":[{"@type":"ReadAction","target":["https:\/\/csunitec.com\/es\/producto\/cortadora-hidraulica-de-tubos-sierra-de-vientre\/"]}]},{"@type":"ImageObject","inLanguage":"es","@id":"https:\/\/csunitec.com\/es\/producto\/cortadora-hidraulica-de-tubos-sierra-de-vientre\/#primaryimage","url":"https:\/\/csunitec.com\/wp-content\/uploads\/2024\/09\/580100050_Rohrtrennmaschine_40-1-853x1024-1.jpg","contentUrl":"https:\/\/csunitec.com\/wp-content\/uploads\/2024\/09\/580100050_Rohrtrennmaschine_40-1-853x1024-1.jpg","width":1024,"height":1024},{"@type":"BreadcrumbList","@id":"https:\/\/csunitec.com\/es\/producto\/cortadora-hidraulica-de-tubos-sierra-de-vientre\/#breadcrumb","itemListElement":[{"@type":"ListItem","position":1,"name":"Inicio","item":"https:\/\/csunitec.com\/es\/"},{"@type":"ListItem","position":2,"name":"Tienda","item":"https:\/\/csunitec.com\/es\/tienda\/"},{"@type":"ListItem","position":3,"name":"Cortadora hidr\u00e1ulica de tubos (sierra de vientre)"}]},{"@type":"WebSite","@id":"https:\/\/csunitec.com\/es\/#website","url":"https:\/\/csunitec.com\/es\/","name":"CS Unitec","description":"","potentialAction":[{"@type":"SearchAction","target":{"@type":"EntryPoint","urlTemplate":"https:\/\/csunitec.com\/es\/?s={search_term_string}"},"query-input":{"@type":"PropertyValueSpecification","valueRequired":true,"valueName":"search_term_string"}}],"inLanguage":"es"}]}},"_links":{"self":[{"href":"https:\/\/csunitec.com\/es\/wp-json\/wp\/v2\/product\/179479","targetHints":{"allow":["GET"]}}],"collection":[{"href":"https:\/\/csunitec.com\/es\/wp-json\/wp\/v2\/product"}],"about":[{"href":"https:\/\/csunitec.com\/es\/wp-json\/wp\/v2\/types\/product"}],"wp:featuredmedia":[{"embeddable":true,"href":"https:\/\/csunitec.com\/es\/wp-json\/wp\/v2\/media\/179487"}],"wp:attachment":[{"href":"https:\/\/csunitec.com\/es\/wp-json\/wp\/v2\/media?parent=179479"}],"wp:term":[{"taxonomy":"product_brand","embeddable":true,"href":"https:\/\/csunitec.com\/es\/wp-json\/wp\/v2\/product_brand?post=179479"},{"taxonomy":"product_cat","embeddable":true,"href":"https:\/\/csunitec.com\/es\/wp-json\/wp\/v2\/product_cat?post=179479"},{"taxonomy":"product_tag","embeddable":true,"href":"https:\/\/csunitec.com\/es\/wp-json\/wp\/v2\/product_tag?post=179479"},{"taxonomy":"accessory_type","embeddable":true,"href":"https:\/\/csunitec.com\/es\/wp-json\/wp\/v2\/accessory_type?post=179479"},{"taxonomy":"application","embeddable":true,"href":"https:\/\/csunitec.com\/es\/wp-json\/wp\/v2\/application?post=179479"},{"taxonomy":"hand_tool_type","embeddable":true,"href":"https:\/\/csunitec.com\/es\/wp-json\/wp\/v2\/hand_tool_type?post=179479"},{"taxonomy":"industry","embeddable":true,"href":"https:\/\/csunitec.com\/es\/wp-json\/wp\/v2\/industry?post=179479"},{"taxonomy":"material","embeddable":true,"href":"https:\/\/csunitec.com\/es\/wp-json\/wp\/v2\/material?post=179479"},{"taxonomy":"power_tool_type","embeddable":true,"href":"https:\/\/csunitec.com\/es\/wp-json\/wp\/v2\/power_tool_type?post=179479"},{"taxonomy":"power_type","embeddable":true,"href":"https:\/\/csunitec.com\/es\/wp-json\/wp\/v2\/power_type?post=179479"},{"taxonomy":"subcategory","embeddable":true,"href":"https:\/\/csunitec.com\/es\/wp-json\/wp\/v2\/subcategory?post=179479"},{"taxonomy":"tool_type","embeddable":true,"href":"https:\/\/csunitec.com\/es\/wp-json\/wp\/v2\/tool_type?post=179479"}],"curies":[{"name":"wp","href":"https:\/\/api.w.org\/{rel}","templated":true}]}}