{"id":179493,"date":"2024-09-06T18:36:00","date_gmt":"2024-09-06T18:36:00","guid":{"rendered":"https:\/\/stgcsunitec.wpenginepowered.com\/product\/barras-guia-de-motosierra\/"},"modified":"2024-09-06T18:36:00","modified_gmt":"2024-09-06T22:36:00","slug":"barras-guia-de-motosierra","status":"publish","type":"product","link":"https:\/\/csunitec.com\/es\/producto\/barras-guia-de-motosierra\/","title":{"rendered":"Barras gu\u00eda de motosierra"},"content":{"rendered":"<ul>\n<li>Barras gu\u00eda de motosierra para cortar madera, hormig\u00f3n, mamposter\u00eda y materiales estructurales durante la renovaci\u00f3n, la demolici\u00f3n controlada y la nueva construcci\u00f3n.<\/li>\n<li>Ideal para cortes de inmersi\u00f3n, esquinas cuadradas y aberturas precisas.<\/li>\n<li>Barras dise\u00f1adas para cortar tubos de hierro d\u00factil, PVC y HDPE utilizando PowerGrit\u00ae y otras cadenas especiales.<\/li>\n<li>Barras gu\u00eda de motosierra adecuadas para trabajos en zanjas, sustituci\u00f3n de v\u00e1lvulas y acceso de emergencia a tuber\u00edas.<\/li>\n<li>Corte de materiales estructurales, bloqueos, encofrados y hormig\u00f3n durante paradas, adaptaciones y mantenimiento.<\/li>\n<li>Barras resistentes para cortar soportes de madera, enrejados, estructuras de ventilaci\u00f3n y componentes de hormig\u00f3n.<\/li>\n<li>Barras gu\u00eda que soportan el corte r\u00e1pido de madera, hormig\u00f3n y tuber\u00edas para el acceso, la extracci\u00f3n y el desescombro.<\/li>\n<li>Dise\u00f1ado para la estabilidad y el control en condiciones inestables o peligrosas.<\/li>\n<\/ul>\n","protected":false},"excerpt":{"rendered":"<ul>\n<li>Corta polietileno, pl\u00e1sticos, madera u hormig\u00f3n.<\/li>\n<li>Punta de armadura<\/li>\n<li>Punta del pi\u00f1\u00f3n<\/li>\n<li>Barras gu\u00eda de 10&#8243;, 15&#8243;, 20&#8243; y 25<\/li>\n<\/ul>\n","protected":false},"featured_media":174132,"template":"","meta":[],"product_brand":[],"product_cat":[1043],"product_tag":[1113,1268],"accessory_type":[927],"application":[1042],"hand_tool_type":[],"industry":[933],"material":[],"power_tool_type":[],"power_type":[],"subcategory":[1114],"tool_type":[943],"class_list":{"0":"post-179493","1":"product","2":"type-product","3":"status-publish","4":"has-post-thumbnail","6":"product_cat-sierras","7":"product_tag-accesorios-para-motosierras","8":"product_tag-barras-guia-de-motosierra","9":"accessory_type-accesorio","10":"application-corte-y-conformado","11":"industry-metalurgia-2","12":"subcategory-motosierras","13":"tool_type-accesorio","15":"first","16":"instock","17":"shipping-taxable","18":"purchasable","19":"product-type-variable"},"yoast_head":"<!-- This site is optimized with the Yoast SEO plugin v27.5 - https:\/\/yoast.com\/product\/yoast-seo-wordpress\/ -->\n<title>Barras gu\u00eda de motosierra - CS Unitec<\/title>\n<meta name=\"description\" content=\"Barras gu\u00eda de motosierra dise\u00f1adas para motosierras de hormig\u00f3n neum\u00e1ticas e hidr\u00e1ulicas. Barras duraderas, con canal de agua, dise\u00f1adas para cortes rectos y profundos.\" \/>\n<meta name=\"robots\" content=\"index, follow, max-snippet:-1, max-image-preview:large, max-video-preview:-1\" \/>\n<link rel=\"canonical\" href=\"https:\/\/csunitec.com\/es\/producto\/barras-guia-de-motosierra\/\" \/>\n<meta property=\"og:locale\" content=\"es_ES\" \/>\n<meta property=\"og:type\" content=\"article\" \/>\n<meta property=\"og:title\" content=\"Barras gu\u00eda de motosierra - CS Unitec\" \/>\n<meta property=\"og:description\" content=\"Barras gu\u00eda de motosierra dise\u00f1adas para motosierras de hormig\u00f3n neum\u00e1ticas e hidr\u00e1ulicas. Barras duraderas, con canal de agua, dise\u00f1adas para cortes rectos y profundos.\" \/>\n<meta property=\"og:url\" content=\"https:\/\/csunitec.com\/es\/producto\/barras-guia-de-motosierra\/\" \/>\n<meta property=\"og:site_name\" content=\"CS Unitec\" \/>\n<meta property=\"article:modified_time\" content=\"2024-09-06T22:36:00+00:00\" \/>\n<meta property=\"og:image\" content=\"https:\/\/csunitec.com\/wp-content\/uploads\/2024\/09\/Guide-Bar-for-USE-19-2.png\" \/>\n\t<meta property=\"og:image:width\" content=\"1000\" \/>\n\t<meta property=\"og:image:height\" content=\"1000\" \/>\n\t<meta property=\"og:image:type\" content=\"image\/png\" \/>\n<meta name=\"twitter:card\" content=\"summary_large_image\" \/>\n<meta name=\"twitter:label1\" content=\"Tiempo de lectura\" \/>\n\t<meta name=\"twitter:data1\" content=\"1 minuto\" \/>\n<script type=\"application\/ld+json\" class=\"yoast-schema-graph\">{\"@context\":\"https:\\\/\\\/schema.org\",\"@graph\":[{\"@type\":\"WebPage\",\"@id\":\"https:\\\/\\\/csunitec.com\\\/es\\\/producto\\\/barras-guia-de-motosierra\\\/\",\"url\":\"https:\\\/\\\/csunitec.com\\\/es\\\/producto\\\/barras-guia-de-motosierra\\\/\",\"name\":\"Barras gu\u00eda de motosierra - CS Unitec\",\"isPartOf\":{\"@id\":\"https:\\\/\\\/csunitec.com\\\/es\\\/#website\"},\"primaryImageOfPage\":{\"@id\":\"https:\\\/\\\/csunitec.com\\\/es\\\/producto\\\/barras-guia-de-motosierra\\\/#primaryimage\"},\"image\":{\"@id\":\"https:\\\/\\\/csunitec.com\\\/es\\\/producto\\\/barras-guia-de-motosierra\\\/#primaryimage\"},\"thumbnailUrl\":\"https:\\\/\\\/csunitec.com\\\/wp-content\\\/uploads\\\/2024\\\/09\\\/Guide-Bar-for-USE-19-2.png\",\"datePublished\":\"2024-09-06T18:36:00+00:00\",\"dateModified\":\"2024-09-06T22:36:00+00:00\",\"description\":\"Barras gu\u00eda de motosierra dise\u00f1adas para motosierras de hormig\u00f3n neum\u00e1ticas e hidr\u00e1ulicas. Barras duraderas, con canal de agua, dise\u00f1adas para cortes rectos y profundos.\",\"breadcrumb\":{\"@id\":\"https:\\\/\\\/csunitec.com\\\/es\\\/producto\\\/barras-guia-de-motosierra\\\/#breadcrumb\"},\"inLanguage\":\"es\",\"potentialAction\":[{\"@type\":\"ReadAction\",\"target\":[\"https:\\\/\\\/csunitec.com\\\/es\\\/producto\\\/barras-guia-de-motosierra\\\/\"]}]},{\"@type\":\"ImageObject\",\"inLanguage\":\"es\",\"@id\":\"https:\\\/\\\/csunitec.com\\\/es\\\/producto\\\/barras-guia-de-motosierra\\\/#primaryimage\",\"url\":\"https:\\\/\\\/csunitec.com\\\/wp-content\\\/uploads\\\/2024\\\/09\\\/Guide-Bar-for-USE-19-2.png\",\"contentUrl\":\"https:\\\/\\\/csunitec.com\\\/wp-content\\\/uploads\\\/2024\\\/09\\\/Guide-Bar-for-USE-19-2.png\",\"width\":1000,\"height\":1000},{\"@type\":\"BreadcrumbList\",\"@id\":\"https:\\\/\\\/csunitec.com\\\/es\\\/producto\\\/barras-guia-de-motosierra\\\/#breadcrumb\",\"itemListElement\":[{\"@type\":\"ListItem\",\"position\":1,\"name\":\"Inicio\",\"item\":\"https:\\\/\\\/csunitec.com\\\/es\\\/\"},{\"@type\":\"ListItem\",\"position\":2,\"name\":\"Tienda\",\"item\":\"https:\\\/\\\/csunitec.com\\\/es\\\/tienda\\\/\"},{\"@type\":\"ListItem\",\"position\":3,\"name\":\"Barras gu\u00eda de motosierra\"}]},{\"@type\":\"WebSite\",\"@id\":\"https:\\\/\\\/csunitec.com\\\/es\\\/#website\",\"url\":\"https:\\\/\\\/csunitec.com\\\/es\\\/\",\"name\":\"CS Unitec\",\"description\":\"\",\"potentialAction\":[{\"@type\":\"SearchAction\",\"target\":{\"@type\":\"EntryPoint\",\"urlTemplate\":\"https:\\\/\\\/csunitec.com\\\/es\\\/?s={search_term_string}\"},\"query-input\":{\"@type\":\"PropertyValueSpecification\",\"valueRequired\":true,\"valueName\":\"search_term_string\"}}],\"inLanguage\":\"es\"}]}<\/script>\n<!-- \/ Yoast SEO plugin. -->","yoast_head_json":{"title":"Barras gu\u00eda de motosierra - CS Unitec","description":"Barras gu\u00eda de motosierra dise\u00f1adas para motosierras de hormig\u00f3n neum\u00e1ticas e hidr\u00e1ulicas. Barras duraderas, con canal de agua, dise\u00f1adas para cortes rectos y profundos.","robots":{"index":"index","follow":"follow","max-snippet":"max-snippet:-1","max-image-preview":"max-image-preview:large","max-video-preview":"max-video-preview:-1"},"canonical":"https:\/\/csunitec.com\/es\/producto\/barras-guia-de-motosierra\/","og_locale":"es_ES","og_type":"article","og_title":"Barras gu\u00eda de motosierra - CS Unitec","og_description":"Barras gu\u00eda de motosierra dise\u00f1adas para motosierras de hormig\u00f3n neum\u00e1ticas e hidr\u00e1ulicas. Barras duraderas, con canal de agua, dise\u00f1adas para cortes rectos y profundos.","og_url":"https:\/\/csunitec.com\/es\/producto\/barras-guia-de-motosierra\/","og_site_name":"CS Unitec","article_modified_time":"2024-09-06T22:36:00+00:00","og_image":[{"width":1000,"height":1000,"url":"https:\/\/csunitec.com\/wp-content\/uploads\/2024\/09\/Guide-Bar-for-USE-19-2.png","type":"image\/png"}],"twitter_card":"summary_large_image","twitter_misc":{"Tiempo de lectura":"1 minuto"},"schema":{"@context":"https:\/\/schema.org","@graph":[{"@type":"WebPage","@id":"https:\/\/csunitec.com\/es\/producto\/barras-guia-de-motosierra\/","url":"https:\/\/csunitec.com\/es\/producto\/barras-guia-de-motosierra\/","name":"Barras gu\u00eda de motosierra - CS Unitec","isPartOf":{"@id":"https:\/\/csunitec.com\/es\/#website"},"primaryImageOfPage":{"@id":"https:\/\/csunitec.com\/es\/producto\/barras-guia-de-motosierra\/#primaryimage"},"image":{"@id":"https:\/\/csunitec.com\/es\/producto\/barras-guia-de-motosierra\/#primaryimage"},"thumbnailUrl":"https:\/\/csunitec.com\/wp-content\/uploads\/2024\/09\/Guide-Bar-for-USE-19-2.png","datePublished":"2024-09-06T18:36:00+00:00","dateModified":"2024-09-06T22:36:00+00:00","description":"Barras gu\u00eda de motosierra dise\u00f1adas para motosierras de hormig\u00f3n neum\u00e1ticas e hidr\u00e1ulicas. Barras duraderas, con canal de agua, dise\u00f1adas para cortes rectos y profundos.","breadcrumb":{"@id":"https:\/\/csunitec.com\/es\/producto\/barras-guia-de-motosierra\/#breadcrumb"},"inLanguage":"es","potentialAction":[{"@type":"ReadAction","target":["https:\/\/csunitec.com\/es\/producto\/barras-guia-de-motosierra\/"]}]},{"@type":"ImageObject","inLanguage":"es","@id":"https:\/\/csunitec.com\/es\/producto\/barras-guia-de-motosierra\/#primaryimage","url":"https:\/\/csunitec.com\/wp-content\/uploads\/2024\/09\/Guide-Bar-for-USE-19-2.png","contentUrl":"https:\/\/csunitec.com\/wp-content\/uploads\/2024\/09\/Guide-Bar-for-USE-19-2.png","width":1000,"height":1000},{"@type":"BreadcrumbList","@id":"https:\/\/csunitec.com\/es\/producto\/barras-guia-de-motosierra\/#breadcrumb","itemListElement":[{"@type":"ListItem","position":1,"name":"Inicio","item":"https:\/\/csunitec.com\/es\/"},{"@type":"ListItem","position":2,"name":"Tienda","item":"https:\/\/csunitec.com\/es\/tienda\/"},{"@type":"ListItem","position":3,"name":"Barras gu\u00eda de motosierra"}]},{"@type":"WebSite","@id":"https:\/\/csunitec.com\/es\/#website","url":"https:\/\/csunitec.com\/es\/","name":"CS Unitec","description":"","potentialAction":[{"@type":"SearchAction","target":{"@type":"EntryPoint","urlTemplate":"https:\/\/csunitec.com\/es\/?s={search_term_string}"},"query-input":{"@type":"PropertyValueSpecification","valueRequired":true,"valueName":"search_term_string"}}],"inLanguage":"es"}]}},"_links":{"self":[{"href":"https:\/\/csunitec.com\/es\/wp-json\/wp\/v2\/product\/179493","targetHints":{"allow":["GET"]}}],"collection":[{"href":"https:\/\/csunitec.com\/es\/wp-json\/wp\/v2\/product"}],"about":[{"href":"https:\/\/csunitec.com\/es\/wp-json\/wp\/v2\/types\/product"}],"wp:featuredmedia":[{"embeddable":true,"href":"https:\/\/csunitec.com\/es\/wp-json\/wp\/v2\/media\/174132"}],"wp:attachment":[{"href":"https:\/\/csunitec.com\/es\/wp-json\/wp\/v2\/media?parent=179493"}],"wp:term":[{"taxonomy":"product_brand","embeddable":true,"href":"https:\/\/csunitec.com\/es\/wp-json\/wp\/v2\/product_brand?post=179493"},{"taxonomy":"product_cat","embeddable":true,"href":"https:\/\/csunitec.com\/es\/wp-json\/wp\/v2\/product_cat?post=179493"},{"taxonomy":"product_tag","embeddable":true,"href":"https:\/\/csunitec.com\/es\/wp-json\/wp\/v2\/product_tag?post=179493"},{"taxonomy":"accessory_type","embeddable":true,"href":"https:\/\/csunitec.com\/es\/wp-json\/wp\/v2\/accessory_type?post=179493"},{"taxonomy":"application","embeddable":true,"href":"https:\/\/csunitec.com\/es\/wp-json\/wp\/v2\/application?post=179493"},{"taxonomy":"hand_tool_type","embeddable":true,"href":"https:\/\/csunitec.com\/es\/wp-json\/wp\/v2\/hand_tool_type?post=179493"},{"taxonomy":"industry","embeddable":true,"href":"https:\/\/csunitec.com\/es\/wp-json\/wp\/v2\/industry?post=179493"},{"taxonomy":"material","embeddable":true,"href":"https:\/\/csunitec.com\/es\/wp-json\/wp\/v2\/material?post=179493"},{"taxonomy":"power_tool_type","embeddable":true,"href":"https:\/\/csunitec.com\/es\/wp-json\/wp\/v2\/power_tool_type?post=179493"},{"taxonomy":"power_type","embeddable":true,"href":"https:\/\/csunitec.com\/es\/wp-json\/wp\/v2\/power_type?post=179493"},{"taxonomy":"subcategory","embeddable":true,"href":"https:\/\/csunitec.com\/es\/wp-json\/wp\/v2\/subcategory?post=179493"},{"taxonomy":"tool_type","embeddable":true,"href":"https:\/\/csunitec.com\/es\/wp-json\/wp\/v2\/tool_type?post=179493"}],"curies":[{"name":"wp","href":"https:\/\/api.w.org\/{rel}","templated":true}]}}