{"id":179615,"date":"2024-11-20T22:29:00","date_gmt":"2024-11-20T22:29:00","guid":{"rendered":"https:\/\/stgcsunitec.wpenginepowered.com\/product\/discos-piramidales-fix-tz\/"},"modified":"2024-11-20T22:29:00","modified_gmt":"2024-11-21T03:29:00","slug":"discos-piramidales-fix-tz","status":"publish","type":"product","link":"https:\/\/csunitec.com\/es\/producto\/discos-piramidales-fix-tz\/","title":{"rendered":"Discos piramidales FIX TZ"},"content":{"rendered":"<p>Este nuevo tejido abrasivo con estructura de grano piramidal permite una gran eliminaci\u00f3n de material, al tiempo que produce un acabado muy fino. Los discos piramidales FIX TZ reducen la cantidad de trabajo necesario en comparaci\u00f3n con los manguitos de banda de lija y los manguitos de vell\u00f3n, y son ideales para el prepulido para posteriores acabados espejo, y para eliminar ara\u00f1azos y puntos de soldadura. Un revestimiento de absorci\u00f3n adicional reduce dr\u00e1sticamente la temperatura de amolado y protege los componentes de la cinta autoadherente y la pieza.  <\/p>\n","protected":false},"excerpt":{"rendered":"<ul>\n<li>Los abrasivos flexibles permiten cambiar los discos r\u00e1pidamente, sin necesidad de herramientas<\/li>\n<li>Ideal para trabajos en los que la flexibilidad del disco y los cambios frecuentes son importantes<\/li>\n<li>Alta durabilidad para una m\u00e1xima vida \u00fatil del disco<\/li>\n<\/ul>\n","protected":false},"featured_media":164250,"template":"","meta":[],"product_brand":[],"product_cat":[1124],"product_tag":[1127,1272,1282],"accessory_type":[927],"application":[1126],"hand_tool_type":[],"industry":[933],"material":[],"power_tool_type":[],"power_type":[],"subcategory":[1130],"tool_type":[943],"class_list":{"0":"post-179615","1":"product","2":"type-product","3":"status-publish","4":"has-post-thumbnail","6":"product_cat-acabado-de-superficies-metalicas","7":"product_tag-accesorios-de-acabado-rotativo","8":"product_tag-discos-abrasivos","9":"product_tag-discos-piramidales-tz","10":"accessory_type-accesorio","11":"application-acabado","12":"industry-metalurgia-2","13":"subcategory-acabado-rotativo","14":"tool_type-accesorio","16":"first","17":"instock","18":"shipping-taxable","19":"purchasable","20":"product-type-variable"},"yoast_head":"<!-- This site is optimized with the Yoast SEO plugin v27.5 - https:\/\/yoast.com\/product\/yoast-seo-wordpress\/ -->\n<title>Discos piramidales FIX TZ - CS Unitec<\/title>\n<meta name=\"robots\" content=\"index, follow, max-snippet:-1, max-image-preview:large, max-video-preview:-1\" \/>\n<link rel=\"canonical\" href=\"https:\/\/csunitec.com\/es\/producto\/discos-piramidales-fix-tz\/\" \/>\n<meta property=\"og:locale\" content=\"es_ES\" \/>\n<meta property=\"og:type\" content=\"article\" \/>\n<meta property=\"og:title\" content=\"Discos piramidales FIX TZ - CS Unitec\" \/>\n<meta property=\"og:description\" content=\"Los abrasivos flexibles permiten cambiar los discos r\u00e1pidamente, sin necesidad de herramientas  Ideal para trabajos en los que la flexibilidad del disco y los cambios frecuentes son importantes  Alta durabilidad para una m\u00e1xima vida \u00fatil del disco\" \/>\n<meta property=\"og:url\" content=\"https:\/\/csunitec.com\/es\/producto\/discos-piramidales-fix-tz\/\" \/>\n<meta property=\"og:site_name\" content=\"CS Unitec\" \/>\n<meta property=\"article:modified_time\" content=\"2024-11-21T03:29:00+00:00\" \/>\n<meta property=\"og:image\" content=\"https:\/\/csunitec.com\/wp-content\/uploads\/2025\/04\/Metal-grinder.jpg\" \/>\n\t<meta property=\"og:image:width\" content=\"1000\" \/>\n\t<meta property=\"og:image:height\" content=\"1000\" \/>\n\t<meta property=\"og:image:type\" content=\"image\/jpeg\" \/>\n<meta name=\"twitter:card\" content=\"summary_large_image\" \/>\n<script type=\"application\/ld+json\" class=\"yoast-schema-graph\">{\"@context\":\"https:\\\/\\\/schema.org\",\"@graph\":[{\"@type\":\"WebPage\",\"@id\":\"https:\\\/\\\/csunitec.com\\\/es\\\/producto\\\/discos-piramidales-fix-tz\\\/\",\"url\":\"https:\\\/\\\/csunitec.com\\\/es\\\/producto\\\/discos-piramidales-fix-tz\\\/\",\"name\":\"Discos piramidales FIX TZ - CS Unitec\",\"isPartOf\":{\"@id\":\"https:\\\/\\\/csunitec.com\\\/es\\\/#website\"},\"primaryImageOfPage\":{\"@id\":\"https:\\\/\\\/csunitec.com\\\/es\\\/producto\\\/discos-piramidales-fix-tz\\\/#primaryimage\"},\"image\":{\"@id\":\"https:\\\/\\\/csunitec.com\\\/es\\\/producto\\\/discos-piramidales-fix-tz\\\/#primaryimage\"},\"thumbnailUrl\":\"https:\\\/\\\/csunitec.com\\\/wp-content\\\/uploads\\\/2025\\\/04\\\/TZ-Pyramid-Discs-3-1.png\",\"datePublished\":\"2024-11-20T22:29:00+00:00\",\"dateModified\":\"2024-11-21T03:29:00+00:00\",\"breadcrumb\":{\"@id\":\"https:\\\/\\\/csunitec.com\\\/es\\\/producto\\\/discos-piramidales-fix-tz\\\/#breadcrumb\"},\"inLanguage\":\"es\",\"potentialAction\":[{\"@type\":\"ReadAction\",\"target\":[\"https:\\\/\\\/csunitec.com\\\/es\\\/producto\\\/discos-piramidales-fix-tz\\\/\"]}]},{\"@type\":\"ImageObject\",\"inLanguage\":\"es\",\"@id\":\"https:\\\/\\\/csunitec.com\\\/es\\\/producto\\\/discos-piramidales-fix-tz\\\/#primaryimage\",\"url\":\"https:\\\/\\\/csunitec.com\\\/wp-content\\\/uploads\\\/2025\\\/04\\\/TZ-Pyramid-Discs-3-1.png\",\"contentUrl\":\"https:\\\/\\\/csunitec.com\\\/wp-content\\\/uploads\\\/2025\\\/04\\\/TZ-Pyramid-Discs-3-1.png\",\"width\":1000,\"height\":1000},{\"@type\":\"BreadcrumbList\",\"@id\":\"https:\\\/\\\/csunitec.com\\\/es\\\/producto\\\/discos-piramidales-fix-tz\\\/#breadcrumb\",\"itemListElement\":[{\"@type\":\"ListItem\",\"position\":1,\"name\":\"Inicio\",\"item\":\"https:\\\/\\\/csunitec.com\\\/es\\\/\"},{\"@type\":\"ListItem\",\"position\":2,\"name\":\"Tienda\",\"item\":\"https:\\\/\\\/csunitec.com\\\/es\\\/tienda\\\/\"},{\"@type\":\"ListItem\",\"position\":3,\"name\":\"Discos piramidales FIX TZ\"}]},{\"@type\":\"WebSite\",\"@id\":\"https:\\\/\\\/csunitec.com\\\/es\\\/#website\",\"url\":\"https:\\\/\\\/csunitec.com\\\/es\\\/\",\"name\":\"CS Unitec\",\"description\":\"\",\"potentialAction\":[{\"@type\":\"SearchAction\",\"target\":{\"@type\":\"EntryPoint\",\"urlTemplate\":\"https:\\\/\\\/csunitec.com\\\/es\\\/?s={search_term_string}\"},\"query-input\":{\"@type\":\"PropertyValueSpecification\",\"valueRequired\":true,\"valueName\":\"search_term_string\"}}],\"inLanguage\":\"es\"}]}<\/script>\n<!-- \/ Yoast SEO plugin. -->","yoast_head_json":{"title":"Discos piramidales FIX TZ - CS Unitec","robots":{"index":"index","follow":"follow","max-snippet":"max-snippet:-1","max-image-preview":"max-image-preview:large","max-video-preview":"max-video-preview:-1"},"canonical":"https:\/\/csunitec.com\/es\/producto\/discos-piramidales-fix-tz\/","og_locale":"es_ES","og_type":"article","og_title":"Discos piramidales FIX TZ - CS Unitec","og_description":"Los abrasivos flexibles permiten cambiar los discos r\u00e1pidamente, sin necesidad de herramientas  Ideal para trabajos en los que la flexibilidad del disco y los cambios frecuentes son importantes  Alta durabilidad para una m\u00e1xima vida \u00fatil del disco","og_url":"https:\/\/csunitec.com\/es\/producto\/discos-piramidales-fix-tz\/","og_site_name":"CS Unitec","article_modified_time":"2024-11-21T03:29:00+00:00","og_image":[{"width":1000,"height":1000,"url":"https:\/\/csunitec.com\/wp-content\/uploads\/2025\/04\/Metal-grinder.jpg","type":"image\/jpeg"}],"twitter_card":"summary_large_image","schema":{"@context":"https:\/\/schema.org","@graph":[{"@type":"WebPage","@id":"https:\/\/csunitec.com\/es\/producto\/discos-piramidales-fix-tz\/","url":"https:\/\/csunitec.com\/es\/producto\/discos-piramidales-fix-tz\/","name":"Discos piramidales FIX TZ - CS Unitec","isPartOf":{"@id":"https:\/\/csunitec.com\/es\/#website"},"primaryImageOfPage":{"@id":"https:\/\/csunitec.com\/es\/producto\/discos-piramidales-fix-tz\/#primaryimage"},"image":{"@id":"https:\/\/csunitec.com\/es\/producto\/discos-piramidales-fix-tz\/#primaryimage"},"thumbnailUrl":"https:\/\/csunitec.com\/wp-content\/uploads\/2025\/04\/TZ-Pyramid-Discs-3-1.png","datePublished":"2024-11-20T22:29:00+00:00","dateModified":"2024-11-21T03:29:00+00:00","breadcrumb":{"@id":"https:\/\/csunitec.com\/es\/producto\/discos-piramidales-fix-tz\/#breadcrumb"},"inLanguage":"es","potentialAction":[{"@type":"ReadAction","target":["https:\/\/csunitec.com\/es\/producto\/discos-piramidales-fix-tz\/"]}]},{"@type":"ImageObject","inLanguage":"es","@id":"https:\/\/csunitec.com\/es\/producto\/discos-piramidales-fix-tz\/#primaryimage","url":"https:\/\/csunitec.com\/wp-content\/uploads\/2025\/04\/TZ-Pyramid-Discs-3-1.png","contentUrl":"https:\/\/csunitec.com\/wp-content\/uploads\/2025\/04\/TZ-Pyramid-Discs-3-1.png","width":1000,"height":1000},{"@type":"BreadcrumbList","@id":"https:\/\/csunitec.com\/es\/producto\/discos-piramidales-fix-tz\/#breadcrumb","itemListElement":[{"@type":"ListItem","position":1,"name":"Inicio","item":"https:\/\/csunitec.com\/es\/"},{"@type":"ListItem","position":2,"name":"Tienda","item":"https:\/\/csunitec.com\/es\/tienda\/"},{"@type":"ListItem","position":3,"name":"Discos piramidales FIX TZ"}]},{"@type":"WebSite","@id":"https:\/\/csunitec.com\/es\/#website","url":"https:\/\/csunitec.com\/es\/","name":"CS Unitec","description":"","potentialAction":[{"@type":"SearchAction","target":{"@type":"EntryPoint","urlTemplate":"https:\/\/csunitec.com\/es\/?s={search_term_string}"},"query-input":{"@type":"PropertyValueSpecification","valueRequired":true,"valueName":"search_term_string"}}],"inLanguage":"es"}]}},"_links":{"self":[{"href":"https:\/\/csunitec.com\/es\/wp-json\/wp\/v2\/product\/179615","targetHints":{"allow":["GET"]}}],"collection":[{"href":"https:\/\/csunitec.com\/es\/wp-json\/wp\/v2\/product"}],"about":[{"href":"https:\/\/csunitec.com\/es\/wp-json\/wp\/v2\/types\/product"}],"wp:featuredmedia":[{"embeddable":true,"href":"https:\/\/csunitec.com\/es\/wp-json\/wp\/v2\/media\/164250"}],"wp:attachment":[{"href":"https:\/\/csunitec.com\/es\/wp-json\/wp\/v2\/media?parent=179615"}],"wp:term":[{"taxonomy":"product_brand","embeddable":true,"href":"https:\/\/csunitec.com\/es\/wp-json\/wp\/v2\/product_brand?post=179615"},{"taxonomy":"product_cat","embeddable":true,"href":"https:\/\/csunitec.com\/es\/wp-json\/wp\/v2\/product_cat?post=179615"},{"taxonomy":"product_tag","embeddable":true,"href":"https:\/\/csunitec.com\/es\/wp-json\/wp\/v2\/product_tag?post=179615"},{"taxonomy":"accessory_type","embeddable":true,"href":"https:\/\/csunitec.com\/es\/wp-json\/wp\/v2\/accessory_type?post=179615"},{"taxonomy":"application","embeddable":true,"href":"https:\/\/csunitec.com\/es\/wp-json\/wp\/v2\/application?post=179615"},{"taxonomy":"hand_tool_type","embeddable":true,"href":"https:\/\/csunitec.com\/es\/wp-json\/wp\/v2\/hand_tool_type?post=179615"},{"taxonomy":"industry","embeddable":true,"href":"https:\/\/csunitec.com\/es\/wp-json\/wp\/v2\/industry?post=179615"},{"taxonomy":"material","embeddable":true,"href":"https:\/\/csunitec.com\/es\/wp-json\/wp\/v2\/material?post=179615"},{"taxonomy":"power_tool_type","embeddable":true,"href":"https:\/\/csunitec.com\/es\/wp-json\/wp\/v2\/power_tool_type?post=179615"},{"taxonomy":"power_type","embeddable":true,"href":"https:\/\/csunitec.com\/es\/wp-json\/wp\/v2\/power_type?post=179615"},{"taxonomy":"subcategory","embeddable":true,"href":"https:\/\/csunitec.com\/es\/wp-json\/wp\/v2\/subcategory?post=179615"},{"taxonomy":"tool_type","embeddable":true,"href":"https:\/\/csunitec.com\/es\/wp-json\/wp\/v2\/tool_type?post=179615"}],"curies":[{"name":"wp","href":"https:\/\/api.w.org\/{rel}","templated":true}]}}