{"id":179630,"date":"2024-11-21T00:50:00","date_gmt":"2024-11-21T00:50:00","guid":{"rendered":"https:\/\/stgcsunitec.wpenginepowered.com\/product\/discos-magnum-fleece-top\/"},"modified":"2024-11-21T00:50:00","modified_gmt":"2024-11-21T05:50:00","slug":"discos-magnum-fleece-top","status":"publish","type":"product","link":"https:\/\/csunitec.com\/es\/producto\/discos-magnum-fleece-top\/","title":{"rendered":"Discos MAGNUM\u00ae FLEECE TOP"},"content":{"rendered":"<ul>\n<li>Disco de vell\u00f3n vers\u00e1til para acondicionamiento de superficies, acabado fino y pulido<\/li>\n<li>La cantidad altamente comprimida de material de vell\u00f3n garantiza una vida \u00fatil hasta ocho veces superior a la de los discos de vell\u00f3n y SC tradicionales<\/li>\n<li>Disco ideal para el trabajo del metal que requiere un esmerilado fino y un prepulido para obtener un acabado limpio y uniforme<\/li>\n<li>Desincrusta y elimina eficazmente la oxidaci\u00f3n, los ara\u00f1azos, el \u00f3xido, las rebabas y la pintura<\/li>\n<li>Sustituye al cepillo de alambre, al papel de lija y a las gomas de esmerilar<\/li>\n<li>Autolimpiable, con una mezcla especial que evita el acristalamiento y la carga<\/li>\n<\/ul>\n","protected":false},"excerpt":{"rendered":"<ul>\n<li>Disco de vell\u00f3n vers\u00e1til para acondicionamiento de superficies, acabado fino y pulido<\/li>\n<li>La cantidad altamente comprimida de material de vell\u00f3n garantiza una vida \u00fatil hasta ocho veces superior a la de los discos de vell\u00f3n y SC tradicionales<\/li>\n<li>Disco ideal para el trabajo del metal que requiere un esmerilado fino y un prepulido para obtener un acabado limpio y uniforme<\/li>\n<\/ul>\n","protected":false},"featured_media":164321,"template":"","meta":[],"product_brand":[],"product_cat":[1124],"product_tag":[1127,1128,1284],"accessory_type":[927],"application":[1126],"hand_tool_type":[],"industry":[933],"material":[],"power_tool_type":[],"power_type":[],"subcategory":[1130],"tool_type":[943],"class_list":{"0":"post-179630","1":"product","2":"type-product","3":"status-publish","4":"has-post-thumbnail","6":"product_cat-acabado-de-superficies-metalicas","7":"product_tag-accesorios-de-acabado-rotativo","8":"product_tag-discos-de-laminas-plantex","9":"product_tag-top-polar-magnum","10":"accessory_type-accesorio","11":"application-acabado","12":"industry-metalurgia-2","13":"subcategory-acabado-rotativo","14":"tool_type-accesorio","16":"first","17":"instock","18":"shipping-taxable","19":"purchasable","20":"product-type-variable"},"yoast_head":"<!-- This site is optimized with the Yoast SEO plugin v27.5 - https:\/\/yoast.com\/product\/yoast-seo-wordpress\/ -->\n<title>Discos MAGNUM\u00ae FLEECE TOP - CS Unitec<\/title>\n<meta name=\"robots\" content=\"index, follow, max-snippet:-1, max-image-preview:large, max-video-preview:-1\" \/>\n<link rel=\"canonical\" href=\"https:\/\/csunitec.com\/es\/producto\/discos-magnum-fleece-top\/\" \/>\n<meta property=\"og:locale\" content=\"es_ES\" \/>\n<meta property=\"og:type\" content=\"article\" \/>\n<meta property=\"og:title\" content=\"Discos MAGNUM\u00ae FLEECE TOP - CS Unitec\" \/>\n<meta property=\"og:description\" content=\"Disco de vell\u00f3n vers\u00e1til para acondicionamiento de superficies, acabado fino y pulido  La cantidad altamente comprimida de material de vell\u00f3n garantiza una vida \u00fatil hasta ocho veces superior a la de los discos de vell\u00f3n y SC tradicionales  Disco ideal para el trabajo del metal que requiere un esmerilado fino y un prepulido para obtener un acabado limpio y uniforme\" \/>\n<meta property=\"og:url\" content=\"https:\/\/csunitec.com\/es\/producto\/discos-magnum-fleece-top\/\" \/>\n<meta property=\"og:site_name\" content=\"CS Unitec\" \/>\n<meta property=\"article:modified_time\" content=\"2024-11-21T05:50:00+00:00\" \/>\n<meta property=\"og:image\" content=\"https:\/\/csunitec.com\/wp-content\/uploads\/2025\/04\/Metal-grinder.jpg\" \/>\n\t<meta property=\"og:image:width\" content=\"1000\" \/>\n\t<meta property=\"og:image:height\" content=\"1000\" \/>\n\t<meta property=\"og:image:type\" content=\"image\/jpeg\" \/>\n<meta name=\"twitter:card\" content=\"summary_large_image\" \/>\n<meta name=\"twitter:label1\" content=\"Tiempo de lectura\" \/>\n\t<meta name=\"twitter:data1\" content=\"1 minuto\" \/>\n<script type=\"application\/ld+json\" class=\"yoast-schema-graph\">{\"@context\":\"https:\\\/\\\/schema.org\",\"@graph\":[{\"@type\":\"WebPage\",\"@id\":\"https:\\\/\\\/csunitec.com\\\/es\\\/producto\\\/discos-magnum-fleece-top\\\/\",\"url\":\"https:\\\/\\\/csunitec.com\\\/es\\\/producto\\\/discos-magnum-fleece-top\\\/\",\"name\":\"Discos MAGNUM\u00ae FLEECE TOP - CS Unitec\",\"isPartOf\":{\"@id\":\"https:\\\/\\\/csunitec.com\\\/es\\\/#website\"},\"primaryImageOfPage\":{\"@id\":\"https:\\\/\\\/csunitec.com\\\/es\\\/producto\\\/discos-magnum-fleece-top\\\/#primaryimage\"},\"image\":{\"@id\":\"https:\\\/\\\/csunitec.com\\\/es\\\/producto\\\/discos-magnum-fleece-top\\\/#primaryimage\"},\"thumbnailUrl\":\"https:\\\/\\\/csunitec.com\\\/wp-content\\\/uploads\\\/2025\\\/04\\\/Magnum-Fleece-Top-Discs-1-2-1.png\",\"datePublished\":\"2024-11-21T00:50:00+00:00\",\"dateModified\":\"2024-11-21T05:50:00+00:00\",\"breadcrumb\":{\"@id\":\"https:\\\/\\\/csunitec.com\\\/es\\\/producto\\\/discos-magnum-fleece-top\\\/#breadcrumb\"},\"inLanguage\":\"es\",\"potentialAction\":[{\"@type\":\"ReadAction\",\"target\":[\"https:\\\/\\\/csunitec.com\\\/es\\\/producto\\\/discos-magnum-fleece-top\\\/\"]}]},{\"@type\":\"ImageObject\",\"inLanguage\":\"es\",\"@id\":\"https:\\\/\\\/csunitec.com\\\/es\\\/producto\\\/discos-magnum-fleece-top\\\/#primaryimage\",\"url\":\"https:\\\/\\\/csunitec.com\\\/wp-content\\\/uploads\\\/2025\\\/04\\\/Magnum-Fleece-Top-Discs-1-2-1.png\",\"contentUrl\":\"https:\\\/\\\/csunitec.com\\\/wp-content\\\/uploads\\\/2025\\\/04\\\/Magnum-Fleece-Top-Discs-1-2-1.png\",\"width\":1000,\"height\":1000},{\"@type\":\"BreadcrumbList\",\"@id\":\"https:\\\/\\\/csunitec.com\\\/es\\\/producto\\\/discos-magnum-fleece-top\\\/#breadcrumb\",\"itemListElement\":[{\"@type\":\"ListItem\",\"position\":1,\"name\":\"Inicio\",\"item\":\"https:\\\/\\\/csunitec.com\\\/es\\\/\"},{\"@type\":\"ListItem\",\"position\":2,\"name\":\"Tienda\",\"item\":\"https:\\\/\\\/csunitec.com\\\/es\\\/tienda\\\/\"},{\"@type\":\"ListItem\",\"position\":3,\"name\":\"Discos MAGNUM\u00ae FLEECE TOP\"}]},{\"@type\":\"WebSite\",\"@id\":\"https:\\\/\\\/csunitec.com\\\/es\\\/#website\",\"url\":\"https:\\\/\\\/csunitec.com\\\/es\\\/\",\"name\":\"CS Unitec\",\"description\":\"\",\"potentialAction\":[{\"@type\":\"SearchAction\",\"target\":{\"@type\":\"EntryPoint\",\"urlTemplate\":\"https:\\\/\\\/csunitec.com\\\/es\\\/?s={search_term_string}\"},\"query-input\":{\"@type\":\"PropertyValueSpecification\",\"valueRequired\":true,\"valueName\":\"search_term_string\"}}],\"inLanguage\":\"es\"}]}<\/script>\n<!-- \/ Yoast SEO plugin. -->","yoast_head_json":{"title":"Discos MAGNUM\u00ae FLEECE TOP - CS Unitec","robots":{"index":"index","follow":"follow","max-snippet":"max-snippet:-1","max-image-preview":"max-image-preview:large","max-video-preview":"max-video-preview:-1"},"canonical":"https:\/\/csunitec.com\/es\/producto\/discos-magnum-fleece-top\/","og_locale":"es_ES","og_type":"article","og_title":"Discos MAGNUM\u00ae FLEECE TOP - CS Unitec","og_description":"Disco de vell\u00f3n vers\u00e1til para acondicionamiento de superficies, acabado fino y pulido  La cantidad altamente comprimida de material de vell\u00f3n garantiza una vida \u00fatil hasta ocho veces superior a la de los discos de vell\u00f3n y SC tradicionales  Disco ideal para el trabajo del metal que requiere un esmerilado fino y un prepulido para obtener un acabado limpio y uniforme","og_url":"https:\/\/csunitec.com\/es\/producto\/discos-magnum-fleece-top\/","og_site_name":"CS Unitec","article_modified_time":"2024-11-21T05:50:00+00:00","og_image":[{"width":1000,"height":1000,"url":"https:\/\/csunitec.com\/wp-content\/uploads\/2025\/04\/Metal-grinder.jpg","type":"image\/jpeg"}],"twitter_card":"summary_large_image","twitter_misc":{"Tiempo de lectura":"1 minuto"},"schema":{"@context":"https:\/\/schema.org","@graph":[{"@type":"WebPage","@id":"https:\/\/csunitec.com\/es\/producto\/discos-magnum-fleece-top\/","url":"https:\/\/csunitec.com\/es\/producto\/discos-magnum-fleece-top\/","name":"Discos MAGNUM\u00ae FLEECE TOP - CS Unitec","isPartOf":{"@id":"https:\/\/csunitec.com\/es\/#website"},"primaryImageOfPage":{"@id":"https:\/\/csunitec.com\/es\/producto\/discos-magnum-fleece-top\/#primaryimage"},"image":{"@id":"https:\/\/csunitec.com\/es\/producto\/discos-magnum-fleece-top\/#primaryimage"},"thumbnailUrl":"https:\/\/csunitec.com\/wp-content\/uploads\/2025\/04\/Magnum-Fleece-Top-Discs-1-2-1.png","datePublished":"2024-11-21T00:50:00+00:00","dateModified":"2024-11-21T05:50:00+00:00","breadcrumb":{"@id":"https:\/\/csunitec.com\/es\/producto\/discos-magnum-fleece-top\/#breadcrumb"},"inLanguage":"es","potentialAction":[{"@type":"ReadAction","target":["https:\/\/csunitec.com\/es\/producto\/discos-magnum-fleece-top\/"]}]},{"@type":"ImageObject","inLanguage":"es","@id":"https:\/\/csunitec.com\/es\/producto\/discos-magnum-fleece-top\/#primaryimage","url":"https:\/\/csunitec.com\/wp-content\/uploads\/2025\/04\/Magnum-Fleece-Top-Discs-1-2-1.png","contentUrl":"https:\/\/csunitec.com\/wp-content\/uploads\/2025\/04\/Magnum-Fleece-Top-Discs-1-2-1.png","width":1000,"height":1000},{"@type":"BreadcrumbList","@id":"https:\/\/csunitec.com\/es\/producto\/discos-magnum-fleece-top\/#breadcrumb","itemListElement":[{"@type":"ListItem","position":1,"name":"Inicio","item":"https:\/\/csunitec.com\/es\/"},{"@type":"ListItem","position":2,"name":"Tienda","item":"https:\/\/csunitec.com\/es\/tienda\/"},{"@type":"ListItem","position":3,"name":"Discos MAGNUM\u00ae FLEECE TOP"}]},{"@type":"WebSite","@id":"https:\/\/csunitec.com\/es\/#website","url":"https:\/\/csunitec.com\/es\/","name":"CS Unitec","description":"","potentialAction":[{"@type":"SearchAction","target":{"@type":"EntryPoint","urlTemplate":"https:\/\/csunitec.com\/es\/?s={search_term_string}"},"query-input":{"@type":"PropertyValueSpecification","valueRequired":true,"valueName":"search_term_string"}}],"inLanguage":"es"}]}},"_links":{"self":[{"href":"https:\/\/csunitec.com\/es\/wp-json\/wp\/v2\/product\/179630","targetHints":{"allow":["GET"]}}],"collection":[{"href":"https:\/\/csunitec.com\/es\/wp-json\/wp\/v2\/product"}],"about":[{"href":"https:\/\/csunitec.com\/es\/wp-json\/wp\/v2\/types\/product"}],"wp:featuredmedia":[{"embeddable":true,"href":"https:\/\/csunitec.com\/es\/wp-json\/wp\/v2\/media\/164321"}],"wp:attachment":[{"href":"https:\/\/csunitec.com\/es\/wp-json\/wp\/v2\/media?parent=179630"}],"wp:term":[{"taxonomy":"product_brand","embeddable":true,"href":"https:\/\/csunitec.com\/es\/wp-json\/wp\/v2\/product_brand?post=179630"},{"taxonomy":"product_cat","embeddable":true,"href":"https:\/\/csunitec.com\/es\/wp-json\/wp\/v2\/product_cat?post=179630"},{"taxonomy":"product_tag","embeddable":true,"href":"https:\/\/csunitec.com\/es\/wp-json\/wp\/v2\/product_tag?post=179630"},{"taxonomy":"accessory_type","embeddable":true,"href":"https:\/\/csunitec.com\/es\/wp-json\/wp\/v2\/accessory_type?post=179630"},{"taxonomy":"application","embeddable":true,"href":"https:\/\/csunitec.com\/es\/wp-json\/wp\/v2\/application?post=179630"},{"taxonomy":"hand_tool_type","embeddable":true,"href":"https:\/\/csunitec.com\/es\/wp-json\/wp\/v2\/hand_tool_type?post=179630"},{"taxonomy":"industry","embeddable":true,"href":"https:\/\/csunitec.com\/es\/wp-json\/wp\/v2\/industry?post=179630"},{"taxonomy":"material","embeddable":true,"href":"https:\/\/csunitec.com\/es\/wp-json\/wp\/v2\/material?post=179630"},{"taxonomy":"power_tool_type","embeddable":true,"href":"https:\/\/csunitec.com\/es\/wp-json\/wp\/v2\/power_tool_type?post=179630"},{"taxonomy":"power_type","embeddable":true,"href":"https:\/\/csunitec.com\/es\/wp-json\/wp\/v2\/power_type?post=179630"},{"taxonomy":"subcategory","embeddable":true,"href":"https:\/\/csunitec.com\/es\/wp-json\/wp\/v2\/subcategory?post=179630"},{"taxonomy":"tool_type","embeddable":true,"href":"https:\/\/csunitec.com\/es\/wp-json\/wp\/v2\/tool_type?post=179630"}],"curies":[{"name":"wp","href":"https:\/\/api.w.org\/{rel}","templated":true}]}}