{"id":179643,"date":"2024-11-21T00:58:00","date_gmt":"2024-11-21T00:58:00","guid":{"rendered":"https:\/\/stgcsunitec.wpenginepowered.com\/product\/magnum-topmix\/"},"modified":"2024-11-21T00:58:00","modified_gmt":"2024-11-21T05:58:00","slug":"magnum-topmix","status":"publish","type":"product","link":"https:\/\/csunitec.com\/es\/producto\/magnum-topmix\/","title":{"rendered":"MAGNUM\u00ae TOPMIX"},"content":{"rendered":"<ul>\n<li>La combinaci\u00f3n de vell\u00f3n coordinado garantiza un buen acabado<\/li>\n<li>Excelente vida \u00fatil, lo que facilita el desbarbado y la limpieza de piezas de fundici\u00f3n y soldaduras<\/li>\n<li>Ideal para eliminar puntos de soldadura y ara\u00f1azos profundos en acero inoxidable, acero y metales no f\u00e9rreos<\/li>\n<li>Desarrollado para aumentar la eliminaci\u00f3n de material durante el acabado<\/li>\n<li>Ideal para eliminar puntos de soldadura y ara\u00f1azos profundos en acero inoxidable, acero y metales no f\u00e9rreos<\/li>\n<\/ul>\n","protected":false},"excerpt":{"rendered":"<ul>\n<li>La combinaci\u00f3n de vell\u00f3n coordinado garantiza un buen acabado<\/li>\n<li>Excelente vida \u00fatil, lo que facilita el desbarbado y la limpieza de piezas de fundici\u00f3n y soldaduras<\/li>\n<li>Ideal para eliminar puntos de soldadura y ara\u00f1azos profundos en acero inoxidable, acero y metales no f\u00e9rreos<\/li>\n<\/ul>\n","protected":false},"featured_media":164331,"template":"","meta":[],"product_brand":[],"product_cat":[1124],"product_tag":[1127,1128,1286],"accessory_type":[927],"application":[1126],"hand_tool_type":[],"industry":[933],"material":[],"power_tool_type":[],"power_type":[],"subcategory":[1130],"tool_type":[943],"class_list":{"0":"post-179643","1":"product","2":"type-product","3":"status-publish","4":"has-post-thumbnail","6":"product_cat-acabado-de-superficies-metalicas","7":"product_tag-accesorios-de-acabado-rotativo","8":"product_tag-discos-de-laminas-plantex","9":"product_tag-magnum-topmix","10":"accessory_type-accesorio","11":"application-acabado","12":"industry-metalurgia-2","13":"subcategory-acabado-rotativo","14":"tool_type-accesorio","16":"first","17":"instock","18":"shipping-taxable","19":"purchasable","20":"product-type-simple"},"yoast_head":"<!-- This site is optimized with the Yoast SEO plugin v27.5 - https:\/\/yoast.com\/product\/yoast-seo-wordpress\/ -->\n<title>MAGNUM\u00ae TOPMIX - CS Unitec<\/title>\n<meta name=\"robots\" content=\"index, follow, max-snippet:-1, max-image-preview:large, max-video-preview:-1\" \/>\n<link rel=\"canonical\" href=\"https:\/\/csunitec.com\/es\/producto\/magnum-topmix\/\" \/>\n<meta property=\"og:locale\" content=\"es_ES\" \/>\n<meta property=\"og:type\" content=\"article\" \/>\n<meta property=\"og:title\" content=\"MAGNUM\u00ae TOPMIX - CS Unitec\" \/>\n<meta property=\"og:description\" content=\"La combinaci\u00f3n de vell\u00f3n coordinado garantiza un buen acabado  Excelente vida \u00fatil, lo que facilita el desbarbado y la limpieza de piezas de fundici\u00f3n y soldaduras  Ideal para eliminar puntos de soldadura y ara\u00f1azos profundos en acero inoxidable, acero y metales no f\u00e9rreos\" \/>\n<meta property=\"og:url\" content=\"https:\/\/csunitec.com\/es\/producto\/magnum-topmix\/\" \/>\n<meta property=\"og:site_name\" content=\"CS Unitec\" \/>\n<meta property=\"article:modified_time\" content=\"2024-11-21T05:58:00+00:00\" \/>\n<meta property=\"og:image\" content=\"https:\/\/csunitec.com\/wp-content\/uploads\/2025\/04\/Metal-grinder.jpg\" \/>\n\t<meta property=\"og:image:width\" content=\"1000\" \/>\n\t<meta property=\"og:image:height\" content=\"1000\" \/>\n\t<meta property=\"og:image:type\" content=\"image\/jpeg\" \/>\n<meta name=\"twitter:card\" content=\"summary_large_image\" \/>\n<script type=\"application\/ld+json\" class=\"yoast-schema-graph\">{\"@context\":\"https:\\\/\\\/schema.org\",\"@graph\":[{\"@type\":\"WebPage\",\"@id\":\"https:\\\/\\\/csunitec.com\\\/es\\\/producto\\\/magnum-topmix\\\/\",\"url\":\"https:\\\/\\\/csunitec.com\\\/es\\\/producto\\\/magnum-topmix\\\/\",\"name\":\"MAGNUM\u00ae TOPMIX - CS Unitec\",\"isPartOf\":{\"@id\":\"https:\\\/\\\/csunitec.com\\\/es\\\/#website\"},\"primaryImageOfPage\":{\"@id\":\"https:\\\/\\\/csunitec.com\\\/es\\\/producto\\\/magnum-topmix\\\/#primaryimage\"},\"image\":{\"@id\":\"https:\\\/\\\/csunitec.com\\\/es\\\/producto\\\/magnum-topmix\\\/#primaryimage\"},\"thumbnailUrl\":\"https:\\\/\\\/csunitec.com\\\/wp-content\\\/uploads\\\/2025\\\/04\\\/Magnum-Topmix-Flap-Disc-1-2-1.png\",\"datePublished\":\"2024-11-21T00:58:00+00:00\",\"dateModified\":\"2024-11-21T05:58:00+00:00\",\"breadcrumb\":{\"@id\":\"https:\\\/\\\/csunitec.com\\\/es\\\/producto\\\/magnum-topmix\\\/#breadcrumb\"},\"inLanguage\":\"es\",\"potentialAction\":[{\"@type\":\"ReadAction\",\"target\":[\"https:\\\/\\\/csunitec.com\\\/es\\\/producto\\\/magnum-topmix\\\/\"]}]},{\"@type\":\"ImageObject\",\"inLanguage\":\"es\",\"@id\":\"https:\\\/\\\/csunitec.com\\\/es\\\/producto\\\/magnum-topmix\\\/#primaryimage\",\"url\":\"https:\\\/\\\/csunitec.com\\\/wp-content\\\/uploads\\\/2025\\\/04\\\/Magnum-Topmix-Flap-Disc-1-2-1.png\",\"contentUrl\":\"https:\\\/\\\/csunitec.com\\\/wp-content\\\/uploads\\\/2025\\\/04\\\/Magnum-Topmix-Flap-Disc-1-2-1.png\",\"width\":1000,\"height\":1000},{\"@type\":\"BreadcrumbList\",\"@id\":\"https:\\\/\\\/csunitec.com\\\/es\\\/producto\\\/magnum-topmix\\\/#breadcrumb\",\"itemListElement\":[{\"@type\":\"ListItem\",\"position\":1,\"name\":\"Inicio\",\"item\":\"https:\\\/\\\/csunitec.com\\\/es\\\/\"},{\"@type\":\"ListItem\",\"position\":2,\"name\":\"Tienda\",\"item\":\"https:\\\/\\\/csunitec.com\\\/es\\\/tienda\\\/\"},{\"@type\":\"ListItem\",\"position\":3,\"name\":\"MAGNUM\u00ae TOPMIX\"}]},{\"@type\":\"WebSite\",\"@id\":\"https:\\\/\\\/csunitec.com\\\/es\\\/#website\",\"url\":\"https:\\\/\\\/csunitec.com\\\/es\\\/\",\"name\":\"CS Unitec\",\"description\":\"\",\"potentialAction\":[{\"@type\":\"SearchAction\",\"target\":{\"@type\":\"EntryPoint\",\"urlTemplate\":\"https:\\\/\\\/csunitec.com\\\/es\\\/?s={search_term_string}\"},\"query-input\":{\"@type\":\"PropertyValueSpecification\",\"valueRequired\":true,\"valueName\":\"search_term_string\"}}],\"inLanguage\":\"es\"}]}<\/script>\n<!-- \/ Yoast SEO plugin. -->","yoast_head_json":{"title":"MAGNUM\u00ae TOPMIX - CS Unitec","robots":{"index":"index","follow":"follow","max-snippet":"max-snippet:-1","max-image-preview":"max-image-preview:large","max-video-preview":"max-video-preview:-1"},"canonical":"https:\/\/csunitec.com\/es\/producto\/magnum-topmix\/","og_locale":"es_ES","og_type":"article","og_title":"MAGNUM\u00ae TOPMIX - CS Unitec","og_description":"La combinaci\u00f3n de vell\u00f3n coordinado garantiza un buen acabado  Excelente vida \u00fatil, lo que facilita el desbarbado y la limpieza de piezas de fundici\u00f3n y soldaduras  Ideal para eliminar puntos de soldadura y ara\u00f1azos profundos en acero inoxidable, acero y metales no f\u00e9rreos","og_url":"https:\/\/csunitec.com\/es\/producto\/magnum-topmix\/","og_site_name":"CS Unitec","article_modified_time":"2024-11-21T05:58:00+00:00","og_image":[{"width":1000,"height":1000,"url":"https:\/\/csunitec.com\/wp-content\/uploads\/2025\/04\/Metal-grinder.jpg","type":"image\/jpeg"}],"twitter_card":"summary_large_image","schema":{"@context":"https:\/\/schema.org","@graph":[{"@type":"WebPage","@id":"https:\/\/csunitec.com\/es\/producto\/magnum-topmix\/","url":"https:\/\/csunitec.com\/es\/producto\/magnum-topmix\/","name":"MAGNUM\u00ae TOPMIX - CS Unitec","isPartOf":{"@id":"https:\/\/csunitec.com\/es\/#website"},"primaryImageOfPage":{"@id":"https:\/\/csunitec.com\/es\/producto\/magnum-topmix\/#primaryimage"},"image":{"@id":"https:\/\/csunitec.com\/es\/producto\/magnum-topmix\/#primaryimage"},"thumbnailUrl":"https:\/\/csunitec.com\/wp-content\/uploads\/2025\/04\/Magnum-Topmix-Flap-Disc-1-2-1.png","datePublished":"2024-11-21T00:58:00+00:00","dateModified":"2024-11-21T05:58:00+00:00","breadcrumb":{"@id":"https:\/\/csunitec.com\/es\/producto\/magnum-topmix\/#breadcrumb"},"inLanguage":"es","potentialAction":[{"@type":"ReadAction","target":["https:\/\/csunitec.com\/es\/producto\/magnum-topmix\/"]}]},{"@type":"ImageObject","inLanguage":"es","@id":"https:\/\/csunitec.com\/es\/producto\/magnum-topmix\/#primaryimage","url":"https:\/\/csunitec.com\/wp-content\/uploads\/2025\/04\/Magnum-Topmix-Flap-Disc-1-2-1.png","contentUrl":"https:\/\/csunitec.com\/wp-content\/uploads\/2025\/04\/Magnum-Topmix-Flap-Disc-1-2-1.png","width":1000,"height":1000},{"@type":"BreadcrumbList","@id":"https:\/\/csunitec.com\/es\/producto\/magnum-topmix\/#breadcrumb","itemListElement":[{"@type":"ListItem","position":1,"name":"Inicio","item":"https:\/\/csunitec.com\/es\/"},{"@type":"ListItem","position":2,"name":"Tienda","item":"https:\/\/csunitec.com\/es\/tienda\/"},{"@type":"ListItem","position":3,"name":"MAGNUM\u00ae TOPMIX"}]},{"@type":"WebSite","@id":"https:\/\/csunitec.com\/es\/#website","url":"https:\/\/csunitec.com\/es\/","name":"CS Unitec","description":"","potentialAction":[{"@type":"SearchAction","target":{"@type":"EntryPoint","urlTemplate":"https:\/\/csunitec.com\/es\/?s={search_term_string}"},"query-input":{"@type":"PropertyValueSpecification","valueRequired":true,"valueName":"search_term_string"}}],"inLanguage":"es"}]}},"_links":{"self":[{"href":"https:\/\/csunitec.com\/es\/wp-json\/wp\/v2\/product\/179643","targetHints":{"allow":["GET"]}}],"collection":[{"href":"https:\/\/csunitec.com\/es\/wp-json\/wp\/v2\/product"}],"about":[{"href":"https:\/\/csunitec.com\/es\/wp-json\/wp\/v2\/types\/product"}],"wp:featuredmedia":[{"embeddable":true,"href":"https:\/\/csunitec.com\/es\/wp-json\/wp\/v2\/media\/164331"}],"wp:attachment":[{"href":"https:\/\/csunitec.com\/es\/wp-json\/wp\/v2\/media?parent=179643"}],"wp:term":[{"taxonomy":"product_brand","embeddable":true,"href":"https:\/\/csunitec.com\/es\/wp-json\/wp\/v2\/product_brand?post=179643"},{"taxonomy":"product_cat","embeddable":true,"href":"https:\/\/csunitec.com\/es\/wp-json\/wp\/v2\/product_cat?post=179643"},{"taxonomy":"product_tag","embeddable":true,"href":"https:\/\/csunitec.com\/es\/wp-json\/wp\/v2\/product_tag?post=179643"},{"taxonomy":"accessory_type","embeddable":true,"href":"https:\/\/csunitec.com\/es\/wp-json\/wp\/v2\/accessory_type?post=179643"},{"taxonomy":"application","embeddable":true,"href":"https:\/\/csunitec.com\/es\/wp-json\/wp\/v2\/application?post=179643"},{"taxonomy":"hand_tool_type","embeddable":true,"href":"https:\/\/csunitec.com\/es\/wp-json\/wp\/v2\/hand_tool_type?post=179643"},{"taxonomy":"industry","embeddable":true,"href":"https:\/\/csunitec.com\/es\/wp-json\/wp\/v2\/industry?post=179643"},{"taxonomy":"material","embeddable":true,"href":"https:\/\/csunitec.com\/es\/wp-json\/wp\/v2\/material?post=179643"},{"taxonomy":"power_tool_type","embeddable":true,"href":"https:\/\/csunitec.com\/es\/wp-json\/wp\/v2\/power_tool_type?post=179643"},{"taxonomy":"power_type","embeddable":true,"href":"https:\/\/csunitec.com\/es\/wp-json\/wp\/v2\/power_type?post=179643"},{"taxonomy":"subcategory","embeddable":true,"href":"https:\/\/csunitec.com\/es\/wp-json\/wp\/v2\/subcategory?post=179643"},{"taxonomy":"tool_type","embeddable":true,"href":"https:\/\/csunitec.com\/es\/wp-json\/wp\/v2\/tool_type?post=179643"}],"curies":[{"name":"wp","href":"https:\/\/api.w.org\/{rel}","templated":true}]}}