{"id":179651,"date":"2024-11-20T23:33:00","date_gmt":"2024-11-20T23:33:00","guid":{"rendered":"https:\/\/stgcsunitec.wpenginepowered.com\/product\/disco-de-laminas-plantex-spitfire\/"},"modified":"2024-11-20T23:33:00","modified_gmt":"2024-11-21T04:33:00","slug":"disco-de-laminas-plantex-spitfire","status":"publish","type":"product","link":"https:\/\/csunitec.com\/es\/producto\/disco-de-laminas-plantex-spitfire\/","title":{"rendered":"Disco de l\u00e1minas PLANTEX\u00ae SpitFire"},"content":{"rendered":"<p>El dise\u00f1o del disco de aletas SpitFire viene equipado con nuevas caracter\u00edsticas:<\/p>\n<ul>\n<li>Di\u00e1metros de 4-1\/2&#8243;, 5&#8243; y 6<\/li>\n<li>5\/8&#8243; x 11, o 7&#8243; Perno giratorio<\/li>\n<li>Gama de granos de 40, 60, 80 y 120<\/li>\n<li>Viene en paquetes de 10<\/li>\n<li>Precios competitivos<\/li>\n<li>Ideal para acero al carbono y acero inoxidable<\/li>\n<\/ul>\n<p>Fabricados en Alemania, nuestros nuevos discos de l\u00e1minas est\u00e1n dise\u00f1ados con una f\u00f3rmula \u00fanica protegida internacionalmente para un desbaste, mezcla y acabado \u00f3ptimos. Nuestros discos de l\u00e1minas son ecol\u00f3gicos, ya que su producci\u00f3n requiere un 50% menos de energ\u00eda, y las l\u00e1minas se pueden utilizar hasta el soporte. Los platos de soporte son de origen vegetal y est\u00e1n hechos de c\u00e1\u00f1amo, por lo que absorben el o\u00eddo y el sonido, y son m\u00e1s resistentes a los impactos que la fibra de vidrio.<\/p>\n","protected":false},"excerpt":{"rendered":"<ul>\n<li>Di\u00e1metros de 4-1\/2&#8243;, 5&#8243; y 6<\/li>\n<li>5\/8&#8243; x 11, o 7&#8243; Perno giratorio<\/li>\n<li>Gama de granos de 40, 60, 80 y 120<\/li>\n<\/ul>\n","protected":false},"featured_media":164280,"template":"","meta":[],"product_brand":[],"product_cat":[1124],"product_tag":[1127,1128,1129],"accessory_type":[927],"application":[1126],"hand_tool_type":[],"industry":[933],"material":[],"power_tool_type":[],"power_type":[],"subcategory":[1130],"tool_type":[943],"class_list":{"0":"post-179651","1":"product","2":"type-product","3":"status-publish","4":"has-post-thumbnail","6":"product_cat-acabado-de-superficies-metalicas","7":"product_tag-accesorios-de-acabado-rotativo","8":"product_tag-discos-de-laminas-plantex","9":"product_tag-spitfire","10":"accessory_type-accesorio","11":"application-acabado","12":"industry-metalurgia-2","13":"subcategory-acabado-rotativo","14":"tool_type-accesorio","16":"first","17":"instock","18":"shipping-taxable","19":"purchasable","20":"product-type-variable"},"yoast_head":"<!-- This site is optimized with the Yoast SEO plugin v27.5 - https:\/\/yoast.com\/product\/yoast-seo-wordpress\/ -->\n<title>Disco de l\u00e1minas PLANTEX\u00ae SpitFire - CS Unitec<\/title>\n<meta name=\"robots\" content=\"index, follow, max-snippet:-1, max-image-preview:large, max-video-preview:-1\" \/>\n<link rel=\"canonical\" href=\"https:\/\/csunitec.com\/es\/producto\/disco-de-laminas-plantex-spitfire\/\" \/>\n<meta property=\"og:locale\" content=\"es_ES\" \/>\n<meta property=\"og:type\" content=\"article\" \/>\n<meta property=\"og:title\" content=\"Disco de l\u00e1minas PLANTEX\u00ae SpitFire - CS Unitec\" \/>\n<meta property=\"og:description\" content=\"Di\u00e1metros de 4-1\/2&quot;, 5&quot; y 6  5\/8&quot; x 11, o 7&quot; Perno giratorio  Gama de granos de 40, 60, 80 y 120\" \/>\n<meta property=\"og:url\" content=\"https:\/\/csunitec.com\/es\/producto\/disco-de-laminas-plantex-spitfire\/\" \/>\n<meta property=\"og:site_name\" content=\"CS Unitec\" \/>\n<meta property=\"article:modified_time\" content=\"2024-11-21T04:33:00+00:00\" \/>\n<meta property=\"og:image\" content=\"https:\/\/csunitec.com\/wp-content\/uploads\/2025\/04\/Plantex-SpitFire-3-1.png\" \/>\n\t<meta property=\"og:image:width\" content=\"1000\" \/>\n\t<meta property=\"og:image:height\" content=\"1000\" \/>\n\t<meta property=\"og:image:type\" content=\"image\/png\" \/>\n<meta name=\"twitter:card\" content=\"summary_large_image\" \/>\n<meta name=\"twitter:label1\" content=\"Tiempo de lectura\" \/>\n\t<meta name=\"twitter:data1\" content=\"1 minuto\" \/>\n<script type=\"application\/ld+json\" class=\"yoast-schema-graph\">{\"@context\":\"https:\\\/\\\/schema.org\",\"@graph\":[{\"@type\":\"WebPage\",\"@id\":\"https:\\\/\\\/csunitec.com\\\/es\\\/producto\\\/disco-de-laminas-plantex-spitfire\\\/\",\"url\":\"https:\\\/\\\/csunitec.com\\\/es\\\/producto\\\/disco-de-laminas-plantex-spitfire\\\/\",\"name\":\"Disco de l\u00e1minas PLANTEX\u00ae SpitFire - CS Unitec\",\"isPartOf\":{\"@id\":\"https:\\\/\\\/csunitec.com\\\/es\\\/#website\"},\"primaryImageOfPage\":{\"@id\":\"https:\\\/\\\/csunitec.com\\\/es\\\/producto\\\/disco-de-laminas-plantex-spitfire\\\/#primaryimage\"},\"image\":{\"@id\":\"https:\\\/\\\/csunitec.com\\\/es\\\/producto\\\/disco-de-laminas-plantex-spitfire\\\/#primaryimage\"},\"thumbnailUrl\":\"https:\\\/\\\/csunitec.com\\\/wp-content\\\/uploads\\\/2025\\\/04\\\/Plantex-SpitFire-3-1.png\",\"datePublished\":\"2024-11-20T23:33:00+00:00\",\"dateModified\":\"2024-11-21T04:33:00+00:00\",\"breadcrumb\":{\"@id\":\"https:\\\/\\\/csunitec.com\\\/es\\\/producto\\\/disco-de-laminas-plantex-spitfire\\\/#breadcrumb\"},\"inLanguage\":\"es\",\"potentialAction\":[{\"@type\":\"ReadAction\",\"target\":[\"https:\\\/\\\/csunitec.com\\\/es\\\/producto\\\/disco-de-laminas-plantex-spitfire\\\/\"]}]},{\"@type\":\"ImageObject\",\"inLanguage\":\"es\",\"@id\":\"https:\\\/\\\/csunitec.com\\\/es\\\/producto\\\/disco-de-laminas-plantex-spitfire\\\/#primaryimage\",\"url\":\"https:\\\/\\\/csunitec.com\\\/wp-content\\\/uploads\\\/2025\\\/04\\\/Plantex-SpitFire-3-1.png\",\"contentUrl\":\"https:\\\/\\\/csunitec.com\\\/wp-content\\\/uploads\\\/2025\\\/04\\\/Plantex-SpitFire-3-1.png\",\"width\":1000,\"height\":1000},{\"@type\":\"BreadcrumbList\",\"@id\":\"https:\\\/\\\/csunitec.com\\\/es\\\/producto\\\/disco-de-laminas-plantex-spitfire\\\/#breadcrumb\",\"itemListElement\":[{\"@type\":\"ListItem\",\"position\":1,\"name\":\"Inicio\",\"item\":\"https:\\\/\\\/csunitec.com\\\/es\\\/\"},{\"@type\":\"ListItem\",\"position\":2,\"name\":\"Tienda\",\"item\":\"https:\\\/\\\/csunitec.com\\\/es\\\/tienda\\\/\"},{\"@type\":\"ListItem\",\"position\":3,\"name\":\"Disco de l\u00e1minas PLANTEX\u00ae SpitFire\"}]},{\"@type\":\"WebSite\",\"@id\":\"https:\\\/\\\/csunitec.com\\\/es\\\/#website\",\"url\":\"https:\\\/\\\/csunitec.com\\\/es\\\/\",\"name\":\"CS Unitec\",\"description\":\"\",\"potentialAction\":[{\"@type\":\"SearchAction\",\"target\":{\"@type\":\"EntryPoint\",\"urlTemplate\":\"https:\\\/\\\/csunitec.com\\\/es\\\/?s={search_term_string}\"},\"query-input\":{\"@type\":\"PropertyValueSpecification\",\"valueRequired\":true,\"valueName\":\"search_term_string\"}}],\"inLanguage\":\"es\"}]}<\/script>\n<!-- \/ Yoast SEO plugin. -->","yoast_head_json":{"title":"Disco de l\u00e1minas PLANTEX\u00ae SpitFire - CS Unitec","robots":{"index":"index","follow":"follow","max-snippet":"max-snippet:-1","max-image-preview":"max-image-preview:large","max-video-preview":"max-video-preview:-1"},"canonical":"https:\/\/csunitec.com\/es\/producto\/disco-de-laminas-plantex-spitfire\/","og_locale":"es_ES","og_type":"article","og_title":"Disco de l\u00e1minas PLANTEX\u00ae SpitFire - CS Unitec","og_description":"Di\u00e1metros de 4-1\/2\", 5\" y 6  5\/8\" x 11, o 7\" Perno giratorio  Gama de granos de 40, 60, 80 y 120","og_url":"https:\/\/csunitec.com\/es\/producto\/disco-de-laminas-plantex-spitfire\/","og_site_name":"CS Unitec","article_modified_time":"2024-11-21T04:33:00+00:00","og_image":[{"width":1000,"height":1000,"url":"https:\/\/csunitec.com\/wp-content\/uploads\/2025\/04\/Plantex-SpitFire-3-1.png","type":"image\/png"}],"twitter_card":"summary_large_image","twitter_misc":{"Tiempo de lectura":"1 minuto"},"schema":{"@context":"https:\/\/schema.org","@graph":[{"@type":"WebPage","@id":"https:\/\/csunitec.com\/es\/producto\/disco-de-laminas-plantex-spitfire\/","url":"https:\/\/csunitec.com\/es\/producto\/disco-de-laminas-plantex-spitfire\/","name":"Disco de l\u00e1minas PLANTEX\u00ae SpitFire - CS Unitec","isPartOf":{"@id":"https:\/\/csunitec.com\/es\/#website"},"primaryImageOfPage":{"@id":"https:\/\/csunitec.com\/es\/producto\/disco-de-laminas-plantex-spitfire\/#primaryimage"},"image":{"@id":"https:\/\/csunitec.com\/es\/producto\/disco-de-laminas-plantex-spitfire\/#primaryimage"},"thumbnailUrl":"https:\/\/csunitec.com\/wp-content\/uploads\/2025\/04\/Plantex-SpitFire-3-1.png","datePublished":"2024-11-20T23:33:00+00:00","dateModified":"2024-11-21T04:33:00+00:00","breadcrumb":{"@id":"https:\/\/csunitec.com\/es\/producto\/disco-de-laminas-plantex-spitfire\/#breadcrumb"},"inLanguage":"es","potentialAction":[{"@type":"ReadAction","target":["https:\/\/csunitec.com\/es\/producto\/disco-de-laminas-plantex-spitfire\/"]}]},{"@type":"ImageObject","inLanguage":"es","@id":"https:\/\/csunitec.com\/es\/producto\/disco-de-laminas-plantex-spitfire\/#primaryimage","url":"https:\/\/csunitec.com\/wp-content\/uploads\/2025\/04\/Plantex-SpitFire-3-1.png","contentUrl":"https:\/\/csunitec.com\/wp-content\/uploads\/2025\/04\/Plantex-SpitFire-3-1.png","width":1000,"height":1000},{"@type":"BreadcrumbList","@id":"https:\/\/csunitec.com\/es\/producto\/disco-de-laminas-plantex-spitfire\/#breadcrumb","itemListElement":[{"@type":"ListItem","position":1,"name":"Inicio","item":"https:\/\/csunitec.com\/es\/"},{"@type":"ListItem","position":2,"name":"Tienda","item":"https:\/\/csunitec.com\/es\/tienda\/"},{"@type":"ListItem","position":3,"name":"Disco de l\u00e1minas PLANTEX\u00ae SpitFire"}]},{"@type":"WebSite","@id":"https:\/\/csunitec.com\/es\/#website","url":"https:\/\/csunitec.com\/es\/","name":"CS Unitec","description":"","potentialAction":[{"@type":"SearchAction","target":{"@type":"EntryPoint","urlTemplate":"https:\/\/csunitec.com\/es\/?s={search_term_string}"},"query-input":{"@type":"PropertyValueSpecification","valueRequired":true,"valueName":"search_term_string"}}],"inLanguage":"es"}]}},"_links":{"self":[{"href":"https:\/\/csunitec.com\/es\/wp-json\/wp\/v2\/product\/179651","targetHints":{"allow":["GET"]}}],"collection":[{"href":"https:\/\/csunitec.com\/es\/wp-json\/wp\/v2\/product"}],"about":[{"href":"https:\/\/csunitec.com\/es\/wp-json\/wp\/v2\/types\/product"}],"wp:featuredmedia":[{"embeddable":true,"href":"https:\/\/csunitec.com\/es\/wp-json\/wp\/v2\/media\/164280"}],"wp:attachment":[{"href":"https:\/\/csunitec.com\/es\/wp-json\/wp\/v2\/media?parent=179651"}],"wp:term":[{"taxonomy":"product_brand","embeddable":true,"href":"https:\/\/csunitec.com\/es\/wp-json\/wp\/v2\/product_brand?post=179651"},{"taxonomy":"product_cat","embeddable":true,"href":"https:\/\/csunitec.com\/es\/wp-json\/wp\/v2\/product_cat?post=179651"},{"taxonomy":"product_tag","embeddable":true,"href":"https:\/\/csunitec.com\/es\/wp-json\/wp\/v2\/product_tag?post=179651"},{"taxonomy":"accessory_type","embeddable":true,"href":"https:\/\/csunitec.com\/es\/wp-json\/wp\/v2\/accessory_type?post=179651"},{"taxonomy":"application","embeddable":true,"href":"https:\/\/csunitec.com\/es\/wp-json\/wp\/v2\/application?post=179651"},{"taxonomy":"hand_tool_type","embeddable":true,"href":"https:\/\/csunitec.com\/es\/wp-json\/wp\/v2\/hand_tool_type?post=179651"},{"taxonomy":"industry","embeddable":true,"href":"https:\/\/csunitec.com\/es\/wp-json\/wp\/v2\/industry?post=179651"},{"taxonomy":"material","embeddable":true,"href":"https:\/\/csunitec.com\/es\/wp-json\/wp\/v2\/material?post=179651"},{"taxonomy":"power_tool_type","embeddable":true,"href":"https:\/\/csunitec.com\/es\/wp-json\/wp\/v2\/power_tool_type?post=179651"},{"taxonomy":"power_type","embeddable":true,"href":"https:\/\/csunitec.com\/es\/wp-json\/wp\/v2\/power_type?post=179651"},{"taxonomy":"subcategory","embeddable":true,"href":"https:\/\/csunitec.com\/es\/wp-json\/wp\/v2\/subcategory?post=179651"},{"taxonomy":"tool_type","embeddable":true,"href":"https:\/\/csunitec.com\/es\/wp-json\/wp\/v2\/tool_type?post=179651"}],"curies":[{"name":"wp","href":"https:\/\/api.w.org\/{rel}","templated":true}]}}