{"id":179813,"date":"2024-11-20T00:30:00","date_gmt":"2024-11-20T00:30:00","guid":{"rendered":"https:\/\/stgcsunitec.wpenginepowered.com\/product\/ruedas-de-alambre-de-acero-inoxidable-ptx\/"},"modified":"2024-11-20T00:30:00","modified_gmt":"2024-11-20T05:30:00","slug":"ruedas-de-alambre-de-acero-inoxidable-ptx","status":"publish","type":"product","link":"https:\/\/csunitec.com\/es\/producto\/ruedas-de-alambre-de-acero-inoxidable-ptx\/","title":{"rendered":"Ruedas de alambre de acero inoxidable PTX"},"content":{"rendered":"<ul>\n<li>Las ruedas de alambre de acero inoxidable PTX est\u00e1n dise\u00f1adas para limpiar soldaduras, desbarbar bordes, eliminar \u00f3xido y decapar revestimientos de acero inoxidable, acero y otros metales.<\/li>\n<li>Ideal para preparar la superficie antes de soldar, pintar, revestir o acabar, garantizando un metal limpio y libre de contaminantes.<\/li>\n<li>Adecuado para desbastar superficies met\u00e1licas con el fin de mejorar la adherencia para posteriores procesos de acabado o recubrimiento.<\/li>\n<li>Su estructura el\u00e1stica de alambre de acero inoxidable las hace eficaces en diversas superficies. Se utilizan habitualmente en entornos de fabricaci\u00f3n, mantenimiento e industriales. <\/li>\n<\/ul>\n","protected":false},"excerpt":{"rendered":"<ul>\n<li>Cepillo el\u00e1stico de alambre de acero inoxidable<\/li>\n<li>Se utiliza para limpiar soldaduras, desbarbar, eliminar \u00f3xido, desbastar y eliminar revestimientos<\/li>\n<li>Las ruedas est\u00e1n configuradas para eje con chaveta<\/li>\n<\/ul>\n","protected":false},"featured_media":163950,"template":"","meta":[],"product_brand":[],"product_cat":[1124],"product_tag":[1297,1299,1301],"accessory_type":[927],"application":[1126],"hand_tool_type":[],"industry":[933],"material":[],"power_tool_type":[],"power_type":[],"subcategory":[1125],"tool_type":[943],"class_list":{"0":"post-179813","1":"product","2":"type-product","3":"status-publish","4":"has-post-thumbnail","6":"product_cat-acabado-de-superficies-metalicas","7":"product_tag-accesorios-ptx","8":"product_tag-ruedas-ptx","9":"product_tag-ruedas-de-alambre-de-acero-inoxidable","10":"accessory_type-accesorio","11":"application-acabado","12":"industry-metalurgia-2","13":"subcategory-sistemas-de-acabado-lineal","14":"tool_type-accesorio","16":"first","17":"instock","18":"shipping-taxable","19":"purchasable","20":"product-type-variable"},"yoast_head":"<!-- This site is optimized with the Yoast SEO plugin v27.5 - https:\/\/yoast.com\/product\/yoast-seo-wordpress\/ -->\n<title>Ruedas de alambre de acero inoxidable PTX - CS Unitec<\/title>\n<meta name=\"description\" content=\"Las ruedas de alambre de acero inoxidable PTX est\u00e1n dise\u00f1adas para limpiar soldaduras, desbarbar bordes y eliminar revestimientos del acero inoxidable y otros metales.\" \/>\n<meta name=\"robots\" content=\"index, follow, max-snippet:-1, max-image-preview:large, max-video-preview:-1\" \/>\n<link rel=\"canonical\" href=\"https:\/\/csunitec.com\/es\/producto\/ruedas-de-alambre-de-acero-inoxidable-ptx\/\" \/>\n<meta property=\"og:locale\" content=\"es_ES\" \/>\n<meta property=\"og:type\" content=\"article\" \/>\n<meta property=\"og:title\" content=\"Ruedas de alambre de acero inoxidable PTX - CS Unitec\" \/>\n<meta property=\"og:description\" content=\"Las ruedas de alambre de acero inoxidable PTX est\u00e1n dise\u00f1adas para limpiar soldaduras, desbarbar bordes y eliminar revestimientos del acero inoxidable y otros metales.\" \/>\n<meta property=\"og:url\" content=\"https:\/\/csunitec.com\/es\/producto\/ruedas-de-alambre-de-acero-inoxidable-ptx\/\" \/>\n<meta property=\"og:site_name\" content=\"CS Unitec\" \/>\n<meta property=\"article:modified_time\" content=\"2024-11-20T05:30:00+00:00\" \/>\n<meta property=\"og:image\" content=\"https:\/\/csunitec.com\/wp-content\/uploads\/2025\/04\/Stainless-Steel-Wire-Wheel-1-2-1.png\" \/>\n\t<meta property=\"og:image:width\" content=\"1000\" \/>\n\t<meta property=\"og:image:height\" content=\"1000\" \/>\n\t<meta property=\"og:image:type\" content=\"image\/png\" \/>\n<meta name=\"twitter:card\" content=\"summary_large_image\" \/>\n<script type=\"application\/ld+json\" class=\"yoast-schema-graph\">{\"@context\":\"https:\\\/\\\/schema.org\",\"@graph\":[{\"@type\":\"WebPage\",\"@id\":\"https:\\\/\\\/csunitec.com\\\/es\\\/producto\\\/ruedas-de-alambre-de-acero-inoxidable-ptx\\\/\",\"url\":\"https:\\\/\\\/csunitec.com\\\/es\\\/producto\\\/ruedas-de-alambre-de-acero-inoxidable-ptx\\\/\",\"name\":\"Ruedas de alambre de acero inoxidable PTX - CS Unitec\",\"isPartOf\":{\"@id\":\"https:\\\/\\\/csunitec.com\\\/es\\\/#website\"},\"primaryImageOfPage\":{\"@id\":\"https:\\\/\\\/csunitec.com\\\/es\\\/producto\\\/ruedas-de-alambre-de-acero-inoxidable-ptx\\\/#primaryimage\"},\"image\":{\"@id\":\"https:\\\/\\\/csunitec.com\\\/es\\\/producto\\\/ruedas-de-alambre-de-acero-inoxidable-ptx\\\/#primaryimage\"},\"thumbnailUrl\":\"https:\\\/\\\/csunitec.com\\\/wp-content\\\/uploads\\\/2025\\\/04\\\/Stainless-Steel-Wire-Wheel-1-2-1.png\",\"datePublished\":\"2024-11-20T00:30:00+00:00\",\"dateModified\":\"2024-11-20T05:30:00+00:00\",\"description\":\"Las ruedas de alambre de acero inoxidable PTX est\u00e1n dise\u00f1adas para limpiar soldaduras, desbarbar bordes y eliminar revestimientos del acero inoxidable y otros metales.\",\"breadcrumb\":{\"@id\":\"https:\\\/\\\/csunitec.com\\\/es\\\/producto\\\/ruedas-de-alambre-de-acero-inoxidable-ptx\\\/#breadcrumb\"},\"inLanguage\":\"es\",\"potentialAction\":[{\"@type\":\"ReadAction\",\"target\":[\"https:\\\/\\\/csunitec.com\\\/es\\\/producto\\\/ruedas-de-alambre-de-acero-inoxidable-ptx\\\/\"]}]},{\"@type\":\"ImageObject\",\"inLanguage\":\"es\",\"@id\":\"https:\\\/\\\/csunitec.com\\\/es\\\/producto\\\/ruedas-de-alambre-de-acero-inoxidable-ptx\\\/#primaryimage\",\"url\":\"https:\\\/\\\/csunitec.com\\\/wp-content\\\/uploads\\\/2025\\\/04\\\/Stainless-Steel-Wire-Wheel-1-2-1.png\",\"contentUrl\":\"https:\\\/\\\/csunitec.com\\\/wp-content\\\/uploads\\\/2025\\\/04\\\/Stainless-Steel-Wire-Wheel-1-2-1.png\",\"width\":1000,\"height\":1000},{\"@type\":\"BreadcrumbList\",\"@id\":\"https:\\\/\\\/csunitec.com\\\/es\\\/producto\\\/ruedas-de-alambre-de-acero-inoxidable-ptx\\\/#breadcrumb\",\"itemListElement\":[{\"@type\":\"ListItem\",\"position\":1,\"name\":\"Inicio\",\"item\":\"https:\\\/\\\/csunitec.com\\\/es\\\/\"},{\"@type\":\"ListItem\",\"position\":2,\"name\":\"Tienda\",\"item\":\"https:\\\/\\\/csunitec.com\\\/es\\\/tienda\\\/\"},{\"@type\":\"ListItem\",\"position\":3,\"name\":\"Ruedas de alambre de acero inoxidable PTX\"}]},{\"@type\":\"WebSite\",\"@id\":\"https:\\\/\\\/csunitec.com\\\/es\\\/#website\",\"url\":\"https:\\\/\\\/csunitec.com\\\/es\\\/\",\"name\":\"CS Unitec\",\"description\":\"\",\"potentialAction\":[{\"@type\":\"SearchAction\",\"target\":{\"@type\":\"EntryPoint\",\"urlTemplate\":\"https:\\\/\\\/csunitec.com\\\/es\\\/?s={search_term_string}\"},\"query-input\":{\"@type\":\"PropertyValueSpecification\",\"valueRequired\":true,\"valueName\":\"search_term_string\"}}],\"inLanguage\":\"es\"}]}<\/script>\n<!-- \/ Yoast SEO plugin. -->","yoast_head_json":{"title":"Ruedas de alambre de acero inoxidable PTX - CS Unitec","description":"Las ruedas de alambre de acero inoxidable PTX est\u00e1n dise\u00f1adas para limpiar soldaduras, desbarbar bordes y eliminar revestimientos del acero inoxidable y otros metales.","robots":{"index":"index","follow":"follow","max-snippet":"max-snippet:-1","max-image-preview":"max-image-preview:large","max-video-preview":"max-video-preview:-1"},"canonical":"https:\/\/csunitec.com\/es\/producto\/ruedas-de-alambre-de-acero-inoxidable-ptx\/","og_locale":"es_ES","og_type":"article","og_title":"Ruedas de alambre de acero inoxidable PTX - CS Unitec","og_description":"Las ruedas de alambre de acero inoxidable PTX est\u00e1n dise\u00f1adas para limpiar soldaduras, desbarbar bordes y eliminar revestimientos del acero inoxidable y otros metales.","og_url":"https:\/\/csunitec.com\/es\/producto\/ruedas-de-alambre-de-acero-inoxidable-ptx\/","og_site_name":"CS Unitec","article_modified_time":"2024-11-20T05:30:00+00:00","og_image":[{"width":1000,"height":1000,"url":"https:\/\/csunitec.com\/wp-content\/uploads\/2025\/04\/Stainless-Steel-Wire-Wheel-1-2-1.png","type":"image\/png"}],"twitter_card":"summary_large_image","schema":{"@context":"https:\/\/schema.org","@graph":[{"@type":"WebPage","@id":"https:\/\/csunitec.com\/es\/producto\/ruedas-de-alambre-de-acero-inoxidable-ptx\/","url":"https:\/\/csunitec.com\/es\/producto\/ruedas-de-alambre-de-acero-inoxidable-ptx\/","name":"Ruedas de alambre de acero inoxidable PTX - CS Unitec","isPartOf":{"@id":"https:\/\/csunitec.com\/es\/#website"},"primaryImageOfPage":{"@id":"https:\/\/csunitec.com\/es\/producto\/ruedas-de-alambre-de-acero-inoxidable-ptx\/#primaryimage"},"image":{"@id":"https:\/\/csunitec.com\/es\/producto\/ruedas-de-alambre-de-acero-inoxidable-ptx\/#primaryimage"},"thumbnailUrl":"https:\/\/csunitec.com\/wp-content\/uploads\/2025\/04\/Stainless-Steel-Wire-Wheel-1-2-1.png","datePublished":"2024-11-20T00:30:00+00:00","dateModified":"2024-11-20T05:30:00+00:00","description":"Las ruedas de alambre de acero inoxidable PTX est\u00e1n dise\u00f1adas para limpiar soldaduras, desbarbar bordes y eliminar revestimientos del acero inoxidable y otros metales.","breadcrumb":{"@id":"https:\/\/csunitec.com\/es\/producto\/ruedas-de-alambre-de-acero-inoxidable-ptx\/#breadcrumb"},"inLanguage":"es","potentialAction":[{"@type":"ReadAction","target":["https:\/\/csunitec.com\/es\/producto\/ruedas-de-alambre-de-acero-inoxidable-ptx\/"]}]},{"@type":"ImageObject","inLanguage":"es","@id":"https:\/\/csunitec.com\/es\/producto\/ruedas-de-alambre-de-acero-inoxidable-ptx\/#primaryimage","url":"https:\/\/csunitec.com\/wp-content\/uploads\/2025\/04\/Stainless-Steel-Wire-Wheel-1-2-1.png","contentUrl":"https:\/\/csunitec.com\/wp-content\/uploads\/2025\/04\/Stainless-Steel-Wire-Wheel-1-2-1.png","width":1000,"height":1000},{"@type":"BreadcrumbList","@id":"https:\/\/csunitec.com\/es\/producto\/ruedas-de-alambre-de-acero-inoxidable-ptx\/#breadcrumb","itemListElement":[{"@type":"ListItem","position":1,"name":"Inicio","item":"https:\/\/csunitec.com\/es\/"},{"@type":"ListItem","position":2,"name":"Tienda","item":"https:\/\/csunitec.com\/es\/tienda\/"},{"@type":"ListItem","position":3,"name":"Ruedas de alambre de acero inoxidable PTX"}]},{"@type":"WebSite","@id":"https:\/\/csunitec.com\/es\/#website","url":"https:\/\/csunitec.com\/es\/","name":"CS Unitec","description":"","potentialAction":[{"@type":"SearchAction","target":{"@type":"EntryPoint","urlTemplate":"https:\/\/csunitec.com\/es\/?s={search_term_string}"},"query-input":{"@type":"PropertyValueSpecification","valueRequired":true,"valueName":"search_term_string"}}],"inLanguage":"es"}]}},"_links":{"self":[{"href":"https:\/\/csunitec.com\/es\/wp-json\/wp\/v2\/product\/179813","targetHints":{"allow":["GET"]}}],"collection":[{"href":"https:\/\/csunitec.com\/es\/wp-json\/wp\/v2\/product"}],"about":[{"href":"https:\/\/csunitec.com\/es\/wp-json\/wp\/v2\/types\/product"}],"wp:featuredmedia":[{"embeddable":true,"href":"https:\/\/csunitec.com\/es\/wp-json\/wp\/v2\/media\/163950"}],"wp:attachment":[{"href":"https:\/\/csunitec.com\/es\/wp-json\/wp\/v2\/media?parent=179813"}],"wp:term":[{"taxonomy":"product_brand","embeddable":true,"href":"https:\/\/csunitec.com\/es\/wp-json\/wp\/v2\/product_brand?post=179813"},{"taxonomy":"product_cat","embeddable":true,"href":"https:\/\/csunitec.com\/es\/wp-json\/wp\/v2\/product_cat?post=179813"},{"taxonomy":"product_tag","embeddable":true,"href":"https:\/\/csunitec.com\/es\/wp-json\/wp\/v2\/product_tag?post=179813"},{"taxonomy":"accessory_type","embeddable":true,"href":"https:\/\/csunitec.com\/es\/wp-json\/wp\/v2\/accessory_type?post=179813"},{"taxonomy":"application","embeddable":true,"href":"https:\/\/csunitec.com\/es\/wp-json\/wp\/v2\/application?post=179813"},{"taxonomy":"hand_tool_type","embeddable":true,"href":"https:\/\/csunitec.com\/es\/wp-json\/wp\/v2\/hand_tool_type?post=179813"},{"taxonomy":"industry","embeddable":true,"href":"https:\/\/csunitec.com\/es\/wp-json\/wp\/v2\/industry?post=179813"},{"taxonomy":"material","embeddable":true,"href":"https:\/\/csunitec.com\/es\/wp-json\/wp\/v2\/material?post=179813"},{"taxonomy":"power_tool_type","embeddable":true,"href":"https:\/\/csunitec.com\/es\/wp-json\/wp\/v2\/power_tool_type?post=179813"},{"taxonomy":"power_type","embeddable":true,"href":"https:\/\/csunitec.com\/es\/wp-json\/wp\/v2\/power_type?post=179813"},{"taxonomy":"subcategory","embeddable":true,"href":"https:\/\/csunitec.com\/es\/wp-json\/wp\/v2\/subcategory?post=179813"},{"taxonomy":"tool_type","embeddable":true,"href":"https:\/\/csunitec.com\/es\/wp-json\/wp\/v2\/tool_type?post=179813"}],"curies":[{"name":"wp","href":"https:\/\/api.w.org\/{rel}","templated":true}]}}