{"id":179859,"date":"2026-04-27T14:43:47","date_gmt":"2026-04-27T18:43:47","guid":{"rendered":"https:\/\/stgcsunitec.wpenginepowered.com\/product\/almohadillas-pulidoras-amoladoras-de-suelos\/"},"modified":"2026-04-27T14:43:47","modified_gmt":"2026-04-27T18:43:47","slug":"almohadillas-pulidoras-amoladoras-de-suelos","status":"publish","type":"product","link":"https:\/\/csunitec.com\/es\/producto\/almohadillas-pulidoras-amoladoras-de-suelos\/","title":{"rendered":"Almohadillas pulidoras &#8211; Amoladoras de suelos"},"content":{"rendered":"<ul>\n<li>Almohadillas de Pulido para Amoladoras de Suelos. Utiliza 6 para amoladoras de 10&#8243; y 12 para amoladoras de 20&#8243;. <\/li>\n<li>Ideal para pulir hormig\u00f3n, se utiliza despu\u00e9s del lijado fino para dar a la superficie un acabado liso y reflectante.<\/li>\n<li>Tras el esmerilado grueso, medio y fino, las almohadillas de pulido eliminan las microrrayaduras y afinan la superficie.<\/li>\n<li>Las almohadillas pulidoras ayudan a exponer los \u00e1ridos, intensificar el color y crear una est\u00e9tica consistente para suelos arquitect\u00f3nicos o decorativos.<\/li>\n<\/ul>\n<div><\/div>\n<div><\/div>\n","protected":false},"excerpt":{"rendered":"<ul>\n<li>Almohadillas de pulido para la preparaci\u00f3n de superficies de hormig\u00f3n<\/li>\n<li>Disponible en varios granos<\/li>\n<li>Disponibles uniones h\u00edbridas y de resina<\/li>\n<\/ul>\n","protected":false},"featured_media":179798,"template":"","meta":[],"product_brand":[],"product_cat":[1033],"product_tag":[],"accessory_type":[927],"application":[],"hand_tool_type":[],"industry":[931],"material":[],"power_tool_type":[],"power_type":[],"subcategory":[1034],"tool_type":[943],"class_list":{"0":"post-179859","1":"product","2":"type-product","3":"status-publish","4":"has-post-thumbnail","6":"product_cat-preparacion-de-superficies","7":"accessory_type-accesorio","8":"industry-hormigon-y-mamposteria","9":"subcategory-amoladoras","10":"tool_type-accesorio","12":"first","13":"instock","14":"shipping-taxable","15":"purchasable","16":"product-type-variable"},"yoast_head":"<!-- This site is optimized with the Yoast SEO plugin v27.5 - https:\/\/yoast.com\/product\/yoast-seo-wordpress\/ -->\n<title>Almohadillas pulidoras - Amoladoras de suelos - CS Unitec<\/title>\n<meta name=\"description\" content=\"Las almohadillas pulidoras para amoladoras de suelos son ideales para pulir hormig\u00f3n, y se utilizan despu\u00e9s del amolado fino para dar a la superficie un acabado liso y reflectante.\" \/>\n<meta name=\"robots\" content=\"index, follow, max-snippet:-1, max-image-preview:large, max-video-preview:-1\" \/>\n<link rel=\"canonical\" href=\"https:\/\/csunitec.com\/es\/producto\/almohadillas-pulidoras-amoladoras-de-suelos\/\" \/>\n<meta property=\"og:locale\" content=\"es_ES\" \/>\n<meta property=\"og:type\" content=\"article\" \/>\n<meta property=\"og:title\" content=\"Almohadillas pulidoras - Amoladoras de suelos - CS Unitec\" \/>\n<meta property=\"og:description\" content=\"Las almohadillas pulidoras para amoladoras de suelos son ideales para pulir hormig\u00f3n, y se utilizan despu\u00e9s del amolado fino para dar a la superficie un acabado liso y reflectante.\" \/>\n<meta property=\"og:url\" content=\"https:\/\/csunitec.com\/es\/producto\/almohadillas-pulidoras-amoladoras-de-suelos\/\" \/>\n<meta property=\"og:site_name\" content=\"CS Unitec\" \/>\n<meta property=\"og:image\" content=\"https:\/\/csunitec.com\/wp-content\/uploads\/2025\/04\/Metal-grinder.jpg\" \/>\n\t<meta property=\"og:image:width\" content=\"1000\" \/>\n\t<meta property=\"og:image:height\" content=\"1000\" \/>\n\t<meta property=\"og:image:type\" content=\"image\/jpeg\" \/>\n<meta name=\"twitter:card\" content=\"summary_large_image\" \/>\n<script type=\"application\/ld+json\" class=\"yoast-schema-graph\">{\"@context\":\"https:\\\/\\\/schema.org\",\"@graph\":[{\"@type\":\"WebPage\",\"@id\":\"https:\\\/\\\/csunitec.com\\\/es\\\/producto\\\/almohadillas-pulidoras-amoladoras-de-suelos\\\/\",\"url\":\"https:\\\/\\\/csunitec.com\\\/es\\\/producto\\\/almohadillas-pulidoras-amoladoras-de-suelos\\\/\",\"name\":\"Almohadillas pulidoras - Amoladoras de suelos - CS Unitec\",\"isPartOf\":{\"@id\":\"https:\\\/\\\/csunitec.com\\\/es\\\/#website\"},\"primaryImageOfPage\":{\"@id\":\"https:\\\/\\\/csunitec.com\\\/es\\\/producto\\\/almohadillas-pulidoras-amoladoras-de-suelos\\\/#primaryimage\"},\"image\":{\"@id\":\"https:\\\/\\\/csunitec.com\\\/es\\\/producto\\\/almohadillas-pulidoras-amoladoras-de-suelos\\\/#primaryimage\"},\"thumbnailUrl\":\"https:\\\/\\\/csunitec.com\\\/wp-content\\\/uploads\\\/2026\\\/04\\\/365.5610-100-Grit-Hybrid-Polishing-Pad-300x300-1.avif\",\"datePublished\":\"2026-04-27T18:43:47+00:00\",\"description\":\"Las almohadillas pulidoras para amoladoras de suelos son ideales para pulir hormig\u00f3n, y se utilizan despu\u00e9s del amolado fino para dar a la superficie un acabado liso y reflectante.\",\"breadcrumb\":{\"@id\":\"https:\\\/\\\/csunitec.com\\\/es\\\/producto\\\/almohadillas-pulidoras-amoladoras-de-suelos\\\/#breadcrumb\"},\"inLanguage\":\"es\",\"potentialAction\":[{\"@type\":\"ReadAction\",\"target\":[\"https:\\\/\\\/csunitec.com\\\/es\\\/producto\\\/almohadillas-pulidoras-amoladoras-de-suelos\\\/\"]}]},{\"@type\":\"ImageObject\",\"inLanguage\":\"es\",\"@id\":\"https:\\\/\\\/csunitec.com\\\/es\\\/producto\\\/almohadillas-pulidoras-amoladoras-de-suelos\\\/#primaryimage\",\"url\":\"https:\\\/\\\/csunitec.com\\\/wp-content\\\/uploads\\\/2026\\\/04\\\/365.5610-100-Grit-Hybrid-Polishing-Pad-300x300-1.avif\",\"contentUrl\":\"https:\\\/\\\/csunitec.com\\\/wp-content\\\/uploads\\\/2026\\\/04\\\/365.5610-100-Grit-Hybrid-Polishing-Pad-300x300-1.avif\",\"width\":300,\"height\":300},{\"@type\":\"BreadcrumbList\",\"@id\":\"https:\\\/\\\/csunitec.com\\\/es\\\/producto\\\/almohadillas-pulidoras-amoladoras-de-suelos\\\/#breadcrumb\",\"itemListElement\":[{\"@type\":\"ListItem\",\"position\":1,\"name\":\"Inicio\",\"item\":\"https:\\\/\\\/csunitec.com\\\/es\\\/\"},{\"@type\":\"ListItem\",\"position\":2,\"name\":\"Tienda\",\"item\":\"https:\\\/\\\/csunitec.com\\\/es\\\/tienda\\\/\"},{\"@type\":\"ListItem\",\"position\":3,\"name\":\"Almohadillas pulidoras &#8211; Amoladoras de suelos\"}]},{\"@type\":\"WebSite\",\"@id\":\"https:\\\/\\\/csunitec.com\\\/es\\\/#website\",\"url\":\"https:\\\/\\\/csunitec.com\\\/es\\\/\",\"name\":\"CS Unitec\",\"description\":\"\",\"potentialAction\":[{\"@type\":\"SearchAction\",\"target\":{\"@type\":\"EntryPoint\",\"urlTemplate\":\"https:\\\/\\\/csunitec.com\\\/es\\\/?s={search_term_string}\"},\"query-input\":{\"@type\":\"PropertyValueSpecification\",\"valueRequired\":true,\"valueName\":\"search_term_string\"}}],\"inLanguage\":\"es\"}]}<\/script>\n<!-- \/ Yoast SEO plugin. -->","yoast_head_json":{"title":"Almohadillas pulidoras - Amoladoras de suelos - CS Unitec","description":"Las almohadillas pulidoras para amoladoras de suelos son ideales para pulir hormig\u00f3n, y se utilizan despu\u00e9s del amolado fino para dar a la superficie un acabado liso y reflectante.","robots":{"index":"index","follow":"follow","max-snippet":"max-snippet:-1","max-image-preview":"max-image-preview:large","max-video-preview":"max-video-preview:-1"},"canonical":"https:\/\/csunitec.com\/es\/producto\/almohadillas-pulidoras-amoladoras-de-suelos\/","og_locale":"es_ES","og_type":"article","og_title":"Almohadillas pulidoras - Amoladoras de suelos - CS Unitec","og_description":"Las almohadillas pulidoras para amoladoras de suelos son ideales para pulir hormig\u00f3n, y se utilizan despu\u00e9s del amolado fino para dar a la superficie un acabado liso y reflectante.","og_url":"https:\/\/csunitec.com\/es\/producto\/almohadillas-pulidoras-amoladoras-de-suelos\/","og_site_name":"CS Unitec","og_image":[{"width":1000,"height":1000,"url":"https:\/\/csunitec.com\/wp-content\/uploads\/2025\/04\/Metal-grinder.jpg","type":"image\/jpeg"}],"twitter_card":"summary_large_image","schema":{"@context":"https:\/\/schema.org","@graph":[{"@type":"WebPage","@id":"https:\/\/csunitec.com\/es\/producto\/almohadillas-pulidoras-amoladoras-de-suelos\/","url":"https:\/\/csunitec.com\/es\/producto\/almohadillas-pulidoras-amoladoras-de-suelos\/","name":"Almohadillas pulidoras - Amoladoras de suelos - CS Unitec","isPartOf":{"@id":"https:\/\/csunitec.com\/es\/#website"},"primaryImageOfPage":{"@id":"https:\/\/csunitec.com\/es\/producto\/almohadillas-pulidoras-amoladoras-de-suelos\/#primaryimage"},"image":{"@id":"https:\/\/csunitec.com\/es\/producto\/almohadillas-pulidoras-amoladoras-de-suelos\/#primaryimage"},"thumbnailUrl":"https:\/\/csunitec.com\/wp-content\/uploads\/2026\/04\/365.5610-100-Grit-Hybrid-Polishing-Pad-300x300-1.avif","datePublished":"2026-04-27T18:43:47+00:00","description":"Las almohadillas pulidoras para amoladoras de suelos son ideales para pulir hormig\u00f3n, y se utilizan despu\u00e9s del amolado fino para dar a la superficie un acabado liso y reflectante.","breadcrumb":{"@id":"https:\/\/csunitec.com\/es\/producto\/almohadillas-pulidoras-amoladoras-de-suelos\/#breadcrumb"},"inLanguage":"es","potentialAction":[{"@type":"ReadAction","target":["https:\/\/csunitec.com\/es\/producto\/almohadillas-pulidoras-amoladoras-de-suelos\/"]}]},{"@type":"ImageObject","inLanguage":"es","@id":"https:\/\/csunitec.com\/es\/producto\/almohadillas-pulidoras-amoladoras-de-suelos\/#primaryimage","url":"https:\/\/csunitec.com\/wp-content\/uploads\/2026\/04\/365.5610-100-Grit-Hybrid-Polishing-Pad-300x300-1.avif","contentUrl":"https:\/\/csunitec.com\/wp-content\/uploads\/2026\/04\/365.5610-100-Grit-Hybrid-Polishing-Pad-300x300-1.avif","width":300,"height":300},{"@type":"BreadcrumbList","@id":"https:\/\/csunitec.com\/es\/producto\/almohadillas-pulidoras-amoladoras-de-suelos\/#breadcrumb","itemListElement":[{"@type":"ListItem","position":1,"name":"Inicio","item":"https:\/\/csunitec.com\/es\/"},{"@type":"ListItem","position":2,"name":"Tienda","item":"https:\/\/csunitec.com\/es\/tienda\/"},{"@type":"ListItem","position":3,"name":"Almohadillas pulidoras &#8211; Amoladoras de suelos"}]},{"@type":"WebSite","@id":"https:\/\/csunitec.com\/es\/#website","url":"https:\/\/csunitec.com\/es\/","name":"CS Unitec","description":"","potentialAction":[{"@type":"SearchAction","target":{"@type":"EntryPoint","urlTemplate":"https:\/\/csunitec.com\/es\/?s={search_term_string}"},"query-input":{"@type":"PropertyValueSpecification","valueRequired":true,"valueName":"search_term_string"}}],"inLanguage":"es"}]}},"_links":{"self":[{"href":"https:\/\/csunitec.com\/es\/wp-json\/wp\/v2\/product\/179859","targetHints":{"allow":["GET"]}}],"collection":[{"href":"https:\/\/csunitec.com\/es\/wp-json\/wp\/v2\/product"}],"about":[{"href":"https:\/\/csunitec.com\/es\/wp-json\/wp\/v2\/types\/product"}],"wp:featuredmedia":[{"embeddable":true,"href":"https:\/\/csunitec.com\/es\/wp-json\/wp\/v2\/media\/179798"}],"wp:attachment":[{"href":"https:\/\/csunitec.com\/es\/wp-json\/wp\/v2\/media?parent=179859"}],"wp:term":[{"taxonomy":"product_brand","embeddable":true,"href":"https:\/\/csunitec.com\/es\/wp-json\/wp\/v2\/product_brand?post=179859"},{"taxonomy":"product_cat","embeddable":true,"href":"https:\/\/csunitec.com\/es\/wp-json\/wp\/v2\/product_cat?post=179859"},{"taxonomy":"product_tag","embeddable":true,"href":"https:\/\/csunitec.com\/es\/wp-json\/wp\/v2\/product_tag?post=179859"},{"taxonomy":"accessory_type","embeddable":true,"href":"https:\/\/csunitec.com\/es\/wp-json\/wp\/v2\/accessory_type?post=179859"},{"taxonomy":"application","embeddable":true,"href":"https:\/\/csunitec.com\/es\/wp-json\/wp\/v2\/application?post=179859"},{"taxonomy":"hand_tool_type","embeddable":true,"href":"https:\/\/csunitec.com\/es\/wp-json\/wp\/v2\/hand_tool_type?post=179859"},{"taxonomy":"industry","embeddable":true,"href":"https:\/\/csunitec.com\/es\/wp-json\/wp\/v2\/industry?post=179859"},{"taxonomy":"material","embeddable":true,"href":"https:\/\/csunitec.com\/es\/wp-json\/wp\/v2\/material?post=179859"},{"taxonomy":"power_tool_type","embeddable":true,"href":"https:\/\/csunitec.com\/es\/wp-json\/wp\/v2\/power_tool_type?post=179859"},{"taxonomy":"power_type","embeddable":true,"href":"https:\/\/csunitec.com\/es\/wp-json\/wp\/v2\/power_type?post=179859"},{"taxonomy":"subcategory","embeddable":true,"href":"https:\/\/csunitec.com\/es\/wp-json\/wp\/v2\/subcategory?post=179859"},{"taxonomy":"tool_type","embeddable":true,"href":"https:\/\/csunitec.com\/es\/wp-json\/wp\/v2\/tool_type?post=179859"}],"curies":[{"name":"wp","href":"https:\/\/api.w.org\/{rel}","templated":true}]}}