{"id":179926,"date":"2024-11-15T20:07:00","date_gmt":"2024-11-15T20:07:00","guid":{"rendered":"https:\/\/stgcsunitec.wpenginepowered.com\/product\/pala-de-punta-cuadrada-con-mango-de-nupla\/"},"modified":"2024-11-15T20:07:00","modified_gmt":"2024-11-16T01:07:00","slug":"pala-de-punta-cuadrada-con-mango-de-nupla","status":"publish","type":"product","link":"https:\/\/csunitec.com\/es\/producto\/pala-de-punta-cuadrada-con-mango-de-nupla\/","title":{"rendered":"Pala de Punta Cuadrada con Mango de Nupla"},"content":{"rendered":"<ul>\n<li>Pala de Punta Cuadrada Antichispas y Antimagn\u00e9tica<\/li>\n<li>Sin chispas para uso en aplicaciones petroqu\u00edmicas, de producci\u00f3n de grano (polvo explosivo), servicios p\u00fablicos y materiales peligrosos.<\/li>\n<li>No magn\u00e9tico para uso en RMN\/RMN, productos nucleares, fabricaci\u00f3n electr\u00f3nica y otros equipos sensibles.<\/li>\n<li>Resistente a la corrosi\u00f3n para uso en plantas desalinizadoras, fabricaci\u00f3n de productos qu\u00edmicos\/papel y astilleros.<\/li>\n<\/ul>\n","protected":false},"excerpt":{"rendered":"<ul>\n<li>Sin chispas<\/li>\n<li>No magn\u00e9tico<\/li>\n<li>Resistente a la corrosi\u00f3n<\/li>\n<\/ul>\n","protected":false},"featured_media":162979,"template":"","meta":[],"product_brand":[],"product_cat":[1048],"product_tag":[1049,1319],"accessory_type":[],"application":[1045],"hand_tool_type":[1318],"industry":[1047],"material":[],"power_tool_type":[],"power_type":[],"subcategory":[1050],"tool_type":[1041],"class_list":{"0":"post-179926","1":"product","2":"type-product","3":"status-publish","4":"has-post-thumbnail","6":"product_cat-herramientas-de-seguridad","7":"product_tag-aluminio-bronce","8":"product_tag-palas","9":"application-herramientas-antichispas","10":"hand_tool_type-palas","11":"industry-petroquimica","12":"subcategory-herramientas-varias","13":"tool_type-herramienta-manual-antichispas","15":"first","16":"instock","17":"shipping-taxable","18":"purchasable","19":"product-type-variable"},"yoast_head":"<!-- This site is optimized with the Yoast SEO plugin v27.5 - https:\/\/yoast.com\/product\/yoast-seo-wordpress\/ -->\n<title>Pala de Punta Cuadrada con Mango de Nupla - CS Unitec<\/title>\n<meta name=\"description\" content=\"Pala de punta cuadrada que no produce chispas, dise\u00f1ada para entornos peligrosos o ATEX\/Ex, con hoja de filo cuadrado, mango de largo alcance y cabeza de pala duradera.\" \/>\n<meta name=\"robots\" content=\"index, follow, max-snippet:-1, max-image-preview:large, max-video-preview:-1\" \/>\n<link rel=\"canonical\" href=\"https:\/\/csunitec.com\/es\/producto\/pala-de-punta-cuadrada-con-mango-de-nupla\/\" \/>\n<meta property=\"og:locale\" content=\"es_ES\" \/>\n<meta property=\"og:type\" content=\"article\" \/>\n<meta property=\"og:title\" content=\"Pala de Punta Cuadrada con Mango de Nupla - CS Unitec\" \/>\n<meta property=\"og:description\" content=\"Pala de punta cuadrada que no produce chispas, dise\u00f1ada para entornos peligrosos o ATEX\/Ex, con hoja de filo cuadrado, mango de largo alcance y cabeza de pala duradera.\" \/>\n<meta property=\"og:url\" content=\"https:\/\/csunitec.com\/es\/producto\/pala-de-punta-cuadrada-con-mango-de-nupla\/\" \/>\n<meta property=\"og:site_name\" content=\"CS Unitec\" \/>\n<meta property=\"article:modified_time\" content=\"2024-11-16T01:07:00+00:00\" \/>\n<meta property=\"og:image\" content=\"https:\/\/csunitec.com\/wp-content\/uploads\/2025\/04\/Square-Point-Shovel-3-1.png\" \/>\n\t<meta property=\"og:image:width\" content=\"1000\" \/>\n\t<meta property=\"og:image:height\" content=\"1000\" \/>\n\t<meta property=\"og:image:type\" content=\"image\/png\" \/>\n<meta name=\"twitter:card\" content=\"summary_large_image\" \/>\n<script type=\"application\/ld+json\" class=\"yoast-schema-graph\">{\"@context\":\"https:\\\/\\\/schema.org\",\"@graph\":[{\"@type\":\"WebPage\",\"@id\":\"https:\\\/\\\/csunitec.com\\\/es\\\/producto\\\/pala-de-punta-cuadrada-con-mango-de-nupla\\\/\",\"url\":\"https:\\\/\\\/csunitec.com\\\/es\\\/producto\\\/pala-de-punta-cuadrada-con-mango-de-nupla\\\/\",\"name\":\"Pala de Punta Cuadrada con Mango de Nupla - CS Unitec\",\"isPartOf\":{\"@id\":\"https:\\\/\\\/csunitec.com\\\/es\\\/#website\"},\"primaryImageOfPage\":{\"@id\":\"https:\\\/\\\/csunitec.com\\\/es\\\/producto\\\/pala-de-punta-cuadrada-con-mango-de-nupla\\\/#primaryimage\"},\"image\":{\"@id\":\"https:\\\/\\\/csunitec.com\\\/es\\\/producto\\\/pala-de-punta-cuadrada-con-mango-de-nupla\\\/#primaryimage\"},\"thumbnailUrl\":\"https:\\\/\\\/csunitec.com\\\/wp-content\\\/uploads\\\/2025\\\/04\\\/Square-Point-Shovel-3-1.png\",\"datePublished\":\"2024-11-15T20:07:00+00:00\",\"dateModified\":\"2024-11-16T01:07:00+00:00\",\"description\":\"Pala de punta cuadrada que no produce chispas, dise\u00f1ada para entornos peligrosos o ATEX\\\/Ex, con hoja de filo cuadrado, mango de largo alcance y cabeza de pala duradera.\",\"breadcrumb\":{\"@id\":\"https:\\\/\\\/csunitec.com\\\/es\\\/producto\\\/pala-de-punta-cuadrada-con-mango-de-nupla\\\/#breadcrumb\"},\"inLanguage\":\"es\",\"potentialAction\":[{\"@type\":\"ReadAction\",\"target\":[\"https:\\\/\\\/csunitec.com\\\/es\\\/producto\\\/pala-de-punta-cuadrada-con-mango-de-nupla\\\/\"]}]},{\"@type\":\"ImageObject\",\"inLanguage\":\"es\",\"@id\":\"https:\\\/\\\/csunitec.com\\\/es\\\/producto\\\/pala-de-punta-cuadrada-con-mango-de-nupla\\\/#primaryimage\",\"url\":\"https:\\\/\\\/csunitec.com\\\/wp-content\\\/uploads\\\/2025\\\/04\\\/Square-Point-Shovel-3-1.png\",\"contentUrl\":\"https:\\\/\\\/csunitec.com\\\/wp-content\\\/uploads\\\/2025\\\/04\\\/Square-Point-Shovel-3-1.png\",\"width\":1000,\"height\":1000},{\"@type\":\"BreadcrumbList\",\"@id\":\"https:\\\/\\\/csunitec.com\\\/es\\\/producto\\\/pala-de-punta-cuadrada-con-mango-de-nupla\\\/#breadcrumb\",\"itemListElement\":[{\"@type\":\"ListItem\",\"position\":1,\"name\":\"Inicio\",\"item\":\"https:\\\/\\\/csunitec.com\\\/es\\\/\"},{\"@type\":\"ListItem\",\"position\":2,\"name\":\"Tienda\",\"item\":\"https:\\\/\\\/csunitec.com\\\/es\\\/tienda\\\/\"},{\"@type\":\"ListItem\",\"position\":3,\"name\":\"Pala de Punta Cuadrada con Mango de Nupla\"}]},{\"@type\":\"WebSite\",\"@id\":\"https:\\\/\\\/csunitec.com\\\/es\\\/#website\",\"url\":\"https:\\\/\\\/csunitec.com\\\/es\\\/\",\"name\":\"CS Unitec\",\"description\":\"\",\"potentialAction\":[{\"@type\":\"SearchAction\",\"target\":{\"@type\":\"EntryPoint\",\"urlTemplate\":\"https:\\\/\\\/csunitec.com\\\/es\\\/?s={search_term_string}\"},\"query-input\":{\"@type\":\"PropertyValueSpecification\",\"valueRequired\":true,\"valueName\":\"search_term_string\"}}],\"inLanguage\":\"es\"}]}<\/script>\n<!-- \/ Yoast SEO plugin. -->","yoast_head_json":{"title":"Pala de Punta Cuadrada con Mango de Nupla - CS Unitec","description":"Pala de punta cuadrada que no produce chispas, dise\u00f1ada para entornos peligrosos o ATEX\/Ex, con hoja de filo cuadrado, mango de largo alcance y cabeza de pala duradera.","robots":{"index":"index","follow":"follow","max-snippet":"max-snippet:-1","max-image-preview":"max-image-preview:large","max-video-preview":"max-video-preview:-1"},"canonical":"https:\/\/csunitec.com\/es\/producto\/pala-de-punta-cuadrada-con-mango-de-nupla\/","og_locale":"es_ES","og_type":"article","og_title":"Pala de Punta Cuadrada con Mango de Nupla - CS Unitec","og_description":"Pala de punta cuadrada que no produce chispas, dise\u00f1ada para entornos peligrosos o ATEX\/Ex, con hoja de filo cuadrado, mango de largo alcance y cabeza de pala duradera.","og_url":"https:\/\/csunitec.com\/es\/producto\/pala-de-punta-cuadrada-con-mango-de-nupla\/","og_site_name":"CS Unitec","article_modified_time":"2024-11-16T01:07:00+00:00","og_image":[{"width":1000,"height":1000,"url":"https:\/\/csunitec.com\/wp-content\/uploads\/2025\/04\/Square-Point-Shovel-3-1.png","type":"image\/png"}],"twitter_card":"summary_large_image","schema":{"@context":"https:\/\/schema.org","@graph":[{"@type":"WebPage","@id":"https:\/\/csunitec.com\/es\/producto\/pala-de-punta-cuadrada-con-mango-de-nupla\/","url":"https:\/\/csunitec.com\/es\/producto\/pala-de-punta-cuadrada-con-mango-de-nupla\/","name":"Pala de Punta Cuadrada con Mango de Nupla - CS Unitec","isPartOf":{"@id":"https:\/\/csunitec.com\/es\/#website"},"primaryImageOfPage":{"@id":"https:\/\/csunitec.com\/es\/producto\/pala-de-punta-cuadrada-con-mango-de-nupla\/#primaryimage"},"image":{"@id":"https:\/\/csunitec.com\/es\/producto\/pala-de-punta-cuadrada-con-mango-de-nupla\/#primaryimage"},"thumbnailUrl":"https:\/\/csunitec.com\/wp-content\/uploads\/2025\/04\/Square-Point-Shovel-3-1.png","datePublished":"2024-11-15T20:07:00+00:00","dateModified":"2024-11-16T01:07:00+00:00","description":"Pala de punta cuadrada que no produce chispas, dise\u00f1ada para entornos peligrosos o ATEX\/Ex, con hoja de filo cuadrado, mango de largo alcance y cabeza de pala duradera.","breadcrumb":{"@id":"https:\/\/csunitec.com\/es\/producto\/pala-de-punta-cuadrada-con-mango-de-nupla\/#breadcrumb"},"inLanguage":"es","potentialAction":[{"@type":"ReadAction","target":["https:\/\/csunitec.com\/es\/producto\/pala-de-punta-cuadrada-con-mango-de-nupla\/"]}]},{"@type":"ImageObject","inLanguage":"es","@id":"https:\/\/csunitec.com\/es\/producto\/pala-de-punta-cuadrada-con-mango-de-nupla\/#primaryimage","url":"https:\/\/csunitec.com\/wp-content\/uploads\/2025\/04\/Square-Point-Shovel-3-1.png","contentUrl":"https:\/\/csunitec.com\/wp-content\/uploads\/2025\/04\/Square-Point-Shovel-3-1.png","width":1000,"height":1000},{"@type":"BreadcrumbList","@id":"https:\/\/csunitec.com\/es\/producto\/pala-de-punta-cuadrada-con-mango-de-nupla\/#breadcrumb","itemListElement":[{"@type":"ListItem","position":1,"name":"Inicio","item":"https:\/\/csunitec.com\/es\/"},{"@type":"ListItem","position":2,"name":"Tienda","item":"https:\/\/csunitec.com\/es\/tienda\/"},{"@type":"ListItem","position":3,"name":"Pala de Punta Cuadrada con Mango de Nupla"}]},{"@type":"WebSite","@id":"https:\/\/csunitec.com\/es\/#website","url":"https:\/\/csunitec.com\/es\/","name":"CS Unitec","description":"","potentialAction":[{"@type":"SearchAction","target":{"@type":"EntryPoint","urlTemplate":"https:\/\/csunitec.com\/es\/?s={search_term_string}"},"query-input":{"@type":"PropertyValueSpecification","valueRequired":true,"valueName":"search_term_string"}}],"inLanguage":"es"}]}},"_links":{"self":[{"href":"https:\/\/csunitec.com\/es\/wp-json\/wp\/v2\/product\/179926","targetHints":{"allow":["GET"]}}],"collection":[{"href":"https:\/\/csunitec.com\/es\/wp-json\/wp\/v2\/product"}],"about":[{"href":"https:\/\/csunitec.com\/es\/wp-json\/wp\/v2\/types\/product"}],"wp:featuredmedia":[{"embeddable":true,"href":"https:\/\/csunitec.com\/es\/wp-json\/wp\/v2\/media\/162979"}],"wp:attachment":[{"href":"https:\/\/csunitec.com\/es\/wp-json\/wp\/v2\/media?parent=179926"}],"wp:term":[{"taxonomy":"product_brand","embeddable":true,"href":"https:\/\/csunitec.com\/es\/wp-json\/wp\/v2\/product_brand?post=179926"},{"taxonomy":"product_cat","embeddable":true,"href":"https:\/\/csunitec.com\/es\/wp-json\/wp\/v2\/product_cat?post=179926"},{"taxonomy":"product_tag","embeddable":true,"href":"https:\/\/csunitec.com\/es\/wp-json\/wp\/v2\/product_tag?post=179926"},{"taxonomy":"accessory_type","embeddable":true,"href":"https:\/\/csunitec.com\/es\/wp-json\/wp\/v2\/accessory_type?post=179926"},{"taxonomy":"application","embeddable":true,"href":"https:\/\/csunitec.com\/es\/wp-json\/wp\/v2\/application?post=179926"},{"taxonomy":"hand_tool_type","embeddable":true,"href":"https:\/\/csunitec.com\/es\/wp-json\/wp\/v2\/hand_tool_type?post=179926"},{"taxonomy":"industry","embeddable":true,"href":"https:\/\/csunitec.com\/es\/wp-json\/wp\/v2\/industry?post=179926"},{"taxonomy":"material","embeddable":true,"href":"https:\/\/csunitec.com\/es\/wp-json\/wp\/v2\/material?post=179926"},{"taxonomy":"power_tool_type","embeddable":true,"href":"https:\/\/csunitec.com\/es\/wp-json\/wp\/v2\/power_tool_type?post=179926"},{"taxonomy":"power_type","embeddable":true,"href":"https:\/\/csunitec.com\/es\/wp-json\/wp\/v2\/power_type?post=179926"},{"taxonomy":"subcategory","embeddable":true,"href":"https:\/\/csunitec.com\/es\/wp-json\/wp\/v2\/subcategory?post=179926"},{"taxonomy":"tool_type","embeddable":true,"href":"https:\/\/csunitec.com\/es\/wp-json\/wp\/v2\/tool_type?post=179926"}],"curies":[{"name":"wp","href":"https:\/\/api.w.org\/{rel}","templated":true}]}}