{"id":179951,"date":"2024-11-15T20:15:00","date_gmt":"2024-11-15T20:15:00","guid":{"rendered":"https:\/\/stgcsunitec.wpenginepowered.com\/product\/pala-para-bordes-con-empunadura-en-d\/"},"modified":"2024-11-15T20:15:00","modified_gmt":"2024-11-16T01:15:00","slug":"pala-para-bordes-con-empunadura-en-d","status":"publish","type":"product","link":"https:\/\/csunitec.com\/es\/producto\/pala-para-bordes-con-empunadura-en-d\/","title":{"rendered":"Pala para bordes con empu\u00f1adura en D"},"content":{"rendered":"<ul>\n<li>Sin chispas<\/li>\n<li>No magn\u00e9tico<\/li>\n<li>Resistente a la corrosi\u00f3n<\/li>\n<li>Producci\u00f3n certificada ISO 9001:2015, materiales certificados TUV<\/li>\n<li>Garant\u00eda de por vida<\/li>\n<\/ul>\n","protected":false},"excerpt":{"rendered":"<ul>\n<li>Sin chispas<\/li>\n<li>No magn\u00e9tico<\/li>\n<li>Resistente a la corrosi\u00f3n<\/li>\n<\/ul>\n","protected":false},"featured_media":163019,"template":"","meta":[],"product_brand":[],"product_cat":[1048],"product_tag":[1049,1053,1319],"accessory_type":[],"application":[1045],"hand_tool_type":[1318],"industry":[1047],"material":[],"power_tool_type":[],"power_type":[],"subcategory":[1050],"tool_type":[1041],"class_list":{"0":"post-179951","1":"product","2":"type-product","3":"status-publish","4":"has-post-thumbnail","6":"product_cat-herramientas-de-seguridad","7":"product_tag-aluminio-bronce","8":"product_tag-cobre-berilio-2","9":"product_tag-palas","10":"application-herramientas-antichispas","11":"hand_tool_type-palas","12":"industry-petroquimica","13":"subcategory-herramientas-varias","14":"tool_type-herramienta-manual-antichispas","16":"first","17":"instock","18":"shipping-taxable","19":"purchasable","20":"product-type-variable"},"yoast_head":"<!-- This site is optimized with the Yoast SEO plugin v27.5 - https:\/\/yoast.com\/product\/yoast-seo-wordpress\/ -->\n<title>Pala para bordes con empu\u00f1adura en D - CS Unitec<\/title>\n<meta name=\"robots\" content=\"index, follow, max-snippet:-1, max-image-preview:large, max-video-preview:-1\" \/>\n<link rel=\"canonical\" href=\"https:\/\/csunitec.com\/es\/producto\/pala-para-bordes-con-empunadura-en-d\/\" \/>\n<meta property=\"og:locale\" content=\"es_ES\" \/>\n<meta property=\"og:type\" content=\"article\" \/>\n<meta property=\"og:title\" content=\"Pala para bordes con empu\u00f1adura en D - CS Unitec\" \/>\n<meta property=\"og:description\" content=\"Sin chispas  No magn\u00e9tico  Resistente a la corrosi\u00f3n\" \/>\n<meta property=\"og:url\" content=\"https:\/\/csunitec.com\/es\/producto\/pala-para-bordes-con-empunadura-en-d\/\" \/>\n<meta property=\"og:site_name\" content=\"CS Unitec\" \/>\n<meta property=\"article:modified_time\" content=\"2024-11-16T01:15:00+00:00\" \/>\n<meta property=\"og:image\" content=\"https:\/\/csunitec.com\/wp-content\/uploads\/2025\/04\/Edging-Spade-3-1.png\" \/>\n\t<meta property=\"og:image:width\" content=\"1000\" \/>\n\t<meta property=\"og:image:height\" content=\"1000\" \/>\n\t<meta property=\"og:image:type\" content=\"image\/png\" \/>\n<meta name=\"twitter:card\" content=\"summary_large_image\" \/>\n<script type=\"application\/ld+json\" class=\"yoast-schema-graph\">{\"@context\":\"https:\\\/\\\/schema.org\",\"@graph\":[{\"@type\":\"WebPage\",\"@id\":\"https:\\\/\\\/csunitec.com\\\/es\\\/producto\\\/pala-para-bordes-con-empunadura-en-d\\\/\",\"url\":\"https:\\\/\\\/csunitec.com\\\/es\\\/producto\\\/pala-para-bordes-con-empunadura-en-d\\\/\",\"name\":\"Pala para bordes con empu\u00f1adura en D - CS Unitec\",\"isPartOf\":{\"@id\":\"https:\\\/\\\/csunitec.com\\\/es\\\/#website\"},\"primaryImageOfPage\":{\"@id\":\"https:\\\/\\\/csunitec.com\\\/es\\\/producto\\\/pala-para-bordes-con-empunadura-en-d\\\/#primaryimage\"},\"image\":{\"@id\":\"https:\\\/\\\/csunitec.com\\\/es\\\/producto\\\/pala-para-bordes-con-empunadura-en-d\\\/#primaryimage\"},\"thumbnailUrl\":\"https:\\\/\\\/csunitec.com\\\/wp-content\\\/uploads\\\/2025\\\/04\\\/Edging-Spade-3-1.png\",\"datePublished\":\"2024-11-15T20:15:00+00:00\",\"dateModified\":\"2024-11-16T01:15:00+00:00\",\"breadcrumb\":{\"@id\":\"https:\\\/\\\/csunitec.com\\\/es\\\/producto\\\/pala-para-bordes-con-empunadura-en-d\\\/#breadcrumb\"},\"inLanguage\":\"es\",\"potentialAction\":[{\"@type\":\"ReadAction\",\"target\":[\"https:\\\/\\\/csunitec.com\\\/es\\\/producto\\\/pala-para-bordes-con-empunadura-en-d\\\/\"]}]},{\"@type\":\"ImageObject\",\"inLanguage\":\"es\",\"@id\":\"https:\\\/\\\/csunitec.com\\\/es\\\/producto\\\/pala-para-bordes-con-empunadura-en-d\\\/#primaryimage\",\"url\":\"https:\\\/\\\/csunitec.com\\\/wp-content\\\/uploads\\\/2025\\\/04\\\/Edging-Spade-3-1.png\",\"contentUrl\":\"https:\\\/\\\/csunitec.com\\\/wp-content\\\/uploads\\\/2025\\\/04\\\/Edging-Spade-3-1.png\",\"width\":1000,\"height\":1000},{\"@type\":\"BreadcrumbList\",\"@id\":\"https:\\\/\\\/csunitec.com\\\/es\\\/producto\\\/pala-para-bordes-con-empunadura-en-d\\\/#breadcrumb\",\"itemListElement\":[{\"@type\":\"ListItem\",\"position\":1,\"name\":\"Inicio\",\"item\":\"https:\\\/\\\/csunitec.com\\\/es\\\/\"},{\"@type\":\"ListItem\",\"position\":2,\"name\":\"Tienda\",\"item\":\"https:\\\/\\\/csunitec.com\\\/es\\\/tienda\\\/\"},{\"@type\":\"ListItem\",\"position\":3,\"name\":\"Pala para bordes con empu\u00f1adura en D\"}]},{\"@type\":\"WebSite\",\"@id\":\"https:\\\/\\\/csunitec.com\\\/es\\\/#website\",\"url\":\"https:\\\/\\\/csunitec.com\\\/es\\\/\",\"name\":\"CS Unitec\",\"description\":\"\",\"potentialAction\":[{\"@type\":\"SearchAction\",\"target\":{\"@type\":\"EntryPoint\",\"urlTemplate\":\"https:\\\/\\\/csunitec.com\\\/es\\\/?s={search_term_string}\"},\"query-input\":{\"@type\":\"PropertyValueSpecification\",\"valueRequired\":true,\"valueName\":\"search_term_string\"}}],\"inLanguage\":\"es\"}]}<\/script>\n<!-- \/ Yoast SEO plugin. -->","yoast_head_json":{"title":"Pala para bordes con empu\u00f1adura en D - CS Unitec","robots":{"index":"index","follow":"follow","max-snippet":"max-snippet:-1","max-image-preview":"max-image-preview:large","max-video-preview":"max-video-preview:-1"},"canonical":"https:\/\/csunitec.com\/es\/producto\/pala-para-bordes-con-empunadura-en-d\/","og_locale":"es_ES","og_type":"article","og_title":"Pala para bordes con empu\u00f1adura en D - CS Unitec","og_description":"Sin chispas  No magn\u00e9tico  Resistente a la corrosi\u00f3n","og_url":"https:\/\/csunitec.com\/es\/producto\/pala-para-bordes-con-empunadura-en-d\/","og_site_name":"CS Unitec","article_modified_time":"2024-11-16T01:15:00+00:00","og_image":[{"width":1000,"height":1000,"url":"https:\/\/csunitec.com\/wp-content\/uploads\/2025\/04\/Edging-Spade-3-1.png","type":"image\/png"}],"twitter_card":"summary_large_image","schema":{"@context":"https:\/\/schema.org","@graph":[{"@type":"WebPage","@id":"https:\/\/csunitec.com\/es\/producto\/pala-para-bordes-con-empunadura-en-d\/","url":"https:\/\/csunitec.com\/es\/producto\/pala-para-bordes-con-empunadura-en-d\/","name":"Pala para bordes con empu\u00f1adura en D - CS Unitec","isPartOf":{"@id":"https:\/\/csunitec.com\/es\/#website"},"primaryImageOfPage":{"@id":"https:\/\/csunitec.com\/es\/producto\/pala-para-bordes-con-empunadura-en-d\/#primaryimage"},"image":{"@id":"https:\/\/csunitec.com\/es\/producto\/pala-para-bordes-con-empunadura-en-d\/#primaryimage"},"thumbnailUrl":"https:\/\/csunitec.com\/wp-content\/uploads\/2025\/04\/Edging-Spade-3-1.png","datePublished":"2024-11-15T20:15:00+00:00","dateModified":"2024-11-16T01:15:00+00:00","breadcrumb":{"@id":"https:\/\/csunitec.com\/es\/producto\/pala-para-bordes-con-empunadura-en-d\/#breadcrumb"},"inLanguage":"es","potentialAction":[{"@type":"ReadAction","target":["https:\/\/csunitec.com\/es\/producto\/pala-para-bordes-con-empunadura-en-d\/"]}]},{"@type":"ImageObject","inLanguage":"es","@id":"https:\/\/csunitec.com\/es\/producto\/pala-para-bordes-con-empunadura-en-d\/#primaryimage","url":"https:\/\/csunitec.com\/wp-content\/uploads\/2025\/04\/Edging-Spade-3-1.png","contentUrl":"https:\/\/csunitec.com\/wp-content\/uploads\/2025\/04\/Edging-Spade-3-1.png","width":1000,"height":1000},{"@type":"BreadcrumbList","@id":"https:\/\/csunitec.com\/es\/producto\/pala-para-bordes-con-empunadura-en-d\/#breadcrumb","itemListElement":[{"@type":"ListItem","position":1,"name":"Inicio","item":"https:\/\/csunitec.com\/es\/"},{"@type":"ListItem","position":2,"name":"Tienda","item":"https:\/\/csunitec.com\/es\/tienda\/"},{"@type":"ListItem","position":3,"name":"Pala para bordes con empu\u00f1adura en D"}]},{"@type":"WebSite","@id":"https:\/\/csunitec.com\/es\/#website","url":"https:\/\/csunitec.com\/es\/","name":"CS Unitec","description":"","potentialAction":[{"@type":"SearchAction","target":{"@type":"EntryPoint","urlTemplate":"https:\/\/csunitec.com\/es\/?s={search_term_string}"},"query-input":{"@type":"PropertyValueSpecification","valueRequired":true,"valueName":"search_term_string"}}],"inLanguage":"es"}]}},"_links":{"self":[{"href":"https:\/\/csunitec.com\/es\/wp-json\/wp\/v2\/product\/179951","targetHints":{"allow":["GET"]}}],"collection":[{"href":"https:\/\/csunitec.com\/es\/wp-json\/wp\/v2\/product"}],"about":[{"href":"https:\/\/csunitec.com\/es\/wp-json\/wp\/v2\/types\/product"}],"wp:featuredmedia":[{"embeddable":true,"href":"https:\/\/csunitec.com\/es\/wp-json\/wp\/v2\/media\/163019"}],"wp:attachment":[{"href":"https:\/\/csunitec.com\/es\/wp-json\/wp\/v2\/media?parent=179951"}],"wp:term":[{"taxonomy":"product_brand","embeddable":true,"href":"https:\/\/csunitec.com\/es\/wp-json\/wp\/v2\/product_brand?post=179951"},{"taxonomy":"product_cat","embeddable":true,"href":"https:\/\/csunitec.com\/es\/wp-json\/wp\/v2\/product_cat?post=179951"},{"taxonomy":"product_tag","embeddable":true,"href":"https:\/\/csunitec.com\/es\/wp-json\/wp\/v2\/product_tag?post=179951"},{"taxonomy":"accessory_type","embeddable":true,"href":"https:\/\/csunitec.com\/es\/wp-json\/wp\/v2\/accessory_type?post=179951"},{"taxonomy":"application","embeddable":true,"href":"https:\/\/csunitec.com\/es\/wp-json\/wp\/v2\/application?post=179951"},{"taxonomy":"hand_tool_type","embeddable":true,"href":"https:\/\/csunitec.com\/es\/wp-json\/wp\/v2\/hand_tool_type?post=179951"},{"taxonomy":"industry","embeddable":true,"href":"https:\/\/csunitec.com\/es\/wp-json\/wp\/v2\/industry?post=179951"},{"taxonomy":"material","embeddable":true,"href":"https:\/\/csunitec.com\/es\/wp-json\/wp\/v2\/material?post=179951"},{"taxonomy":"power_tool_type","embeddable":true,"href":"https:\/\/csunitec.com\/es\/wp-json\/wp\/v2\/power_tool_type?post=179951"},{"taxonomy":"power_type","embeddable":true,"href":"https:\/\/csunitec.com\/es\/wp-json\/wp\/v2\/power_type?post=179951"},{"taxonomy":"subcategory","embeddable":true,"href":"https:\/\/csunitec.com\/es\/wp-json\/wp\/v2\/subcategory?post=179951"},{"taxonomy":"tool_type","embeddable":true,"href":"https:\/\/csunitec.com\/es\/wp-json\/wp\/v2\/tool_type?post=179951"}],"curies":[{"name":"wp","href":"https:\/\/api.w.org\/{rel}","templated":true}]}}