{"id":180093,"date":"2024-11-19T16:25:00","date_gmt":"2024-11-19T16:25:00","guid":{"rendered":"https:\/\/stgcsunitec.wpenginepowered.com\/product\/sistema-profesional-de-acabado-lineal\/"},"modified":"2024-11-19T16:25:00","modified_gmt":"2024-11-19T21:25:00","slug":"sistema-profesional-de-acabado-lineal","status":"publish","type":"product","link":"https:\/\/csunitec.com\/es\/producto\/sistema-profesional-de-acabado-lineal\/","title":{"rendered":"Sistema Profesional de Acabado Lineal"},"content":{"rendered":"<ul>\n<li>El Sistema Profesional de Acabado Lineal es ideal para lijar, matizar y pulir acero inoxidable, acero, aluminio, lat\u00f3n, bronce, cobre, madera y pl\u00e1stico r\u00edgido con resultados uniformes y de alta calidad.<\/li>\n<li>Dise\u00f1ado para crear e igualar acabados lineales. Incluye los acabados #3, #4 electrodom\u00e9stico, #6 satinado y #8 reflectante en superficies planas, curvas, cuadradas y contorneadas. <\/li>\n<li>La PTX es adecuada para el acabado de construcciones de tubos abiertos y cerrados, lo que la convierte en una herramienta excelente para barandillas, tubos, carpinter\u00eda met\u00e1lica arquitect\u00f3nica y proyectos de fabricaci\u00f3n.<\/li>\n<li>Realiza tanto el amolado basto como el acabado fino, permitiendo a los operarios eliminar soldaduras, ara\u00f1azos profundos, oxidaci\u00f3n, herrumbre y pintura antes de producir acabados decorativos o de espejo.<\/li>\n<li>Sistema Profesional de Acabado Lineal ideal para talleres de fabricaci\u00f3n met\u00e1lica, constructores a medida, carpinteros de acabado y equipos de mantenimiento que requieren un acabado de superficies preciso y repetible.<\/li>\n<li>Su versatilidad lo hace adecuado para trabajos de restauraci\u00f3n, repintado y nueva fabricaci\u00f3n en aplicaciones industriales, comerciales y arquitect\u00f3nicas.<\/li>\n<\/ul>\n","protected":false},"excerpt":{"rendered":"<ul>\n<li>Ideal para acero inoxidable<\/li>\n<li>Convertir la cascarilla de laminaci\u00f3n en un acabado de espejo<\/li>\n<li>Potencia: 15 Amp<\/li>\n<li>Velocidad: 1000-3800 RPM Variable<\/li>\n<li>Di\u00e1metro de la rueda: 4-1\/8<\/li>\n<li>Anchos de rueda: opciones de 2&#8243;, 4&#8243; y 6&#8243;.<\/li>\n<\/ul>\n","protected":false},"featured_media":163543,"template":"","meta":[],"product_brand":[],"product_cat":[1124],"product_tag":[1352,1353],"accessory_type":[],"application":[1126],"hand_tool_type":[],"industry":[933],"material":[],"power_tool_type":[1351],"power_type":[],"subcategory":[1125],"tool_type":[946],"class_list":{"0":"post-180093","1":"product","2":"type-product","3":"status-publish","4":"has-post-thumbnail","6":"product_cat-acabado-de-superficies-metalicas","7":"product_tag-sistemas-de-acabado-lineal","8":"product_tag-ptx-eco-inteligente","9":"application-acabado","10":"industry-metalurgia-2","11":"power_tool_type-sistema-de-acabado-lineal","12":"subcategory-sistemas-de-acabado-lineal","13":"tool_type-herramienta-electrica","15":"first","16":"instock","17":"shipping-taxable","18":"purchasable","19":"product-type-variable"},"yoast_head":"<!-- This site is optimized with the Yoast SEO plugin v27.5 - https:\/\/yoast.com\/product\/yoast-seo-wordpress\/ -->\n<title>Sistema Profesional de Acabado Lineal - CS Unitec<\/title>\n<meta name=\"description\" content=\"El Sistema Profesional de Acabado Lineal es ideal para lijar, matizar y pulir acero inoxidable, acero, aluminio y otros materiales con acabado lineal.\" \/>\n<meta name=\"robots\" content=\"index, follow, max-snippet:-1, max-image-preview:large, max-video-preview:-1\" \/>\n<link rel=\"canonical\" href=\"https:\/\/csunitec.com\/es\/producto\/sistema-profesional-de-acabado-lineal\/\" \/>\n<meta property=\"og:locale\" content=\"es_ES\" \/>\n<meta property=\"og:type\" content=\"article\" \/>\n<meta property=\"og:title\" content=\"Sistema Profesional de Acabado Lineal - CS Unitec\" \/>\n<meta property=\"og:description\" content=\"El Sistema Profesional de Acabado Lineal es ideal para lijar, matizar y pulir acero inoxidable, acero, aluminio y otros materiales con acabado lineal.\" \/>\n<meta property=\"og:url\" content=\"https:\/\/csunitec.com\/es\/producto\/sistema-profesional-de-acabado-lineal\/\" \/>\n<meta property=\"og:site_name\" content=\"CS Unitec\" \/>\n<meta property=\"article:modified_time\" content=\"2024-11-19T21:25:00+00:00\" \/>\n<meta property=\"og:image\" content=\"https:\/\/csunitec.com\/wp-content\/uploads\/2025\/04\/PTX-ECO-Smart-1-2-2-1.png\" \/>\n\t<meta property=\"og:image:width\" content=\"1000\" \/>\n\t<meta property=\"og:image:height\" content=\"1000\" \/>\n\t<meta property=\"og:image:type\" content=\"image\/png\" \/>\n<meta name=\"twitter:card\" content=\"summary_large_image\" \/>\n<meta name=\"twitter:label1\" content=\"Tiempo de lectura\" \/>\n\t<meta name=\"twitter:data1\" content=\"1 minuto\" \/>\n<script type=\"application\/ld+json\" class=\"yoast-schema-graph\">{\"@context\":\"https:\\\/\\\/schema.org\",\"@graph\":[{\"@type\":\"WebPage\",\"@id\":\"https:\\\/\\\/csunitec.com\\\/es\\\/producto\\\/sistema-profesional-de-acabado-lineal\\\/\",\"url\":\"https:\\\/\\\/csunitec.com\\\/es\\\/producto\\\/sistema-profesional-de-acabado-lineal\\\/\",\"name\":\"Sistema Profesional de Acabado Lineal - CS Unitec\",\"isPartOf\":{\"@id\":\"https:\\\/\\\/csunitec.com\\\/es\\\/#website\"},\"primaryImageOfPage\":{\"@id\":\"https:\\\/\\\/csunitec.com\\\/es\\\/producto\\\/sistema-profesional-de-acabado-lineal\\\/#primaryimage\"},\"image\":{\"@id\":\"https:\\\/\\\/csunitec.com\\\/es\\\/producto\\\/sistema-profesional-de-acabado-lineal\\\/#primaryimage\"},\"thumbnailUrl\":\"https:\\\/\\\/csunitec.com\\\/wp-content\\\/uploads\\\/2025\\\/04\\\/PTX-ECO-Smart-1-2-2-1.png\",\"datePublished\":\"2024-11-19T16:25:00+00:00\",\"dateModified\":\"2024-11-19T21:25:00+00:00\",\"description\":\"El Sistema Profesional de Acabado Lineal es ideal para lijar, matizar y pulir acero inoxidable, acero, aluminio y otros materiales con acabado lineal.\",\"breadcrumb\":{\"@id\":\"https:\\\/\\\/csunitec.com\\\/es\\\/producto\\\/sistema-profesional-de-acabado-lineal\\\/#breadcrumb\"},\"inLanguage\":\"es\",\"potentialAction\":[{\"@type\":\"ReadAction\",\"target\":[\"https:\\\/\\\/csunitec.com\\\/es\\\/producto\\\/sistema-profesional-de-acabado-lineal\\\/\"]}]},{\"@type\":\"ImageObject\",\"inLanguage\":\"es\",\"@id\":\"https:\\\/\\\/csunitec.com\\\/es\\\/producto\\\/sistema-profesional-de-acabado-lineal\\\/#primaryimage\",\"url\":\"https:\\\/\\\/csunitec.com\\\/wp-content\\\/uploads\\\/2025\\\/04\\\/PTX-ECO-Smart-1-2-2-1.png\",\"contentUrl\":\"https:\\\/\\\/csunitec.com\\\/wp-content\\\/uploads\\\/2025\\\/04\\\/PTX-ECO-Smart-1-2-2-1.png\",\"width\":1000,\"height\":1000},{\"@type\":\"BreadcrumbList\",\"@id\":\"https:\\\/\\\/csunitec.com\\\/es\\\/producto\\\/sistema-profesional-de-acabado-lineal\\\/#breadcrumb\",\"itemListElement\":[{\"@type\":\"ListItem\",\"position\":1,\"name\":\"Inicio\",\"item\":\"https:\\\/\\\/csunitec.com\\\/es\\\/\"},{\"@type\":\"ListItem\",\"position\":2,\"name\":\"Tienda\",\"item\":\"https:\\\/\\\/csunitec.com\\\/es\\\/tienda\\\/\"},{\"@type\":\"ListItem\",\"position\":3,\"name\":\"Sistema Profesional de Acabado Lineal\"}]},{\"@type\":\"WebSite\",\"@id\":\"https:\\\/\\\/csunitec.com\\\/es\\\/#website\",\"url\":\"https:\\\/\\\/csunitec.com\\\/es\\\/\",\"name\":\"CS Unitec\",\"description\":\"\",\"potentialAction\":[{\"@type\":\"SearchAction\",\"target\":{\"@type\":\"EntryPoint\",\"urlTemplate\":\"https:\\\/\\\/csunitec.com\\\/es\\\/?s={search_term_string}\"},\"query-input\":{\"@type\":\"PropertyValueSpecification\",\"valueRequired\":true,\"valueName\":\"search_term_string\"}}],\"inLanguage\":\"es\"}]}<\/script>\n<!-- \/ Yoast SEO plugin. -->","yoast_head_json":{"title":"Sistema Profesional de Acabado Lineal - CS Unitec","description":"El Sistema Profesional de Acabado Lineal es ideal para lijar, matizar y pulir acero inoxidable, acero, aluminio y otros materiales con acabado lineal.","robots":{"index":"index","follow":"follow","max-snippet":"max-snippet:-1","max-image-preview":"max-image-preview:large","max-video-preview":"max-video-preview:-1"},"canonical":"https:\/\/csunitec.com\/es\/producto\/sistema-profesional-de-acabado-lineal\/","og_locale":"es_ES","og_type":"article","og_title":"Sistema Profesional de Acabado Lineal - CS Unitec","og_description":"El Sistema Profesional de Acabado Lineal es ideal para lijar, matizar y pulir acero inoxidable, acero, aluminio y otros materiales con acabado lineal.","og_url":"https:\/\/csunitec.com\/es\/producto\/sistema-profesional-de-acabado-lineal\/","og_site_name":"CS Unitec","article_modified_time":"2024-11-19T21:25:00+00:00","og_image":[{"width":1000,"height":1000,"url":"https:\/\/csunitec.com\/wp-content\/uploads\/2025\/04\/PTX-ECO-Smart-1-2-2-1.png","type":"image\/png"}],"twitter_card":"summary_large_image","twitter_misc":{"Tiempo de lectura":"1 minuto"},"schema":{"@context":"https:\/\/schema.org","@graph":[{"@type":"WebPage","@id":"https:\/\/csunitec.com\/es\/producto\/sistema-profesional-de-acabado-lineal\/","url":"https:\/\/csunitec.com\/es\/producto\/sistema-profesional-de-acabado-lineal\/","name":"Sistema Profesional de Acabado Lineal - CS Unitec","isPartOf":{"@id":"https:\/\/csunitec.com\/es\/#website"},"primaryImageOfPage":{"@id":"https:\/\/csunitec.com\/es\/producto\/sistema-profesional-de-acabado-lineal\/#primaryimage"},"image":{"@id":"https:\/\/csunitec.com\/es\/producto\/sistema-profesional-de-acabado-lineal\/#primaryimage"},"thumbnailUrl":"https:\/\/csunitec.com\/wp-content\/uploads\/2025\/04\/PTX-ECO-Smart-1-2-2-1.png","datePublished":"2024-11-19T16:25:00+00:00","dateModified":"2024-11-19T21:25:00+00:00","description":"El Sistema Profesional de Acabado Lineal es ideal para lijar, matizar y pulir acero inoxidable, acero, aluminio y otros materiales con acabado lineal.","breadcrumb":{"@id":"https:\/\/csunitec.com\/es\/producto\/sistema-profesional-de-acabado-lineal\/#breadcrumb"},"inLanguage":"es","potentialAction":[{"@type":"ReadAction","target":["https:\/\/csunitec.com\/es\/producto\/sistema-profesional-de-acabado-lineal\/"]}]},{"@type":"ImageObject","inLanguage":"es","@id":"https:\/\/csunitec.com\/es\/producto\/sistema-profesional-de-acabado-lineal\/#primaryimage","url":"https:\/\/csunitec.com\/wp-content\/uploads\/2025\/04\/PTX-ECO-Smart-1-2-2-1.png","contentUrl":"https:\/\/csunitec.com\/wp-content\/uploads\/2025\/04\/PTX-ECO-Smart-1-2-2-1.png","width":1000,"height":1000},{"@type":"BreadcrumbList","@id":"https:\/\/csunitec.com\/es\/producto\/sistema-profesional-de-acabado-lineal\/#breadcrumb","itemListElement":[{"@type":"ListItem","position":1,"name":"Inicio","item":"https:\/\/csunitec.com\/es\/"},{"@type":"ListItem","position":2,"name":"Tienda","item":"https:\/\/csunitec.com\/es\/tienda\/"},{"@type":"ListItem","position":3,"name":"Sistema Profesional de Acabado Lineal"}]},{"@type":"WebSite","@id":"https:\/\/csunitec.com\/es\/#website","url":"https:\/\/csunitec.com\/es\/","name":"CS Unitec","description":"","potentialAction":[{"@type":"SearchAction","target":{"@type":"EntryPoint","urlTemplate":"https:\/\/csunitec.com\/es\/?s={search_term_string}"},"query-input":{"@type":"PropertyValueSpecification","valueRequired":true,"valueName":"search_term_string"}}],"inLanguage":"es"}]}},"_links":{"self":[{"href":"https:\/\/csunitec.com\/es\/wp-json\/wp\/v2\/product\/180093","targetHints":{"allow":["GET"]}}],"collection":[{"href":"https:\/\/csunitec.com\/es\/wp-json\/wp\/v2\/product"}],"about":[{"href":"https:\/\/csunitec.com\/es\/wp-json\/wp\/v2\/types\/product"}],"wp:featuredmedia":[{"embeddable":true,"href":"https:\/\/csunitec.com\/es\/wp-json\/wp\/v2\/media\/163543"}],"wp:attachment":[{"href":"https:\/\/csunitec.com\/es\/wp-json\/wp\/v2\/media?parent=180093"}],"wp:term":[{"taxonomy":"product_brand","embeddable":true,"href":"https:\/\/csunitec.com\/es\/wp-json\/wp\/v2\/product_brand?post=180093"},{"taxonomy":"product_cat","embeddable":true,"href":"https:\/\/csunitec.com\/es\/wp-json\/wp\/v2\/product_cat?post=180093"},{"taxonomy":"product_tag","embeddable":true,"href":"https:\/\/csunitec.com\/es\/wp-json\/wp\/v2\/product_tag?post=180093"},{"taxonomy":"accessory_type","embeddable":true,"href":"https:\/\/csunitec.com\/es\/wp-json\/wp\/v2\/accessory_type?post=180093"},{"taxonomy":"application","embeddable":true,"href":"https:\/\/csunitec.com\/es\/wp-json\/wp\/v2\/application?post=180093"},{"taxonomy":"hand_tool_type","embeddable":true,"href":"https:\/\/csunitec.com\/es\/wp-json\/wp\/v2\/hand_tool_type?post=180093"},{"taxonomy":"industry","embeddable":true,"href":"https:\/\/csunitec.com\/es\/wp-json\/wp\/v2\/industry?post=180093"},{"taxonomy":"material","embeddable":true,"href":"https:\/\/csunitec.com\/es\/wp-json\/wp\/v2\/material?post=180093"},{"taxonomy":"power_tool_type","embeddable":true,"href":"https:\/\/csunitec.com\/es\/wp-json\/wp\/v2\/power_tool_type?post=180093"},{"taxonomy":"power_type","embeddable":true,"href":"https:\/\/csunitec.com\/es\/wp-json\/wp\/v2\/power_type?post=180093"},{"taxonomy":"subcategory","embeddable":true,"href":"https:\/\/csunitec.com\/es\/wp-json\/wp\/v2\/subcategory?post=180093"},{"taxonomy":"tool_type","embeddable":true,"href":"https:\/\/csunitec.com\/es\/wp-json\/wp\/v2\/tool_type?post=180093"}],"curies":[{"name":"wp","href":"https:\/\/api.w.org\/{rel}","templated":true}]}}