{"id":180141,"date":"2024-11-19T16:56:00","date_gmt":"2024-11-19T16:56:00","guid":{"rendered":"https:\/\/stgcsunitec.wpenginepowered.com\/product\/adaptador-de-eje-hueco\/"},"modified":"2024-11-19T16:56:00","modified_gmt":"2024-11-19T21:56:00","slug":"adaptador-de-eje-hueco","status":"publish","type":"product","link":"https:\/\/csunitec.com\/es\/producto\/adaptador-de-eje-hueco\/","title":{"rendered":"Adaptador de eje hueco"},"content":{"rendered":"<ul>\n<li>El Adaptador de Eje Hueco est\u00e1 dise\u00f1ado para permitir que el Sistema de Acabado Lineal Inteligente PTX Eco utilice ruedas abrasivas de n\u00facleo hueco. El adaptador ampl\u00eda la compatibilidad de la m\u00e1quina con una gama m\u00e1s amplia de accesorios de acabado y pulido. <\/li>\n<li>Es ideal para aplicaciones que requieren cambios r\u00e1pidos de muelas y un flujo de trabajo continuo. Se utiliza habitualmente para lijar, matizar, satinar y pulir acero inoxidable, aluminio, lat\u00f3n, cobre y otros metales. <\/li>\n<li>El Adaptador de Eje Hueco permite utilizar abrasivos de n\u00facleo hueco rentables. Adecuado para entornos de acabado de gran volumen en los que el ahorro de consumibles es esencial. <\/li>\n<li>Admite el acabado lineal en superficies planas, curvas y contorneadas, as\u00ed como construcciones de tubos abiertos y cerrados, lo que la hace vers\u00e1til para la fabricaci\u00f3n, restauraci\u00f3n y carpinter\u00eda met\u00e1lica arquitect\u00f3nica.<\/li>\n<\/ul>\n","protected":false},"excerpt":{"rendered":"<ul>\n<li>Permite al usuario utilizar abrasivos de n\u00facleo hueco m\u00e1s econ\u00f3micos en las acabadoras de superficies tradicionales<\/li>\n<li>Se adapta a ejes de 3\/4&#8243; de di\u00e1metro x 4&#8243; de longitud y chavetero(s) de 1\/4&#8243;.<\/li>\n<li>El di\u00e1metro total del adaptador es de 45 mm (1-3\/4 pulg.)<\/li>\n<\/ul>\n","protected":false},"featured_media":163626,"template":"","meta":[],"product_brand":[],"product_cat":[1124],"product_tag":[1214,1297,1357],"accessory_type":[927],"application":[1126],"hand_tool_type":[],"industry":[933],"material":[],"power_tool_type":[],"power_type":[],"subcategory":[1125],"tool_type":[943],"class_list":{"0":"post-180141","1":"product","2":"type-product","3":"status-publish","4":"has-post-thumbnail","6":"product_cat-acabado-de-superficies-metalicas","7":"product_tag-accesorios-de-acabado-de-superficies-metalicas","8":"product_tag-accesorios-ptx","9":"product_tag-adaptador-de-eje","10":"accessory_type-accesorio","11":"application-acabado","12":"industry-metalurgia-2","13":"subcategory-sistemas-de-acabado-lineal","14":"tool_type-accesorio","16":"first","17":"instock","18":"shipping-taxable","19":"purchasable","20":"product-type-simple"},"yoast_head":"<!-- This site is optimized with the Yoast SEO plugin v27.5 - https:\/\/yoast.com\/product\/yoast-seo-wordpress\/ -->\n<title>Adaptador de eje hueco - CS Unitec<\/title>\n<meta name=\"description\" content=\"El Adaptador de Eje Hueco est\u00e1 dise\u00f1ado para que el Sistema de Acabado Lineal Inteligente PTX Eco pueda utilizar ruedas abrasivas huecas.\" \/>\n<meta name=\"robots\" content=\"index, follow, max-snippet:-1, max-image-preview:large, max-video-preview:-1\" \/>\n<link rel=\"canonical\" href=\"https:\/\/csunitec.com\/es\/producto\/adaptador-de-eje-hueco\/\" \/>\n<meta property=\"og:locale\" content=\"es_ES\" \/>\n<meta property=\"og:type\" content=\"article\" \/>\n<meta property=\"og:title\" content=\"Adaptador de eje hueco - CS Unitec\" \/>\n<meta property=\"og:description\" content=\"El Adaptador de Eje Hueco est\u00e1 dise\u00f1ado para que el Sistema de Acabado Lineal Inteligente PTX Eco pueda utilizar ruedas abrasivas huecas.\" \/>\n<meta property=\"og:url\" content=\"https:\/\/csunitec.com\/es\/producto\/adaptador-de-eje-hueco\/\" \/>\n<meta property=\"og:site_name\" content=\"CS Unitec\" \/>\n<meta property=\"article:modified_time\" content=\"2024-11-19T21:56:00+00:00\" \/>\n<meta property=\"og:image\" content=\"https:\/\/csunitec.com\/wp-content\/uploads\/2025\/04\/Hollow-Core-Shaft-Adapter-1-2-1.png\" \/>\n\t<meta property=\"og:image:width\" content=\"1000\" \/>\n\t<meta property=\"og:image:height\" content=\"1000\" \/>\n\t<meta property=\"og:image:type\" content=\"image\/png\" \/>\n<meta name=\"twitter:card\" content=\"summary_large_image\" \/>\n<meta name=\"twitter:label1\" content=\"Tiempo de lectura\" \/>\n\t<meta name=\"twitter:data1\" content=\"1 minuto\" \/>\n<script type=\"application\/ld+json\" class=\"yoast-schema-graph\">{\"@context\":\"https:\\\/\\\/schema.org\",\"@graph\":[{\"@type\":\"WebPage\",\"@id\":\"https:\\\/\\\/csunitec.com\\\/es\\\/producto\\\/adaptador-de-eje-hueco\\\/\",\"url\":\"https:\\\/\\\/csunitec.com\\\/es\\\/producto\\\/adaptador-de-eje-hueco\\\/\",\"name\":\"Adaptador de eje hueco - CS Unitec\",\"isPartOf\":{\"@id\":\"https:\\\/\\\/csunitec.com\\\/es\\\/#website\"},\"primaryImageOfPage\":{\"@id\":\"https:\\\/\\\/csunitec.com\\\/es\\\/producto\\\/adaptador-de-eje-hueco\\\/#primaryimage\"},\"image\":{\"@id\":\"https:\\\/\\\/csunitec.com\\\/es\\\/producto\\\/adaptador-de-eje-hueco\\\/#primaryimage\"},\"thumbnailUrl\":\"https:\\\/\\\/csunitec.com\\\/wp-content\\\/uploads\\\/2025\\\/04\\\/Hollow-Core-Shaft-Adapter-1-2-1.png\",\"datePublished\":\"2024-11-19T16:56:00+00:00\",\"dateModified\":\"2024-11-19T21:56:00+00:00\",\"description\":\"El Adaptador de Eje Hueco est\u00e1 dise\u00f1ado para que el Sistema de Acabado Lineal Inteligente PTX Eco pueda utilizar ruedas abrasivas huecas.\",\"breadcrumb\":{\"@id\":\"https:\\\/\\\/csunitec.com\\\/es\\\/producto\\\/adaptador-de-eje-hueco\\\/#breadcrumb\"},\"inLanguage\":\"es\",\"potentialAction\":[{\"@type\":\"ReadAction\",\"target\":[\"https:\\\/\\\/csunitec.com\\\/es\\\/producto\\\/adaptador-de-eje-hueco\\\/\"]}]},{\"@type\":\"ImageObject\",\"inLanguage\":\"es\",\"@id\":\"https:\\\/\\\/csunitec.com\\\/es\\\/producto\\\/adaptador-de-eje-hueco\\\/#primaryimage\",\"url\":\"https:\\\/\\\/csunitec.com\\\/wp-content\\\/uploads\\\/2025\\\/04\\\/Hollow-Core-Shaft-Adapter-1-2-1.png\",\"contentUrl\":\"https:\\\/\\\/csunitec.com\\\/wp-content\\\/uploads\\\/2025\\\/04\\\/Hollow-Core-Shaft-Adapter-1-2-1.png\",\"width\":1000,\"height\":1000},{\"@type\":\"BreadcrumbList\",\"@id\":\"https:\\\/\\\/csunitec.com\\\/es\\\/producto\\\/adaptador-de-eje-hueco\\\/#breadcrumb\",\"itemListElement\":[{\"@type\":\"ListItem\",\"position\":1,\"name\":\"Inicio\",\"item\":\"https:\\\/\\\/csunitec.com\\\/es\\\/\"},{\"@type\":\"ListItem\",\"position\":2,\"name\":\"Tienda\",\"item\":\"https:\\\/\\\/csunitec.com\\\/es\\\/tienda\\\/\"},{\"@type\":\"ListItem\",\"position\":3,\"name\":\"Adaptador de eje hueco\"}]},{\"@type\":\"WebSite\",\"@id\":\"https:\\\/\\\/csunitec.com\\\/es\\\/#website\",\"url\":\"https:\\\/\\\/csunitec.com\\\/es\\\/\",\"name\":\"CS Unitec\",\"description\":\"\",\"potentialAction\":[{\"@type\":\"SearchAction\",\"target\":{\"@type\":\"EntryPoint\",\"urlTemplate\":\"https:\\\/\\\/csunitec.com\\\/es\\\/?s={search_term_string}\"},\"query-input\":{\"@type\":\"PropertyValueSpecification\",\"valueRequired\":true,\"valueName\":\"search_term_string\"}}],\"inLanguage\":\"es\"}]}<\/script>\n<!-- \/ Yoast SEO plugin. -->","yoast_head_json":{"title":"Adaptador de eje hueco - CS Unitec","description":"El Adaptador de Eje Hueco est\u00e1 dise\u00f1ado para que el Sistema de Acabado Lineal Inteligente PTX Eco pueda utilizar ruedas abrasivas huecas.","robots":{"index":"index","follow":"follow","max-snippet":"max-snippet:-1","max-image-preview":"max-image-preview:large","max-video-preview":"max-video-preview:-1"},"canonical":"https:\/\/csunitec.com\/es\/producto\/adaptador-de-eje-hueco\/","og_locale":"es_ES","og_type":"article","og_title":"Adaptador de eje hueco - CS Unitec","og_description":"El Adaptador de Eje Hueco est\u00e1 dise\u00f1ado para que el Sistema de Acabado Lineal Inteligente PTX Eco pueda utilizar ruedas abrasivas huecas.","og_url":"https:\/\/csunitec.com\/es\/producto\/adaptador-de-eje-hueco\/","og_site_name":"CS Unitec","article_modified_time":"2024-11-19T21:56:00+00:00","og_image":[{"width":1000,"height":1000,"url":"https:\/\/csunitec.com\/wp-content\/uploads\/2025\/04\/Hollow-Core-Shaft-Adapter-1-2-1.png","type":"image\/png"}],"twitter_card":"summary_large_image","twitter_misc":{"Tiempo de lectura":"1 minuto"},"schema":{"@context":"https:\/\/schema.org","@graph":[{"@type":"WebPage","@id":"https:\/\/csunitec.com\/es\/producto\/adaptador-de-eje-hueco\/","url":"https:\/\/csunitec.com\/es\/producto\/adaptador-de-eje-hueco\/","name":"Adaptador de eje hueco - CS Unitec","isPartOf":{"@id":"https:\/\/csunitec.com\/es\/#website"},"primaryImageOfPage":{"@id":"https:\/\/csunitec.com\/es\/producto\/adaptador-de-eje-hueco\/#primaryimage"},"image":{"@id":"https:\/\/csunitec.com\/es\/producto\/adaptador-de-eje-hueco\/#primaryimage"},"thumbnailUrl":"https:\/\/csunitec.com\/wp-content\/uploads\/2025\/04\/Hollow-Core-Shaft-Adapter-1-2-1.png","datePublished":"2024-11-19T16:56:00+00:00","dateModified":"2024-11-19T21:56:00+00:00","description":"El Adaptador de Eje Hueco est\u00e1 dise\u00f1ado para que el Sistema de Acabado Lineal Inteligente PTX Eco pueda utilizar ruedas abrasivas huecas.","breadcrumb":{"@id":"https:\/\/csunitec.com\/es\/producto\/adaptador-de-eje-hueco\/#breadcrumb"},"inLanguage":"es","potentialAction":[{"@type":"ReadAction","target":["https:\/\/csunitec.com\/es\/producto\/adaptador-de-eje-hueco\/"]}]},{"@type":"ImageObject","inLanguage":"es","@id":"https:\/\/csunitec.com\/es\/producto\/adaptador-de-eje-hueco\/#primaryimage","url":"https:\/\/csunitec.com\/wp-content\/uploads\/2025\/04\/Hollow-Core-Shaft-Adapter-1-2-1.png","contentUrl":"https:\/\/csunitec.com\/wp-content\/uploads\/2025\/04\/Hollow-Core-Shaft-Adapter-1-2-1.png","width":1000,"height":1000},{"@type":"BreadcrumbList","@id":"https:\/\/csunitec.com\/es\/producto\/adaptador-de-eje-hueco\/#breadcrumb","itemListElement":[{"@type":"ListItem","position":1,"name":"Inicio","item":"https:\/\/csunitec.com\/es\/"},{"@type":"ListItem","position":2,"name":"Tienda","item":"https:\/\/csunitec.com\/es\/tienda\/"},{"@type":"ListItem","position":3,"name":"Adaptador de eje hueco"}]},{"@type":"WebSite","@id":"https:\/\/csunitec.com\/es\/#website","url":"https:\/\/csunitec.com\/es\/","name":"CS Unitec","description":"","potentialAction":[{"@type":"SearchAction","target":{"@type":"EntryPoint","urlTemplate":"https:\/\/csunitec.com\/es\/?s={search_term_string}"},"query-input":{"@type":"PropertyValueSpecification","valueRequired":true,"valueName":"search_term_string"}}],"inLanguage":"es"}]}},"_links":{"self":[{"href":"https:\/\/csunitec.com\/es\/wp-json\/wp\/v2\/product\/180141","targetHints":{"allow":["GET"]}}],"collection":[{"href":"https:\/\/csunitec.com\/es\/wp-json\/wp\/v2\/product"}],"about":[{"href":"https:\/\/csunitec.com\/es\/wp-json\/wp\/v2\/types\/product"}],"wp:featuredmedia":[{"embeddable":true,"href":"https:\/\/csunitec.com\/es\/wp-json\/wp\/v2\/media\/163626"}],"wp:attachment":[{"href":"https:\/\/csunitec.com\/es\/wp-json\/wp\/v2\/media?parent=180141"}],"wp:term":[{"taxonomy":"product_brand","embeddable":true,"href":"https:\/\/csunitec.com\/es\/wp-json\/wp\/v2\/product_brand?post=180141"},{"taxonomy":"product_cat","embeddable":true,"href":"https:\/\/csunitec.com\/es\/wp-json\/wp\/v2\/product_cat?post=180141"},{"taxonomy":"product_tag","embeddable":true,"href":"https:\/\/csunitec.com\/es\/wp-json\/wp\/v2\/product_tag?post=180141"},{"taxonomy":"accessory_type","embeddable":true,"href":"https:\/\/csunitec.com\/es\/wp-json\/wp\/v2\/accessory_type?post=180141"},{"taxonomy":"application","embeddable":true,"href":"https:\/\/csunitec.com\/es\/wp-json\/wp\/v2\/application?post=180141"},{"taxonomy":"hand_tool_type","embeddable":true,"href":"https:\/\/csunitec.com\/es\/wp-json\/wp\/v2\/hand_tool_type?post=180141"},{"taxonomy":"industry","embeddable":true,"href":"https:\/\/csunitec.com\/es\/wp-json\/wp\/v2\/industry?post=180141"},{"taxonomy":"material","embeddable":true,"href":"https:\/\/csunitec.com\/es\/wp-json\/wp\/v2\/material?post=180141"},{"taxonomy":"power_tool_type","embeddable":true,"href":"https:\/\/csunitec.com\/es\/wp-json\/wp\/v2\/power_tool_type?post=180141"},{"taxonomy":"power_type","embeddable":true,"href":"https:\/\/csunitec.com\/es\/wp-json\/wp\/v2\/power_type?post=180141"},{"taxonomy":"subcategory","embeddable":true,"href":"https:\/\/csunitec.com\/es\/wp-json\/wp\/v2\/subcategory?post=180141"},{"taxonomy":"tool_type","embeddable":true,"href":"https:\/\/csunitec.com\/es\/wp-json\/wp\/v2\/tool_type?post=180141"}],"curies":[{"name":"wp","href":"https:\/\/api.w.org\/{rel}","templated":true}]}}