{"id":180276,"date":"2024-11-19T20:05:00","date_gmt":"2024-11-19T20:05:00","guid":{"rendered":"https:\/\/stgcsunitec.wpenginepowered.com\/product\/banda-abrasiva-de-oxido-de-aluminio-ptx-cerrada-alta-calidad\/"},"modified":"2024-11-19T20:05:00","modified_gmt":"2024-11-20T01:05:00","slug":"banda-abrasiva-de-oxido-de-aluminio-ptx-cerrada-alta-calidad","status":"publish","type":"product","link":"https:\/\/csunitec.com\/es\/producto\/banda-abrasiva-de-oxido-de-aluminio-ptx-cerrada-alta-calidad\/","title":{"rendered":"Banda abrasiva de \u00f3xido de aluminio PTX (cerrada), Alta calidad"},"content":{"rendered":"<ul>\n<li>La banda de lija de \u00f3xido de aluminio PTX est\u00e1 dise\u00f1ada para el lijado basto e inicial de tubos met\u00e1licos redondos. Proporciona una eliminaci\u00f3n de material r\u00e1pida y uniforme. <\/li>\n<li>Ideal para eliminar \u00f3xido, cascarilla y contaminaci\u00f3n superficial de tubos de acero inoxidable, acero y metales no f\u00e9rreos.<\/li>\n<li>Adecuado para alisar y refinar superficies de tubos redondos antes de mezclar, acabar o pulir.<\/li>\n<li>Dise\u00f1ados espec\u00edficamente para su uso con rodillos de cinta de lijado PTX, garantizan un seguimiento estable y un rendimiento fiable durante las tareas de acabado lineal.<\/li>\n<\/ul>\n","protected":false},"excerpt":{"rendered":"<ul>\n<li>Para lijado basto e inicial, eliminaci\u00f3n de \u00f3xido y alisado de tubos met\u00e1licos redondos<\/li>\n<li>Para utilizar con rodillos de cinta abrasiva<\/li>\n<\/ul>\n","protected":false},"featured_media":163777,"template":"","meta":[],"product_brand":[],"product_cat":[1124],"product_tag":[1297,1298,1349],"accessory_type":[927],"application":[1126],"hand_tool_type":[],"industry":[933],"material":[],"power_tool_type":[],"power_type":[],"subcategory":[1125],"tool_type":[943],"class_list":{"0":"post-180276","1":"product","2":"type-product","3":"status-publish","4":"has-post-thumbnail","6":"product_cat-acabado-de-superficies-metalicas","7":"product_tag-accesorios-ptx","8":"product_tag-cinturones-ptx","9":"product_tag-cinta-abrasiva","10":"accessory_type-accesorio","11":"application-acabado","12":"industry-metalurgia-2","13":"subcategory-sistemas-de-acabado-lineal","14":"tool_type-accesorio","16":"first","17":"instock","18":"shipping-taxable","19":"purchasable","20":"product-type-variable"},"yoast_head":"<!-- This site is optimized with the Yoast SEO plugin v27.5 - https:\/\/yoast.com\/product\/yoast-seo-wordpress\/ -->\n<title>Banda abrasiva de \u00f3xido de aluminio PTX (cerrada), Alta calidad - CS Unitec<\/title>\n<meta name=\"description\" content=\"La banda de lija de \u00f3xido de aluminio PTX est\u00e1 dise\u00f1ada para el lijado basto e inicial de tubos met\u00e1licos redondos. Proporciona una eliminaci\u00f3n de material r\u00e1pida y uniforme.\" \/>\n<meta name=\"robots\" content=\"index, follow, max-snippet:-1, max-image-preview:large, max-video-preview:-1\" \/>\n<link rel=\"canonical\" href=\"https:\/\/csunitec.com\/es\/producto\/banda-abrasiva-de-oxido-de-aluminio-ptx-cerrada-alta-calidad\/\" \/>\n<meta property=\"og:locale\" content=\"es_ES\" \/>\n<meta property=\"og:type\" content=\"article\" \/>\n<meta property=\"og:title\" content=\"Banda abrasiva de \u00f3xido de aluminio PTX (cerrada), Alta calidad - CS Unitec\" \/>\n<meta property=\"og:description\" content=\"La banda de lija de \u00f3xido de aluminio PTX est\u00e1 dise\u00f1ada para el lijado basto e inicial de tubos met\u00e1licos redondos. Proporciona una eliminaci\u00f3n de material r\u00e1pida y uniforme.\" \/>\n<meta property=\"og:url\" content=\"https:\/\/csunitec.com\/es\/producto\/banda-abrasiva-de-oxido-de-aluminio-ptx-cerrada-alta-calidad\/\" \/>\n<meta property=\"og:site_name\" content=\"CS Unitec\" \/>\n<meta property=\"article:modified_time\" content=\"2024-11-20T01:05:00+00:00\" \/>\n<meta property=\"og:image\" content=\"https:\/\/csunitec.com\/wp-content\/uploads\/2025\/04\/Grinding-Belt-Aluminum-Oxide-3-1.png\" \/>\n\t<meta property=\"og:image:width\" content=\"1000\" \/>\n\t<meta property=\"og:image:height\" content=\"1000\" \/>\n\t<meta property=\"og:image:type\" content=\"image\/png\" \/>\n<meta name=\"twitter:card\" content=\"summary_large_image\" \/>\n<script type=\"application\/ld+json\" class=\"yoast-schema-graph\">{\"@context\":\"https:\\\/\\\/schema.org\",\"@graph\":[{\"@type\":\"WebPage\",\"@id\":\"https:\\\/\\\/csunitec.com\\\/es\\\/producto\\\/banda-abrasiva-de-oxido-de-aluminio-ptx-cerrada-alta-calidad\\\/\",\"url\":\"https:\\\/\\\/csunitec.com\\\/es\\\/producto\\\/banda-abrasiva-de-oxido-de-aluminio-ptx-cerrada-alta-calidad\\\/\",\"name\":\"Banda abrasiva de \u00f3xido de aluminio PTX (cerrada), Alta calidad - CS Unitec\",\"isPartOf\":{\"@id\":\"https:\\\/\\\/csunitec.com\\\/es\\\/#website\"},\"primaryImageOfPage\":{\"@id\":\"https:\\\/\\\/csunitec.com\\\/es\\\/producto\\\/banda-abrasiva-de-oxido-de-aluminio-ptx-cerrada-alta-calidad\\\/#primaryimage\"},\"image\":{\"@id\":\"https:\\\/\\\/csunitec.com\\\/es\\\/producto\\\/banda-abrasiva-de-oxido-de-aluminio-ptx-cerrada-alta-calidad\\\/#primaryimage\"},\"thumbnailUrl\":\"https:\\\/\\\/csunitec.com\\\/wp-content\\\/uploads\\\/2025\\\/04\\\/Grinding-Belt-Aluminum-Oxide-3-1.png\",\"datePublished\":\"2024-11-19T20:05:00+00:00\",\"dateModified\":\"2024-11-20T01:05:00+00:00\",\"description\":\"La banda de lija de \u00f3xido de aluminio PTX est\u00e1 dise\u00f1ada para el lijado basto e inicial de tubos met\u00e1licos redondos. Proporciona una eliminaci\u00f3n de material r\u00e1pida y uniforme.\",\"breadcrumb\":{\"@id\":\"https:\\\/\\\/csunitec.com\\\/es\\\/producto\\\/banda-abrasiva-de-oxido-de-aluminio-ptx-cerrada-alta-calidad\\\/#breadcrumb\"},\"inLanguage\":\"es\",\"potentialAction\":[{\"@type\":\"ReadAction\",\"target\":[\"https:\\\/\\\/csunitec.com\\\/es\\\/producto\\\/banda-abrasiva-de-oxido-de-aluminio-ptx-cerrada-alta-calidad\\\/\"]}]},{\"@type\":\"ImageObject\",\"inLanguage\":\"es\",\"@id\":\"https:\\\/\\\/csunitec.com\\\/es\\\/producto\\\/banda-abrasiva-de-oxido-de-aluminio-ptx-cerrada-alta-calidad\\\/#primaryimage\",\"url\":\"https:\\\/\\\/csunitec.com\\\/wp-content\\\/uploads\\\/2025\\\/04\\\/Grinding-Belt-Aluminum-Oxide-3-1.png\",\"contentUrl\":\"https:\\\/\\\/csunitec.com\\\/wp-content\\\/uploads\\\/2025\\\/04\\\/Grinding-Belt-Aluminum-Oxide-3-1.png\",\"width\":1000,\"height\":1000},{\"@type\":\"BreadcrumbList\",\"@id\":\"https:\\\/\\\/csunitec.com\\\/es\\\/producto\\\/banda-abrasiva-de-oxido-de-aluminio-ptx-cerrada-alta-calidad\\\/#breadcrumb\",\"itemListElement\":[{\"@type\":\"ListItem\",\"position\":1,\"name\":\"Inicio\",\"item\":\"https:\\\/\\\/csunitec.com\\\/es\\\/\"},{\"@type\":\"ListItem\",\"position\":2,\"name\":\"Tienda\",\"item\":\"https:\\\/\\\/csunitec.com\\\/es\\\/tienda\\\/\"},{\"@type\":\"ListItem\",\"position\":3,\"name\":\"Banda abrasiva de \u00f3xido de aluminio PTX (cerrada), Alta calidad\"}]},{\"@type\":\"WebSite\",\"@id\":\"https:\\\/\\\/csunitec.com\\\/es\\\/#website\",\"url\":\"https:\\\/\\\/csunitec.com\\\/es\\\/\",\"name\":\"CS Unitec\",\"description\":\"\",\"potentialAction\":[{\"@type\":\"SearchAction\",\"target\":{\"@type\":\"EntryPoint\",\"urlTemplate\":\"https:\\\/\\\/csunitec.com\\\/es\\\/?s={search_term_string}\"},\"query-input\":{\"@type\":\"PropertyValueSpecification\",\"valueRequired\":true,\"valueName\":\"search_term_string\"}}],\"inLanguage\":\"es\"}]}<\/script>\n<!-- \/ Yoast SEO plugin. -->","yoast_head_json":{"title":"Banda abrasiva de \u00f3xido de aluminio PTX (cerrada), Alta calidad - CS Unitec","description":"La banda de lija de \u00f3xido de aluminio PTX est\u00e1 dise\u00f1ada para el lijado basto e inicial de tubos met\u00e1licos redondos. Proporciona una eliminaci\u00f3n de material r\u00e1pida y uniforme.","robots":{"index":"index","follow":"follow","max-snippet":"max-snippet:-1","max-image-preview":"max-image-preview:large","max-video-preview":"max-video-preview:-1"},"canonical":"https:\/\/csunitec.com\/es\/producto\/banda-abrasiva-de-oxido-de-aluminio-ptx-cerrada-alta-calidad\/","og_locale":"es_ES","og_type":"article","og_title":"Banda abrasiva de \u00f3xido de aluminio PTX (cerrada), Alta calidad - CS Unitec","og_description":"La banda de lija de \u00f3xido de aluminio PTX est\u00e1 dise\u00f1ada para el lijado basto e inicial de tubos met\u00e1licos redondos. Proporciona una eliminaci\u00f3n de material r\u00e1pida y uniforme.","og_url":"https:\/\/csunitec.com\/es\/producto\/banda-abrasiva-de-oxido-de-aluminio-ptx-cerrada-alta-calidad\/","og_site_name":"CS Unitec","article_modified_time":"2024-11-20T01:05:00+00:00","og_image":[{"width":1000,"height":1000,"url":"https:\/\/csunitec.com\/wp-content\/uploads\/2025\/04\/Grinding-Belt-Aluminum-Oxide-3-1.png","type":"image\/png"}],"twitter_card":"summary_large_image","schema":{"@context":"https:\/\/schema.org","@graph":[{"@type":"WebPage","@id":"https:\/\/csunitec.com\/es\/producto\/banda-abrasiva-de-oxido-de-aluminio-ptx-cerrada-alta-calidad\/","url":"https:\/\/csunitec.com\/es\/producto\/banda-abrasiva-de-oxido-de-aluminio-ptx-cerrada-alta-calidad\/","name":"Banda abrasiva de \u00f3xido de aluminio PTX (cerrada), Alta calidad - CS Unitec","isPartOf":{"@id":"https:\/\/csunitec.com\/es\/#website"},"primaryImageOfPage":{"@id":"https:\/\/csunitec.com\/es\/producto\/banda-abrasiva-de-oxido-de-aluminio-ptx-cerrada-alta-calidad\/#primaryimage"},"image":{"@id":"https:\/\/csunitec.com\/es\/producto\/banda-abrasiva-de-oxido-de-aluminio-ptx-cerrada-alta-calidad\/#primaryimage"},"thumbnailUrl":"https:\/\/csunitec.com\/wp-content\/uploads\/2025\/04\/Grinding-Belt-Aluminum-Oxide-3-1.png","datePublished":"2024-11-19T20:05:00+00:00","dateModified":"2024-11-20T01:05:00+00:00","description":"La banda de lija de \u00f3xido de aluminio PTX est\u00e1 dise\u00f1ada para el lijado basto e inicial de tubos met\u00e1licos redondos. Proporciona una eliminaci\u00f3n de material r\u00e1pida y uniforme.","breadcrumb":{"@id":"https:\/\/csunitec.com\/es\/producto\/banda-abrasiva-de-oxido-de-aluminio-ptx-cerrada-alta-calidad\/#breadcrumb"},"inLanguage":"es","potentialAction":[{"@type":"ReadAction","target":["https:\/\/csunitec.com\/es\/producto\/banda-abrasiva-de-oxido-de-aluminio-ptx-cerrada-alta-calidad\/"]}]},{"@type":"ImageObject","inLanguage":"es","@id":"https:\/\/csunitec.com\/es\/producto\/banda-abrasiva-de-oxido-de-aluminio-ptx-cerrada-alta-calidad\/#primaryimage","url":"https:\/\/csunitec.com\/wp-content\/uploads\/2025\/04\/Grinding-Belt-Aluminum-Oxide-3-1.png","contentUrl":"https:\/\/csunitec.com\/wp-content\/uploads\/2025\/04\/Grinding-Belt-Aluminum-Oxide-3-1.png","width":1000,"height":1000},{"@type":"BreadcrumbList","@id":"https:\/\/csunitec.com\/es\/producto\/banda-abrasiva-de-oxido-de-aluminio-ptx-cerrada-alta-calidad\/#breadcrumb","itemListElement":[{"@type":"ListItem","position":1,"name":"Inicio","item":"https:\/\/csunitec.com\/es\/"},{"@type":"ListItem","position":2,"name":"Tienda","item":"https:\/\/csunitec.com\/es\/tienda\/"},{"@type":"ListItem","position":3,"name":"Banda abrasiva de \u00f3xido de aluminio PTX (cerrada), Alta calidad"}]},{"@type":"WebSite","@id":"https:\/\/csunitec.com\/es\/#website","url":"https:\/\/csunitec.com\/es\/","name":"CS Unitec","description":"","potentialAction":[{"@type":"SearchAction","target":{"@type":"EntryPoint","urlTemplate":"https:\/\/csunitec.com\/es\/?s={search_term_string}"},"query-input":{"@type":"PropertyValueSpecification","valueRequired":true,"valueName":"search_term_string"}}],"inLanguage":"es"}]}},"_links":{"self":[{"href":"https:\/\/csunitec.com\/es\/wp-json\/wp\/v2\/product\/180276","targetHints":{"allow":["GET"]}}],"collection":[{"href":"https:\/\/csunitec.com\/es\/wp-json\/wp\/v2\/product"}],"about":[{"href":"https:\/\/csunitec.com\/es\/wp-json\/wp\/v2\/types\/product"}],"wp:featuredmedia":[{"embeddable":true,"href":"https:\/\/csunitec.com\/es\/wp-json\/wp\/v2\/media\/163777"}],"wp:attachment":[{"href":"https:\/\/csunitec.com\/es\/wp-json\/wp\/v2\/media?parent=180276"}],"wp:term":[{"taxonomy":"product_brand","embeddable":true,"href":"https:\/\/csunitec.com\/es\/wp-json\/wp\/v2\/product_brand?post=180276"},{"taxonomy":"product_cat","embeddable":true,"href":"https:\/\/csunitec.com\/es\/wp-json\/wp\/v2\/product_cat?post=180276"},{"taxonomy":"product_tag","embeddable":true,"href":"https:\/\/csunitec.com\/es\/wp-json\/wp\/v2\/product_tag?post=180276"},{"taxonomy":"accessory_type","embeddable":true,"href":"https:\/\/csunitec.com\/es\/wp-json\/wp\/v2\/accessory_type?post=180276"},{"taxonomy":"application","embeddable":true,"href":"https:\/\/csunitec.com\/es\/wp-json\/wp\/v2\/application?post=180276"},{"taxonomy":"hand_tool_type","embeddable":true,"href":"https:\/\/csunitec.com\/es\/wp-json\/wp\/v2\/hand_tool_type?post=180276"},{"taxonomy":"industry","embeddable":true,"href":"https:\/\/csunitec.com\/es\/wp-json\/wp\/v2\/industry?post=180276"},{"taxonomy":"material","embeddable":true,"href":"https:\/\/csunitec.com\/es\/wp-json\/wp\/v2\/material?post=180276"},{"taxonomy":"power_tool_type","embeddable":true,"href":"https:\/\/csunitec.com\/es\/wp-json\/wp\/v2\/power_tool_type?post=180276"},{"taxonomy":"power_type","embeddable":true,"href":"https:\/\/csunitec.com\/es\/wp-json\/wp\/v2\/power_type?post=180276"},{"taxonomy":"subcategory","embeddable":true,"href":"https:\/\/csunitec.com\/es\/wp-json\/wp\/v2\/subcategory?post=180276"},{"taxonomy":"tool_type","embeddable":true,"href":"https:\/\/csunitec.com\/es\/wp-json\/wp\/v2\/tool_type?post=180276"}],"curies":[{"name":"wp","href":"https:\/\/api.w.org\/{rel}","templated":true}]}}