{"id":180299,"date":"2024-11-19T20:37:00","date_gmt":"2024-11-19T20:37:00","guid":{"rendered":"https:\/\/stgcsunitec.wpenginepowered.com\/product\/cinturon-de-vellon-no-tejido-ptx-abierto\/"},"modified":"2024-11-19T20:37:00","modified_gmt":"2024-11-20T01:37:00","slug":"cinturon-de-vellon-no-tejido-ptx-abierto","status":"publish","type":"product","link":"https:\/\/csunitec.com\/es\/producto\/cinturon-de-vellon-no-tejido-ptx-abierto\/","title":{"rendered":"Cintur\u00f3n de vell\u00f3n no tejido PTX (abierto)"},"content":{"rendered":"<ul>\n<li>La banda no tejida de vell\u00f3n PTX est\u00e1 dise\u00f1ada para el lijado fino y el prepulido en construcciones de tuber\u00edas abiertas y cerradas. Esto incluye pasamanos, tubos y acero inoxidable arquitect\u00f3nico. <\/li>\n<li>Ideal para refinar zonas de soldadura, difuminar imperfecciones superficiales y preparar el metal para las fases de acabado satinado o pulido.<\/li>\n<li>Adecuado para su uso en acero inoxidable, aluminio, lat\u00f3n y otros metales no f\u00e9rreos donde se requiera un patr\u00f3n de grano uniforme y decorativo.<\/li>\n<li>El sistema de cierre de ojal permite que la cinta se enrolle alrededor de tubos y pasamanos. Especialmente eficaz para el acabado de superficies redondas o curvas. <\/li>\n<li>La banda de vell\u00f3n PTX est\u00e1 dise\u00f1ada para su uso con los rodillos de banda abrasiva PTX (N.\u00ba de pieza 47006), garantizando un seguimiento estable y un rendimiento de acabado uniforme.<\/li>\n<\/ul>\n","protected":false},"excerpt":{"rendered":"<ul>\n<li>Sistema de fijaci\u00f3n de ojales para el lijado fino y el prepulido en construcciones de tuber\u00edas abiertas y cerradas y pasamanos<\/li>\n<li>El cintur\u00f3n de vell\u00f3n puede abrirse y cerrarse tantas veces como sea necesario<\/li>\n<li>Para utilizar con <a href=\"https:\/\/www.csunitec.com\/metal-surface-finishing\/surface-finishing-abrasives-accessories\/ptx-abrasives-and-accessories\/ptx-abrasives-pipe-constructions-open-or-closed\/ptx-grinding-belt-roller-stainless-steel-flanges\">los rodillos de cinta abrasiva N\/P 47006<\/a>. Patente internacional y dise\u00f1o protegidos <\/li>\n<\/ul>\n","protected":false},"featured_media":164078,"template":"","meta":[],"product_brand":[],"product_cat":[1124],"product_tag":[1297,1298,1349,1371],"accessory_type":[927],"application":[1126],"hand_tool_type":[],"industry":[933],"material":[],"power_tool_type":[],"power_type":[],"subcategory":[1125],"tool_type":[943],"class_list":{"0":"post-180299","1":"product","2":"type-product","3":"status-publish","4":"has-post-thumbnail","6":"product_cat-acabado-de-superficies-metalicas","7":"product_tag-accesorios-ptx","8":"product_tag-cinturones-ptx","9":"product_tag-cinta-abrasiva","10":"product_tag-bandas-no-tejidas-ptx","11":"accessory_type-accesorio","12":"application-acabado","13":"industry-metalurgia-2","14":"subcategory-sistemas-de-acabado-lineal","15":"tool_type-accesorio","17":"first","18":"instock","19":"shipping-taxable","20":"purchasable","21":"product-type-variable"},"yoast_head":"<!-- This site is optimized with the Yoast SEO plugin v27.5 - https:\/\/yoast.com\/product\/yoast-seo-wordpress\/ -->\n<title>Cintur\u00f3n de vell\u00f3n no tejido PTX (abierto) - CS Unitec<\/title>\n<meta name=\"description\" content=\"Banda no tejida de vell\u00f3n PTX dise\u00f1ada para el lijado fino y el prepulido en construcciones de tuber\u00edas abiertas y cerradas, incluidos pasamanos, tubos y mucho m\u00e1s.\" \/>\n<meta name=\"robots\" content=\"index, follow, max-snippet:-1, max-image-preview:large, max-video-preview:-1\" \/>\n<link rel=\"canonical\" href=\"https:\/\/csunitec.com\/es\/producto\/cinturon-de-vellon-no-tejido-ptx-abierto\/\" \/>\n<meta property=\"og:locale\" content=\"es_ES\" \/>\n<meta property=\"og:type\" content=\"article\" \/>\n<meta property=\"og:title\" content=\"Cintur\u00f3n de vell\u00f3n no tejido PTX (abierto) - CS Unitec\" \/>\n<meta property=\"og:description\" content=\"Banda no tejida de vell\u00f3n PTX dise\u00f1ada para el lijado fino y el prepulido en construcciones de tuber\u00edas abiertas y cerradas, incluidos pasamanos, tubos y mucho m\u00e1s.\" \/>\n<meta property=\"og:url\" content=\"https:\/\/csunitec.com\/es\/producto\/cinturon-de-vellon-no-tejido-ptx-abierto\/\" \/>\n<meta property=\"og:site_name\" content=\"CS Unitec\" \/>\n<meta property=\"article:modified_time\" content=\"2024-11-20T01:37:00+00:00\" \/>\n<meta property=\"og:image\" content=\"https:\/\/csunitec.com\/wp-content\/uploads\/2025\/04\/Fleece-Belts-5-1.png\" \/>\n\t<meta property=\"og:image:width\" content=\"1000\" \/>\n\t<meta property=\"og:image:height\" content=\"1000\" \/>\n\t<meta property=\"og:image:type\" content=\"image\/png\" \/>\n<meta name=\"twitter:card\" content=\"summary_large_image\" \/>\n<meta name=\"twitter:label1\" content=\"Tiempo de lectura\" \/>\n\t<meta name=\"twitter:data1\" content=\"1 minuto\" \/>\n<script type=\"application\/ld+json\" class=\"yoast-schema-graph\">{\"@context\":\"https:\\\/\\\/schema.org\",\"@graph\":[{\"@type\":\"WebPage\",\"@id\":\"https:\\\/\\\/csunitec.com\\\/es\\\/producto\\\/cinturon-de-vellon-no-tejido-ptx-abierto\\\/\",\"url\":\"https:\\\/\\\/csunitec.com\\\/es\\\/producto\\\/cinturon-de-vellon-no-tejido-ptx-abierto\\\/\",\"name\":\"Cintur\u00f3n de vell\u00f3n no tejido PTX (abierto) - CS Unitec\",\"isPartOf\":{\"@id\":\"https:\\\/\\\/csunitec.com\\\/es\\\/#website\"},\"primaryImageOfPage\":{\"@id\":\"https:\\\/\\\/csunitec.com\\\/es\\\/producto\\\/cinturon-de-vellon-no-tejido-ptx-abierto\\\/#primaryimage\"},\"image\":{\"@id\":\"https:\\\/\\\/csunitec.com\\\/es\\\/producto\\\/cinturon-de-vellon-no-tejido-ptx-abierto\\\/#primaryimage\"},\"thumbnailUrl\":\"https:\\\/\\\/csunitec.com\\\/wp-content\\\/uploads\\\/2025\\\/04\\\/Fleece-Belts-5-1.png\",\"datePublished\":\"2024-11-19T20:37:00+00:00\",\"dateModified\":\"2024-11-20T01:37:00+00:00\",\"description\":\"Banda no tejida de vell\u00f3n PTX dise\u00f1ada para el lijado fino y el prepulido en construcciones de tuber\u00edas abiertas y cerradas, incluidos pasamanos, tubos y mucho m\u00e1s.\",\"breadcrumb\":{\"@id\":\"https:\\\/\\\/csunitec.com\\\/es\\\/producto\\\/cinturon-de-vellon-no-tejido-ptx-abierto\\\/#breadcrumb\"},\"inLanguage\":\"es\",\"potentialAction\":[{\"@type\":\"ReadAction\",\"target\":[\"https:\\\/\\\/csunitec.com\\\/es\\\/producto\\\/cinturon-de-vellon-no-tejido-ptx-abierto\\\/\"]}]},{\"@type\":\"ImageObject\",\"inLanguage\":\"es\",\"@id\":\"https:\\\/\\\/csunitec.com\\\/es\\\/producto\\\/cinturon-de-vellon-no-tejido-ptx-abierto\\\/#primaryimage\",\"url\":\"https:\\\/\\\/csunitec.com\\\/wp-content\\\/uploads\\\/2025\\\/04\\\/Fleece-Belts-5-1.png\",\"contentUrl\":\"https:\\\/\\\/csunitec.com\\\/wp-content\\\/uploads\\\/2025\\\/04\\\/Fleece-Belts-5-1.png\",\"width\":1000,\"height\":1000},{\"@type\":\"BreadcrumbList\",\"@id\":\"https:\\\/\\\/csunitec.com\\\/es\\\/producto\\\/cinturon-de-vellon-no-tejido-ptx-abierto\\\/#breadcrumb\",\"itemListElement\":[{\"@type\":\"ListItem\",\"position\":1,\"name\":\"Inicio\",\"item\":\"https:\\\/\\\/csunitec.com\\\/es\\\/\"},{\"@type\":\"ListItem\",\"position\":2,\"name\":\"Tienda\",\"item\":\"https:\\\/\\\/csunitec.com\\\/es\\\/tienda\\\/\"},{\"@type\":\"ListItem\",\"position\":3,\"name\":\"Cintur\u00f3n de vell\u00f3n no tejido PTX (abierto)\"}]},{\"@type\":\"WebSite\",\"@id\":\"https:\\\/\\\/csunitec.com\\\/es\\\/#website\",\"url\":\"https:\\\/\\\/csunitec.com\\\/es\\\/\",\"name\":\"CS Unitec\",\"description\":\"\",\"potentialAction\":[{\"@type\":\"SearchAction\",\"target\":{\"@type\":\"EntryPoint\",\"urlTemplate\":\"https:\\\/\\\/csunitec.com\\\/es\\\/?s={search_term_string}\"},\"query-input\":{\"@type\":\"PropertyValueSpecification\",\"valueRequired\":true,\"valueName\":\"search_term_string\"}}],\"inLanguage\":\"es\"}]}<\/script>\n<!-- \/ Yoast SEO plugin. -->","yoast_head_json":{"title":"Cintur\u00f3n de vell\u00f3n no tejido PTX (abierto) - CS Unitec","description":"Banda no tejida de vell\u00f3n PTX dise\u00f1ada para el lijado fino y el prepulido en construcciones de tuber\u00edas abiertas y cerradas, incluidos pasamanos, tubos y mucho m\u00e1s.","robots":{"index":"index","follow":"follow","max-snippet":"max-snippet:-1","max-image-preview":"max-image-preview:large","max-video-preview":"max-video-preview:-1"},"canonical":"https:\/\/csunitec.com\/es\/producto\/cinturon-de-vellon-no-tejido-ptx-abierto\/","og_locale":"es_ES","og_type":"article","og_title":"Cintur\u00f3n de vell\u00f3n no tejido PTX (abierto) - CS Unitec","og_description":"Banda no tejida de vell\u00f3n PTX dise\u00f1ada para el lijado fino y el prepulido en construcciones de tuber\u00edas abiertas y cerradas, incluidos pasamanos, tubos y mucho m\u00e1s.","og_url":"https:\/\/csunitec.com\/es\/producto\/cinturon-de-vellon-no-tejido-ptx-abierto\/","og_site_name":"CS Unitec","article_modified_time":"2024-11-20T01:37:00+00:00","og_image":[{"width":1000,"height":1000,"url":"https:\/\/csunitec.com\/wp-content\/uploads\/2025\/04\/Fleece-Belts-5-1.png","type":"image\/png"}],"twitter_card":"summary_large_image","twitter_misc":{"Tiempo de lectura":"1 minuto"},"schema":{"@context":"https:\/\/schema.org","@graph":[{"@type":"WebPage","@id":"https:\/\/csunitec.com\/es\/producto\/cinturon-de-vellon-no-tejido-ptx-abierto\/","url":"https:\/\/csunitec.com\/es\/producto\/cinturon-de-vellon-no-tejido-ptx-abierto\/","name":"Cintur\u00f3n de vell\u00f3n no tejido PTX (abierto) - CS Unitec","isPartOf":{"@id":"https:\/\/csunitec.com\/es\/#website"},"primaryImageOfPage":{"@id":"https:\/\/csunitec.com\/es\/producto\/cinturon-de-vellon-no-tejido-ptx-abierto\/#primaryimage"},"image":{"@id":"https:\/\/csunitec.com\/es\/producto\/cinturon-de-vellon-no-tejido-ptx-abierto\/#primaryimage"},"thumbnailUrl":"https:\/\/csunitec.com\/wp-content\/uploads\/2025\/04\/Fleece-Belts-5-1.png","datePublished":"2024-11-19T20:37:00+00:00","dateModified":"2024-11-20T01:37:00+00:00","description":"Banda no tejida de vell\u00f3n PTX dise\u00f1ada para el lijado fino y el prepulido en construcciones de tuber\u00edas abiertas y cerradas, incluidos pasamanos, tubos y mucho m\u00e1s.","breadcrumb":{"@id":"https:\/\/csunitec.com\/es\/producto\/cinturon-de-vellon-no-tejido-ptx-abierto\/#breadcrumb"},"inLanguage":"es","potentialAction":[{"@type":"ReadAction","target":["https:\/\/csunitec.com\/es\/producto\/cinturon-de-vellon-no-tejido-ptx-abierto\/"]}]},{"@type":"ImageObject","inLanguage":"es","@id":"https:\/\/csunitec.com\/es\/producto\/cinturon-de-vellon-no-tejido-ptx-abierto\/#primaryimage","url":"https:\/\/csunitec.com\/wp-content\/uploads\/2025\/04\/Fleece-Belts-5-1.png","contentUrl":"https:\/\/csunitec.com\/wp-content\/uploads\/2025\/04\/Fleece-Belts-5-1.png","width":1000,"height":1000},{"@type":"BreadcrumbList","@id":"https:\/\/csunitec.com\/es\/producto\/cinturon-de-vellon-no-tejido-ptx-abierto\/#breadcrumb","itemListElement":[{"@type":"ListItem","position":1,"name":"Inicio","item":"https:\/\/csunitec.com\/es\/"},{"@type":"ListItem","position":2,"name":"Tienda","item":"https:\/\/csunitec.com\/es\/tienda\/"},{"@type":"ListItem","position":3,"name":"Cintur\u00f3n de vell\u00f3n no tejido PTX (abierto)"}]},{"@type":"WebSite","@id":"https:\/\/csunitec.com\/es\/#website","url":"https:\/\/csunitec.com\/es\/","name":"CS Unitec","description":"","potentialAction":[{"@type":"SearchAction","target":{"@type":"EntryPoint","urlTemplate":"https:\/\/csunitec.com\/es\/?s={search_term_string}"},"query-input":{"@type":"PropertyValueSpecification","valueRequired":true,"valueName":"search_term_string"}}],"inLanguage":"es"}]}},"_links":{"self":[{"href":"https:\/\/csunitec.com\/es\/wp-json\/wp\/v2\/product\/180299","targetHints":{"allow":["GET"]}}],"collection":[{"href":"https:\/\/csunitec.com\/es\/wp-json\/wp\/v2\/product"}],"about":[{"href":"https:\/\/csunitec.com\/es\/wp-json\/wp\/v2\/types\/product"}],"wp:featuredmedia":[{"embeddable":true,"href":"https:\/\/csunitec.com\/es\/wp-json\/wp\/v2\/media\/164078"}],"wp:attachment":[{"href":"https:\/\/csunitec.com\/es\/wp-json\/wp\/v2\/media?parent=180299"}],"wp:term":[{"taxonomy":"product_brand","embeddable":true,"href":"https:\/\/csunitec.com\/es\/wp-json\/wp\/v2\/product_brand?post=180299"},{"taxonomy":"product_cat","embeddable":true,"href":"https:\/\/csunitec.com\/es\/wp-json\/wp\/v2\/product_cat?post=180299"},{"taxonomy":"product_tag","embeddable":true,"href":"https:\/\/csunitec.com\/es\/wp-json\/wp\/v2\/product_tag?post=180299"},{"taxonomy":"accessory_type","embeddable":true,"href":"https:\/\/csunitec.com\/es\/wp-json\/wp\/v2\/accessory_type?post=180299"},{"taxonomy":"application","embeddable":true,"href":"https:\/\/csunitec.com\/es\/wp-json\/wp\/v2\/application?post=180299"},{"taxonomy":"hand_tool_type","embeddable":true,"href":"https:\/\/csunitec.com\/es\/wp-json\/wp\/v2\/hand_tool_type?post=180299"},{"taxonomy":"industry","embeddable":true,"href":"https:\/\/csunitec.com\/es\/wp-json\/wp\/v2\/industry?post=180299"},{"taxonomy":"material","embeddable":true,"href":"https:\/\/csunitec.com\/es\/wp-json\/wp\/v2\/material?post=180299"},{"taxonomy":"power_tool_type","embeddable":true,"href":"https:\/\/csunitec.com\/es\/wp-json\/wp\/v2\/power_tool_type?post=180299"},{"taxonomy":"power_type","embeddable":true,"href":"https:\/\/csunitec.com\/es\/wp-json\/wp\/v2\/power_type?post=180299"},{"taxonomy":"subcategory","embeddable":true,"href":"https:\/\/csunitec.com\/es\/wp-json\/wp\/v2\/subcategory?post=180299"},{"taxonomy":"tool_type","embeddable":true,"href":"https:\/\/csunitec.com\/es\/wp-json\/wp\/v2\/tool_type?post=180299"}],"curies":[{"name":"wp","href":"https:\/\/api.w.org\/{rel}","templated":true}]}}