{"id":180307,"date":"2024-11-20T00:01:00","date_gmt":"2024-11-20T00:01:00","guid":{"rendered":"https:\/\/stgcsunitec.wpenginepowered.com\/product\/disco-pulidor-de-algodon\/"},"modified":"2024-11-20T00:01:00","modified_gmt":"2024-11-20T05:01:00","slug":"disco-pulidor-de-algodon","status":"publish","type":"product","link":"https:\/\/csunitec.com\/es\/producto\/disco-pulidor-de-algodon\/","title":{"rendered":"Disco pulidor de algod\u00f3n"},"content":{"rendered":"<ul>\n<li>Disco de pulir de algod\u00f3n dise\u00f1ado para producir un acabado muy brillante, de alto espejo, en acero inoxidable, metales no f\u00e9rricos y otras superficies pulibles cuando se utiliza con compuestos de pulido PTX.<\/li>\n<li>Ideal para el pulido final tras el esmerilado y el prepulido, proporcionando una superficie limpia y reflectante, sin bruma ni rayas.<\/li>\n<li>Puede utilizarse eficazmente en superficies planas, contorneadas e irregulares. Adecuado para carpinter\u00eda met\u00e1lica arquitect\u00f3nica, fabricaci\u00f3n, restauraci\u00f3n y acabado decorativo. <\/li>\n<\/ul>\n","protected":false},"excerpt":{"rendered":"<ul>\n<li>Rueda de hilo de algod\u00f3n para usar con <u>compuestos de pulido<\/u><\/li>\n<li>Produce un acabado espejo muy brillante<\/li>\n<li>Util\u00edzalo en superficies planas, contorneadas o irregulares<\/li>\n<\/ul>\n","protected":false},"featured_media":163910,"template":"","meta":[],"product_brand":[],"product_cat":[1124],"product_tag":[1297,1299,1372],"accessory_type":[927],"application":[1126],"hand_tool_type":[],"industry":[933],"material":[],"power_tool_type":[],"power_type":[],"subcategory":[1125],"tool_type":[943],"class_list":{"0":"post-180307","1":"product","2":"type-product","3":"status-publish","4":"has-post-thumbnail","6":"product_cat-acabado-de-superficies-metalicas","7":"product_tag-accesorios-ptx","8":"product_tag-ruedas-ptx","9":"product_tag-disco-pulidor-de-algodon","10":"accessory_type-accesorio","11":"application-acabado","12":"industry-metalurgia-2","13":"subcategory-sistemas-de-acabado-lineal","14":"tool_type-accesorio","16":"first","17":"instock","18":"shipping-taxable","19":"purchasable","20":"product-type-variable"},"yoast_head":"<!-- This site is optimized with the Yoast SEO plugin v27.5 - https:\/\/yoast.com\/product\/yoast-seo-wordpress\/ -->\n<title>Disco pulidor de algod\u00f3n - CS Unitec<\/title>\n<meta name=\"description\" content=\"Disco de pulir de algod\u00f3n dise\u00f1ado para producir un acabado de espejo muy brillante en acero inoxidable, metales no f\u00e9rreos y otras superficies pulibles.\" \/>\n<meta name=\"robots\" content=\"index, follow, max-snippet:-1, max-image-preview:large, max-video-preview:-1\" \/>\n<link rel=\"canonical\" href=\"https:\/\/csunitec.com\/es\/producto\/disco-pulidor-de-algodon\/\" \/>\n<meta property=\"og:locale\" content=\"es_ES\" \/>\n<meta property=\"og:type\" content=\"article\" \/>\n<meta property=\"og:title\" content=\"Disco pulidor de algod\u00f3n - CS Unitec\" \/>\n<meta property=\"og:description\" content=\"Disco de pulir de algod\u00f3n dise\u00f1ado para producir un acabado de espejo muy brillante en acero inoxidable, metales no f\u00e9rreos y otras superficies pulibles.\" \/>\n<meta property=\"og:url\" content=\"https:\/\/csunitec.com\/es\/producto\/disco-pulidor-de-algodon\/\" \/>\n<meta property=\"og:site_name\" content=\"CS Unitec\" \/>\n<meta property=\"article:modified_time\" content=\"2024-11-20T05:01:00+00:00\" \/>\n<meta property=\"og:image\" content=\"https:\/\/csunitec.com\/wp-content\/uploads\/2025\/04\/Cotton-Buffing-WHeel-1-2-1.png\" \/>\n\t<meta property=\"og:image:width\" content=\"1000\" \/>\n\t<meta property=\"og:image:height\" content=\"1000\" \/>\n\t<meta property=\"og:image:type\" content=\"image\/png\" \/>\n<meta name=\"twitter:card\" content=\"summary_large_image\" \/>\n<script type=\"application\/ld+json\" class=\"yoast-schema-graph\">{\"@context\":\"https:\\\/\\\/schema.org\",\"@graph\":[{\"@type\":\"WebPage\",\"@id\":\"https:\\\/\\\/csunitec.com\\\/es\\\/producto\\\/disco-pulidor-de-algodon\\\/\",\"url\":\"https:\\\/\\\/csunitec.com\\\/es\\\/producto\\\/disco-pulidor-de-algodon\\\/\",\"name\":\"Disco pulidor de algod\u00f3n - CS Unitec\",\"isPartOf\":{\"@id\":\"https:\\\/\\\/csunitec.com\\\/es\\\/#website\"},\"primaryImageOfPage\":{\"@id\":\"https:\\\/\\\/csunitec.com\\\/es\\\/producto\\\/disco-pulidor-de-algodon\\\/#primaryimage\"},\"image\":{\"@id\":\"https:\\\/\\\/csunitec.com\\\/es\\\/producto\\\/disco-pulidor-de-algodon\\\/#primaryimage\"},\"thumbnailUrl\":\"https:\\\/\\\/csunitec.com\\\/wp-content\\\/uploads\\\/2025\\\/04\\\/Cotton-Buffing-WHeel-1-2-1.png\",\"datePublished\":\"2024-11-20T00:01:00+00:00\",\"dateModified\":\"2024-11-20T05:01:00+00:00\",\"description\":\"Disco de pulir de algod\u00f3n dise\u00f1ado para producir un acabado de espejo muy brillante en acero inoxidable, metales no f\u00e9rreos y otras superficies pulibles.\",\"breadcrumb\":{\"@id\":\"https:\\\/\\\/csunitec.com\\\/es\\\/producto\\\/disco-pulidor-de-algodon\\\/#breadcrumb\"},\"inLanguage\":\"es\",\"potentialAction\":[{\"@type\":\"ReadAction\",\"target\":[\"https:\\\/\\\/csunitec.com\\\/es\\\/producto\\\/disco-pulidor-de-algodon\\\/\"]}]},{\"@type\":\"ImageObject\",\"inLanguage\":\"es\",\"@id\":\"https:\\\/\\\/csunitec.com\\\/es\\\/producto\\\/disco-pulidor-de-algodon\\\/#primaryimage\",\"url\":\"https:\\\/\\\/csunitec.com\\\/wp-content\\\/uploads\\\/2025\\\/04\\\/Cotton-Buffing-WHeel-1-2-1.png\",\"contentUrl\":\"https:\\\/\\\/csunitec.com\\\/wp-content\\\/uploads\\\/2025\\\/04\\\/Cotton-Buffing-WHeel-1-2-1.png\",\"width\":1000,\"height\":1000},{\"@type\":\"BreadcrumbList\",\"@id\":\"https:\\\/\\\/csunitec.com\\\/es\\\/producto\\\/disco-pulidor-de-algodon\\\/#breadcrumb\",\"itemListElement\":[{\"@type\":\"ListItem\",\"position\":1,\"name\":\"Inicio\",\"item\":\"https:\\\/\\\/csunitec.com\\\/es\\\/\"},{\"@type\":\"ListItem\",\"position\":2,\"name\":\"Tienda\",\"item\":\"https:\\\/\\\/csunitec.com\\\/es\\\/tienda\\\/\"},{\"@type\":\"ListItem\",\"position\":3,\"name\":\"Disco pulidor de algod\u00f3n\"}]},{\"@type\":\"WebSite\",\"@id\":\"https:\\\/\\\/csunitec.com\\\/es\\\/#website\",\"url\":\"https:\\\/\\\/csunitec.com\\\/es\\\/\",\"name\":\"CS Unitec\",\"description\":\"\",\"potentialAction\":[{\"@type\":\"SearchAction\",\"target\":{\"@type\":\"EntryPoint\",\"urlTemplate\":\"https:\\\/\\\/csunitec.com\\\/es\\\/?s={search_term_string}\"},\"query-input\":{\"@type\":\"PropertyValueSpecification\",\"valueRequired\":true,\"valueName\":\"search_term_string\"}}],\"inLanguage\":\"es\"}]}<\/script>\n<!-- \/ Yoast SEO plugin. -->","yoast_head_json":{"title":"Disco pulidor de algod\u00f3n - CS Unitec","description":"Disco de pulir de algod\u00f3n dise\u00f1ado para producir un acabado de espejo muy brillante en acero inoxidable, metales no f\u00e9rreos y otras superficies pulibles.","robots":{"index":"index","follow":"follow","max-snippet":"max-snippet:-1","max-image-preview":"max-image-preview:large","max-video-preview":"max-video-preview:-1"},"canonical":"https:\/\/csunitec.com\/es\/producto\/disco-pulidor-de-algodon\/","og_locale":"es_ES","og_type":"article","og_title":"Disco pulidor de algod\u00f3n - CS Unitec","og_description":"Disco de pulir de algod\u00f3n dise\u00f1ado para producir un acabado de espejo muy brillante en acero inoxidable, metales no f\u00e9rreos y otras superficies pulibles.","og_url":"https:\/\/csunitec.com\/es\/producto\/disco-pulidor-de-algodon\/","og_site_name":"CS Unitec","article_modified_time":"2024-11-20T05:01:00+00:00","og_image":[{"width":1000,"height":1000,"url":"https:\/\/csunitec.com\/wp-content\/uploads\/2025\/04\/Cotton-Buffing-WHeel-1-2-1.png","type":"image\/png"}],"twitter_card":"summary_large_image","schema":{"@context":"https:\/\/schema.org","@graph":[{"@type":"WebPage","@id":"https:\/\/csunitec.com\/es\/producto\/disco-pulidor-de-algodon\/","url":"https:\/\/csunitec.com\/es\/producto\/disco-pulidor-de-algodon\/","name":"Disco pulidor de algod\u00f3n - CS Unitec","isPartOf":{"@id":"https:\/\/csunitec.com\/es\/#website"},"primaryImageOfPage":{"@id":"https:\/\/csunitec.com\/es\/producto\/disco-pulidor-de-algodon\/#primaryimage"},"image":{"@id":"https:\/\/csunitec.com\/es\/producto\/disco-pulidor-de-algodon\/#primaryimage"},"thumbnailUrl":"https:\/\/csunitec.com\/wp-content\/uploads\/2025\/04\/Cotton-Buffing-WHeel-1-2-1.png","datePublished":"2024-11-20T00:01:00+00:00","dateModified":"2024-11-20T05:01:00+00:00","description":"Disco de pulir de algod\u00f3n dise\u00f1ado para producir un acabado de espejo muy brillante en acero inoxidable, metales no f\u00e9rreos y otras superficies pulibles.","breadcrumb":{"@id":"https:\/\/csunitec.com\/es\/producto\/disco-pulidor-de-algodon\/#breadcrumb"},"inLanguage":"es","potentialAction":[{"@type":"ReadAction","target":["https:\/\/csunitec.com\/es\/producto\/disco-pulidor-de-algodon\/"]}]},{"@type":"ImageObject","inLanguage":"es","@id":"https:\/\/csunitec.com\/es\/producto\/disco-pulidor-de-algodon\/#primaryimage","url":"https:\/\/csunitec.com\/wp-content\/uploads\/2025\/04\/Cotton-Buffing-WHeel-1-2-1.png","contentUrl":"https:\/\/csunitec.com\/wp-content\/uploads\/2025\/04\/Cotton-Buffing-WHeel-1-2-1.png","width":1000,"height":1000},{"@type":"BreadcrumbList","@id":"https:\/\/csunitec.com\/es\/producto\/disco-pulidor-de-algodon\/#breadcrumb","itemListElement":[{"@type":"ListItem","position":1,"name":"Inicio","item":"https:\/\/csunitec.com\/es\/"},{"@type":"ListItem","position":2,"name":"Tienda","item":"https:\/\/csunitec.com\/es\/tienda\/"},{"@type":"ListItem","position":3,"name":"Disco pulidor de algod\u00f3n"}]},{"@type":"WebSite","@id":"https:\/\/csunitec.com\/es\/#website","url":"https:\/\/csunitec.com\/es\/","name":"CS Unitec","description":"","potentialAction":[{"@type":"SearchAction","target":{"@type":"EntryPoint","urlTemplate":"https:\/\/csunitec.com\/es\/?s={search_term_string}"},"query-input":{"@type":"PropertyValueSpecification","valueRequired":true,"valueName":"search_term_string"}}],"inLanguage":"es"}]}},"_links":{"self":[{"href":"https:\/\/csunitec.com\/es\/wp-json\/wp\/v2\/product\/180307","targetHints":{"allow":["GET"]}}],"collection":[{"href":"https:\/\/csunitec.com\/es\/wp-json\/wp\/v2\/product"}],"about":[{"href":"https:\/\/csunitec.com\/es\/wp-json\/wp\/v2\/types\/product"}],"wp:featuredmedia":[{"embeddable":true,"href":"https:\/\/csunitec.com\/es\/wp-json\/wp\/v2\/media\/163910"}],"wp:attachment":[{"href":"https:\/\/csunitec.com\/es\/wp-json\/wp\/v2\/media?parent=180307"}],"wp:term":[{"taxonomy":"product_brand","embeddable":true,"href":"https:\/\/csunitec.com\/es\/wp-json\/wp\/v2\/product_brand?post=180307"},{"taxonomy":"product_cat","embeddable":true,"href":"https:\/\/csunitec.com\/es\/wp-json\/wp\/v2\/product_cat?post=180307"},{"taxonomy":"product_tag","embeddable":true,"href":"https:\/\/csunitec.com\/es\/wp-json\/wp\/v2\/product_tag?post=180307"},{"taxonomy":"accessory_type","embeddable":true,"href":"https:\/\/csunitec.com\/es\/wp-json\/wp\/v2\/accessory_type?post=180307"},{"taxonomy":"application","embeddable":true,"href":"https:\/\/csunitec.com\/es\/wp-json\/wp\/v2\/application?post=180307"},{"taxonomy":"hand_tool_type","embeddable":true,"href":"https:\/\/csunitec.com\/es\/wp-json\/wp\/v2\/hand_tool_type?post=180307"},{"taxonomy":"industry","embeddable":true,"href":"https:\/\/csunitec.com\/es\/wp-json\/wp\/v2\/industry?post=180307"},{"taxonomy":"material","embeddable":true,"href":"https:\/\/csunitec.com\/es\/wp-json\/wp\/v2\/material?post=180307"},{"taxonomy":"power_tool_type","embeddable":true,"href":"https:\/\/csunitec.com\/es\/wp-json\/wp\/v2\/power_tool_type?post=180307"},{"taxonomy":"power_type","embeddable":true,"href":"https:\/\/csunitec.com\/es\/wp-json\/wp\/v2\/power_type?post=180307"},{"taxonomy":"subcategory","embeddable":true,"href":"https:\/\/csunitec.com\/es\/wp-json\/wp\/v2\/subcategory?post=180307"},{"taxonomy":"tool_type","embeddable":true,"href":"https:\/\/csunitec.com\/es\/wp-json\/wp\/v2\/tool_type?post=180307"}],"curies":[{"name":"wp","href":"https:\/\/api.w.org\/{rel}","templated":true}]}}