{"id":180319,"date":"2024-11-20T01:06:00","date_gmt":"2024-11-20T01:06:00","guid":{"rendered":"https:\/\/stgcsunitec.wpenginepowered.com\/product\/lijadora-king-boa-para-tubos-redondos\/"},"modified":"2024-11-20T01:06:00","modified_gmt":"2024-11-20T06:06:00","slug":"lijadora-king-boa-para-tubos-redondos","status":"publish","type":"product","link":"https:\/\/csunitec.com\/es\/producto\/lijadora-king-boa-para-tubos-redondos\/","title":{"rendered":"Lijadora KING-BOA\u2122 para tubos redondos"},"content":{"rendered":"<ul>\n<li>Lijadora de tubos envolvente para pasamanos, barandillas y tubos met\u00e1licos<\/li>\n<li>Brazo lijador de 270\u00b0 para un avance r\u00e1pido, un acabado perfecto y un manejo sencillo &#8211; g\u00edralo ligeramente para un acabado completo de 360 <\/li>\n<li>Tensi\u00f3n uniforme de la cinta y m\u00ednima presi\u00f3n del usuario para acabados de alta calidad y uniformes<\/li>\n<li>Mezcla, acaba y pule barandillas redondas y tuber\u00edas hasta conseguir un acabado de espejo<\/li>\n<li>Para usar en todos los metales: acero, acero inoxidable, aluminio, bronce, hierro y m\u00e1s<\/li>\n<\/ul>\n","protected":false},"excerpt":{"rendered":"<ul>\n<li>Ideal para acero inoxidable y otros materiales<\/li>\n<li>Rectificar \/ Pulir Barandillas y Tuber\u00edas de hasta 5&#8243;.<\/li>\n<li>Se adapta a los contornos de la barandilla<\/li>\n<li>Brazo lijador para una cobertura excelente de 270<\/li>\n<li>Potencia: 10 Amperios<\/li>\n<li>Velocidad: 800-3000 RPM<\/li>\n<\/ul>\n","protected":false},"featured_media":164009,"template":"","meta":[],"product_brand":[],"product_cat":[1124],"product_tag":[1376,1377],"accessory_type":[],"application":[1126],"hand_tool_type":[],"industry":[933],"material":[],"power_tool_type":[1374],"power_type":[],"subcategory":[1378],"tool_type":[946],"class_list":{"0":"post-180319","1":"product","2":"type-product","3":"status-publish","4":"has-post-thumbnail","6":"product_cat-acabado-de-superficies-metalicas","7":"product_tag-sistemas-de-acabado-de-tuberias","8":"product_tag-rey-boa","9":"application-acabado","10":"industry-metalurgia-2","11":"power_tool_type-sistema-de-acabado-de-tubos","12":"subcategory-sistemas-de-acabado-de-tuberias","13":"tool_type-herramienta-electrica","15":"first","16":"instock","17":"shipping-taxable","18":"purchasable","19":"product-type-simple"},"yoast_head":"<!-- This site is optimized with the Yoast SEO plugin v27.5 - https:\/\/yoast.com\/product\/yoast-seo-wordpress\/ -->\n<title>Lijadora KING-BOA\u2122 para tubos redondos - CS Unitec<\/title>\n<meta name=\"robots\" content=\"index, follow, max-snippet:-1, max-image-preview:large, max-video-preview:-1\" \/>\n<link rel=\"canonical\" href=\"https:\/\/csunitec.com\/es\/producto\/lijadora-king-boa-para-tubos-redondos\/\" \/>\n<meta property=\"og:locale\" content=\"es_ES\" \/>\n<meta property=\"og:type\" content=\"article\" \/>\n<meta property=\"og:title\" content=\"Lijadora KING-BOA\u2122 para tubos redondos - CS Unitec\" \/>\n<meta property=\"og:description\" content=\"Ideal para acero inoxidable y otros materiales Rectificar \/ Pulir Barandillas y Tuber\u00edas de hasta 5&quot;. Se adapta a los contornos de la barandilla Brazo lijador para una cobertura excelente de 270  Potencia: 10 Amperios  Velocidad: 800-3000 RPM\" \/>\n<meta property=\"og:url\" content=\"https:\/\/csunitec.com\/es\/producto\/lijadora-king-boa-para-tubos-redondos\/\" \/>\n<meta property=\"og:site_name\" content=\"CS Unitec\" \/>\n<meta property=\"article:modified_time\" content=\"2024-11-20T06:06:00+00:00\" \/>\n<meta property=\"og:image\" content=\"https:\/\/csunitec.com\/wp-content\/uploads\/2025\/04\/KING-BOA-1-2-1.png\" \/>\n\t<meta property=\"og:image:width\" content=\"1000\" \/>\n\t<meta property=\"og:image:height\" content=\"1000\" \/>\n\t<meta property=\"og:image:type\" content=\"image\/png\" \/>\n<meta name=\"twitter:card\" content=\"summary_large_image\" \/>\n<script type=\"application\/ld+json\" class=\"yoast-schema-graph\">{\"@context\":\"https:\\\/\\\/schema.org\",\"@graph\":[{\"@type\":\"WebPage\",\"@id\":\"https:\\\/\\\/csunitec.com\\\/es\\\/producto\\\/lijadora-king-boa-para-tubos-redondos\\\/\",\"url\":\"https:\\\/\\\/csunitec.com\\\/es\\\/producto\\\/lijadora-king-boa-para-tubos-redondos\\\/\",\"name\":\"Lijadora KING-BOA\u2122 para tubos redondos - CS Unitec\",\"isPartOf\":{\"@id\":\"https:\\\/\\\/csunitec.com\\\/es\\\/#website\"},\"primaryImageOfPage\":{\"@id\":\"https:\\\/\\\/csunitec.com\\\/es\\\/producto\\\/lijadora-king-boa-para-tubos-redondos\\\/#primaryimage\"},\"image\":{\"@id\":\"https:\\\/\\\/csunitec.com\\\/es\\\/producto\\\/lijadora-king-boa-para-tubos-redondos\\\/#primaryimage\"},\"thumbnailUrl\":\"https:\\\/\\\/csunitec.com\\\/wp-content\\\/uploads\\\/2025\\\/04\\\/KING-BOA-1-2-1.png\",\"datePublished\":\"2024-11-20T01:06:00+00:00\",\"dateModified\":\"2024-11-20T06:06:00+00:00\",\"breadcrumb\":{\"@id\":\"https:\\\/\\\/csunitec.com\\\/es\\\/producto\\\/lijadora-king-boa-para-tubos-redondos\\\/#breadcrumb\"},\"inLanguage\":\"es\",\"potentialAction\":[{\"@type\":\"ReadAction\",\"target\":[\"https:\\\/\\\/csunitec.com\\\/es\\\/producto\\\/lijadora-king-boa-para-tubos-redondos\\\/\"]}]},{\"@type\":\"ImageObject\",\"inLanguage\":\"es\",\"@id\":\"https:\\\/\\\/csunitec.com\\\/es\\\/producto\\\/lijadora-king-boa-para-tubos-redondos\\\/#primaryimage\",\"url\":\"https:\\\/\\\/csunitec.com\\\/wp-content\\\/uploads\\\/2025\\\/04\\\/KING-BOA-1-2-1.png\",\"contentUrl\":\"https:\\\/\\\/csunitec.com\\\/wp-content\\\/uploads\\\/2025\\\/04\\\/KING-BOA-1-2-1.png\",\"width\":1000,\"height\":1000},{\"@type\":\"BreadcrumbList\",\"@id\":\"https:\\\/\\\/csunitec.com\\\/es\\\/producto\\\/lijadora-king-boa-para-tubos-redondos\\\/#breadcrumb\",\"itemListElement\":[{\"@type\":\"ListItem\",\"position\":1,\"name\":\"Inicio\",\"item\":\"https:\\\/\\\/csunitec.com\\\/es\\\/\"},{\"@type\":\"ListItem\",\"position\":2,\"name\":\"Tienda\",\"item\":\"https:\\\/\\\/csunitec.com\\\/es\\\/tienda\\\/\"},{\"@type\":\"ListItem\",\"position\":3,\"name\":\"Lijadora KING-BOA\u2122 para tubos redondos\"}]},{\"@type\":\"WebSite\",\"@id\":\"https:\\\/\\\/csunitec.com\\\/es\\\/#website\",\"url\":\"https:\\\/\\\/csunitec.com\\\/es\\\/\",\"name\":\"CS Unitec\",\"description\":\"\",\"potentialAction\":[{\"@type\":\"SearchAction\",\"target\":{\"@type\":\"EntryPoint\",\"urlTemplate\":\"https:\\\/\\\/csunitec.com\\\/es\\\/?s={search_term_string}\"},\"query-input\":{\"@type\":\"PropertyValueSpecification\",\"valueRequired\":true,\"valueName\":\"search_term_string\"}}],\"inLanguage\":\"es\"}]}<\/script>\n<!-- \/ Yoast SEO plugin. -->","yoast_head_json":{"title":"Lijadora KING-BOA\u2122 para tubos redondos - CS Unitec","robots":{"index":"index","follow":"follow","max-snippet":"max-snippet:-1","max-image-preview":"max-image-preview:large","max-video-preview":"max-video-preview:-1"},"canonical":"https:\/\/csunitec.com\/es\/producto\/lijadora-king-boa-para-tubos-redondos\/","og_locale":"es_ES","og_type":"article","og_title":"Lijadora KING-BOA\u2122 para tubos redondos - CS Unitec","og_description":"Ideal para acero inoxidable y otros materiales Rectificar \/ Pulir Barandillas y Tuber\u00edas de hasta 5\". Se adapta a los contornos de la barandilla Brazo lijador para una cobertura excelente de 270  Potencia: 10 Amperios  Velocidad: 800-3000 RPM","og_url":"https:\/\/csunitec.com\/es\/producto\/lijadora-king-boa-para-tubos-redondos\/","og_site_name":"CS Unitec","article_modified_time":"2024-11-20T06:06:00+00:00","og_image":[{"width":1000,"height":1000,"url":"https:\/\/csunitec.com\/wp-content\/uploads\/2025\/04\/KING-BOA-1-2-1.png","type":"image\/png"}],"twitter_card":"summary_large_image","schema":{"@context":"https:\/\/schema.org","@graph":[{"@type":"WebPage","@id":"https:\/\/csunitec.com\/es\/producto\/lijadora-king-boa-para-tubos-redondos\/","url":"https:\/\/csunitec.com\/es\/producto\/lijadora-king-boa-para-tubos-redondos\/","name":"Lijadora KING-BOA\u2122 para tubos redondos - CS Unitec","isPartOf":{"@id":"https:\/\/csunitec.com\/es\/#website"},"primaryImageOfPage":{"@id":"https:\/\/csunitec.com\/es\/producto\/lijadora-king-boa-para-tubos-redondos\/#primaryimage"},"image":{"@id":"https:\/\/csunitec.com\/es\/producto\/lijadora-king-boa-para-tubos-redondos\/#primaryimage"},"thumbnailUrl":"https:\/\/csunitec.com\/wp-content\/uploads\/2025\/04\/KING-BOA-1-2-1.png","datePublished":"2024-11-20T01:06:00+00:00","dateModified":"2024-11-20T06:06:00+00:00","breadcrumb":{"@id":"https:\/\/csunitec.com\/es\/producto\/lijadora-king-boa-para-tubos-redondos\/#breadcrumb"},"inLanguage":"es","potentialAction":[{"@type":"ReadAction","target":["https:\/\/csunitec.com\/es\/producto\/lijadora-king-boa-para-tubos-redondos\/"]}]},{"@type":"ImageObject","inLanguage":"es","@id":"https:\/\/csunitec.com\/es\/producto\/lijadora-king-boa-para-tubos-redondos\/#primaryimage","url":"https:\/\/csunitec.com\/wp-content\/uploads\/2025\/04\/KING-BOA-1-2-1.png","contentUrl":"https:\/\/csunitec.com\/wp-content\/uploads\/2025\/04\/KING-BOA-1-2-1.png","width":1000,"height":1000},{"@type":"BreadcrumbList","@id":"https:\/\/csunitec.com\/es\/producto\/lijadora-king-boa-para-tubos-redondos\/#breadcrumb","itemListElement":[{"@type":"ListItem","position":1,"name":"Inicio","item":"https:\/\/csunitec.com\/es\/"},{"@type":"ListItem","position":2,"name":"Tienda","item":"https:\/\/csunitec.com\/es\/tienda\/"},{"@type":"ListItem","position":3,"name":"Lijadora KING-BOA\u2122 para tubos redondos"}]},{"@type":"WebSite","@id":"https:\/\/csunitec.com\/es\/#website","url":"https:\/\/csunitec.com\/es\/","name":"CS Unitec","description":"","potentialAction":[{"@type":"SearchAction","target":{"@type":"EntryPoint","urlTemplate":"https:\/\/csunitec.com\/es\/?s={search_term_string}"},"query-input":{"@type":"PropertyValueSpecification","valueRequired":true,"valueName":"search_term_string"}}],"inLanguage":"es"}]}},"_links":{"self":[{"href":"https:\/\/csunitec.com\/es\/wp-json\/wp\/v2\/product\/180319","targetHints":{"allow":["GET"]}}],"collection":[{"href":"https:\/\/csunitec.com\/es\/wp-json\/wp\/v2\/product"}],"about":[{"href":"https:\/\/csunitec.com\/es\/wp-json\/wp\/v2\/types\/product"}],"wp:featuredmedia":[{"embeddable":true,"href":"https:\/\/csunitec.com\/es\/wp-json\/wp\/v2\/media\/164009"}],"wp:attachment":[{"href":"https:\/\/csunitec.com\/es\/wp-json\/wp\/v2\/media?parent=180319"}],"wp:term":[{"taxonomy":"product_brand","embeddable":true,"href":"https:\/\/csunitec.com\/es\/wp-json\/wp\/v2\/product_brand?post=180319"},{"taxonomy":"product_cat","embeddable":true,"href":"https:\/\/csunitec.com\/es\/wp-json\/wp\/v2\/product_cat?post=180319"},{"taxonomy":"product_tag","embeddable":true,"href":"https:\/\/csunitec.com\/es\/wp-json\/wp\/v2\/product_tag?post=180319"},{"taxonomy":"accessory_type","embeddable":true,"href":"https:\/\/csunitec.com\/es\/wp-json\/wp\/v2\/accessory_type?post=180319"},{"taxonomy":"application","embeddable":true,"href":"https:\/\/csunitec.com\/es\/wp-json\/wp\/v2\/application?post=180319"},{"taxonomy":"hand_tool_type","embeddable":true,"href":"https:\/\/csunitec.com\/es\/wp-json\/wp\/v2\/hand_tool_type?post=180319"},{"taxonomy":"industry","embeddable":true,"href":"https:\/\/csunitec.com\/es\/wp-json\/wp\/v2\/industry?post=180319"},{"taxonomy":"material","embeddable":true,"href":"https:\/\/csunitec.com\/es\/wp-json\/wp\/v2\/material?post=180319"},{"taxonomy":"power_tool_type","embeddable":true,"href":"https:\/\/csunitec.com\/es\/wp-json\/wp\/v2\/power_tool_type?post=180319"},{"taxonomy":"power_type","embeddable":true,"href":"https:\/\/csunitec.com\/es\/wp-json\/wp\/v2\/power_type?post=180319"},{"taxonomy":"subcategory","embeddable":true,"href":"https:\/\/csunitec.com\/es\/wp-json\/wp\/v2\/subcategory?post=180319"},{"taxonomy":"tool_type","embeddable":true,"href":"https:\/\/csunitec.com\/es\/wp-json\/wp\/v2\/tool_type?post=180319"}],"curies":[{"name":"wp","href":"https:\/\/api.w.org\/{rel}","templated":true}]}}