{"id":180320,"date":"2024-11-20T00:09:00","date_gmt":"2024-11-20T00:09:00","guid":{"rendered":"https:\/\/stgcsunitec.wpenginepowered.com\/product\/anillas-de-algodon-poly-ptx\/"},"modified":"2024-11-20T00:09:00","modified_gmt":"2024-11-20T05:09:00","slug":"anillas-de-algodon-poly-ptx","status":"publish","type":"product","link":"https:\/\/csunitec.com\/es\/producto\/anillas-de-algodon-poly-ptx\/","title":{"rendered":"Anillas de algod\u00f3n Poly-PTX"},"content":{"rendered":"<ul>\n<li>Los anillos de algod\u00f3n Poly-PTX est\u00e1n dise\u00f1ados para pulir superficies de acero inoxidable y metales no f\u00e9rreos estrechas, desiguales o de dif\u00edcil acceso, utilizando compuestos de pulido PTX (blanco y azul) y crema de pulir rosa.<\/li>\n<li>Ideal para trabajos de acabado detallado en contornos estrechos, curvas interiores, bordes y geometr\u00edas irregulares. Suelen utilizarse en zonas donde las ruedas o manguitos est\u00e1ndar no pueden llegar con eficacia. <\/li>\n<li>Apoya el pulido de alta calidad en componentes arquitect\u00f3nicos, pasamanos, transiciones de tubos, m\u00e9nsulas y carpinter\u00eda met\u00e1lica decorativa.<\/li>\n<\/ul>\n","protected":false},"excerpt":{"rendered":"<ul>\n<li>Anillos de vell\u00f3n para pulir superficies estrechas o irregulares de acero inoxidable y metales no f\u00e9rreos con compuestos de pulido (blanco y azul) y crema pulidora rosa<\/li>\n<li>Debe utilizarse un anillo de algod\u00f3n Poly-PTX distinto para cada compuesto o crema, a fin de no mezclar diferentes granos de compuesto<\/li>\n<\/ul>\n","protected":false},"featured_media":163920,"template":"","meta":[],"product_brand":[],"product_cat":[1124],"product_tag":[1297,1375],"accessory_type":[927],"application":[1126],"hand_tool_type":[],"industry":[933],"material":[],"power_tool_type":[],"power_type":[],"subcategory":[1125],"tool_type":[943],"class_list":{"0":"post-180320","1":"product","2":"type-product","3":"status-publish","4":"has-post-thumbnail","6":"product_cat-acabado-de-superficies-metalicas","7":"product_tag-accesorios-ptx","8":"product_tag-anillos-de-algodon","9":"accessory_type-accesorio","10":"application-acabado","11":"industry-metalurgia-2","12":"subcategory-sistemas-de-acabado-lineal","13":"tool_type-accesorio","15":"first","16":"instock","17":"shipping-taxable","18":"purchasable","19":"product-type-variable"},"yoast_head":"<!-- This site is optimized with the Yoast SEO plugin v27.5 - https:\/\/yoast.com\/product\/yoast-seo-wordpress\/ -->\n<title>Anillas de algod\u00f3n Poly-PTX - CS Unitec<\/title>\n<meta name=\"description\" content=\"Los Anillos de Algod\u00f3n Poly-PTX est\u00e1n dise\u00f1ados para pulir superficies de acero inoxidable y metales no f\u00e9rreos estrechas, desiguales o de dif\u00edcil acceso.\" \/>\n<meta name=\"robots\" content=\"index, follow, max-snippet:-1, max-image-preview:large, max-video-preview:-1\" \/>\n<link rel=\"canonical\" href=\"https:\/\/csunitec.com\/es\/producto\/anillas-de-algodon-poly-ptx\/\" \/>\n<meta property=\"og:locale\" content=\"es_ES\" \/>\n<meta property=\"og:type\" content=\"article\" \/>\n<meta property=\"og:title\" content=\"Anillas de algod\u00f3n Poly-PTX - CS Unitec\" \/>\n<meta property=\"og:description\" content=\"Los Anillos de Algod\u00f3n Poly-PTX est\u00e1n dise\u00f1ados para pulir superficies de acero inoxidable y metales no f\u00e9rreos estrechas, desiguales o de dif\u00edcil acceso.\" \/>\n<meta property=\"og:url\" content=\"https:\/\/csunitec.com\/es\/producto\/anillas-de-algodon-poly-ptx\/\" \/>\n<meta property=\"og:site_name\" content=\"CS Unitec\" \/>\n<meta property=\"article:modified_time\" content=\"2024-11-20T05:09:00+00:00\" \/>\n<meta property=\"og:image\" content=\"https:\/\/csunitec.com\/wp-content\/uploads\/2025\/04\/Cotton-Rings-1-2-1.png\" \/>\n\t<meta property=\"og:image:width\" content=\"1000\" \/>\n\t<meta property=\"og:image:height\" content=\"1000\" \/>\n\t<meta property=\"og:image:type\" content=\"image\/png\" \/>\n<meta name=\"twitter:card\" content=\"summary_large_image\" \/>\n<script type=\"application\/ld+json\" class=\"yoast-schema-graph\">{\"@context\":\"https:\\\/\\\/schema.org\",\"@graph\":[{\"@type\":\"WebPage\",\"@id\":\"https:\\\/\\\/csunitec.com\\\/es\\\/producto\\\/anillas-de-algodon-poly-ptx\\\/\",\"url\":\"https:\\\/\\\/csunitec.com\\\/es\\\/producto\\\/anillas-de-algodon-poly-ptx\\\/\",\"name\":\"Anillas de algod\u00f3n Poly-PTX - CS Unitec\",\"isPartOf\":{\"@id\":\"https:\\\/\\\/csunitec.com\\\/es\\\/#website\"},\"primaryImageOfPage\":{\"@id\":\"https:\\\/\\\/csunitec.com\\\/es\\\/producto\\\/anillas-de-algodon-poly-ptx\\\/#primaryimage\"},\"image\":{\"@id\":\"https:\\\/\\\/csunitec.com\\\/es\\\/producto\\\/anillas-de-algodon-poly-ptx\\\/#primaryimage\"},\"thumbnailUrl\":\"https:\\\/\\\/csunitec.com\\\/wp-content\\\/uploads\\\/2025\\\/04\\\/Cotton-Rings-1-2-1.png\",\"datePublished\":\"2024-11-20T00:09:00+00:00\",\"dateModified\":\"2024-11-20T05:09:00+00:00\",\"description\":\"Los Anillos de Algod\u00f3n Poly-PTX est\u00e1n dise\u00f1ados para pulir superficies de acero inoxidable y metales no f\u00e9rreos estrechas, desiguales o de dif\u00edcil acceso.\",\"breadcrumb\":{\"@id\":\"https:\\\/\\\/csunitec.com\\\/es\\\/producto\\\/anillas-de-algodon-poly-ptx\\\/#breadcrumb\"},\"inLanguage\":\"es\",\"potentialAction\":[{\"@type\":\"ReadAction\",\"target\":[\"https:\\\/\\\/csunitec.com\\\/es\\\/producto\\\/anillas-de-algodon-poly-ptx\\\/\"]}]},{\"@type\":\"ImageObject\",\"inLanguage\":\"es\",\"@id\":\"https:\\\/\\\/csunitec.com\\\/es\\\/producto\\\/anillas-de-algodon-poly-ptx\\\/#primaryimage\",\"url\":\"https:\\\/\\\/csunitec.com\\\/wp-content\\\/uploads\\\/2025\\\/04\\\/Cotton-Rings-1-2-1.png\",\"contentUrl\":\"https:\\\/\\\/csunitec.com\\\/wp-content\\\/uploads\\\/2025\\\/04\\\/Cotton-Rings-1-2-1.png\",\"width\":1000,\"height\":1000},{\"@type\":\"BreadcrumbList\",\"@id\":\"https:\\\/\\\/csunitec.com\\\/es\\\/producto\\\/anillas-de-algodon-poly-ptx\\\/#breadcrumb\",\"itemListElement\":[{\"@type\":\"ListItem\",\"position\":1,\"name\":\"Inicio\",\"item\":\"https:\\\/\\\/csunitec.com\\\/es\\\/\"},{\"@type\":\"ListItem\",\"position\":2,\"name\":\"Tienda\",\"item\":\"https:\\\/\\\/csunitec.com\\\/es\\\/tienda\\\/\"},{\"@type\":\"ListItem\",\"position\":3,\"name\":\"Anillas de algod\u00f3n Poly-PTX\"}]},{\"@type\":\"WebSite\",\"@id\":\"https:\\\/\\\/csunitec.com\\\/es\\\/#website\",\"url\":\"https:\\\/\\\/csunitec.com\\\/es\\\/\",\"name\":\"CS Unitec\",\"description\":\"\",\"potentialAction\":[{\"@type\":\"SearchAction\",\"target\":{\"@type\":\"EntryPoint\",\"urlTemplate\":\"https:\\\/\\\/csunitec.com\\\/es\\\/?s={search_term_string}\"},\"query-input\":{\"@type\":\"PropertyValueSpecification\",\"valueRequired\":true,\"valueName\":\"search_term_string\"}}],\"inLanguage\":\"es\"}]}<\/script>\n<!-- \/ Yoast SEO plugin. -->","yoast_head_json":{"title":"Anillas de algod\u00f3n Poly-PTX - CS Unitec","description":"Los Anillos de Algod\u00f3n Poly-PTX est\u00e1n dise\u00f1ados para pulir superficies de acero inoxidable y metales no f\u00e9rreos estrechas, desiguales o de dif\u00edcil acceso.","robots":{"index":"index","follow":"follow","max-snippet":"max-snippet:-1","max-image-preview":"max-image-preview:large","max-video-preview":"max-video-preview:-1"},"canonical":"https:\/\/csunitec.com\/es\/producto\/anillas-de-algodon-poly-ptx\/","og_locale":"es_ES","og_type":"article","og_title":"Anillas de algod\u00f3n Poly-PTX - CS Unitec","og_description":"Los Anillos de Algod\u00f3n Poly-PTX est\u00e1n dise\u00f1ados para pulir superficies de acero inoxidable y metales no f\u00e9rreos estrechas, desiguales o de dif\u00edcil acceso.","og_url":"https:\/\/csunitec.com\/es\/producto\/anillas-de-algodon-poly-ptx\/","og_site_name":"CS Unitec","article_modified_time":"2024-11-20T05:09:00+00:00","og_image":[{"width":1000,"height":1000,"url":"https:\/\/csunitec.com\/wp-content\/uploads\/2025\/04\/Cotton-Rings-1-2-1.png","type":"image\/png"}],"twitter_card":"summary_large_image","schema":{"@context":"https:\/\/schema.org","@graph":[{"@type":"WebPage","@id":"https:\/\/csunitec.com\/es\/producto\/anillas-de-algodon-poly-ptx\/","url":"https:\/\/csunitec.com\/es\/producto\/anillas-de-algodon-poly-ptx\/","name":"Anillas de algod\u00f3n Poly-PTX - CS Unitec","isPartOf":{"@id":"https:\/\/csunitec.com\/es\/#website"},"primaryImageOfPage":{"@id":"https:\/\/csunitec.com\/es\/producto\/anillas-de-algodon-poly-ptx\/#primaryimage"},"image":{"@id":"https:\/\/csunitec.com\/es\/producto\/anillas-de-algodon-poly-ptx\/#primaryimage"},"thumbnailUrl":"https:\/\/csunitec.com\/wp-content\/uploads\/2025\/04\/Cotton-Rings-1-2-1.png","datePublished":"2024-11-20T00:09:00+00:00","dateModified":"2024-11-20T05:09:00+00:00","description":"Los Anillos de Algod\u00f3n Poly-PTX est\u00e1n dise\u00f1ados para pulir superficies de acero inoxidable y metales no f\u00e9rreos estrechas, desiguales o de dif\u00edcil acceso.","breadcrumb":{"@id":"https:\/\/csunitec.com\/es\/producto\/anillas-de-algodon-poly-ptx\/#breadcrumb"},"inLanguage":"es","potentialAction":[{"@type":"ReadAction","target":["https:\/\/csunitec.com\/es\/producto\/anillas-de-algodon-poly-ptx\/"]}]},{"@type":"ImageObject","inLanguage":"es","@id":"https:\/\/csunitec.com\/es\/producto\/anillas-de-algodon-poly-ptx\/#primaryimage","url":"https:\/\/csunitec.com\/wp-content\/uploads\/2025\/04\/Cotton-Rings-1-2-1.png","contentUrl":"https:\/\/csunitec.com\/wp-content\/uploads\/2025\/04\/Cotton-Rings-1-2-1.png","width":1000,"height":1000},{"@type":"BreadcrumbList","@id":"https:\/\/csunitec.com\/es\/producto\/anillas-de-algodon-poly-ptx\/#breadcrumb","itemListElement":[{"@type":"ListItem","position":1,"name":"Inicio","item":"https:\/\/csunitec.com\/es\/"},{"@type":"ListItem","position":2,"name":"Tienda","item":"https:\/\/csunitec.com\/es\/tienda\/"},{"@type":"ListItem","position":3,"name":"Anillas de algod\u00f3n Poly-PTX"}]},{"@type":"WebSite","@id":"https:\/\/csunitec.com\/es\/#website","url":"https:\/\/csunitec.com\/es\/","name":"CS Unitec","description":"","potentialAction":[{"@type":"SearchAction","target":{"@type":"EntryPoint","urlTemplate":"https:\/\/csunitec.com\/es\/?s={search_term_string}"},"query-input":{"@type":"PropertyValueSpecification","valueRequired":true,"valueName":"search_term_string"}}],"inLanguage":"es"}]}},"_links":{"self":[{"href":"https:\/\/csunitec.com\/es\/wp-json\/wp\/v2\/product\/180320","targetHints":{"allow":["GET"]}}],"collection":[{"href":"https:\/\/csunitec.com\/es\/wp-json\/wp\/v2\/product"}],"about":[{"href":"https:\/\/csunitec.com\/es\/wp-json\/wp\/v2\/types\/product"}],"wp:featuredmedia":[{"embeddable":true,"href":"https:\/\/csunitec.com\/es\/wp-json\/wp\/v2\/media\/163920"}],"wp:attachment":[{"href":"https:\/\/csunitec.com\/es\/wp-json\/wp\/v2\/media?parent=180320"}],"wp:term":[{"taxonomy":"product_brand","embeddable":true,"href":"https:\/\/csunitec.com\/es\/wp-json\/wp\/v2\/product_brand?post=180320"},{"taxonomy":"product_cat","embeddable":true,"href":"https:\/\/csunitec.com\/es\/wp-json\/wp\/v2\/product_cat?post=180320"},{"taxonomy":"product_tag","embeddable":true,"href":"https:\/\/csunitec.com\/es\/wp-json\/wp\/v2\/product_tag?post=180320"},{"taxonomy":"accessory_type","embeddable":true,"href":"https:\/\/csunitec.com\/es\/wp-json\/wp\/v2\/accessory_type?post=180320"},{"taxonomy":"application","embeddable":true,"href":"https:\/\/csunitec.com\/es\/wp-json\/wp\/v2\/application?post=180320"},{"taxonomy":"hand_tool_type","embeddable":true,"href":"https:\/\/csunitec.com\/es\/wp-json\/wp\/v2\/hand_tool_type?post=180320"},{"taxonomy":"industry","embeddable":true,"href":"https:\/\/csunitec.com\/es\/wp-json\/wp\/v2\/industry?post=180320"},{"taxonomy":"material","embeddable":true,"href":"https:\/\/csunitec.com\/es\/wp-json\/wp\/v2\/material?post=180320"},{"taxonomy":"power_tool_type","embeddable":true,"href":"https:\/\/csunitec.com\/es\/wp-json\/wp\/v2\/power_tool_type?post=180320"},{"taxonomy":"power_type","embeddable":true,"href":"https:\/\/csunitec.com\/es\/wp-json\/wp\/v2\/power_type?post=180320"},{"taxonomy":"subcategory","embeddable":true,"href":"https:\/\/csunitec.com\/es\/wp-json\/wp\/v2\/subcategory?post=180320"},{"taxonomy":"tool_type","embeddable":true,"href":"https:\/\/csunitec.com\/es\/wp-json\/wp\/v2\/tool_type?post=180320"}],"curies":[{"name":"wp","href":"https:\/\/api.w.org\/{rel}","templated":true}]}}