{"id":180329,"date":"2024-11-20T01:17:00","date_gmt":"2024-11-20T01:17:00","guid":{"rendered":"https:\/\/stgcsunitec.wpenginepowered.com\/product\/picadora-multifuncion-gladius\/"},"modified":"2024-11-20T01:17:00","modified_gmt":"2024-11-20T06:17:00","slug":"picadora-multifuncion-gladius","status":"publish","type":"product","link":"https:\/\/csunitec.com\/es\/producto\/picadora-multifuncion-gladius\/","title":{"rendered":"Picadora multifunci\u00f3n Gladius"},"content":{"rendered":"<ul>\n<li>Rectificar, desbarbar, mezclar y pulir metales f\u00e9rricos y no f\u00e9rricos, madera y pl\u00e1stico<\/li>\n<li>Herramienta larga, en forma de espada, accionada por correa, para el acabado de zonas de dif\u00edcil acceso<\/li>\n<li>Control de velocidad infinitamente ajustable de 1000 a 3800 RPM<\/li>\n<li>El tacogenerador proporciona una velocidad constante, incluso bajo carga<\/li>\n<li>Su innovador dise\u00f1o permite utilizar toda la longitud de ambos lados del brazo para lijar, mezclar y pulir con suavidad<\/li>\n<li>El puerto de extracci\u00f3n de polvo integrado reduce las part\u00edculas suspendidas en el aire cuando se conecta a un aspirador industrial<\/li>\n<\/ul>\n","protected":false},"excerpt":{"rendered":"<ul>\n<li>Potencia: 15 Amp<\/li>\n<li>Velocidad: 1000-3800 RPM Variable<\/li>\n<li>Tama\u00f1o del cintur\u00f3n: 30,7&#8243; x 1,5<\/li>\n<li>Rectificar, desbarbar, mezclar y pulir metales f\u00e9rricos y no f\u00e9rricos, madera y pl\u00e1stico<\/li>\n<\/ul>\n","protected":false},"featured_media":164027,"template":"","meta":[],"product_brand":[],"product_cat":[1124],"product_tag":[1380,1376],"accessory_type":[],"application":[1126],"hand_tool_type":[],"industry":[933],"material":[],"power_tool_type":[1374],"power_type":[],"subcategory":[1378],"tool_type":[946],"class_list":{"0":"post-180329","1":"product","2":"type-product","3":"status-publish","4":"has-post-thumbnail","6":"product_cat-acabado-de-superficies-metalicas","7":"product_tag-amoladora-gladius","8":"product_tag-sistemas-de-acabado-de-tuberias","9":"application-acabado","10":"industry-metalurgia-2","11":"power_tool_type-sistema-de-acabado-de-tubos","12":"subcategory-sistemas-de-acabado-de-tuberias","13":"tool_type-herramienta-electrica","15":"first","16":"instock","17":"shipping-taxable","18":"purchasable","19":"product-type-variable"},"yoast_head":"<!-- This site is optimized with the Yoast SEO plugin v27.5 - https:\/\/yoast.com\/product\/yoast-seo-wordpress\/ -->\n<title>Picadora multifunci\u00f3n Gladius - CS Unitec<\/title>\n<meta name=\"robots\" content=\"index, follow, max-snippet:-1, max-image-preview:large, max-video-preview:-1\" \/>\n<link rel=\"canonical\" href=\"https:\/\/csunitec.com\/es\/producto\/picadora-multifuncion-gladius\/\" \/>\n<meta property=\"og:locale\" content=\"es_ES\" \/>\n<meta property=\"og:type\" content=\"article\" \/>\n<meta property=\"og:title\" content=\"Picadora multifunci\u00f3n Gladius - CS Unitec\" \/>\n<meta property=\"og:description\" content=\"Potencia: 15 Amp  Velocidad: 1000-3800 RPM Variable  Tama\u00f1o del cintur\u00f3n: 30,7&quot; x 1,5  Rectificar, desbarbar, mezclar y pulir metales f\u00e9rricos y no f\u00e9rricos, madera y pl\u00e1stico\" \/>\n<meta property=\"og:url\" content=\"https:\/\/csunitec.com\/es\/producto\/picadora-multifuncion-gladius\/\" \/>\n<meta property=\"og:site_name\" content=\"CS Unitec\" \/>\n<meta property=\"article:modified_time\" content=\"2024-11-20T06:17:00+00:00\" \/>\n<meta property=\"og:image\" content=\"https:\/\/csunitec.com\/wp-content\/uploads\/2025\/04\/Gladius-3-1.png\" \/>\n\t<meta property=\"og:image:width\" content=\"1000\" \/>\n\t<meta property=\"og:image:height\" content=\"1000\" \/>\n\t<meta property=\"og:image:type\" content=\"image\/png\" \/>\n<meta name=\"twitter:card\" content=\"summary_large_image\" \/>\n<script type=\"application\/ld+json\" class=\"yoast-schema-graph\">{\"@context\":\"https:\\\/\\\/schema.org\",\"@graph\":[{\"@type\":\"WebPage\",\"@id\":\"https:\\\/\\\/csunitec.com\\\/es\\\/producto\\\/picadora-multifuncion-gladius\\\/\",\"url\":\"https:\\\/\\\/csunitec.com\\\/es\\\/producto\\\/picadora-multifuncion-gladius\\\/\",\"name\":\"Picadora multifunci\u00f3n Gladius - CS Unitec\",\"isPartOf\":{\"@id\":\"https:\\\/\\\/csunitec.com\\\/es\\\/#website\"},\"primaryImageOfPage\":{\"@id\":\"https:\\\/\\\/csunitec.com\\\/es\\\/producto\\\/picadora-multifuncion-gladius\\\/#primaryimage\"},\"image\":{\"@id\":\"https:\\\/\\\/csunitec.com\\\/es\\\/producto\\\/picadora-multifuncion-gladius\\\/#primaryimage\"},\"thumbnailUrl\":\"https:\\\/\\\/csunitec.com\\\/wp-content\\\/uploads\\\/2025\\\/04\\\/Gladius-3-1.png\",\"datePublished\":\"2024-11-20T01:17:00+00:00\",\"dateModified\":\"2024-11-20T06:17:00+00:00\",\"breadcrumb\":{\"@id\":\"https:\\\/\\\/csunitec.com\\\/es\\\/producto\\\/picadora-multifuncion-gladius\\\/#breadcrumb\"},\"inLanguage\":\"es\",\"potentialAction\":[{\"@type\":\"ReadAction\",\"target\":[\"https:\\\/\\\/csunitec.com\\\/es\\\/producto\\\/picadora-multifuncion-gladius\\\/\"]}]},{\"@type\":\"ImageObject\",\"inLanguage\":\"es\",\"@id\":\"https:\\\/\\\/csunitec.com\\\/es\\\/producto\\\/picadora-multifuncion-gladius\\\/#primaryimage\",\"url\":\"https:\\\/\\\/csunitec.com\\\/wp-content\\\/uploads\\\/2025\\\/04\\\/Gladius-3-1.png\",\"contentUrl\":\"https:\\\/\\\/csunitec.com\\\/wp-content\\\/uploads\\\/2025\\\/04\\\/Gladius-3-1.png\",\"width\":1000,\"height\":1000},{\"@type\":\"BreadcrumbList\",\"@id\":\"https:\\\/\\\/csunitec.com\\\/es\\\/producto\\\/picadora-multifuncion-gladius\\\/#breadcrumb\",\"itemListElement\":[{\"@type\":\"ListItem\",\"position\":1,\"name\":\"Inicio\",\"item\":\"https:\\\/\\\/csunitec.com\\\/es\\\/\"},{\"@type\":\"ListItem\",\"position\":2,\"name\":\"Tienda\",\"item\":\"https:\\\/\\\/csunitec.com\\\/es\\\/tienda\\\/\"},{\"@type\":\"ListItem\",\"position\":3,\"name\":\"Picadora multifunci\u00f3n Gladius\"}]},{\"@type\":\"WebSite\",\"@id\":\"https:\\\/\\\/csunitec.com\\\/es\\\/#website\",\"url\":\"https:\\\/\\\/csunitec.com\\\/es\\\/\",\"name\":\"CS Unitec\",\"description\":\"\",\"potentialAction\":[{\"@type\":\"SearchAction\",\"target\":{\"@type\":\"EntryPoint\",\"urlTemplate\":\"https:\\\/\\\/csunitec.com\\\/es\\\/?s={search_term_string}\"},\"query-input\":{\"@type\":\"PropertyValueSpecification\",\"valueRequired\":true,\"valueName\":\"search_term_string\"}}],\"inLanguage\":\"es\"}]}<\/script>\n<!-- \/ Yoast SEO plugin. -->","yoast_head_json":{"title":"Picadora multifunci\u00f3n Gladius - CS Unitec","robots":{"index":"index","follow":"follow","max-snippet":"max-snippet:-1","max-image-preview":"max-image-preview:large","max-video-preview":"max-video-preview:-1"},"canonical":"https:\/\/csunitec.com\/es\/producto\/picadora-multifuncion-gladius\/","og_locale":"es_ES","og_type":"article","og_title":"Picadora multifunci\u00f3n Gladius - CS Unitec","og_description":"Potencia: 15 Amp  Velocidad: 1000-3800 RPM Variable  Tama\u00f1o del cintur\u00f3n: 30,7\" x 1,5  Rectificar, desbarbar, mezclar y pulir metales f\u00e9rricos y no f\u00e9rricos, madera y pl\u00e1stico","og_url":"https:\/\/csunitec.com\/es\/producto\/picadora-multifuncion-gladius\/","og_site_name":"CS Unitec","article_modified_time":"2024-11-20T06:17:00+00:00","og_image":[{"width":1000,"height":1000,"url":"https:\/\/csunitec.com\/wp-content\/uploads\/2025\/04\/Gladius-3-1.png","type":"image\/png"}],"twitter_card":"summary_large_image","schema":{"@context":"https:\/\/schema.org","@graph":[{"@type":"WebPage","@id":"https:\/\/csunitec.com\/es\/producto\/picadora-multifuncion-gladius\/","url":"https:\/\/csunitec.com\/es\/producto\/picadora-multifuncion-gladius\/","name":"Picadora multifunci\u00f3n Gladius - CS Unitec","isPartOf":{"@id":"https:\/\/csunitec.com\/es\/#website"},"primaryImageOfPage":{"@id":"https:\/\/csunitec.com\/es\/producto\/picadora-multifuncion-gladius\/#primaryimage"},"image":{"@id":"https:\/\/csunitec.com\/es\/producto\/picadora-multifuncion-gladius\/#primaryimage"},"thumbnailUrl":"https:\/\/csunitec.com\/wp-content\/uploads\/2025\/04\/Gladius-3-1.png","datePublished":"2024-11-20T01:17:00+00:00","dateModified":"2024-11-20T06:17:00+00:00","breadcrumb":{"@id":"https:\/\/csunitec.com\/es\/producto\/picadora-multifuncion-gladius\/#breadcrumb"},"inLanguage":"es","potentialAction":[{"@type":"ReadAction","target":["https:\/\/csunitec.com\/es\/producto\/picadora-multifuncion-gladius\/"]}]},{"@type":"ImageObject","inLanguage":"es","@id":"https:\/\/csunitec.com\/es\/producto\/picadora-multifuncion-gladius\/#primaryimage","url":"https:\/\/csunitec.com\/wp-content\/uploads\/2025\/04\/Gladius-3-1.png","contentUrl":"https:\/\/csunitec.com\/wp-content\/uploads\/2025\/04\/Gladius-3-1.png","width":1000,"height":1000},{"@type":"BreadcrumbList","@id":"https:\/\/csunitec.com\/es\/producto\/picadora-multifuncion-gladius\/#breadcrumb","itemListElement":[{"@type":"ListItem","position":1,"name":"Inicio","item":"https:\/\/csunitec.com\/es\/"},{"@type":"ListItem","position":2,"name":"Tienda","item":"https:\/\/csunitec.com\/es\/tienda\/"},{"@type":"ListItem","position":3,"name":"Picadora multifunci\u00f3n Gladius"}]},{"@type":"WebSite","@id":"https:\/\/csunitec.com\/es\/#website","url":"https:\/\/csunitec.com\/es\/","name":"CS Unitec","description":"","potentialAction":[{"@type":"SearchAction","target":{"@type":"EntryPoint","urlTemplate":"https:\/\/csunitec.com\/es\/?s={search_term_string}"},"query-input":{"@type":"PropertyValueSpecification","valueRequired":true,"valueName":"search_term_string"}}],"inLanguage":"es"}]}},"_links":{"self":[{"href":"https:\/\/csunitec.com\/es\/wp-json\/wp\/v2\/product\/180329","targetHints":{"allow":["GET"]}}],"collection":[{"href":"https:\/\/csunitec.com\/es\/wp-json\/wp\/v2\/product"}],"about":[{"href":"https:\/\/csunitec.com\/es\/wp-json\/wp\/v2\/types\/product"}],"wp:featuredmedia":[{"embeddable":true,"href":"https:\/\/csunitec.com\/es\/wp-json\/wp\/v2\/media\/164027"}],"wp:attachment":[{"href":"https:\/\/csunitec.com\/es\/wp-json\/wp\/v2\/media?parent=180329"}],"wp:term":[{"taxonomy":"product_brand","embeddable":true,"href":"https:\/\/csunitec.com\/es\/wp-json\/wp\/v2\/product_brand?post=180329"},{"taxonomy":"product_cat","embeddable":true,"href":"https:\/\/csunitec.com\/es\/wp-json\/wp\/v2\/product_cat?post=180329"},{"taxonomy":"product_tag","embeddable":true,"href":"https:\/\/csunitec.com\/es\/wp-json\/wp\/v2\/product_tag?post=180329"},{"taxonomy":"accessory_type","embeddable":true,"href":"https:\/\/csunitec.com\/es\/wp-json\/wp\/v2\/accessory_type?post=180329"},{"taxonomy":"application","embeddable":true,"href":"https:\/\/csunitec.com\/es\/wp-json\/wp\/v2\/application?post=180329"},{"taxonomy":"hand_tool_type","embeddable":true,"href":"https:\/\/csunitec.com\/es\/wp-json\/wp\/v2\/hand_tool_type?post=180329"},{"taxonomy":"industry","embeddable":true,"href":"https:\/\/csunitec.com\/es\/wp-json\/wp\/v2\/industry?post=180329"},{"taxonomy":"material","embeddable":true,"href":"https:\/\/csunitec.com\/es\/wp-json\/wp\/v2\/material?post=180329"},{"taxonomy":"power_tool_type","embeddable":true,"href":"https:\/\/csunitec.com\/es\/wp-json\/wp\/v2\/power_tool_type?post=180329"},{"taxonomy":"power_type","embeddable":true,"href":"https:\/\/csunitec.com\/es\/wp-json\/wp\/v2\/power_type?post=180329"},{"taxonomy":"subcategory","embeddable":true,"href":"https:\/\/csunitec.com\/es\/wp-json\/wp\/v2\/subcategory?post=180329"},{"taxonomy":"tool_type","embeddable":true,"href":"https:\/\/csunitec.com\/es\/wp-json\/wp\/v2\/tool_type?post=180329"}],"curies":[{"name":"wp","href":"https:\/\/api.w.org\/{rel}","templated":true}]}}