{"id":180355,"date":"2024-11-20T00:53:00","date_gmt":"2024-11-20T00:53:00","guid":{"rendered":"https:\/\/stgcsunitec.wpenginepowered.com\/product\/esmeriladora-electrica-de-banda-para-tubos-pipe-max\/"},"modified":"2024-11-20T00:53:00","modified_gmt":"2024-11-20T05:53:00","slug":"esmeriladora-electrica-de-banda-para-tubos-pipe-max","status":"publish","type":"product","link":"https:\/\/csunitec.com\/es\/producto\/esmeriladora-electrica-de-banda-para-tubos-pipe-max\/","title":{"rendered":"Esmeriladora el\u00e9ctrica de banda para tubos &#8211; PIPE-MAX"},"content":{"rendered":"<ul>\n<li>La amoladora el\u00e9ctrica de banda para tubos combina las capacidades de una amoladora y una lijadora de banda para tubos. Dise\u00f1ada para lijar, amolar, mezclar y pulir acero inoxidable, aluminio y otros metales de alta calidad. <\/li>\n<li>Ideal para procesar tubos y pasamanos de di\u00e1metros peque\u00f1os hasta 14&#8243;, lo que la hace adecuada para carpinter\u00eda met\u00e1lica arquitect\u00f3nica, talleres de fabricaci\u00f3n e instalaciones industriales.<\/li>\n<li>La esmeriladora el\u00e9ctrica de cinta para tubos esmerila cordones de soldadura en superficies planas en l\u00ednea recta, utilizando el rodillo de contacto delantero de goma dura, sin dejar bordes, ondas ni distorsiones.<\/li>\n<li>Para el acabado de tubos y pasamanos, la banda lijadora flexible envuelve el tubo y sigue todos sus contornos, permitiendo a los operarios pulir toda la circunferencia en pocas pasadas.<\/li>\n<li>El rodillo de amolar PUR blando permite un c\u00f3modo amolado longitudinal en superficies planas, por lo que es ideal para eliminar puntos de soldadura, nivelar transiciones y eliminar ara\u00f1azos profundos.<\/li>\n<li>Combinando las capacidades de una amoladora y una lijadora de banda para tubos, la PIPE-MAX elimina la necesidad de utilizar varias herramientas y agiliza las operaciones de acabado del metal.<\/li>\n<\/ul>\n","protected":false},"excerpt":{"rendered":"<ul>\n<li>Ideal para acero inoxidable y otros metales<\/li>\n<li>Rectificar \/ Pulir Tubos de hasta 14&#8243;.<\/li>\n<li>Potencia: 15 Amp<\/li>\n<li>Velocidad variable<\/li>\n<li>Se adapta a los contornos de la tuber\u00eda<\/li>\n<\/ul>\n","protected":false},"featured_media":163989,"template":"","meta":[],"product_brand":[],"product_cat":[1124],"product_tag":[1376,1386],"accessory_type":[],"application":[1126],"hand_tool_type":[],"industry":[933],"material":[],"power_tool_type":[1374],"power_type":[],"subcategory":[1378],"tool_type":[946],"class_list":{"0":"post-180355","1":"product","2":"type-product","3":"status-publish","4":"has-post-thumbnail","6":"product_cat-acabado-de-superficies-metalicas","7":"product_tag-sistemas-de-acabado-de-tuberias","8":"product_tag-tubo-max","9":"application-acabado","10":"industry-metalurgia-2","11":"power_tool_type-sistema-de-acabado-de-tubos","12":"subcategory-sistemas-de-acabado-de-tuberias","13":"tool_type-herramienta-electrica","15":"first","16":"instock","17":"shipping-taxable","18":"purchasable","19":"product-type-simple"},"yoast_head":"<!-- This site is optimized with the Yoast SEO plugin v27.5 - https:\/\/yoast.com\/product\/yoast-seo-wordpress\/ -->\n<title>Esmeriladora el\u00e9ctrica de banda para tubos - PIPE-MAX - CS Unitec<\/title>\n<meta name=\"description\" content=\"Lijadora el\u00e9ctrica de banda para tubos dise\u00f1ada para lijar, desbastar, mezclar y pulir acero inoxidable, aluminio y otros metales de alta calidad.\" \/>\n<meta name=\"robots\" content=\"index, follow, max-snippet:-1, max-image-preview:large, max-video-preview:-1\" \/>\n<link rel=\"canonical\" href=\"https:\/\/csunitec.com\/es\/producto\/esmeriladora-electrica-de-banda-para-tubos-pipe-max\/\" \/>\n<meta property=\"og:locale\" content=\"es_ES\" \/>\n<meta property=\"og:type\" content=\"article\" \/>\n<meta property=\"og:title\" content=\"Esmeriladora el\u00e9ctrica de banda para tubos - PIPE-MAX - CS Unitec\" \/>\n<meta property=\"og:description\" content=\"Lijadora el\u00e9ctrica de banda para tubos dise\u00f1ada para lijar, desbastar, mezclar y pulir acero inoxidable, aluminio y otros metales de alta calidad.\" \/>\n<meta property=\"og:url\" content=\"https:\/\/csunitec.com\/es\/producto\/esmeriladora-electrica-de-banda-para-tubos-pipe-max\/\" \/>\n<meta property=\"og:site_name\" content=\"CS Unitec\" \/>\n<meta property=\"article:modified_time\" content=\"2024-11-20T05:53:00+00:00\" \/>\n<meta property=\"og:image\" content=\"https:\/\/csunitec.com\/wp-content\/uploads\/2025\/04\/PIPE-MAX-1-2-1.png\" \/>\n\t<meta property=\"og:image:width\" content=\"1000\" \/>\n\t<meta property=\"og:image:height\" content=\"1000\" \/>\n\t<meta property=\"og:image:type\" content=\"image\/png\" \/>\n<meta name=\"twitter:card\" content=\"summary_large_image\" \/>\n<meta name=\"twitter:label1\" content=\"Tiempo de lectura\" \/>\n\t<meta name=\"twitter:data1\" content=\"1 minuto\" \/>\n<script type=\"application\/ld+json\" class=\"yoast-schema-graph\">{\"@context\":\"https:\\\/\\\/schema.org\",\"@graph\":[{\"@type\":\"WebPage\",\"@id\":\"https:\\\/\\\/csunitec.com\\\/es\\\/producto\\\/esmeriladora-electrica-de-banda-para-tubos-pipe-max\\\/\",\"url\":\"https:\\\/\\\/csunitec.com\\\/es\\\/producto\\\/esmeriladora-electrica-de-banda-para-tubos-pipe-max\\\/\",\"name\":\"Esmeriladora el\u00e9ctrica de banda para tubos - PIPE-MAX - CS Unitec\",\"isPartOf\":{\"@id\":\"https:\\\/\\\/csunitec.com\\\/es\\\/#website\"},\"primaryImageOfPage\":{\"@id\":\"https:\\\/\\\/csunitec.com\\\/es\\\/producto\\\/esmeriladora-electrica-de-banda-para-tubos-pipe-max\\\/#primaryimage\"},\"image\":{\"@id\":\"https:\\\/\\\/csunitec.com\\\/es\\\/producto\\\/esmeriladora-electrica-de-banda-para-tubos-pipe-max\\\/#primaryimage\"},\"thumbnailUrl\":\"https:\\\/\\\/csunitec.com\\\/wp-content\\\/uploads\\\/2025\\\/04\\\/PIPE-MAX-1-2-1.png\",\"datePublished\":\"2024-11-20T00:53:00+00:00\",\"dateModified\":\"2024-11-20T05:53:00+00:00\",\"description\":\"Lijadora el\u00e9ctrica de banda para tubos dise\u00f1ada para lijar, desbastar, mezclar y pulir acero inoxidable, aluminio y otros metales de alta calidad.\",\"breadcrumb\":{\"@id\":\"https:\\\/\\\/csunitec.com\\\/es\\\/producto\\\/esmeriladora-electrica-de-banda-para-tubos-pipe-max\\\/#breadcrumb\"},\"inLanguage\":\"es\",\"potentialAction\":[{\"@type\":\"ReadAction\",\"target\":[\"https:\\\/\\\/csunitec.com\\\/es\\\/producto\\\/esmeriladora-electrica-de-banda-para-tubos-pipe-max\\\/\"]}]},{\"@type\":\"ImageObject\",\"inLanguage\":\"es\",\"@id\":\"https:\\\/\\\/csunitec.com\\\/es\\\/producto\\\/esmeriladora-electrica-de-banda-para-tubos-pipe-max\\\/#primaryimage\",\"url\":\"https:\\\/\\\/csunitec.com\\\/wp-content\\\/uploads\\\/2025\\\/04\\\/PIPE-MAX-1-2-1.png\",\"contentUrl\":\"https:\\\/\\\/csunitec.com\\\/wp-content\\\/uploads\\\/2025\\\/04\\\/PIPE-MAX-1-2-1.png\",\"width\":1000,\"height\":1000},{\"@type\":\"BreadcrumbList\",\"@id\":\"https:\\\/\\\/csunitec.com\\\/es\\\/producto\\\/esmeriladora-electrica-de-banda-para-tubos-pipe-max\\\/#breadcrumb\",\"itemListElement\":[{\"@type\":\"ListItem\",\"position\":1,\"name\":\"Inicio\",\"item\":\"https:\\\/\\\/csunitec.com\\\/es\\\/\"},{\"@type\":\"ListItem\",\"position\":2,\"name\":\"Tienda\",\"item\":\"https:\\\/\\\/csunitec.com\\\/es\\\/tienda\\\/\"},{\"@type\":\"ListItem\",\"position\":3,\"name\":\"Esmeriladora el\u00e9ctrica de banda para tubos &#8211; PIPE-MAX\"}]},{\"@type\":\"WebSite\",\"@id\":\"https:\\\/\\\/csunitec.com\\\/es\\\/#website\",\"url\":\"https:\\\/\\\/csunitec.com\\\/es\\\/\",\"name\":\"CS Unitec\",\"description\":\"\",\"potentialAction\":[{\"@type\":\"SearchAction\",\"target\":{\"@type\":\"EntryPoint\",\"urlTemplate\":\"https:\\\/\\\/csunitec.com\\\/es\\\/?s={search_term_string}\"},\"query-input\":{\"@type\":\"PropertyValueSpecification\",\"valueRequired\":true,\"valueName\":\"search_term_string\"}}],\"inLanguage\":\"es\"}]}<\/script>\n<!-- \/ Yoast SEO plugin. -->","yoast_head_json":{"title":"Esmeriladora el\u00e9ctrica de banda para tubos - PIPE-MAX - CS Unitec","description":"Lijadora el\u00e9ctrica de banda para tubos dise\u00f1ada para lijar, desbastar, mezclar y pulir acero inoxidable, aluminio y otros metales de alta calidad.","robots":{"index":"index","follow":"follow","max-snippet":"max-snippet:-1","max-image-preview":"max-image-preview:large","max-video-preview":"max-video-preview:-1"},"canonical":"https:\/\/csunitec.com\/es\/producto\/esmeriladora-electrica-de-banda-para-tubos-pipe-max\/","og_locale":"es_ES","og_type":"article","og_title":"Esmeriladora el\u00e9ctrica de banda para tubos - PIPE-MAX - CS Unitec","og_description":"Lijadora el\u00e9ctrica de banda para tubos dise\u00f1ada para lijar, desbastar, mezclar y pulir acero inoxidable, aluminio y otros metales de alta calidad.","og_url":"https:\/\/csunitec.com\/es\/producto\/esmeriladora-electrica-de-banda-para-tubos-pipe-max\/","og_site_name":"CS Unitec","article_modified_time":"2024-11-20T05:53:00+00:00","og_image":[{"width":1000,"height":1000,"url":"https:\/\/csunitec.com\/wp-content\/uploads\/2025\/04\/PIPE-MAX-1-2-1.png","type":"image\/png"}],"twitter_card":"summary_large_image","twitter_misc":{"Tiempo de lectura":"1 minuto"},"schema":{"@context":"https:\/\/schema.org","@graph":[{"@type":"WebPage","@id":"https:\/\/csunitec.com\/es\/producto\/esmeriladora-electrica-de-banda-para-tubos-pipe-max\/","url":"https:\/\/csunitec.com\/es\/producto\/esmeriladora-electrica-de-banda-para-tubos-pipe-max\/","name":"Esmeriladora el\u00e9ctrica de banda para tubos - PIPE-MAX - CS Unitec","isPartOf":{"@id":"https:\/\/csunitec.com\/es\/#website"},"primaryImageOfPage":{"@id":"https:\/\/csunitec.com\/es\/producto\/esmeriladora-electrica-de-banda-para-tubos-pipe-max\/#primaryimage"},"image":{"@id":"https:\/\/csunitec.com\/es\/producto\/esmeriladora-electrica-de-banda-para-tubos-pipe-max\/#primaryimage"},"thumbnailUrl":"https:\/\/csunitec.com\/wp-content\/uploads\/2025\/04\/PIPE-MAX-1-2-1.png","datePublished":"2024-11-20T00:53:00+00:00","dateModified":"2024-11-20T05:53:00+00:00","description":"Lijadora el\u00e9ctrica de banda para tubos dise\u00f1ada para lijar, desbastar, mezclar y pulir acero inoxidable, aluminio y otros metales de alta calidad.","breadcrumb":{"@id":"https:\/\/csunitec.com\/es\/producto\/esmeriladora-electrica-de-banda-para-tubos-pipe-max\/#breadcrumb"},"inLanguage":"es","potentialAction":[{"@type":"ReadAction","target":["https:\/\/csunitec.com\/es\/producto\/esmeriladora-electrica-de-banda-para-tubos-pipe-max\/"]}]},{"@type":"ImageObject","inLanguage":"es","@id":"https:\/\/csunitec.com\/es\/producto\/esmeriladora-electrica-de-banda-para-tubos-pipe-max\/#primaryimage","url":"https:\/\/csunitec.com\/wp-content\/uploads\/2025\/04\/PIPE-MAX-1-2-1.png","contentUrl":"https:\/\/csunitec.com\/wp-content\/uploads\/2025\/04\/PIPE-MAX-1-2-1.png","width":1000,"height":1000},{"@type":"BreadcrumbList","@id":"https:\/\/csunitec.com\/es\/producto\/esmeriladora-electrica-de-banda-para-tubos-pipe-max\/#breadcrumb","itemListElement":[{"@type":"ListItem","position":1,"name":"Inicio","item":"https:\/\/csunitec.com\/es\/"},{"@type":"ListItem","position":2,"name":"Tienda","item":"https:\/\/csunitec.com\/es\/tienda\/"},{"@type":"ListItem","position":3,"name":"Esmeriladora el\u00e9ctrica de banda para tubos &#8211; PIPE-MAX"}]},{"@type":"WebSite","@id":"https:\/\/csunitec.com\/es\/#website","url":"https:\/\/csunitec.com\/es\/","name":"CS Unitec","description":"","potentialAction":[{"@type":"SearchAction","target":{"@type":"EntryPoint","urlTemplate":"https:\/\/csunitec.com\/es\/?s={search_term_string}"},"query-input":{"@type":"PropertyValueSpecification","valueRequired":true,"valueName":"search_term_string"}}],"inLanguage":"es"}]}},"_links":{"self":[{"href":"https:\/\/csunitec.com\/es\/wp-json\/wp\/v2\/product\/180355","targetHints":{"allow":["GET"]}}],"collection":[{"href":"https:\/\/csunitec.com\/es\/wp-json\/wp\/v2\/product"}],"about":[{"href":"https:\/\/csunitec.com\/es\/wp-json\/wp\/v2\/types\/product"}],"wp:featuredmedia":[{"embeddable":true,"href":"https:\/\/csunitec.com\/es\/wp-json\/wp\/v2\/media\/163989"}],"wp:attachment":[{"href":"https:\/\/csunitec.com\/es\/wp-json\/wp\/v2\/media?parent=180355"}],"wp:term":[{"taxonomy":"product_brand","embeddable":true,"href":"https:\/\/csunitec.com\/es\/wp-json\/wp\/v2\/product_brand?post=180355"},{"taxonomy":"product_cat","embeddable":true,"href":"https:\/\/csunitec.com\/es\/wp-json\/wp\/v2\/product_cat?post=180355"},{"taxonomy":"product_tag","embeddable":true,"href":"https:\/\/csunitec.com\/es\/wp-json\/wp\/v2\/product_tag?post=180355"},{"taxonomy":"accessory_type","embeddable":true,"href":"https:\/\/csunitec.com\/es\/wp-json\/wp\/v2\/accessory_type?post=180355"},{"taxonomy":"application","embeddable":true,"href":"https:\/\/csunitec.com\/es\/wp-json\/wp\/v2\/application?post=180355"},{"taxonomy":"hand_tool_type","embeddable":true,"href":"https:\/\/csunitec.com\/es\/wp-json\/wp\/v2\/hand_tool_type?post=180355"},{"taxonomy":"industry","embeddable":true,"href":"https:\/\/csunitec.com\/es\/wp-json\/wp\/v2\/industry?post=180355"},{"taxonomy":"material","embeddable":true,"href":"https:\/\/csunitec.com\/es\/wp-json\/wp\/v2\/material?post=180355"},{"taxonomy":"power_tool_type","embeddable":true,"href":"https:\/\/csunitec.com\/es\/wp-json\/wp\/v2\/power_tool_type?post=180355"},{"taxonomy":"power_type","embeddable":true,"href":"https:\/\/csunitec.com\/es\/wp-json\/wp\/v2\/power_type?post=180355"},{"taxonomy":"subcategory","embeddable":true,"href":"https:\/\/csunitec.com\/es\/wp-json\/wp\/v2\/subcategory?post=180355"},{"taxonomy":"tool_type","embeddable":true,"href":"https:\/\/csunitec.com\/es\/wp-json\/wp\/v2\/tool_type?post=180355"}],"curies":[{"name":"wp","href":"https:\/\/api.w.org\/{rel}","templated":true}]}}